{"id":1020,"date":"2022-09-28T10:00:19","date_gmt":"2022-09-28T08:00:19","guid":{"rendered":"https:\/\/cozyanddozy.com\/pl\/product\/teepee-tent-basic-black-set-of-8-pcs\/"},"modified":"2025-01-29T18:18:19","modified_gmt":"2025-01-29T17:18:19","slug":"namiot-tipi-basic-black-zestaw-8-el","status":"publish","type":"product","link":"https:\/\/cozyanddozy.com\/pl\/produkt\/namiot-tipi-basic-black-zestaw-8-el\/","title":{"rendered":"Namiot tipi Basic Black, zestaw 8 el."},"content":{"rendered":"<p><img decoding=\"async\" class=\"alignright\" src=\"https:\/\/cozyanddozy.com\/pl\/wp-content\/uploads\/2023\/02\/basic-black-pillows.jpg\" alt=\"\" width=\"600\" \/><\/p>\n<h3>Du\u017cy zestaw do zabawy od Cozy &amp; Dozy, Tipi BASIC BLACK, komplet 8 element\u00f3w.<\/h3>\n<p>Mn\u00f3stwo frajdy, element\u00f3w do zabawy i dekoracji pokoju dziecka.<\/p>\n<p>Stabilny namiot tipi w zestawie z mi\u0119kk\u0105 mat\u0105, dwiema poduszkami, girland\u0105 i du\u017cym koszem na zabawki. Ka\u017cdy namiot posiada 4 sk\u0142adane kije oraz stabilizator, dzi\u0119ki kt\u00f3remu zabawa jest bezpieczna, a namiot dobrze wygl\u0105da, nie zapada si\u0119 i ma du\u017co miejsca do zabawy.<\/p>\n<p>Namioty szyjemy z grubych tkanin, odpornych na cz\u0119ste pranie i przetarcia.<\/p>\n<p>Wszystkie elementy z tkaniny mo\u017cna pra\u0107 w pralce &#8211; 40 stopni.<\/p>\n<p><strong>Tkaniny, kt\u00f3rych u\u017cywamy posiadaj\u0105 atesty bezpiecze\u0144stwa dla dzieci. Ka\u017cda kolekcja jest zaprojektowana przez Cozy&amp;Dozy i uszyta w naszej pracowni w Polsce.<\/strong><\/p>\n<p>W zestawie Basic Black tipi od Cozy &amp; Dozy s\u0105:<\/p>\n<ul>\n<li>namiot tipi z okienkiem<\/li>\n<li>mi\u0119kka mata<\/li>\n<li>dekoracyjna girlanda 170 cm<\/li>\n<li>du\u017cy kosz na zabawki, \u015bci\u0105gany sznurkiem<\/li>\n<li>dwie poduszki gwiazdki &#8211; 40&#215;40 cm<\/li>\n<li>sk\u0142adane kije wraz z instrukcj\u0105 monta\u017cu<\/li>\n<li style=\"text-align: left;\">stabilizator<\/li>\n<\/ul>\n<p><b>Sk\u0142ad:<\/b><\/p>\n<ul>\n<li>100% bawe\u0142na, Posiada certyfikat\u00a0oraz atest CE<\/li>\n<li>Wype\u0142nienie maty i poduszek: 100% hipoalergiczna pianka silikonowa<\/li>\n<\/ul>\n<p><b>Wymiary:<\/b><\/p>\n<ul>\n<li>Wysoko\u015b\u0107 (z kijkami) po roz\u0142o\u017ceniu: 150 cm<\/li>\n<li>Wysoko\u015b\u0107 (z kijkami) po z\u0142o\u017ceniu: 170 cm<\/li>\n<li>Powierzchnia pod\u0142ogi: ok. 110\u00d7110 cm<\/li>\n<\/ul>\n<p>Namiot jest przeznaczony dla 2-3 dzieci. Tipi \u0142atwo si\u0119 sk\u0142ada i nie zajmuje wiele miejsca.<\/p>\n<h3>Spos\u00f3b piel\u0119gnacji:<\/h3>\n<p>Pra\u0107 w temperaturze 40\u00b0 \u2013 program delikatne<\/p>\n<p>Prasowa\u0107 w niskiej temperaturze<\/p>\n<p>Nie suszy\u0107 w suszarce<\/p>\n<p>Nie czy\u015bci\u0107 chemicznie<\/p>\n<p>Nie chlorowa\u0107<\/p>\n<p><strong>UWAGA:<\/strong> Nie prasowa\u0107 pompon\u00f3w i chwost\u00f3w \u2013 mog\u0105 si\u0119 stopi\u0107!<\/p>\n","protected":false},"excerpt":{"rendered":"<p>Du\u017cy zestaw tipi do zabawy, z poduszkami i koszem na zabawki. Zestaw Basic Black 8 el. do zabawy o dekoracji pokoju dziecka.<\/p>\n","protected":false},"featured_media":1022,"comment_status":"open","ping_status":"closed","template":"","meta":[],"product_brand":[],"product_cat":[16],"product_tag":[24],"class_list":{"0":"post-1020","1":"product","2":"type-product","3":"status-publish","4":"has-post-thumbnail","6":"product_cat-namioty-tipi","7":"product_tag-pla","9":"first","10":"instock","11":"sale","12":"product-type-simple"},"yoast_head":"<!-- This site is optimized with the Yoast SEO Premium plugin v21.9 (Yoast SEO v27.0) - https:\/\/yoast.com\/product\/yoast-seo-premium-wordpress\/ -->\n<title>Namiot tipi Basic Black, zestaw 8 el. - Cozy &amp; Dozy<\/title>\n<meta name=\"description\" content=\"Du\u017cy zestaw tipi do zabawy, z poduszkami i koszem na zabawki. Zestaw Basic Black 8 el. do zabawy o dekoracji pokoju dziecka.\" \/>\n<meta name=\"robots\" content=\"index, follow, max-snippet:-1, max-image-preview:large, max-video-preview:-1\" \/>\n<link rel=\"canonical\" href=\"https:\/\/cozyanddozy.com\/pl\/produkt\/namiot-tipi-basic-black-zestaw-8-el\/\" \/>\n<meta property=\"og:locale\" content=\"pl_PL\" \/>\n<meta property=\"og:type\" content=\"article\" \/>\n<meta property=\"og:title\" content=\"Namiot tipi Basic Black, zestaw 8 el.\" \/>\n<meta property=\"og:description\" content=\"Du\u017cy zestaw tipi do zabawy, z poduszkami i koszem na zabawki. Zestaw Basic Black 8 el. do zabawy o dekoracji pokoju dziecka.\" \/>\n<meta property=\"og:url\" content=\"https:\/\/cozyanddozy.com\/pl\/produkt\/namiot-tipi-basic-black-zestaw-8-el\/\" \/>\n<meta property=\"og:site_name\" content=\"Cozy &amp; Dozy\" \/>\n<meta property=\"article:modified_time\" content=\"2025-01-29T17:18:19+00:00\" \/>\n<meta property=\"og:image\" content=\"https:\/\/cozyanddozy.com\/pl\/wp-content\/uploads\/2023\/02\/tipi-set-basic-black-7-el.jpg\" \/>\n\t<meta property=\"og:image:width\" content=\"1200\" \/>\n\t<meta property=\"og:image:height\" content=\"1200\" \/>\n\t<meta property=\"og:image:type\" content=\"image\/jpeg\" \/>\n<meta name=\"twitter:card\" content=\"summary_large_image\" \/>\n<meta name=\"twitter:label1\" content=\"Cena\" \/>\n\t<meta name=\"twitter:data1\" content=\"519,00&nbsp;&#122;&#322;\" \/>\n\t<meta name=\"twitter:label2\" content=\"Dost\u0119pno\u015b\u0107\" \/>\n\t<meta name=\"twitter:data2\" content=\"Dost\u0119pny\" \/>\n<script type=\"application\/ld+json\" class=\"yoast-schema-graph\">{\"@context\":\"https:\/\/schema.org\",\"@graph\":[{\"@type\":\"WebPage\",\"@id\":\"https:\/\/cozyanddozy.com\/pl\/produkt\/namiot-tipi-basic-black-zestaw-8-el\/\",\"url\":\"https:\/\/cozyanddozy.com\/pl\/produkt\/namiot-tipi-basic-black-zestaw-8-el\/\",\"name\":\"Namiot tipi Basic Black, zestaw 8 el. - Cozy & Dozy\",\"isPartOf\":{\"@id\":\"https:\/\/cozyanddozy.com\/pl\/#website\"},\"primaryImageOfPage\":{\"@id\":\"https:\/\/cozyanddozy.com\/pl\/produkt\/namiot-tipi-basic-black-zestaw-8-el\/#primaryimage\"},\"image\":{\"@id\":\"https:\/\/cozyanddozy.com\/pl\/produkt\/namiot-tipi-basic-black-zestaw-8-el\/#primaryimage\"},\"thumbnailUrl\":\"https:\/\/cozyanddozy.com\/pl\/wp-content\/uploads\/2023\/02\/tipi-set-basic-black-7-el.jpg\",\"datePublished\":\"2022-09-28T08:00:19+00:00\",\"dateModified\":\"2025-01-29T17:18:19+00:00\",\"description\":\"Du\u017cy zestaw tipi do zabawy, z poduszkami i koszem na zabawki. Zestaw Basic Black 8 el. do zabawy o dekoracji pokoju dziecka.\",\"breadcrumb\":{\"@id\":\"https:\/\/cozyanddozy.com\/pl\/produkt\/namiot-tipi-basic-black-zestaw-8-el\/#breadcrumb\"},\"inLanguage\":\"pl-PL\",\"potentialAction\":[{\"@type\":\"ReadAction\",\"target\":[\"https:\/\/cozyanddozy.com\/pl\/produkt\/namiot-tipi-basic-black-zestaw-8-el\/\"]}]},{\"@type\":\"ImageObject\",\"inLanguage\":\"pl-PL\",\"@id\":\"https:\/\/cozyanddozy.com\/pl\/produkt\/namiot-tipi-basic-black-zestaw-8-el\/#primaryimage\",\"url\":\"https:\/\/cozyanddozy.com\/pl\/wp-content\/uploads\/2023\/02\/tipi-set-basic-black-7-el.jpg\",\"contentUrl\":\"https:\/\/cozyanddozy.com\/pl\/wp-content\/uploads\/2023\/02\/tipi-set-basic-black-7-el.jpg\",\"width\":1200,\"height\":1200},{\"@type\":\"BreadcrumbList\",\"@id\":\"https:\/\/cozyanddozy.com\/pl\/produkt\/namiot-tipi-basic-black-zestaw-8-el\/#breadcrumb\",\"itemListElement\":[{\"@type\":\"ListItem\",\"position\":1,\"name\":\"Home\",\"item\":\"https:\/\/cozyanddozy.com\/pl\/\"},{\"@type\":\"ListItem\",\"position\":2,\"name\":\"Sklep\",\"item\":\"https:\/\/cozyanddozy.com\/pl\/sklep\/\"},{\"@type\":\"ListItem\",\"position\":3,\"name\":\"Namiot tipi Basic Black, zestaw 8 el.\"}]},{\"@type\":\"WebSite\",\"@id\":\"https:\/\/cozyanddozy.com\/pl\/#website\",\"url\":\"https:\/\/cozyanddozy.com\/pl\/\",\"name\":\"Cozy & Dozy\",\"description\":\"\",\"potentialAction\":[{\"@type\":\"SearchAction\",\"target\":{\"@type\":\"EntryPoint\",\"urlTemplate\":\"https:\/\/cozyanddozy.com\/pl\/?s={search_term_string}\"},\"query-input\":{\"@type\":\"PropertyValueSpecification\",\"valueRequired\":true,\"valueName\":\"search_term_string\"}}],\"inLanguage\":\"pl-PL\"}]}<\/script>\n<meta property=\"product:price:amount\" content=\"519.00\" \/>\n<meta property=\"product:price:currency\" content=\"PLN\" \/>\n<meta property=\"og:availability\" content=\"instock\" \/>\n<meta property=\"product:availability\" content=\"instock\" \/>\n<meta property=\"product:retailer_item_id\" content=\"5902701496234\" \/>\n<meta property=\"product:condition\" content=\"new\" \/>\n<!-- \/ Yoast SEO Premium plugin. -->","yoast_head_json":{"title":"Namiot tipi Basic Black, zestaw 8 el. - Cozy & Dozy","description":"Du\u017cy zestaw tipi do zabawy, z poduszkami i koszem na zabawki. Zestaw Basic Black 8 el. do zabawy o dekoracji pokoju dziecka.","robots":{"index":"index","follow":"follow","max-snippet":"max-snippet:-1","max-image-preview":"max-image-preview:large","max-video-preview":"max-video-preview:-1"},"canonical":"https:\/\/cozyanddozy.com\/pl\/produkt\/namiot-tipi-basic-black-zestaw-8-el\/","og_locale":"pl_PL","og_type":"article","og_title":"Namiot tipi Basic Black, zestaw 8 el.","og_description":"Du\u017cy zestaw tipi do zabawy, z poduszkami i koszem na zabawki. Zestaw Basic Black 8 el. do zabawy o dekoracji pokoju dziecka.","og_url":"https:\/\/cozyanddozy.com\/pl\/produkt\/namiot-tipi-basic-black-zestaw-8-el\/","og_site_name":"Cozy &amp; Dozy","article_modified_time":"2025-01-29T17:18:19+00:00","og_image":[{"width":1200,"height":1200,"url":"https:\/\/cozyanddozy.com\/pl\/wp-content\/uploads\/2023\/02\/tipi-set-basic-black-7-el.jpg","type":"image\/jpeg"}],"twitter_card":"summary_large_image","twitter_misc":{"Cena":"519,00&nbsp;&#122;&#322;","Dost\u0119pno\u015b\u0107":"Dost\u0119pny"},"schema":{"@context":"https:\/\/schema.org","@graph":[{"@type":"WebPage","@id":"https:\/\/cozyanddozy.com\/pl\/produkt\/namiot-tipi-basic-black-zestaw-8-el\/","url":"https:\/\/cozyanddozy.com\/pl\/produkt\/namiot-tipi-basic-black-zestaw-8-el\/","name":"Namiot tipi Basic Black, zestaw 8 el. - Cozy & Dozy","isPartOf":{"@id":"https:\/\/cozyanddozy.com\/pl\/#website"},"primaryImageOfPage":{"@id":"https:\/\/cozyanddozy.com\/pl\/produkt\/namiot-tipi-basic-black-zestaw-8-el\/#primaryimage"},"image":{"@id":"https:\/\/cozyanddozy.com\/pl\/produkt\/namiot-tipi-basic-black-zestaw-8-el\/#primaryimage"},"thumbnailUrl":"https:\/\/cozyanddozy.com\/pl\/wp-content\/uploads\/2023\/02\/tipi-set-basic-black-7-el.jpg","datePublished":"2022-09-28T08:00:19+00:00","dateModified":"2025-01-29T17:18:19+00:00","description":"Du\u017cy zestaw tipi do zabawy, z poduszkami i koszem na zabawki. Zestaw Basic Black 8 el. do zabawy o dekoracji pokoju dziecka.","breadcrumb":{"@id":"https:\/\/cozyanddozy.com\/pl\/produkt\/namiot-tipi-basic-black-zestaw-8-el\/#breadcrumb"},"inLanguage":"pl-PL","potentialAction":[{"@type":"ReadAction","target":["https:\/\/cozyanddozy.com\/pl\/produkt\/namiot-tipi-basic-black-zestaw-8-el\/"]}]},{"@type":"ImageObject","inLanguage":"pl-PL","@id":"https:\/\/cozyanddozy.com\/pl\/produkt\/namiot-tipi-basic-black-zestaw-8-el\/#primaryimage","url":"https:\/\/cozyanddozy.com\/pl\/wp-content\/uploads\/2023\/02\/tipi-set-basic-black-7-el.jpg","contentUrl":"https:\/\/cozyanddozy.com\/pl\/wp-content\/uploads\/2023\/02\/tipi-set-basic-black-7-el.jpg","width":1200,"height":1200},{"@type":"BreadcrumbList","@id":"https:\/\/cozyanddozy.com\/pl\/produkt\/namiot-tipi-basic-black-zestaw-8-el\/#breadcrumb","itemListElement":[{"@type":"ListItem","position":1,"name":"Home","item":"https:\/\/cozyanddozy.com\/pl\/"},{"@type":"ListItem","position":2,"name":"Sklep","item":"https:\/\/cozyanddozy.com\/pl\/sklep\/"},{"@type":"ListItem","position":3,"name":"Namiot tipi Basic Black, zestaw 8 el."}]},{"@type":"WebSite","@id":"https:\/\/cozyanddozy.com\/pl\/#website","url":"https:\/\/cozyanddozy.com\/pl\/","name":"Cozy & Dozy","description":"","potentialAction":[{"@type":"SearchAction","target":{"@type":"EntryPoint","urlTemplate":"https:\/\/cozyanddozy.com\/pl\/?s={search_term_string}"},"query-input":{"@type":"PropertyValueSpecification","valueRequired":true,"valueName":"search_term_string"}}],"inLanguage":"pl-PL"}]},"product_price_amount":"519.00","product_price_currency":"PLN","og_availability":"instock","product_availability":"instock","product_retailer_item_id":"5902701496234","product_condition":"new"},"_links":{"self":[{"href":"https:\/\/cozyanddozy.com\/pl\/wp-json\/wp\/v2\/product\/1020","targetHints":{"allow":["GET"]}}],"collection":[{"href":"https:\/\/cozyanddozy.com\/pl\/wp-json\/wp\/v2\/product"}],"about":[{"href":"https:\/\/cozyanddozy.com\/pl\/wp-json\/wp\/v2\/types\/product"}],"replies":[{"embeddable":true,"href":"https:\/\/cozyanddozy.com\/pl\/wp-json\/wp\/v2\/comments?post=1020"}],"wp:featuredmedia":[{"embeddable":true,"href":"https:\/\/cozyanddozy.com\/pl\/wp-json\/wp\/v2\/media\/1022"}],"wp:attachment":[{"href":"https:\/\/cozyanddozy.com\/pl\/wp-json\/wp\/v2\/media?parent=1020"}],"wp:term":[{"taxonomy":"product_brand","embeddable":true,"href":"https:\/\/cozyanddozy.com\/pl\/wp-json\/wp\/v2\/product_brand?post=1020"},{"taxonomy":"product_cat","embeddable":true,"href":"https:\/\/cozyanddozy.com\/pl\/wp-json\/wp\/v2\/product_cat?post=1020"},{"taxonomy":"product_tag","embeddable":true,"href":"https:\/\/cozyanddozy.com\/pl\/wp-json\/wp\/v2\/product_tag?post=1020"}],"curies":[{"name":"wp","href":"https:\/\/api.w.org\/{rel}","templated":true}]}}