{"id":1090,"date":"2023-02-13T19:20:47","date_gmt":"2023-02-13T19:20:47","guid":{"rendered":"https:\/\/cozyanddozy.com\/pl\/?page_id=1090"},"modified":"2023-02-28T12:06:33","modified_gmt":"2023-02-28T11:06:33","slug":"faq","status":"publish","type":"page","link":"https:\/\/cozyanddozy.com\/pl\/faq\/","title":{"rendered":"FAQ"},"content":{"rendered":"<p class=\"lead\">Prosimy o zapoznanie si\u0119 z dzia\u0142em POMOC przed wys\u0142aniem zapytania.<\/p>\n<p><strong>Jakie s\u0105 dost\u0119pne formy oraz koszt wysy\u0142ki?<\/strong><\/p>\n<p>1. Zam\u00f3wiony towar dotrze do Pa\u0144stwa w terminie 1-2 dni roboczych od daty wys\u0142ania.<br \/>\n2. Zam\u00f3wione produkty dostarczamy za po\u015brednictwem: Firmy kurierskiej DPD (termin deklarowany 1 dzie\u0144)<br \/>\n3. Koszt wysy\u0142ki przedmiotu wynosi 16 z\u0142 (waga do 5 kg)<br \/>\n4. Odbi\u00f3r osobisty po wcze\u015bniejszym kontakcie<\/p>\n<p><strong>Jakie s\u0105 dost\u0119pne opcje p\u0142atno\u015bci w Sklepie Internetowym?<\/strong><\/p>\n<p>W naszym Sklepie Internetowym udost\u0119pniamy nast\u0119puj\u0105ce formy p\u0142atno\u015bci:<br \/>\n1. Przelew bankowy (Mbank)<\/p>\n<p>PL 60 1140 2004 0000 3812 1372 5553 ( \u20ac EURO )<br \/>\nPL 65 1140 2004 0000 3612 1372 5561 ( \u00a3 GBP )<br \/>\nPL 73 1140 2004 0000 3102 7702 5762 ( z\u0142 &#8211; PLN )<\/p>\n<p>2. Paynow &#8211; Bezpieczne i wygodne p\u0142atno\u015bci online<\/p>\n<p>3. PayPal &#8211; P\u0142a\u0107 online w serwisie PayPal \u2013 na ca\u0142ym \u015bwiecie<\/p>\n<p><strong>Czy robi\u0105c zakupy online moje dane s\u0105 bezpieczne?<\/strong><\/p>\n<p>W naszym Sklepie Internetowym stosujemy protok\u00f3\u0142 SSL (Secure Socket Layer), kt\u00f3ry jest najbezpieczniejszym z dost\u0119pnych obecnie mechanizm\u00f3w ochrony przekazywanych danych, aby\u015b czu\u0142 si\u0119 bezpiecznie, podaj\u0105c nam informacje o sobie i sk\u0142adaj\u0105c Zam\u00f3wienia. Ten rodzaj zabezpieczenia polega na kodowaniu danych przed ich wys\u0142aniem z przegl\u0105darki i dekodowaniu po bezpiecznym dotarciu na nasz serwer. Informacja wysy\u0142ana z serwera do Ciebie jest r\u00f3wnie\u017c kodowana, a po dotarciu do celu dekodowana. SSL szyfruje, uwierzytelnia i zapewnia integralno\u015b\u0107 informacji. Po po\u0142\u0105czeniu si\u0119 z bezpieczn\u0105 stron\u0105 WWW zauwa\u017cysz, \u017ce w adresie strony zmienia si\u0119 zapis http na https.<\/p>\n<p><strong>Czy otrzymam rachunek za zakupy?<\/strong><\/p>\n<p>Na ka\u017cdy zakup w naszym Sklepie internetowym otrzymasz paragon lub Faktur\u0119 Vat (je\u015bli zakup by\u0142 dokonany na firm\u0119)<\/p>\n<p><strong>Zwroty i Wymiana<\/strong> &#8211; &gt; <a href=\"https:\/\/cozyanddozy.com\/pl\/zwroty-i-wymiana\/\">SPRAWD\u0179<\/a><\/p>\n<p>&nbsp;<\/p>\n","protected":false},"excerpt":{"rendered":"<p>Prosimy o zapoznanie si\u0119 z dzia\u0142em POMOC przed wys\u0142aniem zapytania. Jakie s\u0105 dost\u0119pne formy oraz koszt wysy\u0142ki? 1. Zam\u00f3wiony towar dotrze do Pa\u0144stwa w terminie 1-2 dni roboczych od daty wys\u0142ania. 2. Zam\u00f3wione produkty dostarczamy za po\u015brednictwem: Firmy kurierskiej DPD (termin deklarowany 1 dzie\u0144) 3. Koszt wysy\u0142ki przedmiotu wynosi 16 z\u0142 (waga do 5 kg) [&#8230;]\n","protected":false},"author":1,"featured_media":0,"parent":0,"menu_order":0,"comment_status":"closed","ping_status":"closed","template":"","meta":{"footnotes":""},"class_list":["post-1090","page","type-page","status-publish","hentry"],"yoast_head":"<!-- This site is optimized with the Yoast SEO Premium plugin v21.9 (Yoast SEO v27.0) - https:\/\/yoast.com\/product\/yoast-seo-premium-wordpress\/ -->\n<title>FAQ - Cozy &amp; Dozy<\/title>\n<meta name=\"robots\" content=\"index, follow, max-snippet:-1, max-image-preview:large, max-video-preview:-1\" \/>\n<link rel=\"canonical\" href=\"https:\/\/cozyanddozy.com\/pl\/faq\/\" \/>\n<meta property=\"og:locale\" content=\"pl_PL\" \/>\n<meta property=\"og:type\" content=\"article\" \/>\n<meta property=\"og:title\" content=\"FAQ\" \/>\n<meta property=\"og:description\" content=\"Prosimy o zapoznanie si\u0119 z dzia\u0142em POMOC przed wys\u0142aniem zapytania. Jakie s\u0105 dost\u0119pne formy oraz koszt wysy\u0142ki? 1. Zam\u00f3wiony towar dotrze do Pa\u0144stwa w terminie 1-2 dni roboczych od daty wys\u0142ania. 2. Zam\u00f3wione produkty dostarczamy za po\u015brednictwem: Firmy kurierskiej DPD (termin deklarowany 1 dzie\u0144) 3. Koszt wysy\u0142ki przedmiotu wynosi 16 z\u0142 (waga do 5 kg) [...]\" \/>\n<meta property=\"og:url\" content=\"https:\/\/cozyanddozy.com\/pl\/faq\/\" \/>\n<meta property=\"og:site_name\" content=\"Cozy &amp; Dozy\" \/>\n<meta property=\"article:modified_time\" content=\"2023-02-28T11:06:33+00:00\" \/>\n<meta name=\"twitter:card\" content=\"summary_large_image\" \/>\n<meta name=\"twitter:label1\" content=\"Szacowany czas czytania\" \/>\n\t<meta name=\"twitter:data1\" content=\"2 minuty\" \/>\n<script type=\"application\/ld+json\" class=\"yoast-schema-graph\">{\"@context\":\"https:\/\/schema.org\",\"@graph\":[{\"@type\":\"WebPage\",\"@id\":\"https:\/\/cozyanddozy.com\/pl\/faq\/\",\"url\":\"https:\/\/cozyanddozy.com\/pl\/faq\/\",\"name\":\"FAQ - Cozy &amp; Dozy\",\"isPartOf\":{\"@id\":\"https:\/\/cozyanddozy.com\/pl\/#website\"},\"datePublished\":\"2023-02-13T19:20:47+00:00\",\"dateModified\":\"2023-02-28T11:06:33+00:00\",\"breadcrumb\":{\"@id\":\"https:\/\/cozyanddozy.com\/pl\/faq\/#breadcrumb\"},\"inLanguage\":\"pl-PL\",\"potentialAction\":[{\"@type\":\"ReadAction\",\"target\":[\"https:\/\/cozyanddozy.com\/pl\/faq\/\"]}]},{\"@type\":\"BreadcrumbList\",\"@id\":\"https:\/\/cozyanddozy.com\/pl\/faq\/#breadcrumb\",\"itemListElement\":[{\"@type\":\"ListItem\",\"position\":1,\"name\":\"Home\",\"item\":\"https:\/\/cozyanddozy.com\/pl\/\"},{\"@type\":\"ListItem\",\"position\":2,\"name\":\"FAQ\"}]},{\"@type\":\"WebSite\",\"@id\":\"https:\/\/cozyanddozy.com\/pl\/#website\",\"url\":\"https:\/\/cozyanddozy.com\/pl\/\",\"name\":\"Cozy & Dozy\",\"description\":\"\",\"potentialAction\":[{\"@type\":\"SearchAction\",\"target\":{\"@type\":\"EntryPoint\",\"urlTemplate\":\"https:\/\/cozyanddozy.com\/pl\/?s={search_term_string}\"},\"query-input\":{\"@type\":\"PropertyValueSpecification\",\"valueRequired\":true,\"valueName\":\"search_term_string\"}}],\"inLanguage\":\"pl-PL\"}]}<\/script>\n<!-- \/ Yoast SEO Premium plugin. -->","yoast_head_json":{"title":"FAQ - Cozy &amp; Dozy","robots":{"index":"index","follow":"follow","max-snippet":"max-snippet:-1","max-image-preview":"max-image-preview:large","max-video-preview":"max-video-preview:-1"},"canonical":"https:\/\/cozyanddozy.com\/pl\/faq\/","og_locale":"pl_PL","og_type":"article","og_title":"FAQ","og_description":"Prosimy o zapoznanie si\u0119 z dzia\u0142em POMOC przed wys\u0142aniem zapytania. Jakie s\u0105 dost\u0119pne formy oraz koszt wysy\u0142ki? 1. Zam\u00f3wiony towar dotrze do Pa\u0144stwa w terminie 1-2 dni roboczych od daty wys\u0142ania. 2. Zam\u00f3wione produkty dostarczamy za po\u015brednictwem: Firmy kurierskiej DPD (termin deklarowany 1 dzie\u0144) 3. Koszt wysy\u0142ki przedmiotu wynosi 16 z\u0142 (waga do 5 kg) [...]","og_url":"https:\/\/cozyanddozy.com\/pl\/faq\/","og_site_name":"Cozy &amp; Dozy","article_modified_time":"2023-02-28T11:06:33+00:00","twitter_card":"summary_large_image","twitter_misc":{"Szacowany czas czytania":"2 minuty"},"schema":{"@context":"https:\/\/schema.org","@graph":[{"@type":"WebPage","@id":"https:\/\/cozyanddozy.com\/pl\/faq\/","url":"https:\/\/cozyanddozy.com\/pl\/faq\/","name":"FAQ - Cozy &amp; Dozy","isPartOf":{"@id":"https:\/\/cozyanddozy.com\/pl\/#website"},"datePublished":"2023-02-13T19:20:47+00:00","dateModified":"2023-02-28T11:06:33+00:00","breadcrumb":{"@id":"https:\/\/cozyanddozy.com\/pl\/faq\/#breadcrumb"},"inLanguage":"pl-PL","potentialAction":[{"@type":"ReadAction","target":["https:\/\/cozyanddozy.com\/pl\/faq\/"]}]},{"@type":"BreadcrumbList","@id":"https:\/\/cozyanddozy.com\/pl\/faq\/#breadcrumb","itemListElement":[{"@type":"ListItem","position":1,"name":"Home","item":"https:\/\/cozyanddozy.com\/pl\/"},{"@type":"ListItem","position":2,"name":"FAQ"}]},{"@type":"WebSite","@id":"https:\/\/cozyanddozy.com\/pl\/#website","url":"https:\/\/cozyanddozy.com\/pl\/","name":"Cozy & Dozy","description":"","potentialAction":[{"@type":"SearchAction","target":{"@type":"EntryPoint","urlTemplate":"https:\/\/cozyanddozy.com\/pl\/?s={search_term_string}"},"query-input":{"@type":"PropertyValueSpecification","valueRequired":true,"valueName":"search_term_string"}}],"inLanguage":"pl-PL"}]}},"_links":{"self":[{"href":"https:\/\/cozyanddozy.com\/pl\/wp-json\/wp\/v2\/pages\/1090","targetHints":{"allow":["GET"]}}],"collection":[{"href":"https:\/\/cozyanddozy.com\/pl\/wp-json\/wp\/v2\/pages"}],"about":[{"href":"https:\/\/cozyanddozy.com\/pl\/wp-json\/wp\/v2\/types\/page"}],"author":[{"embeddable":true,"href":"https:\/\/cozyanddozy.com\/pl\/wp-json\/wp\/v2\/users\/1"}],"replies":[{"embeddable":true,"href":"https:\/\/cozyanddozy.com\/pl\/wp-json\/wp\/v2\/comments?post=1090"}],"version-history":[{"count":3,"href":"https:\/\/cozyanddozy.com\/pl\/wp-json\/wp\/v2\/pages\/1090\/revisions"}],"predecessor-version":[{"id":1362,"href":"https:\/\/cozyanddozy.com\/pl\/wp-json\/wp\/v2\/pages\/1090\/revisions\/1362"}],"wp:attachment":[{"href":"https:\/\/cozyanddozy.com\/pl\/wp-json\/wp\/v2\/media?parent=1090"}],"curies":[{"name":"wp","href":"https:\/\/api.w.org\/{rel}","templated":true}]}}