{"id":1081,"date":"2023-02-13T19:13:04","date_gmt":"2023-02-13T19:13:04","guid":{"rendered":"https:\/\/cozyanddozy.com\/pl\/?page_id=1081"},"modified":"2023-02-28T11:42:05","modified_gmt":"2023-02-28T10:42:05","slug":"wysylka","status":"publish","type":"page","link":"https:\/\/cozyanddozy.com\/pl\/wysylka\/","title":{"rendered":"Wysy\u0142ka"},"content":{"rendered":"<h2>SPOSOBY WYSY\u0141KI, FORMY TRANSPORTU<\/h2>\n<p><strong>METODY,\u00a0 KOSZTY I UBEZPIECZENIA WYSY\u0141KI<\/strong><\/p>\n<p>1. Zam\u00f3wiony towar dotrze do Pa\u0144stwa w terminie 1-2 dni roboczych od daty wys\u0142ania.<br \/>\n2. Zam\u00f3wione produkty dostarczamy za po\u015brednictwem: Firmy kurierskiej; DPD (termin deklarowany 1 dzie\u0144)<\/p>\n<p>Koszty wysy\u0142ki wynosz\u0105:<\/p>\n<p><strong>Kurier DPD :<\/strong><\/p>\n<ul>\n<li>15 z\u0142 w przypadku p\u0142atno\u015bci przelewem lub szybkimi p\u0142atno\u015bciami na numer rachunku bankowego Cozy &amp; Dozy, (realizacja zam\u00f3wienia nast\u0119puje, gdy pieni\u0105dze zostan\u0105 zaksi\u0119gowane na koncie bankowym; \u2013 z podanym wcze\u015bniej numerem zam\u00f3wienia);<\/li>\n<\/ul>\n<ul>\n<li>19 z\u0142 w przypadku p\u0142atno\u015bci za pobraniem (nale\u017cno\u015b\u0107 pobiera kurier).<\/li>\n<\/ul>\n<p>&nbsp;<\/p>\n<p><strong>UWAGA! Ceny dotycz\u0105 paczki do 30kg.<\/strong>\u00a0Powy\u017cej 30kg koszta ustalane s\u0105 indywidualnie<\/p>\n<p>&nbsp;<\/p>\n<h2>ZWROTY<\/h2>\n<p>Zapraszamy do zapoznania si\u0119 z\u00a0REGULAMINEM\u00a0sklepu<\/p>\n","protected":false},"excerpt":{"rendered":"<p>SPOSOBY WYSY\u0141KI, FORMY TRANSPORTU METODY,\u00a0 KOSZTY I UBEZPIECZENIA WYSY\u0141KI 1. Zam\u00f3wiony towar dotrze do Pa\u0144stwa w terminie 1-2 dni roboczych od daty wys\u0142ania. 2. Zam\u00f3wione produkty dostarczamy za po\u015brednictwem: Firmy kurierskiej; DPD (termin deklarowany 1 dzie\u0144) Koszty wysy\u0142ki wynosz\u0105: Kurier DPD : 15 z\u0142 w przypadku p\u0142atno\u015bci przelewem lub szybkimi p\u0142atno\u015bciami na numer rachunku bankowego [&#8230;]\n","protected":false},"author":1,"featured_media":0,"parent":0,"menu_order":0,"comment_status":"closed","ping_status":"closed","template":"","meta":{"footnotes":""},"class_list":["post-1081","page","type-page","status-publish","hentry"],"yoast_head":"<!-- This site is optimized with the Yoast SEO Premium plugin v21.9 (Yoast SEO v27.0) - https:\/\/yoast.com\/product\/yoast-seo-premium-wordpress\/ -->\n<title>Wysy\u0142ka - Cozy &amp; Dozy<\/title>\n<meta name=\"robots\" content=\"index, follow, max-snippet:-1, max-image-preview:large, max-video-preview:-1\" \/>\n<link rel=\"canonical\" href=\"https:\/\/cozyanddozy.com\/pl\/wysylka\/\" \/>\n<meta property=\"og:locale\" content=\"pl_PL\" \/>\n<meta property=\"og:type\" content=\"article\" \/>\n<meta property=\"og:title\" content=\"Wysy\u0142ka\" \/>\n<meta property=\"og:description\" content=\"SPOSOBY WYSY\u0141KI, FORMY TRANSPORTU METODY,\u00a0 KOSZTY I UBEZPIECZENIA WYSY\u0141KI 1. Zam\u00f3wiony towar dotrze do Pa\u0144stwa w terminie 1-2 dni roboczych od daty wys\u0142ania. 2. Zam\u00f3wione produkty dostarczamy za po\u015brednictwem: Firmy kurierskiej; DPD (termin deklarowany 1 dzie\u0144) Koszty wysy\u0142ki wynosz\u0105: Kurier DPD : 15 z\u0142 w przypadku p\u0142atno\u015bci przelewem lub szybkimi p\u0142atno\u015bciami na numer rachunku bankowego [...]\" \/>\n<meta property=\"og:url\" content=\"https:\/\/cozyanddozy.com\/pl\/wysylka\/\" \/>\n<meta property=\"og:site_name\" content=\"Cozy &amp; Dozy\" \/>\n<meta property=\"article:modified_time\" content=\"2023-02-28T10:42:05+00:00\" \/>\n<meta name=\"twitter:card\" content=\"summary_large_image\" \/>\n<meta name=\"twitter:label1\" content=\"Szacowany czas czytania\" \/>\n\t<meta name=\"twitter:data1\" content=\"1 minuta\" \/>\n<script type=\"application\/ld+json\" class=\"yoast-schema-graph\">{\"@context\":\"https:\/\/schema.org\",\"@graph\":[{\"@type\":\"WebPage\",\"@id\":\"https:\/\/cozyanddozy.com\/pl\/wysylka\/\",\"url\":\"https:\/\/cozyanddozy.com\/pl\/wysylka\/\",\"name\":\"Wysy\u0142ka - Cozy &amp; Dozy\",\"isPartOf\":{\"@id\":\"https:\/\/cozyanddozy.com\/pl\/#website\"},\"datePublished\":\"2023-02-13T19:13:04+00:00\",\"dateModified\":\"2023-02-28T10:42:05+00:00\",\"breadcrumb\":{\"@id\":\"https:\/\/cozyanddozy.com\/pl\/wysylka\/#breadcrumb\"},\"inLanguage\":\"pl-PL\",\"potentialAction\":[{\"@type\":\"ReadAction\",\"target\":[\"https:\/\/cozyanddozy.com\/pl\/wysylka\/\"]}]},{\"@type\":\"BreadcrumbList\",\"@id\":\"https:\/\/cozyanddozy.com\/pl\/wysylka\/#breadcrumb\",\"itemListElement\":[{\"@type\":\"ListItem\",\"position\":1,\"name\":\"Home\",\"item\":\"https:\/\/cozyanddozy.com\/pl\/\"},{\"@type\":\"ListItem\",\"position\":2,\"name\":\"Wysy\u0142ka\"}]},{\"@type\":\"WebSite\",\"@id\":\"https:\/\/cozyanddozy.com\/pl\/#website\",\"url\":\"https:\/\/cozyanddozy.com\/pl\/\",\"name\":\"Cozy & Dozy\",\"description\":\"\",\"potentialAction\":[{\"@type\":\"SearchAction\",\"target\":{\"@type\":\"EntryPoint\",\"urlTemplate\":\"https:\/\/cozyanddozy.com\/pl\/?s={search_term_string}\"},\"query-input\":{\"@type\":\"PropertyValueSpecification\",\"valueRequired\":true,\"valueName\":\"search_term_string\"}}],\"inLanguage\":\"pl-PL\"}]}<\/script>\n<!-- \/ Yoast SEO Premium plugin. -->","yoast_head_json":{"title":"Wysy\u0142ka - Cozy &amp; Dozy","robots":{"index":"index","follow":"follow","max-snippet":"max-snippet:-1","max-image-preview":"max-image-preview:large","max-video-preview":"max-video-preview:-1"},"canonical":"https:\/\/cozyanddozy.com\/pl\/wysylka\/","og_locale":"pl_PL","og_type":"article","og_title":"Wysy\u0142ka","og_description":"SPOSOBY WYSY\u0141KI, FORMY TRANSPORTU METODY,\u00a0 KOSZTY I UBEZPIECZENIA WYSY\u0141KI 1. Zam\u00f3wiony towar dotrze do Pa\u0144stwa w terminie 1-2 dni roboczych od daty wys\u0142ania. 2. Zam\u00f3wione produkty dostarczamy za po\u015brednictwem: Firmy kurierskiej; DPD (termin deklarowany 1 dzie\u0144) Koszty wysy\u0142ki wynosz\u0105: Kurier DPD : 15 z\u0142 w przypadku p\u0142atno\u015bci przelewem lub szybkimi p\u0142atno\u015bciami na numer rachunku bankowego [...]","og_url":"https:\/\/cozyanddozy.com\/pl\/wysylka\/","og_site_name":"Cozy &amp; Dozy","article_modified_time":"2023-02-28T10:42:05+00:00","twitter_card":"summary_large_image","twitter_misc":{"Szacowany czas czytania":"1 minuta"},"schema":{"@context":"https:\/\/schema.org","@graph":[{"@type":"WebPage","@id":"https:\/\/cozyanddozy.com\/pl\/wysylka\/","url":"https:\/\/cozyanddozy.com\/pl\/wysylka\/","name":"Wysy\u0142ka - Cozy &amp; Dozy","isPartOf":{"@id":"https:\/\/cozyanddozy.com\/pl\/#website"},"datePublished":"2023-02-13T19:13:04+00:00","dateModified":"2023-02-28T10:42:05+00:00","breadcrumb":{"@id":"https:\/\/cozyanddozy.com\/pl\/wysylka\/#breadcrumb"},"inLanguage":"pl-PL","potentialAction":[{"@type":"ReadAction","target":["https:\/\/cozyanddozy.com\/pl\/wysylka\/"]}]},{"@type":"BreadcrumbList","@id":"https:\/\/cozyanddozy.com\/pl\/wysylka\/#breadcrumb","itemListElement":[{"@type":"ListItem","position":1,"name":"Home","item":"https:\/\/cozyanddozy.com\/pl\/"},{"@type":"ListItem","position":2,"name":"Wysy\u0142ka"}]},{"@type":"WebSite","@id":"https:\/\/cozyanddozy.com\/pl\/#website","url":"https:\/\/cozyanddozy.com\/pl\/","name":"Cozy & Dozy","description":"","potentialAction":[{"@type":"SearchAction","target":{"@type":"EntryPoint","urlTemplate":"https:\/\/cozyanddozy.com\/pl\/?s={search_term_string}"},"query-input":{"@type":"PropertyValueSpecification","valueRequired":true,"valueName":"search_term_string"}}],"inLanguage":"pl-PL"}]}},"_links":{"self":[{"href":"https:\/\/cozyanddozy.com\/pl\/wp-json\/wp\/v2\/pages\/1081","targetHints":{"allow":["GET"]}}],"collection":[{"href":"https:\/\/cozyanddozy.com\/pl\/wp-json\/wp\/v2\/pages"}],"about":[{"href":"https:\/\/cozyanddozy.com\/pl\/wp-json\/wp\/v2\/types\/page"}],"author":[{"embeddable":true,"href":"https:\/\/cozyanddozy.com\/pl\/wp-json\/wp\/v2\/users\/1"}],"replies":[{"embeddable":true,"href":"https:\/\/cozyanddozy.com\/pl\/wp-json\/wp\/v2\/comments?post=1081"}],"version-history":[{"count":4,"href":"https:\/\/cozyanddozy.com\/pl\/wp-json\/wp\/v2\/pages\/1081\/revisions"}],"predecessor-version":[{"id":1343,"href":"https:\/\/cozyanddozy.com\/pl\/wp-json\/wp\/v2\/pages\/1081\/revisions\/1343"}],"wp:attachment":[{"href":"https:\/\/cozyanddozy.com\/pl\/wp-json\/wp\/v2\/media?parent=1081"}],"curies":[{"name":"wp","href":"https:\/\/api.w.org\/{rel}","templated":true}]}}