{"id":1076,"date":"2023-02-13T19:09:36","date_gmt":"2023-02-13T19:09:36","guid":{"rendered":"https:\/\/cozyanddozy.com\/pl\/?page_id=1076"},"modified":"2024-08-05T09:20:40","modified_gmt":"2024-08-05T07:20:40","slug":"kontakt","status":"publish","type":"page","link":"https:\/\/cozyanddozy.com\/pl\/kontakt\/","title":{"rendered":"Kontakt"},"content":{"rendered":"\t<section class=\"section\" id=\"section_756942424\">\n\t\t<div class=\"bg section-bg fill bg-fill bg-loaded \" >\n\n\t\t\t\n\t\t\t\n\t\t\t\n\n\t\t<\/div>\n\n\t\t\n\n\t\t<div class=\"section-content relative\">\n\t\t\t\n\t\t<\/div>\n\n\t\t\n<style>\n#section_756942424 {\n  padding-top: 30px;\n  padding-bottom: 30px;\n  min-height: 530px;\n}\n#section_756942424 .section-bg.bg-loaded {\n  background-image: url(https:\/\/cozyanddozy.com\/pl\/wp-content\/uploads\/2023\/02\/banerowe1-1.jpg);\n}\n#section_756942424 .section-bg {\n  background-position: 51% 70%;\n}\n<\/style>\n\t<\/section>\n\t\n<div class=\"row\"  id=\"row-1546699852\">\n\n\t<div id=\"col-115534237\" class=\"col medium-6 large-6\"  >\n\t\t\t\t<div class=\"col-inner\"  >\n\t\t\t\n\t\t\t\n<div class=\"container section-title-container\" ><h3 class=\"section-title section-title-normal\"><b><\/b><span class=\"section-title-main\" >Najcz\u0119\u015bciej zadawane pytania<\/span><b><\/b><\/h3><\/div>\n<p class=\"lead\">Prosimy o zapoznanie si\u0119 z dzia\u0142em POMOC &#8220;przed&#8221; wys\u0142aniem zapytania.<\/p>\n<div class=\"accordion\">\n\t<div id=\"accordion-2211299094\" class=\"accordion-item\">\n\t\t<a id=\"accordion-2211299094-label\" class=\"accordion-title plain\" href=\"#accordion-item-jakie-s\u0105-dost\u0119pne-formy-oraz-koszta-wysy\u0142ki?\" aria-expanded=\"false\" aria-controls=\"accordion-2211299094-content\" >\n\t\t\t<button class=\"toggle\" aria-label=\"Toggle\"><i class=\"icon-angle-down\"><\/i><\/button>\n\t\t\t<span>Jakie s\u0105 dost\u0119pne formy oraz koszta wysy\u0142ki?<\/span>\n\t\t<\/a>\n\t\t<div id=\"accordion-2211299094-content\" class=\"accordion-inner\" aria-labelledby=\"accordion-2211299094-label\" >\n\t\t\t\n<p>1. Zam\u00f3wiony towar dotrze do Pa\u0144stwa w terminie 1-2 dni roboczych od daty wys\u0142ania.<br \/>\n2. Zam\u00f3wione produkty dostarczamy za po\u015brednictwem: Firmy kurierskiej DPD (termin deklarowany 1 dzie\u0144)<br \/>\n3. Koszt wysy\u0142ki przedmiotu wynosi 16 z\u0142 (waga do 10 kg)<br \/>\n4. Odbi\u00f3r osobisty po wcze\u015bniejszym kontakcie<\/p>\n\t\t<\/div>\n\t<\/div>\n\t\n\t<div id=\"accordion-201873574\" class=\"accordion-item\">\n\t\t<a id=\"accordion-201873574-label\" class=\"accordion-title plain\" href=\"#accordion-item-jakie-s\u0105-dost\u0119pne-opcje-p\u0142atno\u015bci-w-sklepie-internetowym?\" aria-expanded=\"false\" aria-controls=\"accordion-201873574-content\" >\n\t\t\t<button class=\"toggle\" aria-label=\"Toggle\"><i class=\"icon-angle-down\"><\/i><\/button>\n\t\t\t<span>Jakie s\u0105 dost\u0119pne opcje p\u0142atno\u015bci w Sklepie Internetowym?<\/span>\n\t\t<\/a>\n\t\t<div id=\"accordion-201873574-content\" class=\"accordion-inner\" aria-labelledby=\"accordion-201873574-label\" >\n\t\t\t\n<p>W naszym Sklepie Internetowym udost\u0119pniamy nast\u0119puj\u0105ce formy p\u0142atno\u015bci:<br \/>\n1. Przelew bankowy (Mbank)<\/p>\n<p>63 1600 1462 1713 3717 2000 0001 ( z\u0142 PLN)<br \/>\nPL36 1600 1462 1713 3717 2000 0002 ( \u20ac EURO )<br \/>\nPL09 1600 1462 1713 3717 2000 0003 ( \u00a3 GBP )<br \/>\nPL79 1600 1462 1713 3717 2000 0004 ( $ USD )<\/p>\n<p>2. Stripe \u2013 Bezpieczne i wygodne p\u0142atno\u015bci online<\/p>\n<p>3. PayPal \u2013 P\u0142a\u0107 online w serwisie PayPal \u2013 na ca\u0142ym \u015bwiecie<\/p>\n\t\t<\/div>\n\t<\/div>\n\t\n\t<div id=\"accordion-3175957432\" class=\"accordion-item\">\n\t\t<a id=\"accordion-3175957432-label\" class=\"accordion-title plain\" href=\"#accordion-item-czy-robi\u0105c-zakupy-online-moje-dane-s\u0105-bezpieczne?\" aria-expanded=\"false\" aria-controls=\"accordion-3175957432-content\" >\n\t\t\t<button class=\"toggle\" aria-label=\"Toggle\"><i class=\"icon-angle-down\"><\/i><\/button>\n\t\t\t<span>Czy robi\u0105c zakupy online moje dane s\u0105 bezpieczne?<\/span>\n\t\t<\/a>\n\t\t<div id=\"accordion-3175957432-content\" class=\"accordion-inner\" aria-labelledby=\"accordion-3175957432-label\" >\n\t\t\t\n<p>W naszym Sklepie Internetowym stosujemy protok\u00f3\u0142 SSL (Secure Socket Layer), kt\u00f3ry jest najbezpieczniejszym z dost\u0119pnych obecnie mechanizm\u00f3w ochrony przekazywanych danych, aby\u015b czu\u0142 si\u0119 bezpiecznie, podaj\u0105c nam informacje o sobie i sk\u0142adaj\u0105c Zam\u00f3wienia. Ten rodzaj zabezpieczenia polega na kodowaniu danych przed ich wys\u0142aniem z przegl\u0105darki i dekodowaniu po bezpiecznym dotarciu na nasz serwer. Informacja wysy\u0142ana z serwera do Ciebie jest r\u00f3wnie\u017c kodowana, a po dotarciu do celu dekodowana. SSL szyfruje, uwierzytelnia i zapewnia integralno\u015b\u0107 informacji. Po po\u0142\u0105czeniu si\u0119 z bezpieczn\u0105 stron\u0105 WWW zauwa\u017cysz, \u017ce w adresie strony zmienia si\u0119 zapis http na https.<\/p>\n\t\t<\/div>\n\t<\/div>\n\t\n\t<div id=\"accordion-2541018883\" class=\"accordion-item\">\n\t\t<a id=\"accordion-2541018883-label\" class=\"accordion-title plain\" href=\"#accordion-item-czy-otrzymam-rachunek-za-zakupy?\" aria-expanded=\"false\" aria-controls=\"accordion-2541018883-content\" >\n\t\t\t<button class=\"toggle\" aria-label=\"Toggle\"><i class=\"icon-angle-down\"><\/i><\/button>\n\t\t\t<span>Czy otrzymam rachunek za zakupy?<\/span>\n\t\t<\/a>\n\t\t<div id=\"accordion-2541018883-content\" class=\"accordion-inner\" aria-labelledby=\"accordion-2541018883-label\" >\n\t\t\t\n<p>Na ka\u017cdy zakup w naszym Sklepie internetowym otrzymasz paragon lub Faktur\u0119 Vat (je\u015bli zakup by\u0142 dokonany na firm\u0119)<\/p>\n\t\t<\/div>\n\t<\/div>\n\t\n\t<div id=\"accordion-969444019\" class=\"accordion-item\">\n\t\t<a id=\"accordion-969444019-label\" class=\"accordion-title plain\" href=\"#accordion-item-poda\u0142am\/em-niepoprawny-adres,-co-robi\u0107?\" aria-expanded=\"false\" aria-controls=\"accordion-969444019-content\" >\n\t\t\t<button class=\"toggle\" aria-label=\"Toggle\"><i class=\"icon-angle-down\"><\/i><\/button>\n\t\t\t<span>Poda\u0142am\/em niepoprawny adres, co robi\u0107?<\/span>\n\t\t<\/a>\n\t\t<div id=\"accordion-969444019-content\" class=\"accordion-inner\" aria-labelledby=\"accordion-969444019-label\" >\n\t\t\t\n<p>Jak najszybciej si\u0119 z nami skontaktuj, poprawimy dane, b\u0105d\u017a skontaktujemy si\u0119 z kurierem<\/p>\n\t\t<\/div>\n\t<\/div>\n\t\n\t<div id=\"accordion-97239609\" class=\"accordion-item\">\n\t\t<a id=\"accordion-97239609-label\" class=\"accordion-title plain\" href=\"#accordion-item-czy-wysy\u0142acie-paczki-do-mojego-kraju?\" aria-expanded=\"false\" aria-controls=\"accordion-97239609-content\" >\n\t\t\t<button class=\"toggle\" aria-label=\"Toggle\"><i class=\"icon-angle-down\"><\/i><\/button>\n\t\t\t<span>Czy wysy\u0142acie paczki do mojego kraju?<\/span>\n\t\t<\/a>\n\t\t<div id=\"accordion-97239609-content\" class=\"accordion-inner\" aria-labelledby=\"accordion-97239609-label\" >\n\t\t\t\n<p>Wysy\u0142amy paczki do wszystkich kraj\u00f3w europejskich i nie tylko. Je\u017celi nie mo\u017cesz wybra\u0107 formy dostawy daj nam zna\u0107.<\/p>\n\t\t<\/div>\n\t<\/div>\n\t\n\t<div id=\"accordion-481769532\" class=\"accordion-item\">\n\t\t<a id=\"accordion-481769532-label\" class=\"accordion-title plain\" href=\"#accordion-item-czy-produkty-przyjd\u0105-w-jednej-paczce?\" aria-expanded=\"false\" aria-controls=\"accordion-481769532-content\" >\n\t\t\t<button class=\"toggle\" aria-label=\"Toggle\"><i class=\"icon-angle-down\"><\/i><\/button>\n\t\t\t<span>Czy produkty przyjd\u0105 w jednej paczce?<\/span>\n\t\t<\/a>\n\t\t<div id=\"accordion-481769532-content\" class=\"accordion-inner\" aria-labelledby=\"accordion-481769532-label\" >\n\t\t\t\n<p>Tak produkty dostaniesz w jednej paczce lub w wielopaku traktowanym jako jedna paczka \ud83d\ude09<\/p>\n\t\t<\/div>\n\t<\/div>\n\t\n<\/div>\n\t\t<\/div>\n\t\t\t\t\t<\/div>\n\n\t\n\n\t<div id=\"col-813420588\" class=\"col medium-6 large-6\"  >\n\t\t\t\t<div class=\"col-inner\"  >\n\t\t\t\n\t\t\t\n<div class=\"container section-title-container\" ><h3 class=\"section-title section-title-normal\"><b><\/b><span class=\"section-title-main\" >Napisz do nas<\/span><b><\/b><\/h3><\/div>\n<p>email : <strong>shop@cozyanddozy.com<\/strong><br \/>\ntel. : <strong> +48 791 981 501<br \/>\n<\/strong><\/p>\n<p><strong>COZY &amp; DOZY<\/strong><br \/>\nPraw Kobiet 6, 15-535 Bia\u0142ystok<\/p>\n<div class=\"wpforms-container wpforms-container-full\" id=\"wpforms-1161\"><form id=\"wpforms-form-1161\" class=\"wpforms-validate wpforms-form\" data-formid=\"1161\" method=\"post\" enctype=\"multipart\/form-data\" action=\"\/pl\/wp-json\/wp\/v2\/pages\/1076\" data-token=\"f325a8cd72cbba43e8ec2940710e162a\"><noscript class=\"wpforms-error-noscript\">Aby wype\u0142ni\u0107 ten formularz, w\u0142\u0105cz obs\u0142ug\u0119 JavaScript w przegl\u0105darce.<\/noscript><div class=\"wpforms-field-container\"><div id=\"wpforms-1161-field_0-container\" class=\"wpforms-field wpforms-field-name\" data-field-id=\"0\"><label class=\"wpforms-field-label\" for=\"wpforms-1161-field_0\">Imi\u0119 <span class=\"wpforms-required-label\">*<\/span><\/label><input type=\"text\" id=\"wpforms-1161-field_0\" class=\"wpforms-field-medium wpforms-field-required\" name=\"wpforms[fields][0]\" required><\/div><div id=\"wpforms-1161-field_1-container\" class=\"wpforms-field wpforms-field-email\" data-field-id=\"1\"><label class=\"wpforms-field-label\" for=\"wpforms-1161-field_1\">Email <span class=\"wpforms-required-label\">*<\/span><\/label><input type=\"email\" id=\"wpforms-1161-field_1\" class=\"wpforms-field-medium wpforms-field-required\" name=\"wpforms[fields][1]\" required><\/div><div id=\"wpforms-1161-field_2-container\" class=\"wpforms-field wpforms-field-textarea\" data-field-id=\"2\"><label class=\"wpforms-field-label\" for=\"wpforms-1161-field_2\">Wiadomo\u015b\u0107 <span class=\"wpforms-required-label\">*<\/span><\/label><textarea id=\"wpforms-1161-field_2\" class=\"wpforms-field-medium wpforms-field-required\" name=\"wpforms[fields][2]\" required><\/textarea><\/div><\/div><div class=\"wpforms-submit-container\" ><input type=\"hidden\" name=\"wpforms[id]\" value=\"1161\"><input type=\"hidden\" name=\"wpforms[author]\" value=\"1\"><button type=\"submit\" name=\"wpforms[submit]\" class=\"wpforms-submit \" id=\"wpforms-submit-1161\" value=\"wpforms-submit\" aria-live=\"assertive\" data-alt-text=\"Wysy\u0142am\" data-submit-text=\"Wy\u015blij\">Wy\u015blij<\/button><\/div><\/form><\/div>  <!-- .wpforms-container -->\n\t\t<\/div>\n\t\t\t\t\t<\/div>\n\n\t\n<\/div>\n","protected":false},"excerpt":{"rendered":"","protected":false},"author":1,"featured_media":0,"parent":0,"menu_order":0,"comment_status":"closed","ping_status":"closed","template":"page-blank.php","meta":{"footnotes":""},"class_list":["post-1076","page","type-page","status-publish","hentry"],"yoast_head":"<!-- This site is optimized with the Yoast SEO Premium plugin v21.9 (Yoast SEO v27.0) - https:\/\/yoast.com\/product\/yoast-seo-premium-wordpress\/ -->\n<title>Kontakt - Cozy &amp; Dozy<\/title>\n<meta name=\"robots\" content=\"index, follow, max-snippet:-1, max-image-preview:large, max-video-preview:-1\" \/>\n<link rel=\"canonical\" href=\"https:\/\/cozyanddozy.com\/pl\/kontakt\/\" \/>\n<meta property=\"og:locale\" content=\"pl_PL\" \/>\n<meta property=\"og:type\" content=\"article\" \/>\n<meta property=\"og:title\" content=\"Kontakt\" \/>\n<meta property=\"og:url\" content=\"https:\/\/cozyanddozy.com\/pl\/kontakt\/\" \/>\n<meta property=\"og:site_name\" content=\"Cozy &amp; Dozy\" \/>\n<meta property=\"article:modified_time\" content=\"2024-08-05T07:20:40+00:00\" \/>\n<meta name=\"twitter:card\" content=\"summary_large_image\" \/>\n<meta name=\"twitter:label1\" content=\"Szacowany czas czytania\" \/>\n\t<meta name=\"twitter:data1\" content=\"3 minuty\" \/>\n<script type=\"application\/ld+json\" class=\"yoast-schema-graph\">{\"@context\":\"https:\/\/schema.org\",\"@graph\":[{\"@type\":\"WebPage\",\"@id\":\"https:\/\/cozyanddozy.com\/pl\/kontakt\/\",\"url\":\"https:\/\/cozyanddozy.com\/pl\/kontakt\/\",\"name\":\"Kontakt - Cozy &amp; Dozy\",\"isPartOf\":{\"@id\":\"https:\/\/cozyanddozy.com\/pl\/#website\"},\"datePublished\":\"2023-02-13T19:09:36+00:00\",\"dateModified\":\"2024-08-05T07:20:40+00:00\",\"breadcrumb\":{\"@id\":\"https:\/\/cozyanddozy.com\/pl\/kontakt\/#breadcrumb\"},\"inLanguage\":\"pl-PL\",\"potentialAction\":[{\"@type\":\"ReadAction\",\"target\":[\"https:\/\/cozyanddozy.com\/pl\/kontakt\/\"]}]},{\"@type\":\"BreadcrumbList\",\"@id\":\"https:\/\/cozyanddozy.com\/pl\/kontakt\/#breadcrumb\",\"itemListElement\":[{\"@type\":\"ListItem\",\"position\":1,\"name\":\"Home\",\"item\":\"https:\/\/cozyanddozy.com\/pl\/\"},{\"@type\":\"ListItem\",\"position\":2,\"name\":\"Kontakt\"}]},{\"@type\":\"WebSite\",\"@id\":\"https:\/\/cozyanddozy.com\/pl\/#website\",\"url\":\"https:\/\/cozyanddozy.com\/pl\/\",\"name\":\"Cozy & Dozy\",\"description\":\"\",\"potentialAction\":[{\"@type\":\"SearchAction\",\"target\":{\"@type\":\"EntryPoint\",\"urlTemplate\":\"https:\/\/cozyanddozy.com\/pl\/?s={search_term_string}\"},\"query-input\":{\"@type\":\"PropertyValueSpecification\",\"valueRequired\":true,\"valueName\":\"search_term_string\"}}],\"inLanguage\":\"pl-PL\"}]}<\/script>\n<!-- \/ Yoast SEO Premium plugin. -->","yoast_head_json":{"title":"Kontakt - Cozy &amp; Dozy","robots":{"index":"index","follow":"follow","max-snippet":"max-snippet:-1","max-image-preview":"max-image-preview:large","max-video-preview":"max-video-preview:-1"},"canonical":"https:\/\/cozyanddozy.com\/pl\/kontakt\/","og_locale":"pl_PL","og_type":"article","og_title":"Kontakt","og_url":"https:\/\/cozyanddozy.com\/pl\/kontakt\/","og_site_name":"Cozy &amp; Dozy","article_modified_time":"2024-08-05T07:20:40+00:00","twitter_card":"summary_large_image","twitter_misc":{"Szacowany czas czytania":"3 minuty"},"schema":{"@context":"https:\/\/schema.org","@graph":[{"@type":"WebPage","@id":"https:\/\/cozyanddozy.com\/pl\/kontakt\/","url":"https:\/\/cozyanddozy.com\/pl\/kontakt\/","name":"Kontakt - Cozy &amp; Dozy","isPartOf":{"@id":"https:\/\/cozyanddozy.com\/pl\/#website"},"datePublished":"2023-02-13T19:09:36+00:00","dateModified":"2024-08-05T07:20:40+00:00","breadcrumb":{"@id":"https:\/\/cozyanddozy.com\/pl\/kontakt\/#breadcrumb"},"inLanguage":"pl-PL","potentialAction":[{"@type":"ReadAction","target":["https:\/\/cozyanddozy.com\/pl\/kontakt\/"]}]},{"@type":"BreadcrumbList","@id":"https:\/\/cozyanddozy.com\/pl\/kontakt\/#breadcrumb","itemListElement":[{"@type":"ListItem","position":1,"name":"Home","item":"https:\/\/cozyanddozy.com\/pl\/"},{"@type":"ListItem","position":2,"name":"Kontakt"}]},{"@type":"WebSite","@id":"https:\/\/cozyanddozy.com\/pl\/#website","url":"https:\/\/cozyanddozy.com\/pl\/","name":"Cozy & Dozy","description":"","potentialAction":[{"@type":"SearchAction","target":{"@type":"EntryPoint","urlTemplate":"https:\/\/cozyanddozy.com\/pl\/?s={search_term_string}"},"query-input":{"@type":"PropertyValueSpecification","valueRequired":true,"valueName":"search_term_string"}}],"inLanguage":"pl-PL"}]}},"_links":{"self":[{"href":"https:\/\/cozyanddozy.com\/pl\/wp-json\/wp\/v2\/pages\/1076","targetHints":{"allow":["GET"]}}],"collection":[{"href":"https:\/\/cozyanddozy.com\/pl\/wp-json\/wp\/v2\/pages"}],"about":[{"href":"https:\/\/cozyanddozy.com\/pl\/wp-json\/wp\/v2\/types\/page"}],"author":[{"embeddable":true,"href":"https:\/\/cozyanddozy.com\/pl\/wp-json\/wp\/v2\/users\/1"}],"replies":[{"embeddable":true,"href":"https:\/\/cozyanddozy.com\/pl\/wp-json\/wp\/v2\/comments?post=1076"}],"version-history":[{"count":12,"href":"https:\/\/cozyanddozy.com\/pl\/wp-json\/wp\/v2\/pages\/1076\/revisions"}],"predecessor-version":[{"id":2632,"href":"https:\/\/cozyanddozy.com\/pl\/wp-json\/wp\/v2\/pages\/1076\/revisions\/2632"}],"wp:attachment":[{"href":"https:\/\/cozyanddozy.com\/pl\/wp-json\/wp\/v2\/media?parent=1076"}],"curies":[{"name":"wp","href":"https:\/\/api.w.org\/{rel}","templated":true}]}}