{"id":1074,"date":"2023-02-13T19:08:37","date_gmt":"2023-02-13T19:08:37","guid":{"rendered":"https:\/\/cozyanddozy.com\/pl\/?page_id=1074"},"modified":"2023-10-06T16:06:31","modified_gmt":"2023-10-06T14:06:31","slug":"o-nas","status":"publish","type":"page","link":"https:\/\/cozyanddozy.com\/pl\/o-nas\/","title":{"rendered":"O nas"},"content":{"rendered":"<div class=\"row row-small row-full-width align-center\"  id=\"row-249093235\">\n\n\t<div id=\"col-1292683770\" class=\"col small-12 large-12\"  >\n\t\t\t\t<div class=\"col-inner\"  >\n\t\t\t\n\t\t\t\n<h2 style=\"text-align: center;\">Drodzy Rodzice! To my \u2013 dziewczyny stoj\u0105ce za Cozy &#038; Dozy<\/h2>\n<div class=\"text-center\"><div class=\"is-divider divider clearfix\" style=\"max-width:150px;\"><\/div><\/div>\n<p style=\"text-align: center;\">Z jednej strony, kobieta z pasj\u0105 do projektowania wn\u0119trz; z drugiej, przedsi\u0119biorca z r\u00f3wnym uznaniem dla pi\u0119knych rzeczy&#8230;<br \/>A przede wszystkim wsp\u00f3lne przekonanie: \u017ce ka\u017cdy powinien mie\u0107 mo\u017cliwo\u015b\u0107 rozkwitu we w\u0142asnym domu, we wn\u0119trzu, kt\u00f3re odzwierciedla to, kim jest.<br \/><strong>Kieruj\u0105c si\u0119 t\u0105 wizj\u0105, w 2020 roku powsta\u0142a marka Cozy &amp; Dozy.<\/strong><\/p>\n\t<div id=\"gap-72268533\" class=\"gap-element clearfix\" style=\"display:block; height:auto;\">\n\t\t\n<style>\n#gap-72268533 {\n  padding-top: 20px;\n}\n<\/style>\n\t<\/div>\n\t\n\t\t<\/div>\n\t\t\t\t\t<\/div>\n\n\t\n\n<style>\n#row-249093235 > .col > .col-inner {\n  padding: 20px 0px 0px 0px;\n}\n<\/style>\n<\/div>\n<div class=\"row align-middle\"  id=\"row-1329153830\">\n\n\t<div id=\"col-968283222\" class=\"col medium-8 small-12 large-8\"  >\n\t\t\t\t<div class=\"col-inner\"  >\n\t\t\t\n\t\t\t\n\n  <div class=\"banner has-hover has-parallax\" id=\"banner-2030424679\">\n          <div class=\"banner-inner fill\">\n        <div class=\"banner-bg fill\" data-parallax=\"-3\" data-parallax-container=\".banner\" data-parallax-background>\n            <div class=\"bg fill bg-fill bg-loaded\"><\/div>\n                                    \n                    <\/div>\n\t\t\n        <div class=\"banner-layers container\">\n            <div class=\"fill banner-link\"><\/div>            \n        <\/div>\n      <\/div>\n\n            \n<style>\n#banner-2030424679 {\n  padding-top: 56.25%;\n  background-color: rgb(255,255,255);\n}\n#banner-2030424679 .bg.bg-loaded {\n  background-image: url(https:\/\/cozyanddozy.com\/pl\/wp-content\/uploads\/2023\/03\/banerowe1hdr-1200x775-1.jpg);\n}\n@media (min-width:550px) {\n  #banner-2030424679 {\n    padding-top: 56.25%;\n  }\n}\n<\/style>\n  <\/div>\n\n\n\t\t<\/div>\n\t\t\t\t\t<\/div>\n\n\t\n\n\t<div id=\"col-1584482241\" class=\"col medium-4 small-12 large-4\"  >\n\t\t\t\t<div class=\"col-inner\"  >\n\t\t\t\n\t\t\t\n<p><strong>Cozy &amp; Dozy<\/strong> to marka specjalizuj\u0105ca si\u0119 w aran\u017cacji dzieci\u0119cych pokoi oraz pracownia krawiecka spe\u0142niaj\u0105ca indywidualne zlecenia. Zesp\u00f3\u0142 Cozy &amp; Dozy tworz\u0105 ludzie z pasj\u0105, do\u015bwiadczeniem i poczuciem pi\u0119kna \u2013 g\u0142\u00f3wnie kobiety \ud83d\ude09<\/p>\n<p>Nasze produkty z powodzeniem podbijaj\u0105 zachodnie rynki. Zdobyli\u015bmy zaufanie rodzic\u00f3w w Niemczech, Austrii, Francji, Hiszpanii, Wielkiej Brytanii i wielu innych, wci\u0105\u017c poszerzaj\u0105c grono zadowolonych klient\u00f3w.<\/p>\n<p>W naszych artyku\u0142ach u\u017cywamy certyfikowanych tkanin o niebanalnym wzornictwie. Staramy si\u0119 stale poszerza\u0107 asortyment oraz podnosi\u0107 funkcjonalno\u015b\u0107 naszych produkt\u00f3w.<\/p>\n<p>Od kilku lat realizujemy wizj\u0119 przyjaznej firmy i zosta\u0142o to docenione przez setki zadowolonych Klient\u00f3w.<\/p>\n\t\t<\/div>\n\t\t\t\t\t<\/div>\n\n\t\n<\/div>\n<div class=\"text-center\"><div class=\"is-divider divider clearfix\" style=\"margin-top:30px;margin-bottom:30px;max-width:150px;\"><\/div><\/div>\n<div class=\"row row-small align-middle align-center\"  id=\"row-397248490\">\n\n\t<div id=\"col-1362068348\" class=\"col medium-4 small-12 large-4\"  >\n\t\t\t\t<div class=\"col-inner\" style=\"background-color:rgb(249, 249, 249);\" >\n\t\t\t\n\t\t\t\n    <div class=\"box has-hover has-hover box-default box-text-bottom\" >\n\n                  <div class=\"box-image \" style=\"width:25%;\">\n           <div class=\"box-image-inner image-cover\" style=\"border-radius:100%;padding-top:100%;\">\n              <img decoding=\"async\" width=\"1080\" height=\"1080\" src=\"https:\/\/cozyanddozy.com\/pl\/wp-content\/uploads\/2023\/10\/karolina.jpg\" class=\"attachment- size-\" alt=\"\" srcset=\"https:\/\/cozyanddozy.com\/pl\/wp-content\/uploads\/2023\/10\/karolina.jpg 1080w, https:\/\/cozyanddozy.com\/pl\/wp-content\/uploads\/2023\/10\/karolina-400x400.jpg 400w, https:\/\/cozyanddozy.com\/pl\/wp-content\/uploads\/2023\/10\/karolina-150x150.jpg 150w, https:\/\/cozyanddozy.com\/pl\/wp-content\/uploads\/2023\/10\/karolina-768x768.jpg 768w, https:\/\/cozyanddozy.com\/pl\/wp-content\/uploads\/2023\/10\/karolina-470x470.jpg 470w, https:\/\/cozyanddozy.com\/pl\/wp-content\/uploads\/2023\/10\/karolina-800x800.jpg 800w, https:\/\/cozyanddozy.com\/pl\/wp-content\/uploads\/2023\/10\/karolina-100x100.jpg 100w\" sizes=\"(max-width: 1080px) 100vw, 1080px\" \/>                         <\/div>\n          <\/div>\n         \n          <div class=\"box-text text-center\" >\n                <div class=\"box-text-inner\">\n                  <h4 class=\"uppercase\">\n                    <span class=\"person-name\">Karolina<\/span><br\/>\n                    <span class=\"person-title is-small thin-font op-7\">\n                      CEO \/ Founder                    <\/span>\n                  <\/h4>\n\t\t\t\t\t<div class=\"social-icons follow-icons\" ><a href=\"https:\/\/www.facebook.com\/cozyanddozyshop\" target=\"_blank\" data-label=\"Facebook\" class=\"icon plain facebook tooltip\" title=\"Follow on Facebook\" aria-label=\"Follow on Facebook\" rel=\"noopener nofollow\" ><i class=\"icon-facebook\" ><\/i><\/a><a href=\"https:\/\/www.instagram.com\/cozyanddozy\/\" target=\"_blank\" data-label=\"Instagram\" class=\"icon plain instagram tooltip\" title=\"Follow on Instagram\" aria-label=\"Follow on Instagram\" rel=\"noopener nofollow\" ><i class=\"icon-instagram\" ><\/i><\/a><a href=\"mailto:mailto:shop@cozyanddozy.com\" data-label=\"E-mail\" target=\"_blank\" class=\"icon plain email tooltip\" title=\"Send us an email\" aria-label=\"Send us an email\" rel=\"nofollow noopener\" ><i class=\"icon-envelop\" ><\/i><\/a><a href=\"https:\/\/pinterest.com\/cozyanddozy\/\" data-label=\"Pinterest\" target=\"_blank\" class=\"icon plain pinterest tooltip\" title=\"Follow on Pinterest\" aria-label=\"Follow on Pinterest\" rel=\"noopener nofollow\" ><i class=\"icon-pinterest\" ><\/i><\/a><\/div>\n<p>Phone: 791 981 501<\/p>\n                <\/div>\n          <\/div>\n    <\/div>\n\n\t\n    \n\t\t<\/div>\n\t\t\t\t\n<style>\n#col-1362068348 > .col-inner {\n  padding: 30px 0px 0px 0px;\n}\n<\/style>\n\t<\/div>\n\n\t\n\n\t<div id=\"col-1660885252\" class=\"col medium-4 small-12 large-4\"  >\n\t\t\t\t<div class=\"col-inner\" style=\"background-color:rgb(249, 249, 249);\" >\n\t\t\t\n\t\t\t\n    <div class=\"box has-hover has-hover box-text-bottom\" >\n\n                  <div class=\"box-image \" style=\"width:25%;\">\n           <div class=\"box-image-inner image-cover\" style=\"border-radius:100%;padding-top:100%;\">\n              <img decoding=\"async\" width=\"718\" height=\"949\" src=\"https:\/\/cozyanddozy.com\/pl\/wp-content\/uploads\/2023\/10\/marta.jpg\" class=\"attachment-original size-original\" alt=\"\" srcset=\"https:\/\/cozyanddozy.com\/pl\/wp-content\/uploads\/2023\/10\/marta.jpg 718w, https:\/\/cozyanddozy.com\/pl\/wp-content\/uploads\/2023\/10\/marta-303x400.jpg 303w, https:\/\/cozyanddozy.com\/pl\/wp-content\/uploads\/2023\/10\/marta-113x150.jpg 113w, https:\/\/cozyanddozy.com\/pl\/wp-content\/uploads\/2023\/10\/marta-470x621.jpg 470w\" sizes=\"(max-width: 718px) 100vw, 718px\" \/>                         <\/div>\n          <\/div>\n         \n          <div class=\"box-text text-center\" >\n                <div class=\"box-text-inner\">\n                  <h4 class=\"uppercase\">\n                    <span class=\"person-name\">Marta<\/span><br\/>\n                    <span class=\"person-title is-small thin-font op-7\">\n                      MARKETING                    <\/span>\n                  <\/h4>\n\t\t\t\t\t<div class=\"social-icons follow-icons\" ><a href=\"https:\/\/www.facebook.com\/cozyanddozyshop\" target=\"_blank\" data-label=\"Facebook\" class=\"icon plain facebook tooltip\" title=\"Follow on Facebook\" aria-label=\"Follow on Facebook\" rel=\"noopener nofollow\" ><i class=\"icon-facebook\" ><\/i><\/a><a href=\"https:\/\/www.instagram.com\/cozyanddozy\/\" target=\"_blank\" data-label=\"Instagram\" class=\"icon plain instagram tooltip\" title=\"Follow on Instagram\" aria-label=\"Follow on Instagram\" rel=\"noopener nofollow\" ><i class=\"icon-instagram\" ><\/i><\/a><a href=\"mailto:mailto:shop@cozyanddozy.com\" data-label=\"E-mail\" target=\"_blank\" class=\"icon plain email tooltip\" title=\"Send us an email\" aria-label=\"Send us an email\" rel=\"nofollow noopener\" ><i class=\"icon-envelop\" ><\/i><\/a><a href=\"https:\/\/pinterest.com\/cozyanddozy\/\" data-label=\"Pinterest\" target=\"_blank\" class=\"icon plain pinterest tooltip\" title=\"Follow on Pinterest\" aria-label=\"Follow on Pinterest\" rel=\"noopener nofollow\" ><i class=\"icon-pinterest\" ><\/i><\/a><\/div>\n<p>&nbsp;<\/p>\n                <\/div>\n          <\/div>\n    <\/div>\n\n\t\n    \n\t\t<\/div>\n\t\t\t\t\n<style>\n#col-1660885252 > .col-inner {\n  padding: 30px 0px 0px 0px;\n}\n<\/style>\n\t<\/div>\n\n\t\n<\/div>\n","protected":false},"excerpt":{"rendered":"","protected":false},"author":1,"featured_media":0,"parent":0,"menu_order":0,"comment_status":"closed","ping_status":"closed","template":"","meta":{"footnotes":""},"class_list":["post-1074","page","type-page","status-publish","hentry"],"yoast_head":"<!-- This site is optimized with the Yoast SEO Premium plugin v21.9 (Yoast SEO v27.0) - https:\/\/yoast.com\/product\/yoast-seo-premium-wordpress\/ -->\n<title>O nas - Cozy &amp; Dozy<\/title>\n<meta name=\"robots\" content=\"index, follow, max-snippet:-1, max-image-preview:large, max-video-preview:-1\" \/>\n<link rel=\"canonical\" href=\"https:\/\/cozyanddozy.com\/pl\/o-nas\/\" \/>\n<meta property=\"og:locale\" content=\"pl_PL\" \/>\n<meta property=\"og:type\" content=\"article\" \/>\n<meta property=\"og:title\" content=\"O nas\" \/>\n<meta property=\"og:url\" content=\"https:\/\/cozyanddozy.com\/pl\/o-nas\/\" \/>\n<meta property=\"og:site_name\" content=\"Cozy &amp; Dozy\" \/>\n<meta property=\"article:modified_time\" content=\"2023-10-06T14:06:31+00:00\" \/>\n<meta name=\"twitter:card\" content=\"summary_large_image\" \/>\n<meta name=\"twitter:label1\" content=\"Szacowany czas czytania\" \/>\n\t<meta name=\"twitter:data1\" content=\"2 minuty\" \/>\n<script type=\"application\/ld+json\" class=\"yoast-schema-graph\">{\"@context\":\"https:\/\/schema.org\",\"@graph\":[{\"@type\":\"WebPage\",\"@id\":\"https:\/\/cozyanddozy.com\/pl\/o-nas\/\",\"url\":\"https:\/\/cozyanddozy.com\/pl\/o-nas\/\",\"name\":\"O nas - Cozy &amp; Dozy\",\"isPartOf\":{\"@id\":\"https:\/\/cozyanddozy.com\/pl\/#website\"},\"datePublished\":\"2023-02-13T19:08:37+00:00\",\"dateModified\":\"2023-10-06T14:06:31+00:00\",\"breadcrumb\":{\"@id\":\"https:\/\/cozyanddozy.com\/pl\/o-nas\/#breadcrumb\"},\"inLanguage\":\"pl-PL\",\"potentialAction\":[{\"@type\":\"ReadAction\",\"target\":[\"https:\/\/cozyanddozy.com\/pl\/o-nas\/\"]}]},{\"@type\":\"BreadcrumbList\",\"@id\":\"https:\/\/cozyanddozy.com\/pl\/o-nas\/#breadcrumb\",\"itemListElement\":[{\"@type\":\"ListItem\",\"position\":1,\"name\":\"Home\",\"item\":\"https:\/\/cozyanddozy.com\/pl\/\"},{\"@type\":\"ListItem\",\"position\":2,\"name\":\"O nas\"}]},{\"@type\":\"WebSite\",\"@id\":\"https:\/\/cozyanddozy.com\/pl\/#website\",\"url\":\"https:\/\/cozyanddozy.com\/pl\/\",\"name\":\"Cozy & Dozy\",\"description\":\"\",\"potentialAction\":[{\"@type\":\"SearchAction\",\"target\":{\"@type\":\"EntryPoint\",\"urlTemplate\":\"https:\/\/cozyanddozy.com\/pl\/?s={search_term_string}\"},\"query-input\":{\"@type\":\"PropertyValueSpecification\",\"valueRequired\":true,\"valueName\":\"search_term_string\"}}],\"inLanguage\":\"pl-PL\"}]}<\/script>\n<!-- \/ Yoast SEO Premium plugin. -->","yoast_head_json":{"title":"O nas - Cozy &amp; Dozy","robots":{"index":"index","follow":"follow","max-snippet":"max-snippet:-1","max-image-preview":"max-image-preview:large","max-video-preview":"max-video-preview:-1"},"canonical":"https:\/\/cozyanddozy.com\/pl\/o-nas\/","og_locale":"pl_PL","og_type":"article","og_title":"O nas","og_url":"https:\/\/cozyanddozy.com\/pl\/o-nas\/","og_site_name":"Cozy &amp; Dozy","article_modified_time":"2023-10-06T14:06:31+00:00","twitter_card":"summary_large_image","twitter_misc":{"Szacowany czas czytania":"2 minuty"},"schema":{"@context":"https:\/\/schema.org","@graph":[{"@type":"WebPage","@id":"https:\/\/cozyanddozy.com\/pl\/o-nas\/","url":"https:\/\/cozyanddozy.com\/pl\/o-nas\/","name":"O nas - Cozy &amp; Dozy","isPartOf":{"@id":"https:\/\/cozyanddozy.com\/pl\/#website"},"datePublished":"2023-02-13T19:08:37+00:00","dateModified":"2023-10-06T14:06:31+00:00","breadcrumb":{"@id":"https:\/\/cozyanddozy.com\/pl\/o-nas\/#breadcrumb"},"inLanguage":"pl-PL","potentialAction":[{"@type":"ReadAction","target":["https:\/\/cozyanddozy.com\/pl\/o-nas\/"]}]},{"@type":"BreadcrumbList","@id":"https:\/\/cozyanddozy.com\/pl\/o-nas\/#breadcrumb","itemListElement":[{"@type":"ListItem","position":1,"name":"Home","item":"https:\/\/cozyanddozy.com\/pl\/"},{"@type":"ListItem","position":2,"name":"O nas"}]},{"@type":"WebSite","@id":"https:\/\/cozyanddozy.com\/pl\/#website","url":"https:\/\/cozyanddozy.com\/pl\/","name":"Cozy & Dozy","description":"","potentialAction":[{"@type":"SearchAction","target":{"@type":"EntryPoint","urlTemplate":"https:\/\/cozyanddozy.com\/pl\/?s={search_term_string}"},"query-input":{"@type":"PropertyValueSpecification","valueRequired":true,"valueName":"search_term_string"}}],"inLanguage":"pl-PL"}]}},"_links":{"self":[{"href":"https:\/\/cozyanddozy.com\/pl\/wp-json\/wp\/v2\/pages\/1074","targetHints":{"allow":["GET"]}}],"collection":[{"href":"https:\/\/cozyanddozy.com\/pl\/wp-json\/wp\/v2\/pages"}],"about":[{"href":"https:\/\/cozyanddozy.com\/pl\/wp-json\/wp\/v2\/types\/page"}],"author":[{"embeddable":true,"href":"https:\/\/cozyanddozy.com\/pl\/wp-json\/wp\/v2\/users\/1"}],"replies":[{"embeddable":true,"href":"https:\/\/cozyanddozy.com\/pl\/wp-json\/wp\/v2\/comments?post=1074"}],"version-history":[{"count":18,"href":"https:\/\/cozyanddozy.com\/pl\/wp-json\/wp\/v2\/pages\/1074\/revisions"}],"predecessor-version":[{"id":1818,"href":"https:\/\/cozyanddozy.com\/pl\/wp-json\/wp\/v2\/pages\/1074\/revisions\/1818"}],"wp:attachment":[{"href":"https:\/\/cozyanddozy.com\/pl\/wp-json\/wp\/v2\/media?parent=1074"}],"curies":[{"name":"wp","href":"https:\/\/api.w.org\/{rel}","templated":true}]}}