{"id":10,"date":"2023-02-13T19:18:33","date_gmt":"2023-02-13T19:18:33","guid":{"rendered":"https:\/\/woocommerce-695922-3269682.cloudwaysapps.com\/?page_id=10"},"modified":"2023-02-28T11:59:19","modified_gmt":"2023-02-28T10:59:19","slug":"zwroty-i-wymiana","status":"publish","type":"page","link":"https:\/\/cozyanddozy.com\/pl\/zwroty-i-wymiana\/","title":{"rendered":"Zwroty i wymiana"},"content":{"rendered":"<h3 style=\"text-align: center;\">Zwroty i wymiana<\/h3>\n<p style=\"text-align: center;\">z Regulaminu:<\/p>\n<p style=\"text-align: center;\"><strong>\u00a7 6 PRAWO ODST\u0104PIENIA OD UMOWY<\/strong><br \/>\n1.<br \/>\nKonsument ma prawo odst\u0105pi\u0107 od umowy w terminie 14 dni bez podania jakiejkolwiek przyczyny.<\/p>\n<p style=\"text-align: center;\">2.<br \/>\nTermin do odst\u0105pienia od umowy wygasa po up\u0142ywie 14 dni od dnia w kt\u00f3rym Konsument wszed\u0142<br \/>\nw posiadanie rzeczy lub w kt\u00f3rym osoba trzecia inna ni\u017c przewo\u017anik i wskazana przez<br \/>\nKonsumenta wesz\u0142a w posiadanie rzeczy<br \/>\n3.<br \/>\nAby skorzysta\u0107 z prawa odst\u0105pienia od umowy,\u00a0 Konsument musi poinformowa\u0107 Przedsi\u0119biorc\u0119 o<br \/>\nswojej decyzji o odst\u0105pieniu od\u00a0 umowy w drodze jednoznacznego o\u015bwiadczenia &#8211; korzystaj\u0105c z<br \/>\ndanych Przedsi\u0119biorcy podanych w niniejszym regulaminie.<br \/>\n4.<br \/>\nKonsument mo\u017ce skorzysta\u0107 z wzoru formularza odst\u0105pienia od umowy zamieszczonego na<br \/>\nko\u0144cu niniejszego regulaminu, jednak nie jest to obowi\u0105zkowe.<br \/>\n5.<br \/>\nAby zachowa\u0107 termin do odst\u0105pienia od umowy, wystarczy, aby Konsument wys\u0142a\u0142 informacj\u0119<br \/>\ndotycz\u0105c\u0105 wykonania przys\u0142uguj\u0105cego prawa odst\u0105pienia od umowy przed up\u0142ywem terminu do<br \/>\nodst\u0105pienia od umowy.<br \/>\n6.<br \/>\nSkutki odst\u0105pienia od umowy:<br \/>\na.<br \/>\nw przypadku odst\u0105pienia od umowy Przedsi\u0119biorca zwraca Konsumentowi wszystkie<br \/>\notrzymane od Konsumenta p\u0142atno\u015bci, w tym koszty dostarczenia rzeczy (<br \/>\nz wyj\u0105tkiem:<br \/>\ndodatkowych koszt\u00f3w wynikaj\u0105cych z wybranego przez Konsumenta sposobu dostarczenia<br \/>\ninnego ni\u017c najta\u0144szy zwyk\u0142y spos\u00f3b dostarczenia oferowany przez Przedsi\u0119biorc\u0119 w Sklepie),<br \/>\nniezw\u0142ocznie, a w ka\u017cdym przypadku nie p\u00f3\u017aniej ni\u017c 14 dni od dnia, w kt\u00f3rym Przedsi\u0119biorca<br \/>\nzosta\u0142\u00a0 poinformowany o decyzji Konsumenta o wykonaniu prawa odst\u0105pienia od umowy.;<br \/>\nb.<br \/>\nzwrotu p\u0142atno\u015bci Przedsi\u0119biorca dokona przy u\u017cyciu takich samych sposob\u00f3w p\u0142atno\u015bci, jakie<br \/>\nzosta\u0142y przez Konsumenta u\u017cyte w pierwotnej transakcji, chyba \u017ce Konsument wyra\u017anie<br \/>\nzgodzi\u0142 si\u0119 na inne rozwi\u0105zanie; w ka\u017cdym przypadku Konsument nie poniesie \u017cadnych op\u0142at<br \/>\nw zwi\u0105zku z tym zwrotem;<br \/>\nc.<br \/>\nPrzedsi\u0119biorca mo\u017ce wstrzyma\u0107 si\u0119 ze zwrotem p\u0142atno\u015bci do czasu otrzymania towaru lub do<br \/>\nczasu dostarczenia mu dowodu jego odes\u0142ania, w zale\u017cno\u015bci od tego, kt\u00f3re zdarzenie<br \/>\nnast\u0105pi wcze\u015bniej;<br \/>\nd.<br \/>\nKonsument powinien odes\u0142a\u0107 towar na adres Przedsi\u0119biorcy podany w niniejszym<br \/>\nregulaminie niezw\u0142ocznie, a w ka\u017cdym razie nie p\u00f3\u017aniej ni\u017c 14 dni od dnia, w kt\u00f3rym<br \/>\npoinformowa\u0142 Przedsi\u0119biorc\u0119\u00a0 o odst\u0105pieniu od umowy. Termin zostanie zachowany, je\u017celi<br \/>\nKonsument ode\u015ble towar przed up\u0142ywem terminu 14 dni;<br \/>\ne.<br \/>\nKonsument ponosi bezpo\u015brednie koszty zwrotu rzeczy;<br \/>\nf.<br \/>\nKonsument odpowiada tylko za zmniejszenie warto\u015bci rzeczy wynikaj\u0105ce z korzystania z niej<br \/>\nw spos\u00f3b inny ni\u017c by\u0142o to konieczne do stwierdzenia charakteru, cech i funkcjonowania<br \/>\nrzeczy.<br \/>\n7.<br \/>\nW przypadku gdy ze wzgl\u0119du na sw\u00f3j charakter rzeczy nie mog\u0105 zosta\u0107 w zwyk\u0142ym trybie<br \/>\nodes\u0142ane poczt\u0105 informacja o tym, a tak\u017ce o kosztach zwrotu rzeczy, b\u0119dzie si\u0119 znajdowa\u0107 w<br \/>\nopisie rzeczy w Sklepie.<br \/>\n8.<br \/>\nPrawo odst\u0105pienia od umowy zawartej na odleg\u0142o\u015b\u0107 nie przys\u0142uguje Konsumentowi w odniesieniu<br \/>\ndo umowy:<br \/>\na.<br \/>\nw kt\u00f3rej przedmiotem \u015bwiadczenia jest rzecz nieprefabrykowana, wyprodukowana wed\u0142ug<br \/>\nspecyfikacji konsumenta lub s\u0142u\u017c\u0105ca zaspokojeniu jego zindywidualizowanych potrzeb;<\/p>\n<p style=\"text-align: center;\"><strong>\u00a7 7 REKLAMACJA i GWARANCJA<\/strong><br \/>\n1.<br \/>\nPrzedsi\u0119biorca jest zobowi\u0105zany do dostarczenia rzeczy wolnej od wad.<br \/>\n2.<br \/>\nW przypadku wyst\u0105pienia wady zakupionego u Przedsi\u0119biorcy towaru Konsument ma prawo do<br \/>\nreklamacji w oparciu o r\u0119kojmi\u0119 uregulowan\u0105 przepisami kodeksu cywilnego.<br \/>\n3.<br \/>\nReklamacj\u0119 nale\u017cy zg\u0142osi\u0107 pisemnie lub drog\u0105 elektroniczn\u0105 na podane w niniejszym<br \/>\nregulaminie adresy Przedsi\u0119biorcy.<br \/>\n4.<br \/>\nZaleca si\u0119 aby w reklamacji zawrze\u0107 m.in. zwi\u0119z\u0142y opis wady, dat\u0119 jej wyst\u0105pienia, dane<br \/>\nKonsumenta sk\u0142adaj\u0105cego reklamacj\u0119 oraz \u017c\u0105danie Konsumenta w zwi\u0105zku z wad\u0105 towaru.<br \/>\n5.<br \/>\nPrzedsi\u0119biorca ustosunkuje si\u0119 do \u017c\u0105dania reklamacyjnego Konsumenta w terminie 14 dni, a<br \/>\nje\u015bli nie zrobi tego w tym terminie uwa\u017ca si\u0119, \u017ce \u017c\u0105danie Konsumenta uzna\u0142 za uzasadnione.<br \/>\n6.<br \/>\nTowary odsy\u0142ane w ramach procedury reklamacyjnej nale\u017cy wysy\u0142a\u0107 na adres podany w \u00a7 3<br \/>\nRegulaminu.<br \/>\n7.<br \/>\nW przypadku gdy na produkt zosta\u0142a udzielona gwarancja informacja o niej, a tak\u017ce jej tre\u015b\u0107,<br \/>\nb\u0119d\u0105 zawarte przy opisie produktu w Sklepie.<\/p>\n<p style=\"text-align: center;\"><strong>\u00a7 8 POZAS\u0104DOWE SPOSOBY ROZPATRYWANIA REKLAMACJI i DOCHODZENIA ROSZCE\u0143<\/strong><\/p>\n<p style=\"text-align: center;\">1.<br \/>\nKonsument ma mo\u017cliwo\u015b\u0107 skorzystania m.in. z:<br \/>\na.<br \/>\nmediacji prowadzonej przez Wojew\u00f3dzkie Inspektoraty Inspekcji Handlowej.<br \/>\nb.<br \/>\npomocy sta\u0142ych polubownych s\u0105d\u00f3w konsumenckich dzia\u0142aj\u0105cych przy Wojew\u00f3dzkich<br \/>\nInspektoratach Inspekcji Handlowej<\/p>\n<p style=\"text-align: center;\"><strong>DOKUMENTY DO POBRANIA:<\/strong><\/p>\n<p style=\"text-align: center;\"><a href=\"https:\/\/cozyanddozy.com\/dokumenty\/reklamacja.pdf\"><strong>REKLAMACJA<\/strong><\/a><\/p>\n<p style=\"text-align: center;\"><a href=\"https:\/\/cozyanddozy.com\/dokumenty\/wymiana.pdf\"><strong>WYMIANA<\/strong><\/a><\/p>\n<p style=\"text-align: center;\"><a href=\"https:\/\/cozyanddozy.com\/dokumenty\/zwrot.pdf\"><strong>ZWROT<\/strong><\/a><\/p>\n","protected":false},"excerpt":{"rendered":"<p>Zwroty i wymiana z Regulaminu: \u00a7 6 PRAWO ODST\u0104PIENIA OD UMOWY 1. Konsument ma prawo odst\u0105pi\u0107 od umowy w terminie 14 dni bez podania jakiejkolwiek przyczyny. 2. Termin do odst\u0105pienia od umowy wygasa po up\u0142ywie 14 dni od dnia w kt\u00f3rym Konsument wszed\u0142 w posiadanie rzeczy lub w kt\u00f3rym osoba trzecia inna ni\u017c przewo\u017anik i [&#8230;]\n","protected":false},"author":1,"featured_media":0,"parent":0,"menu_order":0,"comment_status":"closed","ping_status":"closed","template":"","meta":{"footnotes":""},"class_list":["post-10","page","type-page","status-publish","hentry"],"yoast_head":"<!-- This site is optimized with the Yoast SEO Premium plugin v21.9 (Yoast SEO v27.0) - https:\/\/yoast.com\/product\/yoast-seo-premium-wordpress\/ -->\n<title>Zwroty i wymiana - Cozy &amp; Dozy<\/title>\n<meta name=\"robots\" content=\"index, follow, max-snippet:-1, max-image-preview:large, max-video-preview:-1\" \/>\n<link rel=\"canonical\" href=\"https:\/\/cozyanddozy.com\/pl\/zwroty-i-wymiana\/\" \/>\n<meta property=\"og:locale\" content=\"pl_PL\" \/>\n<meta property=\"og:type\" content=\"article\" \/>\n<meta property=\"og:title\" content=\"Zwroty i wymiana\" \/>\n<meta property=\"og:description\" content=\"Zwroty i wymiana z Regulaminu: \u00a7 6 PRAWO ODST\u0104PIENIA OD UMOWY 1. Konsument ma prawo odst\u0105pi\u0107 od umowy w terminie 14 dni bez podania jakiejkolwiek przyczyny. 2. Termin do odst\u0105pienia od umowy wygasa po up\u0142ywie 14 dni od dnia w kt\u00f3rym Konsument wszed\u0142 w posiadanie rzeczy lub w kt\u00f3rym osoba trzecia inna ni\u017c przewo\u017anik i [...]\" \/>\n<meta property=\"og:url\" content=\"https:\/\/cozyanddozy.com\/pl\/zwroty-i-wymiana\/\" \/>\n<meta property=\"og:site_name\" content=\"Cozy &amp; Dozy\" \/>\n<meta property=\"article:modified_time\" content=\"2023-02-28T10:59:19+00:00\" \/>\n<meta name=\"twitter:card\" content=\"summary_large_image\" \/>\n<meta name=\"twitter:label1\" content=\"Szacowany czas czytania\" \/>\n\t<meta name=\"twitter:data1\" content=\"4 minuty\" \/>\n<script type=\"application\/ld+json\" class=\"yoast-schema-graph\">{\"@context\":\"https:\/\/schema.org\",\"@graph\":[{\"@type\":\"WebPage\",\"@id\":\"https:\/\/cozyanddozy.com\/pl\/zwroty-i-wymiana\/\",\"url\":\"https:\/\/cozyanddozy.com\/pl\/zwroty-i-wymiana\/\",\"name\":\"Zwroty i wymiana - Cozy &amp; Dozy\",\"isPartOf\":{\"@id\":\"https:\/\/cozyanddozy.com\/pl\/#website\"},\"datePublished\":\"2023-02-13T19:18:33+00:00\",\"dateModified\":\"2023-02-28T10:59:19+00:00\",\"breadcrumb\":{\"@id\":\"https:\/\/cozyanddozy.com\/pl\/zwroty-i-wymiana\/#breadcrumb\"},\"inLanguage\":\"pl-PL\",\"potentialAction\":[{\"@type\":\"ReadAction\",\"target\":[\"https:\/\/cozyanddozy.com\/pl\/zwroty-i-wymiana\/\"]}]},{\"@type\":\"BreadcrumbList\",\"@id\":\"https:\/\/cozyanddozy.com\/pl\/zwroty-i-wymiana\/#breadcrumb\",\"itemListElement\":[{\"@type\":\"ListItem\",\"position\":1,\"name\":\"Home\",\"item\":\"https:\/\/cozyanddozy.com\/pl\/\"},{\"@type\":\"ListItem\",\"position\":2,\"name\":\"Zwroty i wymiana\"}]},{\"@type\":\"WebSite\",\"@id\":\"https:\/\/cozyanddozy.com\/pl\/#website\",\"url\":\"https:\/\/cozyanddozy.com\/pl\/\",\"name\":\"Cozy & Dozy\",\"description\":\"\",\"potentialAction\":[{\"@type\":\"SearchAction\",\"target\":{\"@type\":\"EntryPoint\",\"urlTemplate\":\"https:\/\/cozyanddozy.com\/pl\/?s={search_term_string}\"},\"query-input\":{\"@type\":\"PropertyValueSpecification\",\"valueRequired\":true,\"valueName\":\"search_term_string\"}}],\"inLanguage\":\"pl-PL\"}]}<\/script>\n<!-- \/ Yoast SEO Premium plugin. -->","yoast_head_json":{"title":"Zwroty i wymiana - Cozy &amp; Dozy","robots":{"index":"index","follow":"follow","max-snippet":"max-snippet:-1","max-image-preview":"max-image-preview:large","max-video-preview":"max-video-preview:-1"},"canonical":"https:\/\/cozyanddozy.com\/pl\/zwroty-i-wymiana\/","og_locale":"pl_PL","og_type":"article","og_title":"Zwroty i wymiana","og_description":"Zwroty i wymiana z Regulaminu: \u00a7 6 PRAWO ODST\u0104PIENIA OD UMOWY 1. Konsument ma prawo odst\u0105pi\u0107 od umowy w terminie 14 dni bez podania jakiejkolwiek przyczyny. 2. Termin do odst\u0105pienia od umowy wygasa po up\u0142ywie 14 dni od dnia w kt\u00f3rym Konsument wszed\u0142 w posiadanie rzeczy lub w kt\u00f3rym osoba trzecia inna ni\u017c przewo\u017anik i [...]","og_url":"https:\/\/cozyanddozy.com\/pl\/zwroty-i-wymiana\/","og_site_name":"Cozy &amp; Dozy","article_modified_time":"2023-02-28T10:59:19+00:00","twitter_card":"summary_large_image","twitter_misc":{"Szacowany czas czytania":"4 minuty"},"schema":{"@context":"https:\/\/schema.org","@graph":[{"@type":"WebPage","@id":"https:\/\/cozyanddozy.com\/pl\/zwroty-i-wymiana\/","url":"https:\/\/cozyanddozy.com\/pl\/zwroty-i-wymiana\/","name":"Zwroty i wymiana - Cozy &amp; Dozy","isPartOf":{"@id":"https:\/\/cozyanddozy.com\/pl\/#website"},"datePublished":"2023-02-13T19:18:33+00:00","dateModified":"2023-02-28T10:59:19+00:00","breadcrumb":{"@id":"https:\/\/cozyanddozy.com\/pl\/zwroty-i-wymiana\/#breadcrumb"},"inLanguage":"pl-PL","potentialAction":[{"@type":"ReadAction","target":["https:\/\/cozyanddozy.com\/pl\/zwroty-i-wymiana\/"]}]},{"@type":"BreadcrumbList","@id":"https:\/\/cozyanddozy.com\/pl\/zwroty-i-wymiana\/#breadcrumb","itemListElement":[{"@type":"ListItem","position":1,"name":"Home","item":"https:\/\/cozyanddozy.com\/pl\/"},{"@type":"ListItem","position":2,"name":"Zwroty i wymiana"}]},{"@type":"WebSite","@id":"https:\/\/cozyanddozy.com\/pl\/#website","url":"https:\/\/cozyanddozy.com\/pl\/","name":"Cozy & Dozy","description":"","potentialAction":[{"@type":"SearchAction","target":{"@type":"EntryPoint","urlTemplate":"https:\/\/cozyanddozy.com\/pl\/?s={search_term_string}"},"query-input":{"@type":"PropertyValueSpecification","valueRequired":true,"valueName":"search_term_string"}}],"inLanguage":"pl-PL"}]}},"_links":{"self":[{"href":"https:\/\/cozyanddozy.com\/pl\/wp-json\/wp\/v2\/pages\/10","targetHints":{"allow":["GET"]}}],"collection":[{"href":"https:\/\/cozyanddozy.com\/pl\/wp-json\/wp\/v2\/pages"}],"about":[{"href":"https:\/\/cozyanddozy.com\/pl\/wp-json\/wp\/v2\/types\/page"}],"author":[{"embeddable":true,"href":"https:\/\/cozyanddozy.com\/pl\/wp-json\/wp\/v2\/users\/1"}],"replies":[{"embeddable":true,"href":"https:\/\/cozyanddozy.com\/pl\/wp-json\/wp\/v2\/comments?post=10"}],"version-history":[{"count":4,"href":"https:\/\/cozyanddozy.com\/pl\/wp-json\/wp\/v2\/pages\/10\/revisions"}],"predecessor-version":[{"id":1354,"href":"https:\/\/cozyanddozy.com\/pl\/wp-json\/wp\/v2\/pages\/10\/revisions\/1354"}],"wp:attachment":[{"href":"https:\/\/cozyanddozy.com\/pl\/wp-json\/wp\/v2\/media?parent=10"}],"curies":[{"name":"wp","href":"https:\/\/api.w.org\/{rel}","templated":true}]}}