{"id":852,"date":"2022-03-18T11:26:52","date_gmt":"2022-03-18T11:26:52","guid":{"rendered":"https:\/\/cozyanddozy.com\/it\/product\/pillowcase-50x50-cm-frill-velvet-colors\/"},"modified":"2023-11-08T16:40:34","modified_gmt":"2023-11-08T16:40:34","slug":"federa-50x50-cm-frill-velvet-colors","status":"publish","type":"product","link":"https:\/\/cozyanddozy.com\/it\/prodotto\/federa-50x50-cm-frill-velvet-colors\/","title":{"rendered":"Federa 50&#215;50 cm &#8211; Frill Velvet colori"},"content":{"rendered":"<p>Le federe in velluto di Cozy &amp; Dozy incuriosiranno non solo i bambini, ma anche i ragazzi<\/p>\n<p>I cuscini in casa non sono mai troppi: non c&#8217;\u00e8 bisogno di convincere nessuno per questo slogan, vero? I cuscini, belli e piacevoli al tatto, creano un&#8217;atmosfera accogliente e calda in qualsiasi ambiente, anche il pi\u00f9 austero. Tuttavia, la cosa pi\u00f9 importante per noi \u00e8 che nessun bambino disprezzer\u00e0 un pisolino su un cuscino morbido e confortevole. Inoltre, per i nostri bambini, che fin da piccoli vivono molte avventure diverse, un buon sonnellino vale oro.<\/p>\n<p>I nostri cuscini ottengono il riconoscimento anche dei pi\u00f9 grandi critici, perch\u00e9 sono stati realizzati con la massima cura e attenzione per ogni dettaglio. Inoltre, sono realizzati in materiale di altissima qualit\u00e0 &#8211; 100% velluto &#8211; che garantisce un aspetto bello ed efficace del cuscino per molto tempo. Questo materiale \u00e8 anche certificato CE, il che significa che \u00e8 sicuro da usare e non contiene sostanze nocive. In questo modo \u00e8 possibile dare i nostri cuscini in tutta sicurezza anche ai bambini con la pelle pi\u00f9 sensibile.<\/p>\n<p>I cuscini Cozy &amp; Dozy sono prodotti eccezionali e unici. Sono stati disegnati da noi, rifiniti nei minimi dettagli e cuciti dalle nostre esperte sarte. Grazie a questo, potete essere certi di ottenere un prodotto di altissima qualit\u00e0, realizzato con estrema cura. \u00c8 molto importante per noi per un motivo specifico. La nostra esperienza dimostra che i bambini imparano meglio dal buon esempio che i genitori danno loro. Quando il bambino riceve un prodotto bello e di alta qualit\u00e0, \u00e8 in grado di apprendere le combinazioni di colori e il senso estetico fin da piccolo. Sapranno anche che vale la pena investire in prodotti di buona qualit\u00e0, perch\u00e9 restano con noi pi\u00f9 a lungo.<\/p>\n<p>Incluso:<\/p>\n<ul>\n<li>federa del colore selezionato<\/li>\n<\/ul>\n<p>* possibilit\u00e0 di acquistare un inserto per cuscino<\/p>\n<p>Dimensioni:<\/p>\n<ul>\n<li>50 \u00d7 50 cm<\/li>\n<\/ul>\n<p>Composizione:<\/p>\n<ul>\n<li>100% velluto (certificato, CE)<\/li>\n<\/ul>\n<p>Lavaggio:<\/p>\n<ul>\n<li>Lavabile in lavatrice a 40 gradi,<\/li>\n<li>rotazione &#8211; 800 giri,<\/li>\n<li><span style=\"color: #555555;\">non lavare a secco, non candeggiare.<\/span><\/li>\n<\/ul>\n","protected":false},"excerpt":{"rendered":"<p>Federa grande 50 \u00d7 50 cm con balza decorativa. Federa in velluto con cerniera.<\/p>\n","protected":false},"featured_media":1205,"comment_status":"open","ping_status":"closed","template":"","meta":[],"product_brand":[],"product_cat":[17],"product_tag":[],"class_list":{"0":"post-852","1":"product","2":"type-product","3":"status-publish","4":"has-post-thumbnail","6":"product_cat-cuscini-pouf","7":"pa_color-dark-pink","8":"pa_color-ecru","9":"pa_color-grey","10":"pa_color-light-blue","11":"pa_color-light-pink","13":"first","14":"instock","15":"sale","16":"product-type-variable"},"yoast_head":"<!-- This site is optimized with the Yoast SEO Premium plugin v21.9 (Yoast SEO v27.0) - https:\/\/yoast.com\/product\/yoast-seo-premium-wordpress\/ -->\n<title>Federa 50x50 cm - Frill Velvet colori - Cozy &amp; Dozy<\/title>\n<meta name=\"robots\" content=\"index, follow, max-snippet:-1, max-image-preview:large, max-video-preview:-1\" \/>\n<link rel=\"canonical\" href=\"https:\/\/cozyanddozy.com\/it\/prodotto\/federa-50x50-cm-frill-velvet-colors\/\" \/>\n<meta property=\"og:locale\" content=\"it_IT\" \/>\n<meta property=\"og:type\" content=\"article\" \/>\n<meta property=\"og:title\" content=\"Federa 50x50 cm - Frill Velvet colori\" \/>\n<meta property=\"og:description\" content=\"Federa grande 50 \u00d7 50 cm con balza decorativa. Federa in velluto con cerniera.\" \/>\n<meta property=\"og:url\" content=\"https:\/\/cozyanddozy.com\/it\/prodotto\/federa-50x50-cm-frill-velvet-colors\/\" \/>\n<meta property=\"og:site_name\" content=\"Cozy &amp; Dozy\" \/>\n<meta property=\"article:modified_time\" content=\"2023-11-08T16:40:34+00:00\" \/>\n<meta property=\"og:image\" content=\"https:\/\/cozyanddozy.com\/it\/wp-content\/uploads\/2022\/03\/frill-pink-pillow.jpg\" \/>\n\t<meta property=\"og:image:width\" content=\"1200\" \/>\n\t<meta property=\"og:image:height\" content=\"1200\" \/>\n\t<meta property=\"og:image:type\" content=\"image\/jpeg\" \/>\n<meta name=\"twitter:card\" content=\"summary_large_image\" \/>\n<meta name=\"twitter:label1\" content=\"Disponibilit\u00e0\" \/>\n\t<meta name=\"twitter:data1\" content=\"In stock\" \/>\n<script type=\"application\/ld+json\" class=\"yoast-schema-graph\">{\"@context\":\"https:\/\/schema.org\",\"@graph\":[{\"@type\":\"WebPage\",\"@id\":\"https:\/\/cozyanddozy.com\/it\/prodotto\/federa-50x50-cm-frill-velvet-colors\/\",\"url\":\"https:\/\/cozyanddozy.com\/it\/prodotto\/federa-50x50-cm-frill-velvet-colors\/\",\"name\":\"Federa 50x50 cm - Frill Velvet colori - Cozy & Dozy\",\"isPartOf\":{\"@id\":\"https:\/\/cozyanddozy.com\/it\/#website\"},\"primaryImageOfPage\":{\"@id\":\"https:\/\/cozyanddozy.com\/it\/prodotto\/federa-50x50-cm-frill-velvet-colors\/#primaryimage\"},\"image\":{\"@id\":\"https:\/\/cozyanddozy.com\/it\/prodotto\/federa-50x50-cm-frill-velvet-colors\/#primaryimage\"},\"thumbnailUrl\":\"https:\/\/cozyanddozy.com\/it\/wp-content\/uploads\/2022\/03\/frill-pink-pillow.jpg\",\"datePublished\":\"2022-03-18T11:26:52+00:00\",\"dateModified\":\"2023-11-08T16:40:34+00:00\",\"breadcrumb\":{\"@id\":\"https:\/\/cozyanddozy.com\/it\/prodotto\/federa-50x50-cm-frill-velvet-colors\/#breadcrumb\"},\"inLanguage\":\"it-IT\",\"potentialAction\":[{\"@type\":\"ReadAction\",\"target\":[\"https:\/\/cozyanddozy.com\/it\/prodotto\/federa-50x50-cm-frill-velvet-colors\/\"]}]},{\"@type\":\"ImageObject\",\"inLanguage\":\"it-IT\",\"@id\":\"https:\/\/cozyanddozy.com\/it\/prodotto\/federa-50x50-cm-frill-velvet-colors\/#primaryimage\",\"url\":\"https:\/\/cozyanddozy.com\/it\/wp-content\/uploads\/2022\/03\/frill-pink-pillow.jpg\",\"contentUrl\":\"https:\/\/cozyanddozy.com\/it\/wp-content\/uploads\/2022\/03\/frill-pink-pillow.jpg\",\"width\":1200,\"height\":1200},{\"@type\":\"BreadcrumbList\",\"@id\":\"https:\/\/cozyanddozy.com\/it\/prodotto\/federa-50x50-cm-frill-velvet-colors\/#breadcrumb\",\"itemListElement\":[{\"@type\":\"ListItem\",\"position\":1,\"name\":\"Home\",\"item\":\"https:\/\/cozyanddozy.com\/it\/\"},{\"@type\":\"ListItem\",\"position\":2,\"name\":\"Negozio\",\"item\":\"https:\/\/cozyanddozy.com\/it\/negozio\/\"},{\"@type\":\"ListItem\",\"position\":3,\"name\":\"Federa 50&#215;50 cm &#8211; Frill Velvet colori\"}]},{\"@type\":\"WebSite\",\"@id\":\"https:\/\/cozyanddozy.com\/it\/#website\",\"url\":\"https:\/\/cozyanddozy.com\/it\/\",\"name\":\"Cozy & Dozy\",\"description\":\"\",\"potentialAction\":[{\"@type\":\"SearchAction\",\"target\":{\"@type\":\"EntryPoint\",\"urlTemplate\":\"https:\/\/cozyanddozy.com\/it\/?s={search_term_string}\"},\"query-input\":{\"@type\":\"PropertyValueSpecification\",\"valueRequired\":true,\"valueName\":\"search_term_string\"}}],\"inLanguage\":\"it-IT\"}]}<\/script>\n<meta property=\"og:availability\" content=\"instock\" \/>\n<meta property=\"product:availability\" content=\"instock\" \/>\n<meta property=\"product:retailer_item_id\" content=\"5902701496203\" \/>\n<meta property=\"product:condition\" content=\"new\" \/>\n<!-- \/ Yoast SEO Premium plugin. -->","yoast_head_json":{"title":"Federa 50x50 cm - Frill Velvet colori - Cozy & Dozy","robots":{"index":"index","follow":"follow","max-snippet":"max-snippet:-1","max-image-preview":"max-image-preview:large","max-video-preview":"max-video-preview:-1"},"canonical":"https:\/\/cozyanddozy.com\/it\/prodotto\/federa-50x50-cm-frill-velvet-colors\/","og_locale":"it_IT","og_type":"article","og_title":"Federa 50x50 cm - Frill Velvet colori","og_description":"Federa grande 50 \u00d7 50 cm con balza decorativa. Federa in velluto con cerniera.","og_url":"https:\/\/cozyanddozy.com\/it\/prodotto\/federa-50x50-cm-frill-velvet-colors\/","og_site_name":"Cozy &amp; Dozy","article_modified_time":"2023-11-08T16:40:34+00:00","og_image":[{"width":1200,"height":1200,"url":"https:\/\/cozyanddozy.com\/it\/wp-content\/uploads\/2022\/03\/frill-pink-pillow.jpg","type":"image\/jpeg"}],"twitter_card":"summary_large_image","twitter_misc":{"Disponibilit\u00e0":"In stock"},"schema":{"@context":"https:\/\/schema.org","@graph":[{"@type":"WebPage","@id":"https:\/\/cozyanddozy.com\/it\/prodotto\/federa-50x50-cm-frill-velvet-colors\/","url":"https:\/\/cozyanddozy.com\/it\/prodotto\/federa-50x50-cm-frill-velvet-colors\/","name":"Federa 50x50 cm - Frill Velvet colori - Cozy & Dozy","isPartOf":{"@id":"https:\/\/cozyanddozy.com\/it\/#website"},"primaryImageOfPage":{"@id":"https:\/\/cozyanddozy.com\/it\/prodotto\/federa-50x50-cm-frill-velvet-colors\/#primaryimage"},"image":{"@id":"https:\/\/cozyanddozy.com\/it\/prodotto\/federa-50x50-cm-frill-velvet-colors\/#primaryimage"},"thumbnailUrl":"https:\/\/cozyanddozy.com\/it\/wp-content\/uploads\/2022\/03\/frill-pink-pillow.jpg","datePublished":"2022-03-18T11:26:52+00:00","dateModified":"2023-11-08T16:40:34+00:00","breadcrumb":{"@id":"https:\/\/cozyanddozy.com\/it\/prodotto\/federa-50x50-cm-frill-velvet-colors\/#breadcrumb"},"inLanguage":"it-IT","potentialAction":[{"@type":"ReadAction","target":["https:\/\/cozyanddozy.com\/it\/prodotto\/federa-50x50-cm-frill-velvet-colors\/"]}]},{"@type":"ImageObject","inLanguage":"it-IT","@id":"https:\/\/cozyanddozy.com\/it\/prodotto\/federa-50x50-cm-frill-velvet-colors\/#primaryimage","url":"https:\/\/cozyanddozy.com\/it\/wp-content\/uploads\/2022\/03\/frill-pink-pillow.jpg","contentUrl":"https:\/\/cozyanddozy.com\/it\/wp-content\/uploads\/2022\/03\/frill-pink-pillow.jpg","width":1200,"height":1200},{"@type":"BreadcrumbList","@id":"https:\/\/cozyanddozy.com\/it\/prodotto\/federa-50x50-cm-frill-velvet-colors\/#breadcrumb","itemListElement":[{"@type":"ListItem","position":1,"name":"Home","item":"https:\/\/cozyanddozy.com\/it\/"},{"@type":"ListItem","position":2,"name":"Negozio","item":"https:\/\/cozyanddozy.com\/it\/negozio\/"},{"@type":"ListItem","position":3,"name":"Federa 50&#215;50 cm &#8211; Frill Velvet colori"}]},{"@type":"WebSite","@id":"https:\/\/cozyanddozy.com\/it\/#website","url":"https:\/\/cozyanddozy.com\/it\/","name":"Cozy & Dozy","description":"","potentialAction":[{"@type":"SearchAction","target":{"@type":"EntryPoint","urlTemplate":"https:\/\/cozyanddozy.com\/it\/?s={search_term_string}"},"query-input":{"@type":"PropertyValueSpecification","valueRequired":true,"valueName":"search_term_string"}}],"inLanguage":"it-IT"}]},"og_availability":"instock","product_availability":"instock","product_retailer_item_id":"5902701496203","product_condition":"new"},"_links":{"self":[{"href":"https:\/\/cozyanddozy.com\/it\/wp-json\/wp\/v2\/product\/852","targetHints":{"allow":["GET"]}}],"collection":[{"href":"https:\/\/cozyanddozy.com\/it\/wp-json\/wp\/v2\/product"}],"about":[{"href":"https:\/\/cozyanddozy.com\/it\/wp-json\/wp\/v2\/types\/product"}],"replies":[{"embeddable":true,"href":"https:\/\/cozyanddozy.com\/it\/wp-json\/wp\/v2\/comments?post=852"}],"wp:featuredmedia":[{"embeddable":true,"href":"https:\/\/cozyanddozy.com\/it\/wp-json\/wp\/v2\/media\/1205"}],"wp:attachment":[{"href":"https:\/\/cozyanddozy.com\/it\/wp-json\/wp\/v2\/media?parent=852"}],"wp:term":[{"taxonomy":"product_brand","embeddable":true,"href":"https:\/\/cozyanddozy.com\/it\/wp-json\/wp\/v2\/product_brand?post=852"},{"taxonomy":"product_cat","embeddable":true,"href":"https:\/\/cozyanddozy.com\/it\/wp-json\/wp\/v2\/product_cat?post=852"},{"taxonomy":"product_tag","embeddable":true,"href":"https:\/\/cozyanddozy.com\/it\/wp-json\/wp\/v2\/product_tag?post=852"}],"curies":[{"name":"wp","href":"https:\/\/api.w.org\/{rel}","templated":true}]}}