{"id":840,"date":"2022-03-04T12:16:05","date_gmt":"2022-03-04T12:16:05","guid":{"rendered":"https:\/\/cozyanddozy.com\/it\/product\/tipi-tent-pink-frill-tipi-set-5-el\/"},"modified":"2024-02-07T09:04:19","modified_gmt":"2024-02-07T09:04:19","slug":"tenda-perno-tipi-set-5-el","status":"publish","type":"product","link":"https:\/\/cozyanddozy.com\/it\/prodotto\/tenda-perno-tipi-set-5-el\/","title":{"rendered":"Tenda Tipi Pink Frill, set Tipi 5 el."},"content":{"rendered":"<p>Una tenda con fronzoli della serie Pink Frill \u00e8 un set per la cameretta della bambina con un morbido e grande tappeto rotondo, un cuscino a cuore e una grande tenda di 110&#215;150 cm. Il set da gioco perfetto.<\/p>\n<p>Il Teepee indiano \u00e8 un luogo straordinario per giocare all&#8217;aperto e in casa. Una tenda teepee per bambini \u00e8 un buon posto per riposare e un angolo per leggere libri. Un wigwam per bambini \u00e8 un elemento alla moda dell&#8217;arredamento di una stanza per bambini.<\/p>\n<p>La tenda per bambini \u00e8 dotata di una tasca cucita per i giocattoli e di una finestra con tapparella. Tutte le parti in tessuto sono lavabili in lavatrice. La tenda per bambini \u00e8 facile da ripiegare e non occupa molto spazio.<\/p>\n<p>I teepee indiani sono realizzati con il metodo artigianale, con tessuti sicuri per i bambini provenienti dall&#8217;Europa e con certificati di qualit\u00e0. Tutti i modelli sono progettati da noi e vi garantiamo che otterrete un prodotto unico e della migliore qualit\u00e0.<\/p>\n<p>Il set di Tipi Pink Frill di COZY &amp; DOZY comprende:<\/p>\n<ul>\n<li>teepee per bambina<\/li>\n<li><span style=\"color: #555555;\">tappetino rotondo morbido con balza<\/span><\/li>\n<li><span style=\"color: #555555;\">cuscino a cuore<\/span><\/li>\n<li><span style=\"color: #555555;\">stabilizzatore<\/span><\/li>\n<li><span style=\"color: #555555;\">4 pali in legno di pino naturale (telaio).<\/span><\/li>\n<\/ul>\n<p>Il wigwam pu\u00f2 essere acquistato anche senza stuoia e cuscini.<\/p>\n<p>Informazioni aggiuntive<\/p>\n<p>Dimensioni:<\/p>\n<ul>\n<li>Altezza (con pali) dispiegata: 150 cm<\/li>\n<li><span style=\"color: #555555;\">Altezza (con pali) da piegato: 170 cm<\/span><\/li>\n<li><span style=\"color: #555555;\">Superficie del pavimento: circa. 110 \u00d7 110 cm<\/span><\/li>\n<li><span style=\"color: #555555;\">Tappetino: 120 \u00d7 120 cm<\/span><\/li>\n<\/ul>\n<p>La tenda \u00e8 progettata per 2-3 bambini. Il Tipi si ripiega facilmente e non occupa molto spazio. Si possono conservare in un sacchetto di cotone con manico, incluso nel set.<\/p>\n<p>Composizione:<\/p>\n<ul>\n<li>100% cotton, CE approved, s<span style=\"color: #555555;\">afe for children, certified fabrics<\/span><\/li>\n<li><span style=\"color: #555555;\">Riempimento del tappetino e dei cuscini: 100% schiuma di silicone ipoallergenica<\/span><\/li>\n<\/ul>\n<p>Tutti i tessuti con cui sono realizzate le nostre tende teepee sono certificati e provengono da paesi europei, il che li rende sicuri per i bambini.<\/p>\n<p>Tutti i prodotti Cozy &amp; Dozy sono progettati e cuciti in Polonia.<\/p>\n<p>Metodo di cura:<\/p>\n<ul>\n<li>Lavare in lavatrice a 40\u00b0 &#8211; programma delicato<\/li>\n<li><span style=\"color: #555555;\">Ferro a bassa temperatura<\/span><\/li>\n<li><span style=\"color: #555555;\">Non asciugare in asciugatrice<\/span><\/li>\n<li><span style=\"color: #555555;\">Non lavare a secco<\/span><\/li>\n<li><span style=\"color: #555555;\">Non clorare<\/span><\/li>\n<\/ul>\n<p>NOTA: Non stirare i pompon e le nappe, potrebbero sciogliersi!<\/p>\n","protected":false},"excerpt":{"rendered":"<p>La tenda con fronzoli della serie Pink Frill \u00e8 un set per la cameretta della bambina con un morbido e grande tappeto rotondo, un cuscino a cuore e una grande tenda di 110&#215;150 cm. Un set da gioco perfetto.<\/p>\n","protected":false},"featured_media":841,"comment_status":"open","ping_status":"closed","template":"","meta":[],"product_brand":[],"product_cat":[16],"product_tag":[],"class_list":{"0":"post-840","1":"product","2":"type-product","3":"status-publish","4":"has-post-thumbnail","6":"product_cat-tende-tipi-per-bambini","8":"first","9":"instock","10":"sale","11":"product-type-simple"},"yoast_head":"<!-- This site is optimized with the Yoast SEO Premium plugin v21.9 (Yoast SEO v27.0) - https:\/\/yoast.com\/product\/yoast-seo-premium-wordpress\/ -->\n<title>Tenda Tipi Pink Frill, set Tipi 5 el. - Cozy &amp; Dozy<\/title>\n<meta name=\"description\" content=\"La tenda con fronzoli della serie Pink Frill \u00e8 un set per la cameretta della bambina con un morbido e grande tappeto rotondo, un cuscino a cuore e una grande tenda di 110x150 cm. Un set da gioco perfetto.\" \/>\n<meta name=\"robots\" content=\"index, follow, max-snippet:-1, max-image-preview:large, max-video-preview:-1\" \/>\n<link rel=\"canonical\" href=\"https:\/\/cozyanddozy.com\/it\/prodotto\/tenda-perno-tipi-set-5-el\/\" \/>\n<meta property=\"og:locale\" content=\"it_IT\" \/>\n<meta property=\"og:type\" content=\"article\" \/>\n<meta property=\"og:title\" content=\"Tenda Tipi Pink Frill, set Tipi 5 el.\" \/>\n<meta property=\"og:description\" content=\"La tenda con fronzoli della serie Pink Frill \u00e8 un set per la cameretta della bambina con un morbido e grande tappeto rotondo, un cuscino a cuore e una grande tenda di 110x150 cm. Un set da gioco perfetto.\" \/>\n<meta property=\"og:url\" content=\"https:\/\/cozyanddozy.com\/it\/prodotto\/tenda-perno-tipi-set-5-el\/\" \/>\n<meta property=\"og:site_name\" content=\"Cozy &amp; Dozy\" \/>\n<meta property=\"article:modified_time\" content=\"2024-02-07T09:04:19+00:00\" \/>\n<meta property=\"og:image\" content=\"https:\/\/cozyanddozy.com\/it\/wp-content\/uploads\/2023\/02\/pink-frill-tipi-set.jpg\" \/>\n\t<meta property=\"og:image:width\" content=\"1200\" \/>\n\t<meta property=\"og:image:height\" content=\"1395\" \/>\n\t<meta property=\"og:image:type\" content=\"image\/jpeg\" \/>\n<meta name=\"twitter:card\" content=\"summary_large_image\" \/>\n<meta name=\"twitter:label1\" content=\"Prezzo\" \/>\n\t<meta name=\"twitter:data1\" content=\"152,10&nbsp;&euro;\" \/>\n\t<meta name=\"twitter:label2\" content=\"Disponibilit\u00e0\" \/>\n\t<meta name=\"twitter:data2\" content=\"In stock\" \/>\n<script type=\"application\/ld+json\" class=\"yoast-schema-graph\">{\"@context\":\"https:\/\/schema.org\",\"@graph\":[{\"@type\":\"WebPage\",\"@id\":\"https:\/\/cozyanddozy.com\/it\/prodotto\/tenda-perno-tipi-set-5-el\/\",\"url\":\"https:\/\/cozyanddozy.com\/it\/prodotto\/tenda-perno-tipi-set-5-el\/\",\"name\":\"Tenda Tipi Pink Frill, set Tipi 5 el. - Cozy & Dozy\",\"isPartOf\":{\"@id\":\"https:\/\/cozyanddozy.com\/it\/#website\"},\"primaryImageOfPage\":{\"@id\":\"https:\/\/cozyanddozy.com\/it\/prodotto\/tenda-perno-tipi-set-5-el\/#primaryimage\"},\"image\":{\"@id\":\"https:\/\/cozyanddozy.com\/it\/prodotto\/tenda-perno-tipi-set-5-el\/#primaryimage\"},\"thumbnailUrl\":\"https:\/\/cozyanddozy.com\/it\/wp-content\/uploads\/2023\/02\/pink-frill-tipi-set.jpg\",\"datePublished\":\"2022-03-04T12:16:05+00:00\",\"dateModified\":\"2024-02-07T09:04:19+00:00\",\"description\":\"La tenda con fronzoli della serie Pink Frill \u00e8 un set per la cameretta della bambina con un morbido e grande tappeto rotondo, un cuscino a cuore e una grande tenda di 110x150 cm. Un set da gioco perfetto.\",\"breadcrumb\":{\"@id\":\"https:\/\/cozyanddozy.com\/it\/prodotto\/tenda-perno-tipi-set-5-el\/#breadcrumb\"},\"inLanguage\":\"it-IT\",\"potentialAction\":[{\"@type\":\"ReadAction\",\"target\":[\"https:\/\/cozyanddozy.com\/it\/prodotto\/tenda-perno-tipi-set-5-el\/\"]}]},{\"@type\":\"ImageObject\",\"inLanguage\":\"it-IT\",\"@id\":\"https:\/\/cozyanddozy.com\/it\/prodotto\/tenda-perno-tipi-set-5-el\/#primaryimage\",\"url\":\"https:\/\/cozyanddozy.com\/it\/wp-content\/uploads\/2023\/02\/pink-frill-tipi-set.jpg\",\"contentUrl\":\"https:\/\/cozyanddozy.com\/it\/wp-content\/uploads\/2023\/02\/pink-frill-tipi-set.jpg\",\"width\":1200,\"height\":1395},{\"@type\":\"BreadcrumbList\",\"@id\":\"https:\/\/cozyanddozy.com\/it\/prodotto\/tenda-perno-tipi-set-5-el\/#breadcrumb\",\"itemListElement\":[{\"@type\":\"ListItem\",\"position\":1,\"name\":\"Home\",\"item\":\"https:\/\/cozyanddozy.com\/it\/\"},{\"@type\":\"ListItem\",\"position\":2,\"name\":\"Negozio\",\"item\":\"https:\/\/cozyanddozy.com\/it\/negozio\/\"},{\"@type\":\"ListItem\",\"position\":3,\"name\":\"Tenda Tipi Pink Frill, set Tipi 5 el.\"}]},{\"@type\":\"WebSite\",\"@id\":\"https:\/\/cozyanddozy.com\/it\/#website\",\"url\":\"https:\/\/cozyanddozy.com\/it\/\",\"name\":\"Cozy & Dozy\",\"description\":\"\",\"potentialAction\":[{\"@type\":\"SearchAction\",\"target\":{\"@type\":\"EntryPoint\",\"urlTemplate\":\"https:\/\/cozyanddozy.com\/it\/?s={search_term_string}\"},\"query-input\":{\"@type\":\"PropertyValueSpecification\",\"valueRequired\":true,\"valueName\":\"search_term_string\"}}],\"inLanguage\":\"it-IT\"}]}<\/script>\n<meta property=\"product:price:amount\" content=\"152.10\" \/>\n<meta property=\"product:price:currency\" content=\"EUR\" \/>\n<meta property=\"og:availability\" content=\"instock\" \/>\n<meta property=\"product:availability\" content=\"instock\" \/>\n<meta property=\"product:retailer_item_id\" content=\"5902701496180\" \/>\n<meta property=\"product:condition\" content=\"new\" \/>\n<!-- \/ Yoast SEO Premium plugin. -->","yoast_head_json":{"title":"Tenda Tipi Pink Frill, set Tipi 5 el. - Cozy & Dozy","description":"La tenda con fronzoli della serie Pink Frill \u00e8 un set per la cameretta della bambina con un morbido e grande tappeto rotondo, un cuscino a cuore e una grande tenda di 110x150 cm. Un set da gioco perfetto.","robots":{"index":"index","follow":"follow","max-snippet":"max-snippet:-1","max-image-preview":"max-image-preview:large","max-video-preview":"max-video-preview:-1"},"canonical":"https:\/\/cozyanddozy.com\/it\/prodotto\/tenda-perno-tipi-set-5-el\/","og_locale":"it_IT","og_type":"article","og_title":"Tenda Tipi Pink Frill, set Tipi 5 el.","og_description":"La tenda con fronzoli della serie Pink Frill \u00e8 un set per la cameretta della bambina con un morbido e grande tappeto rotondo, un cuscino a cuore e una grande tenda di 110x150 cm. Un set da gioco perfetto.","og_url":"https:\/\/cozyanddozy.com\/it\/prodotto\/tenda-perno-tipi-set-5-el\/","og_site_name":"Cozy &amp; Dozy","article_modified_time":"2024-02-07T09:04:19+00:00","og_image":[{"width":1200,"height":1395,"url":"https:\/\/cozyanddozy.com\/it\/wp-content\/uploads\/2023\/02\/pink-frill-tipi-set.jpg","type":"image\/jpeg"}],"twitter_card":"summary_large_image","twitter_misc":{"Prezzo":"152,10&nbsp;&euro;","Disponibilit\u00e0":"In stock"},"schema":{"@context":"https:\/\/schema.org","@graph":[{"@type":"WebPage","@id":"https:\/\/cozyanddozy.com\/it\/prodotto\/tenda-perno-tipi-set-5-el\/","url":"https:\/\/cozyanddozy.com\/it\/prodotto\/tenda-perno-tipi-set-5-el\/","name":"Tenda Tipi Pink Frill, set Tipi 5 el. - Cozy & Dozy","isPartOf":{"@id":"https:\/\/cozyanddozy.com\/it\/#website"},"primaryImageOfPage":{"@id":"https:\/\/cozyanddozy.com\/it\/prodotto\/tenda-perno-tipi-set-5-el\/#primaryimage"},"image":{"@id":"https:\/\/cozyanddozy.com\/it\/prodotto\/tenda-perno-tipi-set-5-el\/#primaryimage"},"thumbnailUrl":"https:\/\/cozyanddozy.com\/it\/wp-content\/uploads\/2023\/02\/pink-frill-tipi-set.jpg","datePublished":"2022-03-04T12:16:05+00:00","dateModified":"2024-02-07T09:04:19+00:00","description":"La tenda con fronzoli della serie Pink Frill \u00e8 un set per la cameretta della bambina con un morbido e grande tappeto rotondo, un cuscino a cuore e una grande tenda di 110x150 cm. Un set da gioco perfetto.","breadcrumb":{"@id":"https:\/\/cozyanddozy.com\/it\/prodotto\/tenda-perno-tipi-set-5-el\/#breadcrumb"},"inLanguage":"it-IT","potentialAction":[{"@type":"ReadAction","target":["https:\/\/cozyanddozy.com\/it\/prodotto\/tenda-perno-tipi-set-5-el\/"]}]},{"@type":"ImageObject","inLanguage":"it-IT","@id":"https:\/\/cozyanddozy.com\/it\/prodotto\/tenda-perno-tipi-set-5-el\/#primaryimage","url":"https:\/\/cozyanddozy.com\/it\/wp-content\/uploads\/2023\/02\/pink-frill-tipi-set.jpg","contentUrl":"https:\/\/cozyanddozy.com\/it\/wp-content\/uploads\/2023\/02\/pink-frill-tipi-set.jpg","width":1200,"height":1395},{"@type":"BreadcrumbList","@id":"https:\/\/cozyanddozy.com\/it\/prodotto\/tenda-perno-tipi-set-5-el\/#breadcrumb","itemListElement":[{"@type":"ListItem","position":1,"name":"Home","item":"https:\/\/cozyanddozy.com\/it\/"},{"@type":"ListItem","position":2,"name":"Negozio","item":"https:\/\/cozyanddozy.com\/it\/negozio\/"},{"@type":"ListItem","position":3,"name":"Tenda Tipi Pink Frill, set Tipi 5 el."}]},{"@type":"WebSite","@id":"https:\/\/cozyanddozy.com\/it\/#website","url":"https:\/\/cozyanddozy.com\/it\/","name":"Cozy & Dozy","description":"","potentialAction":[{"@type":"SearchAction","target":{"@type":"EntryPoint","urlTemplate":"https:\/\/cozyanddozy.com\/it\/?s={search_term_string}"},"query-input":{"@type":"PropertyValueSpecification","valueRequired":true,"valueName":"search_term_string"}}],"inLanguage":"it-IT"}]},"product_price_amount":"152.10","product_price_currency":"EUR","og_availability":"instock","product_availability":"instock","product_retailer_item_id":"5902701496180","product_condition":"new"},"_links":{"self":[{"href":"https:\/\/cozyanddozy.com\/it\/wp-json\/wp\/v2\/product\/840","targetHints":{"allow":["GET"]}}],"collection":[{"href":"https:\/\/cozyanddozy.com\/it\/wp-json\/wp\/v2\/product"}],"about":[{"href":"https:\/\/cozyanddozy.com\/it\/wp-json\/wp\/v2\/types\/product"}],"replies":[{"embeddable":true,"href":"https:\/\/cozyanddozy.com\/it\/wp-json\/wp\/v2\/comments?post=840"}],"wp:featuredmedia":[{"embeddable":true,"href":"https:\/\/cozyanddozy.com\/it\/wp-json\/wp\/v2\/media\/841"}],"wp:attachment":[{"href":"https:\/\/cozyanddozy.com\/it\/wp-json\/wp\/v2\/media?parent=840"}],"wp:term":[{"taxonomy":"product_brand","embeddable":true,"href":"https:\/\/cozyanddozy.com\/it\/wp-json\/wp\/v2\/product_brand?post=840"},{"taxonomy":"product_cat","embeddable":true,"href":"https:\/\/cozyanddozy.com\/it\/wp-json\/wp\/v2\/product_cat?post=840"},{"taxonomy":"product_tag","embeddable":true,"href":"https:\/\/cozyanddozy.com\/it\/wp-json\/wp\/v2\/product_tag?post=840"}],"curies":[{"name":"wp","href":"https:\/\/api.w.org\/{rel}","templated":true}]}}