{"id":647,"date":"2022-02-24T13:54:48","date_gmt":"2022-02-24T13:54:48","guid":{"rendered":"https:\/\/cozyanddozy.com\/it\/product\/tipi-tent-candy-grey-with-soft-mat\/"},"modified":"2024-02-07T09:04:19","modified_gmt":"2024-02-07T09:04:19","slug":"tenda-tipi-candy-grigio-con-materasso-morbido","status":"publish","type":"product","link":"https:\/\/cozyanddozy.com\/it\/prodotto\/tenda-tipi-candy-grigio-con-materasso-morbido\/","title":{"rendered":"Tenda Tipi Grigio Candy con materassino morbido"},"content":{"rendered":"<p>La tenda da gioco della serie CANDY \u00e8 un teepee con tappetino morbido con motivo a strisce bianche.<\/p>\n<p>La tenda Candy \u00e8 realizzata in tela resistente ed \u00e8 decorata con cotone colorato che sembra una tenda da sole. La collezione Candy \u00e8 un riferimento ai colorati negozi di caramelle.<\/p>\n<p>La tenda \u00e8 un luogo ideale per giocare in casa, sulla terrazza o in giardino.<\/p>\n<p>Il gazebo da gioco \u00e8 dotato di una finestra con tenda a rullo avvolgibile e di due tasche per i giocattoli.<\/p>\n<p>La tenda Candy con tappetino pu\u00f2 essere abbinata a cuscini a forma di palloncini, macarons e ghirlande colorate.<\/p>\n<p>Candy \u00e8 una collezione ispirata ai negozi con dolci ciambelle, biscotti Macarons e palloncini colorati.<\/p>\n<p>Le tende in stile Candy Shop con una tenda decorativa sono un luogo ideale per giocare e un angolo accogliente per riposare.<\/p>\n<p>Wigwam \u00e8 stato progettato per soddisfare l&#8217;occhio a lungo e garantire un divertimento sicuro.<\/p>\n<p>Il Tipi ha 4 lati &#8211; area di gioco circa. 1 m2, altezza da aperto circa. 150 cm.<\/p>\n<p>Ogni tenda \u00e8 dotata di pali di pino pieghevoli e di uno stabilizzatore che mantiene i pali rigidi per garantire la stabilit\u00e0 della tenda.<\/p>\n<p>Tutti i prodotti COZY &amp; DOZY sono stati progettati e realizzati in Polonia e dispongono delle dichiarazioni CE per i prodotti per bambini.<\/p>\n<p>Il kit comprende:<\/p>\n<ul>\n<li>tenda teepee<\/li>\n<li>tappetino morbido<\/li>\n<li>4 bastoni di pino pieghevoli (8 met\u00e0) + elementi per collegare i bastoni (8 viti e 4 dadi lunghi)<\/li>\n<li>istruzione<\/li>\n<li>stabilizzatore + corda<\/li>\n<\/ul>\n<p>Materiali:<\/p>\n<ul>\n<li>cotton,<span style=\"color: #555555;\">safe for children, certified fabrics<\/span><\/li>\n<li>morbida imbottitura in schiuma anallergica<\/li>\n<\/ul>\n<p>Metodo di cura:<\/p>\n<ul>\n<li>Lavabile in lavatrice a 40 gradi,<\/li>\n<li>Rotazione &#8211; 800 giri<\/li>\n<li>Non lavare a secco<\/li>\n<li>Non candeggiare<\/li>\n<\/ul>\n<table cellspacing=\"0\" cellpadding=\"0\">\n<tbody>\n<tr>\n<td valign=\"top\">PESO<\/td>\n<td valign=\"top\">2 kg<\/td>\n<\/tr>\n<tr>\n<td valign=\"top\">ALTEZZA (CON PALI) DOPO IL DISPIEGAMENTO<\/td>\n<td valign=\"top\">150 cm<\/td>\n<\/tr>\n<tr>\n<td valign=\"top\">ALTEZZA (CON PALI) DOPO LA PIEGATURA<\/td>\n<td valign=\"top\">170 cm<\/td>\n<\/tr>\n<tr>\n<td valign=\"top\">AREA DEL PIANO<\/td>\n<td valign=\"top\">110 x 110 cm<\/td>\n<\/tr>\n<tr>\n<td valign=\"top\">TESSUTO<\/td>\n<td valign=\"top\">100% cotton 270g\/m2,<span style=\"color: #555555; font-family: inherit; font-size: inherit;\">safe for children, certified fabrics<\/span><\/td>\n<\/tr>\n<tr>\n<td valign=\"top\">RIEMPIMENTO DI TAPPETINI E CUSCINI<\/td>\n<td valign=\"top\">100% ovatta di silicone anallergico<\/td>\n<\/tr>\n<tr>\n<td valign=\"top\">TAPPETO DA GIOCO<\/td>\n<td valign=\"top\">110 x 110 cm<\/td>\n<\/tr>\n<tr>\n<td valign=\"top\">TELAIO<\/td>\n<td valign=\"top\">Bastoni in legno di pino \/ fissaggi in metallo<\/td>\n<\/tr>\n<tr>\n<td valign=\"top\">ISTRUZIONI PER IL LAVAGGIO<\/td>\n<td valign=\"top\">Ciclo delicato a freddo, non candeggiare, non mettere in ammollo, non strofinare, non centrifugare, stirare al contrario<\/td>\n<\/tr>\n<tr>\n<td valign=\"top\">TEMPO STIMATO DI MONTAGGIO<\/td>\n<td valign=\"top\">5 min<\/td>\n<\/tr>\n<\/tbody>\n<\/table>\n","protected":false},"excerpt":{"rendered":"<p>Le tende in stile Candy Shop con una tenda decorativa sono un luogo ideale per giocare e un angolo accogliente per riposare.<\/p>\n","protected":false},"featured_media":648,"comment_status":"open","ping_status":"closed","template":"","meta":[],"product_brand":[],"product_cat":[16],"product_tag":[],"class_list":{"0":"post-647","1":"product","2":"type-product","3":"status-publish","4":"has-post-thumbnail","6":"product_cat-tende-tipi-per-bambini","8":"first","9":"instock","10":"sale","11":"product-type-simple"},"yoast_head":"<!-- This site is optimized with the Yoast SEO Premium plugin v21.9 (Yoast SEO v27.0) - https:\/\/yoast.com\/product\/yoast-seo-premium-wordpress\/ -->\n<title>Tenda Tipi Grigio Candy con materassino morbido - Cozy &amp; Dozy<\/title>\n<meta name=\"description\" content=\"Le tende in stile Candy Shop con una tenda decorativa sono un luogo ideale per giocare e un angolo accogliente per riposare.\" \/>\n<meta name=\"robots\" content=\"index, follow, max-snippet:-1, max-image-preview:large, max-video-preview:-1\" \/>\n<link rel=\"canonical\" href=\"https:\/\/cozyanddozy.com\/it\/prodotto\/tenda-tipi-candy-grigio-con-materasso-morbido\/\" \/>\n<meta property=\"og:locale\" content=\"it_IT\" \/>\n<meta property=\"og:type\" content=\"article\" \/>\n<meta property=\"og:title\" content=\"Tenda Tipi Grigio Candy con materassino morbido\" \/>\n<meta property=\"og:description\" content=\"Le tende in stile Candy Shop con una tenda decorativa sono un luogo ideale per giocare e un angolo accogliente per riposare.\" \/>\n<meta property=\"og:url\" content=\"https:\/\/cozyanddozy.com\/it\/prodotto\/tenda-tipi-candy-grigio-con-materasso-morbido\/\" \/>\n<meta property=\"og:site_name\" content=\"Cozy &amp; Dozy\" \/>\n<meta property=\"article:modified_time\" content=\"2024-02-07T09:04:19+00:00\" \/>\n<meta property=\"og:image\" content=\"https:\/\/cozyanddozy.com\/it\/wp-content\/uploads\/2023\/02\/tipi-tent-grey-candy.jpg\" \/>\n\t<meta property=\"og:image:width\" content=\"1200\" \/>\n\t<meta property=\"og:image:height\" content=\"1200\" \/>\n\t<meta property=\"og:image:type\" content=\"image\/jpeg\" \/>\n<meta name=\"twitter:card\" content=\"summary_large_image\" \/>\n<meta name=\"twitter:label1\" content=\"Prezzo\" \/>\n\t<meta name=\"twitter:data1\" content=\"134,10&nbsp;&euro;\" \/>\n\t<meta name=\"twitter:label2\" content=\"Disponibilit\u00e0\" \/>\n\t<meta name=\"twitter:data2\" content=\"In stock\" \/>\n<script type=\"application\/ld+json\" class=\"yoast-schema-graph\">{\"@context\":\"https:\/\/schema.org\",\"@graph\":[{\"@type\":\"WebPage\",\"@id\":\"https:\/\/cozyanddozy.com\/it\/prodotto\/tenda-tipi-candy-grigio-con-materasso-morbido\/\",\"url\":\"https:\/\/cozyanddozy.com\/it\/prodotto\/tenda-tipi-candy-grigio-con-materasso-morbido\/\",\"name\":\"Tenda Tipi Grigio Candy con materassino morbido - Cozy & Dozy\",\"isPartOf\":{\"@id\":\"https:\/\/cozyanddozy.com\/it\/#website\"},\"primaryImageOfPage\":{\"@id\":\"https:\/\/cozyanddozy.com\/it\/prodotto\/tenda-tipi-candy-grigio-con-materasso-morbido\/#primaryimage\"},\"image\":{\"@id\":\"https:\/\/cozyanddozy.com\/it\/prodotto\/tenda-tipi-candy-grigio-con-materasso-morbido\/#primaryimage\"},\"thumbnailUrl\":\"https:\/\/cozyanddozy.com\/it\/wp-content\/uploads\/2023\/02\/tipi-tent-grey-candy.jpg\",\"datePublished\":\"2022-02-24T13:54:48+00:00\",\"dateModified\":\"2024-02-07T09:04:19+00:00\",\"description\":\"Le tende in stile Candy Shop con una tenda decorativa sono un luogo ideale per giocare e un angolo accogliente per riposare.\",\"breadcrumb\":{\"@id\":\"https:\/\/cozyanddozy.com\/it\/prodotto\/tenda-tipi-candy-grigio-con-materasso-morbido\/#breadcrumb\"},\"inLanguage\":\"it-IT\",\"potentialAction\":[{\"@type\":\"ReadAction\",\"target\":[\"https:\/\/cozyanddozy.com\/it\/prodotto\/tenda-tipi-candy-grigio-con-materasso-morbido\/\"]}]},{\"@type\":\"ImageObject\",\"inLanguage\":\"it-IT\",\"@id\":\"https:\/\/cozyanddozy.com\/it\/prodotto\/tenda-tipi-candy-grigio-con-materasso-morbido\/#primaryimage\",\"url\":\"https:\/\/cozyanddozy.com\/it\/wp-content\/uploads\/2023\/02\/tipi-tent-grey-candy.jpg\",\"contentUrl\":\"https:\/\/cozyanddozy.com\/it\/wp-content\/uploads\/2023\/02\/tipi-tent-grey-candy.jpg\",\"width\":1200,\"height\":1200},{\"@type\":\"BreadcrumbList\",\"@id\":\"https:\/\/cozyanddozy.com\/it\/prodotto\/tenda-tipi-candy-grigio-con-materasso-morbido\/#breadcrumb\",\"itemListElement\":[{\"@type\":\"ListItem\",\"position\":1,\"name\":\"Home\",\"item\":\"https:\/\/cozyanddozy.com\/it\/\"},{\"@type\":\"ListItem\",\"position\":2,\"name\":\"Negozio\",\"item\":\"https:\/\/cozyanddozy.com\/it\/negozio\/\"},{\"@type\":\"ListItem\",\"position\":3,\"name\":\"Tenda Tipi Grigio Candy con materassino morbido\"}]},{\"@type\":\"WebSite\",\"@id\":\"https:\/\/cozyanddozy.com\/it\/#website\",\"url\":\"https:\/\/cozyanddozy.com\/it\/\",\"name\":\"Cozy & Dozy\",\"description\":\"\",\"potentialAction\":[{\"@type\":\"SearchAction\",\"target\":{\"@type\":\"EntryPoint\",\"urlTemplate\":\"https:\/\/cozyanddozy.com\/it\/?s={search_term_string}\"},\"query-input\":{\"@type\":\"PropertyValueSpecification\",\"valueRequired\":true,\"valueName\":\"search_term_string\"}}],\"inLanguage\":\"it-IT\"}]}<\/script>\n<meta property=\"product:price:amount\" content=\"134.10\" \/>\n<meta property=\"product:price:currency\" content=\"EUR\" \/>\n<meta property=\"og:availability\" content=\"instock\" \/>\n<meta property=\"product:availability\" content=\"instock\" \/>\n<meta property=\"product:retailer_item_id\" content=\"5902701495305\" \/>\n<meta property=\"product:condition\" content=\"new\" \/>\n<!-- \/ Yoast SEO Premium plugin. -->","yoast_head_json":{"title":"Tenda Tipi Grigio Candy con materassino morbido - Cozy & Dozy","description":"Le tende in stile Candy Shop con una tenda decorativa sono un luogo ideale per giocare e un angolo accogliente per riposare.","robots":{"index":"index","follow":"follow","max-snippet":"max-snippet:-1","max-image-preview":"max-image-preview:large","max-video-preview":"max-video-preview:-1"},"canonical":"https:\/\/cozyanddozy.com\/it\/prodotto\/tenda-tipi-candy-grigio-con-materasso-morbido\/","og_locale":"it_IT","og_type":"article","og_title":"Tenda Tipi Grigio Candy con materassino morbido","og_description":"Le tende in stile Candy Shop con una tenda decorativa sono un luogo ideale per giocare e un angolo accogliente per riposare.","og_url":"https:\/\/cozyanddozy.com\/it\/prodotto\/tenda-tipi-candy-grigio-con-materasso-morbido\/","og_site_name":"Cozy &amp; Dozy","article_modified_time":"2024-02-07T09:04:19+00:00","og_image":[{"width":1200,"height":1200,"url":"https:\/\/cozyanddozy.com\/it\/wp-content\/uploads\/2023\/02\/tipi-tent-grey-candy.jpg","type":"image\/jpeg"}],"twitter_card":"summary_large_image","twitter_misc":{"Prezzo":"134,10&nbsp;&euro;","Disponibilit\u00e0":"In stock"},"schema":{"@context":"https:\/\/schema.org","@graph":[{"@type":"WebPage","@id":"https:\/\/cozyanddozy.com\/it\/prodotto\/tenda-tipi-candy-grigio-con-materasso-morbido\/","url":"https:\/\/cozyanddozy.com\/it\/prodotto\/tenda-tipi-candy-grigio-con-materasso-morbido\/","name":"Tenda Tipi Grigio Candy con materassino morbido - Cozy & Dozy","isPartOf":{"@id":"https:\/\/cozyanddozy.com\/it\/#website"},"primaryImageOfPage":{"@id":"https:\/\/cozyanddozy.com\/it\/prodotto\/tenda-tipi-candy-grigio-con-materasso-morbido\/#primaryimage"},"image":{"@id":"https:\/\/cozyanddozy.com\/it\/prodotto\/tenda-tipi-candy-grigio-con-materasso-morbido\/#primaryimage"},"thumbnailUrl":"https:\/\/cozyanddozy.com\/it\/wp-content\/uploads\/2023\/02\/tipi-tent-grey-candy.jpg","datePublished":"2022-02-24T13:54:48+00:00","dateModified":"2024-02-07T09:04:19+00:00","description":"Le tende in stile Candy Shop con una tenda decorativa sono un luogo ideale per giocare e un angolo accogliente per riposare.","breadcrumb":{"@id":"https:\/\/cozyanddozy.com\/it\/prodotto\/tenda-tipi-candy-grigio-con-materasso-morbido\/#breadcrumb"},"inLanguage":"it-IT","potentialAction":[{"@type":"ReadAction","target":["https:\/\/cozyanddozy.com\/it\/prodotto\/tenda-tipi-candy-grigio-con-materasso-morbido\/"]}]},{"@type":"ImageObject","inLanguage":"it-IT","@id":"https:\/\/cozyanddozy.com\/it\/prodotto\/tenda-tipi-candy-grigio-con-materasso-morbido\/#primaryimage","url":"https:\/\/cozyanddozy.com\/it\/wp-content\/uploads\/2023\/02\/tipi-tent-grey-candy.jpg","contentUrl":"https:\/\/cozyanddozy.com\/it\/wp-content\/uploads\/2023\/02\/tipi-tent-grey-candy.jpg","width":1200,"height":1200},{"@type":"BreadcrumbList","@id":"https:\/\/cozyanddozy.com\/it\/prodotto\/tenda-tipi-candy-grigio-con-materasso-morbido\/#breadcrumb","itemListElement":[{"@type":"ListItem","position":1,"name":"Home","item":"https:\/\/cozyanddozy.com\/it\/"},{"@type":"ListItem","position":2,"name":"Negozio","item":"https:\/\/cozyanddozy.com\/it\/negozio\/"},{"@type":"ListItem","position":3,"name":"Tenda Tipi Grigio Candy con materassino morbido"}]},{"@type":"WebSite","@id":"https:\/\/cozyanddozy.com\/it\/#website","url":"https:\/\/cozyanddozy.com\/it\/","name":"Cozy & Dozy","description":"","potentialAction":[{"@type":"SearchAction","target":{"@type":"EntryPoint","urlTemplate":"https:\/\/cozyanddozy.com\/it\/?s={search_term_string}"},"query-input":{"@type":"PropertyValueSpecification","valueRequired":true,"valueName":"search_term_string"}}],"inLanguage":"it-IT"}]},"product_price_amount":"134.10","product_price_currency":"EUR","og_availability":"instock","product_availability":"instock","product_retailer_item_id":"5902701495305","product_condition":"new"},"_links":{"self":[{"href":"https:\/\/cozyanddozy.com\/it\/wp-json\/wp\/v2\/product\/647","targetHints":{"allow":["GET"]}}],"collection":[{"href":"https:\/\/cozyanddozy.com\/it\/wp-json\/wp\/v2\/product"}],"about":[{"href":"https:\/\/cozyanddozy.com\/it\/wp-json\/wp\/v2\/types\/product"}],"replies":[{"embeddable":true,"href":"https:\/\/cozyanddozy.com\/it\/wp-json\/wp\/v2\/comments?post=647"}],"wp:featuredmedia":[{"embeddable":true,"href":"https:\/\/cozyanddozy.com\/it\/wp-json\/wp\/v2\/media\/648"}],"wp:attachment":[{"href":"https:\/\/cozyanddozy.com\/it\/wp-json\/wp\/v2\/media?parent=647"}],"wp:term":[{"taxonomy":"product_brand","embeddable":true,"href":"https:\/\/cozyanddozy.com\/it\/wp-json\/wp\/v2\/product_brand?post=647"},{"taxonomy":"product_cat","embeddable":true,"href":"https:\/\/cozyanddozy.com\/it\/wp-json\/wp\/v2\/product_cat?post=647"},{"taxonomy":"product_tag","embeddable":true,"href":"https:\/\/cozyanddozy.com\/it\/wp-json\/wp\/v2\/product_tag?post=647"}],"curies":[{"name":"wp","href":"https:\/\/api.w.org\/{rel}","templated":true}]}}