{"id":612,"date":"2022-02-09T12:21:26","date_gmt":"2022-02-09T12:21:26","guid":{"rendered":"https:\/\/cozyanddozy.com\/it\/product\/stars-pillow-velvet-stars-girl-cushion-set\/"},"modified":"2023-11-08T16:40:24","modified_gmt":"2023-11-08T16:40:24","slug":"cuscino-set-di-stelle-velvet-stars-girl","status":"publish","type":"product","link":"https:\/\/cozyanddozy.com\/it\/prodotto\/cuscino-set-di-stelle-velvet-stars-girl\/","title":{"rendered":"Cuscino Stars &#8211; Set di cuscini in velluto Stars Girl"},"content":{"rendered":"<p>Il cuscino Cozy &amp; Dozy Velvet Stars incuriosir\u00e0 non solo i bambini<\/p>\n<p>I cuscini, belli e piacevoli al tatto, creano un&#8217;atmosfera accogliente e calda in qualsiasi ambiente, anche il pi\u00f9 austero. Tuttavia, la cosa pi\u00f9 importante per noi \u00e8 che nessun bambino disprezzer\u00e0 un pisolino su un cuscino morbido e confortevole. Inoltre, per i nostri bambini, che fin da piccoli vivono molte avventure diverse, un buon sonnellino vale oro.<\/p>\n<p>I bambini amano anche utilizzare il cuscino Stars mentre giocano.Theunusual shape of the pillow stimulates their imagination and sometimes turns the stars into a teddy bear\u2019slollipop or a hot water bottle. La rara forma del cuscino Stars attira l&#8217;attenzione non solo dei bambini ma anche degli adulti. A volte si sente persino dire che i genitori rubano i nostri cuscini ai loro figli e li usano per decorare il loro salotto.<\/p>\n<p>I nostri cuscini ottengono il riconoscimento anche dei pi\u00f9 grandi critici, perch\u00e9 sono stati realizzati con la massima cura e attenzione per ogni dettaglio. In addition,they are made of the highest quality material \u2013 100% velvet \u2013 which ensures a beautiful and effective look of the pillow for a very long time.Questo materiale \u00e8 anche certificato CE, il che significa che \u00e8 sicuro da usare e non contiene sostanze nocive. In questo modo \u00e8 possibile dare i nostri cuscini in tutta sicurezza anche ai bambini con la pelle pi\u00f9 sensibile.<\/p>\n<p>I cuscini Cozy &amp; Dozy sono prodotti eccezionali e unici. Sono stati disegnati da noi, rifiniti nei minimi dettagli e cuciti dalle nostre esperte sarte. Grazie a questo, potete essere certi di ottenere un prodotto di altissima qualit\u00e0, realizzato con estrema cura. \u00c8 molto importante per noi per un motivo specifico.La nostra esperienza dimostra che i bambini imparano meglio dal buon esempio che i genitori danno loro.Quando il bambino riceve un prodotto bello e di alta qualit\u00e0, \u00e8 in grado di apprendere le combinazioni di colori e il senso estetico fin da piccolo.Sapranno anche che vale la pena investire in prodotti di buona qualit\u00e0, perch\u00e9 restano con noi pi\u00f9 a lungo.<\/p>\n<p>Incluso:<\/p>\n<ul>\n<li>cuscino stella rosa<\/li>\n<li>cuscino a forma di stella di mirtillo<\/li>\n<li>cuscino a stella grigio<\/li>\n<\/ul>\n<p>Dimensioni:<\/p>\n<ul>\n<li>40&#215;40 cm<\/li>\n<\/ul>\n<p>Composizione:<\/p>\n<ul>\n<li>100% velluto (certificato, CE)<\/li>\n<li>imbottitura del cuscino &#8211; sfera in silicone, antiallergica. Inoltre, la lana di silicone cucita all&#8217;interno impedisce l&#8217;agglomerazione dell&#8217;imbottitura.<\/li>\n<\/ul>\n<p>Lavaggio:<\/p>\n<ul>\n<li>Lavabile in lavatrice a 40 gradi,<\/li>\n<li>rotazione &#8211; 800 giri,<\/li>\n<li>non lavare a secco, non candeggiare,<\/li>\n<li>Dopo il lavaggio, scuoterlo per sistemare il versamento,<\/li>\n<li>asciugare su una superficie piana<\/li>\n<\/ul>\n","protected":false},"excerpt":{"rendered":"<p>Morbidi e colorati cuscini a stella in velluto, dimensioni 40&#215;40 cm. Set di 3.<\/p>\n","protected":false},"featured_media":587,"comment_status":"open","ping_status":"closed","template":"","meta":[],"product_brand":[],"product_cat":[17],"product_tag":[],"class_list":{"0":"post-612","1":"product","2":"type-product","3":"status-publish","4":"has-post-thumbnail","6":"product_cat-cuscini-pouf","8":"first","9":"instock","10":"product-type-simple"},"yoast_head":"<!-- This site is optimized with the Yoast SEO Premium plugin v21.9 (Yoast SEO v27.0) - https:\/\/yoast.com\/product\/yoast-seo-premium-wordpress\/ -->\n<title>Cuscino Stars - Set di cuscini in velluto Stars Girl - Cozy &amp; Dozy<\/title>\n<meta name=\"description\" content=\"Morbidi e colorati cuscini a stella in velluto, dimensioni 40x40 cm. Set di 3.\" \/>\n<meta name=\"robots\" content=\"index, follow, max-snippet:-1, max-image-preview:large, max-video-preview:-1\" \/>\n<link rel=\"canonical\" href=\"https:\/\/cozyanddozy.com\/it\/prodotto\/cuscino-set-di-stelle-velvet-stars-girl\/\" \/>\n<meta property=\"og:locale\" content=\"it_IT\" \/>\n<meta property=\"og:type\" content=\"article\" \/>\n<meta property=\"og:title\" content=\"Cuscino Stars - Set di cuscini in velluto Stars Girl\" \/>\n<meta property=\"og:description\" content=\"Morbidi e colorati cuscini a stella in velluto, dimensioni 40x40 cm. Set di 3.\" \/>\n<meta property=\"og:url\" content=\"https:\/\/cozyanddozy.com\/it\/prodotto\/cuscino-set-di-stelle-velvet-stars-girl\/\" \/>\n<meta property=\"og:site_name\" content=\"Cozy &amp; Dozy\" \/>\n<meta property=\"article:modified_time\" content=\"2023-11-08T16:40:24+00:00\" \/>\n<meta property=\"og:image\" content=\"https:\/\/cozyanddozy.com\/it\/wp-content\/uploads\/2023\/02\/pink-star-pillow.jpg\" \/>\n\t<meta property=\"og:image:width\" content=\"1200\" \/>\n\t<meta property=\"og:image:height\" content=\"1187\" \/>\n\t<meta property=\"og:image:type\" content=\"image\/jpeg\" \/>\n<meta name=\"twitter:card\" content=\"summary_large_image\" \/>\n<meta name=\"twitter:label1\" content=\"Prezzo\" \/>\n\t<meta name=\"twitter:data1\" content=\"49,00&nbsp;&euro;\" \/>\n\t<meta name=\"twitter:label2\" content=\"Disponibilit\u00e0\" \/>\n\t<meta name=\"twitter:data2\" content=\"In stock\" \/>\n<script type=\"application\/ld+json\" class=\"yoast-schema-graph\">{\"@context\":\"https:\/\/schema.org\",\"@graph\":[{\"@type\":\"WebPage\",\"@id\":\"https:\/\/cozyanddozy.com\/it\/prodotto\/cuscino-set-di-stelle-velvet-stars-girl\/\",\"url\":\"https:\/\/cozyanddozy.com\/it\/prodotto\/cuscino-set-di-stelle-velvet-stars-girl\/\",\"name\":\"Cuscino Stars - Set di cuscini in velluto Stars Girl - Cozy & Dozy\",\"isPartOf\":{\"@id\":\"https:\/\/cozyanddozy.com\/it\/#website\"},\"primaryImageOfPage\":{\"@id\":\"https:\/\/cozyanddozy.com\/it\/prodotto\/cuscino-set-di-stelle-velvet-stars-girl\/#primaryimage\"},\"image\":{\"@id\":\"https:\/\/cozyanddozy.com\/it\/prodotto\/cuscino-set-di-stelle-velvet-stars-girl\/#primaryimage\"},\"thumbnailUrl\":\"https:\/\/cozyanddozy.com\/it\/wp-content\/uploads\/2023\/02\/pink-star-pillow.jpg\",\"datePublished\":\"2022-02-09T12:21:26+00:00\",\"dateModified\":\"2023-11-08T16:40:24+00:00\",\"description\":\"Morbidi e colorati cuscini a stella in velluto, dimensioni 40x40 cm. Set di 3.\",\"breadcrumb\":{\"@id\":\"https:\/\/cozyanddozy.com\/it\/prodotto\/cuscino-set-di-stelle-velvet-stars-girl\/#breadcrumb\"},\"inLanguage\":\"it-IT\",\"potentialAction\":[{\"@type\":\"ReadAction\",\"target\":[\"https:\/\/cozyanddozy.com\/it\/prodotto\/cuscino-set-di-stelle-velvet-stars-girl\/\"]}]},{\"@type\":\"ImageObject\",\"inLanguage\":\"it-IT\",\"@id\":\"https:\/\/cozyanddozy.com\/it\/prodotto\/cuscino-set-di-stelle-velvet-stars-girl\/#primaryimage\",\"url\":\"https:\/\/cozyanddozy.com\/it\/wp-content\/uploads\/2023\/02\/pink-star-pillow.jpg\",\"contentUrl\":\"https:\/\/cozyanddozy.com\/it\/wp-content\/uploads\/2023\/02\/pink-star-pillow.jpg\",\"width\":1200,\"height\":1187},{\"@type\":\"BreadcrumbList\",\"@id\":\"https:\/\/cozyanddozy.com\/it\/prodotto\/cuscino-set-di-stelle-velvet-stars-girl\/#breadcrumb\",\"itemListElement\":[{\"@type\":\"ListItem\",\"position\":1,\"name\":\"Home\",\"item\":\"https:\/\/cozyanddozy.com\/it\/\"},{\"@type\":\"ListItem\",\"position\":2,\"name\":\"Negozio\",\"item\":\"https:\/\/cozyanddozy.com\/it\/negozio\/\"},{\"@type\":\"ListItem\",\"position\":3,\"name\":\"Cuscino Stars &#8211; Set di cuscini in velluto Stars Girl\"}]},{\"@type\":\"WebSite\",\"@id\":\"https:\/\/cozyanddozy.com\/it\/#website\",\"url\":\"https:\/\/cozyanddozy.com\/it\/\",\"name\":\"Cozy & Dozy\",\"description\":\"\",\"potentialAction\":[{\"@type\":\"SearchAction\",\"target\":{\"@type\":\"EntryPoint\",\"urlTemplate\":\"https:\/\/cozyanddozy.com\/it\/?s={search_term_string}\"},\"query-input\":{\"@type\":\"PropertyValueSpecification\",\"valueRequired\":true,\"valueName\":\"search_term_string\"}}],\"inLanguage\":\"it-IT\"}]}<\/script>\n<meta property=\"product:price:amount\" content=\"49.00\" \/>\n<meta property=\"product:price:currency\" content=\"EUR\" \/>\n<meta property=\"og:availability\" content=\"instock\" \/>\n<meta property=\"product:availability\" content=\"instock\" \/>\n<meta property=\"product:retailer_item_id\" content=\"5902701495923\" \/>\n<meta property=\"product:condition\" content=\"new\" \/>\n<!-- \/ Yoast SEO Premium plugin. -->","yoast_head_json":{"title":"Cuscino Stars - Set di cuscini in velluto Stars Girl - Cozy & Dozy","description":"Morbidi e colorati cuscini a stella in velluto, dimensioni 40x40 cm. Set di 3.","robots":{"index":"index","follow":"follow","max-snippet":"max-snippet:-1","max-image-preview":"max-image-preview:large","max-video-preview":"max-video-preview:-1"},"canonical":"https:\/\/cozyanddozy.com\/it\/prodotto\/cuscino-set-di-stelle-velvet-stars-girl\/","og_locale":"it_IT","og_type":"article","og_title":"Cuscino Stars - Set di cuscini in velluto Stars Girl","og_description":"Morbidi e colorati cuscini a stella in velluto, dimensioni 40x40 cm. Set di 3.","og_url":"https:\/\/cozyanddozy.com\/it\/prodotto\/cuscino-set-di-stelle-velvet-stars-girl\/","og_site_name":"Cozy &amp; Dozy","article_modified_time":"2023-11-08T16:40:24+00:00","og_image":[{"width":1200,"height":1187,"url":"https:\/\/cozyanddozy.com\/it\/wp-content\/uploads\/2023\/02\/pink-star-pillow.jpg","type":"image\/jpeg"}],"twitter_card":"summary_large_image","twitter_misc":{"Prezzo":"49,00&nbsp;&euro;","Disponibilit\u00e0":"In stock"},"schema":{"@context":"https:\/\/schema.org","@graph":[{"@type":"WebPage","@id":"https:\/\/cozyanddozy.com\/it\/prodotto\/cuscino-set-di-stelle-velvet-stars-girl\/","url":"https:\/\/cozyanddozy.com\/it\/prodotto\/cuscino-set-di-stelle-velvet-stars-girl\/","name":"Cuscino Stars - Set di cuscini in velluto Stars Girl - Cozy & Dozy","isPartOf":{"@id":"https:\/\/cozyanddozy.com\/it\/#website"},"primaryImageOfPage":{"@id":"https:\/\/cozyanddozy.com\/it\/prodotto\/cuscino-set-di-stelle-velvet-stars-girl\/#primaryimage"},"image":{"@id":"https:\/\/cozyanddozy.com\/it\/prodotto\/cuscino-set-di-stelle-velvet-stars-girl\/#primaryimage"},"thumbnailUrl":"https:\/\/cozyanddozy.com\/it\/wp-content\/uploads\/2023\/02\/pink-star-pillow.jpg","datePublished":"2022-02-09T12:21:26+00:00","dateModified":"2023-11-08T16:40:24+00:00","description":"Morbidi e colorati cuscini a stella in velluto, dimensioni 40x40 cm. Set di 3.","breadcrumb":{"@id":"https:\/\/cozyanddozy.com\/it\/prodotto\/cuscino-set-di-stelle-velvet-stars-girl\/#breadcrumb"},"inLanguage":"it-IT","potentialAction":[{"@type":"ReadAction","target":["https:\/\/cozyanddozy.com\/it\/prodotto\/cuscino-set-di-stelle-velvet-stars-girl\/"]}]},{"@type":"ImageObject","inLanguage":"it-IT","@id":"https:\/\/cozyanddozy.com\/it\/prodotto\/cuscino-set-di-stelle-velvet-stars-girl\/#primaryimage","url":"https:\/\/cozyanddozy.com\/it\/wp-content\/uploads\/2023\/02\/pink-star-pillow.jpg","contentUrl":"https:\/\/cozyanddozy.com\/it\/wp-content\/uploads\/2023\/02\/pink-star-pillow.jpg","width":1200,"height":1187},{"@type":"BreadcrumbList","@id":"https:\/\/cozyanddozy.com\/it\/prodotto\/cuscino-set-di-stelle-velvet-stars-girl\/#breadcrumb","itemListElement":[{"@type":"ListItem","position":1,"name":"Home","item":"https:\/\/cozyanddozy.com\/it\/"},{"@type":"ListItem","position":2,"name":"Negozio","item":"https:\/\/cozyanddozy.com\/it\/negozio\/"},{"@type":"ListItem","position":3,"name":"Cuscino Stars &#8211; Set di cuscini in velluto Stars Girl"}]},{"@type":"WebSite","@id":"https:\/\/cozyanddozy.com\/it\/#website","url":"https:\/\/cozyanddozy.com\/it\/","name":"Cozy & Dozy","description":"","potentialAction":[{"@type":"SearchAction","target":{"@type":"EntryPoint","urlTemplate":"https:\/\/cozyanddozy.com\/it\/?s={search_term_string}"},"query-input":{"@type":"PropertyValueSpecification","valueRequired":true,"valueName":"search_term_string"}}],"inLanguage":"it-IT"}]},"product_price_amount":"49.00","product_price_currency":"EUR","og_availability":"instock","product_availability":"instock","product_retailer_item_id":"5902701495923","product_condition":"new"},"_links":{"self":[{"href":"https:\/\/cozyanddozy.com\/it\/wp-json\/wp\/v2\/product\/612","targetHints":{"allow":["GET"]}}],"collection":[{"href":"https:\/\/cozyanddozy.com\/it\/wp-json\/wp\/v2\/product"}],"about":[{"href":"https:\/\/cozyanddozy.com\/it\/wp-json\/wp\/v2\/types\/product"}],"replies":[{"embeddable":true,"href":"https:\/\/cozyanddozy.com\/it\/wp-json\/wp\/v2\/comments?post=612"}],"wp:featuredmedia":[{"embeddable":true,"href":"https:\/\/cozyanddozy.com\/it\/wp-json\/wp\/v2\/media\/587"}],"wp:attachment":[{"href":"https:\/\/cozyanddozy.com\/it\/wp-json\/wp\/v2\/media?parent=612"}],"wp:term":[{"taxonomy":"product_brand","embeddable":true,"href":"https:\/\/cozyanddozy.com\/it\/wp-json\/wp\/v2\/product_brand?post=612"},{"taxonomy":"product_cat","embeddable":true,"href":"https:\/\/cozyanddozy.com\/it\/wp-json\/wp\/v2\/product_cat?post=612"},{"taxonomy":"product_tag","embeddable":true,"href":"https:\/\/cozyanddozy.com\/it\/wp-json\/wp\/v2\/product_tag?post=612"}],"curies":[{"name":"wp","href":"https:\/\/api.w.org\/{rel}","templated":true}]}}