{"id":609,"date":"2022-01-31T02:48:16","date_gmt":"2022-01-31T02:48:16","guid":{"rendered":"https:\/\/cozyanddozy.com\/it\/product\/pillow-sheep-cozy-cushion\/"},"modified":"2023-11-08T16:40:23","modified_gmt":"2023-11-08T16:40:23","slug":"cuscino-peluche-cuscino","status":"publish","type":"product","link":"https:\/\/cozyanddozy.com\/it\/prodotto\/cuscino-peluche-cuscino\/","title":{"rendered":"Cuscino Pecora &#8211; cuscino accogliente"},"content":{"rendered":"<p>Ehi avventura! Divertitevi con Cozy &amp; Dozy<\/p>\n<p>Non si riesce a staccare le mani dall&#8217;accogliente cuscino di Sheep! \u00c8 realizzato in morbidissima pelliccia ecologica. Questo materiale rende l&#8217;uso del cuscino un&#8217;esperienza estremamente piacevole. Il vostro bambino sar\u00e0 felice di abbracciarla e di portarla a tutti i sonnellini.<\/p>\n<p>La sicurezza dei bambini \u00e8 sempre la nostra priorit\u00e0, per questo il cuscino \u00e8 realizzato con tessuti di altissima qualit\u00e0. Questo materiale \u00e8 certificato CE, il che significa che \u00e8 adatto anche alle pelli pi\u00f9 sensibili: non provoca allergie e irritazioni. Cos\u00ec potete dare al vostro bambino il nostro prodotto senza preoccupazioni.<\/p>\n<p>Il cuscino Sheep \u00e8 un prodotto eccezionale e unico. \u00c8 stato progettato da noi, rifinito nei minimi dettagli e cucito dalle nostre esperte sarte. Grazie a questo, potete essere certi di ottenere un prodotto di altissima qualit\u00e0, realizzato con estrema cura. \u00c8 molto importante per noi per un motivo specifico. La nostra esperienza dimostra che i bambini imparano meglio dal buon esempio che i genitori danno loro. Quando il bambino riceve un prodotto bello e di alta qualit\u00e0, \u00e8 in grado di apprendere le combinazioni di colori e il senso estetico fin da piccolo. Sapranno anche che vale la pena investire in prodotti di buona qualit\u00e0, perch\u00e9 restano con noi pi\u00f9 a lungo.<\/p>\n<p>Abbiamo assistito a molte occasioni in cui i genitori hanno nascosto i cuscini o i giocattoli dei loro figli prima delle celebrazioni familiari. I cuscini Cozy &amp; Dozy sono sicuri: sono belli ed efficaci in ogni stanza. Inoltre, a volte si sente dire che i genitori rubano i nostri cuscini ai loro figli.<\/p>\n<p>Il vostro bambino ama gli animali?<\/p>\n<p>Il cuscino Sheep si abbina perfettamente agli altri prodotti della collezione Adventure &#8211; nell&#8217;offerta Cozy &amp; Dozy troverete una tenda teepee, stuoie, altri cuscini e una ghirlanda per completare il set. In questo modo, potrete creare uno spazio coerente per il vostro bambino, ricco di una variet\u00e0 di prodotti con i quali la noia non si insedier\u00e0 di certo nella sua stanza.<\/p>\n<p>Dimensioni:<\/p>\n<ul>\n<li>65 x 40 cm<\/li>\n<\/ul>\n<p>Composizione:<\/p>\n<ul>\n<li>% wiskoza 80% poliestere , 15 % acrilico ( certificato, CE)<\/li>\n<li>imbottitura del cuscino &#8211; sfera in silicone, antiallergica. Inoltre, la lana di silicone cucita all&#8217;interno impedisce l&#8217;agglomerazione dell&#8217;imbottitura.<\/li>\n<\/ul>\n<p>Lavaggio:<\/p>\n<ul>\n<li>Lavabile in lavatrice a 40 gradi,<\/li>\n<li>rotazione &#8211; 800 giri,<\/li>\n<li>non lavare a secco, non candeggiare,<\/li>\n<li>Agitare dopo il lavaggio per sistemare il versamento,<\/li>\n<li>asciugare su una superficie piana.Senza ci\u00f2 che non siamo in grado di immaginare il mare la terra? Naturalmente, senza conchiglie bellissime e uniche. Ed \u00e8 meglio se questi gusci sono cuscini morbidi e piacevoli al tatto!<\/li>\n<\/ul>\n","protected":false},"excerpt":{"rendered":"<p>Un accogliente e grande cuscino decorativo Sheep.<\/p>\n","protected":false},"featured_media":595,"comment_status":"open","ping_status":"closed","template":"","meta":[],"product_brand":[],"product_cat":[17],"product_tag":[],"class_list":{"0":"post-609","1":"product","2":"type-product","3":"status-publish","4":"has-post-thumbnail","6":"product_cat-cuscini-pouf","8":"first","9":"instock","10":"product-type-simple"},"yoast_head":"<!-- This site is optimized with the Yoast SEO Premium plugin v21.9 (Yoast SEO v27.0) - https:\/\/yoast.com\/product\/yoast-seo-premium-wordpress\/ -->\n<title>Cuscino Pecora - cuscino accogliente - Cozy &amp; Dozy<\/title>\n<meta name=\"description\" content=\"Un accogliente e grande cuscino decorativo Sheep.\" \/>\n<meta name=\"robots\" content=\"index, follow, max-snippet:-1, max-image-preview:large, max-video-preview:-1\" \/>\n<link rel=\"canonical\" href=\"https:\/\/cozyanddozy.com\/it\/prodotto\/cuscino-peluche-cuscino\/\" \/>\n<meta property=\"og:locale\" content=\"it_IT\" \/>\n<meta property=\"og:type\" content=\"article\" \/>\n<meta property=\"og:title\" content=\"Cuscino Pecora - cuscino accogliente\" \/>\n<meta property=\"og:description\" content=\"Un accogliente e grande cuscino decorativo Sheep.\" \/>\n<meta property=\"og:url\" content=\"https:\/\/cozyanddozy.com\/it\/prodotto\/cuscino-peluche-cuscino\/\" \/>\n<meta property=\"og:site_name\" content=\"Cozy &amp; Dozy\" \/>\n<meta property=\"article:modified_time\" content=\"2023-11-08T16:40:23+00:00\" \/>\n<meta property=\"og:image\" content=\"https:\/\/cozyanddozy.com\/it\/wp-content\/uploads\/2023\/02\/sheep-pillow-pink-frill-heart-pouf-pink-gold-tipi.jpeg\" \/>\n\t<meta property=\"og:image:width\" content=\"1197\" \/>\n\t<meta property=\"og:image:height\" content=\"1194\" \/>\n\t<meta property=\"og:image:type\" content=\"image\/jpeg\" \/>\n<meta name=\"twitter:card\" content=\"summary_large_image\" \/>\n<meta name=\"twitter:label1\" content=\"Prezzo\" \/>\n\t<meta name=\"twitter:data1\" content=\"49,00&nbsp;&euro;\" \/>\n\t<meta name=\"twitter:label2\" content=\"Disponibilit\u00e0\" \/>\n\t<meta name=\"twitter:data2\" content=\"In stock\" \/>\n<script type=\"application\/ld+json\" class=\"yoast-schema-graph\">{\"@context\":\"https:\/\/schema.org\",\"@graph\":[{\"@type\":\"WebPage\",\"@id\":\"https:\/\/cozyanddozy.com\/it\/prodotto\/cuscino-peluche-cuscino\/\",\"url\":\"https:\/\/cozyanddozy.com\/it\/prodotto\/cuscino-peluche-cuscino\/\",\"name\":\"Cuscino Pecora - cuscino accogliente - Cozy & Dozy\",\"isPartOf\":{\"@id\":\"https:\/\/cozyanddozy.com\/it\/#website\"},\"primaryImageOfPage\":{\"@id\":\"https:\/\/cozyanddozy.com\/it\/prodotto\/cuscino-peluche-cuscino\/#primaryimage\"},\"image\":{\"@id\":\"https:\/\/cozyanddozy.com\/it\/prodotto\/cuscino-peluche-cuscino\/#primaryimage\"},\"thumbnailUrl\":\"https:\/\/cozyanddozy.com\/it\/wp-content\/uploads\/2023\/02\/sheep-pillow-pink-frill-heart-pouf-pink-gold-tipi.jpeg\",\"datePublished\":\"2022-01-31T02:48:16+00:00\",\"dateModified\":\"2023-11-08T16:40:23+00:00\",\"description\":\"Un accogliente e grande cuscino decorativo Sheep.\",\"breadcrumb\":{\"@id\":\"https:\/\/cozyanddozy.com\/it\/prodotto\/cuscino-peluche-cuscino\/#breadcrumb\"},\"inLanguage\":\"it-IT\",\"potentialAction\":[{\"@type\":\"ReadAction\",\"target\":[\"https:\/\/cozyanddozy.com\/it\/prodotto\/cuscino-peluche-cuscino\/\"]}]},{\"@type\":\"ImageObject\",\"inLanguage\":\"it-IT\",\"@id\":\"https:\/\/cozyanddozy.com\/it\/prodotto\/cuscino-peluche-cuscino\/#primaryimage\",\"url\":\"https:\/\/cozyanddozy.com\/it\/wp-content\/uploads\/2023\/02\/sheep-pillow-pink-frill-heart-pouf-pink-gold-tipi.jpeg\",\"contentUrl\":\"https:\/\/cozyanddozy.com\/it\/wp-content\/uploads\/2023\/02\/sheep-pillow-pink-frill-heart-pouf-pink-gold-tipi.jpeg\",\"width\":1197,\"height\":1194},{\"@type\":\"BreadcrumbList\",\"@id\":\"https:\/\/cozyanddozy.com\/it\/prodotto\/cuscino-peluche-cuscino\/#breadcrumb\",\"itemListElement\":[{\"@type\":\"ListItem\",\"position\":1,\"name\":\"Home\",\"item\":\"https:\/\/cozyanddozy.com\/it\/\"},{\"@type\":\"ListItem\",\"position\":2,\"name\":\"Negozio\",\"item\":\"https:\/\/cozyanddozy.com\/it\/negozio\/\"},{\"@type\":\"ListItem\",\"position\":3,\"name\":\"Cuscino Pecora &#8211; cuscino accogliente\"}]},{\"@type\":\"WebSite\",\"@id\":\"https:\/\/cozyanddozy.com\/it\/#website\",\"url\":\"https:\/\/cozyanddozy.com\/it\/\",\"name\":\"Cozy & Dozy\",\"description\":\"\",\"potentialAction\":[{\"@type\":\"SearchAction\",\"target\":{\"@type\":\"EntryPoint\",\"urlTemplate\":\"https:\/\/cozyanddozy.com\/it\/?s={search_term_string}\"},\"query-input\":{\"@type\":\"PropertyValueSpecification\",\"valueRequired\":true,\"valueName\":\"search_term_string\"}}],\"inLanguage\":\"it-IT\"}]}<\/script>\n<meta property=\"product:price:amount\" content=\"49.00\" \/>\n<meta property=\"product:price:currency\" content=\"EUR\" \/>\n<meta property=\"og:availability\" content=\"instock\" \/>\n<meta property=\"product:availability\" content=\"instock\" \/>\n<meta property=\"product:retailer_item_id\" content=\"5902701495909\" \/>\n<meta property=\"product:condition\" content=\"new\" \/>\n<!-- \/ Yoast SEO Premium plugin. -->","yoast_head_json":{"title":"Cuscino Pecora - cuscino accogliente - Cozy & Dozy","description":"Un accogliente e grande cuscino decorativo Sheep.","robots":{"index":"index","follow":"follow","max-snippet":"max-snippet:-1","max-image-preview":"max-image-preview:large","max-video-preview":"max-video-preview:-1"},"canonical":"https:\/\/cozyanddozy.com\/it\/prodotto\/cuscino-peluche-cuscino\/","og_locale":"it_IT","og_type":"article","og_title":"Cuscino Pecora - cuscino accogliente","og_description":"Un accogliente e grande cuscino decorativo Sheep.","og_url":"https:\/\/cozyanddozy.com\/it\/prodotto\/cuscino-peluche-cuscino\/","og_site_name":"Cozy &amp; Dozy","article_modified_time":"2023-11-08T16:40:23+00:00","og_image":[{"width":1197,"height":1194,"url":"https:\/\/cozyanddozy.com\/it\/wp-content\/uploads\/2023\/02\/sheep-pillow-pink-frill-heart-pouf-pink-gold-tipi.jpeg","type":"image\/jpeg"}],"twitter_card":"summary_large_image","twitter_misc":{"Prezzo":"49,00&nbsp;&euro;","Disponibilit\u00e0":"In stock"},"schema":{"@context":"https:\/\/schema.org","@graph":[{"@type":"WebPage","@id":"https:\/\/cozyanddozy.com\/it\/prodotto\/cuscino-peluche-cuscino\/","url":"https:\/\/cozyanddozy.com\/it\/prodotto\/cuscino-peluche-cuscino\/","name":"Cuscino Pecora - cuscino accogliente - Cozy & Dozy","isPartOf":{"@id":"https:\/\/cozyanddozy.com\/it\/#website"},"primaryImageOfPage":{"@id":"https:\/\/cozyanddozy.com\/it\/prodotto\/cuscino-peluche-cuscino\/#primaryimage"},"image":{"@id":"https:\/\/cozyanddozy.com\/it\/prodotto\/cuscino-peluche-cuscino\/#primaryimage"},"thumbnailUrl":"https:\/\/cozyanddozy.com\/it\/wp-content\/uploads\/2023\/02\/sheep-pillow-pink-frill-heart-pouf-pink-gold-tipi.jpeg","datePublished":"2022-01-31T02:48:16+00:00","dateModified":"2023-11-08T16:40:23+00:00","description":"Un accogliente e grande cuscino decorativo Sheep.","breadcrumb":{"@id":"https:\/\/cozyanddozy.com\/it\/prodotto\/cuscino-peluche-cuscino\/#breadcrumb"},"inLanguage":"it-IT","potentialAction":[{"@type":"ReadAction","target":["https:\/\/cozyanddozy.com\/it\/prodotto\/cuscino-peluche-cuscino\/"]}]},{"@type":"ImageObject","inLanguage":"it-IT","@id":"https:\/\/cozyanddozy.com\/it\/prodotto\/cuscino-peluche-cuscino\/#primaryimage","url":"https:\/\/cozyanddozy.com\/it\/wp-content\/uploads\/2023\/02\/sheep-pillow-pink-frill-heart-pouf-pink-gold-tipi.jpeg","contentUrl":"https:\/\/cozyanddozy.com\/it\/wp-content\/uploads\/2023\/02\/sheep-pillow-pink-frill-heart-pouf-pink-gold-tipi.jpeg","width":1197,"height":1194},{"@type":"BreadcrumbList","@id":"https:\/\/cozyanddozy.com\/it\/prodotto\/cuscino-peluche-cuscino\/#breadcrumb","itemListElement":[{"@type":"ListItem","position":1,"name":"Home","item":"https:\/\/cozyanddozy.com\/it\/"},{"@type":"ListItem","position":2,"name":"Negozio","item":"https:\/\/cozyanddozy.com\/it\/negozio\/"},{"@type":"ListItem","position":3,"name":"Cuscino Pecora &#8211; cuscino accogliente"}]},{"@type":"WebSite","@id":"https:\/\/cozyanddozy.com\/it\/#website","url":"https:\/\/cozyanddozy.com\/it\/","name":"Cozy & Dozy","description":"","potentialAction":[{"@type":"SearchAction","target":{"@type":"EntryPoint","urlTemplate":"https:\/\/cozyanddozy.com\/it\/?s={search_term_string}"},"query-input":{"@type":"PropertyValueSpecification","valueRequired":true,"valueName":"search_term_string"}}],"inLanguage":"it-IT"}]},"product_price_amount":"49.00","product_price_currency":"EUR","og_availability":"instock","product_availability":"instock","product_retailer_item_id":"5902701495909","product_condition":"new"},"_links":{"self":[{"href":"https:\/\/cozyanddozy.com\/it\/wp-json\/wp\/v2\/product\/609","targetHints":{"allow":["GET"]}}],"collection":[{"href":"https:\/\/cozyanddozy.com\/it\/wp-json\/wp\/v2\/product"}],"about":[{"href":"https:\/\/cozyanddozy.com\/it\/wp-json\/wp\/v2\/types\/product"}],"replies":[{"embeddable":true,"href":"https:\/\/cozyanddozy.com\/it\/wp-json\/wp\/v2\/comments?post=609"}],"wp:featuredmedia":[{"embeddable":true,"href":"https:\/\/cozyanddozy.com\/it\/wp-json\/wp\/v2\/media\/595"}],"wp:attachment":[{"href":"https:\/\/cozyanddozy.com\/it\/wp-json\/wp\/v2\/media?parent=609"}],"wp:term":[{"taxonomy":"product_brand","embeddable":true,"href":"https:\/\/cozyanddozy.com\/it\/wp-json\/wp\/v2\/product_brand?post=609"},{"taxonomy":"product_cat","embeddable":true,"href":"https:\/\/cozyanddozy.com\/it\/wp-json\/wp\/v2\/product_cat?post=609"},{"taxonomy":"product_tag","embeddable":true,"href":"https:\/\/cozyanddozy.com\/it\/wp-json\/wp\/v2\/product_tag?post=609"}],"curies":[{"name":"wp","href":"https:\/\/api.w.org\/{rel}","templated":true}]}}