{"id":547,"date":"2022-01-29T16:23:37","date_gmt":"2022-01-29T16:23:37","guid":{"rendered":"https:\/\/cozyanddozy.com\/it\/product\/pillow-grey-koala-velvet-cushion\/"},"modified":"2023-11-08T16:40:22","modified_gmt":"2023-11-08T16:40:22","slug":"cuscino-grigio-koala-velluto-cuscino","status":"publish","type":"product","link":"https:\/\/cozyanddozy.com\/it\/prodotto\/cuscino-grigio-koala-velluto-cuscino\/","title":{"rendered":"Cuscino grigio Koala &#8211; Cuscino in velluto"},"content":{"rendered":"<p>Ehi avventura! Divertitevi con Cozy &amp; Dozy<\/p>\n<p>Non riuscirete a togliere le mani dall&#8217;accogliente cuscino Koala! \u00c8 realizzato in un velluto molto morbido. Questo materiale rende l&#8217;uso del cuscino un&#8217;esperienza estremamente piacevole. Il vostro bambino sar\u00e0 felice di abbracciarla e di portarla a tutti i sonnellini.<\/p>\n<p>La sicurezza dei bambini \u00e8 sempre la nostra priorit\u00e0, per questo il cuscino \u00e8 realizzato in velluto 100% di altissima qualit\u00e0. Questo materiale \u00e8 certificato CE, il che significa che \u00e8 adatto anche alle pelli pi\u00f9 sensibili: non provoca allergie e irritazioni. Cos\u00ec potete dare al vostro bambino il nostro prodotto senza preoccupazioni.<\/p>\n<p>Il cuscino Koala \u00e8 un prodotto eccezionale e unico. \u00c8 stato progettato da noi, rifinito nei minimi dettagli e cucito dalle nostre esperte sarte. Grazie a questo, potete essere certi di ottenere un prodotto di altissima qualit\u00e0, realizzato con estrema cura. \u00c8 molto importante per noi per un motivo specifico. La nostra esperienza dimostra che i bambini imparano meglio dal buon esempio che i genitori danno loro. Quando il bambino riceve un prodotto bello e di alta qualit\u00e0, \u00e8 in grado di apprendere le combinazioni di colori e il senso dell&#8217;estetica fin da piccolo. Sapranno anche che vale la pena investire in prodotti di buona qualit\u00e0, perch\u00e9 restano con noi pi\u00f9 a lungo.<\/p>\n<p>Abbiamo assistito a molte occasioni in cui i genitori hanno nascosto i cuscini o i giocattoli dei loro figli prima delle celebrazioni familiari. I cuscini Cozy &amp; Dozy sono sicuri: sono belli ed efficaci in ogni stanza. Inoltre, a volte si sente dire che i genitori rubano i nostri cuscini ai loro figli.<\/p>\n<p>Il vostro bambino ama gli animali?<\/p>\n<p>Il cuscino Koala si abbina perfettamente agli altri prodotti della collezione Adventure &#8211; nell&#8217;offerta Cozy &amp; Dozy troverete una tenda teepee, stuoie, altri cuscini e una ghirlanda per completare il set. In questo modo, potrete creare uno spazio coerente per il vostro bambino, ricco di una variet\u00e0 di prodotti con i quali la noia non si insedier\u00e0 di certo nella sua stanza.<\/p>\n<p>Dimensioni:<\/p>\n<ul>\n<li>50 x 40 cm<\/li>\n<\/ul>\n<p>Composizione:<\/p>\n<ul>\n<li>100% velluto (certificato, CE)<\/li>\n<li>imbottitura del cuscino &#8211; sfera in silicone, antiallergica. Inoltre, la lana di silicone cucita all&#8217;interno impedisce l&#8217;agglomerazione dell&#8217;imbottitura.<\/li>\n<\/ul>\n<p>Lavaggio:<\/p>\n<ul>\n<li>Lavabile in lavatrice a 40 gradi,<\/li>\n<li>rotazione &#8211; 800 giri,<\/li>\n<li>non lavare a secco, non candeggiare,<\/li>\n<li>Agitare dopo il lavaggio per sistemare il versamento,<\/li>\n<li>asciugare su una superficie piana.Senza ci\u00f2 che non siamo in grado di immaginare il mare la terra? Naturalmente, senza conchiglie bellissime e uniche. E la cosa migliore \u00e8 che questi cuscini siano morbidi e piacevoli al tatto!<\/li>\n<\/ul>\n","protected":false},"excerpt":{"rendered":"<p>Un accogliente e grande cuscino decorativo Koala in delicato velluto.<\/p>\n","protected":false},"featured_media":548,"comment_status":"open","ping_status":"closed","template":"","meta":[],"product_brand":[],"product_cat":[17],"product_tag":[],"class_list":{"0":"post-547","1":"product","2":"type-product","3":"status-publish","4":"has-post-thumbnail","6":"product_cat-cuscini-pouf","8":"first","9":"instock","10":"sale","11":"product-type-simple"},"yoast_head":"<!-- This site is optimized with the Yoast SEO Premium plugin v21.9 (Yoast SEO v27.0) - https:\/\/yoast.com\/product\/yoast-seo-premium-wordpress\/ -->\n<title>Cuscino grigio Koala - Cuscino in velluto - Cozy &amp; Dozy<\/title>\n<meta name=\"description\" content=\"Un accogliente e grande cuscino decorativo Koala in delicato velluto.\" \/>\n<meta name=\"robots\" content=\"index, follow, max-snippet:-1, max-image-preview:large, max-video-preview:-1\" \/>\n<link rel=\"canonical\" href=\"https:\/\/cozyanddozy.com\/it\/prodotto\/cuscino-grigio-koala-velluto-cuscino\/\" \/>\n<meta property=\"og:locale\" content=\"it_IT\" \/>\n<meta property=\"og:type\" content=\"article\" \/>\n<meta property=\"og:title\" content=\"Cuscino grigio Koala - Cuscino in velluto\" \/>\n<meta property=\"og:description\" content=\"Un accogliente e grande cuscino decorativo Koala in delicato velluto.\" \/>\n<meta property=\"og:url\" content=\"https:\/\/cozyanddozy.com\/it\/prodotto\/cuscino-grigio-koala-velluto-cuscino\/\" \/>\n<meta property=\"og:site_name\" content=\"Cozy &amp; Dozy\" \/>\n<meta property=\"article:modified_time\" content=\"2023-11-08T16:40:22+00:00\" \/>\n<meta property=\"og:image\" content=\"https:\/\/cozyanddozy.com\/it\/wp-content\/uploads\/2023\/02\/12.jpg\" \/>\n\t<meta property=\"og:image:width\" content=\"1200\" \/>\n\t<meta property=\"og:image:height\" content=\"1200\" \/>\n\t<meta property=\"og:image:type\" content=\"image\/jpeg\" \/>\n<meta name=\"twitter:card\" content=\"summary_large_image\" \/>\n<meta name=\"twitter:label1\" content=\"Prezzo\" \/>\n\t<meta name=\"twitter:data1\" content=\"39,00&nbsp;&euro;\" \/>\n\t<meta name=\"twitter:label2\" content=\"Disponibilit\u00e0\" \/>\n\t<meta name=\"twitter:data2\" content=\"In stock\" \/>\n<script type=\"application\/ld+json\" class=\"yoast-schema-graph\">{\"@context\":\"https:\/\/schema.org\",\"@graph\":[{\"@type\":\"WebPage\",\"@id\":\"https:\/\/cozyanddozy.com\/it\/prodotto\/cuscino-grigio-koala-velluto-cuscino\/\",\"url\":\"https:\/\/cozyanddozy.com\/it\/prodotto\/cuscino-grigio-koala-velluto-cuscino\/\",\"name\":\"Cuscino grigio Koala - Cuscino in velluto - Cozy & Dozy\",\"isPartOf\":{\"@id\":\"https:\/\/cozyanddozy.com\/it\/#website\"},\"primaryImageOfPage\":{\"@id\":\"https:\/\/cozyanddozy.com\/it\/prodotto\/cuscino-grigio-koala-velluto-cuscino\/#primaryimage\"},\"image\":{\"@id\":\"https:\/\/cozyanddozy.com\/it\/prodotto\/cuscino-grigio-koala-velluto-cuscino\/#primaryimage\"},\"thumbnailUrl\":\"https:\/\/cozyanddozy.com\/it\/wp-content\/uploads\/2023\/02\/12.jpg\",\"datePublished\":\"2022-01-29T16:23:37+00:00\",\"dateModified\":\"2023-11-08T16:40:22+00:00\",\"description\":\"Un accogliente e grande cuscino decorativo Koala in delicato velluto.\",\"breadcrumb\":{\"@id\":\"https:\/\/cozyanddozy.com\/it\/prodotto\/cuscino-grigio-koala-velluto-cuscino\/#breadcrumb\"},\"inLanguage\":\"it-IT\",\"potentialAction\":[{\"@type\":\"ReadAction\",\"target\":[\"https:\/\/cozyanddozy.com\/it\/prodotto\/cuscino-grigio-koala-velluto-cuscino\/\"]}]},{\"@type\":\"ImageObject\",\"inLanguage\":\"it-IT\",\"@id\":\"https:\/\/cozyanddozy.com\/it\/prodotto\/cuscino-grigio-koala-velluto-cuscino\/#primaryimage\",\"url\":\"https:\/\/cozyanddozy.com\/it\/wp-content\/uploads\/2023\/02\/12.jpg\",\"contentUrl\":\"https:\/\/cozyanddozy.com\/it\/wp-content\/uploads\/2023\/02\/12.jpg\",\"width\":1200,\"height\":1200},{\"@type\":\"BreadcrumbList\",\"@id\":\"https:\/\/cozyanddozy.com\/it\/prodotto\/cuscino-grigio-koala-velluto-cuscino\/#breadcrumb\",\"itemListElement\":[{\"@type\":\"ListItem\",\"position\":1,\"name\":\"Home\",\"item\":\"https:\/\/cozyanddozy.com\/it\/\"},{\"@type\":\"ListItem\",\"position\":2,\"name\":\"Negozio\",\"item\":\"https:\/\/cozyanddozy.com\/it\/negozio\/\"},{\"@type\":\"ListItem\",\"position\":3,\"name\":\"Cuscino grigio Koala &#8211; Cuscino in velluto\"}]},{\"@type\":\"WebSite\",\"@id\":\"https:\/\/cozyanddozy.com\/it\/#website\",\"url\":\"https:\/\/cozyanddozy.com\/it\/\",\"name\":\"Cozy & Dozy\",\"description\":\"\",\"potentialAction\":[{\"@type\":\"SearchAction\",\"target\":{\"@type\":\"EntryPoint\",\"urlTemplate\":\"https:\/\/cozyanddozy.com\/it\/?s={search_term_string}\"},\"query-input\":{\"@type\":\"PropertyValueSpecification\",\"valueRequired\":true,\"valueName\":\"search_term_string\"}}],\"inLanguage\":\"it-IT\"}]}<\/script>\n<meta property=\"product:price:amount\" content=\"39.00\" \/>\n<meta property=\"product:price:currency\" content=\"EUR\" \/>\n<meta property=\"og:availability\" content=\"instock\" \/>\n<meta property=\"product:availability\" content=\"instock\" \/>\n<meta property=\"product:retailer_item_id\" content=\"5902701495855\" \/>\n<meta property=\"product:condition\" content=\"new\" \/>\n<!-- \/ Yoast SEO Premium plugin. -->","yoast_head_json":{"title":"Cuscino grigio Koala - Cuscino in velluto - Cozy & Dozy","description":"Un accogliente e grande cuscino decorativo Koala in delicato velluto.","robots":{"index":"index","follow":"follow","max-snippet":"max-snippet:-1","max-image-preview":"max-image-preview:large","max-video-preview":"max-video-preview:-1"},"canonical":"https:\/\/cozyanddozy.com\/it\/prodotto\/cuscino-grigio-koala-velluto-cuscino\/","og_locale":"it_IT","og_type":"article","og_title":"Cuscino grigio Koala - Cuscino in velluto","og_description":"Un accogliente e grande cuscino decorativo Koala in delicato velluto.","og_url":"https:\/\/cozyanddozy.com\/it\/prodotto\/cuscino-grigio-koala-velluto-cuscino\/","og_site_name":"Cozy &amp; Dozy","article_modified_time":"2023-11-08T16:40:22+00:00","og_image":[{"width":1200,"height":1200,"url":"https:\/\/cozyanddozy.com\/it\/wp-content\/uploads\/2023\/02\/12.jpg","type":"image\/jpeg"}],"twitter_card":"summary_large_image","twitter_misc":{"Prezzo":"39,00&nbsp;&euro;","Disponibilit\u00e0":"In stock"},"schema":{"@context":"https:\/\/schema.org","@graph":[{"@type":"WebPage","@id":"https:\/\/cozyanddozy.com\/it\/prodotto\/cuscino-grigio-koala-velluto-cuscino\/","url":"https:\/\/cozyanddozy.com\/it\/prodotto\/cuscino-grigio-koala-velluto-cuscino\/","name":"Cuscino grigio Koala - Cuscino in velluto - Cozy & Dozy","isPartOf":{"@id":"https:\/\/cozyanddozy.com\/it\/#website"},"primaryImageOfPage":{"@id":"https:\/\/cozyanddozy.com\/it\/prodotto\/cuscino-grigio-koala-velluto-cuscino\/#primaryimage"},"image":{"@id":"https:\/\/cozyanddozy.com\/it\/prodotto\/cuscino-grigio-koala-velluto-cuscino\/#primaryimage"},"thumbnailUrl":"https:\/\/cozyanddozy.com\/it\/wp-content\/uploads\/2023\/02\/12.jpg","datePublished":"2022-01-29T16:23:37+00:00","dateModified":"2023-11-08T16:40:22+00:00","description":"Un accogliente e grande cuscino decorativo Koala in delicato velluto.","breadcrumb":{"@id":"https:\/\/cozyanddozy.com\/it\/prodotto\/cuscino-grigio-koala-velluto-cuscino\/#breadcrumb"},"inLanguage":"it-IT","potentialAction":[{"@type":"ReadAction","target":["https:\/\/cozyanddozy.com\/it\/prodotto\/cuscino-grigio-koala-velluto-cuscino\/"]}]},{"@type":"ImageObject","inLanguage":"it-IT","@id":"https:\/\/cozyanddozy.com\/it\/prodotto\/cuscino-grigio-koala-velluto-cuscino\/#primaryimage","url":"https:\/\/cozyanddozy.com\/it\/wp-content\/uploads\/2023\/02\/12.jpg","contentUrl":"https:\/\/cozyanddozy.com\/it\/wp-content\/uploads\/2023\/02\/12.jpg","width":1200,"height":1200},{"@type":"BreadcrumbList","@id":"https:\/\/cozyanddozy.com\/it\/prodotto\/cuscino-grigio-koala-velluto-cuscino\/#breadcrumb","itemListElement":[{"@type":"ListItem","position":1,"name":"Home","item":"https:\/\/cozyanddozy.com\/it\/"},{"@type":"ListItem","position":2,"name":"Negozio","item":"https:\/\/cozyanddozy.com\/it\/negozio\/"},{"@type":"ListItem","position":3,"name":"Cuscino grigio Koala &#8211; Cuscino in velluto"}]},{"@type":"WebSite","@id":"https:\/\/cozyanddozy.com\/it\/#website","url":"https:\/\/cozyanddozy.com\/it\/","name":"Cozy & Dozy","description":"","potentialAction":[{"@type":"SearchAction","target":{"@type":"EntryPoint","urlTemplate":"https:\/\/cozyanddozy.com\/it\/?s={search_term_string}"},"query-input":{"@type":"PropertyValueSpecification","valueRequired":true,"valueName":"search_term_string"}}],"inLanguage":"it-IT"}]},"product_price_amount":"39.00","product_price_currency":"EUR","og_availability":"instock","product_availability":"instock","product_retailer_item_id":"5902701495855","product_condition":"new"},"_links":{"self":[{"href":"https:\/\/cozyanddozy.com\/it\/wp-json\/wp\/v2\/product\/547","targetHints":{"allow":["GET"]}}],"collection":[{"href":"https:\/\/cozyanddozy.com\/it\/wp-json\/wp\/v2\/product"}],"about":[{"href":"https:\/\/cozyanddozy.com\/it\/wp-json\/wp\/v2\/types\/product"}],"replies":[{"embeddable":true,"href":"https:\/\/cozyanddozy.com\/it\/wp-json\/wp\/v2\/comments?post=547"}],"wp:featuredmedia":[{"embeddable":true,"href":"https:\/\/cozyanddozy.com\/it\/wp-json\/wp\/v2\/media\/548"}],"wp:attachment":[{"href":"https:\/\/cozyanddozy.com\/it\/wp-json\/wp\/v2\/media?parent=547"}],"wp:term":[{"taxonomy":"product_brand","embeddable":true,"href":"https:\/\/cozyanddozy.com\/it\/wp-json\/wp\/v2\/product_brand?post=547"},{"taxonomy":"product_cat","embeddable":true,"href":"https:\/\/cozyanddozy.com\/it\/wp-json\/wp\/v2\/product_cat?post=547"},{"taxonomy":"product_tag","embeddable":true,"href":"https:\/\/cozyanddozy.com\/it\/wp-json\/wp\/v2\/product_tag?post=547"}],"curies":[{"name":"wp","href":"https:\/\/api.w.org\/{rel}","templated":true}]}}