{"id":544,"date":"2022-01-13T12:23:22","date_gmt":"2022-01-13T12:23:22","guid":{"rendered":"https:\/\/cozyanddozy.com\/it\/product\/garland-forest-friends-pennant-velvet\/"},"modified":"2023-11-08T16:40:22","modified_gmt":"2023-11-08T16:40:22","slug":"ghirlanda-foresta-amici-pennacchiotto-velluto-2","status":"publish","type":"product","link":"https:\/\/cozyanddozy.com\/it\/prodotto\/ghirlanda-foresta-amici-pennacchiotto-velluto-2\/","title":{"rendered":"Ghirlanda Amici della Foresta, Pennant Velvet"},"content":{"rendered":"<p style=\"text-align: left;\">Creare un&#8217;atmosfera da foresta nella stanza del bambino con Cozy &amp; Dozy<\/p>\n<p>La ghirlanda Forest Life \u00e8 un&#8217;idea regalo perfetta per un bambino e un ragazzo pi\u00f9 grande. I motivi della foresta che lo compongono (ha 5 appendini &#8211; 3 foglie e due scarabei) incoraggeranno sicuramente il bambino a conoscere meglio il mondo della foresta. Un soprammobile nei toni della terra si adatta perfettamente a tutti gli interni.<\/p>\n<p>Le ghirlande di velluto, realizzate con materiali morbidi, rendono la stanza del bambino un luogo caldo e accogliente. Un luogo in cui il bambino possa sentirsi al sicuro e a proprio agio. Grazie a ci\u00f2, \u00e8 pi\u00f9 probabile che vi trascorra del tempo, giochi e si riposi.<\/p>\n<p>La ghirlanda Forest Life \u00e8 perfetta come decorazione per la camera di un bambino, la stanza dei giochi, la festa di compleanno o il servizio fotografico. Aggiunger\u00e0 un carattere magico agli interni e sottolineer\u00e0 la forza dell&#8217;originalit\u00e0.<\/p>\n<p>Inoltre, la ghirlanda \u00e8 stata realizzata nel nostro studio dall&#8217;inizio alla fine. Pertanto, il bambino ricever\u00e0 un regalo unico e irripetibile che sicuramente attirer\u00e0 la sua attenzione e gli far\u00e0 molto piacere. Anche ai bambini piace mostrare i regali ai loro amici e la nostra ghirlanda susciter\u00e0 sicuramente il loro interesse.<\/p>\n<p>La sicurezza dei bambini \u00e8 la nostra priorit\u00e0, per questo la ghirlanda \u00e8 realizzata in velluto di altissima qualit\u00e0 al 100%. Questo materiale \u00e8 certificato CE, il che significa che \u00e8 adatto anche alle pelli sensibili: non provoca allergie e irritazioni. Cos\u00ec potete dare al vostro bambino il nostro prodotto senza preoccupazioni.<\/p>\n<p>Il vostro bambino ama i climi boschivi?<\/p>\n<p>La ghirlanda Forest Life si abbina perfettamente agli altri prodotti della collezione Forest &#8211; Cozy &amp; Dozy offre una tenda teepee, tappetini e cuscini per il set. In questo modo, \u00e8 possibile creare uno spazio coerente per il bambino, ricco di una variet\u00e0 di prodotti con i quali la noia non si insedier\u00e0 di certo nella stanza.<\/p>\n<p>Dimensioni:<\/p>\n<p>* Lunghezza: corda di cotone &#8211; 235 cm<\/p>\n<p>* Dimensioni degli ornamenti: foglie &#8211; 18 x16 cm, scarabeo 19 x 20 cm<\/p>\n<p>Composizione:<\/p>\n<p>* Decorazione: 100% velluto (certificato, CE)<\/p>\n<p>* Corda: 100% cotone<\/p>\n<p>Lavaggio:<\/p>\n<p>* Le decorazioni possono essere lavate a 40 gradi<\/p>\n<p>* Rotazione &#8211; 800 giri<\/p>\n<p>* Non lavare a secco, non candeggiare<\/p>\n<p>* Asciugare su una superficie piana<\/p>\n","protected":false},"excerpt":{"rendered":"<p>Sempre pi\u00f9 spesso vediamo bellissime ghirlande nelle camere dei bambini e la cosa non ci sorprende affatto! Le ghirlande sono decorazioni delicate che sono come la ciliegina sulla torta: creano un&#8217;atmosfera magica negli interni.<\/p>\n","protected":false},"featured_media":545,"comment_status":"open","ping_status":"closed","template":"","meta":[],"product_brand":[],"product_cat":[19],"product_tag":[],"class_list":{"0":"post-544","1":"product","2":"type-product","3":"status-publish","4":"has-post-thumbnail","6":"product_cat-accessori","7":"product_shipping_class-kije","9":"first","10":"instock","11":"product-type-simple"},"yoast_head":"<!-- This site is optimized with the Yoast SEO Premium plugin v21.9 (Yoast SEO v27.0) - https:\/\/yoast.com\/product\/yoast-seo-premium-wordpress\/ -->\n<title>Ghirlanda Amici della Foresta, Pennant Velvet - Cozy &amp; Dozy<\/title>\n<meta name=\"description\" content=\"Sempre pi\u00f9 spesso vediamo bellissime ghirlande nelle camere dei bambini e la cosa non ci sorprende affatto! Le ghirlande sono decorazioni delicate che sono come la ciliegina sulla torta: creano un&#039;atmosfera magica negli interni.\" \/>\n<meta name=\"robots\" content=\"index, follow, max-snippet:-1, max-image-preview:large, max-video-preview:-1\" \/>\n<link rel=\"canonical\" href=\"https:\/\/cozyanddozy.com\/it\/prodotto\/ghirlanda-foresta-amici-pennacchiotto-velluto-2\/\" \/>\n<meta property=\"og:locale\" content=\"it_IT\" \/>\n<meta property=\"og:type\" content=\"article\" \/>\n<meta property=\"og:title\" content=\"Ghirlanda Amici della Foresta, Pennant Velvet\" \/>\n<meta property=\"og:description\" content=\"Sempre pi\u00f9 spesso vediamo bellissime ghirlande nelle camere dei bambini e la cosa non ci sorprende affatto! Le ghirlande sono decorazioni delicate che sono come la ciliegina sulla torta: creano un&#039;atmosfera magica negli interni.\" \/>\n<meta property=\"og:url\" content=\"https:\/\/cozyanddozy.com\/it\/prodotto\/ghirlanda-foresta-amici-pennacchiotto-velluto-2\/\" \/>\n<meta property=\"og:site_name\" content=\"Cozy &amp; Dozy\" \/>\n<meta property=\"article:modified_time\" content=\"2023-11-08T16:40:22+00:00\" \/>\n<meta property=\"og:image\" content=\"https:\/\/cozyanddozy.com\/it\/wp-content\/uploads\/2023\/02\/image00001.jpeg\" \/>\n\t<meta property=\"og:image:width\" content=\"1202\" \/>\n\t<meta property=\"og:image:height\" content=\"1200\" \/>\n\t<meta property=\"og:image:type\" content=\"image\/jpeg\" \/>\n<meta name=\"twitter:card\" content=\"summary_large_image\" \/>\n<meta name=\"twitter:label1\" content=\"Prezzo\" \/>\n\t<meta name=\"twitter:data1\" content=\"39,00&nbsp;&euro;\" \/>\n\t<meta name=\"twitter:label2\" content=\"Disponibilit\u00e0\" \/>\n\t<meta name=\"twitter:data2\" content=\"In stock\" \/>\n<script type=\"application\/ld+json\" class=\"yoast-schema-graph\">{\"@context\":\"https:\/\/schema.org\",\"@graph\":[{\"@type\":\"WebPage\",\"@id\":\"https:\/\/cozyanddozy.com\/it\/prodotto\/ghirlanda-foresta-amici-pennacchiotto-velluto-2\/\",\"url\":\"https:\/\/cozyanddozy.com\/it\/prodotto\/ghirlanda-foresta-amici-pennacchiotto-velluto-2\/\",\"name\":\"Ghirlanda Amici della Foresta, Pennant Velvet - Cozy & Dozy\",\"isPartOf\":{\"@id\":\"https:\/\/cozyanddozy.com\/it\/#website\"},\"primaryImageOfPage\":{\"@id\":\"https:\/\/cozyanddozy.com\/it\/prodotto\/ghirlanda-foresta-amici-pennacchiotto-velluto-2\/#primaryimage\"},\"image\":{\"@id\":\"https:\/\/cozyanddozy.com\/it\/prodotto\/ghirlanda-foresta-amici-pennacchiotto-velluto-2\/#primaryimage\"},\"thumbnailUrl\":\"https:\/\/cozyanddozy.com\/it\/wp-content\/uploads\/2023\/02\/image00001.jpeg\",\"datePublished\":\"2022-01-13T12:23:22+00:00\",\"dateModified\":\"2023-11-08T16:40:22+00:00\",\"description\":\"Sempre pi\u00f9 spesso vediamo bellissime ghirlande nelle camere dei bambini e la cosa non ci sorprende affatto! Le ghirlande sono decorazioni delicate che sono come la ciliegina sulla torta: creano un'atmosfera magica negli interni.\",\"breadcrumb\":{\"@id\":\"https:\/\/cozyanddozy.com\/it\/prodotto\/ghirlanda-foresta-amici-pennacchiotto-velluto-2\/#breadcrumb\"},\"inLanguage\":\"it-IT\",\"potentialAction\":[{\"@type\":\"ReadAction\",\"target\":[\"https:\/\/cozyanddozy.com\/it\/prodotto\/ghirlanda-foresta-amici-pennacchiotto-velluto-2\/\"]}]},{\"@type\":\"ImageObject\",\"inLanguage\":\"it-IT\",\"@id\":\"https:\/\/cozyanddozy.com\/it\/prodotto\/ghirlanda-foresta-amici-pennacchiotto-velluto-2\/#primaryimage\",\"url\":\"https:\/\/cozyanddozy.com\/it\/wp-content\/uploads\/2023\/02\/image00001.jpeg\",\"contentUrl\":\"https:\/\/cozyanddozy.com\/it\/wp-content\/uploads\/2023\/02\/image00001.jpeg\",\"width\":1202,\"height\":1200},{\"@type\":\"BreadcrumbList\",\"@id\":\"https:\/\/cozyanddozy.com\/it\/prodotto\/ghirlanda-foresta-amici-pennacchiotto-velluto-2\/#breadcrumb\",\"itemListElement\":[{\"@type\":\"ListItem\",\"position\":1,\"name\":\"Home\",\"item\":\"https:\/\/cozyanddozy.com\/it\/\"},{\"@type\":\"ListItem\",\"position\":2,\"name\":\"Negozio\",\"item\":\"https:\/\/cozyanddozy.com\/it\/negozio\/\"},{\"@type\":\"ListItem\",\"position\":3,\"name\":\"Ghirlanda Amici della Foresta, Pennant Velvet\"}]},{\"@type\":\"WebSite\",\"@id\":\"https:\/\/cozyanddozy.com\/it\/#website\",\"url\":\"https:\/\/cozyanddozy.com\/it\/\",\"name\":\"Cozy & Dozy\",\"description\":\"\",\"potentialAction\":[{\"@type\":\"SearchAction\",\"target\":{\"@type\":\"EntryPoint\",\"urlTemplate\":\"https:\/\/cozyanddozy.com\/it\/?s={search_term_string}\"},\"query-input\":{\"@type\":\"PropertyValueSpecification\",\"valueRequired\":true,\"valueName\":\"search_term_string\"}}],\"inLanguage\":\"it-IT\"}]}<\/script>\n<meta property=\"product:price:amount\" content=\"39.00\" \/>\n<meta property=\"product:price:currency\" content=\"EUR\" \/>\n<meta property=\"og:availability\" content=\"instock\" \/>\n<meta property=\"product:availability\" content=\"instock\" \/>\n<meta property=\"product:retailer_item_id\" content=\"5902701495794\" \/>\n<meta property=\"product:condition\" content=\"new\" \/>\n<!-- \/ Yoast SEO Premium plugin. -->","yoast_head_json":{"title":"Ghirlanda Amici della Foresta, Pennant Velvet - Cozy & Dozy","description":"Sempre pi\u00f9 spesso vediamo bellissime ghirlande nelle camere dei bambini e la cosa non ci sorprende affatto! Le ghirlande sono decorazioni delicate che sono come la ciliegina sulla torta: creano un'atmosfera magica negli interni.","robots":{"index":"index","follow":"follow","max-snippet":"max-snippet:-1","max-image-preview":"max-image-preview:large","max-video-preview":"max-video-preview:-1"},"canonical":"https:\/\/cozyanddozy.com\/it\/prodotto\/ghirlanda-foresta-amici-pennacchiotto-velluto-2\/","og_locale":"it_IT","og_type":"article","og_title":"Ghirlanda Amici della Foresta, Pennant Velvet","og_description":"Sempre pi\u00f9 spesso vediamo bellissime ghirlande nelle camere dei bambini e la cosa non ci sorprende affatto! Le ghirlande sono decorazioni delicate che sono come la ciliegina sulla torta: creano un'atmosfera magica negli interni.","og_url":"https:\/\/cozyanddozy.com\/it\/prodotto\/ghirlanda-foresta-amici-pennacchiotto-velluto-2\/","og_site_name":"Cozy &amp; Dozy","article_modified_time":"2023-11-08T16:40:22+00:00","og_image":[{"width":1202,"height":1200,"url":"https:\/\/cozyanddozy.com\/it\/wp-content\/uploads\/2023\/02\/image00001.jpeg","type":"image\/jpeg"}],"twitter_card":"summary_large_image","twitter_misc":{"Prezzo":"39,00&nbsp;&euro;","Disponibilit\u00e0":"In stock"},"schema":{"@context":"https:\/\/schema.org","@graph":[{"@type":"WebPage","@id":"https:\/\/cozyanddozy.com\/it\/prodotto\/ghirlanda-foresta-amici-pennacchiotto-velluto-2\/","url":"https:\/\/cozyanddozy.com\/it\/prodotto\/ghirlanda-foresta-amici-pennacchiotto-velluto-2\/","name":"Ghirlanda Amici della Foresta, Pennant Velvet - Cozy & Dozy","isPartOf":{"@id":"https:\/\/cozyanddozy.com\/it\/#website"},"primaryImageOfPage":{"@id":"https:\/\/cozyanddozy.com\/it\/prodotto\/ghirlanda-foresta-amici-pennacchiotto-velluto-2\/#primaryimage"},"image":{"@id":"https:\/\/cozyanddozy.com\/it\/prodotto\/ghirlanda-foresta-amici-pennacchiotto-velluto-2\/#primaryimage"},"thumbnailUrl":"https:\/\/cozyanddozy.com\/it\/wp-content\/uploads\/2023\/02\/image00001.jpeg","datePublished":"2022-01-13T12:23:22+00:00","dateModified":"2023-11-08T16:40:22+00:00","description":"Sempre pi\u00f9 spesso vediamo bellissime ghirlande nelle camere dei bambini e la cosa non ci sorprende affatto! Le ghirlande sono decorazioni delicate che sono come la ciliegina sulla torta: creano un'atmosfera magica negli interni.","breadcrumb":{"@id":"https:\/\/cozyanddozy.com\/it\/prodotto\/ghirlanda-foresta-amici-pennacchiotto-velluto-2\/#breadcrumb"},"inLanguage":"it-IT","potentialAction":[{"@type":"ReadAction","target":["https:\/\/cozyanddozy.com\/it\/prodotto\/ghirlanda-foresta-amici-pennacchiotto-velluto-2\/"]}]},{"@type":"ImageObject","inLanguage":"it-IT","@id":"https:\/\/cozyanddozy.com\/it\/prodotto\/ghirlanda-foresta-amici-pennacchiotto-velluto-2\/#primaryimage","url":"https:\/\/cozyanddozy.com\/it\/wp-content\/uploads\/2023\/02\/image00001.jpeg","contentUrl":"https:\/\/cozyanddozy.com\/it\/wp-content\/uploads\/2023\/02\/image00001.jpeg","width":1202,"height":1200},{"@type":"BreadcrumbList","@id":"https:\/\/cozyanddozy.com\/it\/prodotto\/ghirlanda-foresta-amici-pennacchiotto-velluto-2\/#breadcrumb","itemListElement":[{"@type":"ListItem","position":1,"name":"Home","item":"https:\/\/cozyanddozy.com\/it\/"},{"@type":"ListItem","position":2,"name":"Negozio","item":"https:\/\/cozyanddozy.com\/it\/negozio\/"},{"@type":"ListItem","position":3,"name":"Ghirlanda Amici della Foresta, Pennant Velvet"}]},{"@type":"WebSite","@id":"https:\/\/cozyanddozy.com\/it\/#website","url":"https:\/\/cozyanddozy.com\/it\/","name":"Cozy & Dozy","description":"","potentialAction":[{"@type":"SearchAction","target":{"@type":"EntryPoint","urlTemplate":"https:\/\/cozyanddozy.com\/it\/?s={search_term_string}"},"query-input":{"@type":"PropertyValueSpecification","valueRequired":true,"valueName":"search_term_string"}}],"inLanguage":"it-IT"}]},"product_price_amount":"39.00","product_price_currency":"EUR","og_availability":"instock","product_availability":"instock","product_retailer_item_id":"5902701495794","product_condition":"new"},"_links":{"self":[{"href":"https:\/\/cozyanddozy.com\/it\/wp-json\/wp\/v2\/product\/544","targetHints":{"allow":["GET"]}}],"collection":[{"href":"https:\/\/cozyanddozy.com\/it\/wp-json\/wp\/v2\/product"}],"about":[{"href":"https:\/\/cozyanddozy.com\/it\/wp-json\/wp\/v2\/types\/product"}],"replies":[{"embeddable":true,"href":"https:\/\/cozyanddozy.com\/it\/wp-json\/wp\/v2\/comments?post=544"}],"wp:featuredmedia":[{"embeddable":true,"href":"https:\/\/cozyanddozy.com\/it\/wp-json\/wp\/v2\/media\/545"}],"wp:attachment":[{"href":"https:\/\/cozyanddozy.com\/it\/wp-json\/wp\/v2\/media?parent=544"}],"wp:term":[{"taxonomy":"product_brand","embeddable":true,"href":"https:\/\/cozyanddozy.com\/it\/wp-json\/wp\/v2\/product_brand?post=544"},{"taxonomy":"product_cat","embeddable":true,"href":"https:\/\/cozyanddozy.com\/it\/wp-json\/wp\/v2\/product_cat?post=544"},{"taxonomy":"product_tag","embeddable":true,"href":"https:\/\/cozyanddozy.com\/it\/wp-json\/wp\/v2\/product_tag?post=544"}],"curies":[{"name":"wp","href":"https:\/\/api.w.org\/{rel}","templated":true}]}}