{"id":538,"date":"2022-01-13T12:03:35","date_gmt":"2022-01-13T12:03:35","guid":{"rendered":"https:\/\/cozyanddozy.com\/it\/product\/boho-garland-lace-beige-pennant\/"},"modified":"2023-11-08T16:40:21","modified_gmt":"2023-11-08T16:40:21","slug":"boho-garlandia-lace-beige-pennant","status":"publish","type":"product","link":"https:\/\/cozyanddozy.com\/it\/prodotto\/boho-garlandia-lace-beige-pennant\/","title":{"rendered":"Ghirlanda boho Pizzo, gagliardetto beige"},"content":{"rendered":"<p>Il classico si difende da solo, ma Cozy &amp; Dozy la aiuta in questo senso<\/p>\n<p>Siete amanti dei colori tenui? Non volete stimolare il vostro bambino con colori intensi nella sua stanza? Non vi convincono le considerazioni secondo le quali una stanza per i ragazzi deve essere blu e per le ragazze deve essere rosa? Allora vi consigliamo la ghirlanda di pizzo senza alcun dubbio. Il delicato color crema della ghirlanda si adatta perfettamente agli interni scandinavi e rustici, ma anche ai climi boho.<\/p>\n<p>Tuttavia, grazie al pizzo, che ha una texture interessante e piacevole, \u00e8 un accessorio originale e unico &#8211; perch\u00e9 delicato non vuol dire noioso.<\/p>\n<p>La ghirlanda di Laca \u00e8 perfetta come decorazione per la stanza del bambino, la stanza dei giochi, la festa di compleanno o il servizio fotografico. Aggiunger\u00e0 un carattere magico agli interni e sottolineer\u00e0 la forza dell&#8217;originalit\u00e0.<\/p>\n<p>Inoltre, la ghirlanda \u00e8 stata realizzata nel nostro studio dall&#8217;inizio alla fine. Pertanto, possiamo garantire che il vostro bambino ricever\u00e0 un regalo unico e irripetibile. Il nuovo soprammobile attirer\u00e0 sicuramente la sua attenzione e sar\u00e0 un piacere. Anche ai bambini piace mostrare i regali ai loro amici e la nostra ghirlanda susciter\u00e0 sicuramente il loro interesse.<\/p>\n<p>La sicurezza dei bambini \u00e8 la nostra priorit\u00e0, per questo la ghirlanda \u00e8 realizzata in cotone 100% di alta qualit\u00e0. Questo materiale \u00e8 certificato CE, il che significa che \u00e8 adatto anche alle pelli sensibili: non provoca allergie e irritazioni. Cos\u00ec potete dare al vostro bambino il nostro prodotto senza preoccupazioni.<\/p>\n<p>Vi invitiamo anche a familiarizzare con la tenda tipy, che proviene dalla stessa serie Lace. Grazie ad esso, potrete creare un&#8217;area di gioco privata e sicura per il vostro bambino.<\/p>\n<p>Dimensioni:<\/p>\n<ul>\n<li>Lunghezza: corda di cotone &#8211; 140 cm<\/li>\n<li>Dimensioni dei triangoli: 13 x 16 cm<\/li>\n<\/ul>\n<p>Composizione:<\/p>\n<ul>\n<li>Decorazione: 100% cotone (certificato, CE)<\/li>\n<li>Corda: 100% cotone<\/li>\n<\/ul>\n<p>Lavaggio:<\/p>\n<ul>\n<li>Le decorazioni possono essere lavate a 40 gradi,<\/li>\n<li>Rotazione &#8211; 800 giri,<\/li>\n<li>Non lavare a secco, non candeggiare<\/li>\n<li>Asciugare su una superficie piana.<\/li>\n<\/ul>\n","protected":false},"excerpt":{"rendered":"<p>Sempre pi\u00f9 spesso vediamo bellissime ghirlande nelle camere dei bambini e la cosa non ci sorprende affatto! Le ghirlande sono decorazioni delicate che sono come la ciliegina sulla torta: creano un&#8217;atmosfera magica negli interni. La ghirlanda Laca sar\u00e0 perfetta non solo per le stanze dei bambini. Cos\u00ec potrete acquistare un regalo per il vostro bambino che potrete utilizzare anche voi stessi!<\/p>\n","protected":false},"featured_media":539,"comment_status":"open","ping_status":"closed","template":"","meta":[],"product_brand":[],"product_cat":[19],"product_tag":[],"class_list":{"0":"post-538","1":"product","2":"type-product","3":"status-publish","4":"has-post-thumbnail","6":"product_cat-accessori","7":"product_shipping_class-kije","9":"first","10":"instock","11":"product-type-simple"},"yoast_head":"<!-- This site is optimized with the Yoast SEO Premium plugin v21.9 (Yoast SEO v27.0) - https:\/\/yoast.com\/product\/yoast-seo-premium-wordpress\/ -->\n<title>Ghirlanda boho Pizzo, gagliardetto beige - Cozy &amp; Dozy<\/title>\n<meta name=\"description\" content=\"Sempre pi\u00f9 spesso vediamo bellissime ghirlande nelle camere dei bambini e la cosa non ci sorprende affatto! Le ghirlande sono decorazioni delicate che sono come la ciliegina sulla torta: creano un&#039;atmosfera magica negli interni. La ghirlanda Laca sar\u00e0 perfetta non solo per le stanze dei bambini. Cos\u00ec potrete acquistare un regalo per il vostro bambino che potrete utilizzare anche voi stessi!\" \/>\n<meta name=\"robots\" content=\"index, follow, max-snippet:-1, max-image-preview:large, max-video-preview:-1\" \/>\n<link rel=\"canonical\" href=\"https:\/\/cozyanddozy.com\/it\/prodotto\/boho-garlandia-lace-beige-pennant\/\" \/>\n<meta property=\"og:locale\" content=\"it_IT\" \/>\n<meta property=\"og:type\" content=\"article\" \/>\n<meta property=\"og:title\" content=\"Ghirlanda boho Pizzo, gagliardetto beige\" \/>\n<meta property=\"og:description\" content=\"Sempre pi\u00f9 spesso vediamo bellissime ghirlande nelle camere dei bambini e la cosa non ci sorprende affatto! Le ghirlande sono decorazioni delicate che sono come la ciliegina sulla torta: creano un&#039;atmosfera magica negli interni. La ghirlanda Laca sar\u00e0 perfetta non solo per le stanze dei bambini. Cos\u00ec potrete acquistare un regalo per il vostro bambino che potrete utilizzare anche voi stessi!\" \/>\n<meta property=\"og:url\" content=\"https:\/\/cozyanddozy.com\/it\/prodotto\/boho-garlandia-lace-beige-pennant\/\" \/>\n<meta property=\"og:site_name\" content=\"Cozy &amp; Dozy\" \/>\n<meta property=\"article:modified_time\" content=\"2023-11-08T16:40:21+00:00\" \/>\n<meta property=\"og:image\" content=\"https:\/\/cozyanddozy.com\/it\/wp-content\/uploads\/2023\/02\/girlanda_lace.jpg\" \/>\n\t<meta property=\"og:image:width\" content=\"1200\" \/>\n\t<meta property=\"og:image:height\" content=\"1200\" \/>\n\t<meta property=\"og:image:type\" content=\"image\/jpeg\" \/>\n<meta name=\"twitter:card\" content=\"summary_large_image\" \/>\n<meta name=\"twitter:label1\" content=\"Prezzo\" \/>\n\t<meta name=\"twitter:data1\" content=\"17,00&nbsp;&euro;\" \/>\n\t<meta name=\"twitter:label2\" content=\"Disponibilit\u00e0\" \/>\n\t<meta name=\"twitter:data2\" content=\"In stock\" \/>\n<script type=\"application\/ld+json\" class=\"yoast-schema-graph\">{\"@context\":\"https:\/\/schema.org\",\"@graph\":[{\"@type\":\"WebPage\",\"@id\":\"https:\/\/cozyanddozy.com\/it\/prodotto\/boho-garlandia-lace-beige-pennant\/\",\"url\":\"https:\/\/cozyanddozy.com\/it\/prodotto\/boho-garlandia-lace-beige-pennant\/\",\"name\":\"Ghirlanda boho Pizzo, gagliardetto beige - Cozy & Dozy\",\"isPartOf\":{\"@id\":\"https:\/\/cozyanddozy.com\/it\/#website\"},\"primaryImageOfPage\":{\"@id\":\"https:\/\/cozyanddozy.com\/it\/prodotto\/boho-garlandia-lace-beige-pennant\/#primaryimage\"},\"image\":{\"@id\":\"https:\/\/cozyanddozy.com\/it\/prodotto\/boho-garlandia-lace-beige-pennant\/#primaryimage\"},\"thumbnailUrl\":\"https:\/\/cozyanddozy.com\/it\/wp-content\/uploads\/2023\/02\/girlanda_lace.jpg\",\"datePublished\":\"2022-01-13T12:03:35+00:00\",\"dateModified\":\"2023-11-08T16:40:21+00:00\",\"description\":\"Sempre pi\u00f9 spesso vediamo bellissime ghirlande nelle camere dei bambini e la cosa non ci sorprende affatto! Le ghirlande sono decorazioni delicate che sono come la ciliegina sulla torta: creano un'atmosfera magica negli interni. La ghirlanda Laca sar\u00e0 perfetta non solo per le stanze dei bambini. Cos\u00ec potrete acquistare un regalo per il vostro bambino che potrete utilizzare anche voi stessi!\",\"breadcrumb\":{\"@id\":\"https:\/\/cozyanddozy.com\/it\/prodotto\/boho-garlandia-lace-beige-pennant\/#breadcrumb\"},\"inLanguage\":\"it-IT\",\"potentialAction\":[{\"@type\":\"ReadAction\",\"target\":[\"https:\/\/cozyanddozy.com\/it\/prodotto\/boho-garlandia-lace-beige-pennant\/\"]}]},{\"@type\":\"ImageObject\",\"inLanguage\":\"it-IT\",\"@id\":\"https:\/\/cozyanddozy.com\/it\/prodotto\/boho-garlandia-lace-beige-pennant\/#primaryimage\",\"url\":\"https:\/\/cozyanddozy.com\/it\/wp-content\/uploads\/2023\/02\/girlanda_lace.jpg\",\"contentUrl\":\"https:\/\/cozyanddozy.com\/it\/wp-content\/uploads\/2023\/02\/girlanda_lace.jpg\",\"width\":1200,\"height\":1200},{\"@type\":\"BreadcrumbList\",\"@id\":\"https:\/\/cozyanddozy.com\/it\/prodotto\/boho-garlandia-lace-beige-pennant\/#breadcrumb\",\"itemListElement\":[{\"@type\":\"ListItem\",\"position\":1,\"name\":\"Home\",\"item\":\"https:\/\/cozyanddozy.com\/it\/\"},{\"@type\":\"ListItem\",\"position\":2,\"name\":\"Negozio\",\"item\":\"https:\/\/cozyanddozy.com\/it\/negozio\/\"},{\"@type\":\"ListItem\",\"position\":3,\"name\":\"Ghirlanda boho Pizzo, gagliardetto beige\"}]},{\"@type\":\"WebSite\",\"@id\":\"https:\/\/cozyanddozy.com\/it\/#website\",\"url\":\"https:\/\/cozyanddozy.com\/it\/\",\"name\":\"Cozy & Dozy\",\"description\":\"\",\"potentialAction\":[{\"@type\":\"SearchAction\",\"target\":{\"@type\":\"EntryPoint\",\"urlTemplate\":\"https:\/\/cozyanddozy.com\/it\/?s={search_term_string}\"},\"query-input\":{\"@type\":\"PropertyValueSpecification\",\"valueRequired\":true,\"valueName\":\"search_term_string\"}}],\"inLanguage\":\"it-IT\"}]}<\/script>\n<meta property=\"product:price:amount\" content=\"17.00\" \/>\n<meta property=\"product:price:currency\" content=\"EUR\" \/>\n<meta property=\"og:availability\" content=\"instock\" \/>\n<meta property=\"product:availability\" content=\"instock\" \/>\n<meta property=\"product:retailer_item_id\" content=\"5902701495602\" \/>\n<meta property=\"product:condition\" content=\"new\" \/>\n<!-- \/ Yoast SEO Premium plugin. -->","yoast_head_json":{"title":"Ghirlanda boho Pizzo, gagliardetto beige - Cozy & Dozy","description":"Sempre pi\u00f9 spesso vediamo bellissime ghirlande nelle camere dei bambini e la cosa non ci sorprende affatto! Le ghirlande sono decorazioni delicate che sono come la ciliegina sulla torta: creano un'atmosfera magica negli interni. La ghirlanda Laca sar\u00e0 perfetta non solo per le stanze dei bambini. Cos\u00ec potrete acquistare un regalo per il vostro bambino che potrete utilizzare anche voi stessi!","robots":{"index":"index","follow":"follow","max-snippet":"max-snippet:-1","max-image-preview":"max-image-preview:large","max-video-preview":"max-video-preview:-1"},"canonical":"https:\/\/cozyanddozy.com\/it\/prodotto\/boho-garlandia-lace-beige-pennant\/","og_locale":"it_IT","og_type":"article","og_title":"Ghirlanda boho Pizzo, gagliardetto beige","og_description":"Sempre pi\u00f9 spesso vediamo bellissime ghirlande nelle camere dei bambini e la cosa non ci sorprende affatto! Le ghirlande sono decorazioni delicate che sono come la ciliegina sulla torta: creano un'atmosfera magica negli interni. La ghirlanda Laca sar\u00e0 perfetta non solo per le stanze dei bambini. Cos\u00ec potrete acquistare un regalo per il vostro bambino che potrete utilizzare anche voi stessi!","og_url":"https:\/\/cozyanddozy.com\/it\/prodotto\/boho-garlandia-lace-beige-pennant\/","og_site_name":"Cozy &amp; Dozy","article_modified_time":"2023-11-08T16:40:21+00:00","og_image":[{"width":1200,"height":1200,"url":"https:\/\/cozyanddozy.com\/it\/wp-content\/uploads\/2023\/02\/girlanda_lace.jpg","type":"image\/jpeg"}],"twitter_card":"summary_large_image","twitter_misc":{"Prezzo":"17,00&nbsp;&euro;","Disponibilit\u00e0":"In stock"},"schema":{"@context":"https:\/\/schema.org","@graph":[{"@type":"WebPage","@id":"https:\/\/cozyanddozy.com\/it\/prodotto\/boho-garlandia-lace-beige-pennant\/","url":"https:\/\/cozyanddozy.com\/it\/prodotto\/boho-garlandia-lace-beige-pennant\/","name":"Ghirlanda boho Pizzo, gagliardetto beige - Cozy & Dozy","isPartOf":{"@id":"https:\/\/cozyanddozy.com\/it\/#website"},"primaryImageOfPage":{"@id":"https:\/\/cozyanddozy.com\/it\/prodotto\/boho-garlandia-lace-beige-pennant\/#primaryimage"},"image":{"@id":"https:\/\/cozyanddozy.com\/it\/prodotto\/boho-garlandia-lace-beige-pennant\/#primaryimage"},"thumbnailUrl":"https:\/\/cozyanddozy.com\/it\/wp-content\/uploads\/2023\/02\/girlanda_lace.jpg","datePublished":"2022-01-13T12:03:35+00:00","dateModified":"2023-11-08T16:40:21+00:00","description":"Sempre pi\u00f9 spesso vediamo bellissime ghirlande nelle camere dei bambini e la cosa non ci sorprende affatto! Le ghirlande sono decorazioni delicate che sono come la ciliegina sulla torta: creano un'atmosfera magica negli interni. La ghirlanda Laca sar\u00e0 perfetta non solo per le stanze dei bambini. Cos\u00ec potrete acquistare un regalo per il vostro bambino che potrete utilizzare anche voi stessi!","breadcrumb":{"@id":"https:\/\/cozyanddozy.com\/it\/prodotto\/boho-garlandia-lace-beige-pennant\/#breadcrumb"},"inLanguage":"it-IT","potentialAction":[{"@type":"ReadAction","target":["https:\/\/cozyanddozy.com\/it\/prodotto\/boho-garlandia-lace-beige-pennant\/"]}]},{"@type":"ImageObject","inLanguage":"it-IT","@id":"https:\/\/cozyanddozy.com\/it\/prodotto\/boho-garlandia-lace-beige-pennant\/#primaryimage","url":"https:\/\/cozyanddozy.com\/it\/wp-content\/uploads\/2023\/02\/girlanda_lace.jpg","contentUrl":"https:\/\/cozyanddozy.com\/it\/wp-content\/uploads\/2023\/02\/girlanda_lace.jpg","width":1200,"height":1200},{"@type":"BreadcrumbList","@id":"https:\/\/cozyanddozy.com\/it\/prodotto\/boho-garlandia-lace-beige-pennant\/#breadcrumb","itemListElement":[{"@type":"ListItem","position":1,"name":"Home","item":"https:\/\/cozyanddozy.com\/it\/"},{"@type":"ListItem","position":2,"name":"Negozio","item":"https:\/\/cozyanddozy.com\/it\/negozio\/"},{"@type":"ListItem","position":3,"name":"Ghirlanda boho Pizzo, gagliardetto beige"}]},{"@type":"WebSite","@id":"https:\/\/cozyanddozy.com\/it\/#website","url":"https:\/\/cozyanddozy.com\/it\/","name":"Cozy & Dozy","description":"","potentialAction":[{"@type":"SearchAction","target":{"@type":"EntryPoint","urlTemplate":"https:\/\/cozyanddozy.com\/it\/?s={search_term_string}"},"query-input":{"@type":"PropertyValueSpecification","valueRequired":true,"valueName":"search_term_string"}}],"inLanguage":"it-IT"}]},"product_price_amount":"17.00","product_price_currency":"EUR","og_availability":"instock","product_availability":"instock","product_retailer_item_id":"5902701495602","product_condition":"new"},"_links":{"self":[{"href":"https:\/\/cozyanddozy.com\/it\/wp-json\/wp\/v2\/product\/538","targetHints":{"allow":["GET"]}}],"collection":[{"href":"https:\/\/cozyanddozy.com\/it\/wp-json\/wp\/v2\/product"}],"about":[{"href":"https:\/\/cozyanddozy.com\/it\/wp-json\/wp\/v2\/types\/product"}],"replies":[{"embeddable":true,"href":"https:\/\/cozyanddozy.com\/it\/wp-json\/wp\/v2\/comments?post=538"}],"wp:featuredmedia":[{"embeddable":true,"href":"https:\/\/cozyanddozy.com\/it\/wp-json\/wp\/v2\/media\/539"}],"wp:attachment":[{"href":"https:\/\/cozyanddozy.com\/it\/wp-json\/wp\/v2\/media?parent=538"}],"wp:term":[{"taxonomy":"product_brand","embeddable":true,"href":"https:\/\/cozyanddozy.com\/it\/wp-json\/wp\/v2\/product_brand?post=538"},{"taxonomy":"product_cat","embeddable":true,"href":"https:\/\/cozyanddozy.com\/it\/wp-json\/wp\/v2\/product_cat?post=538"},{"taxonomy":"product_tag","embeddable":true,"href":"https:\/\/cozyanddozy.com\/it\/wp-json\/wp\/v2\/product_tag?post=538"}],"curies":[{"name":"wp","href":"https:\/\/api.w.org\/{rel}","templated":true}]}}