{"id":520,"date":"2022-01-11T12:53:40","date_gmt":"2022-01-11T12:53:40","guid":{"rendered":"https:\/\/cozyanddozy.com\/it\/product\/garland-velvet-blue-sea\/"},"modified":"2023-11-08T16:40:18","modified_gmt":"2023-11-08T16:40:18","slug":"ghirlanda-veloce-mare-blu","status":"publish","type":"product","link":"https:\/\/cozyanddozy.com\/it\/prodotto\/ghirlanda-veloce-mare-blu\/","title":{"rendered":"Ghirlanda di velluto blu mare"},"content":{"rendered":"<h3>Tuffatevi nel mondo sottomarino con Cozy &amp; Dozy<\/h3>\n<p>La ghirlanda Blue Sea \u00e8 un&#8217;idea regalo perfetta per i bambini pi\u00f9 piccoli e pi\u00f9 grandi. I motivi marini che lo compongono (ha 5 ciondoli &#8211; 3 stelle marine e conchiglie) incoraggeranno sicuramente il bambino a conoscere meglio il mondo sottomarino. Un soprammobile nei toni pastello del blu si adatta perfettamente a tutti gli interni.<\/p>\n<p>Le ghirlande realizzate con materiali morbidi rendono la stanza del bambino un luogo caldo e accogliente. Un luogo in cui il bambino possa sentirsi al sicuro e a proprio agio. Grazie a ci\u00f2, \u00e8 pi\u00f9 probabile che vi trascorra del tempo, giochi e si riposi.<\/p>\n<p>La ghirlanda Blue Sea \u00e8 perfetta come decorazione per la camera dei bambini, la stanza dei giochi, la festa di compleanno o il servizio fotografico. Aggiunger\u00e0 un carattere magico agli interni e sottolineer\u00e0 la forza dell&#8217;originalit\u00e0.<\/p>\n<p>Inoltre, la ghirlanda \u00e8 stata realizzata nel nostro studio dall&#8217;inizio alla fine. Pertanto, il bambino ricever\u00e0 un regalo unico e irripetibile, che sicuramente attirer\u00e0 la sua attenzione e gli far\u00e0 molto piacere. Anche ai bambini piace mostrare i regali ai loro amici e la nostra ghirlanda susciter\u00e0 sicuramente il loro interesse.<\/p>\n<p>La sicurezza dei bambini \u00e8 la nostra priorit\u00e0, per questo la ghirlanda \u00e8 realizzata in velluto di altissima qualit\u00e0 al 100%. Questo materiale \u00e8 certificato CE, il che significa che \u00e8 adatto anche alle pelli sensibili: non provoca allergie e irritazioni. Cos\u00ec potete dare al vostro bambino il nostro prodotto senza preoccupazioni.<\/p>\n<p>Il vostro bambino ama l&#8217;atmosfera marina?<\/p>\n<p>La ghirlanda Blue Sea si abbina perfettamente agli altri prodotti della collezione marittima &#8211; nell&#8217;offerta di Cozy &amp; Dozy troverete una tenda teepee, tappetini e cuscini per il set. In questo modo, \u00e8 possibile creare uno spazio coerente per il bambino, ricco di una variet\u00e0 di prodotti con i quali la noia non si insedier\u00e0 di certo nella stanza.<\/p>\n<p>Ci impegniamo affinch\u00e9 tutti possano trovare il prodotto perfetto nel nostro negozio. Pertanto, se il vostro bambino preferisce il rosa all&#8217;azzurro, potete trovare anche questa variante di colore della collezione marine nella nostra offerta. La versione rosa della ghirlanda Blue Sea si chiama Pink Mermaid.<\/p>\n<p>Dimensioni:<\/p>\n<p>* Lunghezza: corda di cotone &#8211; 235 cm<\/p>\n<p>* Dimensioni degli ornamenti: stelle marine &#8211; 22 x 22 cm, conchiglie 19 x 17 cm<\/p>\n<p>Composizione:<\/p>\n<p>* Decorazione: 100% velluto (certificato, CE)<\/p>\n<p>* Corda: 100% cotone<\/p>\n<p>Lavaggio:<\/p>\n<p>* Le decorazioni possono essere lavate a 40 gradi,<\/p>\n<p>* Gira &#8211; 800 giri,<\/p>\n<p>* Non lavare a secco, non candeggiare<\/p>\n<p>* Asciugare su una superficie piana.<\/p>\n","protected":false},"excerpt":{"rendered":"<p>Sempre pi\u00f9 spesso vediamo bellissime ghirlande nelle camere dei bambini e la cosa non ci sorprende affatto! Le ghirlande sono decorazioni delicate che sono come la ciliegina sulla torta: creano un&#8217;atmosfera magica negli interni. Sicuramente, con la nostra ghirlanda Blue Sea, ogni bambino si sentir\u00e0 un esploratore del mare.<\/p>\n","protected":false},"featured_media":521,"comment_status":"open","ping_status":"closed","template":"","meta":[],"product_brand":[],"product_cat":[19],"product_tag":[],"class_list":{"0":"post-520","1":"product","2":"type-product","3":"status-publish","4":"has-post-thumbnail","6":"product_cat-accessori","7":"product_shipping_class-kije","9":"first","10":"instock","11":"product-type-simple"},"yoast_head":"<!-- This site is optimized with the Yoast SEO Premium plugin v21.9 (Yoast SEO v27.0) - https:\/\/yoast.com\/product\/yoast-seo-premium-wordpress\/ -->\n<title>Ghirlanda di velluto blu mare - Cozy &amp; Dozy<\/title>\n<meta name=\"description\" content=\"Sempre pi\u00f9 spesso vediamo bellissime ghirlande nelle camere dei bambini e la cosa non ci sorprende affatto! Le ghirlande sono decorazioni delicate che sono come la ciliegina sulla torta: creano un&#039;atmosfera magica negli interni. Sicuramente, con la nostra ghirlanda Blue Sea, ogni bambino si sentir\u00e0 un esploratore del mare.\" \/>\n<meta name=\"robots\" content=\"index, follow, max-snippet:-1, max-image-preview:large, max-video-preview:-1\" \/>\n<link rel=\"canonical\" href=\"https:\/\/cozyanddozy.com\/it\/prodotto\/ghirlanda-veloce-mare-blu\/\" \/>\n<meta property=\"og:locale\" content=\"it_IT\" \/>\n<meta property=\"og:type\" content=\"article\" \/>\n<meta property=\"og:title\" content=\"Ghirlanda di velluto blu mare\" \/>\n<meta property=\"og:description\" content=\"Sempre pi\u00f9 spesso vediamo bellissime ghirlande nelle camere dei bambini e la cosa non ci sorprende affatto! Le ghirlande sono decorazioni delicate che sono come la ciliegina sulla torta: creano un&#039;atmosfera magica negli interni. Sicuramente, con la nostra ghirlanda Blue Sea, ogni bambino si sentir\u00e0 un esploratore del mare.\" \/>\n<meta property=\"og:url\" content=\"https:\/\/cozyanddozy.com\/it\/prodotto\/ghirlanda-veloce-mare-blu\/\" \/>\n<meta property=\"og:site_name\" content=\"Cozy &amp; Dozy\" \/>\n<meta property=\"article:modified_time\" content=\"2023-11-08T16:40:18+00:00\" \/>\n<meta property=\"og:image\" content=\"https:\/\/cozyanddozy.com\/it\/wp-content\/uploads\/2023\/02\/girlanda_blue_sea.jpg\" \/>\n\t<meta property=\"og:image:width\" content=\"1200\" \/>\n\t<meta property=\"og:image:height\" content=\"1200\" \/>\n\t<meta property=\"og:image:type\" content=\"image\/jpeg\" \/>\n<meta name=\"twitter:card\" content=\"summary_large_image\" \/>\n<meta name=\"twitter:label1\" content=\"Prezzo\" \/>\n\t<meta name=\"twitter:data1\" content=\"34,99&nbsp;&euro;\" \/>\n\t<meta name=\"twitter:label2\" content=\"Disponibilit\u00e0\" \/>\n\t<meta name=\"twitter:data2\" content=\"In stock\" \/>\n<script type=\"application\/ld+json\" class=\"yoast-schema-graph\">{\"@context\":\"https:\/\/schema.org\",\"@graph\":[{\"@type\":\"WebPage\",\"@id\":\"https:\/\/cozyanddozy.com\/it\/prodotto\/ghirlanda-veloce-mare-blu\/\",\"url\":\"https:\/\/cozyanddozy.com\/it\/prodotto\/ghirlanda-veloce-mare-blu\/\",\"name\":\"Ghirlanda di velluto blu mare - Cozy & Dozy\",\"isPartOf\":{\"@id\":\"https:\/\/cozyanddozy.com\/it\/#website\"},\"primaryImageOfPage\":{\"@id\":\"https:\/\/cozyanddozy.com\/it\/prodotto\/ghirlanda-veloce-mare-blu\/#primaryimage\"},\"image\":{\"@id\":\"https:\/\/cozyanddozy.com\/it\/prodotto\/ghirlanda-veloce-mare-blu\/#primaryimage\"},\"thumbnailUrl\":\"https:\/\/cozyanddozy.com\/it\/wp-content\/uploads\/2023\/02\/girlanda_blue_sea.jpg\",\"datePublished\":\"2022-01-11T12:53:40+00:00\",\"dateModified\":\"2023-11-08T16:40:18+00:00\",\"description\":\"Sempre pi\u00f9 spesso vediamo bellissime ghirlande nelle camere dei bambini e la cosa non ci sorprende affatto! Le ghirlande sono decorazioni delicate che sono come la ciliegina sulla torta: creano un'atmosfera magica negli interni. Sicuramente, con la nostra ghirlanda Blue Sea, ogni bambino si sentir\u00e0 un esploratore del mare.\",\"breadcrumb\":{\"@id\":\"https:\/\/cozyanddozy.com\/it\/prodotto\/ghirlanda-veloce-mare-blu\/#breadcrumb\"},\"inLanguage\":\"it-IT\",\"potentialAction\":[{\"@type\":\"ReadAction\",\"target\":[\"https:\/\/cozyanddozy.com\/it\/prodotto\/ghirlanda-veloce-mare-blu\/\"]}]},{\"@type\":\"ImageObject\",\"inLanguage\":\"it-IT\",\"@id\":\"https:\/\/cozyanddozy.com\/it\/prodotto\/ghirlanda-veloce-mare-blu\/#primaryimage\",\"url\":\"https:\/\/cozyanddozy.com\/it\/wp-content\/uploads\/2023\/02\/girlanda_blue_sea.jpg\",\"contentUrl\":\"https:\/\/cozyanddozy.com\/it\/wp-content\/uploads\/2023\/02\/girlanda_blue_sea.jpg\",\"width\":1200,\"height\":1200},{\"@type\":\"BreadcrumbList\",\"@id\":\"https:\/\/cozyanddozy.com\/it\/prodotto\/ghirlanda-veloce-mare-blu\/#breadcrumb\",\"itemListElement\":[{\"@type\":\"ListItem\",\"position\":1,\"name\":\"Home\",\"item\":\"https:\/\/cozyanddozy.com\/it\/\"},{\"@type\":\"ListItem\",\"position\":2,\"name\":\"Negozio\",\"item\":\"https:\/\/cozyanddozy.com\/it\/negozio\/\"},{\"@type\":\"ListItem\",\"position\":3,\"name\":\"Ghirlanda di velluto blu mare\"}]},{\"@type\":\"WebSite\",\"@id\":\"https:\/\/cozyanddozy.com\/it\/#website\",\"url\":\"https:\/\/cozyanddozy.com\/it\/\",\"name\":\"Cozy & Dozy\",\"description\":\"\",\"potentialAction\":[{\"@type\":\"SearchAction\",\"target\":{\"@type\":\"EntryPoint\",\"urlTemplate\":\"https:\/\/cozyanddozy.com\/it\/?s={search_term_string}\"},\"query-input\":{\"@type\":\"PropertyValueSpecification\",\"valueRequired\":true,\"valueName\":\"search_term_string\"}}],\"inLanguage\":\"it-IT\"}]}<\/script>\n<meta property=\"product:price:amount\" content=\"34.99\" \/>\n<meta property=\"product:price:currency\" content=\"EUR\" \/>\n<meta property=\"og:availability\" content=\"instock\" \/>\n<meta property=\"product:availability\" content=\"instock\" \/>\n<meta property=\"product:retailer_item_id\" content=\"5902701495619\" \/>\n<meta property=\"product:condition\" content=\"new\" \/>\n<!-- \/ Yoast SEO Premium plugin. -->","yoast_head_json":{"title":"Ghirlanda di velluto blu mare - Cozy & Dozy","description":"Sempre pi\u00f9 spesso vediamo bellissime ghirlande nelle camere dei bambini e la cosa non ci sorprende affatto! Le ghirlande sono decorazioni delicate che sono come la ciliegina sulla torta: creano un'atmosfera magica negli interni. Sicuramente, con la nostra ghirlanda Blue Sea, ogni bambino si sentir\u00e0 un esploratore del mare.","robots":{"index":"index","follow":"follow","max-snippet":"max-snippet:-1","max-image-preview":"max-image-preview:large","max-video-preview":"max-video-preview:-1"},"canonical":"https:\/\/cozyanddozy.com\/it\/prodotto\/ghirlanda-veloce-mare-blu\/","og_locale":"it_IT","og_type":"article","og_title":"Ghirlanda di velluto blu mare","og_description":"Sempre pi\u00f9 spesso vediamo bellissime ghirlande nelle camere dei bambini e la cosa non ci sorprende affatto! Le ghirlande sono decorazioni delicate che sono come la ciliegina sulla torta: creano un'atmosfera magica negli interni. Sicuramente, con la nostra ghirlanda Blue Sea, ogni bambino si sentir\u00e0 un esploratore del mare.","og_url":"https:\/\/cozyanddozy.com\/it\/prodotto\/ghirlanda-veloce-mare-blu\/","og_site_name":"Cozy &amp; Dozy","article_modified_time":"2023-11-08T16:40:18+00:00","og_image":[{"width":1200,"height":1200,"url":"https:\/\/cozyanddozy.com\/it\/wp-content\/uploads\/2023\/02\/girlanda_blue_sea.jpg","type":"image\/jpeg"}],"twitter_card":"summary_large_image","twitter_misc":{"Prezzo":"34,99&nbsp;&euro;","Disponibilit\u00e0":"In stock"},"schema":{"@context":"https:\/\/schema.org","@graph":[{"@type":"WebPage","@id":"https:\/\/cozyanddozy.com\/it\/prodotto\/ghirlanda-veloce-mare-blu\/","url":"https:\/\/cozyanddozy.com\/it\/prodotto\/ghirlanda-veloce-mare-blu\/","name":"Ghirlanda di velluto blu mare - Cozy & Dozy","isPartOf":{"@id":"https:\/\/cozyanddozy.com\/it\/#website"},"primaryImageOfPage":{"@id":"https:\/\/cozyanddozy.com\/it\/prodotto\/ghirlanda-veloce-mare-blu\/#primaryimage"},"image":{"@id":"https:\/\/cozyanddozy.com\/it\/prodotto\/ghirlanda-veloce-mare-blu\/#primaryimage"},"thumbnailUrl":"https:\/\/cozyanddozy.com\/it\/wp-content\/uploads\/2023\/02\/girlanda_blue_sea.jpg","datePublished":"2022-01-11T12:53:40+00:00","dateModified":"2023-11-08T16:40:18+00:00","description":"Sempre pi\u00f9 spesso vediamo bellissime ghirlande nelle camere dei bambini e la cosa non ci sorprende affatto! Le ghirlande sono decorazioni delicate che sono come la ciliegina sulla torta: creano un'atmosfera magica negli interni. Sicuramente, con la nostra ghirlanda Blue Sea, ogni bambino si sentir\u00e0 un esploratore del mare.","breadcrumb":{"@id":"https:\/\/cozyanddozy.com\/it\/prodotto\/ghirlanda-veloce-mare-blu\/#breadcrumb"},"inLanguage":"it-IT","potentialAction":[{"@type":"ReadAction","target":["https:\/\/cozyanddozy.com\/it\/prodotto\/ghirlanda-veloce-mare-blu\/"]}]},{"@type":"ImageObject","inLanguage":"it-IT","@id":"https:\/\/cozyanddozy.com\/it\/prodotto\/ghirlanda-veloce-mare-blu\/#primaryimage","url":"https:\/\/cozyanddozy.com\/it\/wp-content\/uploads\/2023\/02\/girlanda_blue_sea.jpg","contentUrl":"https:\/\/cozyanddozy.com\/it\/wp-content\/uploads\/2023\/02\/girlanda_blue_sea.jpg","width":1200,"height":1200},{"@type":"BreadcrumbList","@id":"https:\/\/cozyanddozy.com\/it\/prodotto\/ghirlanda-veloce-mare-blu\/#breadcrumb","itemListElement":[{"@type":"ListItem","position":1,"name":"Home","item":"https:\/\/cozyanddozy.com\/it\/"},{"@type":"ListItem","position":2,"name":"Negozio","item":"https:\/\/cozyanddozy.com\/it\/negozio\/"},{"@type":"ListItem","position":3,"name":"Ghirlanda di velluto blu mare"}]},{"@type":"WebSite","@id":"https:\/\/cozyanddozy.com\/it\/#website","url":"https:\/\/cozyanddozy.com\/it\/","name":"Cozy & Dozy","description":"","potentialAction":[{"@type":"SearchAction","target":{"@type":"EntryPoint","urlTemplate":"https:\/\/cozyanddozy.com\/it\/?s={search_term_string}"},"query-input":{"@type":"PropertyValueSpecification","valueRequired":true,"valueName":"search_term_string"}}],"inLanguage":"it-IT"}]},"product_price_amount":"34.99","product_price_currency":"EUR","og_availability":"instock","product_availability":"instock","product_retailer_item_id":"5902701495619","product_condition":"new"},"_links":{"self":[{"href":"https:\/\/cozyanddozy.com\/it\/wp-json\/wp\/v2\/product\/520","targetHints":{"allow":["GET"]}}],"collection":[{"href":"https:\/\/cozyanddozy.com\/it\/wp-json\/wp\/v2\/product"}],"about":[{"href":"https:\/\/cozyanddozy.com\/it\/wp-json\/wp\/v2\/types\/product"}],"replies":[{"embeddable":true,"href":"https:\/\/cozyanddozy.com\/it\/wp-json\/wp\/v2\/comments?post=520"}],"wp:featuredmedia":[{"embeddable":true,"href":"https:\/\/cozyanddozy.com\/it\/wp-json\/wp\/v2\/media\/521"}],"wp:attachment":[{"href":"https:\/\/cozyanddozy.com\/it\/wp-json\/wp\/v2\/media?parent=520"}],"wp:term":[{"taxonomy":"product_brand","embeddable":true,"href":"https:\/\/cozyanddozy.com\/it\/wp-json\/wp\/v2\/product_brand?post=520"},{"taxonomy":"product_cat","embeddable":true,"href":"https:\/\/cozyanddozy.com\/it\/wp-json\/wp\/v2\/product_cat?post=520"},{"taxonomy":"product_tag","embeddable":true,"href":"https:\/\/cozyanddozy.com\/it\/wp-json\/wp\/v2\/product_tag?post=520"}],"curies":[{"name":"wp","href":"https:\/\/api.w.org\/{rel}","templated":true}]}}