{"id":458,"date":"2020-10-21T20:27:20","date_gmt":"2020-10-21T19:27:20","guid":{"rendered":"https:\/\/cozyanddozy.com\/it\/product\/teepee-set-blue-velvet-premium-tipi-tent-with-play-mat\/"},"modified":"2024-02-07T09:04:20","modified_gmt":"2024-02-07T09:04:20","slug":"teepee-set-blu-velvet-premium-tipi-tent-con-tappeto-gioco","status":"publish","type":"product","link":"https:\/\/cozyanddozy.com\/it\/prodotto\/teepee-set-blu-velvet-premium-tipi-tent-con-tappeto-gioco\/","title":{"rendered":"Set Teepee Blue Velvet, tenda Tipi Premium con tappeto da gioco"},"content":{"rendered":"<p>La tenda Teepee della serie Velvet \u00e8 un luogo accogliente per giocare in casa. Il teepee in velluto indiano di Cozy &amp; Dozy \u00e8 una garanzia di grande divertimento e della migliore qualit\u00e0.<\/p>\n<p>Wigwam della serie Velvet \u00e8 una grande tenda di 110&#215;110 cm con tasca, finestra e accogliente tappetino per giochi morbidi. Tenda Tipi in robusto cotone Premium e velluto blu scuro. L&#8217;ingresso della tenda \u00e8 decorato con nappe di miele.<\/p>\n<p>Il set Teepee comprende:<\/p>\n<ul>\n<li>tenda teepee<\/li>\n<li>tappeto da gioco in velluto<\/li>\n<li>4 bastoncini di pino pieghevoli + 4 connettori metallici<\/li>\n<li>istruzione<\/li>\n<li>stabilizzatore<\/li>\n<\/ul>\n<p>Dimensioni:<\/p>\n<ul>\n<li>Altezza (con pali) dopo il dispiegamento: 150 cm<\/li>\n<li>Altezza (con pali) dopo la piegatura: 170 cm<\/li>\n<li>Superficie del pavimento: circa. 110 \u00d7 110 cm<\/li>\n<\/ul>\n<p>La tenda \u00e8 progettata per 2-3 bambini. Il Teepee si ripiega facilmente e non occupa molto spazio.<\/p>\n<p>Composizione:<\/p>\n<ul>\n<li>100% cotone, 100% velluto, certificato CE<\/li>\n<li>Imbottitura del tappetino e del cuscino: 100% schiuma di silicone ipoallergenica<\/li>\n<\/ul>\n<p>Tutti i tessuti utilizzati per realizzare le nostre tende teepee sono certificati e provengono da paesi europei, il che li rende sicuri per i bambini. Tutti gli articoli Cozy &amp; Dozy sono progettati e cuciti in Polonia.<\/p>\n<p>Metodo di cura:<\/p>\n<p>Lavare a 40\u00b0 &#8211; programma delicato Stirare a bassa temperatura Non asciugare a tamburo Non lavare a secco Non clorare<\/p>\n<p>ATTENZIONE: Non stirare i pompon e le nappe: potrebbero sciogliersi!<\/p>\n","protected":false},"excerpt":{"rendered":"<p>Tenda Teepee realizzata in resistente tessuto di tela Premium e velluto, decorata con nappe di miele e con un morbido tappeto da gioco in velluto. Costruzione stabile.<\/p>\n","protected":false},"featured_media":459,"comment_status":"open","ping_status":"closed","template":"","meta":[],"product_brand":[],"product_cat":[16],"product_tag":[24],"class_list":{"0":"post-458","1":"product","2":"type-product","3":"status-publish","4":"has-post-thumbnail","6":"product_cat-tende-tipi-per-bambini","7":"product_tag-pla","9":"first","10":"instock","11":"sale","12":"product-type-simple"},"yoast_head":"<!-- This site is optimized with the Yoast SEO Premium plugin v21.9 (Yoast SEO v27.0) - https:\/\/yoast.com\/product\/yoast-seo-premium-wordpress\/ -->\n<title>Set Teepee Blue Velvet, tenda Tipi Premium con tappeto da gioco - Cozy &amp; Dozy<\/title>\n<meta name=\"description\" content=\"Tenda Teepee realizzata in resistente tessuto di tela Premium e velluto, decorata con nappe di miele e con un morbido tappeto da gioco in velluto. Costruzione stabile.\" \/>\n<meta name=\"robots\" content=\"index, follow, max-snippet:-1, max-image-preview:large, max-video-preview:-1\" \/>\n<link rel=\"canonical\" href=\"https:\/\/cozyanddozy.com\/it\/prodotto\/teepee-set-blu-velvet-premium-tipi-tent-con-tappeto-gioco\/\" \/>\n<meta property=\"og:locale\" content=\"it_IT\" \/>\n<meta property=\"og:type\" content=\"article\" \/>\n<meta property=\"og:title\" content=\"Set Teepee Blue Velvet, tenda Tipi Premium con tappeto da gioco\" \/>\n<meta property=\"og:description\" content=\"Tenda Teepee realizzata in resistente tessuto di tela Premium e velluto, decorata con nappe di miele e con un morbido tappeto da gioco in velluto. Costruzione stabile.\" \/>\n<meta property=\"og:url\" content=\"https:\/\/cozyanddozy.com\/it\/prodotto\/teepee-set-blu-velvet-premium-tipi-tent-con-tappeto-gioco\/\" \/>\n<meta property=\"og:site_name\" content=\"Cozy &amp; Dozy\" \/>\n<meta property=\"article:modified_time\" content=\"2024-02-07T09:04:20+00:00\" \/>\n<meta property=\"og:image\" content=\"https:\/\/cozyanddozy.com\/it\/wp-content\/uploads\/2023\/02\/kids_tipi_tent_velvet_blue_s1.jpg\" \/>\n\t<meta property=\"og:image:width\" content=\"1200\" \/>\n\t<meta property=\"og:image:height\" content=\"1200\" \/>\n\t<meta property=\"og:image:type\" content=\"image\/jpeg\" \/>\n<meta name=\"twitter:card\" content=\"summary_large_image\" \/>\n<meta name=\"twitter:label1\" content=\"Prezzo\" \/>\n\t<meta name=\"twitter:data1\" content=\"116,99&nbsp;&euro;\" \/>\n\t<meta name=\"twitter:label2\" content=\"Disponibilit\u00e0\" \/>\n\t<meta name=\"twitter:data2\" content=\"In stock\" \/>\n<script type=\"application\/ld+json\" class=\"yoast-schema-graph\">{\"@context\":\"https:\/\/schema.org\",\"@graph\":[{\"@type\":\"WebPage\",\"@id\":\"https:\/\/cozyanddozy.com\/it\/prodotto\/teepee-set-blu-velvet-premium-tipi-tent-con-tappeto-gioco\/\",\"url\":\"https:\/\/cozyanddozy.com\/it\/prodotto\/teepee-set-blu-velvet-premium-tipi-tent-con-tappeto-gioco\/\",\"name\":\"Set Teepee Blue Velvet, tenda Tipi Premium con tappeto da gioco - Cozy & Dozy\",\"isPartOf\":{\"@id\":\"https:\/\/cozyanddozy.com\/it\/#website\"},\"primaryImageOfPage\":{\"@id\":\"https:\/\/cozyanddozy.com\/it\/prodotto\/teepee-set-blu-velvet-premium-tipi-tent-con-tappeto-gioco\/#primaryimage\"},\"image\":{\"@id\":\"https:\/\/cozyanddozy.com\/it\/prodotto\/teepee-set-blu-velvet-premium-tipi-tent-con-tappeto-gioco\/#primaryimage\"},\"thumbnailUrl\":\"https:\/\/cozyanddozy.com\/it\/wp-content\/uploads\/2023\/02\/kids_tipi_tent_velvet_blue_s1.jpg\",\"datePublished\":\"2020-10-21T19:27:20+00:00\",\"dateModified\":\"2024-02-07T09:04:20+00:00\",\"description\":\"Tenda Teepee realizzata in resistente tessuto di tela Premium e velluto, decorata con nappe di miele e con un morbido tappeto da gioco in velluto. Costruzione stabile.\",\"breadcrumb\":{\"@id\":\"https:\/\/cozyanddozy.com\/it\/prodotto\/teepee-set-blu-velvet-premium-tipi-tent-con-tappeto-gioco\/#breadcrumb\"},\"inLanguage\":\"it-IT\",\"potentialAction\":[{\"@type\":\"ReadAction\",\"target\":[\"https:\/\/cozyanddozy.com\/it\/prodotto\/teepee-set-blu-velvet-premium-tipi-tent-con-tappeto-gioco\/\"]}]},{\"@type\":\"ImageObject\",\"inLanguage\":\"it-IT\",\"@id\":\"https:\/\/cozyanddozy.com\/it\/prodotto\/teepee-set-blu-velvet-premium-tipi-tent-con-tappeto-gioco\/#primaryimage\",\"url\":\"https:\/\/cozyanddozy.com\/it\/wp-content\/uploads\/2023\/02\/kids_tipi_tent_velvet_blue_s1.jpg\",\"contentUrl\":\"https:\/\/cozyanddozy.com\/it\/wp-content\/uploads\/2023\/02\/kids_tipi_tent_velvet_blue_s1.jpg\",\"width\":1200,\"height\":1200,\"caption\":\"pp-1285.jpg\"},{\"@type\":\"BreadcrumbList\",\"@id\":\"https:\/\/cozyanddozy.com\/it\/prodotto\/teepee-set-blu-velvet-premium-tipi-tent-con-tappeto-gioco\/#breadcrumb\",\"itemListElement\":[{\"@type\":\"ListItem\",\"position\":1,\"name\":\"Home\",\"item\":\"https:\/\/cozyanddozy.com\/it\/\"},{\"@type\":\"ListItem\",\"position\":2,\"name\":\"Negozio\",\"item\":\"https:\/\/cozyanddozy.com\/it\/negozio\/\"},{\"@type\":\"ListItem\",\"position\":3,\"name\":\"Set Teepee Blue Velvet, tenda Tipi Premium con tappeto da gioco\"}]},{\"@type\":\"WebSite\",\"@id\":\"https:\/\/cozyanddozy.com\/it\/#website\",\"url\":\"https:\/\/cozyanddozy.com\/it\/\",\"name\":\"Cozy & Dozy\",\"description\":\"\",\"potentialAction\":[{\"@type\":\"SearchAction\",\"target\":{\"@type\":\"EntryPoint\",\"urlTemplate\":\"https:\/\/cozyanddozy.com\/it\/?s={search_term_string}\"},\"query-input\":{\"@type\":\"PropertyValueSpecification\",\"valueRequired\":true,\"valueName\":\"search_term_string\"}}],\"inLanguage\":\"it-IT\"}]}<\/script>\n<meta property=\"product:price:amount\" content=\"116.99\" \/>\n<meta property=\"product:price:currency\" content=\"EUR\" \/>\n<meta property=\"og:availability\" content=\"instock\" \/>\n<meta property=\"product:availability\" content=\"instock\" \/>\n<meta property=\"product:retailer_item_id\" content=\"5902701495190\" \/>\n<meta property=\"product:condition\" content=\"new\" \/>\n<!-- \/ Yoast SEO Premium plugin. -->","yoast_head_json":{"title":"Set Teepee Blue Velvet, tenda Tipi Premium con tappeto da gioco - Cozy & Dozy","description":"Tenda Teepee realizzata in resistente tessuto di tela Premium e velluto, decorata con nappe di miele e con un morbido tappeto da gioco in velluto. Costruzione stabile.","robots":{"index":"index","follow":"follow","max-snippet":"max-snippet:-1","max-image-preview":"max-image-preview:large","max-video-preview":"max-video-preview:-1"},"canonical":"https:\/\/cozyanddozy.com\/it\/prodotto\/teepee-set-blu-velvet-premium-tipi-tent-con-tappeto-gioco\/","og_locale":"it_IT","og_type":"article","og_title":"Set Teepee Blue Velvet, tenda Tipi Premium con tappeto da gioco","og_description":"Tenda Teepee realizzata in resistente tessuto di tela Premium e velluto, decorata con nappe di miele e con un morbido tappeto da gioco in velluto. Costruzione stabile.","og_url":"https:\/\/cozyanddozy.com\/it\/prodotto\/teepee-set-blu-velvet-premium-tipi-tent-con-tappeto-gioco\/","og_site_name":"Cozy &amp; Dozy","article_modified_time":"2024-02-07T09:04:20+00:00","og_image":[{"width":1200,"height":1200,"url":"https:\/\/cozyanddozy.com\/it\/wp-content\/uploads\/2023\/02\/kids_tipi_tent_velvet_blue_s1.jpg","type":"image\/jpeg"}],"twitter_card":"summary_large_image","twitter_misc":{"Prezzo":"116,99&nbsp;&euro;","Disponibilit\u00e0":"In stock"},"schema":{"@context":"https:\/\/schema.org","@graph":[{"@type":"WebPage","@id":"https:\/\/cozyanddozy.com\/it\/prodotto\/teepee-set-blu-velvet-premium-tipi-tent-con-tappeto-gioco\/","url":"https:\/\/cozyanddozy.com\/it\/prodotto\/teepee-set-blu-velvet-premium-tipi-tent-con-tappeto-gioco\/","name":"Set Teepee Blue Velvet, tenda Tipi Premium con tappeto da gioco - Cozy & Dozy","isPartOf":{"@id":"https:\/\/cozyanddozy.com\/it\/#website"},"primaryImageOfPage":{"@id":"https:\/\/cozyanddozy.com\/it\/prodotto\/teepee-set-blu-velvet-premium-tipi-tent-con-tappeto-gioco\/#primaryimage"},"image":{"@id":"https:\/\/cozyanddozy.com\/it\/prodotto\/teepee-set-blu-velvet-premium-tipi-tent-con-tappeto-gioco\/#primaryimage"},"thumbnailUrl":"https:\/\/cozyanddozy.com\/it\/wp-content\/uploads\/2023\/02\/kids_tipi_tent_velvet_blue_s1.jpg","datePublished":"2020-10-21T19:27:20+00:00","dateModified":"2024-02-07T09:04:20+00:00","description":"Tenda Teepee realizzata in resistente tessuto di tela Premium e velluto, decorata con nappe di miele e con un morbido tappeto da gioco in velluto. Costruzione stabile.","breadcrumb":{"@id":"https:\/\/cozyanddozy.com\/it\/prodotto\/teepee-set-blu-velvet-premium-tipi-tent-con-tappeto-gioco\/#breadcrumb"},"inLanguage":"it-IT","potentialAction":[{"@type":"ReadAction","target":["https:\/\/cozyanddozy.com\/it\/prodotto\/teepee-set-blu-velvet-premium-tipi-tent-con-tappeto-gioco\/"]}]},{"@type":"ImageObject","inLanguage":"it-IT","@id":"https:\/\/cozyanddozy.com\/it\/prodotto\/teepee-set-blu-velvet-premium-tipi-tent-con-tappeto-gioco\/#primaryimage","url":"https:\/\/cozyanddozy.com\/it\/wp-content\/uploads\/2023\/02\/kids_tipi_tent_velvet_blue_s1.jpg","contentUrl":"https:\/\/cozyanddozy.com\/it\/wp-content\/uploads\/2023\/02\/kids_tipi_tent_velvet_blue_s1.jpg","width":1200,"height":1200,"caption":"pp-1285.jpg"},{"@type":"BreadcrumbList","@id":"https:\/\/cozyanddozy.com\/it\/prodotto\/teepee-set-blu-velvet-premium-tipi-tent-con-tappeto-gioco\/#breadcrumb","itemListElement":[{"@type":"ListItem","position":1,"name":"Home","item":"https:\/\/cozyanddozy.com\/it\/"},{"@type":"ListItem","position":2,"name":"Negozio","item":"https:\/\/cozyanddozy.com\/it\/negozio\/"},{"@type":"ListItem","position":3,"name":"Set Teepee Blue Velvet, tenda Tipi Premium con tappeto da gioco"}]},{"@type":"WebSite","@id":"https:\/\/cozyanddozy.com\/it\/#website","url":"https:\/\/cozyanddozy.com\/it\/","name":"Cozy & Dozy","description":"","potentialAction":[{"@type":"SearchAction","target":{"@type":"EntryPoint","urlTemplate":"https:\/\/cozyanddozy.com\/it\/?s={search_term_string}"},"query-input":{"@type":"PropertyValueSpecification","valueRequired":true,"valueName":"search_term_string"}}],"inLanguage":"it-IT"}]},"product_price_amount":"116.99","product_price_currency":"EUR","og_availability":"instock","product_availability":"instock","product_retailer_item_id":"5902701495190","product_condition":"new"},"_links":{"self":[{"href":"https:\/\/cozyanddozy.com\/it\/wp-json\/wp\/v2\/product\/458","targetHints":{"allow":["GET"]}}],"collection":[{"href":"https:\/\/cozyanddozy.com\/it\/wp-json\/wp\/v2\/product"}],"about":[{"href":"https:\/\/cozyanddozy.com\/it\/wp-json\/wp\/v2\/types\/product"}],"replies":[{"embeddable":true,"href":"https:\/\/cozyanddozy.com\/it\/wp-json\/wp\/v2\/comments?post=458"}],"wp:featuredmedia":[{"embeddable":true,"href":"https:\/\/cozyanddozy.com\/it\/wp-json\/wp\/v2\/media\/459"}],"wp:attachment":[{"href":"https:\/\/cozyanddozy.com\/it\/wp-json\/wp\/v2\/media?parent=458"}],"wp:term":[{"taxonomy":"product_brand","embeddable":true,"href":"https:\/\/cozyanddozy.com\/it\/wp-json\/wp\/v2\/product_brand?post=458"},{"taxonomy":"product_cat","embeddable":true,"href":"https:\/\/cozyanddozy.com\/it\/wp-json\/wp\/v2\/product_cat?post=458"},{"taxonomy":"product_tag","embeddable":true,"href":"https:\/\/cozyanddozy.com\/it\/wp-json\/wp\/v2\/product_tag?post=458"}],"curies":[{"name":"wp","href":"https:\/\/api.w.org\/{rel}","templated":true}]}}