{"id":452,"date":"2020-10-21T19:29:58","date_gmt":"2020-10-21T18:29:58","guid":{"rendered":"https:\/\/cozyanddozy.com\/it\/product\/childrens-teepee-set-with-pillows-and-mat-stone\/"},"modified":"2024-02-07T09:04:20","modified_gmt":"2024-02-07T09:04:20","slug":"set-teepee-per-bambini-con-cuscini-e-tappetino-in-pietra","status":"publish","type":"product","link":"https:\/\/cozyanddozy.com\/it\/prodotto\/set-teepee-per-bambini-con-cuscini-e-tappetino-in-pietra\/","title":{"rendered":"Set teepee per bambini con cuscini e stuoia &#8211; Pietra"},"content":{"rendered":"<p>La tenda da gioco Tipi della serie Stone \u00e8 un luogo accogliente per giocare a casa. I Tipi indiani di Cozy &amp; Dozy sono garanzia di grande divertimento e della migliore qualit\u00e0.<\/p>\n<p>Wigwam della serie Stone \u00e8 una tenda grande 110\u00d7110 cm con finestra e due tasche, realizzata in robusto cotone Premium. L&#8217;ingresso della tenda \u00e8 decorato con nappe nere.<\/p>\n<p>Il set Teepee comprende:<\/p>\n<ul>\n<li>tenda teepee<\/li>\n<li>tappeto da gioco (colore grigio scuro)<\/li>\n<li>due cuscini a forma di stella con nappina nera<\/li>\n<li>4 bastoncini di pino pieghevoli + 4 connettori metallici<\/li>\n<li>istruzione<\/li>\n<li>stabilizzatore<\/li>\n<\/ul>\n<p>Dimensioni:<\/p>\n<ul>\n<li>Altezza (con pali) dopo il dispiegamento: 150 cm<\/li>\n<li>Altezza (con pali) dopo la piegatura: 170 cm<\/li>\n<li>Superficie del pavimento: circa. 110 \u00d7 110 cm<\/li>\n<\/ul>\n<p>La tenda \u00e8 progettata per 2-3 bambini. Il Teepee si ripiega facilmente e non occupa molto spazio.<\/p>\n<p>Composizione:<\/p>\n<ul>\n<li>100% cotone, certificato CE<\/li>\n<li>Imbottitura del tappetino e del cuscino: 100% schiuma di silicone ipoallergenica<\/li>\n<\/ul>\n<p>Tutti i tessuti utilizzati per realizzare le nostre tende teepee sono certificati e provengono da paesi europei, il che li rende sicuri per i bambini. Tutti gli articoli Cozy &amp; Dozy sono progettati e cuciti in Polonia.<\/p>\n<p>Metodo di cura:<\/p>\n<p><img decoding=\"async\" class=\"alignnone\" title=\"lavaggio 40\" src=\"https:\/\/cozyanddozy.com\/it\/wp-content\/uploads\/2023\/02\/wash40.svg\" alt=\"wash-40\" width=\"40\" \/>Lavare a 40\u00b0 &#8211; programma delicato<\/p>\n<p><img decoding=\"async\" class=\"alignnone\" src=\"https:\/\/cozyanddozy.com\/it\/wp-content\/uploads\/2023\/02\/iron-l.svg\" alt=\"iron-L\" width=\"40px\" \/>Ferro a bassa temperatura<\/p>\n<p><img decoding=\"async\" class=\"alignnone\" src=\"https:\/\/cozyanddozy.com\/it\/wp-content\/uploads\/2023\/02\/drying-0.svg\" alt=\"drying-0\" width=\"40px\" \/>Non asciugare in asciugatrice<\/p>\n<p><img decoding=\"async\" class=\"alignnone\" src=\"https:\/\/cozyanddozy.com\/it\/wp-content\/uploads\/2023\/02\/bleach-0.svg\" alt=\"bleach-0.svg\" width=\"40px\" \/> Non lavare a secco Non clorare<\/p>\n<p>ATTENZIONE: non stirare i pompon e le nappe che potrebbero sciogliersi!<\/p>\n","protected":false},"excerpt":{"rendered":"<p>Tenda Teepee in robusto tessuto di tela Premium, decorata con nappe nere, in set con due cuscini e un morbido tappetino. Stabilizzatore incluso<\/p>\n","protected":false},"featured_media":457,"comment_status":"open","ping_status":"closed","template":"","meta":[],"product_brand":[],"product_cat":[16],"product_tag":[],"class_list":{"0":"post-452","1":"product","2":"type-product","3":"status-publish","4":"has-post-thumbnail","6":"product_cat-tende-tipi-per-bambini","8":"first","9":"instock","10":"sale","11":"product-type-simple"},"yoast_head":"<!-- This site is optimized with the Yoast SEO Premium plugin v21.9 (Yoast SEO v27.0) - https:\/\/yoast.com\/product\/yoast-seo-premium-wordpress\/ -->\n<title>Set teepee per bambini con cuscini e stuoia - Pietra - Cozy &amp; Dozy<\/title>\n<meta name=\"description\" content=\"Tenda Teepee realizzata in robusto tessuto di tela Premium, decorata con nappe nere, in set con due cuscini e un morbido tappetino. Stabilizzatore incluso\" \/>\n<meta name=\"robots\" content=\"index, follow, max-snippet:-1, max-image-preview:large, max-video-preview:-1\" \/>\n<link rel=\"canonical\" href=\"https:\/\/cozyanddozy.com\/it\/prodotto\/set-teepee-per-bambini-con-cuscini-e-tappetino-in-pietra\/\" \/>\n<meta property=\"og:locale\" content=\"it_IT\" \/>\n<meta property=\"og:type\" content=\"article\" \/>\n<meta property=\"og:title\" content=\"Set teepee per bambini con cuscini e stuoia - Pietra\" \/>\n<meta property=\"og:description\" content=\"Tenda Teepee realizzata in robusto tessuto di tela Premium, decorata con nappe nere, in set con due cuscini e un morbido tappetino. Stabilizzatore incluso\" \/>\n<meta property=\"og:url\" content=\"https:\/\/cozyanddozy.com\/it\/prodotto\/set-teepee-per-bambini-con-cuscini-e-tappetino-in-pietra\/\" \/>\n<meta property=\"og:site_name\" content=\"Cozy &amp; Dozy\" \/>\n<meta property=\"article:modified_time\" content=\"2024-02-07T09:04:20+00:00\" \/>\n<meta property=\"og:image\" content=\"https:\/\/cozyanddozy.com\/it\/wp-content\/uploads\/2023\/02\/pp-1274.jpg\" \/>\n\t<meta property=\"og:image:width\" content=\"1200\" \/>\n\t<meta property=\"og:image:height\" content=\"1200\" \/>\n\t<meta property=\"og:image:type\" content=\"image\/jpeg\" \/>\n<meta name=\"twitter:card\" content=\"summary_large_image\" \/>\n<meta name=\"twitter:label1\" content=\"Prezzo\" \/>\n\t<meta name=\"twitter:data1\" content=\"152,10&nbsp;&euro;\" \/>\n\t<meta name=\"twitter:label2\" content=\"Disponibilit\u00e0\" \/>\n\t<meta name=\"twitter:data2\" content=\"In stock\" \/>\n<script type=\"application\/ld+json\" class=\"yoast-schema-graph\">{\"@context\":\"https:\/\/schema.org\",\"@graph\":[{\"@type\":\"WebPage\",\"@id\":\"https:\/\/cozyanddozy.com\/it\/prodotto\/set-teepee-per-bambini-con-cuscini-e-tappetino-in-pietra\/\",\"url\":\"https:\/\/cozyanddozy.com\/it\/prodotto\/set-teepee-per-bambini-con-cuscini-e-tappetino-in-pietra\/\",\"name\":\"Set teepee per bambini con cuscini e stuoia - Pietra - Cozy & Dozy\",\"isPartOf\":{\"@id\":\"https:\/\/cozyanddozy.com\/it\/#website\"},\"primaryImageOfPage\":{\"@id\":\"https:\/\/cozyanddozy.com\/it\/prodotto\/set-teepee-per-bambini-con-cuscini-e-tappetino-in-pietra\/#primaryimage\"},\"image\":{\"@id\":\"https:\/\/cozyanddozy.com\/it\/prodotto\/set-teepee-per-bambini-con-cuscini-e-tappetino-in-pietra\/#primaryimage\"},\"thumbnailUrl\":\"https:\/\/cozyanddozy.com\/it\/wp-content\/uploads\/2023\/02\/pp-1274.jpg\",\"datePublished\":\"2020-10-21T18:29:58+00:00\",\"dateModified\":\"2024-02-07T09:04:20+00:00\",\"description\":\"Tenda Teepee realizzata in robusto tessuto di tela Premium, decorata con nappe nere, in set con due cuscini e un morbido tappetino. Stabilizzatore incluso\",\"breadcrumb\":{\"@id\":\"https:\/\/cozyanddozy.com\/it\/prodotto\/set-teepee-per-bambini-con-cuscini-e-tappetino-in-pietra\/#breadcrumb\"},\"inLanguage\":\"it-IT\",\"potentialAction\":[{\"@type\":\"ReadAction\",\"target\":[\"https:\/\/cozyanddozy.com\/it\/prodotto\/set-teepee-per-bambini-con-cuscini-e-tappetino-in-pietra\/\"]}]},{\"@type\":\"ImageObject\",\"inLanguage\":\"it-IT\",\"@id\":\"https:\/\/cozyanddozy.com\/it\/prodotto\/set-teepee-per-bambini-con-cuscini-e-tappetino-in-pietra\/#primaryimage\",\"url\":\"https:\/\/cozyanddozy.com\/it\/wp-content\/uploads\/2023\/02\/pp-1274.jpg\",\"contentUrl\":\"https:\/\/cozyanddozy.com\/it\/wp-content\/uploads\/2023\/02\/pp-1274.jpg\",\"width\":1200,\"height\":1200},{\"@type\":\"BreadcrumbList\",\"@id\":\"https:\/\/cozyanddozy.com\/it\/prodotto\/set-teepee-per-bambini-con-cuscini-e-tappetino-in-pietra\/#breadcrumb\",\"itemListElement\":[{\"@type\":\"ListItem\",\"position\":1,\"name\":\"Home\",\"item\":\"https:\/\/cozyanddozy.com\/it\/\"},{\"@type\":\"ListItem\",\"position\":2,\"name\":\"Negozio\",\"item\":\"https:\/\/cozyanddozy.com\/it\/negozio\/\"},{\"@type\":\"ListItem\",\"position\":3,\"name\":\"Set teepee per bambini con cuscini e stuoia &#8211; Pietra\"}]},{\"@type\":\"WebSite\",\"@id\":\"https:\/\/cozyanddozy.com\/it\/#website\",\"url\":\"https:\/\/cozyanddozy.com\/it\/\",\"name\":\"Cozy & Dozy\",\"description\":\"\",\"potentialAction\":[{\"@type\":\"SearchAction\",\"target\":{\"@type\":\"EntryPoint\",\"urlTemplate\":\"https:\/\/cozyanddozy.com\/it\/?s={search_term_string}\"},\"query-input\":{\"@type\":\"PropertyValueSpecification\",\"valueRequired\":true,\"valueName\":\"search_term_string\"}}],\"inLanguage\":\"it-IT\"}]}<\/script>\n<meta property=\"product:price:amount\" content=\"152.10\" \/>\n<meta property=\"product:price:currency\" content=\"EUR\" \/>\n<meta property=\"og:availability\" content=\"instock\" \/>\n<meta property=\"product:availability\" content=\"instock\" \/>\n<meta property=\"product:retailer_item_id\" content=\"5902701495060\" \/>\n<meta property=\"product:condition\" content=\"new\" \/>\n<!-- \/ Yoast SEO Premium plugin. -->","yoast_head_json":{"title":"Set teepee per bambini con cuscini e stuoia - Pietra - Cozy & Dozy","description":"Tenda Teepee realizzata in robusto tessuto di tela Premium, decorata con nappe nere, in set con due cuscini e un morbido tappetino. Stabilizzatore incluso","robots":{"index":"index","follow":"follow","max-snippet":"max-snippet:-1","max-image-preview":"max-image-preview:large","max-video-preview":"max-video-preview:-1"},"canonical":"https:\/\/cozyanddozy.com\/it\/prodotto\/set-teepee-per-bambini-con-cuscini-e-tappetino-in-pietra\/","og_locale":"it_IT","og_type":"article","og_title":"Set teepee per bambini con cuscini e stuoia - Pietra","og_description":"Tenda Teepee realizzata in robusto tessuto di tela Premium, decorata con nappe nere, in set con due cuscini e un morbido tappetino. Stabilizzatore incluso","og_url":"https:\/\/cozyanddozy.com\/it\/prodotto\/set-teepee-per-bambini-con-cuscini-e-tappetino-in-pietra\/","og_site_name":"Cozy &amp; Dozy","article_modified_time":"2024-02-07T09:04:20+00:00","og_image":[{"width":1200,"height":1200,"url":"https:\/\/cozyanddozy.com\/it\/wp-content\/uploads\/2023\/02\/pp-1274.jpg","type":"image\/jpeg"}],"twitter_card":"summary_large_image","twitter_misc":{"Prezzo":"152,10&nbsp;&euro;","Disponibilit\u00e0":"In stock"},"schema":{"@context":"https:\/\/schema.org","@graph":[{"@type":"WebPage","@id":"https:\/\/cozyanddozy.com\/it\/prodotto\/set-teepee-per-bambini-con-cuscini-e-tappetino-in-pietra\/","url":"https:\/\/cozyanddozy.com\/it\/prodotto\/set-teepee-per-bambini-con-cuscini-e-tappetino-in-pietra\/","name":"Set teepee per bambini con cuscini e stuoia - Pietra - Cozy & Dozy","isPartOf":{"@id":"https:\/\/cozyanddozy.com\/it\/#website"},"primaryImageOfPage":{"@id":"https:\/\/cozyanddozy.com\/it\/prodotto\/set-teepee-per-bambini-con-cuscini-e-tappetino-in-pietra\/#primaryimage"},"image":{"@id":"https:\/\/cozyanddozy.com\/it\/prodotto\/set-teepee-per-bambini-con-cuscini-e-tappetino-in-pietra\/#primaryimage"},"thumbnailUrl":"https:\/\/cozyanddozy.com\/it\/wp-content\/uploads\/2023\/02\/pp-1274.jpg","datePublished":"2020-10-21T18:29:58+00:00","dateModified":"2024-02-07T09:04:20+00:00","description":"Tenda Teepee realizzata in robusto tessuto di tela Premium, decorata con nappe nere, in set con due cuscini e un morbido tappetino. Stabilizzatore incluso","breadcrumb":{"@id":"https:\/\/cozyanddozy.com\/it\/prodotto\/set-teepee-per-bambini-con-cuscini-e-tappetino-in-pietra\/#breadcrumb"},"inLanguage":"it-IT","potentialAction":[{"@type":"ReadAction","target":["https:\/\/cozyanddozy.com\/it\/prodotto\/set-teepee-per-bambini-con-cuscini-e-tappetino-in-pietra\/"]}]},{"@type":"ImageObject","inLanguage":"it-IT","@id":"https:\/\/cozyanddozy.com\/it\/prodotto\/set-teepee-per-bambini-con-cuscini-e-tappetino-in-pietra\/#primaryimage","url":"https:\/\/cozyanddozy.com\/it\/wp-content\/uploads\/2023\/02\/pp-1274.jpg","contentUrl":"https:\/\/cozyanddozy.com\/it\/wp-content\/uploads\/2023\/02\/pp-1274.jpg","width":1200,"height":1200},{"@type":"BreadcrumbList","@id":"https:\/\/cozyanddozy.com\/it\/prodotto\/set-teepee-per-bambini-con-cuscini-e-tappetino-in-pietra\/#breadcrumb","itemListElement":[{"@type":"ListItem","position":1,"name":"Home","item":"https:\/\/cozyanddozy.com\/it\/"},{"@type":"ListItem","position":2,"name":"Negozio","item":"https:\/\/cozyanddozy.com\/it\/negozio\/"},{"@type":"ListItem","position":3,"name":"Set teepee per bambini con cuscini e stuoia &#8211; Pietra"}]},{"@type":"WebSite","@id":"https:\/\/cozyanddozy.com\/it\/#website","url":"https:\/\/cozyanddozy.com\/it\/","name":"Cozy & Dozy","description":"","potentialAction":[{"@type":"SearchAction","target":{"@type":"EntryPoint","urlTemplate":"https:\/\/cozyanddozy.com\/it\/?s={search_term_string}"},"query-input":{"@type":"PropertyValueSpecification","valueRequired":true,"valueName":"search_term_string"}}],"inLanguage":"it-IT"}]},"product_price_amount":"152.10","product_price_currency":"EUR","og_availability":"instock","product_availability":"instock","product_retailer_item_id":"5902701495060","product_condition":"new"},"_links":{"self":[{"href":"https:\/\/cozyanddozy.com\/it\/wp-json\/wp\/v2\/product\/452","targetHints":{"allow":["GET"]}}],"collection":[{"href":"https:\/\/cozyanddozy.com\/it\/wp-json\/wp\/v2\/product"}],"about":[{"href":"https:\/\/cozyanddozy.com\/it\/wp-json\/wp\/v2\/types\/product"}],"replies":[{"embeddable":true,"href":"https:\/\/cozyanddozy.com\/it\/wp-json\/wp\/v2\/comments?post=452"}],"wp:featuredmedia":[{"embeddable":true,"href":"https:\/\/cozyanddozy.com\/it\/wp-json\/wp\/v2\/media\/457"}],"wp:attachment":[{"href":"https:\/\/cozyanddozy.com\/it\/wp-json\/wp\/v2\/media?parent=452"}],"wp:term":[{"taxonomy":"product_brand","embeddable":true,"href":"https:\/\/cozyanddozy.com\/it\/wp-json\/wp\/v2\/product_brand?post=452"},{"taxonomy":"product_cat","embeddable":true,"href":"https:\/\/cozyanddozy.com\/it\/wp-json\/wp\/v2\/product_cat?post=452"},{"taxonomy":"product_tag","embeddable":true,"href":"https:\/\/cozyanddozy.com\/it\/wp-json\/wp\/v2\/product_tag?post=452"}],"curies":[{"name":"wp","href":"https:\/\/api.w.org\/{rel}","templated":true}]}}