{"id":415,"date":"2018-04-10T09:05:46","date_gmt":"2018-04-10T08:05:46","guid":{"rendered":"https:\/\/cozyanddozy.com\/it\/product\/white-tipi-tent-with-tassel-tipi-white-boho\/"},"modified":"2024-02-07T09:04:20","modified_gmt":"2024-02-07T09:04:20","slug":"bianco-tipi-tenda-con-nappina-tipi-bianco-boho","status":"publish","type":"product","link":"https:\/\/cozyanddozy.com\/it\/prodotto\/bianco-tipi-tenda-con-nappina-tipi-bianco-boho\/","title":{"rendered":"Tenda Tipi bianca con nappina &#8211; Tipi White Boho"},"content":{"rendered":"<p><img decoding=\"async\" class=\"alignright\" src=\"https:\/\/cozyanddozy.com\/it\/wp-content\/uploads\/2023\/02\/pp-1389.jpg\" alt=\"boho tipi\" width=\"600\" \/>La tenda Tipi boho \u00e8 un luogo accogliente per giocare in casa e in cortile. La tenda da gioco \u00e8 dotata di una finestra apribile con tenda a rullo e di una tasca portagiochi. La tenda per bambini \u00e8 realizzata in robusto cotone PREMIUM. Ogni Tipi \u00e8 di nostra progettazione e in linea con le tendenze attuali.<\/p>\n<p>I Tipi bianchi con nappe ravvivano la stanza di ogni bambino e le conferiscono carattere. Il Tipi Boho viene fornito con una stuoia morbida e quattro bastoni di pino pieghevoli. Tutte le parti in tessuto possono essere lavate in lavatrice.<\/p>\n<p>La tenda da gioco \u00e8 sicura, divertente e facile da costruire. Il nostro Tipi \u00e8 realizzato con tessuti sicuri per i bambini, provenienti dall&#8217; Europa e certificati per la qualit\u00e0.<\/p>\n<p>Le tende indiane Tipi sono realizzate con il metodo artigianale. Tutti i modelli sono progettati da noi e vi garantiamo un prodotto unico e della migliore qualit\u00e0.<\/p>\n<h2>Il Tipi bianco Boho di Cozy &amp; Dozy \u00e8 incluso:<\/h2>\n<ul>\n<li>tenda Tipi bianca con nappina<\/li>\n<li>Tappetino morbido<\/li>\n<li>stabilizer(prevents the frame from moving)<\/li>\n<li>4 pali in vero legno di pino (telaio).<\/li>\n<\/ul>\n<p>Il Tipi pu\u00f2 essere acquistato anche senza stuoia.<\/p>\n","protected":false},"excerpt":{"rendered":"<p>La tenda Tipi boho \u00e8 un luogo accogliente per giocare in casa e in giardino. La tenda da gioco ha una finestra apribile con una tenda a rullo e una tasca per i giocattoli. La tenda per bambini \u00e8 realizzata in robusto cotone PREMIUM.<\/p>\n","protected":false},"featured_media":417,"comment_status":"open","ping_status":"closed","template":"","meta":[],"product_brand":[],"product_cat":[16],"product_tag":[24],"class_list":{"0":"post-415","1":"product","2":"type-product","3":"status-publish","4":"has-post-thumbnail","6":"product_cat-tende-tipi-per-bambini","7":"product_tag-pla","8":"pa_model-boho","10":"first","11":"instock","12":"sale","13":"product-type-simple"},"yoast_head":"<!-- This site is optimized with the Yoast SEO Premium plugin v21.9 (Yoast SEO v27.0) - https:\/\/yoast.com\/product\/yoast-seo-premium-wordpress\/ -->\n<title>Tenda Tipi bianca con nappina - Tipi White Boho - Cozy &amp; Dozy<\/title>\n<meta name=\"description\" content=\"La tenda Tipi boho \u00e8 un luogo accogliente per giocare in casa e in giardino. La tenda \u00e8 dotata di una finestra apribile con tenda a rullo e di una tasca portagiochi.\" \/>\n<meta name=\"robots\" content=\"index, follow, max-snippet:-1, max-image-preview:large, max-video-preview:-1\" \/>\n<link rel=\"canonical\" href=\"https:\/\/cozyanddozy.com\/it\/prodotto\/bianco-tipi-tenda-con-nappina-tipi-bianco-boho\/\" \/>\n<meta property=\"og:locale\" content=\"it_IT\" \/>\n<meta property=\"og:type\" content=\"article\" \/>\n<meta property=\"og:title\" content=\"Tenda Tipi bianca con nappina - Tipi White Boho\" \/>\n<meta property=\"og:description\" content=\"La tenda Tipi boho \u00e8 un luogo accogliente per giocare in casa e in giardino. La tenda \u00e8 dotata di una finestra apribile con tenda a rullo e di una tasca portagiochi.\" \/>\n<meta property=\"og:url\" content=\"https:\/\/cozyanddozy.com\/it\/prodotto\/bianco-tipi-tenda-con-nappina-tipi-bianco-boho\/\" \/>\n<meta property=\"og:site_name\" content=\"Cozy &amp; Dozy\" \/>\n<meta property=\"article:modified_time\" content=\"2024-02-07T09:04:20+00:00\" \/>\n<meta property=\"og:image\" content=\"https:\/\/cozyanddozy.com\/it\/wp-content\/uploads\/2023\/02\/kids_tipi_tent_boho_s1_po-1.jpg\" \/>\n\t<meta property=\"og:image:width\" content=\"1200\" \/>\n\t<meta property=\"og:image:height\" content=\"1200\" \/>\n\t<meta property=\"og:image:type\" content=\"image\/jpeg\" \/>\n<meta name=\"twitter:card\" content=\"summary_large_image\" \/>\n<meta name=\"twitter:label1\" content=\"Prezzo\" \/>\n\t<meta name=\"twitter:data1\" content=\"125,10&nbsp;&euro;\" \/>\n\t<meta name=\"twitter:label2\" content=\"Disponibilit\u00e0\" \/>\n\t<meta name=\"twitter:data2\" content=\"In stock\" \/>\n<script type=\"application\/ld+json\" class=\"yoast-schema-graph\">{\"@context\":\"https:\/\/schema.org\",\"@graph\":[{\"@type\":\"WebPage\",\"@id\":\"https:\/\/cozyanddozy.com\/it\/prodotto\/bianco-tipi-tenda-con-nappina-tipi-bianco-boho\/\",\"url\":\"https:\/\/cozyanddozy.com\/it\/prodotto\/bianco-tipi-tenda-con-nappina-tipi-bianco-boho\/\",\"name\":\"Tenda Tipi bianca con nappina - Tipi White Boho - Cozy &amp; Dozy\",\"isPartOf\":{\"@id\":\"https:\/\/cozyanddozy.com\/it\/#website\"},\"primaryImageOfPage\":{\"@id\":\"https:\/\/cozyanddozy.com\/it\/prodotto\/bianco-tipi-tenda-con-nappina-tipi-bianco-boho\/#primaryimage\"},\"image\":{\"@id\":\"https:\/\/cozyanddozy.com\/it\/prodotto\/bianco-tipi-tenda-con-nappina-tipi-bianco-boho\/#primaryimage\"},\"thumbnailUrl\":\"https:\/\/cozyanddozy.com\/it\/wp-content\/uploads\/2023\/02\/kids_tipi_tent_boho_s1_po-1.jpg\",\"datePublished\":\"2018-04-10T08:05:46+00:00\",\"dateModified\":\"2024-02-07T09:04:20+00:00\",\"description\":\"La tenda Tipi boho \u00e8 un luogo accogliente per giocare in casa e in giardino. La tenda \u00e8 dotata di una finestra apribile con tenda a rullo e di una tasca portagiochi.\",\"breadcrumb\":{\"@id\":\"https:\/\/cozyanddozy.com\/it\/prodotto\/bianco-tipi-tenda-con-nappina-tipi-bianco-boho\/#breadcrumb\"},\"inLanguage\":\"it-IT\",\"potentialAction\":[{\"@type\":\"ReadAction\",\"target\":[\"https:\/\/cozyanddozy.com\/it\/prodotto\/bianco-tipi-tenda-con-nappina-tipi-bianco-boho\/\"]}]},{\"@type\":\"ImageObject\",\"inLanguage\":\"it-IT\",\"@id\":\"https:\/\/cozyanddozy.com\/it\/prodotto\/bianco-tipi-tenda-con-nappina-tipi-bianco-boho\/#primaryimage\",\"url\":\"https:\/\/cozyanddozy.com\/it\/wp-content\/uploads\/2023\/02\/kids_tipi_tent_boho_s1_po-1.jpg\",\"contentUrl\":\"https:\/\/cozyanddozy.com\/it\/wp-content\/uploads\/2023\/02\/kids_tipi_tent_boho_s1_po-1.jpg\",\"width\":1200,\"height\":1200,\"caption\":\"kids tipi tent boho\"},{\"@type\":\"BreadcrumbList\",\"@id\":\"https:\/\/cozyanddozy.com\/it\/prodotto\/bianco-tipi-tenda-con-nappina-tipi-bianco-boho\/#breadcrumb\",\"itemListElement\":[{\"@type\":\"ListItem\",\"position\":1,\"name\":\"Home\",\"item\":\"https:\/\/cozyanddozy.com\/it\/\"},{\"@type\":\"ListItem\",\"position\":2,\"name\":\"Negozio\",\"item\":\"https:\/\/cozyanddozy.com\/it\/negozio\/\"},{\"@type\":\"ListItem\",\"position\":3,\"name\":\"Tenda Tipi bianca con nappina &#8211; Tipi White Boho\"}]},{\"@type\":\"WebSite\",\"@id\":\"https:\/\/cozyanddozy.com\/it\/#website\",\"url\":\"https:\/\/cozyanddozy.com\/it\/\",\"name\":\"Cozy & Dozy\",\"description\":\"\",\"potentialAction\":[{\"@type\":\"SearchAction\",\"target\":{\"@type\":\"EntryPoint\",\"urlTemplate\":\"https:\/\/cozyanddozy.com\/it\/?s={search_term_string}\"},\"query-input\":{\"@type\":\"PropertyValueSpecification\",\"valueRequired\":true,\"valueName\":\"search_term_string\"}}],\"inLanguage\":\"it-IT\"}]}<\/script>\n<meta property=\"product:price:amount\" content=\"125.10\" \/>\n<meta property=\"product:price:currency\" content=\"EUR\" \/>\n<meta property=\"og:availability\" content=\"instock\" \/>\n<meta property=\"product:availability\" content=\"instock\" \/>\n<meta property=\"product:retailer_item_id\" content=\"5902701495831\" \/>\n<meta property=\"product:condition\" content=\"new\" \/>\n<!-- \/ Yoast SEO Premium plugin. -->","yoast_head_json":{"title":"Tenda Tipi bianca con nappina - Tipi White Boho - Cozy &amp; Dozy","description":"La tenda Tipi boho \u00e8 un luogo accogliente per giocare in casa e in giardino. La tenda \u00e8 dotata di una finestra apribile con tenda a rullo e di una tasca portagiochi.","robots":{"index":"index","follow":"follow","max-snippet":"max-snippet:-1","max-image-preview":"max-image-preview:large","max-video-preview":"max-video-preview:-1"},"canonical":"https:\/\/cozyanddozy.com\/it\/prodotto\/bianco-tipi-tenda-con-nappina-tipi-bianco-boho\/","og_locale":"it_IT","og_type":"article","og_title":"Tenda Tipi bianca con nappina - Tipi White Boho","og_description":"La tenda Tipi boho \u00e8 un luogo accogliente per giocare in casa e in giardino. La tenda \u00e8 dotata di una finestra apribile con tenda a rullo e di una tasca portagiochi.","og_url":"https:\/\/cozyanddozy.com\/it\/prodotto\/bianco-tipi-tenda-con-nappina-tipi-bianco-boho\/","og_site_name":"Cozy &amp; Dozy","article_modified_time":"2024-02-07T09:04:20+00:00","og_image":[{"width":1200,"height":1200,"url":"https:\/\/cozyanddozy.com\/it\/wp-content\/uploads\/2023\/02\/kids_tipi_tent_boho_s1_po-1.jpg","type":"image\/jpeg"}],"twitter_card":"summary_large_image","twitter_misc":{"Prezzo":"125,10&nbsp;&euro;","Disponibilit\u00e0":"In stock"},"schema":{"@context":"https:\/\/schema.org","@graph":[{"@type":"WebPage","@id":"https:\/\/cozyanddozy.com\/it\/prodotto\/bianco-tipi-tenda-con-nappina-tipi-bianco-boho\/","url":"https:\/\/cozyanddozy.com\/it\/prodotto\/bianco-tipi-tenda-con-nappina-tipi-bianco-boho\/","name":"Tenda Tipi bianca con nappina - Tipi White Boho - Cozy &amp; Dozy","isPartOf":{"@id":"https:\/\/cozyanddozy.com\/it\/#website"},"primaryImageOfPage":{"@id":"https:\/\/cozyanddozy.com\/it\/prodotto\/bianco-tipi-tenda-con-nappina-tipi-bianco-boho\/#primaryimage"},"image":{"@id":"https:\/\/cozyanddozy.com\/it\/prodotto\/bianco-tipi-tenda-con-nappina-tipi-bianco-boho\/#primaryimage"},"thumbnailUrl":"https:\/\/cozyanddozy.com\/it\/wp-content\/uploads\/2023\/02\/kids_tipi_tent_boho_s1_po-1.jpg","datePublished":"2018-04-10T08:05:46+00:00","dateModified":"2024-02-07T09:04:20+00:00","description":"La tenda Tipi boho \u00e8 un luogo accogliente per giocare in casa e in giardino. La tenda \u00e8 dotata di una finestra apribile con tenda a rullo e di una tasca portagiochi.","breadcrumb":{"@id":"https:\/\/cozyanddozy.com\/it\/prodotto\/bianco-tipi-tenda-con-nappina-tipi-bianco-boho\/#breadcrumb"},"inLanguage":"it-IT","potentialAction":[{"@type":"ReadAction","target":["https:\/\/cozyanddozy.com\/it\/prodotto\/bianco-tipi-tenda-con-nappina-tipi-bianco-boho\/"]}]},{"@type":"ImageObject","inLanguage":"it-IT","@id":"https:\/\/cozyanddozy.com\/it\/prodotto\/bianco-tipi-tenda-con-nappina-tipi-bianco-boho\/#primaryimage","url":"https:\/\/cozyanddozy.com\/it\/wp-content\/uploads\/2023\/02\/kids_tipi_tent_boho_s1_po-1.jpg","contentUrl":"https:\/\/cozyanddozy.com\/it\/wp-content\/uploads\/2023\/02\/kids_tipi_tent_boho_s1_po-1.jpg","width":1200,"height":1200,"caption":"kids tipi tent boho"},{"@type":"BreadcrumbList","@id":"https:\/\/cozyanddozy.com\/it\/prodotto\/bianco-tipi-tenda-con-nappina-tipi-bianco-boho\/#breadcrumb","itemListElement":[{"@type":"ListItem","position":1,"name":"Home","item":"https:\/\/cozyanddozy.com\/it\/"},{"@type":"ListItem","position":2,"name":"Negozio","item":"https:\/\/cozyanddozy.com\/it\/negozio\/"},{"@type":"ListItem","position":3,"name":"Tenda Tipi bianca con nappina &#8211; Tipi White Boho"}]},{"@type":"WebSite","@id":"https:\/\/cozyanddozy.com\/it\/#website","url":"https:\/\/cozyanddozy.com\/it\/","name":"Cozy & Dozy","description":"","potentialAction":[{"@type":"SearchAction","target":{"@type":"EntryPoint","urlTemplate":"https:\/\/cozyanddozy.com\/it\/?s={search_term_string}"},"query-input":{"@type":"PropertyValueSpecification","valueRequired":true,"valueName":"search_term_string"}}],"inLanguage":"it-IT"}]},"product_price_amount":"125.10","product_price_currency":"EUR","og_availability":"instock","product_availability":"instock","product_retailer_item_id":"5902701495831","product_condition":"new"},"_links":{"self":[{"href":"https:\/\/cozyanddozy.com\/it\/wp-json\/wp\/v2\/product\/415","targetHints":{"allow":["GET"]}}],"collection":[{"href":"https:\/\/cozyanddozy.com\/it\/wp-json\/wp\/v2\/product"}],"about":[{"href":"https:\/\/cozyanddozy.com\/it\/wp-json\/wp\/v2\/types\/product"}],"replies":[{"embeddable":true,"href":"https:\/\/cozyanddozy.com\/it\/wp-json\/wp\/v2\/comments?post=415"}],"wp:featuredmedia":[{"embeddable":true,"href":"https:\/\/cozyanddozy.com\/it\/wp-json\/wp\/v2\/media\/417"}],"wp:attachment":[{"href":"https:\/\/cozyanddozy.com\/it\/wp-json\/wp\/v2\/media?parent=415"}],"wp:term":[{"taxonomy":"product_brand","embeddable":true,"href":"https:\/\/cozyanddozy.com\/it\/wp-json\/wp\/v2\/product_brand?post=415"},{"taxonomy":"product_cat","embeddable":true,"href":"https:\/\/cozyanddozy.com\/it\/wp-json\/wp\/v2\/product_cat?post=415"},{"taxonomy":"product_tag","embeddable":true,"href":"https:\/\/cozyanddozy.com\/it\/wp-json\/wp\/v2\/product_tag?post=415"}],"curies":[{"name":"wp","href":"https:\/\/api.w.org\/{rel}","templated":true}]}}