{"id":404,"date":"2017-10-20T09:15:33","date_gmt":"2017-10-20T08:15:33","guid":{"rendered":"https:\/\/cozyanddozy.com\/it\/product\/set-tipi-stripes-tipi-in-stripes-pattern-with-pillows-and-mat\/"},"modified":"2024-02-07T09:04:20","modified_gmt":"2024-02-07T09:04:20","slug":"set-tipi-stripes-tipi-in-stripes-pattern-con-parrucche-e-mat","status":"publish","type":"product","link":"https:\/\/cozyanddozy.com\/it\/prodotto\/set-tipi-stripes-tipi-in-stripes-pattern-con-parrucche-e-mat\/","title":{"rendered":"Set Tipi Stripes, Tipi a righe con cuscini e materassino"},"content":{"rendered":"<p>Il Tipi indiano \u00e8 un luogo unico per giocare all&#8217;aria aperta e a casa propria. Una tenda per bambini \u00e8 un buon posto per riposare e un angolo lettura per i libri.Il Tipi per bambini \u00e8 un elemento di design alla moda per la camera dei bambini.<\/p>\n<p>La tenda Tipi bianca e nera \u00e8 realizzata in robusta tela e cotone a strisce bianche e nere. L&#8217;ingresso del wigwam \u00e8 decorato con un nastro nero. Inoltre, il set comprende due cuscini, uno stabilizzatore e un tappetino caldo. La tenda \u00e8 dotata di una tasca per i giocattoli e di una finestra avvolgibile, tutte le parti in tessuto possono essere lavate in lavatrice. La tenda per bambini si ripiega facilmente e non occupa molto spazio.<\/p>\n<p>La tenda da gioco indiana \u00e8 realizzata con il metodo artigianale, con tessuti sicuri per i bambini di origine europea e di qualit\u00e0 certificata. Tutti i modelli sono progettati da noi e vi garantiamo che otterrete un prodotto unico della migliore qualit\u00e0.<\/p>\n<h2>Il kit Stripes Cozy &amp; Dozy Tipi \u00e8 incluso:<\/h2>\n<ul>\n<li>tenda Tipi<\/li>\n<li>tappetino morbido<\/li>\n<li>cuscini a due stelle,<\/li>\n<li>stabilizzatore<\/li>\n<li>4 pali in legno di pino naturale (telaio)<\/li>\n<\/ul>\n<p>Il Wigwam pu\u00f2 essere acquistato anche senza materassini e cuscini.<\/p>\n","protected":false},"excerpt":{"rendered":"<p>La tenda Tipi a strisce \u00e8 realizzata in robusta tela e cotone a strisce bianche e nere.Set Teepee con due cuscini, tappetino morbido, stabilizzatore e bastoncini di pino.<\/p>\n","protected":false},"featured_media":405,"comment_status":"open","ping_status":"closed","template":"","meta":[],"product_brand":[],"product_cat":[16],"product_tag":[],"class_list":{"0":"post-404","1":"product","2":"type-product","3":"status-publish","4":"has-post-thumbnail","6":"product_cat-tende-tipi-per-bambini","8":"first","9":"instock","10":"sale","11":"product-type-simple"},"yoast_head":"<!-- This site is optimized with the Yoast SEO Premium plugin v21.9 (Yoast SEO v27.0) - https:\/\/yoast.com\/product\/yoast-seo-premium-wordpress\/ -->\n<title>Set Tipi Stripes, Tipi a righe con cuscini e materassino - Cozy &amp; Dozy<\/title>\n<meta name=\"description\" content=\"La tenda Tipi a strisce \u00e8 realizzata in robusta tela e cotone a strisce bianche e nere.Set Teepee con due cuscini, tappetino morbido, stabilizzatore e bastoncini di pino.\" \/>\n<meta name=\"robots\" content=\"index, follow, max-snippet:-1, max-image-preview:large, max-video-preview:-1\" \/>\n<link rel=\"canonical\" href=\"https:\/\/cozyanddozy.com\/it\/prodotto\/set-tipi-stripes-tipi-in-stripes-pattern-con-parrucche-e-mat\/\" \/>\n<meta property=\"og:locale\" content=\"it_IT\" \/>\n<meta property=\"og:type\" content=\"article\" \/>\n<meta property=\"og:title\" content=\"Set Tipi Stripes, Tipi a righe con cuscini e materassino\" \/>\n<meta property=\"og:description\" content=\"La tenda Tipi a strisce \u00e8 realizzata in robusta tela e cotone a strisce bianche e nere.Set Teepee con due cuscini, tappetino morbido, stabilizzatore e bastoncini di pino.\" \/>\n<meta property=\"og:url\" content=\"https:\/\/cozyanddozy.com\/it\/prodotto\/set-tipi-stripes-tipi-in-stripes-pattern-con-parrucche-e-mat\/\" \/>\n<meta property=\"og:site_name\" content=\"Cozy &amp; Dozy\" \/>\n<meta property=\"article:modified_time\" content=\"2024-02-07T09:04:20+00:00\" \/>\n<meta property=\"og:image\" content=\"https:\/\/cozyanddozy.com\/it\/wp-content\/uploads\/2023\/02\/pp-1248.jpg\" \/>\n\t<meta property=\"og:image:width\" content=\"1200\" \/>\n\t<meta property=\"og:image:height\" content=\"1200\" \/>\n\t<meta property=\"og:image:type\" content=\"image\/jpeg\" \/>\n<meta name=\"twitter:card\" content=\"summary_large_image\" \/>\n<meta name=\"twitter:label1\" content=\"Prezzo\" \/>\n\t<meta name=\"twitter:data1\" content=\"170,10&nbsp;&euro;\" \/>\n\t<meta name=\"twitter:label2\" content=\"Disponibilit\u00e0\" \/>\n\t<meta name=\"twitter:data2\" content=\"In stock\" \/>\n<script type=\"application\/ld+json\" class=\"yoast-schema-graph\">{\"@context\":\"https:\/\/schema.org\",\"@graph\":[{\"@type\":\"WebPage\",\"@id\":\"https:\/\/cozyanddozy.com\/it\/prodotto\/set-tipi-stripes-tipi-in-stripes-pattern-con-parrucche-e-mat\/\",\"url\":\"https:\/\/cozyanddozy.com\/it\/prodotto\/set-tipi-stripes-tipi-in-stripes-pattern-con-parrucche-e-mat\/\",\"name\":\"Set Tipi Stripes, Tipi a righe con cuscini e materassino - Cozy &amp; Dozy\",\"isPartOf\":{\"@id\":\"https:\/\/cozyanddozy.com\/it\/#website\"},\"primaryImageOfPage\":{\"@id\":\"https:\/\/cozyanddozy.com\/it\/prodotto\/set-tipi-stripes-tipi-in-stripes-pattern-con-parrucche-e-mat\/#primaryimage\"},\"image\":{\"@id\":\"https:\/\/cozyanddozy.com\/it\/prodotto\/set-tipi-stripes-tipi-in-stripes-pattern-con-parrucche-e-mat\/#primaryimage\"},\"thumbnailUrl\":\"https:\/\/cozyanddozy.com\/it\/wp-content\/uploads\/2023\/02\/pp-1248.jpg\",\"datePublished\":\"2017-10-20T08:15:33+00:00\",\"dateModified\":\"2024-02-07T09:04:20+00:00\",\"description\":\"La tenda Tipi a strisce \u00e8 realizzata in robusta tela e cotone a strisce bianche e nere.Set Teepee con due cuscini, tappetino morbido, stabilizzatore e bastoncini di pino.\",\"breadcrumb\":{\"@id\":\"https:\/\/cozyanddozy.com\/it\/prodotto\/set-tipi-stripes-tipi-in-stripes-pattern-con-parrucche-e-mat\/#breadcrumb\"},\"inLanguage\":\"it-IT\",\"potentialAction\":[{\"@type\":\"ReadAction\",\"target\":[\"https:\/\/cozyanddozy.com\/it\/prodotto\/set-tipi-stripes-tipi-in-stripes-pattern-con-parrucche-e-mat\/\"]}]},{\"@type\":\"ImageObject\",\"inLanguage\":\"it-IT\",\"@id\":\"https:\/\/cozyanddozy.com\/it\/prodotto\/set-tipi-stripes-tipi-in-stripes-pattern-con-parrucche-e-mat\/#primaryimage\",\"url\":\"https:\/\/cozyanddozy.com\/it\/wp-content\/uploads\/2023\/02\/pp-1248.jpg\",\"contentUrl\":\"https:\/\/cozyanddozy.com\/it\/wp-content\/uploads\/2023\/02\/pp-1248.jpg\",\"width\":1200,\"height\":1200},{\"@type\":\"BreadcrumbList\",\"@id\":\"https:\/\/cozyanddozy.com\/it\/prodotto\/set-tipi-stripes-tipi-in-stripes-pattern-con-parrucche-e-mat\/#breadcrumb\",\"itemListElement\":[{\"@type\":\"ListItem\",\"position\":1,\"name\":\"Home\",\"item\":\"https:\/\/cozyanddozy.com\/it\/\"},{\"@type\":\"ListItem\",\"position\":2,\"name\":\"Negozio\",\"item\":\"https:\/\/cozyanddozy.com\/it\/negozio\/\"},{\"@type\":\"ListItem\",\"position\":3,\"name\":\"Set Tipi Stripes, Tipi a righe con cuscini e materassino\"}]},{\"@type\":\"WebSite\",\"@id\":\"https:\/\/cozyanddozy.com\/it\/#website\",\"url\":\"https:\/\/cozyanddozy.com\/it\/\",\"name\":\"Cozy & Dozy\",\"description\":\"\",\"potentialAction\":[{\"@type\":\"SearchAction\",\"target\":{\"@type\":\"EntryPoint\",\"urlTemplate\":\"https:\/\/cozyanddozy.com\/it\/?s={search_term_string}\"},\"query-input\":{\"@type\":\"PropertyValueSpecification\",\"valueRequired\":true,\"valueName\":\"search_term_string\"}}],\"inLanguage\":\"it-IT\"}]}<\/script>\n<meta property=\"product:price:amount\" content=\"170.10\" \/>\n<meta property=\"product:price:currency\" content=\"EUR\" \/>\n<meta property=\"og:availability\" content=\"instock\" \/>\n<meta property=\"product:availability\" content=\"instock\" \/>\n<meta property=\"product:retailer_item_id\" content=\"5902701490065\" \/>\n<meta property=\"product:condition\" content=\"new\" \/>\n<!-- \/ Yoast SEO Premium plugin. -->","yoast_head_json":{"title":"Set Tipi Stripes, Tipi a righe con cuscini e materassino - Cozy &amp; Dozy","description":"La tenda Tipi a strisce \u00e8 realizzata in robusta tela e cotone a strisce bianche e nere.Set Teepee con due cuscini, tappetino morbido, stabilizzatore e bastoncini di pino.","robots":{"index":"index","follow":"follow","max-snippet":"max-snippet:-1","max-image-preview":"max-image-preview:large","max-video-preview":"max-video-preview:-1"},"canonical":"https:\/\/cozyanddozy.com\/it\/prodotto\/set-tipi-stripes-tipi-in-stripes-pattern-con-parrucche-e-mat\/","og_locale":"it_IT","og_type":"article","og_title":"Set Tipi Stripes, Tipi a righe con cuscini e materassino","og_description":"La tenda Tipi a strisce \u00e8 realizzata in robusta tela e cotone a strisce bianche e nere.Set Teepee con due cuscini, tappetino morbido, stabilizzatore e bastoncini di pino.","og_url":"https:\/\/cozyanddozy.com\/it\/prodotto\/set-tipi-stripes-tipi-in-stripes-pattern-con-parrucche-e-mat\/","og_site_name":"Cozy &amp; Dozy","article_modified_time":"2024-02-07T09:04:20+00:00","og_image":[{"width":1200,"height":1200,"url":"https:\/\/cozyanddozy.com\/it\/wp-content\/uploads\/2023\/02\/pp-1248.jpg","type":"image\/jpeg"}],"twitter_card":"summary_large_image","twitter_misc":{"Prezzo":"170,10&nbsp;&euro;","Disponibilit\u00e0":"In stock"},"schema":{"@context":"https:\/\/schema.org","@graph":[{"@type":"WebPage","@id":"https:\/\/cozyanddozy.com\/it\/prodotto\/set-tipi-stripes-tipi-in-stripes-pattern-con-parrucche-e-mat\/","url":"https:\/\/cozyanddozy.com\/it\/prodotto\/set-tipi-stripes-tipi-in-stripes-pattern-con-parrucche-e-mat\/","name":"Set Tipi Stripes, Tipi a righe con cuscini e materassino - Cozy &amp; Dozy","isPartOf":{"@id":"https:\/\/cozyanddozy.com\/it\/#website"},"primaryImageOfPage":{"@id":"https:\/\/cozyanddozy.com\/it\/prodotto\/set-tipi-stripes-tipi-in-stripes-pattern-con-parrucche-e-mat\/#primaryimage"},"image":{"@id":"https:\/\/cozyanddozy.com\/it\/prodotto\/set-tipi-stripes-tipi-in-stripes-pattern-con-parrucche-e-mat\/#primaryimage"},"thumbnailUrl":"https:\/\/cozyanddozy.com\/it\/wp-content\/uploads\/2023\/02\/pp-1248.jpg","datePublished":"2017-10-20T08:15:33+00:00","dateModified":"2024-02-07T09:04:20+00:00","description":"La tenda Tipi a strisce \u00e8 realizzata in robusta tela e cotone a strisce bianche e nere.Set Teepee con due cuscini, tappetino morbido, stabilizzatore e bastoncini di pino.","breadcrumb":{"@id":"https:\/\/cozyanddozy.com\/it\/prodotto\/set-tipi-stripes-tipi-in-stripes-pattern-con-parrucche-e-mat\/#breadcrumb"},"inLanguage":"it-IT","potentialAction":[{"@type":"ReadAction","target":["https:\/\/cozyanddozy.com\/it\/prodotto\/set-tipi-stripes-tipi-in-stripes-pattern-con-parrucche-e-mat\/"]}]},{"@type":"ImageObject","inLanguage":"it-IT","@id":"https:\/\/cozyanddozy.com\/it\/prodotto\/set-tipi-stripes-tipi-in-stripes-pattern-con-parrucche-e-mat\/#primaryimage","url":"https:\/\/cozyanddozy.com\/it\/wp-content\/uploads\/2023\/02\/pp-1248.jpg","contentUrl":"https:\/\/cozyanddozy.com\/it\/wp-content\/uploads\/2023\/02\/pp-1248.jpg","width":1200,"height":1200},{"@type":"BreadcrumbList","@id":"https:\/\/cozyanddozy.com\/it\/prodotto\/set-tipi-stripes-tipi-in-stripes-pattern-con-parrucche-e-mat\/#breadcrumb","itemListElement":[{"@type":"ListItem","position":1,"name":"Home","item":"https:\/\/cozyanddozy.com\/it\/"},{"@type":"ListItem","position":2,"name":"Negozio","item":"https:\/\/cozyanddozy.com\/it\/negozio\/"},{"@type":"ListItem","position":3,"name":"Set Tipi Stripes, Tipi a righe con cuscini e materassino"}]},{"@type":"WebSite","@id":"https:\/\/cozyanddozy.com\/it\/#website","url":"https:\/\/cozyanddozy.com\/it\/","name":"Cozy & Dozy","description":"","potentialAction":[{"@type":"SearchAction","target":{"@type":"EntryPoint","urlTemplate":"https:\/\/cozyanddozy.com\/it\/?s={search_term_string}"},"query-input":{"@type":"PropertyValueSpecification","valueRequired":true,"valueName":"search_term_string"}}],"inLanguage":"it-IT"}]},"product_price_amount":"170.10","product_price_currency":"EUR","og_availability":"instock","product_availability":"instock","product_retailer_item_id":"5902701490065","product_condition":"new"},"_links":{"self":[{"href":"https:\/\/cozyanddozy.com\/it\/wp-json\/wp\/v2\/product\/404","targetHints":{"allow":["GET"]}}],"collection":[{"href":"https:\/\/cozyanddozy.com\/it\/wp-json\/wp\/v2\/product"}],"about":[{"href":"https:\/\/cozyanddozy.com\/it\/wp-json\/wp\/v2\/types\/product"}],"replies":[{"embeddable":true,"href":"https:\/\/cozyanddozy.com\/it\/wp-json\/wp\/v2\/comments?post=404"}],"wp:featuredmedia":[{"embeddable":true,"href":"https:\/\/cozyanddozy.com\/it\/wp-json\/wp\/v2\/media\/405"}],"wp:attachment":[{"href":"https:\/\/cozyanddozy.com\/it\/wp-json\/wp\/v2\/media?parent=404"}],"wp:term":[{"taxonomy":"product_brand","embeddable":true,"href":"https:\/\/cozyanddozy.com\/it\/wp-json\/wp\/v2\/product_brand?post=404"},{"taxonomy":"product_cat","embeddable":true,"href":"https:\/\/cozyanddozy.com\/it\/wp-json\/wp\/v2\/product_cat?post=404"},{"taxonomy":"product_tag","embeddable":true,"href":"https:\/\/cozyanddozy.com\/it\/wp-json\/wp\/v2\/product_tag?post=404"}],"curies":[{"name":"wp","href":"https:\/\/api.w.org\/{rel}","templated":true}]}}