{"id":385,"date":"2017-10-11T08:46:33","date_gmt":"2017-10-11T07:46:33","guid":{"rendered":"https:\/\/cozyanddozy.com\/it\/product\/pink-tipi-for-girl-tent-with-pom-poms-pink\/"},"modified":"2024-02-07T09:04:20","modified_gmt":"2024-02-07T09:04:20","slug":"rosa-tipi-per-ragazza-tenda-con-pom-pom-rosa","status":"publish","type":"product","link":"https:\/\/cozyanddozy.com\/it\/prodotto\/rosa-tipi-per-ragazza-tenda-con-pom-pom-rosa\/","title":{"rendered":"Tipi rosa per bambina, tenda con pom pom ROSA"},"content":{"rendered":"<h3>Teepee rosa per bambina, tenda con pon pon<\/h3>\n<p>Il delicato Tipi indiano per la camera dei bambini della serie Pink di Cozy &amp; Dozy \u00e8 un luogo accogliente dove giocare,<\/p>\n<p>La tela naturale \u00e8 stata ricoperta da un materiale rosa chiaro e la tenda della finestra \u00e8 stata ornata da un nastro rosa. Ingresso della tenda decorato con nastro rosa e fiocchi di pom pom. Questo grazioso Tipi rosa per la camera di una bambina, ma anche per una stanza dei giochi appartata in salotto o all&#8217;aperto.<\/p>\n<p>Il nido del beb\u00e8 \u00e8 cucito a mano in un tessuto di cotone naturale, leggero e piacevole al tatto, che pu\u00f2 essere lavato in lavatrice. Durante i giochi in cortile, la tenda indiana per bambini offre un&#8217;eccellente protezione dai raggi solari e dal vento. All&#8217;interno della tenda per bambini ci sono due ampie tasche, che contengono i tesori dei bambini, e una finestra con tende regolabili, che pu\u00f2 essere utilizzata per coprire l&#8217;interno della tenda per bambini.<\/p>\n<p>I Tipi Cozy &amp; Dozy sono realizzati con tecnica artigianale, con grande precisione e cura. In questo modo ogni tenda per il vostro bambino \u00e8 unica e siete sicuri di ottenere la migliore qualit\u00e0.<\/p>\n<h3>Il Tipi rosa di Cozy &amp; Dozy comprende:<\/h3>\n<ul>\n<li>tenda teepee<\/li>\n<li>4 bastoncini di legno di pino naturale (cornice)<\/li>\n<li>copertura per tenda (con maniglia e coulisse cucite)<\/li>\n<\/ul>\n<p>I modelli rosa sono inclusi nel set con tappetino per il pavimento e cuscini.<\/p>\n<h3>Dimensioni:<\/h3>\n<ul>\n<li>Altezza (con bastoni) da aperto: 150 cm<\/li>\n<li>Altezza (con bastoni) dopo il montaggio: 170 cm<\/li>\n<li>Superficie del pavimento: circa. 110 \u00d7 110 cm<\/li>\n<\/ul>\n<p>Ho una dimensione di 2-3 bambini. Una volta piegato, pu\u00f2 essere riposto in una custodia di cotone con maniglia che fa parte del set.<\/p>\n<h3>Composizione:<\/h3>\n<ul>\n<li>100% Cotton,Certified by and CE certified<\/li>\n<\/ul>\n<p>I tessuti che compongono le nostre tende provengono dall&#8217;Europa e hanno certificati che ne attestano la sicurezza per i bambini. Il Tipi \u00e8 stato realizzato in Polonia.<\/p>\n<h3>Metodo di cura:<\/h3>\n<ul>\n<li>Lavabile in lavatrice a 40 gradi,<\/li>\n<li>filatura &#8211; 800 giri<\/li>\n<li>Non candeggiare<\/li>\n<\/ul>\n<p>Tempi di consegna: 1-2 giorni lavorativi<\/p>\n<p>Saremo lieti di realizzare Tipi appositamente per voi, secondo la vostra idea. Contattaci e scopri di pi\u00f9.<\/p>\n","protected":false},"excerpt":{"rendered":"<p><strong><span class=\"hps\">Tenda per bambini,<\/span> <span class=\"hps\">Tepee <\/span><span class=\"hps\">serie PINK<\/span><\/strong> <span class=\"hps\">\u00e8 il luogo perfetto<\/span> <span class=\"hps\">per giocare.<\/span> <span class=\"hps\">Nel set:<\/span> <span class=\"hps\">teepee<\/span>, <span class=\"hps\">copertura<\/span> <span class=\"hps\">per la tenda<\/span>, <span class=\"hps\">4<\/span> <span class=\"hps\">pini<\/span> <span class=\"hps\">bastoncini<\/span>.<\/p>\n","protected":false},"featured_media":386,"comment_status":"open","ping_status":"closed","template":"","meta":[],"product_brand":[],"product_cat":[16],"product_tag":[],"class_list":{"0":"post-385","1":"product","2":"type-product","3":"status-publish","4":"has-post-thumbnail","6":"product_cat-tende-tipi-per-bambini","8":"first","9":"instock","10":"sale","11":"product-type-simple"},"yoast_head":"<!-- This site is optimized with the Yoast SEO Premium plugin v21.9 (Yoast SEO v27.0) - https:\/\/yoast.com\/product\/yoast-seo-premium-wordpress\/ -->\n<title>Tipi rosa per bambina, tenda con pom pom ROSA - Cozy &amp; Dozy<\/title>\n<meta name=\"robots\" content=\"index, follow, max-snippet:-1, max-image-preview:large, max-video-preview:-1\" \/>\n<link rel=\"canonical\" href=\"https:\/\/cozyanddozy.com\/it\/prodotto\/rosa-tipi-per-ragazza-tenda-con-pom-pom-rosa\/\" \/>\n<meta property=\"og:locale\" content=\"it_IT\" \/>\n<meta property=\"og:type\" content=\"article\" \/>\n<meta property=\"og:title\" content=\"Tipi rosa per bambina, tenda con pom pom ROSA\" \/>\n<meta property=\"og:description\" content=\"Tenda per bambini, Tepee serie PINK \u00e8 il luogo perfetto per giocare. Nel set: teepee, copertura per la tenda, 4 pini bastoncini.\" \/>\n<meta property=\"og:url\" content=\"https:\/\/cozyanddozy.com\/it\/prodotto\/rosa-tipi-per-ragazza-tenda-con-pom-pom-rosa\/\" \/>\n<meta property=\"og:site_name\" content=\"Cozy &amp; Dozy\" \/>\n<meta property=\"article:modified_time\" content=\"2024-02-07T09:04:20+00:00\" \/>\n<meta property=\"og:image\" content=\"https:\/\/cozyanddozy.com\/it\/wp-content\/uploads\/2023\/02\/pp-1090.jpg\" \/>\n\t<meta property=\"og:image:width\" content=\"1200\" \/>\n\t<meta property=\"og:image:height\" content=\"1200\" \/>\n\t<meta property=\"og:image:type\" content=\"image\/jpeg\" \/>\n<meta name=\"twitter:card\" content=\"summary_large_image\" \/>\n<meta name=\"twitter:label1\" content=\"Prezzo\" \/>\n\t<meta name=\"twitter:data1\" content=\"81,00&nbsp;&euro;\" \/>\n\t<meta name=\"twitter:label2\" content=\"Disponibilit\u00e0\" \/>\n\t<meta name=\"twitter:data2\" content=\"In stock\" \/>\n<script type=\"application\/ld+json\" class=\"yoast-schema-graph\">{\"@context\":\"https:\/\/schema.org\",\"@graph\":[{\"@type\":\"WebPage\",\"@id\":\"https:\/\/cozyanddozy.com\/it\/prodotto\/rosa-tipi-per-ragazza-tenda-con-pom-pom-rosa\/\",\"url\":\"https:\/\/cozyanddozy.com\/it\/prodotto\/rosa-tipi-per-ragazza-tenda-con-pom-pom-rosa\/\",\"name\":\"Tipi rosa per bambina, tenda con pom pom ROSA - Cozy & Dozy\",\"isPartOf\":{\"@id\":\"https:\/\/cozyanddozy.com\/it\/#website\"},\"primaryImageOfPage\":{\"@id\":\"https:\/\/cozyanddozy.com\/it\/prodotto\/rosa-tipi-per-ragazza-tenda-con-pom-pom-rosa\/#primaryimage\"},\"image\":{\"@id\":\"https:\/\/cozyanddozy.com\/it\/prodotto\/rosa-tipi-per-ragazza-tenda-con-pom-pom-rosa\/#primaryimage\"},\"thumbnailUrl\":\"https:\/\/cozyanddozy.com\/it\/wp-content\/uploads\/2023\/02\/pp-1090.jpg\",\"datePublished\":\"2017-10-11T07:46:33+00:00\",\"dateModified\":\"2024-02-07T09:04:20+00:00\",\"breadcrumb\":{\"@id\":\"https:\/\/cozyanddozy.com\/it\/prodotto\/rosa-tipi-per-ragazza-tenda-con-pom-pom-rosa\/#breadcrumb\"},\"inLanguage\":\"it-IT\",\"potentialAction\":[{\"@type\":\"ReadAction\",\"target\":[\"https:\/\/cozyanddozy.com\/it\/prodotto\/rosa-tipi-per-ragazza-tenda-con-pom-pom-rosa\/\"]}]},{\"@type\":\"ImageObject\",\"inLanguage\":\"it-IT\",\"@id\":\"https:\/\/cozyanddozy.com\/it\/prodotto\/rosa-tipi-per-ragazza-tenda-con-pom-pom-rosa\/#primaryimage\",\"url\":\"https:\/\/cozyanddozy.com\/it\/wp-content\/uploads\/2023\/02\/pp-1090.jpg\",\"contentUrl\":\"https:\/\/cozyanddozy.com\/it\/wp-content\/uploads\/2023\/02\/pp-1090.jpg\",\"width\":1200,\"height\":1200},{\"@type\":\"BreadcrumbList\",\"@id\":\"https:\/\/cozyanddozy.com\/it\/prodotto\/rosa-tipi-per-ragazza-tenda-con-pom-pom-rosa\/#breadcrumb\",\"itemListElement\":[{\"@type\":\"ListItem\",\"position\":1,\"name\":\"Home\",\"item\":\"https:\/\/cozyanddozy.com\/it\/\"},{\"@type\":\"ListItem\",\"position\":2,\"name\":\"Negozio\",\"item\":\"https:\/\/cozyanddozy.com\/it\/negozio\/\"},{\"@type\":\"ListItem\",\"position\":3,\"name\":\"Tipi rosa per bambina, tenda con pom pom ROSA\"}]},{\"@type\":\"WebSite\",\"@id\":\"https:\/\/cozyanddozy.com\/it\/#website\",\"url\":\"https:\/\/cozyanddozy.com\/it\/\",\"name\":\"Cozy & Dozy\",\"description\":\"\",\"potentialAction\":[{\"@type\":\"SearchAction\",\"target\":{\"@type\":\"EntryPoint\",\"urlTemplate\":\"https:\/\/cozyanddozy.com\/it\/?s={search_term_string}\"},\"query-input\":{\"@type\":\"PropertyValueSpecification\",\"valueRequired\":true,\"valueName\":\"search_term_string\"}}],\"inLanguage\":\"it-IT\"}]}<\/script>\n<meta property=\"product:price:amount\" content=\"81.00\" \/>\n<meta property=\"product:price:currency\" content=\"EUR\" \/>\n<meta property=\"og:availability\" content=\"instock\" \/>\n<meta property=\"product:availability\" content=\"instock\" \/>\n<meta property=\"product:retailer_item_id\" content=\"5902701492632\" \/>\n<meta property=\"product:condition\" content=\"new\" \/>\n<!-- \/ Yoast SEO Premium plugin. -->","yoast_head_json":{"title":"Tipi rosa per bambina, tenda con pom pom ROSA - Cozy & Dozy","robots":{"index":"index","follow":"follow","max-snippet":"max-snippet:-1","max-image-preview":"max-image-preview:large","max-video-preview":"max-video-preview:-1"},"canonical":"https:\/\/cozyanddozy.com\/it\/prodotto\/rosa-tipi-per-ragazza-tenda-con-pom-pom-rosa\/","og_locale":"it_IT","og_type":"article","og_title":"Tipi rosa per bambina, tenda con pom pom ROSA","og_description":"Tenda per bambini, Tepee serie PINK \u00e8 il luogo perfetto per giocare. Nel set: teepee, copertura per la tenda, 4 pini bastoncini.","og_url":"https:\/\/cozyanddozy.com\/it\/prodotto\/rosa-tipi-per-ragazza-tenda-con-pom-pom-rosa\/","og_site_name":"Cozy &amp; Dozy","article_modified_time":"2024-02-07T09:04:20+00:00","og_image":[{"width":1200,"height":1200,"url":"https:\/\/cozyanddozy.com\/it\/wp-content\/uploads\/2023\/02\/pp-1090.jpg","type":"image\/jpeg"}],"twitter_card":"summary_large_image","twitter_misc":{"Prezzo":"81,00&nbsp;&euro;","Disponibilit\u00e0":"In stock"},"schema":{"@context":"https:\/\/schema.org","@graph":[{"@type":"WebPage","@id":"https:\/\/cozyanddozy.com\/it\/prodotto\/rosa-tipi-per-ragazza-tenda-con-pom-pom-rosa\/","url":"https:\/\/cozyanddozy.com\/it\/prodotto\/rosa-tipi-per-ragazza-tenda-con-pom-pom-rosa\/","name":"Tipi rosa per bambina, tenda con pom pom ROSA - Cozy & Dozy","isPartOf":{"@id":"https:\/\/cozyanddozy.com\/it\/#website"},"primaryImageOfPage":{"@id":"https:\/\/cozyanddozy.com\/it\/prodotto\/rosa-tipi-per-ragazza-tenda-con-pom-pom-rosa\/#primaryimage"},"image":{"@id":"https:\/\/cozyanddozy.com\/it\/prodotto\/rosa-tipi-per-ragazza-tenda-con-pom-pom-rosa\/#primaryimage"},"thumbnailUrl":"https:\/\/cozyanddozy.com\/it\/wp-content\/uploads\/2023\/02\/pp-1090.jpg","datePublished":"2017-10-11T07:46:33+00:00","dateModified":"2024-02-07T09:04:20+00:00","breadcrumb":{"@id":"https:\/\/cozyanddozy.com\/it\/prodotto\/rosa-tipi-per-ragazza-tenda-con-pom-pom-rosa\/#breadcrumb"},"inLanguage":"it-IT","potentialAction":[{"@type":"ReadAction","target":["https:\/\/cozyanddozy.com\/it\/prodotto\/rosa-tipi-per-ragazza-tenda-con-pom-pom-rosa\/"]}]},{"@type":"ImageObject","inLanguage":"it-IT","@id":"https:\/\/cozyanddozy.com\/it\/prodotto\/rosa-tipi-per-ragazza-tenda-con-pom-pom-rosa\/#primaryimage","url":"https:\/\/cozyanddozy.com\/it\/wp-content\/uploads\/2023\/02\/pp-1090.jpg","contentUrl":"https:\/\/cozyanddozy.com\/it\/wp-content\/uploads\/2023\/02\/pp-1090.jpg","width":1200,"height":1200},{"@type":"BreadcrumbList","@id":"https:\/\/cozyanddozy.com\/it\/prodotto\/rosa-tipi-per-ragazza-tenda-con-pom-pom-rosa\/#breadcrumb","itemListElement":[{"@type":"ListItem","position":1,"name":"Home","item":"https:\/\/cozyanddozy.com\/it\/"},{"@type":"ListItem","position":2,"name":"Negozio","item":"https:\/\/cozyanddozy.com\/it\/negozio\/"},{"@type":"ListItem","position":3,"name":"Tipi rosa per bambina, tenda con pom pom ROSA"}]},{"@type":"WebSite","@id":"https:\/\/cozyanddozy.com\/it\/#website","url":"https:\/\/cozyanddozy.com\/it\/","name":"Cozy & Dozy","description":"","potentialAction":[{"@type":"SearchAction","target":{"@type":"EntryPoint","urlTemplate":"https:\/\/cozyanddozy.com\/it\/?s={search_term_string}"},"query-input":{"@type":"PropertyValueSpecification","valueRequired":true,"valueName":"search_term_string"}}],"inLanguage":"it-IT"}]},"product_price_amount":"81.00","product_price_currency":"EUR","og_availability":"instock","product_availability":"instock","product_retailer_item_id":"5902701492632","product_condition":"new"},"_links":{"self":[{"href":"https:\/\/cozyanddozy.com\/it\/wp-json\/wp\/v2\/product\/385","targetHints":{"allow":["GET"]}}],"collection":[{"href":"https:\/\/cozyanddozy.com\/it\/wp-json\/wp\/v2\/product"}],"about":[{"href":"https:\/\/cozyanddozy.com\/it\/wp-json\/wp\/v2\/types\/product"}],"replies":[{"embeddable":true,"href":"https:\/\/cozyanddozy.com\/it\/wp-json\/wp\/v2\/comments?post=385"}],"wp:featuredmedia":[{"embeddable":true,"href":"https:\/\/cozyanddozy.com\/it\/wp-json\/wp\/v2\/media\/386"}],"wp:attachment":[{"href":"https:\/\/cozyanddozy.com\/it\/wp-json\/wp\/v2\/media?parent=385"}],"wp:term":[{"taxonomy":"product_brand","embeddable":true,"href":"https:\/\/cozyanddozy.com\/it\/wp-json\/wp\/v2\/product_brand?post=385"},{"taxonomy":"product_cat","embeddable":true,"href":"https:\/\/cozyanddozy.com\/it\/wp-json\/wp\/v2\/product_cat?post=385"},{"taxonomy":"product_tag","embeddable":true,"href":"https:\/\/cozyanddozy.com\/it\/wp-json\/wp\/v2\/product_tag?post=385"}],"curies":[{"name":"wp","href":"https:\/\/api.w.org\/{rel}","templated":true}]}}