{"id":379,"date":"2017-08-13T12:03:06","date_gmt":"2017-08-13T11:03:06","guid":{"rendered":"https:\/\/cozyanddozy.com\/it\/product\/kids-tipi-tent-with-pom-poms-grey\/"},"modified":"2024-02-07T09:04:20","modified_gmt":"2024-02-07T09:04:20","slug":"bambini-tipi-tenda-con-pom-pom-grigio","status":"publish","type":"product","link":"https:\/\/cozyanddozy.com\/it\/prodotto\/bambini-tipi-tenda-con-pom-pom-grigio\/","title":{"rendered":"Tenda per bambini con pom pom &#8211; Grigio"},"content":{"rendered":"<p><img decoding=\"async\" class=\"alignright size-large\" src=\"https:\/\/cozyanddozy.com\/it\/wp-content\/uploads\/2023\/02\/pp-1399.jpg\" alt=\"tipi grey\" width=\"600\" height=\"600\" \/>L&#8217;adorabile tenda da gioco a soffietto Grey di Cozy &amp; Dozy \u00e8 un rifugio da sogno e confortevole per i vostri bambini. Il simpatico design unisex rende questa capanna in tessuto un regalo perfetto per un bambino o una bambina.<\/p>\n<p>La tenda \u00e8 realizzata in morbida tela di cotone di colore naturale mista a tessuto grigio. L&#8217;apertura frontale \u00e8 ornata da piccoli pompon grigi. Il design semplicistico scandinavo rende questo tipo di tipi moderno e crea uno spazio perfetto per i bambini in camera da letto, in soggiorno o in giardino.<\/p>\n<p>La struttura robusta con guscio esterno in cotone di qualit\u00e0 garantisce un gioco sicuro e confortevole. \u00c8 un accogliente nascondiglio per il vostro piccolo in casa e in giardino. Il Teepee ha anche una finestra per aggiungere luce e 2 tasche interne per i giocattoli e i libri .<\/p>\n<p>Il Tipi \u00e8 realizzato a mano con un&#8217;attenzione particolare ad ogni dettaglio. Ogni tenda \u00e8 originale e unica. Potete essere certi di ricevere un prodotto della migliore qualit\u00e0 .<\/p>\n<h2>La dotazione della tenda per bambini Grey di Cozy &amp; Dozy comprende:<\/h2>\n<ul>\n<li>tenda Tipi<\/li>\n<li>4 pali in legno di pino naturale (telaio)<\/li>\n<li>custodia in tela (con manico annodato e coulisse)<\/li>\n<\/ul>\n<p>Disponibile anche in set con materassino e cuscini.<\/p>\n","protected":false},"excerpt":{"rendered":"<p>L&#8217;adorabile tenda da gioco Grey di COZY &amp; DOZY \u00e8 una fuga da sogno e confortevole per i vostri bambini. Il simpatico design unisex rende questa capanna in tessuto un regalo perfetto per un bambino o una bambina.<\/p>\n","protected":false},"featured_media":380,"comment_status":"open","ping_status":"closed","template":"","meta":[],"product_brand":[],"product_cat":[16],"product_tag":[24],"class_list":{"0":"post-379","1":"product","2":"type-product","3":"status-publish","4":"has-post-thumbnail","6":"product_cat-tende-tipi-per-bambini","7":"product_tag-pla","9":"first","10":"outofstock","11":"sale","12":"product-type-simple"},"yoast_head":"<!-- This site is optimized with the Yoast SEO Premium plugin v21.9 (Yoast SEO v27.0) - https:\/\/yoast.com\/product\/yoast-seo-premium-wordpress\/ -->\n<title>Tenda per bambini con pom pom - Grigio - Cozy &amp; Dozy<\/title>\n<meta name=\"description\" content=\"L&#039;adorabile tenda da gioco Tipi Grey di COZY &amp; DOZY \u00e8 una fuga da sogno e confortevole per i vostri bambini. Il simpatico design unisex rende questa capanna in tessuto un regalo perfetto per un bambino o una bambina.\" \/>\n<meta name=\"robots\" content=\"index, follow, max-snippet:-1, max-image-preview:large, max-video-preview:-1\" \/>\n<link rel=\"canonical\" href=\"https:\/\/cozyanddozy.com\/it\/prodotto\/bambini-tipi-tenda-con-pom-pom-grigio\/\" \/>\n<meta property=\"og:locale\" content=\"it_IT\" \/>\n<meta property=\"og:type\" content=\"article\" \/>\n<meta property=\"og:title\" content=\"Tenda per bambini con pom pom - Grigio\" \/>\n<meta property=\"og:description\" content=\"L&#039;adorabile tenda da gioco Tipi Grey di COZY &amp; DOZY \u00e8 una fuga da sogno e confortevole per i vostri bambini. Il simpatico design unisex rende questa capanna in tessuto un regalo perfetto per un bambino o una bambina.\" \/>\n<meta property=\"og:url\" content=\"https:\/\/cozyanddozy.com\/it\/prodotto\/bambini-tipi-tenda-con-pom-pom-grigio\/\" \/>\n<meta property=\"og:site_name\" content=\"Cozy &amp; Dozy\" \/>\n<meta property=\"article:modified_time\" content=\"2024-02-07T09:04:20+00:00\" \/>\n<meta property=\"og:image\" content=\"https:\/\/cozyanddozy.com\/it\/wp-content\/uploads\/2023\/02\/pp-1399.jpg\" \/>\n\t<meta property=\"og:image:width\" content=\"1200\" \/>\n\t<meta property=\"og:image:height\" content=\"1200\" \/>\n\t<meta property=\"og:image:type\" content=\"image\/jpeg\" \/>\n<meta name=\"twitter:card\" content=\"summary_large_image\" \/>\n<meta name=\"twitter:label1\" content=\"Prezzo\" \/>\n\t<meta name=\"twitter:data1\" content=\"81,00&nbsp;&euro;\" \/>\n\t<meta name=\"twitter:label2\" content=\"Disponibilit\u00e0\" \/>\n\t<meta name=\"twitter:data2\" content=\"Esaurito\" \/>\n<script type=\"application\/ld+json\" class=\"yoast-schema-graph\">{\"@context\":\"https:\/\/schema.org\",\"@graph\":[{\"@type\":\"WebPage\",\"@id\":\"https:\/\/cozyanddozy.com\/it\/prodotto\/bambini-tipi-tenda-con-pom-pom-grigio\/\",\"url\":\"https:\/\/cozyanddozy.com\/it\/prodotto\/bambini-tipi-tenda-con-pom-pom-grigio\/\",\"name\":\"Tenda per bambini con pom pom - Grigio - Cozy &amp; Dozy\",\"isPartOf\":{\"@id\":\"https:\/\/cozyanddozy.com\/it\/#website\"},\"primaryImageOfPage\":{\"@id\":\"https:\/\/cozyanddozy.com\/it\/prodotto\/bambini-tipi-tenda-con-pom-pom-grigio\/#primaryimage\"},\"image\":{\"@id\":\"https:\/\/cozyanddozy.com\/it\/prodotto\/bambini-tipi-tenda-con-pom-pom-grigio\/#primaryimage\"},\"thumbnailUrl\":\"https:\/\/cozyanddozy.com\/it\/wp-content\/uploads\/2023\/02\/pp-1399.jpg\",\"datePublished\":\"2017-08-13T11:03:06+00:00\",\"dateModified\":\"2024-02-07T09:04:20+00:00\",\"description\":\"L'adorabile tenda da gioco Tipi Grey di COZY & DOZY \u00e8 una fuga da sogno e confortevole per i vostri bambini. Il simpatico design unisex rende questa capanna in tessuto un regalo perfetto per un bambino o una bambina.\",\"breadcrumb\":{\"@id\":\"https:\/\/cozyanddozy.com\/it\/prodotto\/bambini-tipi-tenda-con-pom-pom-grigio\/#breadcrumb\"},\"inLanguage\":\"it-IT\",\"potentialAction\":[{\"@type\":\"ReadAction\",\"target\":[\"https:\/\/cozyanddozy.com\/it\/prodotto\/bambini-tipi-tenda-con-pom-pom-grigio\/\"]}]},{\"@type\":\"ImageObject\",\"inLanguage\":\"it-IT\",\"@id\":\"https:\/\/cozyanddozy.com\/it\/prodotto\/bambini-tipi-tenda-con-pom-pom-grigio\/#primaryimage\",\"url\":\"https:\/\/cozyanddozy.com\/it\/wp-content\/uploads\/2023\/02\/pp-1399.jpg\",\"contentUrl\":\"https:\/\/cozyanddozy.com\/it\/wp-content\/uploads\/2023\/02\/pp-1399.jpg\",\"width\":1200,\"height\":1200},{\"@type\":\"BreadcrumbList\",\"@id\":\"https:\/\/cozyanddozy.com\/it\/prodotto\/bambini-tipi-tenda-con-pom-pom-grigio\/#breadcrumb\",\"itemListElement\":[{\"@type\":\"ListItem\",\"position\":1,\"name\":\"Home\",\"item\":\"https:\/\/cozyanddozy.com\/it\/\"},{\"@type\":\"ListItem\",\"position\":2,\"name\":\"Negozio\",\"item\":\"https:\/\/cozyanddozy.com\/it\/negozio\/\"},{\"@type\":\"ListItem\",\"position\":3,\"name\":\"Tenda per bambini con pom pom &#8211; Grigio\"}]},{\"@type\":\"WebSite\",\"@id\":\"https:\/\/cozyanddozy.com\/it\/#website\",\"url\":\"https:\/\/cozyanddozy.com\/it\/\",\"name\":\"Cozy & Dozy\",\"description\":\"\",\"potentialAction\":[{\"@type\":\"SearchAction\",\"target\":{\"@type\":\"EntryPoint\",\"urlTemplate\":\"https:\/\/cozyanddozy.com\/it\/?s={search_term_string}\"},\"query-input\":{\"@type\":\"PropertyValueSpecification\",\"valueRequired\":true,\"valueName\":\"search_term_string\"}}],\"inLanguage\":\"it-IT\"}]}<\/script>\n<meta property=\"product:price:amount\" content=\"81.00\" \/>\n<meta property=\"product:price:currency\" content=\"EUR\" \/>\n<meta property=\"og:availability\" content=\"out of stock\" \/>\n<meta property=\"product:availability\" content=\"out of stock\" \/>\n<meta property=\"product:retailer_item_id\" content=\"5902701491192\" \/>\n<meta property=\"product:condition\" content=\"new\" \/>\n<!-- \/ Yoast SEO Premium plugin. -->","yoast_head_json":{"title":"Tenda per bambini con pom pom - Grigio - Cozy &amp; Dozy","description":"L'adorabile tenda da gioco Tipi Grey di COZY & DOZY \u00e8 una fuga da sogno e confortevole per i vostri bambini. Il simpatico design unisex rende questa capanna in tessuto un regalo perfetto per un bambino o una bambina.","robots":{"index":"index","follow":"follow","max-snippet":"max-snippet:-1","max-image-preview":"max-image-preview:large","max-video-preview":"max-video-preview:-1"},"canonical":"https:\/\/cozyanddozy.com\/it\/prodotto\/bambini-tipi-tenda-con-pom-pom-grigio\/","og_locale":"it_IT","og_type":"article","og_title":"Tenda per bambini con pom pom - Grigio","og_description":"L'adorabile tenda da gioco Tipi Grey di COZY & DOZY \u00e8 una fuga da sogno e confortevole per i vostri bambini. Il simpatico design unisex rende questa capanna in tessuto un regalo perfetto per un bambino o una bambina.","og_url":"https:\/\/cozyanddozy.com\/it\/prodotto\/bambini-tipi-tenda-con-pom-pom-grigio\/","og_site_name":"Cozy &amp; Dozy","article_modified_time":"2024-02-07T09:04:20+00:00","og_image":[{"width":1200,"height":1200,"url":"https:\/\/cozyanddozy.com\/it\/wp-content\/uploads\/2023\/02\/pp-1399.jpg","type":"image\/jpeg"}],"twitter_card":"summary_large_image","twitter_misc":{"Prezzo":"81,00&nbsp;&euro;","Disponibilit\u00e0":"Esaurito"},"schema":{"@context":"https:\/\/schema.org","@graph":[{"@type":"WebPage","@id":"https:\/\/cozyanddozy.com\/it\/prodotto\/bambini-tipi-tenda-con-pom-pom-grigio\/","url":"https:\/\/cozyanddozy.com\/it\/prodotto\/bambini-tipi-tenda-con-pom-pom-grigio\/","name":"Tenda per bambini con pom pom - Grigio - Cozy &amp; Dozy","isPartOf":{"@id":"https:\/\/cozyanddozy.com\/it\/#website"},"primaryImageOfPage":{"@id":"https:\/\/cozyanddozy.com\/it\/prodotto\/bambini-tipi-tenda-con-pom-pom-grigio\/#primaryimage"},"image":{"@id":"https:\/\/cozyanddozy.com\/it\/prodotto\/bambini-tipi-tenda-con-pom-pom-grigio\/#primaryimage"},"thumbnailUrl":"https:\/\/cozyanddozy.com\/it\/wp-content\/uploads\/2023\/02\/pp-1399.jpg","datePublished":"2017-08-13T11:03:06+00:00","dateModified":"2024-02-07T09:04:20+00:00","description":"L'adorabile tenda da gioco Tipi Grey di COZY & DOZY \u00e8 una fuga da sogno e confortevole per i vostri bambini. Il simpatico design unisex rende questa capanna in tessuto un regalo perfetto per un bambino o una bambina.","breadcrumb":{"@id":"https:\/\/cozyanddozy.com\/it\/prodotto\/bambini-tipi-tenda-con-pom-pom-grigio\/#breadcrumb"},"inLanguage":"it-IT","potentialAction":[{"@type":"ReadAction","target":["https:\/\/cozyanddozy.com\/it\/prodotto\/bambini-tipi-tenda-con-pom-pom-grigio\/"]}]},{"@type":"ImageObject","inLanguage":"it-IT","@id":"https:\/\/cozyanddozy.com\/it\/prodotto\/bambini-tipi-tenda-con-pom-pom-grigio\/#primaryimage","url":"https:\/\/cozyanddozy.com\/it\/wp-content\/uploads\/2023\/02\/pp-1399.jpg","contentUrl":"https:\/\/cozyanddozy.com\/it\/wp-content\/uploads\/2023\/02\/pp-1399.jpg","width":1200,"height":1200},{"@type":"BreadcrumbList","@id":"https:\/\/cozyanddozy.com\/it\/prodotto\/bambini-tipi-tenda-con-pom-pom-grigio\/#breadcrumb","itemListElement":[{"@type":"ListItem","position":1,"name":"Home","item":"https:\/\/cozyanddozy.com\/it\/"},{"@type":"ListItem","position":2,"name":"Negozio","item":"https:\/\/cozyanddozy.com\/it\/negozio\/"},{"@type":"ListItem","position":3,"name":"Tenda per bambini con pom pom &#8211; Grigio"}]},{"@type":"WebSite","@id":"https:\/\/cozyanddozy.com\/it\/#website","url":"https:\/\/cozyanddozy.com\/it\/","name":"Cozy & Dozy","description":"","potentialAction":[{"@type":"SearchAction","target":{"@type":"EntryPoint","urlTemplate":"https:\/\/cozyanddozy.com\/it\/?s={search_term_string}"},"query-input":{"@type":"PropertyValueSpecification","valueRequired":true,"valueName":"search_term_string"}}],"inLanguage":"it-IT"}]},"product_price_amount":"81.00","product_price_currency":"EUR","og_availability":"out of stock","product_availability":"out of stock","product_retailer_item_id":"5902701491192","product_condition":"new"},"_links":{"self":[{"href":"https:\/\/cozyanddozy.com\/it\/wp-json\/wp\/v2\/product\/379","targetHints":{"allow":["GET"]}}],"collection":[{"href":"https:\/\/cozyanddozy.com\/it\/wp-json\/wp\/v2\/product"}],"about":[{"href":"https:\/\/cozyanddozy.com\/it\/wp-json\/wp\/v2\/types\/product"}],"replies":[{"embeddable":true,"href":"https:\/\/cozyanddozy.com\/it\/wp-json\/wp\/v2\/comments?post=379"}],"wp:featuredmedia":[{"embeddable":true,"href":"https:\/\/cozyanddozy.com\/it\/wp-json\/wp\/v2\/media\/380"}],"wp:attachment":[{"href":"https:\/\/cozyanddozy.com\/it\/wp-json\/wp\/v2\/media?parent=379"}],"wp:term":[{"taxonomy":"product_brand","embeddable":true,"href":"https:\/\/cozyanddozy.com\/it\/wp-json\/wp\/v2\/product_brand?post=379"},{"taxonomy":"product_cat","embeddable":true,"href":"https:\/\/cozyanddozy.com\/it\/wp-json\/wp\/v2\/product_cat?post=379"},{"taxonomy":"product_tag","embeddable":true,"href":"https:\/\/cozyanddozy.com\/it\/wp-json\/wp\/v2\/product_tag?post=379"}],"curies":[{"name":"wp","href":"https:\/\/api.w.org\/{rel}","templated":true}]}}