{"id":376,"date":"2017-08-03T15:54:56","date_gmt":"2017-08-03T14:54:56","guid":{"rendered":"https:\/\/cozyanddozy.com\/it\/product\/kids-tipi-tent-aztec-6-pcs-set\/"},"modified":"2024-02-07T09:04:20","modified_gmt":"2024-02-07T09:04:20","slug":"kids-tipi-tent-aztec-6-pcs-set","status":"publish","type":"product","link":"https:\/\/cozyanddozy.com\/it\/prodotto\/kids-tipi-tent-aztec-6-pcs-set\/","title":{"rendered":"Tenda per bambini Aztec, set da 6 pezzi"},"content":{"rendered":"<p><img decoding=\"async\" class=\"alignright size-large\" src=\"https:\/\/cozyanddozy.com\/it\/wp-content\/uploads\/2023\/02\/pp-1497.jpg\" alt=\"tipi mexican\" width=\"530\" height=\"800\" \/>Gorgeous set with handmade tipi play tent Aztec by Cozy &amp; Dozyis a perfect space for children to play and relax. Adorable gift especially for a boy.<\/p>\n<p>Il Tipi \u00e8 realizzato in morbida tela beige e tessuto turchese a fantasia, splendidamente cuciti insieme. L&#8217;ingresso \u00e8 ornato da frange marroni in stile nativo indiano. Il tappetino di base grigio \u00e8 decorato con un distintivo a forma di cactus cucito. Due graziosi cuscini si adattano al set per colore e consistenza. La tenda Tipi con motivo etnico azteco \u00e8 perfetta soprattutto per una stanza a tema avventura. Questa casa tessile \u00e8 ottima anche per i bambini che amano stare all&#8217;aria aperta.<\/p>\n<p>Il Tipi \u00e8 realizzato in resistente cotone naturale, che resiste ad anni di gioco. Pu\u00f2 essere usato come schermo per il vento e il sole mentre si gioca in cortile. Il tappetino \u00e8 estremamente comodo per sedersi e dormire, e due cuscini super carini renderanno pi\u00f9 piacevole un pisolino quotidiano. La finestrella \u00e8 molto divertente, soprattutto quando i bambini amano giocare a &#8220;cuc\u00f9&#8221; \ud83d\ude42<\/p>\n<p>Le nostre tende da gioco sono fatte a mano, perch\u00e9 crediamo che i piccoli dettagli facciano la differenza. Ogni teepee \u00e8 unico. Si pu\u00f2 essere certi di ricevere un prodotto di alta qualit\u00e0.<\/p>\n<h3>La dotazione del set di tende per bambini Aztec di Cozy &amp; Dozy comprende:<\/h3>\n<ul>\n<li>tenda Tipi<\/li>\n<li>4 pali in legno di pino naturale (telaio)<\/li>\n<li>tappetino di base<\/li>\n<li>2 cuscini<\/li>\n<\/ul>\n<p>Disponibile anche senza tappetino e cuscini.<\/p>\n","protected":false},"excerpt":{"rendered":"<p>Splendido set con tenda da gioco artigianale AZTEC \u00e8 uno spazio perfetto per i bambini per giocare e rilassarsi. Un regalo adorabile soprattutto per un bambino.<\/p>\n","protected":false},"featured_media":377,"comment_status":"open","ping_status":"closed","template":"","meta":[],"product_brand":[],"product_cat":[16],"product_tag":[],"class_list":{"0":"post-376","1":"product","2":"type-product","3":"status-publish","4":"has-post-thumbnail","6":"product_cat-tende-tipi-per-bambini","8":"first","9":"instock","10":"sale","11":"product-type-simple"},"yoast_head":"<!-- This site is optimized with the Yoast SEO Premium plugin v21.9 (Yoast SEO v27.0) - https:\/\/yoast.com\/product\/yoast-seo-premium-wordpress\/ -->\n<title>Tenda per bambini Aztec, set da 6 pezzi - Cozy &amp; Dozy<\/title>\n<meta name=\"description\" content=\"Splendido set con tenda da gioco artigianale Aztec \u00e8 uno spazio perfetto per i bambini per giocare e rilassarsi. Un regalo adorabile soprattutto per un bambino.\" \/>\n<meta name=\"robots\" content=\"index, follow, max-snippet:-1, max-image-preview:large, max-video-preview:-1\" \/>\n<link rel=\"canonical\" href=\"https:\/\/cozyanddozy.com\/it\/prodotto\/kids-tipi-tent-aztec-6-pcs-set\/\" \/>\n<meta property=\"og:locale\" content=\"it_IT\" \/>\n<meta property=\"og:type\" content=\"article\" \/>\n<meta property=\"og:title\" content=\"Tenda per bambini Aztec, set da 6 pezzi\" \/>\n<meta property=\"og:description\" content=\"Splendido set con tenda da gioco artigianale Aztec \u00e8 uno spazio perfetto per i bambini per giocare e rilassarsi. Un regalo adorabile soprattutto per un bambino.\" \/>\n<meta property=\"og:url\" content=\"https:\/\/cozyanddozy.com\/it\/prodotto\/kids-tipi-tent-aztec-6-pcs-set\/\" \/>\n<meta property=\"og:site_name\" content=\"Cozy &amp; Dozy\" \/>\n<meta property=\"article:modified_time\" content=\"2024-02-07T09:04:20+00:00\" \/>\n<meta property=\"og:image\" content=\"https:\/\/cozyanddozy.com\/it\/wp-content\/uploads\/2023\/02\/pp-1497.jpg\" \/>\n\t<meta property=\"og:image:width\" content=\"1200\" \/>\n\t<meta property=\"og:image:height\" content=\"1200\" \/>\n\t<meta property=\"og:image:type\" content=\"image\/jpeg\" \/>\n<meta name=\"twitter:card\" content=\"summary_large_image\" \/>\n<meta name=\"twitter:label1\" content=\"Prezzo\" \/>\n\t<meta name=\"twitter:data1\" content=\"141,30&nbsp;&euro;\" \/>\n\t<meta name=\"twitter:label2\" content=\"Disponibilit\u00e0\" \/>\n\t<meta name=\"twitter:data2\" content=\"In stock\" \/>\n<script type=\"application\/ld+json\" class=\"yoast-schema-graph\">{\"@context\":\"https:\/\/schema.org\",\"@graph\":[{\"@type\":\"WebPage\",\"@id\":\"https:\/\/cozyanddozy.com\/it\/prodotto\/kids-tipi-tent-aztec-6-pcs-set\/\",\"url\":\"https:\/\/cozyanddozy.com\/it\/prodotto\/kids-tipi-tent-aztec-6-pcs-set\/\",\"name\":\"Tenda per bambini Aztec, set da 6 pezzi - Cozy &amp; Dozy\",\"isPartOf\":{\"@id\":\"https:\/\/cozyanddozy.com\/it\/#website\"},\"primaryImageOfPage\":{\"@id\":\"https:\/\/cozyanddozy.com\/it\/prodotto\/kids-tipi-tent-aztec-6-pcs-set\/#primaryimage\"},\"image\":{\"@id\":\"https:\/\/cozyanddozy.com\/it\/prodotto\/kids-tipi-tent-aztec-6-pcs-set\/#primaryimage\"},\"thumbnailUrl\":\"https:\/\/cozyanddozy.com\/it\/wp-content\/uploads\/2023\/02\/pp-1497.jpg\",\"datePublished\":\"2017-08-03T14:54:56+00:00\",\"dateModified\":\"2024-02-07T09:04:20+00:00\",\"description\":\"Splendido set con tenda da gioco artigianale Aztec \u00e8 uno spazio perfetto per i bambini per giocare e rilassarsi. Un regalo adorabile soprattutto per un bambino.\",\"breadcrumb\":{\"@id\":\"https:\/\/cozyanddozy.com\/it\/prodotto\/kids-tipi-tent-aztec-6-pcs-set\/#breadcrumb\"},\"inLanguage\":\"it-IT\",\"potentialAction\":[{\"@type\":\"ReadAction\",\"target\":[\"https:\/\/cozyanddozy.com\/it\/prodotto\/kids-tipi-tent-aztec-6-pcs-set\/\"]}]},{\"@type\":\"ImageObject\",\"inLanguage\":\"it-IT\",\"@id\":\"https:\/\/cozyanddozy.com\/it\/prodotto\/kids-tipi-tent-aztec-6-pcs-set\/#primaryimage\",\"url\":\"https:\/\/cozyanddozy.com\/it\/wp-content\/uploads\/2023\/02\/pp-1497.jpg\",\"contentUrl\":\"https:\/\/cozyanddozy.com\/it\/wp-content\/uploads\/2023\/02\/pp-1497.jpg\",\"width\":1200,\"height\":1200},{\"@type\":\"BreadcrumbList\",\"@id\":\"https:\/\/cozyanddozy.com\/it\/prodotto\/kids-tipi-tent-aztec-6-pcs-set\/#breadcrumb\",\"itemListElement\":[{\"@type\":\"ListItem\",\"position\":1,\"name\":\"Home\",\"item\":\"https:\/\/cozyanddozy.com\/it\/\"},{\"@type\":\"ListItem\",\"position\":2,\"name\":\"Negozio\",\"item\":\"https:\/\/cozyanddozy.com\/it\/negozio\/\"},{\"@type\":\"ListItem\",\"position\":3,\"name\":\"Tenda per bambini Aztec, set da 6 pezzi\"}]},{\"@type\":\"WebSite\",\"@id\":\"https:\/\/cozyanddozy.com\/it\/#website\",\"url\":\"https:\/\/cozyanddozy.com\/it\/\",\"name\":\"Cozy & Dozy\",\"description\":\"\",\"potentialAction\":[{\"@type\":\"SearchAction\",\"target\":{\"@type\":\"EntryPoint\",\"urlTemplate\":\"https:\/\/cozyanddozy.com\/it\/?s={search_term_string}\"},\"query-input\":{\"@type\":\"PropertyValueSpecification\",\"valueRequired\":true,\"valueName\":\"search_term_string\"}}],\"inLanguage\":\"it-IT\"}]}<\/script>\n<meta property=\"product:price:amount\" content=\"141.30\" \/>\n<meta property=\"product:price:currency\" content=\"EUR\" \/>\n<meta property=\"og:availability\" content=\"instock\" \/>\n<meta property=\"product:availability\" content=\"instock\" \/>\n<meta property=\"product:retailer_item_id\" content=\"5902701492564\" \/>\n<meta property=\"product:condition\" content=\"new\" \/>\n<!-- \/ Yoast SEO Premium plugin. -->","yoast_head_json":{"title":"Tenda per bambini Aztec, set da 6 pezzi - Cozy &amp; Dozy","description":"Splendido set con tenda da gioco artigianale Aztec \u00e8 uno spazio perfetto per i bambini per giocare e rilassarsi. Un regalo adorabile soprattutto per un bambino.","robots":{"index":"index","follow":"follow","max-snippet":"max-snippet:-1","max-image-preview":"max-image-preview:large","max-video-preview":"max-video-preview:-1"},"canonical":"https:\/\/cozyanddozy.com\/it\/prodotto\/kids-tipi-tent-aztec-6-pcs-set\/","og_locale":"it_IT","og_type":"article","og_title":"Tenda per bambini Aztec, set da 6 pezzi","og_description":"Splendido set con tenda da gioco artigianale Aztec \u00e8 uno spazio perfetto per i bambini per giocare e rilassarsi. Un regalo adorabile soprattutto per un bambino.","og_url":"https:\/\/cozyanddozy.com\/it\/prodotto\/kids-tipi-tent-aztec-6-pcs-set\/","og_site_name":"Cozy &amp; Dozy","article_modified_time":"2024-02-07T09:04:20+00:00","og_image":[{"width":1200,"height":1200,"url":"https:\/\/cozyanddozy.com\/it\/wp-content\/uploads\/2023\/02\/pp-1497.jpg","type":"image\/jpeg"}],"twitter_card":"summary_large_image","twitter_misc":{"Prezzo":"141,30&nbsp;&euro;","Disponibilit\u00e0":"In stock"},"schema":{"@context":"https:\/\/schema.org","@graph":[{"@type":"WebPage","@id":"https:\/\/cozyanddozy.com\/it\/prodotto\/kids-tipi-tent-aztec-6-pcs-set\/","url":"https:\/\/cozyanddozy.com\/it\/prodotto\/kids-tipi-tent-aztec-6-pcs-set\/","name":"Tenda per bambini Aztec, set da 6 pezzi - Cozy &amp; Dozy","isPartOf":{"@id":"https:\/\/cozyanddozy.com\/it\/#website"},"primaryImageOfPage":{"@id":"https:\/\/cozyanddozy.com\/it\/prodotto\/kids-tipi-tent-aztec-6-pcs-set\/#primaryimage"},"image":{"@id":"https:\/\/cozyanddozy.com\/it\/prodotto\/kids-tipi-tent-aztec-6-pcs-set\/#primaryimage"},"thumbnailUrl":"https:\/\/cozyanddozy.com\/it\/wp-content\/uploads\/2023\/02\/pp-1497.jpg","datePublished":"2017-08-03T14:54:56+00:00","dateModified":"2024-02-07T09:04:20+00:00","description":"Splendido set con tenda da gioco artigianale Aztec \u00e8 uno spazio perfetto per i bambini per giocare e rilassarsi. Un regalo adorabile soprattutto per un bambino.","breadcrumb":{"@id":"https:\/\/cozyanddozy.com\/it\/prodotto\/kids-tipi-tent-aztec-6-pcs-set\/#breadcrumb"},"inLanguage":"it-IT","potentialAction":[{"@type":"ReadAction","target":["https:\/\/cozyanddozy.com\/it\/prodotto\/kids-tipi-tent-aztec-6-pcs-set\/"]}]},{"@type":"ImageObject","inLanguage":"it-IT","@id":"https:\/\/cozyanddozy.com\/it\/prodotto\/kids-tipi-tent-aztec-6-pcs-set\/#primaryimage","url":"https:\/\/cozyanddozy.com\/it\/wp-content\/uploads\/2023\/02\/pp-1497.jpg","contentUrl":"https:\/\/cozyanddozy.com\/it\/wp-content\/uploads\/2023\/02\/pp-1497.jpg","width":1200,"height":1200},{"@type":"BreadcrumbList","@id":"https:\/\/cozyanddozy.com\/it\/prodotto\/kids-tipi-tent-aztec-6-pcs-set\/#breadcrumb","itemListElement":[{"@type":"ListItem","position":1,"name":"Home","item":"https:\/\/cozyanddozy.com\/it\/"},{"@type":"ListItem","position":2,"name":"Negozio","item":"https:\/\/cozyanddozy.com\/it\/negozio\/"},{"@type":"ListItem","position":3,"name":"Tenda per bambini Aztec, set da 6 pezzi"}]},{"@type":"WebSite","@id":"https:\/\/cozyanddozy.com\/it\/#website","url":"https:\/\/cozyanddozy.com\/it\/","name":"Cozy & Dozy","description":"","potentialAction":[{"@type":"SearchAction","target":{"@type":"EntryPoint","urlTemplate":"https:\/\/cozyanddozy.com\/it\/?s={search_term_string}"},"query-input":{"@type":"PropertyValueSpecification","valueRequired":true,"valueName":"search_term_string"}}],"inLanguage":"it-IT"}]},"product_price_amount":"141.30","product_price_currency":"EUR","og_availability":"instock","product_availability":"instock","product_retailer_item_id":"5902701492564","product_condition":"new"},"_links":{"self":[{"href":"https:\/\/cozyanddozy.com\/it\/wp-json\/wp\/v2\/product\/376","targetHints":{"allow":["GET"]}}],"collection":[{"href":"https:\/\/cozyanddozy.com\/it\/wp-json\/wp\/v2\/product"}],"about":[{"href":"https:\/\/cozyanddozy.com\/it\/wp-json\/wp\/v2\/types\/product"}],"replies":[{"embeddable":true,"href":"https:\/\/cozyanddozy.com\/it\/wp-json\/wp\/v2\/comments?post=376"}],"wp:featuredmedia":[{"embeddable":true,"href":"https:\/\/cozyanddozy.com\/it\/wp-json\/wp\/v2\/media\/377"}],"wp:attachment":[{"href":"https:\/\/cozyanddozy.com\/it\/wp-json\/wp\/v2\/media?parent=376"}],"wp:term":[{"taxonomy":"product_brand","embeddable":true,"href":"https:\/\/cozyanddozy.com\/it\/wp-json\/wp\/v2\/product_brand?post=376"},{"taxonomy":"product_cat","embeddable":true,"href":"https:\/\/cozyanddozy.com\/it\/wp-json\/wp\/v2\/product_cat?post=376"},{"taxonomy":"product_tag","embeddable":true,"href":"https:\/\/cozyanddozy.com\/it\/wp-json\/wp\/v2\/product_tag?post=376"}],"curies":[{"name":"wp","href":"https:\/\/api.w.org\/{rel}","templated":true}]}}