{"id":374,"date":"2017-08-03T13:16:40","date_gmt":"2017-08-03T12:16:40","guid":{"rendered":"https:\/\/cozyanddozy.com\/it\/product\/kids-teepee-tent-aztec\/"},"modified":"2024-02-07T09:04:20","modified_gmt":"2024-02-07T09:04:20","slug":"bambini-teepee-tent-aztec","status":"publish","type":"product","link":"https:\/\/cozyanddozy.com\/it\/prodotto\/bambini-teepee-tent-aztec\/","title":{"rendered":"Tenda teepee per bambini Aztec"},"content":{"rendered":"<h3>Tenda da gioco per bambini con motivo azteco<\/h3>\n<p>Aggiungete un po&#8217; di atmosfera avventurosa alla stanza del vostro bambino con l&#8217;adorabile tenda da gioco a forma di teepee, realizzata a mano da Cozy &amp; Dozy. Ottimo regalo per un ragazzo per ogni occasione.<\/p>\n<p>La tenda \u00e8 realizzata in tela di cotone naturale e tessuto turchese con motivi geometrici. L&#8217;apertura frontale \u00e8 decorata con frange marroni. La tenda Teepee con motivo etnico azteco \u00e8 perfetta in camera da letto, nella stanza dei giochi o semplicemente all&#8217;aperto nel cortile. Il Wigwam \u00e8 facile da montare e smontare: \u00e8 una splendida idea per un picnic con il vostro bambino.<\/p>\n<p>Il cotone premium spesso, di cui \u00e8 fatta la tenda, \u00e8 resistente e traspirante. Offre un&#8217;ombra confortevole e fresca in una calda giornata di sole. Grazie a una finestrella, i bambini possono giocare a fare &#8220;peek-a-boo&#8221; e divertirsi di pi\u00f9!<\/p>\n<p>Our tens arecarefully handcrafted, because we believe that small details make the difference. Ogni teepee \u00e8 un articolo originale. Vi garantiamo che riceverete un prodotto di alta qualit\u00e0.<\/p>\n<p>La dotazione della tenda per bambini Aztec di Cozy &amp; Dozy comprende:<\/p>\n<ul>\n<li>tenda teepee<\/li>\n<li>4 pali in legno di pino naturale (telaio)<\/li>\n<li>stabilizzatore<\/li>\n<\/ul>\n<p>Disponibile anche con tappetino e cuscini.<\/p>\n<h3>Dimensioni:<\/h3>\n<ul>\n<li>Altezza (con pali) ripiegati: 150 cm<\/li>\n<li>Altezza (con pali) in fossa: 170 cm<\/li>\n<li>Base: circa. 110 \u00d7 110 cm<\/li>\n<\/ul>\n<p>Questa tenda \u00e8 uno spazio perfetto per 2-3 bambini. Veloce da assemblare. Facile da riporre in una copertina di cotone che si trova nel set.<\/p>\n<h3>Composizione:<\/h3>\n<ul>\n<li>100% cotone<\/li>\n<li>e marchio CE<\/li>\n<\/ul>\n<p>Il nostro teepee \u00e8 completamente sicuro per i bambini. Utilizziamo solo tessuti certificati di alta qualit\u00e0 provenienti da paesi europei. Prodotto in Polonia.<\/p>\n<h3>Metodo di cura:<\/h3>\n<ul>\n<li>Lavaggio in lavatrice a 40\u00b0C, centrifuga a 800 giri\/min<\/li>\n<li>Non candeggiare<\/li>\n<li>Non lavare a secco<\/li>\n<\/ul>\n<p>Tempi di consegna: 1-2 giorni lavorativi + spedizione.<\/p>\n<p>Saremo lieti di creare una tenda su misura e di realizzare la vostra idea. Contattaci per saperne di pi\u00f9.<\/p>\n","protected":false},"excerpt":{"rendered":"<p>Tenda da gioco per bambini con motivo azteco.<br \/>\nRegalo perfetto per un bambino.<\/p>\n","protected":false},"featured_media":375,"comment_status":"open","ping_status":"closed","template":"","meta":[],"product_brand":[],"product_cat":[16],"product_tag":[],"class_list":{"0":"post-374","1":"product","2":"type-product","3":"status-publish","4":"has-post-thumbnail","6":"product_cat-tende-tipi-per-bambini","8":"first","9":"instock","10":"sale","11":"product-type-simple"},"yoast_head":"<!-- This site is optimized with the Yoast SEO Premium plugin v21.9 (Yoast SEO v27.0) - https:\/\/yoast.com\/product\/yoast-seo-premium-wordpress\/ -->\n<title>Tenda teepee per bambini Aztec - Cozy &amp; Dozy<\/title>\n<meta name=\"robots\" content=\"index, follow, max-snippet:-1, max-image-preview:large, max-video-preview:-1\" \/>\n<link rel=\"canonical\" href=\"https:\/\/cozyanddozy.com\/it\/prodotto\/bambini-teepee-tent-aztec\/\" \/>\n<meta property=\"og:locale\" content=\"it_IT\" \/>\n<meta property=\"og:type\" content=\"article\" \/>\n<meta property=\"og:title\" content=\"Tenda teepee per bambini Aztec\" \/>\n<meta property=\"og:description\" content=\"Tenda da gioco per bambini con motivo azteco. Regalo perfetto per un bambino.\" \/>\n<meta property=\"og:url\" content=\"https:\/\/cozyanddozy.com\/it\/prodotto\/bambini-teepee-tent-aztec\/\" \/>\n<meta property=\"og:site_name\" content=\"Cozy &amp; Dozy\" \/>\n<meta property=\"article:modified_time\" content=\"2024-02-07T09:04:20+00:00\" \/>\n<meta property=\"og:image\" content=\"https:\/\/cozyanddozy.com\/it\/wp-content\/uploads\/2023\/02\/pp-1494.jpg\" \/>\n\t<meta property=\"og:image:width\" content=\"1200\" \/>\n\t<meta property=\"og:image:height\" content=\"1200\" \/>\n\t<meta property=\"og:image:type\" content=\"image\/jpeg\" \/>\n<meta name=\"twitter:card\" content=\"summary_large_image\" \/>\n<meta name=\"twitter:label1\" content=\"Prezzo\" \/>\n\t<meta name=\"twitter:data1\" content=\"85,50&nbsp;&euro;\" \/>\n\t<meta name=\"twitter:label2\" content=\"Disponibilit\u00e0\" \/>\n\t<meta name=\"twitter:data2\" content=\"In stock\" \/>\n<script type=\"application\/ld+json\" class=\"yoast-schema-graph\">{\"@context\":\"https:\/\/schema.org\",\"@graph\":[{\"@type\":\"WebPage\",\"@id\":\"https:\/\/cozyanddozy.com\/it\/prodotto\/bambini-teepee-tent-aztec\/\",\"url\":\"https:\/\/cozyanddozy.com\/it\/prodotto\/bambini-teepee-tent-aztec\/\",\"name\":\"Tenda teepee per bambini Aztec - Cozy & Dozy\",\"isPartOf\":{\"@id\":\"https:\/\/cozyanddozy.com\/it\/#website\"},\"primaryImageOfPage\":{\"@id\":\"https:\/\/cozyanddozy.com\/it\/prodotto\/bambini-teepee-tent-aztec\/#primaryimage\"},\"image\":{\"@id\":\"https:\/\/cozyanddozy.com\/it\/prodotto\/bambini-teepee-tent-aztec\/#primaryimage\"},\"thumbnailUrl\":\"https:\/\/cozyanddozy.com\/it\/wp-content\/uploads\/2023\/02\/pp-1494.jpg\",\"datePublished\":\"2017-08-03T12:16:40+00:00\",\"dateModified\":\"2024-02-07T09:04:20+00:00\",\"breadcrumb\":{\"@id\":\"https:\/\/cozyanddozy.com\/it\/prodotto\/bambini-teepee-tent-aztec\/#breadcrumb\"},\"inLanguage\":\"it-IT\",\"potentialAction\":[{\"@type\":\"ReadAction\",\"target\":[\"https:\/\/cozyanddozy.com\/it\/prodotto\/bambini-teepee-tent-aztec\/\"]}]},{\"@type\":\"ImageObject\",\"inLanguage\":\"it-IT\",\"@id\":\"https:\/\/cozyanddozy.com\/it\/prodotto\/bambini-teepee-tent-aztec\/#primaryimage\",\"url\":\"https:\/\/cozyanddozy.com\/it\/wp-content\/uploads\/2023\/02\/pp-1494.jpg\",\"contentUrl\":\"https:\/\/cozyanddozy.com\/it\/wp-content\/uploads\/2023\/02\/pp-1494.jpg\",\"width\":1200,\"height\":1200},{\"@type\":\"BreadcrumbList\",\"@id\":\"https:\/\/cozyanddozy.com\/it\/prodotto\/bambini-teepee-tent-aztec\/#breadcrumb\",\"itemListElement\":[{\"@type\":\"ListItem\",\"position\":1,\"name\":\"Home\",\"item\":\"https:\/\/cozyanddozy.com\/it\/\"},{\"@type\":\"ListItem\",\"position\":2,\"name\":\"Negozio\",\"item\":\"https:\/\/cozyanddozy.com\/it\/negozio\/\"},{\"@type\":\"ListItem\",\"position\":3,\"name\":\"Tenda teepee per bambini Aztec\"}]},{\"@type\":\"WebSite\",\"@id\":\"https:\/\/cozyanddozy.com\/it\/#website\",\"url\":\"https:\/\/cozyanddozy.com\/it\/\",\"name\":\"Cozy & Dozy\",\"description\":\"\",\"potentialAction\":[{\"@type\":\"SearchAction\",\"target\":{\"@type\":\"EntryPoint\",\"urlTemplate\":\"https:\/\/cozyanddozy.com\/it\/?s={search_term_string}\"},\"query-input\":{\"@type\":\"PropertyValueSpecification\",\"valueRequired\":true,\"valueName\":\"search_term_string\"}}],\"inLanguage\":\"it-IT\"}]}<\/script>\n<meta property=\"product:price:amount\" content=\"85.50\" \/>\n<meta property=\"product:price:currency\" content=\"EUR\" \/>\n<meta property=\"og:availability\" content=\"instock\" \/>\n<meta property=\"product:availability\" content=\"instock\" \/>\n<meta property=\"product:retailer_item_id\" content=\"5902701492892\" \/>\n<meta property=\"product:condition\" content=\"new\" \/>\n<!-- \/ Yoast SEO Premium plugin. -->","yoast_head_json":{"title":"Tenda teepee per bambini Aztec - Cozy & Dozy","robots":{"index":"index","follow":"follow","max-snippet":"max-snippet:-1","max-image-preview":"max-image-preview:large","max-video-preview":"max-video-preview:-1"},"canonical":"https:\/\/cozyanddozy.com\/it\/prodotto\/bambini-teepee-tent-aztec\/","og_locale":"it_IT","og_type":"article","og_title":"Tenda teepee per bambini Aztec","og_description":"Tenda da gioco per bambini con motivo azteco. Regalo perfetto per un bambino.","og_url":"https:\/\/cozyanddozy.com\/it\/prodotto\/bambini-teepee-tent-aztec\/","og_site_name":"Cozy &amp; Dozy","article_modified_time":"2024-02-07T09:04:20+00:00","og_image":[{"width":1200,"height":1200,"url":"https:\/\/cozyanddozy.com\/it\/wp-content\/uploads\/2023\/02\/pp-1494.jpg","type":"image\/jpeg"}],"twitter_card":"summary_large_image","twitter_misc":{"Prezzo":"85,50&nbsp;&euro;","Disponibilit\u00e0":"In stock"},"schema":{"@context":"https:\/\/schema.org","@graph":[{"@type":"WebPage","@id":"https:\/\/cozyanddozy.com\/it\/prodotto\/bambini-teepee-tent-aztec\/","url":"https:\/\/cozyanddozy.com\/it\/prodotto\/bambini-teepee-tent-aztec\/","name":"Tenda teepee per bambini Aztec - Cozy & Dozy","isPartOf":{"@id":"https:\/\/cozyanddozy.com\/it\/#website"},"primaryImageOfPage":{"@id":"https:\/\/cozyanddozy.com\/it\/prodotto\/bambini-teepee-tent-aztec\/#primaryimage"},"image":{"@id":"https:\/\/cozyanddozy.com\/it\/prodotto\/bambini-teepee-tent-aztec\/#primaryimage"},"thumbnailUrl":"https:\/\/cozyanddozy.com\/it\/wp-content\/uploads\/2023\/02\/pp-1494.jpg","datePublished":"2017-08-03T12:16:40+00:00","dateModified":"2024-02-07T09:04:20+00:00","breadcrumb":{"@id":"https:\/\/cozyanddozy.com\/it\/prodotto\/bambini-teepee-tent-aztec\/#breadcrumb"},"inLanguage":"it-IT","potentialAction":[{"@type":"ReadAction","target":["https:\/\/cozyanddozy.com\/it\/prodotto\/bambini-teepee-tent-aztec\/"]}]},{"@type":"ImageObject","inLanguage":"it-IT","@id":"https:\/\/cozyanddozy.com\/it\/prodotto\/bambini-teepee-tent-aztec\/#primaryimage","url":"https:\/\/cozyanddozy.com\/it\/wp-content\/uploads\/2023\/02\/pp-1494.jpg","contentUrl":"https:\/\/cozyanddozy.com\/it\/wp-content\/uploads\/2023\/02\/pp-1494.jpg","width":1200,"height":1200},{"@type":"BreadcrumbList","@id":"https:\/\/cozyanddozy.com\/it\/prodotto\/bambini-teepee-tent-aztec\/#breadcrumb","itemListElement":[{"@type":"ListItem","position":1,"name":"Home","item":"https:\/\/cozyanddozy.com\/it\/"},{"@type":"ListItem","position":2,"name":"Negozio","item":"https:\/\/cozyanddozy.com\/it\/negozio\/"},{"@type":"ListItem","position":3,"name":"Tenda teepee per bambini Aztec"}]},{"@type":"WebSite","@id":"https:\/\/cozyanddozy.com\/it\/#website","url":"https:\/\/cozyanddozy.com\/it\/","name":"Cozy & Dozy","description":"","potentialAction":[{"@type":"SearchAction","target":{"@type":"EntryPoint","urlTemplate":"https:\/\/cozyanddozy.com\/it\/?s={search_term_string}"},"query-input":{"@type":"PropertyValueSpecification","valueRequired":true,"valueName":"search_term_string"}}],"inLanguage":"it-IT"}]},"product_price_amount":"85.50","product_price_currency":"EUR","og_availability":"instock","product_availability":"instock","product_retailer_item_id":"5902701492892","product_condition":"new"},"_links":{"self":[{"href":"https:\/\/cozyanddozy.com\/it\/wp-json\/wp\/v2\/product\/374","targetHints":{"allow":["GET"]}}],"collection":[{"href":"https:\/\/cozyanddozy.com\/it\/wp-json\/wp\/v2\/product"}],"about":[{"href":"https:\/\/cozyanddozy.com\/it\/wp-json\/wp\/v2\/types\/product"}],"replies":[{"embeddable":true,"href":"https:\/\/cozyanddozy.com\/it\/wp-json\/wp\/v2\/comments?post=374"}],"wp:featuredmedia":[{"embeddable":true,"href":"https:\/\/cozyanddozy.com\/it\/wp-json\/wp\/v2\/media\/375"}],"wp:attachment":[{"href":"https:\/\/cozyanddozy.com\/it\/wp-json\/wp\/v2\/media?parent=374"}],"wp:term":[{"taxonomy":"product_brand","embeddable":true,"href":"https:\/\/cozyanddozy.com\/it\/wp-json\/wp\/v2\/product_brand?post=374"},{"taxonomy":"product_cat","embeddable":true,"href":"https:\/\/cozyanddozy.com\/it\/wp-json\/wp\/v2\/product_cat?post=374"},{"taxonomy":"product_tag","embeddable":true,"href":"https:\/\/cozyanddozy.com\/it\/wp-json\/wp\/v2\/product_tag?post=374"}],"curies":[{"name":"wp","href":"https:\/\/api.w.org\/{rel}","templated":true}]}}