{"id":363,"date":"2017-08-03T09:12:49","date_gmt":"2017-08-03T08:12:49","guid":{"rendered":"https:\/\/cozyanddozy.com\/it\/product\/kids-tipi-tent-honey-bee-6-pcs-set\/"},"modified":"2024-02-07T09:04:20","modified_gmt":"2024-02-07T09:04:20","slug":"kids-tipi-tent-honey-bee-6-pz-set","status":"publish","type":"product","link":"https:\/\/cozyanddozy.com\/it\/prodotto\/kids-tipi-tent-honey-bee-6-pz-set\/","title":{"rendered":"Tenda per bambini Honey Bee, set da 6 pezzi"},"content":{"rendered":"<p><img decoding=\"async\" class=\"alignright size-large wp-image-16452\" src=\"https:\/\/cozyanddozy.com\/it\/wp-content\/uploads\/2023\/02\/pp-1315.jpg\" alt=\"tipi honey set\" width=\"600\" height=\"600\" \/>Il set di Tipi Honey Bee di Cozy &amp; Dozy, splendidamente realizzato a mano, offre al bambino uno spazio privato e confortevole per giocare, di cui ogni bambino ha bisogno. La nostra tenda Tipi \u00e8 un&#8217;ottima idea regalo per un ragazzo. Il Tipi \u00e8 cucito in tela di cotone naturale e tessuto nero liscio. L&#8217;apertura frontale a 2 lembi \u00e8 decorata con pon-pon gialli. Il tappeto giallo sole illumina la tenda e crea un contrasto energizzante. Gli accattivanti cuscini in tessuto bianco e nero con triangoli completano questo design interessante e deciso. La tenda Honey Tipi \u00e8 un luogo ideale per giocare, leggere o semplicemente passare il tempo con altri bambini. Adatto per uso interno ed esterno.<\/p>\n<p>Il nostro Tipi \u00e8 realizzato in cotone spesso, resistente e morbido. Garantisce uno spazio sicuro con un&#8217;ombra confortevole. Una finestrella avvolgibile permette di guardare velocemente all&#8217;interno e di tenere d&#8217;occhio il bambino.<\/p>\n<p>All&#8217;interno ci sono anche 2 tasche che aiutano a organizzare tutti i piccoli tesori. Crediamo che i piccoli dettagli facciano la differenza, perci\u00f2 le nostre tende sono realizzate a mano in Europa con particolare cura. Ogni articolo \u00e8 unico. Potete essere certi che il nostro teepee sar\u00e0 apprezzato per molti anni.<\/p>\n<h3>La dotazione del set Honey BEE di Cozy &amp; Dozy comprende:<\/h3>\n<ul>\n<li>Tenda a soffietto<\/li>\n<li>stabilizer(prevents the frame from moving)<\/li>\n<li>4 pali in legno di pino naturale (telaio)<\/li>\n<li>tappetino da gioco<\/li>\n<li>2 cuscini<\/li>\n<\/ul>\n<p>Disponibile anche senza tappetino e cuscini.<\/p>\n","protected":false},"excerpt":{"rendered":"<p>Il set di Tipi Honey Bee di COZY, splendidamente realizzato a mano, offre al bambino uno spazio privato e confortevole per giocare, di cui ogni bambino ha bisogno. La nostra tenda Tipi \u00e8 un&#8217;ottima idea regalo per un bambino.<\/p>\n","protected":false},"featured_media":364,"comment_status":"open","ping_status":"closed","template":"","meta":[],"product_brand":[],"product_cat":[16],"product_tag":[24],"class_list":{"0":"post-363","1":"product","2":"type-product","3":"status-publish","4":"has-post-thumbnail","6":"product_cat-tende-tipi-per-bambini","7":"product_tag-pla","8":"pa_model-honey","10":"first","11":"instock","12":"sale","13":"product-type-simple"},"yoast_head":"<!-- This site is optimized with the Yoast SEO Premium plugin v21.9 (Yoast SEO v27.0) - https:\/\/yoast.com\/product\/yoast-seo-premium-wordpress\/ -->\n<title>Tenda per bambini Honey Bee, set da 6 pezzi - Cozy &amp; Dozy<\/title>\n<meta name=\"description\" content=\"Il set di Tipi Honey Bee, splendidamente realizzato a mano, offre al bambino uno spazio privato e confortevole per giocare, di cui ogni piccolo ha bisogno. La nostra tenda Tipi \u00e8 un&#039;ottima idea regalo per un bambino.\" \/>\n<meta name=\"robots\" content=\"index, follow, max-snippet:-1, max-image-preview:large, max-video-preview:-1\" \/>\n<link rel=\"canonical\" href=\"https:\/\/cozyanddozy.com\/it\/prodotto\/kids-tipi-tent-honey-bee-6-pz-set\/\" \/>\n<meta property=\"og:locale\" content=\"it_IT\" \/>\n<meta property=\"og:type\" content=\"article\" \/>\n<meta property=\"og:title\" content=\"Tenda per bambini Honey Bee, set da 6 pezzi\" \/>\n<meta property=\"og:description\" content=\"Il set di Tipi Honey Bee, splendidamente realizzato a mano, offre al bambino uno spazio privato e confortevole per giocare, di cui ogni piccolo ha bisogno. La nostra tenda Tipi \u00e8 un&#039;ottima idea regalo per un bambino.\" \/>\n<meta property=\"og:url\" content=\"https:\/\/cozyanddozy.com\/it\/prodotto\/kids-tipi-tent-honey-bee-6-pz-set\/\" \/>\n<meta property=\"og:site_name\" content=\"Cozy &amp; Dozy\" \/>\n<meta property=\"article:modified_time\" content=\"2024-02-07T09:04:20+00:00\" \/>\n<meta property=\"og:image\" content=\"https:\/\/cozyanddozy.com\/it\/wp-content\/uploads\/2023\/02\/kids_tipi_tent_honey_s1_f9.jpg\" \/>\n\t<meta property=\"og:image:width\" content=\"1200\" \/>\n\t<meta property=\"og:image:height\" content=\"1200\" \/>\n\t<meta property=\"og:image:type\" content=\"image\/jpeg\" \/>\n<meta name=\"twitter:card\" content=\"summary_large_image\" \/>\n<meta name=\"twitter:label1\" content=\"Prezzo\" \/>\n\t<meta name=\"twitter:data1\" content=\"152,10&nbsp;&euro;\" \/>\n\t<meta name=\"twitter:label2\" content=\"Disponibilit\u00e0\" \/>\n\t<meta name=\"twitter:data2\" content=\"In stock\" \/>\n<script type=\"application\/ld+json\" class=\"yoast-schema-graph\">{\"@context\":\"https:\/\/schema.org\",\"@graph\":[{\"@type\":\"WebPage\",\"@id\":\"https:\/\/cozyanddozy.com\/it\/prodotto\/kids-tipi-tent-honey-bee-6-pz-set\/\",\"url\":\"https:\/\/cozyanddozy.com\/it\/prodotto\/kids-tipi-tent-honey-bee-6-pz-set\/\",\"name\":\"Tenda per bambini Honey Bee, set da 6 pezzi - Cozy &amp; Dozy\",\"isPartOf\":{\"@id\":\"https:\/\/cozyanddozy.com\/it\/#website\"},\"primaryImageOfPage\":{\"@id\":\"https:\/\/cozyanddozy.com\/it\/prodotto\/kids-tipi-tent-honey-bee-6-pz-set\/#primaryimage\"},\"image\":{\"@id\":\"https:\/\/cozyanddozy.com\/it\/prodotto\/kids-tipi-tent-honey-bee-6-pz-set\/#primaryimage\"},\"thumbnailUrl\":\"https:\/\/cozyanddozy.com\/it\/wp-content\/uploads\/2023\/02\/kids_tipi_tent_honey_s1_f9.jpg\",\"datePublished\":\"2017-08-03T08:12:49+00:00\",\"dateModified\":\"2024-02-07T09:04:20+00:00\",\"description\":\"Il set di Tipi Honey Bee, splendidamente realizzato a mano, offre al bambino uno spazio privato e confortevole per giocare, di cui ogni piccolo ha bisogno. La nostra tenda Tipi \u00e8 un'ottima idea regalo per un bambino.\",\"breadcrumb\":{\"@id\":\"https:\/\/cozyanddozy.com\/it\/prodotto\/kids-tipi-tent-honey-bee-6-pz-set\/#breadcrumb\"},\"inLanguage\":\"it-IT\",\"potentialAction\":[{\"@type\":\"ReadAction\",\"target\":[\"https:\/\/cozyanddozy.com\/it\/prodotto\/kids-tipi-tent-honey-bee-6-pz-set\/\"]}]},{\"@type\":\"ImageObject\",\"inLanguage\":\"it-IT\",\"@id\":\"https:\/\/cozyanddozy.com\/it\/prodotto\/kids-tipi-tent-honey-bee-6-pz-set\/#primaryimage\",\"url\":\"https:\/\/cozyanddozy.com\/it\/wp-content\/uploads\/2023\/02\/kids_tipi_tent_honey_s1_f9.jpg\",\"contentUrl\":\"https:\/\/cozyanddozy.com\/it\/wp-content\/uploads\/2023\/02\/kids_tipi_tent_honey_s1_f9.jpg\",\"width\":1200,\"height\":1200,\"caption\":\"kids tipi tent honey\"},{\"@type\":\"BreadcrumbList\",\"@id\":\"https:\/\/cozyanddozy.com\/it\/prodotto\/kids-tipi-tent-honey-bee-6-pz-set\/#breadcrumb\",\"itemListElement\":[{\"@type\":\"ListItem\",\"position\":1,\"name\":\"Home\",\"item\":\"https:\/\/cozyanddozy.com\/it\/\"},{\"@type\":\"ListItem\",\"position\":2,\"name\":\"Negozio\",\"item\":\"https:\/\/cozyanddozy.com\/it\/negozio\/\"},{\"@type\":\"ListItem\",\"position\":3,\"name\":\"Tenda per bambini Honey Bee, set da 6 pezzi\"}]},{\"@type\":\"WebSite\",\"@id\":\"https:\/\/cozyanddozy.com\/it\/#website\",\"url\":\"https:\/\/cozyanddozy.com\/it\/\",\"name\":\"Cozy & Dozy\",\"description\":\"\",\"potentialAction\":[{\"@type\":\"SearchAction\",\"target\":{\"@type\":\"EntryPoint\",\"urlTemplate\":\"https:\/\/cozyanddozy.com\/it\/?s={search_term_string}\"},\"query-input\":{\"@type\":\"PropertyValueSpecification\",\"valueRequired\":true,\"valueName\":\"search_term_string\"}}],\"inLanguage\":\"it-IT\"}]}<\/script>\n<meta property=\"product:price:amount\" content=\"152.10\" \/>\n<meta property=\"product:price:currency\" content=\"EUR\" \/>\n<meta property=\"og:availability\" content=\"instock\" \/>\n<meta property=\"product:availability\" content=\"instock\" \/>\n<meta property=\"product:retailer_item_id\" content=\"5902701495817\" \/>\n<meta property=\"product:condition\" content=\"new\" \/>\n<!-- \/ Yoast SEO Premium plugin. -->","yoast_head_json":{"title":"Tenda per bambini Honey Bee, set da 6 pezzi - Cozy &amp; Dozy","description":"Il set di Tipi Honey Bee, splendidamente realizzato a mano, offre al bambino uno spazio privato e confortevole per giocare, di cui ogni piccolo ha bisogno. La nostra tenda Tipi \u00e8 un'ottima idea regalo per un bambino.","robots":{"index":"index","follow":"follow","max-snippet":"max-snippet:-1","max-image-preview":"max-image-preview:large","max-video-preview":"max-video-preview:-1"},"canonical":"https:\/\/cozyanddozy.com\/it\/prodotto\/kids-tipi-tent-honey-bee-6-pz-set\/","og_locale":"it_IT","og_type":"article","og_title":"Tenda per bambini Honey Bee, set da 6 pezzi","og_description":"Il set di Tipi Honey Bee, splendidamente realizzato a mano, offre al bambino uno spazio privato e confortevole per giocare, di cui ogni piccolo ha bisogno. La nostra tenda Tipi \u00e8 un'ottima idea regalo per un bambino.","og_url":"https:\/\/cozyanddozy.com\/it\/prodotto\/kids-tipi-tent-honey-bee-6-pz-set\/","og_site_name":"Cozy &amp; Dozy","article_modified_time":"2024-02-07T09:04:20+00:00","og_image":[{"width":1200,"height":1200,"url":"https:\/\/cozyanddozy.com\/it\/wp-content\/uploads\/2023\/02\/kids_tipi_tent_honey_s1_f9.jpg","type":"image\/jpeg"}],"twitter_card":"summary_large_image","twitter_misc":{"Prezzo":"152,10&nbsp;&euro;","Disponibilit\u00e0":"In stock"},"schema":{"@context":"https:\/\/schema.org","@graph":[{"@type":"WebPage","@id":"https:\/\/cozyanddozy.com\/it\/prodotto\/kids-tipi-tent-honey-bee-6-pz-set\/","url":"https:\/\/cozyanddozy.com\/it\/prodotto\/kids-tipi-tent-honey-bee-6-pz-set\/","name":"Tenda per bambini Honey Bee, set da 6 pezzi - Cozy &amp; Dozy","isPartOf":{"@id":"https:\/\/cozyanddozy.com\/it\/#website"},"primaryImageOfPage":{"@id":"https:\/\/cozyanddozy.com\/it\/prodotto\/kids-tipi-tent-honey-bee-6-pz-set\/#primaryimage"},"image":{"@id":"https:\/\/cozyanddozy.com\/it\/prodotto\/kids-tipi-tent-honey-bee-6-pz-set\/#primaryimage"},"thumbnailUrl":"https:\/\/cozyanddozy.com\/it\/wp-content\/uploads\/2023\/02\/kids_tipi_tent_honey_s1_f9.jpg","datePublished":"2017-08-03T08:12:49+00:00","dateModified":"2024-02-07T09:04:20+00:00","description":"Il set di Tipi Honey Bee, splendidamente realizzato a mano, offre al bambino uno spazio privato e confortevole per giocare, di cui ogni piccolo ha bisogno. La nostra tenda Tipi \u00e8 un'ottima idea regalo per un bambino.","breadcrumb":{"@id":"https:\/\/cozyanddozy.com\/it\/prodotto\/kids-tipi-tent-honey-bee-6-pz-set\/#breadcrumb"},"inLanguage":"it-IT","potentialAction":[{"@type":"ReadAction","target":["https:\/\/cozyanddozy.com\/it\/prodotto\/kids-tipi-tent-honey-bee-6-pz-set\/"]}]},{"@type":"ImageObject","inLanguage":"it-IT","@id":"https:\/\/cozyanddozy.com\/it\/prodotto\/kids-tipi-tent-honey-bee-6-pz-set\/#primaryimage","url":"https:\/\/cozyanddozy.com\/it\/wp-content\/uploads\/2023\/02\/kids_tipi_tent_honey_s1_f9.jpg","contentUrl":"https:\/\/cozyanddozy.com\/it\/wp-content\/uploads\/2023\/02\/kids_tipi_tent_honey_s1_f9.jpg","width":1200,"height":1200,"caption":"kids tipi tent honey"},{"@type":"BreadcrumbList","@id":"https:\/\/cozyanddozy.com\/it\/prodotto\/kids-tipi-tent-honey-bee-6-pz-set\/#breadcrumb","itemListElement":[{"@type":"ListItem","position":1,"name":"Home","item":"https:\/\/cozyanddozy.com\/it\/"},{"@type":"ListItem","position":2,"name":"Negozio","item":"https:\/\/cozyanddozy.com\/it\/negozio\/"},{"@type":"ListItem","position":3,"name":"Tenda per bambini Honey Bee, set da 6 pezzi"}]},{"@type":"WebSite","@id":"https:\/\/cozyanddozy.com\/it\/#website","url":"https:\/\/cozyanddozy.com\/it\/","name":"Cozy & Dozy","description":"","potentialAction":[{"@type":"SearchAction","target":{"@type":"EntryPoint","urlTemplate":"https:\/\/cozyanddozy.com\/it\/?s={search_term_string}"},"query-input":{"@type":"PropertyValueSpecification","valueRequired":true,"valueName":"search_term_string"}}],"inLanguage":"it-IT"}]},"product_price_amount":"152.10","product_price_currency":"EUR","og_availability":"instock","product_availability":"instock","product_retailer_item_id":"5902701495817","product_condition":"new"},"_links":{"self":[{"href":"https:\/\/cozyanddozy.com\/it\/wp-json\/wp\/v2\/product\/363","targetHints":{"allow":["GET"]}}],"collection":[{"href":"https:\/\/cozyanddozy.com\/it\/wp-json\/wp\/v2\/product"}],"about":[{"href":"https:\/\/cozyanddozy.com\/it\/wp-json\/wp\/v2\/types\/product"}],"replies":[{"embeddable":true,"href":"https:\/\/cozyanddozy.com\/it\/wp-json\/wp\/v2\/comments?post=363"}],"wp:featuredmedia":[{"embeddable":true,"href":"https:\/\/cozyanddozy.com\/it\/wp-json\/wp\/v2\/media\/364"}],"wp:attachment":[{"href":"https:\/\/cozyanddozy.com\/it\/wp-json\/wp\/v2\/media?parent=363"}],"wp:term":[{"taxonomy":"product_brand","embeddable":true,"href":"https:\/\/cozyanddozy.com\/it\/wp-json\/wp\/v2\/product_brand?post=363"},{"taxonomy":"product_cat","embeddable":true,"href":"https:\/\/cozyanddozy.com\/it\/wp-json\/wp\/v2\/product_cat?post=363"},{"taxonomy":"product_tag","embeddable":true,"href":"https:\/\/cozyanddozy.com\/it\/wp-json\/wp\/v2\/product_tag?post=363"}],"curies":[{"name":"wp","href":"https:\/\/api.w.org\/{rel}","templated":true}]}}