{"id":353,"date":"2017-07-31T17:11:19","date_gmt":"2017-07-31T16:11:19","guid":{"rendered":"https:\/\/cozyanddozy.com\/it\/product\/tipi-kids-tent-teepee-indian\/"},"modified":"2024-02-07T09:04:20","modified_gmt":"2024-02-07T09:04:20","slug":"tipi-kids-tent-teepee-indiano","status":"publish","type":"product","link":"https:\/\/cozyanddozy.com\/it\/prodotto\/tipi-kids-tent-teepee-indiano\/","title":{"rendered":"Tenda per bambini Tipi, teepee indiano"},"content":{"rendered":"<h3>Tipi per bambini con motivo indiano in serie indiana<\/h3>\n<p>Tipi per la camera dei bambini della serie indiana di Cozy &amp; Dozy \u00e8 un fantastico angolo di divertimento per i piccoli amanti dell&#8217;avventura.<\/p>\n<p>La tela di sabbia \u00e8 stata rifinita con un tessuto a motivi colorati con il motivo azteco. Gli accenti neri, sotto forma di nastri e piccole d\u00e9collet\u00e9, aggiungono carattere. Questo originale teepee etnico per bambini si adatta perfettamente alla camera dei ragazzi.<\/p>\n<p>Realizzata in vero cotone, la tenda da gioco offre una perfetta traspirabilit\u00e0, antiallergia e lavabilit\u00e0 in lavatrice. Il Tipi per bambini trover\u00e0 applicazione sia in casa che in giardino, dove diventer\u00e0 rapidamente il nascondiglio preferito contro il vento e il sole. La finestra decorativa \u00e8 ancora pi\u00f9 divertente e le tasche interne per i ninnoli aiutano a tenere in ordine l&#8217;interno del Tipi.<\/p>\n<p>Per garantire la migliore lavorazione, le nostre tende sono fatte a mano, con attenzione ai minimi dettagli. Grazie a ci\u00f2, ogni punta \u00e8 ben preparata e cucita solidamente, e si garantisce un prodotto di altissima qualit\u00e0.<\/p>\n<h3>Il Kit Tipi Indiani di Cozy &amp; Dozy \u00e8 composto da quanto segue<\/h3>\n<ul>\n<li>tenda Tipi<\/li>\n<li>4 pali in legno di pino naturale (telaio)<\/li>\n<li>stabilizzatore<\/li>\n<\/ul>\n<p>La tenda indiana Tipi pu\u00f2 essere acquistata anche con tappetino, cuscini e ghirlanda.<\/p>\n<h3>Dimensioni:<\/h3>\n<ul>\n<li>Altezza (con pali) dopo il dispiegamento: 150 cm<\/li>\n<li>Altezza (con pali) dopo la piegatura: 170 cm<\/li>\n<li>Superficie del pavimento: circa. 110 \u00d7 110 cm<\/li>\n<\/ul>\n<p>Il Tipi pu\u00f2 ospitare 2-3 bambini. Una volta piegati, possono essere riposti in un sacchetto di cotone incluso nel set.<\/p>\n<p>Composizione:<\/p>\n<ul>\n<li>100% cotone<\/li>\n<li>certificato e certificato CE<\/li>\n<\/ul>\n<p>Per rendere le nostre tende sicure al 100% per i bambini, le realizziamo con tessuti certificati provenienti esclusivamente dall&#8217;Europa. Il Tipi \u00e8 stato cucito in Polonia.<\/p>\n<h3>Cura:<\/h3>\n<ul>\n<li>Lavabile in lavatrice a 40 gradi, centrifuga a 800 giri<\/li>\n<li>Non lavare chimicamente<\/li>\n<li>Non candeggiare<\/li>\n<\/ul>\n<p>Tempo di esecuzione dell&#8217;ordine: 1-2 giorni lavorativi + tempi di consegna.<\/p>\n<p>Saremo lieti di cucire il Tipi appositamente per voi, secondo la vostra idea. Scrivici per saperne di pi\u00f9.<\/p>\n","protected":false},"excerpt":{"rendered":"<p><strong>Indiano<\/strong> <strong>Tepee<\/strong> <strong>serie<\/strong><strong> indiana<\/strong> luogo ideale per giocare. Include tenda teepee, stabilizzatore, 4 bastoni di pino.<\/p>\n","protected":false},"featured_media":354,"comment_status":"open","ping_status":"closed","template":"","meta":[],"product_brand":[],"product_cat":[16],"product_tag":[],"class_list":{"0":"post-353","1":"product","2":"type-product","3":"status-publish","4":"has-post-thumbnail","6":"product_cat-tende-tipi-per-bambini","8":"first","9":"instock","10":"sale","11":"product-type-simple"},"yoast_head":"<!-- This site is optimized with the Yoast SEO Premium plugin v21.9 (Yoast SEO v27.0) - https:\/\/yoast.com\/product\/yoast-seo-premium-wordpress\/ -->\n<title>Tenda per bambini Tipi, teepee indiano - Cozy &amp; Dozy<\/title>\n<meta name=\"description\" content=\"Serie Teepee indiano Luogo ideale per giocare. Include tenda Teepee, stabilizzatore, 4 bastoni di pino.\" \/>\n<meta name=\"robots\" content=\"index, follow, max-snippet:-1, max-image-preview:large, max-video-preview:-1\" \/>\n<link rel=\"canonical\" href=\"https:\/\/cozyanddozy.com\/it\/prodotto\/tipi-kids-tent-teepee-indiano\/\" \/>\n<meta property=\"og:locale\" content=\"it_IT\" \/>\n<meta property=\"og:type\" content=\"article\" \/>\n<meta property=\"og:title\" content=\"Tenda per bambini Tipi, teepee indiano\" \/>\n<meta property=\"og:description\" content=\"Serie Teepee indiano Luogo ideale per giocare. Include tenda Teepee, stabilizzatore, 4 bastoni di pino.\" \/>\n<meta property=\"og:url\" content=\"https:\/\/cozyanddozy.com\/it\/prodotto\/tipi-kids-tent-teepee-indiano\/\" \/>\n<meta property=\"og:site_name\" content=\"Cozy &amp; Dozy\" \/>\n<meta property=\"article:modified_time\" content=\"2024-02-07T09:04:20+00:00\" \/>\n<meta property=\"og:image\" content=\"https:\/\/cozyanddozy.com\/it\/wp-content\/uploads\/2023\/02\/pp-1499.jpg\" \/>\n\t<meta property=\"og:image:width\" content=\"1200\" \/>\n\t<meta property=\"og:image:height\" content=\"1200\" \/>\n\t<meta property=\"og:image:type\" content=\"image\/jpeg\" \/>\n<meta name=\"twitter:card\" content=\"summary_large_image\" \/>\n<meta name=\"twitter:label1\" content=\"Prezzo\" \/>\n\t<meta name=\"twitter:data1\" content=\"80,99&nbsp;&euro;\" \/>\n\t<meta name=\"twitter:label2\" content=\"Disponibilit\u00e0\" \/>\n\t<meta name=\"twitter:data2\" content=\"In stock\" \/>\n<script type=\"application\/ld+json\" class=\"yoast-schema-graph\">{\"@context\":\"https:\/\/schema.org\",\"@graph\":[{\"@type\":\"WebPage\",\"@id\":\"https:\/\/cozyanddozy.com\/it\/prodotto\/tipi-kids-tent-teepee-indiano\/\",\"url\":\"https:\/\/cozyanddozy.com\/it\/prodotto\/tipi-kids-tent-teepee-indiano\/\",\"name\":\"Tenda per bambini Tipi, teepee indiano - Cozy & Dozy\",\"isPartOf\":{\"@id\":\"https:\/\/cozyanddozy.com\/it\/#website\"},\"primaryImageOfPage\":{\"@id\":\"https:\/\/cozyanddozy.com\/it\/prodotto\/tipi-kids-tent-teepee-indiano\/#primaryimage\"},\"image\":{\"@id\":\"https:\/\/cozyanddozy.com\/it\/prodotto\/tipi-kids-tent-teepee-indiano\/#primaryimage\"},\"thumbnailUrl\":\"https:\/\/cozyanddozy.com\/it\/wp-content\/uploads\/2023\/02\/pp-1499.jpg\",\"datePublished\":\"2017-07-31T16:11:19+00:00\",\"dateModified\":\"2024-02-07T09:04:20+00:00\",\"description\":\"Serie Teepee indiano Luogo ideale per giocare. Include tenda Teepee, stabilizzatore, 4 bastoni di pino.\",\"breadcrumb\":{\"@id\":\"https:\/\/cozyanddozy.com\/it\/prodotto\/tipi-kids-tent-teepee-indiano\/#breadcrumb\"},\"inLanguage\":\"it-IT\",\"potentialAction\":[{\"@type\":\"ReadAction\",\"target\":[\"https:\/\/cozyanddozy.com\/it\/prodotto\/tipi-kids-tent-teepee-indiano\/\"]}]},{\"@type\":\"ImageObject\",\"inLanguage\":\"it-IT\",\"@id\":\"https:\/\/cozyanddozy.com\/it\/prodotto\/tipi-kids-tent-teepee-indiano\/#primaryimage\",\"url\":\"https:\/\/cozyanddozy.com\/it\/wp-content\/uploads\/2023\/02\/pp-1499.jpg\",\"contentUrl\":\"https:\/\/cozyanddozy.com\/it\/wp-content\/uploads\/2023\/02\/pp-1499.jpg\",\"width\":1200,\"height\":1200},{\"@type\":\"BreadcrumbList\",\"@id\":\"https:\/\/cozyanddozy.com\/it\/prodotto\/tipi-kids-tent-teepee-indiano\/#breadcrumb\",\"itemListElement\":[{\"@type\":\"ListItem\",\"position\":1,\"name\":\"Home\",\"item\":\"https:\/\/cozyanddozy.com\/it\/\"},{\"@type\":\"ListItem\",\"position\":2,\"name\":\"Negozio\",\"item\":\"https:\/\/cozyanddozy.com\/it\/negozio\/\"},{\"@type\":\"ListItem\",\"position\":3,\"name\":\"Tenda per bambini Tipi, teepee indiano\"}]},{\"@type\":\"WebSite\",\"@id\":\"https:\/\/cozyanddozy.com\/it\/#website\",\"url\":\"https:\/\/cozyanddozy.com\/it\/\",\"name\":\"Cozy & Dozy\",\"description\":\"\",\"potentialAction\":[{\"@type\":\"SearchAction\",\"target\":{\"@type\":\"EntryPoint\",\"urlTemplate\":\"https:\/\/cozyanddozy.com\/it\/?s={search_term_string}\"},\"query-input\":{\"@type\":\"PropertyValueSpecification\",\"valueRequired\":true,\"valueName\":\"search_term_string\"}}],\"inLanguage\":\"it-IT\"}]}<\/script>\n<meta property=\"product:price:amount\" content=\"80.99\" \/>\n<meta property=\"product:price:currency\" content=\"EUR\" \/>\n<meta property=\"og:availability\" content=\"instock\" \/>\n<meta property=\"product:availability\" content=\"instock\" \/>\n<meta property=\"product:retailer_item_id\" content=\"5902701495183\" \/>\n<meta property=\"product:condition\" content=\"new\" \/>\n<!-- \/ Yoast SEO Premium plugin. -->","yoast_head_json":{"title":"Tenda per bambini Tipi, teepee indiano - Cozy & Dozy","description":"Serie Teepee indiano Luogo ideale per giocare. Include tenda Teepee, stabilizzatore, 4 bastoni di pino.","robots":{"index":"index","follow":"follow","max-snippet":"max-snippet:-1","max-image-preview":"max-image-preview:large","max-video-preview":"max-video-preview:-1"},"canonical":"https:\/\/cozyanddozy.com\/it\/prodotto\/tipi-kids-tent-teepee-indiano\/","og_locale":"it_IT","og_type":"article","og_title":"Tenda per bambini Tipi, teepee indiano","og_description":"Serie Teepee indiano Luogo ideale per giocare. Include tenda Teepee, stabilizzatore, 4 bastoni di pino.","og_url":"https:\/\/cozyanddozy.com\/it\/prodotto\/tipi-kids-tent-teepee-indiano\/","og_site_name":"Cozy &amp; Dozy","article_modified_time":"2024-02-07T09:04:20+00:00","og_image":[{"width":1200,"height":1200,"url":"https:\/\/cozyanddozy.com\/it\/wp-content\/uploads\/2023\/02\/pp-1499.jpg","type":"image\/jpeg"}],"twitter_card":"summary_large_image","twitter_misc":{"Prezzo":"80,99&nbsp;&euro;","Disponibilit\u00e0":"In stock"},"schema":{"@context":"https:\/\/schema.org","@graph":[{"@type":"WebPage","@id":"https:\/\/cozyanddozy.com\/it\/prodotto\/tipi-kids-tent-teepee-indiano\/","url":"https:\/\/cozyanddozy.com\/it\/prodotto\/tipi-kids-tent-teepee-indiano\/","name":"Tenda per bambini Tipi, teepee indiano - Cozy & Dozy","isPartOf":{"@id":"https:\/\/cozyanddozy.com\/it\/#website"},"primaryImageOfPage":{"@id":"https:\/\/cozyanddozy.com\/it\/prodotto\/tipi-kids-tent-teepee-indiano\/#primaryimage"},"image":{"@id":"https:\/\/cozyanddozy.com\/it\/prodotto\/tipi-kids-tent-teepee-indiano\/#primaryimage"},"thumbnailUrl":"https:\/\/cozyanddozy.com\/it\/wp-content\/uploads\/2023\/02\/pp-1499.jpg","datePublished":"2017-07-31T16:11:19+00:00","dateModified":"2024-02-07T09:04:20+00:00","description":"Serie Teepee indiano Luogo ideale per giocare. Include tenda Teepee, stabilizzatore, 4 bastoni di pino.","breadcrumb":{"@id":"https:\/\/cozyanddozy.com\/it\/prodotto\/tipi-kids-tent-teepee-indiano\/#breadcrumb"},"inLanguage":"it-IT","potentialAction":[{"@type":"ReadAction","target":["https:\/\/cozyanddozy.com\/it\/prodotto\/tipi-kids-tent-teepee-indiano\/"]}]},{"@type":"ImageObject","inLanguage":"it-IT","@id":"https:\/\/cozyanddozy.com\/it\/prodotto\/tipi-kids-tent-teepee-indiano\/#primaryimage","url":"https:\/\/cozyanddozy.com\/it\/wp-content\/uploads\/2023\/02\/pp-1499.jpg","contentUrl":"https:\/\/cozyanddozy.com\/it\/wp-content\/uploads\/2023\/02\/pp-1499.jpg","width":1200,"height":1200},{"@type":"BreadcrumbList","@id":"https:\/\/cozyanddozy.com\/it\/prodotto\/tipi-kids-tent-teepee-indiano\/#breadcrumb","itemListElement":[{"@type":"ListItem","position":1,"name":"Home","item":"https:\/\/cozyanddozy.com\/it\/"},{"@type":"ListItem","position":2,"name":"Negozio","item":"https:\/\/cozyanddozy.com\/it\/negozio\/"},{"@type":"ListItem","position":3,"name":"Tenda per bambini Tipi, teepee indiano"}]},{"@type":"WebSite","@id":"https:\/\/cozyanddozy.com\/it\/#website","url":"https:\/\/cozyanddozy.com\/it\/","name":"Cozy & Dozy","description":"","potentialAction":[{"@type":"SearchAction","target":{"@type":"EntryPoint","urlTemplate":"https:\/\/cozyanddozy.com\/it\/?s={search_term_string}"},"query-input":{"@type":"PropertyValueSpecification","valueRequired":true,"valueName":"search_term_string"}}],"inLanguage":"it-IT"}]},"product_price_amount":"80.99","product_price_currency":"EUR","og_availability":"instock","product_availability":"instock","product_retailer_item_id":"5902701495183","product_condition":"new"},"_links":{"self":[{"href":"https:\/\/cozyanddozy.com\/it\/wp-json\/wp\/v2\/product\/353","targetHints":{"allow":["GET"]}}],"collection":[{"href":"https:\/\/cozyanddozy.com\/it\/wp-json\/wp\/v2\/product"}],"about":[{"href":"https:\/\/cozyanddozy.com\/it\/wp-json\/wp\/v2\/types\/product"}],"replies":[{"embeddable":true,"href":"https:\/\/cozyanddozy.com\/it\/wp-json\/wp\/v2\/comments?post=353"}],"wp:featuredmedia":[{"embeddable":true,"href":"https:\/\/cozyanddozy.com\/it\/wp-json\/wp\/v2\/media\/354"}],"wp:attachment":[{"href":"https:\/\/cozyanddozy.com\/it\/wp-json\/wp\/v2\/media?parent=353"}],"wp:term":[{"taxonomy":"product_brand","embeddable":true,"href":"https:\/\/cozyanddozy.com\/it\/wp-json\/wp\/v2\/product_brand?post=353"},{"taxonomy":"product_cat","embeddable":true,"href":"https:\/\/cozyanddozy.com\/it\/wp-json\/wp\/v2\/product_cat?post=353"},{"taxonomy":"product_tag","embeddable":true,"href":"https:\/\/cozyanddozy.com\/it\/wp-json\/wp\/v2\/product_tag?post=353"}],"curies":[{"name":"wp","href":"https:\/\/api.w.org\/{rel}","templated":true}]}}