{"id":346,"date":"2017-07-31T16:36:03","date_gmt":"2017-07-31T15:36:03","guid":{"rendered":"https:\/\/cozyanddozy.com\/it\/product\/tipi-kids-tent-teepee-set-indian\/"},"modified":"2024-02-07T09:04:20","modified_gmt":"2024-02-07T09:04:20","slug":"tipi-kids-tent-teepee-set-indiano","status":"publish","type":"product","link":"https:\/\/cozyanddozy.com\/it\/prodotto\/tipi-kids-tent-teepee-set-indiano\/","title":{"rendered":"Tenda per bambini Tipi, set Teepee indiano"},"content":{"rendered":"<p><img decoding=\"async\" class=\"wp-image-41501 alignright\" src=\"https:\/\/cozyanddozy.com\/it\/wp-content\/uploads\/2023\/02\/pp-1503.jpg\" alt=\"indian tipi aztec\" width=\"600\" height=\"600\" \/>Il Tipi \u00e8 un luogo ideale per far giocare i piccoli avventurieri. Il cotone naturale \u00e8 stato rifinito con un tessuto decorativo con un motivo azteco. I dettagli sono stati sottolineati da nastri e decollet\u00e9 neri. Il pavimento della tenda \u00e8 costituito da una stuoia isolante con un&#8217;applicazione a forma di cactus e tubature. Il set \u00e8 completato da una ghirlanda decorativa e da due morbidi cuscini con motivi aztechi.<\/p>\n<p>Il Tipi in cotone naturale garantisce un&#8217;eccellente circolazione dell&#8217;aria, l&#8217;ipoallergenicit\u00e0 e la possibilit\u00e0 di essere lavato in lavatrice. La tenda \u00e8 molto pratica, sia all&#8217;interno che all&#8217;esterno, dove diventer\u00e0 un tranquillo nascondiglio contro il vento e il sole tagliente. Il tappetino sul pavimento permette di divertirsi comodamente a terra e di fare un bel sonnellino con i cuscini, mentre la finestra con l&#8217;avvolgibile permette di divertirsi ancora di pi\u00f9 giocando nella wigwam.<\/p>\n<p>Le nostre tende Tipi sono cucite a mano, con grande cura e attenzione ai dettagli. Questo fa s\u00ec che ogni unit\u00e0 sia perfezionata e unica e che si abbia la certezza della massima qualit\u00e0.<\/p>\n<h2>Il Kit Tipi Indiani di Cozy &amp; Dozy \u00e8 composto da quanto segue<\/h2>\n<ul>\n<li>tenda Tipi<\/li>\n<li>4 pali in legno di pino naturale (telaio)<\/li>\n<li>stabilizzatore<\/li>\n<li>tappetino (non integrato nella tenda)<\/li>\n<li>2 cuscini<\/li>\n<\/ul>\n<p>Il Tipi Indian pu\u00f2 essere acquistato anche senza tappetini, cuscini e ghirlande.<\/p>\n","protected":false},"excerpt":{"rendered":"<p>Il Tipi \u00e8 un luogo ideale per far giocare i piccoli avventurieri. Il cotone naturale \u00e8 stato rifinito con un tessuto decorativo con motivo azteco. I dettagli sono stati evidenziati con nastri e decollet\u00e9 neri.<\/p>\n","protected":false},"featured_media":348,"comment_status":"open","ping_status":"closed","template":"","meta":[],"product_brand":[],"product_cat":[16],"product_tag":[24],"class_list":{"0":"post-346","1":"product","2":"type-product","3":"status-publish","4":"has-post-thumbnail","6":"product_cat-tende-tipi-per-bambini","7":"product_tag-pla","9":"first","10":"outofstock","11":"sale","12":"product-type-simple"},"yoast_head":"<!-- This site is optimized with the Yoast SEO Premium plugin v21.9 (Yoast SEO v27.0) - https:\/\/yoast.com\/product\/yoast-seo-premium-wordpress\/ -->\n<title>Tenda per bambini Tipi, set Teepee indiano - Cozy &amp; Dozy<\/title>\n<meta name=\"description\" content=\"Il Tipi \u00e8 un luogo ideale per far giocare i piccoli avventurieri. Il cotone naturale \u00e8 stato rifinito con un tessuto decorativo con motivo azteco. I dettagli sono stati evidenziati con nastri neri e decollet\u00e9.\" \/>\n<meta name=\"robots\" content=\"index, follow, max-snippet:-1, max-image-preview:large, max-video-preview:-1\" \/>\n<link rel=\"canonical\" href=\"https:\/\/cozyanddozy.com\/it\/prodotto\/tipi-kids-tent-teepee-set-indiano\/\" \/>\n<meta property=\"og:locale\" content=\"it_IT\" \/>\n<meta property=\"og:type\" content=\"article\" \/>\n<meta property=\"og:title\" content=\"Tenda per bambini Tipi, set Teepee indiano\" \/>\n<meta property=\"og:description\" content=\"Il Tipi \u00e8 un luogo ideale per far giocare i piccoli avventurieri. Il cotone naturale \u00e8 stato rifinito con un tessuto decorativo con motivo azteco. I dettagli sono stati evidenziati con nastri neri e decollet\u00e9.\" \/>\n<meta property=\"og:url\" content=\"https:\/\/cozyanddozy.com\/it\/prodotto\/tipi-kids-tent-teepee-set-indiano\/\" \/>\n<meta property=\"og:site_name\" content=\"Cozy &amp; Dozy\" \/>\n<meta property=\"article:modified_time\" content=\"2024-02-07T09:04:20+00:00\" \/>\n<meta property=\"og:image\" content=\"https:\/\/cozyanddozy.com\/it\/wp-content\/uploads\/2023\/02\/kids_tipi_tent_indian_s1.jpg\" \/>\n\t<meta property=\"og:image:width\" content=\"1200\" \/>\n\t<meta property=\"og:image:height\" content=\"1200\" \/>\n\t<meta property=\"og:image:type\" content=\"image\/jpeg\" \/>\n<meta name=\"twitter:card\" content=\"summary_large_image\" \/>\n<meta name=\"twitter:label1\" content=\"Prezzo\" \/>\n\t<meta name=\"twitter:data1\" content=\"141,30&nbsp;&euro;\" \/>\n\t<meta name=\"twitter:label2\" content=\"Disponibilit\u00e0\" \/>\n\t<meta name=\"twitter:data2\" content=\"Esaurito\" \/>\n<script type=\"application\/ld+json\" class=\"yoast-schema-graph\">{\"@context\":\"https:\/\/schema.org\",\"@graph\":[{\"@type\":\"WebPage\",\"@id\":\"https:\/\/cozyanddozy.com\/it\/prodotto\/tipi-kids-tent-teepee-set-indiano\/\",\"url\":\"https:\/\/cozyanddozy.com\/it\/prodotto\/tipi-kids-tent-teepee-set-indiano\/\",\"name\":\"Tenda per bambini Tipi, set Teepee indiano - Cozy &amp; Dozy\",\"isPartOf\":{\"@id\":\"https:\/\/cozyanddozy.com\/it\/#website\"},\"primaryImageOfPage\":{\"@id\":\"https:\/\/cozyanddozy.com\/it\/prodotto\/tipi-kids-tent-teepee-set-indiano\/#primaryimage\"},\"image\":{\"@id\":\"https:\/\/cozyanddozy.com\/it\/prodotto\/tipi-kids-tent-teepee-set-indiano\/#primaryimage\"},\"thumbnailUrl\":\"https:\/\/cozyanddozy.com\/it\/wp-content\/uploads\/2023\/02\/kids_tipi_tent_indian_s1.jpg\",\"datePublished\":\"2017-07-31T15:36:03+00:00\",\"dateModified\":\"2024-02-07T09:04:20+00:00\",\"description\":\"Il Tipi \u00e8 un luogo ideale per far giocare i piccoli avventurieri. Il cotone naturale \u00e8 stato rifinito con un tessuto decorativo con motivo azteco. I dettagli sono stati evidenziati con nastri neri e decollet\u00e9.\",\"breadcrumb\":{\"@id\":\"https:\/\/cozyanddozy.com\/it\/prodotto\/tipi-kids-tent-teepee-set-indiano\/#breadcrumb\"},\"inLanguage\":\"it-IT\",\"potentialAction\":[{\"@type\":\"ReadAction\",\"target\":[\"https:\/\/cozyanddozy.com\/it\/prodotto\/tipi-kids-tent-teepee-set-indiano\/\"]}]},{\"@type\":\"ImageObject\",\"inLanguage\":\"it-IT\",\"@id\":\"https:\/\/cozyanddozy.com\/it\/prodotto\/tipi-kids-tent-teepee-set-indiano\/#primaryimage\",\"url\":\"https:\/\/cozyanddozy.com\/it\/wp-content\/uploads\/2023\/02\/kids_tipi_tent_indian_s1.jpg\",\"contentUrl\":\"https:\/\/cozyanddozy.com\/it\/wp-content\/uploads\/2023\/02\/kids_tipi_tent_indian_s1.jpg\",\"width\":1200,\"height\":1200,\"caption\":\"kids_tipi_tent_indian_s1\"},{\"@type\":\"BreadcrumbList\",\"@id\":\"https:\/\/cozyanddozy.com\/it\/prodotto\/tipi-kids-tent-teepee-set-indiano\/#breadcrumb\",\"itemListElement\":[{\"@type\":\"ListItem\",\"position\":1,\"name\":\"Home\",\"item\":\"https:\/\/cozyanddozy.com\/it\/\"},{\"@type\":\"ListItem\",\"position\":2,\"name\":\"Negozio\",\"item\":\"https:\/\/cozyanddozy.com\/it\/negozio\/\"},{\"@type\":\"ListItem\",\"position\":3,\"name\":\"Tenda per bambini Tipi, set Teepee indiano\"}]},{\"@type\":\"WebSite\",\"@id\":\"https:\/\/cozyanddozy.com\/it\/#website\",\"url\":\"https:\/\/cozyanddozy.com\/it\/\",\"name\":\"Cozy & Dozy\",\"description\":\"\",\"potentialAction\":[{\"@type\":\"SearchAction\",\"target\":{\"@type\":\"EntryPoint\",\"urlTemplate\":\"https:\/\/cozyanddozy.com\/it\/?s={search_term_string}\"},\"query-input\":{\"@type\":\"PropertyValueSpecification\",\"valueRequired\":true,\"valueName\":\"search_term_string\"}}],\"inLanguage\":\"it-IT\"}]}<\/script>\n<meta property=\"product:price:amount\" content=\"141.30\" \/>\n<meta property=\"product:price:currency\" content=\"EUR\" \/>\n<meta property=\"og:availability\" content=\"out of stock\" \/>\n<meta property=\"product:availability\" content=\"out of stock\" \/>\n<meta property=\"product:retailer_item_id\" content=\"5902701495176\" \/>\n<meta property=\"product:condition\" content=\"new\" \/>\n<!-- \/ Yoast SEO Premium plugin. -->","yoast_head_json":{"title":"Tenda per bambini Tipi, set Teepee indiano - Cozy &amp; Dozy","description":"Il Tipi \u00e8 un luogo ideale per far giocare i piccoli avventurieri. Il cotone naturale \u00e8 stato rifinito con un tessuto decorativo con motivo azteco. I dettagli sono stati evidenziati con nastri neri e decollet\u00e9.","robots":{"index":"index","follow":"follow","max-snippet":"max-snippet:-1","max-image-preview":"max-image-preview:large","max-video-preview":"max-video-preview:-1"},"canonical":"https:\/\/cozyanddozy.com\/it\/prodotto\/tipi-kids-tent-teepee-set-indiano\/","og_locale":"it_IT","og_type":"article","og_title":"Tenda per bambini Tipi, set Teepee indiano","og_description":"Il Tipi \u00e8 un luogo ideale per far giocare i piccoli avventurieri. Il cotone naturale \u00e8 stato rifinito con un tessuto decorativo con motivo azteco. I dettagli sono stati evidenziati con nastri neri e decollet\u00e9.","og_url":"https:\/\/cozyanddozy.com\/it\/prodotto\/tipi-kids-tent-teepee-set-indiano\/","og_site_name":"Cozy &amp; Dozy","article_modified_time":"2024-02-07T09:04:20+00:00","og_image":[{"width":1200,"height":1200,"url":"https:\/\/cozyanddozy.com\/it\/wp-content\/uploads\/2023\/02\/kids_tipi_tent_indian_s1.jpg","type":"image\/jpeg"}],"twitter_card":"summary_large_image","twitter_misc":{"Prezzo":"141,30&nbsp;&euro;","Disponibilit\u00e0":"Esaurito"},"schema":{"@context":"https:\/\/schema.org","@graph":[{"@type":"WebPage","@id":"https:\/\/cozyanddozy.com\/it\/prodotto\/tipi-kids-tent-teepee-set-indiano\/","url":"https:\/\/cozyanddozy.com\/it\/prodotto\/tipi-kids-tent-teepee-set-indiano\/","name":"Tenda per bambini Tipi, set Teepee indiano - Cozy &amp; Dozy","isPartOf":{"@id":"https:\/\/cozyanddozy.com\/it\/#website"},"primaryImageOfPage":{"@id":"https:\/\/cozyanddozy.com\/it\/prodotto\/tipi-kids-tent-teepee-set-indiano\/#primaryimage"},"image":{"@id":"https:\/\/cozyanddozy.com\/it\/prodotto\/tipi-kids-tent-teepee-set-indiano\/#primaryimage"},"thumbnailUrl":"https:\/\/cozyanddozy.com\/it\/wp-content\/uploads\/2023\/02\/kids_tipi_tent_indian_s1.jpg","datePublished":"2017-07-31T15:36:03+00:00","dateModified":"2024-02-07T09:04:20+00:00","description":"Il Tipi \u00e8 un luogo ideale per far giocare i piccoli avventurieri. Il cotone naturale \u00e8 stato rifinito con un tessuto decorativo con motivo azteco. I dettagli sono stati evidenziati con nastri neri e decollet\u00e9.","breadcrumb":{"@id":"https:\/\/cozyanddozy.com\/it\/prodotto\/tipi-kids-tent-teepee-set-indiano\/#breadcrumb"},"inLanguage":"it-IT","potentialAction":[{"@type":"ReadAction","target":["https:\/\/cozyanddozy.com\/it\/prodotto\/tipi-kids-tent-teepee-set-indiano\/"]}]},{"@type":"ImageObject","inLanguage":"it-IT","@id":"https:\/\/cozyanddozy.com\/it\/prodotto\/tipi-kids-tent-teepee-set-indiano\/#primaryimage","url":"https:\/\/cozyanddozy.com\/it\/wp-content\/uploads\/2023\/02\/kids_tipi_tent_indian_s1.jpg","contentUrl":"https:\/\/cozyanddozy.com\/it\/wp-content\/uploads\/2023\/02\/kids_tipi_tent_indian_s1.jpg","width":1200,"height":1200,"caption":"kids_tipi_tent_indian_s1"},{"@type":"BreadcrumbList","@id":"https:\/\/cozyanddozy.com\/it\/prodotto\/tipi-kids-tent-teepee-set-indiano\/#breadcrumb","itemListElement":[{"@type":"ListItem","position":1,"name":"Home","item":"https:\/\/cozyanddozy.com\/it\/"},{"@type":"ListItem","position":2,"name":"Negozio","item":"https:\/\/cozyanddozy.com\/it\/negozio\/"},{"@type":"ListItem","position":3,"name":"Tenda per bambini Tipi, set Teepee indiano"}]},{"@type":"WebSite","@id":"https:\/\/cozyanddozy.com\/it\/#website","url":"https:\/\/cozyanddozy.com\/it\/","name":"Cozy & Dozy","description":"","potentialAction":[{"@type":"SearchAction","target":{"@type":"EntryPoint","urlTemplate":"https:\/\/cozyanddozy.com\/it\/?s={search_term_string}"},"query-input":{"@type":"PropertyValueSpecification","valueRequired":true,"valueName":"search_term_string"}}],"inLanguage":"it-IT"}]},"product_price_amount":"141.30","product_price_currency":"EUR","og_availability":"out of stock","product_availability":"out of stock","product_retailer_item_id":"5902701495176","product_condition":"new"},"_links":{"self":[{"href":"https:\/\/cozyanddozy.com\/it\/wp-json\/wp\/v2\/product\/346","targetHints":{"allow":["GET"]}}],"collection":[{"href":"https:\/\/cozyanddozy.com\/it\/wp-json\/wp\/v2\/product"}],"about":[{"href":"https:\/\/cozyanddozy.com\/it\/wp-json\/wp\/v2\/types\/product"}],"replies":[{"embeddable":true,"href":"https:\/\/cozyanddozy.com\/it\/wp-json\/wp\/v2\/comments?post=346"}],"wp:featuredmedia":[{"embeddable":true,"href":"https:\/\/cozyanddozy.com\/it\/wp-json\/wp\/v2\/media\/348"}],"wp:attachment":[{"href":"https:\/\/cozyanddozy.com\/it\/wp-json\/wp\/v2\/media?parent=346"}],"wp:term":[{"taxonomy":"product_brand","embeddable":true,"href":"https:\/\/cozyanddozy.com\/it\/wp-json\/wp\/v2\/product_brand?post=346"},{"taxonomy":"product_cat","embeddable":true,"href":"https:\/\/cozyanddozy.com\/it\/wp-json\/wp\/v2\/product_cat?post=346"},{"taxonomy":"product_tag","embeddable":true,"href":"https:\/\/cozyanddozy.com\/it\/wp-json\/wp\/v2\/product_tag?post=346"}],"curies":[{"name":"wp","href":"https:\/\/api.w.org\/{rel}","templated":true}]}}