{"id":2735,"date":"2025-04-21T15:41:57","date_gmt":"2025-04-21T14:41:57","guid":{"rendered":"https:\/\/cozyanddozy.com\/?post_type=product&#038;p=3550"},"modified":"2025-04-21T16:18:10","modified_gmt":"2025-04-21T15:18:10","slug":"tente-tipi-garden-sunny-yellow-tenda-esterna-impermeabile","status":"publish","type":"product","link":"https:\/\/cozyanddozy.com\/it\/prodotto\/tente-tipi-garden-sunny-yellow-tenda-esterna-impermeabile\/","title":{"rendered":"Tente Tipi Garden Sunny Yellow, tenda esterna impermeabile"},"content":{"rendered":"<p><img decoding=\"async\" class=\"alignnone size-medium wp-image-2939 alignright\" src=\"https:\/\/cozyanddozy.com\/wp-content\/uploads\/2024\/05\/image00078-400x400.jpeg\" alt=\"\" width=\"400\" height=\"400\" \/><\/p>\n<p class=\"p1\"><b>Cozy&amp;Dozy \u2013 dove i sogni dei bambini di un luogo magico diventano realt\u00e0!<\/b><\/p>\n<p class=\"p1\"><b>La tenda da gioco Tipi giallo solare, perfetta per il giardino o il terrazzo, non \u00e8 solo un luogo dove giocare, ma anche uno spazio sicuro dove il tuo bambino potr\u00e0 divertirsi e creare fantastiche avventure.<\/b><\/p>\n<p class=\"p1\"><b>Le caratteristiche principali della nostra tenda Tipi da giardino includono<\/b>:<\/p>\n<ul class=\"ul1\">\n<li class=\"li1\">Tessuti certificati per un gioco sicuro.<\/li>\n<li class=\"li1\">Costruzione semplice con elementi sicuri, cos\u00ec anche i pi\u00f9 piccoli possono utilizzare la tenda liberamente.<\/li>\n<li class=\"li1\">Bastoncini di rovere e stabilizzatore inclusi, garantiscono stabilit\u00e0 e durata della struttura.<\/li>\n<li class=\"li1\">La superficie idrofobica facilita la pulizia, quindi non devi preoccuparti di macchie o sporco.<\/li>\n<li class=\"li1\">Finestre e tasche cucite nella tenda che aggiungono fascino e rendono il divertimento pi\u00f9 attraente.<\/li>\n<li class=\"li1\">Bandiere decorative e pavimento cuciti nella tenda creano un\u2019atmosfera accogliente e incoraggiano il gioco creativo.<\/li>\n<\/ul>\n<p class=\"p1\">Dopo aver finito di giocare ti baster\u00e0 rimuovere lo stabilizzatore, grazie al quale la tenda si ripiega in un solo gesto e puoi riporla in un angolo della stanza, risparmiando spazio.<\/p>\n<p class=\"p1\"><b>La tenda \u00e8 progettata per 2-3 bambini. Il tepee si piega facilmente e non occupa molto spazio. Possono essere riposti in una custodia di cotone con maniglia.<\/b><\/p>\n<p class=\"p1\">I tessuti con cui sono realizzate le nostre tende tipi sono certificati e provengono da paesi europei, rendendoli sicuri per i bambini.<\/p>\n<p class=\"p1\"><b>Il set da giardino di Cozy&amp;Dozy include:<\/b><\/p>\n<ul class=\"ul1\">\n<li class=\"li1\">tenda tipi (colori tra cui scegliere)<\/li>\n<li class=\"li1\">bandiere decorative<\/li>\n<li class=\"li1\">4 bastoncini pieghevoli in legno di faggio naturale + connettori<\/li>\n<li class=\"li1\">stabilizzatore (impedisce lo spostamento del telaio)<\/li>\n<li class=\"li1\">istruzioni<\/li>\n<\/ul>\n<table class=\"t1\" cellspacing=\"0\" cellpadding=\"0\">\n<tbody>\n<tr>\n<td class=\"td1\" valign=\"top\">\n<p class=\"p1\"><b>Weight<\/b><\/p>\n<\/td>\n<td class=\"td1\" valign=\"top\">\n<p class=\"p1\">2 kg<\/p>\n<\/td>\n<\/tr>\n<tr>\n<td class=\"td1\" valign=\"top\">\n<p class=\"p1\"><b>Height of the tent when unfolded<\/b><\/p>\n<\/td>\n<td class=\"td1\" valign=\"top\">\n<p class=\"p1\">150 cm<\/p>\n<\/td>\n<\/tr>\n<tr>\n<td class=\"td1\" valign=\"top\">\n<p class=\"p1\"><b>Height of the tent when folded<\/b><\/p>\n<\/td>\n<td class=\"td1\" valign=\"top\">\n<p class=\"p1\">170 cm<\/p>\n<\/td>\n<\/tr>\n<tr>\n<td class=\"td1\" valign=\"top\">\n<p class=\"p1\"><b>Floor size<\/b><\/p>\n<\/td>\n<td class=\"td1\" valign=\"top\">\n<p class=\"p1\">110 x 110 cm<\/p>\n<\/td>\n<\/tr>\n<tr>\n<td class=\"td1\" valign=\"top\">\n<p class=\"p1\"><b>Fabric<\/b><\/p>\n<\/td>\n<td class=\"td1\" valign=\"top\">\n<p class=\"p1\">100% Poliester 180g\/m2,<\/p>\n<\/td>\n<\/tr>\n<tr>\n<td class=\"td1\" valign=\"top\">\n<p class=\"p1\"><b>Construction<\/b><\/p>\n<\/td>\n<td class=\"td1\" valign=\"top\">\n<p class=\"p1\">Bacchette in legno di faggio + connettori<\/p>\n<\/td>\n<\/tr>\n<tr>\n<td class=\"td1\" valign=\"top\">\n<p class=\"p1\"><b>Care method<\/b><\/p>\n<\/td>\n<td class=\"td1\" valign=\"top\">\n<p class=\"p1\">Il materiale pu\u00f2 essere lavato in lavatrice a una temperatura di 40 gradi, centrifuga \u2013 max. 800 giri al minuto \/ Non lavare a secco \/ Non candeggiare<\/p>\n<\/td>\n<\/tr>\n<tr>\n<td class=\"td1\" valign=\"top\">\n<p class=\"p1\"><b>Estimated installation time<\/b><\/p>\n<\/td>\n<td class=\"td1\" valign=\"top\">\n<p class=\"p1\">5 min<\/p>\n<\/td>\n<\/tr>\n<tr>\n<td class=\"td1\" valign=\"top\">\n<p class=\"p1\"><b>Color<br \/>\n<\/b><\/p>\n<\/td>\n<td class=\"td1\" valign=\"top\">sunny yellow -giallo solare<\/td>\n<\/tr>\n<\/tbody>\n<\/table>\n<p class=\"p1\"><b>Informazioni aggiuntive:<\/b><\/p>\n<ul class=\"ul1\">\n<li class=\"li1\">Altezza telaio: 170 cm (5\u2032 6\u2033);<\/li>\n<li class=\"li1\">Altezza della tenda aperta: 150 cm (4\u2032 11\u2033);<\/li>\n<li class=\"li1\">Dimensioni del pavimento: 110\u00d7110 cm (3\u20326\u2033\/3\u2032 6\u2033)<\/li>\n<li class=\"li1\">Peso della scatola: ~4-5 kg (dipende dal set)<\/li>\n<\/ul>\n<p class=\"p1\"><img decoding=\"async\" class=\"alignnone size-medium wp-image-957\" style=\"font-size: 14.4px;\" src=\"https:\/\/cozyanddozy.com\/wp-content\/uploads\/2023\/02\/tipi-pine-green-garden-waterproof-cozydots-400x400.jpg\" alt=\"\" width=\"400\" height=\"400\" srcset=\"https:\/\/cozyanddozy.com\/it\/wp-content\/uploads\/2023\/02\/tipi-pine-green-garden-waterproof-cozydots-400x400.jpg 400w, https:\/\/cozyanddozy.com\/it\/wp-content\/uploads\/2023\/02\/tipi-pine-green-garden-waterproof-cozydots-470x470.jpg 470w, https:\/\/cozyanddozy.com\/it\/wp-content\/uploads\/2023\/02\/tipi-pine-green-garden-waterproof-cozydots-100x100.jpg 100w, https:\/\/cozyanddozy.com\/it\/wp-content\/uploads\/2023\/02\/tipi-pine-green-garden-waterproof-cozydots-800x800.jpg 800w, https:\/\/cozyanddozy.com\/it\/wp-content\/uploads\/2023\/02\/tipi-pine-green-garden-waterproof-cozydots.jpg 1200w, https:\/\/cozyanddozy.com\/it\/wp-content\/uploads\/2023\/02\/tipi-pine-green-garden-waterproof-cozydots-150x150.jpg 150w, https:\/\/cozyanddozy.com\/it\/wp-content\/uploads\/2023\/02\/tipi-pine-green-garden-waterproof-cozydots-768x768.jpg 768w, https:\/\/cozyanddozy.com\/it\/wp-content\/uploads\/2023\/02\/tipi-pine-green-garden-waterproof-cozydots-300x300.jpg 300w, https:\/\/cozyanddozy.com\/it\/wp-content\/uploads\/2023\/02\/tipi-pine-green-garden-waterproof-cozydots-1024x1024.jpg 1024w\" sizes=\"(max-width: 400px) 100vw, 400px\" \/> <img decoding=\"async\" class=\"alignnone size-medium wp-image-954\" style=\"font-size: 14.4px;\" src=\"https:\/\/cozyanddozy.com\/wp-content\/uploads\/2023\/02\/teeepee-garden-400x400.jpg\" alt=\"\" width=\"400\" height=\"400\" srcset=\"https:\/\/cozyanddozy.com\/it\/wp-content\/uploads\/2023\/02\/teeepee-garden-400x400.jpg 400w, https:\/\/cozyanddozy.com\/it\/wp-content\/uploads\/2023\/02\/teeepee-garden-470x470.jpg 470w, https:\/\/cozyanddozy.com\/it\/wp-content\/uploads\/2023\/02\/teeepee-garden-100x100.jpg 100w, https:\/\/cozyanddozy.com\/it\/wp-content\/uploads\/2023\/02\/teeepee-garden-800x800.jpg 800w, https:\/\/cozyanddozy.com\/it\/wp-content\/uploads\/2023\/02\/teeepee-garden.jpg 1200w, https:\/\/cozyanddozy.com\/it\/wp-content\/uploads\/2023\/02\/teeepee-garden-150x150.jpg 150w, https:\/\/cozyanddozy.com\/it\/wp-content\/uploads\/2023\/02\/teeepee-garden-768x768.jpg 768w, https:\/\/cozyanddozy.com\/it\/wp-content\/uploads\/2023\/02\/teeepee-garden-300x300.jpg 300w, https:\/\/cozyanddozy.com\/it\/wp-content\/uploads\/2023\/02\/teeepee-garden-1024x1024.jpg 1024w\" sizes=\"(max-width: 400px) 100vw, 400px\" \/> <img decoding=\"async\" class=\"alignnone size-medium wp-image-943\" style=\"font-size: 14.4px;\" src=\"https:\/\/cozyanddozy.com\/wp-content\/uploads\/2023\/02\/teepee-party-garden-waterproof-400x400.jpg\" alt=\"\" width=\"400\" height=\"400\" srcset=\"https:\/\/cozyanddozy.com\/it\/wp-content\/uploads\/2023\/02\/teepee-party-garden-waterproof-400x400.jpg 400w, https:\/\/cozyanddozy.com\/it\/wp-content\/uploads\/2023\/02\/teepee-party-garden-waterproof-470x470.jpg 470w, https:\/\/cozyanddozy.com\/it\/wp-content\/uploads\/2023\/02\/teepee-party-garden-waterproof-100x100.jpg 100w, https:\/\/cozyanddozy.com\/it\/wp-content\/uploads\/2023\/02\/teepee-party-garden-waterproof-800x800.jpg 800w, https:\/\/cozyanddozy.com\/it\/wp-content\/uploads\/2023\/02\/teepee-party-garden-waterproof.jpg 1200w, https:\/\/cozyanddozy.com\/it\/wp-content\/uploads\/2023\/02\/teepee-party-garden-waterproof-150x150.jpg 150w, https:\/\/cozyanddozy.com\/it\/wp-content\/uploads\/2023\/02\/teepee-party-garden-waterproof-768x768.jpg 768w, https:\/\/cozyanddozy.com\/it\/wp-content\/uploads\/2023\/02\/teepee-party-garden-waterproof-300x300.jpg 300w, https:\/\/cozyanddozy.com\/it\/wp-content\/uploads\/2023\/02\/teepee-party-garden-waterproof-1024x1024.jpg 1024w\" sizes=\"(max-width: 400px) 100vw, 400px\" \/> <img decoding=\"async\" class=\"alignnone size-medium wp-image-942\" style=\"font-size: 14.4px;\" src=\"https:\/\/cozyanddozy.com\/wp-content\/uploads\/2023\/02\/pink-tipi-400x400.jpg\" alt=\"\" width=\"400\" height=\"400\" srcset=\"https:\/\/cozyanddozy.com\/it\/wp-content\/uploads\/2023\/02\/pink-tipi-400x400.jpg 400w, https:\/\/cozyanddozy.com\/it\/wp-content\/uploads\/2023\/02\/pink-tipi-470x470.jpg 470w, https:\/\/cozyanddozy.com\/it\/wp-content\/uploads\/2023\/02\/pink-tipi-100x100.jpg 100w, https:\/\/cozyanddozy.com\/it\/wp-content\/uploads\/2023\/02\/pink-tipi-800x800.jpg 800w, https:\/\/cozyanddozy.com\/it\/wp-content\/uploads\/2023\/02\/pink-tipi.jpg 1200w, https:\/\/cozyanddozy.com\/it\/wp-content\/uploads\/2023\/02\/pink-tipi-150x150.jpg 150w, https:\/\/cozyanddozy.com\/it\/wp-content\/uploads\/2023\/02\/pink-tipi-768x768.jpg 768w, https:\/\/cozyanddozy.com\/it\/wp-content\/uploads\/2023\/02\/pink-tipi-300x300.jpg 300w, https:\/\/cozyanddozy.com\/it\/wp-content\/uploads\/2023\/02\/pink-tipi-1024x1024.jpg 1024w\" sizes=\"(max-width: 400px) 100vw, 400px\" \/> <img decoding=\"async\" class=\"alignnone size-medium wp-image-937\" style=\"font-size: 14.4px;\" src=\"https:\/\/cozyanddozy.com\/wp-content\/uploads\/2023\/02\/pink-teepee-cozydots-400x400.jpg\" alt=\"\" width=\"400\" height=\"400\" srcset=\"https:\/\/cozyanddozy.com\/it\/wp-content\/uploads\/2023\/02\/pink-teepee-cozydots-400x400.jpg 400w, https:\/\/cozyanddozy.com\/it\/wp-content\/uploads\/2023\/02\/pink-teepee-cozydots-470x470.jpg 470w, https:\/\/cozyanddozy.com\/it\/wp-content\/uploads\/2023\/02\/pink-teepee-cozydots-100x100.jpg 100w, https:\/\/cozyanddozy.com\/it\/wp-content\/uploads\/2023\/02\/pink-teepee-cozydots-800x800.jpg 800w, https:\/\/cozyanddozy.com\/it\/wp-content\/uploads\/2023\/02\/pink-teepee-cozydots.jpg 1200w, https:\/\/cozyanddozy.com\/it\/wp-content\/uploads\/2023\/02\/pink-teepee-cozydots-150x150.jpg 150w, https:\/\/cozyanddozy.com\/it\/wp-content\/uploads\/2023\/02\/pink-teepee-cozydots-768x768.jpg 768w, https:\/\/cozyanddozy.com\/it\/wp-content\/uploads\/2023\/02\/pink-teepee-cozydots-300x300.jpg 300w, https:\/\/cozyanddozy.com\/it\/wp-content\/uploads\/2023\/02\/pink-teepee-cozydots-1024x1024.jpg 1024w\" sizes=\"(max-width: 400px) 100vw, 400px\" \/> <img decoding=\"async\" class=\"alignnone size-medium wp-image-975\" style=\"font-size: 14.4px;\" src=\"https:\/\/cozyanddozy.com\/wp-content\/uploads\/2023\/02\/garden-blue-tipi-400x400.jpg\" alt=\"\" width=\"400\" height=\"400\" srcset=\"https:\/\/cozyanddozy.com\/it\/wp-content\/uploads\/2023\/02\/garden-blue-tipi-400x400.jpg 400w, https:\/\/cozyanddozy.com\/it\/wp-content\/uploads\/2023\/02\/garden-blue-tipi-470x470.jpg 470w, https:\/\/cozyanddozy.com\/it\/wp-content\/uploads\/2023\/02\/garden-blue-tipi-100x100.jpg 100w, https:\/\/cozyanddozy.com\/it\/wp-content\/uploads\/2023\/02\/garden-blue-tipi-800x800.jpg 800w, https:\/\/cozyanddozy.com\/it\/wp-content\/uploads\/2023\/02\/garden-blue-tipi.jpg 1200w, https:\/\/cozyanddozy.com\/it\/wp-content\/uploads\/2023\/02\/garden-blue-tipi-150x150.jpg 150w, https:\/\/cozyanddozy.com\/it\/wp-content\/uploads\/2023\/02\/garden-blue-tipi-768x768.jpg 768w, https:\/\/cozyanddozy.com\/it\/wp-content\/uploads\/2023\/02\/garden-blue-tipi-300x300.jpg 300w, https:\/\/cozyanddozy.com\/it\/wp-content\/uploads\/2023\/02\/garden-blue-tipi-1024x1024.jpg 1024w\" sizes=\"(max-width: 400px) 100vw, 400px\" \/><\/p>\n<p class=\"p1\"><b>La tenda Tipi di Cozy&amp;Dozy \u00e8 stata creata pensando alla sicurezza e al comfort del tuo bambino, garantendo non solo indimenticabili momenti di divertimento, ma anche un sonno tranquillo e la gioia di avere il proprio posto magico. La tenda \u00e8 disponibile anche con materassino morbido. Ti invitiamo anche ad abbinarli a morbidi cuscini a forma di fiori, conchiglie o dinosauri.<\/b><\/p>\n<p class=\"p1\"><b>Benvenuto nel mondo di Cozy&amp;Dozy, un luogo dove creiamo oasi accoglienti con bellissimi cuscini e accessori per il tuo bambino. Il nostro marchio \u00e8 molto pi\u00f9 che semplici prodotti: \u00e8 una filosofia di vita che mira a creare oggetti che diventeranno parte integrante delle vostre case per anni, tramandati di generazione in generazione.<\/b><\/p>\n<p class=\"p1\">I nostri prodotti non sono solo ben progettati, ma anche realizzati con la massima cura dalle nostre amate sarte che lavorano con noi da 8 anni e prestano attenzione ai dettagli. Ogni articolo della nostra collezione \u00e8 accuratamente selezionato per garantire sia l\u2019estetica che la funzionalit\u00e0.<\/p>\n<p class=\"p1\">I nostri prodotti sono facili da pulire, il che rende la vita di tutti i giorni pi\u00f9 semplice e piacevole. Crediamo che anche i pi\u00f9 piccoli dettagli possano influenzare il comfort e l\u2019armonia nella tua casa.<\/p>\n<p class=\"p1\">Cozy&amp;Dozy non \u00e8 solo un marchio, \u00e8 una comunit\u00e0 di persone che amano e valorizzano il proprio lavoro. Ogni nostro prodotto \u00e8 il risultato della passione, dell\u2019impegno e della professionalit\u00e0 del nostro team.<\/p>\n<p class=\"p1\">Grazie per aver scelto il nostro marchio e ti promettiamo che continueremo a impegnarci per soddisfare le tue aspettative e fornirti prodotti che porteranno pi\u00f9 gioia e conforto nella tua vita.<\/p>\n<p class=\"p1\"><b>Tutti gli articoli Cozy &amp; Dozy sono progettati e cuciti in Polonia<\/b><\/p>\n<p class=\"p1\">\n","protected":false},"excerpt":{"rendered":"<p><b>La tenda da gioco Tipi giallo solare, perfetta per il giardino o il terrazzo, non \u00e8 solo un luogo dove giocare, ma anche uno spazio sicuro dove il tuo bambino potr\u00e0 divertirsi e creare fantastiche avventure.<\/b><\/p>\n","protected":false},"featured_media":2293,"comment_status":"open","ping_status":"closed","template":"","meta":[],"product_brand":[],"product_cat":[16],"product_tag":[],"class_list":{"0":"post-2735","1":"product","2":"type-product","3":"status-publish","4":"has-post-thumbnail","6":"product_cat-tende-tipi-per-bambini","8":"first","9":"instock","10":"sale","11":"shipping-taxable","12":"product-type-simple"},"yoast_head":"<!-- This site is optimized with the Yoast SEO Premium plugin v21.9 (Yoast SEO v27.0) - https:\/\/yoast.com\/product\/yoast-seo-premium-wordpress\/ -->\n<title>Tente Tipi Garden Sunny Yellow, tenda esterna impermeabile - Cozy &amp; Dozy<\/title>\n<meta name=\"description\" content=\"La tenda da gioco Tipi giallo solare, perfetta per il giardino o il terrazzo, non \u00e8 solo un luogo dove giocare, ma anche uno spazio sicuro dove il tuo bambino potr\u00e0 divertirsi e creare fantastiche avventure.\" \/>\n<meta name=\"robots\" content=\"index, follow, max-snippet:-1, max-image-preview:large, max-video-preview:-1\" \/>\n<link rel=\"canonical\" href=\"https:\/\/cozyanddozy.com\/it\/prodotto\/tente-tipi-garden-sunny-yellow-tenda-esterna-impermeabile\/\" \/>\n<meta property=\"og:locale\" content=\"it_IT\" \/>\n<meta property=\"og:type\" content=\"article\" \/>\n<meta property=\"og:title\" content=\"Tente Tipi Garden Sunny Yellow, tenda esterna impermeabile\" \/>\n<meta property=\"og:description\" content=\"La tenda da gioco Tipi giallo solare, perfetta per il giardino o il terrazzo, non \u00e8 solo un luogo dove giocare, ma anche uno spazio sicuro dove il tuo bambino potr\u00e0 divertirsi e creare fantastiche avventure.\" \/>\n<meta property=\"og:url\" content=\"https:\/\/cozyanddozy.com\/it\/prodotto\/tente-tipi-garden-sunny-yellow-tenda-esterna-impermeabile\/\" \/>\n<meta property=\"og:site_name\" content=\"Cozy &amp; Dozy\" \/>\n<meta property=\"article:modified_time\" content=\"2025-04-21T15:18:10+00:00\" \/>\n<meta property=\"og:image\" content=\"https:\/\/cozyanddozy.com\/it\/wp-content\/uploads\/2024\/05\/image00071-scaled.jpeg\" \/>\n\t<meta property=\"og:image:width\" content=\"2560\" \/>\n\t<meta property=\"og:image:height\" content=\"2560\" \/>\n\t<meta property=\"og:image:type\" content=\"image\/jpeg\" \/>\n<meta name=\"twitter:card\" content=\"summary_large_image\" \/>\n<meta name=\"twitter:label1\" content=\"Prezzo\" \/>\n\t<meta name=\"twitter:data1\" content=\"99,00&nbsp;&euro;\" \/>\n\t<meta name=\"twitter:label2\" content=\"Disponibilit\u00e0\" \/>\n\t<meta name=\"twitter:data2\" content=\"In stock\" \/>\n<script type=\"application\/ld+json\" class=\"yoast-schema-graph\">{\"@context\":\"https:\/\/schema.org\",\"@graph\":[{\"@type\":\"WebPage\",\"@id\":\"https:\/\/cozyanddozy.com\/it\/prodotto\/tente-tipi-garden-sunny-yellow-tenda-esterna-impermeabile\/\",\"url\":\"https:\/\/cozyanddozy.com\/it\/prodotto\/tente-tipi-garden-sunny-yellow-tenda-esterna-impermeabile\/\",\"name\":\"Tente Tipi Garden Sunny Yellow, tenda esterna impermeabile - Cozy & Dozy\",\"isPartOf\":{\"@id\":\"https:\/\/cozyanddozy.com\/it\/#website\"},\"primaryImageOfPage\":{\"@id\":\"https:\/\/cozyanddozy.com\/it\/prodotto\/tente-tipi-garden-sunny-yellow-tenda-esterna-impermeabile\/#primaryimage\"},\"image\":{\"@id\":\"https:\/\/cozyanddozy.com\/it\/prodotto\/tente-tipi-garden-sunny-yellow-tenda-esterna-impermeabile\/#primaryimage\"},\"thumbnailUrl\":\"https:\/\/cozyanddozy.com\/it\/wp-content\/uploads\/2024\/05\/image00071-scaled.jpeg\",\"datePublished\":\"2025-04-21T14:41:57+00:00\",\"dateModified\":\"2025-04-21T15:18:10+00:00\",\"description\":\"La tenda da gioco Tipi giallo solare, perfetta per il giardino o il terrazzo, non \u00e8 solo un luogo dove giocare, ma anche uno spazio sicuro dove il tuo bambino potr\u00e0 divertirsi e creare fantastiche avventure.\",\"breadcrumb\":{\"@id\":\"https:\/\/cozyanddozy.com\/it\/prodotto\/tente-tipi-garden-sunny-yellow-tenda-esterna-impermeabile\/#breadcrumb\"},\"inLanguage\":\"it-IT\",\"potentialAction\":[{\"@type\":\"ReadAction\",\"target\":[\"https:\/\/cozyanddozy.com\/it\/prodotto\/tente-tipi-garden-sunny-yellow-tenda-esterna-impermeabile\/\"]}]},{\"@type\":\"ImageObject\",\"inLanguage\":\"it-IT\",\"@id\":\"https:\/\/cozyanddozy.com\/it\/prodotto\/tente-tipi-garden-sunny-yellow-tenda-esterna-impermeabile\/#primaryimage\",\"url\":\"https:\/\/cozyanddozy.com\/it\/wp-content\/uploads\/2024\/05\/image00071-scaled.jpeg\",\"contentUrl\":\"https:\/\/cozyanddozy.com\/it\/wp-content\/uploads\/2024\/05\/image00071-scaled.jpeg\",\"width\":2560,\"height\":2560},{\"@type\":\"BreadcrumbList\",\"@id\":\"https:\/\/cozyanddozy.com\/it\/prodotto\/tente-tipi-garden-sunny-yellow-tenda-esterna-impermeabile\/#breadcrumb\",\"itemListElement\":[{\"@type\":\"ListItem\",\"position\":1,\"name\":\"Home\",\"item\":\"https:\/\/cozyanddozy.com\/it\/\"},{\"@type\":\"ListItem\",\"position\":2,\"name\":\"Negozio\",\"item\":\"https:\/\/cozyanddozy.com\/it\/negozio\/\"},{\"@type\":\"ListItem\",\"position\":3,\"name\":\"Tente Tipi Garden Sunny Yellow, tenda esterna impermeabile\"}]},{\"@type\":\"WebSite\",\"@id\":\"https:\/\/cozyanddozy.com\/it\/#website\",\"url\":\"https:\/\/cozyanddozy.com\/it\/\",\"name\":\"Cozy & Dozy\",\"description\":\"\",\"potentialAction\":[{\"@type\":\"SearchAction\",\"target\":{\"@type\":\"EntryPoint\",\"urlTemplate\":\"https:\/\/cozyanddozy.com\/it\/?s={search_term_string}\"},\"query-input\":{\"@type\":\"PropertyValueSpecification\",\"valueRequired\":true,\"valueName\":\"search_term_string\"}}],\"inLanguage\":\"it-IT\"}]}<\/script>\n<meta property=\"product:price:amount\" content=\"99.00\" \/>\n<meta property=\"product:price:currency\" content=\"EUR\" \/>\n<meta property=\"og:availability\" content=\"instock\" \/>\n<meta property=\"product:availability\" content=\"instock\" \/>\n<meta property=\"product:retailer_item_id\" content=\"5902701498375\" \/>\n<meta property=\"product:condition\" content=\"new\" \/>\n<!-- \/ Yoast SEO Premium plugin. -->","yoast_head_json":{"title":"Tente Tipi Garden Sunny Yellow, tenda esterna impermeabile - Cozy & Dozy","description":"La tenda da gioco Tipi giallo solare, perfetta per il giardino o il terrazzo, non \u00e8 solo un luogo dove giocare, ma anche uno spazio sicuro dove il tuo bambino potr\u00e0 divertirsi e creare fantastiche avventure.","robots":{"index":"index","follow":"follow","max-snippet":"max-snippet:-1","max-image-preview":"max-image-preview:large","max-video-preview":"max-video-preview:-1"},"canonical":"https:\/\/cozyanddozy.com\/it\/prodotto\/tente-tipi-garden-sunny-yellow-tenda-esterna-impermeabile\/","og_locale":"it_IT","og_type":"article","og_title":"Tente Tipi Garden Sunny Yellow, tenda esterna impermeabile","og_description":"La tenda da gioco Tipi giallo solare, perfetta per il giardino o il terrazzo, non \u00e8 solo un luogo dove giocare, ma anche uno spazio sicuro dove il tuo bambino potr\u00e0 divertirsi e creare fantastiche avventure.","og_url":"https:\/\/cozyanddozy.com\/it\/prodotto\/tente-tipi-garden-sunny-yellow-tenda-esterna-impermeabile\/","og_site_name":"Cozy &amp; Dozy","article_modified_time":"2025-04-21T15:18:10+00:00","og_image":[{"width":2560,"height":2560,"url":"https:\/\/cozyanddozy.com\/it\/wp-content\/uploads\/2024\/05\/image00071-scaled.jpeg","type":"image\/jpeg"}],"twitter_card":"summary_large_image","twitter_misc":{"Prezzo":"99,00&nbsp;&euro;","Disponibilit\u00e0":"In stock"},"schema":{"@context":"https:\/\/schema.org","@graph":[{"@type":"WebPage","@id":"https:\/\/cozyanddozy.com\/it\/prodotto\/tente-tipi-garden-sunny-yellow-tenda-esterna-impermeabile\/","url":"https:\/\/cozyanddozy.com\/it\/prodotto\/tente-tipi-garden-sunny-yellow-tenda-esterna-impermeabile\/","name":"Tente Tipi Garden Sunny Yellow, tenda esterna impermeabile - Cozy & Dozy","isPartOf":{"@id":"https:\/\/cozyanddozy.com\/it\/#website"},"primaryImageOfPage":{"@id":"https:\/\/cozyanddozy.com\/it\/prodotto\/tente-tipi-garden-sunny-yellow-tenda-esterna-impermeabile\/#primaryimage"},"image":{"@id":"https:\/\/cozyanddozy.com\/it\/prodotto\/tente-tipi-garden-sunny-yellow-tenda-esterna-impermeabile\/#primaryimage"},"thumbnailUrl":"https:\/\/cozyanddozy.com\/it\/wp-content\/uploads\/2024\/05\/image00071-scaled.jpeg","datePublished":"2025-04-21T14:41:57+00:00","dateModified":"2025-04-21T15:18:10+00:00","description":"La tenda da gioco Tipi giallo solare, perfetta per il giardino o il terrazzo, non \u00e8 solo un luogo dove giocare, ma anche uno spazio sicuro dove il tuo bambino potr\u00e0 divertirsi e creare fantastiche avventure.","breadcrumb":{"@id":"https:\/\/cozyanddozy.com\/it\/prodotto\/tente-tipi-garden-sunny-yellow-tenda-esterna-impermeabile\/#breadcrumb"},"inLanguage":"it-IT","potentialAction":[{"@type":"ReadAction","target":["https:\/\/cozyanddozy.com\/it\/prodotto\/tente-tipi-garden-sunny-yellow-tenda-esterna-impermeabile\/"]}]},{"@type":"ImageObject","inLanguage":"it-IT","@id":"https:\/\/cozyanddozy.com\/it\/prodotto\/tente-tipi-garden-sunny-yellow-tenda-esterna-impermeabile\/#primaryimage","url":"https:\/\/cozyanddozy.com\/it\/wp-content\/uploads\/2024\/05\/image00071-scaled.jpeg","contentUrl":"https:\/\/cozyanddozy.com\/it\/wp-content\/uploads\/2024\/05\/image00071-scaled.jpeg","width":2560,"height":2560},{"@type":"BreadcrumbList","@id":"https:\/\/cozyanddozy.com\/it\/prodotto\/tente-tipi-garden-sunny-yellow-tenda-esterna-impermeabile\/#breadcrumb","itemListElement":[{"@type":"ListItem","position":1,"name":"Home","item":"https:\/\/cozyanddozy.com\/it\/"},{"@type":"ListItem","position":2,"name":"Negozio","item":"https:\/\/cozyanddozy.com\/it\/negozio\/"},{"@type":"ListItem","position":3,"name":"Tente Tipi Garden Sunny Yellow, tenda esterna impermeabile"}]},{"@type":"WebSite","@id":"https:\/\/cozyanddozy.com\/it\/#website","url":"https:\/\/cozyanddozy.com\/it\/","name":"Cozy & Dozy","description":"","potentialAction":[{"@type":"SearchAction","target":{"@type":"EntryPoint","urlTemplate":"https:\/\/cozyanddozy.com\/it\/?s={search_term_string}"},"query-input":{"@type":"PropertyValueSpecification","valueRequired":true,"valueName":"search_term_string"}}],"inLanguage":"it-IT"}]},"product_price_amount":"99.00","product_price_currency":"EUR","og_availability":"instock","product_availability":"instock","product_retailer_item_id":"5902701498375","product_condition":"new"},"_links":{"self":[{"href":"https:\/\/cozyanddozy.com\/it\/wp-json\/wp\/v2\/product\/2735","targetHints":{"allow":["GET"]}}],"collection":[{"href":"https:\/\/cozyanddozy.com\/it\/wp-json\/wp\/v2\/product"}],"about":[{"href":"https:\/\/cozyanddozy.com\/it\/wp-json\/wp\/v2\/types\/product"}],"replies":[{"embeddable":true,"href":"https:\/\/cozyanddozy.com\/it\/wp-json\/wp\/v2\/comments?post=2735"}],"wp:featuredmedia":[{"embeddable":true,"href":"https:\/\/cozyanddozy.com\/it\/wp-json\/wp\/v2\/media\/2293"}],"wp:attachment":[{"href":"https:\/\/cozyanddozy.com\/it\/wp-json\/wp\/v2\/media?parent=2735"}],"wp:term":[{"taxonomy":"product_brand","embeddable":true,"href":"https:\/\/cozyanddozy.com\/it\/wp-json\/wp\/v2\/product_brand?post=2735"},{"taxonomy":"product_cat","embeddable":true,"href":"https:\/\/cozyanddozy.com\/it\/wp-json\/wp\/v2\/product_cat?post=2735"},{"taxonomy":"product_tag","embeddable":true,"href":"https:\/\/cozyanddozy.com\/it\/wp-json\/wp\/v2\/product_tag?post=2735"}],"curies":[{"name":"wp","href":"https:\/\/api.w.org\/{rel}","templated":true}]}}