{"id":2373,"date":"2024-07-02T21:07:25","date_gmt":"2024-07-02T20:07:25","guid":{"rendered":"https:\/\/cozyanddozy.com\/?post_type=product&#038;p=3018"},"modified":"2024-07-02T23:08:02","modified_gmt":"2024-07-02T22:08:02","slug":"cuscino-rosa-con-cavalluccio-marino-pink-seahorse","status":"publish","type":"product","link":"https:\/\/cozyanddozy.com\/it\/prodotto\/cuscino-rosa-con-cavalluccio-marino-pink-seahorse\/","title":{"rendered":"Cuscino rosa con cavalluccio marino \u2013 Pink Seahorse"},"content":{"rendered":"<p><b>Migliora l&#8217;arredamento della camera del tuo bambino e regalagli un amico straordinario &#8211; il cuscino con cavalluccio marino!<\/b><\/p>\n<p>Il cuscino per bambini a forma di cavalluccio marino non \u00e8 solo un comodo elemento d&#8217;arredo per la camera, ma soprattutto un compagno perfetto per il gioco.<\/p>\n<p><b>Questo grande cuscino di 70&#215;60 cm \u00e8 realizzato in morbido velluto e tessuto decorativo con una struttura brillante, che aggiunge fascino<\/b>. Non \u00e8 solo un pezzo decorativo, ma anche un compagno ideale per coccole durante il gioco quotidiano. Progettato con la sicurezza dei bambini in mente, il cuscino \u00e8 realizzato con tessuti europei. <b>Il riempimento morbido e piacevole al tatto offre comfort e praticit\u00e0 durante il gioco e il riposo. La sua dimensione lo rende perfetto per essere abbracciato, e il motivo adorabile del cavalluccio marino promuove il gioco creativo quotidiano.<\/b>Il cuscino con cavalluccio marino non solo sar\u00e0 un ottimo aggiunta alla camera di un bambino ma anche un compagno nelle avventure quotidiane. \u00c8 facile da mantenere in quanto pu\u00f2 essere lavato in lavatrice senza problemi. E soprattutto, \u00e8 stato progettato e realizzato in Polonia dal marchio Cozy&amp;Dozy, garantendo la massima qualit\u00e0 e materiali sicuri. Porta non solo un&#8217;atmosfera accogliente ma anche gioia e colore al gioco quotidiano di un bambino.<\/p>\n<p>Descrizione del cuscino:<\/p>\n<ul>\n<li>cuscino di colore rosa<\/li>\n<li>dimensioni:70\u00d760 cm<\/li>\n<li>imbottitura ipoallergenica<\/li>\n<li>realizzato in velluto 100% PES, tessuto certificato<\/li>\n<li>Prodotto certificato CE<\/li>\n<li>progettato e cucito da Cozy&amp;Dozy in Polonia.<\/li>\n<\/ul>\n<p>Metodo di cura:<\/p>\n<ul>\n<li>Lavare a 40\u00b0 \u2013 programma delicati<\/li>\n<li>Non stirare e lavare a secco<\/li>\n<li>Non clorare<\/li>\n<\/ul>\n<p>La sicurezza dei bambini \u00e8 la cosa pi\u00f9 importante per noi, ecco perch\u00e9 la ghirlanda e il cuscino sono realizzati al 100% con velluto della massima qualit\u00e0.<\/p>\n<p>I nostri prodotti sono certificati CE, quindi puoi regalarli a tuo figlio senza preoccupazioni.<\/p>\n","protected":false},"excerpt":{"rendered":"<p>Cuscino rosa con cavalluccio marino realizzato in morbido velluto. Grande cuscino con cavalluccio marino: regalo perfetto per ogni bambino<\/p>\n","protected":false},"featured_media":2361,"comment_status":"open","ping_status":"closed","template":"","meta":[],"product_brand":[],"product_cat":[17],"product_tag":[],"class_list":{"0":"post-2373","1":"product","2":"type-product","3":"status-publish","4":"has-post-thumbnail","6":"product_cat-cuscini-pouf","8":"first","9":"instock","10":"shipping-taxable","11":"product-type-simple"},"yoast_head":"<!-- This site is optimized with the Yoast SEO Premium plugin v21.9 (Yoast SEO v27.0) - https:\/\/yoast.com\/product\/yoast-seo-premium-wordpress\/ -->\n<title>Cuscino rosa con cavalluccio marino \u2013 Pink Seahorse - Cozy &amp; Dozy<\/title>\n<meta name=\"description\" content=\"Cuscino rosa con cavalluccio marino realizzato in morbido velluto. Grande cuscino con cavalluccio marino: regalo perfetto per ogni bambino\" \/>\n<meta name=\"robots\" content=\"index, follow, max-snippet:-1, max-image-preview:large, max-video-preview:-1\" \/>\n<link rel=\"canonical\" href=\"https:\/\/cozyanddozy.com\/it\/prodotto\/cuscino-rosa-con-cavalluccio-marino-pink-seahorse\/\" \/>\n<meta property=\"og:locale\" content=\"it_IT\" \/>\n<meta property=\"og:type\" content=\"article\" \/>\n<meta property=\"og:title\" content=\"Cuscino rosa con cavalluccio marino \u2013 Pink Seahorse\" \/>\n<meta property=\"og:description\" content=\"Cuscino rosa con cavalluccio marino realizzato in morbido velluto. Grande cuscino con cavalluccio marino: regalo perfetto per ogni bambino\" \/>\n<meta property=\"og:url\" content=\"https:\/\/cozyanddozy.com\/it\/prodotto\/cuscino-rosa-con-cavalluccio-marino-pink-seahorse\/\" \/>\n<meta property=\"og:site_name\" content=\"Cozy &amp; Dozy\" \/>\n<meta property=\"article:modified_time\" content=\"2024-07-02T22:08:02+00:00\" \/>\n<meta property=\"og:image\" content=\"https:\/\/cozyanddozy.com\/it\/wp-content\/uploads\/2024\/07\/seahorse-pillows-cozyanddozy.jpeg\" \/>\n\t<meta property=\"og:image:width\" content=\"1200\" \/>\n\t<meta property=\"og:image:height\" content=\"1200\" \/>\n\t<meta property=\"og:image:type\" content=\"image\/jpeg\" \/>\n<meta name=\"twitter:card\" content=\"summary_large_image\" \/>\n<meta name=\"twitter:label1\" content=\"Prezzo\" \/>\n\t<meta name=\"twitter:data1\" content=\"39,00&nbsp;&euro;\" \/>\n\t<meta name=\"twitter:label2\" content=\"Disponibilit\u00e0\" \/>\n\t<meta name=\"twitter:data2\" content=\"In stock\" \/>\n<script type=\"application\/ld+json\" class=\"yoast-schema-graph\">{\"@context\":\"https:\/\/schema.org\",\"@graph\":[{\"@type\":\"WebPage\",\"@id\":\"https:\/\/cozyanddozy.com\/it\/prodotto\/cuscino-rosa-con-cavalluccio-marino-pink-seahorse\/\",\"url\":\"https:\/\/cozyanddozy.com\/it\/prodotto\/cuscino-rosa-con-cavalluccio-marino-pink-seahorse\/\",\"name\":\"Cuscino rosa con cavalluccio marino \u2013 Pink Seahorse - Cozy & Dozy\",\"isPartOf\":{\"@id\":\"https:\/\/cozyanddozy.com\/it\/#website\"},\"primaryImageOfPage\":{\"@id\":\"https:\/\/cozyanddozy.com\/it\/prodotto\/cuscino-rosa-con-cavalluccio-marino-pink-seahorse\/#primaryimage\"},\"image\":{\"@id\":\"https:\/\/cozyanddozy.com\/it\/prodotto\/cuscino-rosa-con-cavalluccio-marino-pink-seahorse\/#primaryimage\"},\"thumbnailUrl\":\"https:\/\/cozyanddozy.com\/it\/wp-content\/uploads\/2024\/07\/seahorse-pillows-cozyanddozy.jpeg\",\"datePublished\":\"2024-07-02T20:07:25+00:00\",\"dateModified\":\"2024-07-02T22:08:02+00:00\",\"description\":\"Cuscino rosa con cavalluccio marino realizzato in morbido velluto. Grande cuscino con cavalluccio marino: regalo perfetto per ogni bambino\",\"breadcrumb\":{\"@id\":\"https:\/\/cozyanddozy.com\/it\/prodotto\/cuscino-rosa-con-cavalluccio-marino-pink-seahorse\/#breadcrumb\"},\"inLanguage\":\"it-IT\",\"potentialAction\":[{\"@type\":\"ReadAction\",\"target\":[\"https:\/\/cozyanddozy.com\/it\/prodotto\/cuscino-rosa-con-cavalluccio-marino-pink-seahorse\/\"]}]},{\"@type\":\"ImageObject\",\"inLanguage\":\"it-IT\",\"@id\":\"https:\/\/cozyanddozy.com\/it\/prodotto\/cuscino-rosa-con-cavalluccio-marino-pink-seahorse\/#primaryimage\",\"url\":\"https:\/\/cozyanddozy.com\/it\/wp-content\/uploads\/2024\/07\/seahorse-pillows-cozyanddozy.jpeg\",\"contentUrl\":\"https:\/\/cozyanddozy.com\/it\/wp-content\/uploads\/2024\/07\/seahorse-pillows-cozyanddozy.jpeg\",\"width\":1200,\"height\":1200},{\"@type\":\"BreadcrumbList\",\"@id\":\"https:\/\/cozyanddozy.com\/it\/prodotto\/cuscino-rosa-con-cavalluccio-marino-pink-seahorse\/#breadcrumb\",\"itemListElement\":[{\"@type\":\"ListItem\",\"position\":1,\"name\":\"Home\",\"item\":\"https:\/\/cozyanddozy.com\/it\/\"},{\"@type\":\"ListItem\",\"position\":2,\"name\":\"Negozio\",\"item\":\"https:\/\/cozyanddozy.com\/it\/negozio\/\"},{\"@type\":\"ListItem\",\"position\":3,\"name\":\"Cuscino rosa con cavalluccio marino \u2013 Pink Seahorse\"}]},{\"@type\":\"WebSite\",\"@id\":\"https:\/\/cozyanddozy.com\/it\/#website\",\"url\":\"https:\/\/cozyanddozy.com\/it\/\",\"name\":\"Cozy & Dozy\",\"description\":\"\",\"potentialAction\":[{\"@type\":\"SearchAction\",\"target\":{\"@type\":\"EntryPoint\",\"urlTemplate\":\"https:\/\/cozyanddozy.com\/it\/?s={search_term_string}\"},\"query-input\":{\"@type\":\"PropertyValueSpecification\",\"valueRequired\":true,\"valueName\":\"search_term_string\"}}],\"inLanguage\":\"it-IT\"}]}<\/script>\n<meta property=\"product:price:amount\" content=\"39.00\" \/>\n<meta property=\"product:price:currency\" content=\"EUR\" \/>\n<meta property=\"og:availability\" content=\"instock\" \/>\n<meta property=\"product:availability\" content=\"instock\" \/>\n<meta property=\"product:retailer_item_id\" content=\"5902701497842\" \/>\n<meta property=\"product:condition\" content=\"new\" \/>\n<!-- \/ Yoast SEO Premium plugin. -->","yoast_head_json":{"title":"Cuscino rosa con cavalluccio marino \u2013 Pink Seahorse - Cozy & Dozy","description":"Cuscino rosa con cavalluccio marino realizzato in morbido velluto. Grande cuscino con cavalluccio marino: regalo perfetto per ogni bambino","robots":{"index":"index","follow":"follow","max-snippet":"max-snippet:-1","max-image-preview":"max-image-preview:large","max-video-preview":"max-video-preview:-1"},"canonical":"https:\/\/cozyanddozy.com\/it\/prodotto\/cuscino-rosa-con-cavalluccio-marino-pink-seahorse\/","og_locale":"it_IT","og_type":"article","og_title":"Cuscino rosa con cavalluccio marino \u2013 Pink Seahorse","og_description":"Cuscino rosa con cavalluccio marino realizzato in morbido velluto. Grande cuscino con cavalluccio marino: regalo perfetto per ogni bambino","og_url":"https:\/\/cozyanddozy.com\/it\/prodotto\/cuscino-rosa-con-cavalluccio-marino-pink-seahorse\/","og_site_name":"Cozy &amp; Dozy","article_modified_time":"2024-07-02T22:08:02+00:00","og_image":[{"width":1200,"height":1200,"url":"https:\/\/cozyanddozy.com\/it\/wp-content\/uploads\/2024\/07\/seahorse-pillows-cozyanddozy.jpeg","type":"image\/jpeg"}],"twitter_card":"summary_large_image","twitter_misc":{"Prezzo":"39,00&nbsp;&euro;","Disponibilit\u00e0":"In stock"},"schema":{"@context":"https:\/\/schema.org","@graph":[{"@type":"WebPage","@id":"https:\/\/cozyanddozy.com\/it\/prodotto\/cuscino-rosa-con-cavalluccio-marino-pink-seahorse\/","url":"https:\/\/cozyanddozy.com\/it\/prodotto\/cuscino-rosa-con-cavalluccio-marino-pink-seahorse\/","name":"Cuscino rosa con cavalluccio marino \u2013 Pink Seahorse - Cozy & Dozy","isPartOf":{"@id":"https:\/\/cozyanddozy.com\/it\/#website"},"primaryImageOfPage":{"@id":"https:\/\/cozyanddozy.com\/it\/prodotto\/cuscino-rosa-con-cavalluccio-marino-pink-seahorse\/#primaryimage"},"image":{"@id":"https:\/\/cozyanddozy.com\/it\/prodotto\/cuscino-rosa-con-cavalluccio-marino-pink-seahorse\/#primaryimage"},"thumbnailUrl":"https:\/\/cozyanddozy.com\/it\/wp-content\/uploads\/2024\/07\/seahorse-pillows-cozyanddozy.jpeg","datePublished":"2024-07-02T20:07:25+00:00","dateModified":"2024-07-02T22:08:02+00:00","description":"Cuscino rosa con cavalluccio marino realizzato in morbido velluto. Grande cuscino con cavalluccio marino: regalo perfetto per ogni bambino","breadcrumb":{"@id":"https:\/\/cozyanddozy.com\/it\/prodotto\/cuscino-rosa-con-cavalluccio-marino-pink-seahorse\/#breadcrumb"},"inLanguage":"it-IT","potentialAction":[{"@type":"ReadAction","target":["https:\/\/cozyanddozy.com\/it\/prodotto\/cuscino-rosa-con-cavalluccio-marino-pink-seahorse\/"]}]},{"@type":"ImageObject","inLanguage":"it-IT","@id":"https:\/\/cozyanddozy.com\/it\/prodotto\/cuscino-rosa-con-cavalluccio-marino-pink-seahorse\/#primaryimage","url":"https:\/\/cozyanddozy.com\/it\/wp-content\/uploads\/2024\/07\/seahorse-pillows-cozyanddozy.jpeg","contentUrl":"https:\/\/cozyanddozy.com\/it\/wp-content\/uploads\/2024\/07\/seahorse-pillows-cozyanddozy.jpeg","width":1200,"height":1200},{"@type":"BreadcrumbList","@id":"https:\/\/cozyanddozy.com\/it\/prodotto\/cuscino-rosa-con-cavalluccio-marino-pink-seahorse\/#breadcrumb","itemListElement":[{"@type":"ListItem","position":1,"name":"Home","item":"https:\/\/cozyanddozy.com\/it\/"},{"@type":"ListItem","position":2,"name":"Negozio","item":"https:\/\/cozyanddozy.com\/it\/negozio\/"},{"@type":"ListItem","position":3,"name":"Cuscino rosa con cavalluccio marino \u2013 Pink Seahorse"}]},{"@type":"WebSite","@id":"https:\/\/cozyanddozy.com\/it\/#website","url":"https:\/\/cozyanddozy.com\/it\/","name":"Cozy & Dozy","description":"","potentialAction":[{"@type":"SearchAction","target":{"@type":"EntryPoint","urlTemplate":"https:\/\/cozyanddozy.com\/it\/?s={search_term_string}"},"query-input":{"@type":"PropertyValueSpecification","valueRequired":true,"valueName":"search_term_string"}}],"inLanguage":"it-IT"}]},"product_price_amount":"39.00","product_price_currency":"EUR","og_availability":"instock","product_availability":"instock","product_retailer_item_id":"5902701497842","product_condition":"new"},"_links":{"self":[{"href":"https:\/\/cozyanddozy.com\/it\/wp-json\/wp\/v2\/product\/2373","targetHints":{"allow":["GET"]}}],"collection":[{"href":"https:\/\/cozyanddozy.com\/it\/wp-json\/wp\/v2\/product"}],"about":[{"href":"https:\/\/cozyanddozy.com\/it\/wp-json\/wp\/v2\/types\/product"}],"replies":[{"embeddable":true,"href":"https:\/\/cozyanddozy.com\/it\/wp-json\/wp\/v2\/comments?post=2373"}],"wp:featuredmedia":[{"embeddable":true,"href":"https:\/\/cozyanddozy.com\/it\/wp-json\/wp\/v2\/media\/2361"}],"wp:attachment":[{"href":"https:\/\/cozyanddozy.com\/it\/wp-json\/wp\/v2\/media?parent=2373"}],"wp:term":[{"taxonomy":"product_brand","embeddable":true,"href":"https:\/\/cozyanddozy.com\/it\/wp-json\/wp\/v2\/product_brand?post=2373"},{"taxonomy":"product_cat","embeddable":true,"href":"https:\/\/cozyanddozy.com\/it\/wp-json\/wp\/v2\/product_cat?post=2373"},{"taxonomy":"product_tag","embeddable":true,"href":"https:\/\/cozyanddozy.com\/it\/wp-json\/wp\/v2\/product_tag?post=2373"}],"curies":[{"name":"wp","href":"https:\/\/api.w.org\/{rel}","templated":true}]}}