{"id":2370,"date":"2024-07-02T21:48:08","date_gmt":"2024-07-02T20:48:08","guid":{"rendered":"https:\/\/cozyanddozy.com\/?post_type=product&#038;p=3001"},"modified":"2024-07-02T22:51:08","modified_gmt":"2024-07-02T21:51:08","slug":"cuscino-cavalluccio-marino-blu-blue-seahorse","status":"publish","type":"product","link":"https:\/\/cozyanddozy.com\/it\/prodotto\/cuscino-cavalluccio-marino-blu-blue-seahorse\/","title":{"rendered":"Cuscino cavalluccio marino blu &#8211; blue Seahorse"},"content":{"rendered":"<h3><strong>Migliora l&#8217;arredamento della camera del tuo bambino e regalagli un amico straordinario &#8211; il cuscino con cavalluccio marino!<\/strong><\/h3>\n<p>Il cuscino per bambini a forma di cavalluccio marino non \u00e8 solo un comodo elemento d&#8217;arredo per la camera, ma soprattutto un compagno perfetto per il gioco.<\/p>\n<p><strong> Questo grande cuscino di 70&#215;60 cm \u00e8 realizzato in morbido velluto e tessuto decorativo con una struttura brillante, che aggiunge fascino<\/strong>. Non \u00e8 solo un pezzo decorativo, ma anche un compagno ideale per coccole durante il gioco quotidiano. Progettato con la sicurezza dei bambini in mente, il cuscino \u00e8 realizzato con tessuti europei. <strong>Il riempimento morbido e piacevole al tatto offre comfort e praticit\u00e0 durante il gioco e il riposo. La sua dimensione lo rende perfetto per essere abbracciato, e il motivo adorabile del cavalluccio marino promuove il gioco creativo quotidiano.<\/strong> Il cuscino con cavalluccio marino non solo sar\u00e0 un ottimo aggiunta alla camera di un bambino ma anche un compagno nelle avventure quotidiane. \u00c8 facile da mantenere in quanto pu\u00f2 essere lavato in lavatrice senza problemi. E soprattutto, \u00e8 stato progettato e realizzato in Polonia dal marchio Cozy&amp;Dozy, garantendo la massima qualit\u00e0 e materiali sicuri. Porta non solo un&#8217;atmosfera accogliente ma anche gioia e colore al gioco quotidiano di un bambino.<\/p>\n<p>Descrizione del cuscino:<\/p>\n<ul>\n<li>cuscino di colore blu<\/li>\n<li><span style=\"color: #555555;\">dimensioni:70\u00d760 cm<\/span><\/li>\n<li><span style=\"color: #555555;\">imbottitura ipoallergenica<\/span><\/li>\n<li><span style=\"color: #555555;\">realizzato in velluto 100% PES, tessuto certificato<\/span><\/li>\n<li><span style=\"color: #555555;\">Prodotto certificato CE<\/span><\/li>\n<li><span style=\"color: #555555;\">progettato e cucito da Cozy&amp;Dozy in Polonia.<\/span><\/li>\n<\/ul>\n<p>Metodo di cura:<\/p>\n<ul>\n<li>Lavare a 40\u00b0 \u2013 programma delicati<\/li>\n<li><span style=\"color: #555555;\">Non stirare e lavare a secco<\/span><\/li>\n<li><span style=\"color: #555555;\">Non clorare<\/span><\/li>\n<\/ul>\n<p>La sicurezza dei bambini \u00e8 la cosa pi\u00f9 importante per noi, ecco perch\u00e9 la ghirlanda e il cuscino sono realizzati al 100% con velluto della massima qualit\u00e0.<\/p>\n<p>I nostri prodotti sono certificati CE, quindi puoi regalarli a tuo figlio senza preoccupazioni.<\/p>\n","protected":false},"excerpt":{"rendered":"<p>Cuscino blu con cavalluccio marino realizzato in morbido velluto. Grande cuscino con cavalluccio marino: regalo perfetto per ogni bambino<\/p>\n","protected":false},"featured_media":2357,"comment_status":"open","ping_status":"closed","template":"","meta":[],"product_brand":[],"product_cat":[17],"product_tag":[],"class_list":{"0":"post-2370","1":"product","2":"type-product","3":"status-publish","4":"has-post-thumbnail","6":"product_cat-cuscini-pouf","8":"first","9":"instock","10":"shipping-taxable","11":"product-type-simple"},"yoast_head":"<!-- This site is optimized with the Yoast SEO Premium plugin v21.9 (Yoast SEO v27.0) - https:\/\/yoast.com\/product\/yoast-seo-premium-wordpress\/ -->\n<title>Cuscino cavalluccio marino blu - blue Seahorse - Cozy &amp; Dozy<\/title>\n<meta name=\"description\" content=\"Cuscino blu con cavalluccio marino realizzato in morbido velluto. Grande cuscino con cavalluccio marino: regalo perfetto per ogni bambino\" \/>\n<meta name=\"robots\" content=\"index, follow, max-snippet:-1, max-image-preview:large, max-video-preview:-1\" \/>\n<link rel=\"canonical\" href=\"https:\/\/cozyanddozy.com\/it\/prodotto\/cuscino-cavalluccio-marino-blu-blue-seahorse\/\" \/>\n<meta property=\"og:locale\" content=\"it_IT\" \/>\n<meta property=\"og:type\" content=\"article\" \/>\n<meta property=\"og:title\" content=\"Cuscino cavalluccio marino blu - blue Seahorse\" \/>\n<meta property=\"og:description\" content=\"Cuscino blu con cavalluccio marino realizzato in morbido velluto. Grande cuscino con cavalluccio marino: regalo perfetto per ogni bambino\" \/>\n<meta property=\"og:url\" content=\"https:\/\/cozyanddozy.com\/it\/prodotto\/cuscino-cavalluccio-marino-blu-blue-seahorse\/\" \/>\n<meta property=\"og:site_name\" content=\"Cozy &amp; Dozy\" \/>\n<meta property=\"article:modified_time\" content=\"2024-07-02T21:51:08+00:00\" \/>\n<meta property=\"og:image\" content=\"https:\/\/cozyanddozy.com\/it\/wp-content\/uploads\/2024\/07\/pillow-cozy-dozy-seahorse.jpeg\" \/>\n\t<meta property=\"og:image:width\" content=\"1200\" \/>\n\t<meta property=\"og:image:height\" content=\"1206\" \/>\n\t<meta property=\"og:image:type\" content=\"image\/jpeg\" \/>\n<meta name=\"twitter:card\" content=\"summary_large_image\" \/>\n<meta name=\"twitter:label1\" content=\"Prezzo\" \/>\n\t<meta name=\"twitter:data1\" content=\"39,00&nbsp;&euro;\" \/>\n\t<meta name=\"twitter:label2\" content=\"Disponibilit\u00e0\" \/>\n\t<meta name=\"twitter:data2\" content=\"In stock\" \/>\n<script type=\"application\/ld+json\" class=\"yoast-schema-graph\">{\"@context\":\"https:\/\/schema.org\",\"@graph\":[{\"@type\":\"WebPage\",\"@id\":\"https:\/\/cozyanddozy.com\/it\/prodotto\/cuscino-cavalluccio-marino-blu-blue-seahorse\/\",\"url\":\"https:\/\/cozyanddozy.com\/it\/prodotto\/cuscino-cavalluccio-marino-blu-blue-seahorse\/\",\"name\":\"Cuscino cavalluccio marino blu - blue Seahorse - Cozy & Dozy\",\"isPartOf\":{\"@id\":\"https:\/\/cozyanddozy.com\/it\/#website\"},\"primaryImageOfPage\":{\"@id\":\"https:\/\/cozyanddozy.com\/it\/prodotto\/cuscino-cavalluccio-marino-blu-blue-seahorse\/#primaryimage\"},\"image\":{\"@id\":\"https:\/\/cozyanddozy.com\/it\/prodotto\/cuscino-cavalluccio-marino-blu-blue-seahorse\/#primaryimage\"},\"thumbnailUrl\":\"https:\/\/cozyanddozy.com\/it\/wp-content\/uploads\/2024\/07\/pillow-cozy-dozy-seahorse.jpeg\",\"datePublished\":\"2024-07-02T20:48:08+00:00\",\"dateModified\":\"2024-07-02T21:51:08+00:00\",\"description\":\"Cuscino blu con cavalluccio marino realizzato in morbido velluto. Grande cuscino con cavalluccio marino: regalo perfetto per ogni bambino\",\"breadcrumb\":{\"@id\":\"https:\/\/cozyanddozy.com\/it\/prodotto\/cuscino-cavalluccio-marino-blu-blue-seahorse\/#breadcrumb\"},\"inLanguage\":\"it-IT\",\"potentialAction\":[{\"@type\":\"ReadAction\",\"target\":[\"https:\/\/cozyanddozy.com\/it\/prodotto\/cuscino-cavalluccio-marino-blu-blue-seahorse\/\"]}]},{\"@type\":\"ImageObject\",\"inLanguage\":\"it-IT\",\"@id\":\"https:\/\/cozyanddozy.com\/it\/prodotto\/cuscino-cavalluccio-marino-blu-blue-seahorse\/#primaryimage\",\"url\":\"https:\/\/cozyanddozy.com\/it\/wp-content\/uploads\/2024\/07\/pillow-cozy-dozy-seahorse.jpeg\",\"contentUrl\":\"https:\/\/cozyanddozy.com\/it\/wp-content\/uploads\/2024\/07\/pillow-cozy-dozy-seahorse.jpeg\",\"width\":1200,\"height\":1206},{\"@type\":\"BreadcrumbList\",\"@id\":\"https:\/\/cozyanddozy.com\/it\/prodotto\/cuscino-cavalluccio-marino-blu-blue-seahorse\/#breadcrumb\",\"itemListElement\":[{\"@type\":\"ListItem\",\"position\":1,\"name\":\"Home\",\"item\":\"https:\/\/cozyanddozy.com\/it\/\"},{\"@type\":\"ListItem\",\"position\":2,\"name\":\"Negozio\",\"item\":\"https:\/\/cozyanddozy.com\/it\/negozio\/\"},{\"@type\":\"ListItem\",\"position\":3,\"name\":\"Cuscino cavalluccio marino blu &#8211; blue Seahorse\"}]},{\"@type\":\"WebSite\",\"@id\":\"https:\/\/cozyanddozy.com\/it\/#website\",\"url\":\"https:\/\/cozyanddozy.com\/it\/\",\"name\":\"Cozy & Dozy\",\"description\":\"\",\"potentialAction\":[{\"@type\":\"SearchAction\",\"target\":{\"@type\":\"EntryPoint\",\"urlTemplate\":\"https:\/\/cozyanddozy.com\/it\/?s={search_term_string}\"},\"query-input\":{\"@type\":\"PropertyValueSpecification\",\"valueRequired\":true,\"valueName\":\"search_term_string\"}}],\"inLanguage\":\"it-IT\"}]}<\/script>\n<meta property=\"product:price:amount\" content=\"39.00\" \/>\n<meta property=\"product:price:currency\" content=\"EUR\" \/>\n<meta property=\"og:availability\" content=\"instock\" \/>\n<meta property=\"product:availability\" content=\"instock\" \/>\n<meta property=\"product:retailer_item_id\" content=\"5902701497835\" \/>\n<meta property=\"product:condition\" content=\"new\" \/>\n<!-- \/ Yoast SEO Premium plugin. -->","yoast_head_json":{"title":"Cuscino cavalluccio marino blu - blue Seahorse - Cozy & Dozy","description":"Cuscino blu con cavalluccio marino realizzato in morbido velluto. Grande cuscino con cavalluccio marino: regalo perfetto per ogni bambino","robots":{"index":"index","follow":"follow","max-snippet":"max-snippet:-1","max-image-preview":"max-image-preview:large","max-video-preview":"max-video-preview:-1"},"canonical":"https:\/\/cozyanddozy.com\/it\/prodotto\/cuscino-cavalluccio-marino-blu-blue-seahorse\/","og_locale":"it_IT","og_type":"article","og_title":"Cuscino cavalluccio marino blu - blue Seahorse","og_description":"Cuscino blu con cavalluccio marino realizzato in morbido velluto. Grande cuscino con cavalluccio marino: regalo perfetto per ogni bambino","og_url":"https:\/\/cozyanddozy.com\/it\/prodotto\/cuscino-cavalluccio-marino-blu-blue-seahorse\/","og_site_name":"Cozy &amp; Dozy","article_modified_time":"2024-07-02T21:51:08+00:00","og_image":[{"width":1200,"height":1206,"url":"https:\/\/cozyanddozy.com\/it\/wp-content\/uploads\/2024\/07\/pillow-cozy-dozy-seahorse.jpeg","type":"image\/jpeg"}],"twitter_card":"summary_large_image","twitter_misc":{"Prezzo":"39,00&nbsp;&euro;","Disponibilit\u00e0":"In stock"},"schema":{"@context":"https:\/\/schema.org","@graph":[{"@type":"WebPage","@id":"https:\/\/cozyanddozy.com\/it\/prodotto\/cuscino-cavalluccio-marino-blu-blue-seahorse\/","url":"https:\/\/cozyanddozy.com\/it\/prodotto\/cuscino-cavalluccio-marino-blu-blue-seahorse\/","name":"Cuscino cavalluccio marino blu - blue Seahorse - Cozy & Dozy","isPartOf":{"@id":"https:\/\/cozyanddozy.com\/it\/#website"},"primaryImageOfPage":{"@id":"https:\/\/cozyanddozy.com\/it\/prodotto\/cuscino-cavalluccio-marino-blu-blue-seahorse\/#primaryimage"},"image":{"@id":"https:\/\/cozyanddozy.com\/it\/prodotto\/cuscino-cavalluccio-marino-blu-blue-seahorse\/#primaryimage"},"thumbnailUrl":"https:\/\/cozyanddozy.com\/it\/wp-content\/uploads\/2024\/07\/pillow-cozy-dozy-seahorse.jpeg","datePublished":"2024-07-02T20:48:08+00:00","dateModified":"2024-07-02T21:51:08+00:00","description":"Cuscino blu con cavalluccio marino realizzato in morbido velluto. Grande cuscino con cavalluccio marino: regalo perfetto per ogni bambino","breadcrumb":{"@id":"https:\/\/cozyanddozy.com\/it\/prodotto\/cuscino-cavalluccio-marino-blu-blue-seahorse\/#breadcrumb"},"inLanguage":"it-IT","potentialAction":[{"@type":"ReadAction","target":["https:\/\/cozyanddozy.com\/it\/prodotto\/cuscino-cavalluccio-marino-blu-blue-seahorse\/"]}]},{"@type":"ImageObject","inLanguage":"it-IT","@id":"https:\/\/cozyanddozy.com\/it\/prodotto\/cuscino-cavalluccio-marino-blu-blue-seahorse\/#primaryimage","url":"https:\/\/cozyanddozy.com\/it\/wp-content\/uploads\/2024\/07\/pillow-cozy-dozy-seahorse.jpeg","contentUrl":"https:\/\/cozyanddozy.com\/it\/wp-content\/uploads\/2024\/07\/pillow-cozy-dozy-seahorse.jpeg","width":1200,"height":1206},{"@type":"BreadcrumbList","@id":"https:\/\/cozyanddozy.com\/it\/prodotto\/cuscino-cavalluccio-marino-blu-blue-seahorse\/#breadcrumb","itemListElement":[{"@type":"ListItem","position":1,"name":"Home","item":"https:\/\/cozyanddozy.com\/it\/"},{"@type":"ListItem","position":2,"name":"Negozio","item":"https:\/\/cozyanddozy.com\/it\/negozio\/"},{"@type":"ListItem","position":3,"name":"Cuscino cavalluccio marino blu &#8211; blue Seahorse"}]},{"@type":"WebSite","@id":"https:\/\/cozyanddozy.com\/it\/#website","url":"https:\/\/cozyanddozy.com\/it\/","name":"Cozy & Dozy","description":"","potentialAction":[{"@type":"SearchAction","target":{"@type":"EntryPoint","urlTemplate":"https:\/\/cozyanddozy.com\/it\/?s={search_term_string}"},"query-input":{"@type":"PropertyValueSpecification","valueRequired":true,"valueName":"search_term_string"}}],"inLanguage":"it-IT"}]},"product_price_amount":"39.00","product_price_currency":"EUR","og_availability":"instock","product_availability":"instock","product_retailer_item_id":"5902701497835","product_condition":"new"},"_links":{"self":[{"href":"https:\/\/cozyanddozy.com\/it\/wp-json\/wp\/v2\/product\/2370","targetHints":{"allow":["GET"]}}],"collection":[{"href":"https:\/\/cozyanddozy.com\/it\/wp-json\/wp\/v2\/product"}],"about":[{"href":"https:\/\/cozyanddozy.com\/it\/wp-json\/wp\/v2\/types\/product"}],"replies":[{"embeddable":true,"href":"https:\/\/cozyanddozy.com\/it\/wp-json\/wp\/v2\/comments?post=2370"}],"wp:featuredmedia":[{"embeddable":true,"href":"https:\/\/cozyanddozy.com\/it\/wp-json\/wp\/v2\/media\/2357"}],"wp:attachment":[{"href":"https:\/\/cozyanddozy.com\/it\/wp-json\/wp\/v2\/media?parent=2370"}],"wp:term":[{"taxonomy":"product_brand","embeddable":true,"href":"https:\/\/cozyanddozy.com\/it\/wp-json\/wp\/v2\/product_brand?post=2370"},{"taxonomy":"product_cat","embeddable":true,"href":"https:\/\/cozyanddozy.com\/it\/wp-json\/wp\/v2\/product_cat?post=2370"},{"taxonomy":"product_tag","embeddable":true,"href":"https:\/\/cozyanddozy.com\/it\/wp-json\/wp\/v2\/product_tag?post=2370"}],"curies":[{"name":"wp","href":"https:\/\/api.w.org\/{rel}","templated":true}]}}