{"id":2190,"date":"2024-03-21T21:32:38","date_gmt":"2024-03-21T21:32:38","guid":{"rendered":"https:\/\/cozyanddozy.com\/?post_type=product&#038;p=2813"},"modified":"2024-08-16T10:35:37","modified_gmt":"2024-08-16T09:35:37","slug":"cuscino-in-velluto-rosa-con-applicazione-di-orecchie-di-coniglio-bianche-e-pelose","status":"publish","type":"product","link":"https:\/\/cozyanddozy.com\/it\/prodotto\/cuscino-in-velluto-rosa-con-applicazione-di-orecchie-di-coniglio-bianche-e-pelose\/","title":{"rendered":"Cuscino in velluto rosa con applicazione di orecchie di coniglio bianche e pelose"},"content":{"rendered":"<h3 id=\"tw-target-text\" class=\"tw-data-text tw-text-large tw-ta\" dir=\"ltr\" data-placeholder=\"T\u0142umaczenie\" aria-label=\"Przet\u0142umaczony tekst\" data-ved=\"2ahUKEwiQn8epqoaFAxWiCBAIHcvFCBAQ3ewLegQIBRAU\"><span class=\"Y2IQFc\" lang=\"it\"><strong>Cuscino orecchie di coniglio ispirato allo stile di Alice nel Paese delle Meraviglie.<\/strong><\/span><\/h3>\n<p class=\"tw-data-text tw-text-large tw-ta\" dir=\"ltr\" style=\"text-align: left;\" data-placeholder=\"T\u0142umaczenie\" aria-label=\"Przet\u0142umaczony tekst\" data-ved=\"2ahUKEwiQn8epqoaFAxWiCBAIHcvFCBAQ3ewLegQIBRAU\"><span class=\"Y2IQFc\" lang=\"it\"><br \/>\nIl cuscino della serie Alice crea un&#8217;atmosfera favolosa nella cameretta del tuo bambino.<\/span><\/p>\n<p class=\"tw-data-text tw-text-large tw-ta\" dir=\"ltr\" style=\"text-align: left;\" data-placeholder=\"T\u0142umaczenie\" aria-label=\"Przet\u0142umaczony tekst\" data-ved=\"2ahUKEwiQn8epqoaFAxWiCBAIHcvFCBAQ3ewLegQIBRAU\"><span class=\"Y2IQFc\" lang=\"it\">Il cuscino \u00e8 realizzato in morbido e spesso velluto e decorato con un&#8217;applicazione. Il tutto \u00e8 rifinito con tubazioni.<\/span><\/p>\n<p class=\"tw-data-text tw-text-large tw-ta\" dir=\"ltr\" style=\"text-align: left;\" data-placeholder=\"T\u0142umaczenie\" aria-label=\"Przet\u0142umaczony tekst\" data-ved=\"2ahUKEwiQn8epqoaFAxWiCBAIHcvFCBAQ3ewLegQIBRAU\"><span class=\"Y2IQFc\" lang=\"it\">Il cuscino rosa con applicazione Cuscino in velluto rosa con applicazione di orecchie di coniglio bianche e pelose.<\/span><\/p>\n<p class=\"tw-data-text tw-text-large tw-ta\" dir=\"ltr\" style=\"text-align: left;\" data-placeholder=\"T\u0142umaczenie\" aria-label=\"Przet\u0142umaczony tekst\" data-ved=\"2ahUKEwiQn8epqoaFAxWiCBAIHcvFCBAQ3ewLegQIBRAU\"><span class=\"Y2IQFc\" lang=\"it\"> Il cuscino in velluto \u00e8 perfetto sia per bambini che per adulti e sar\u00e0 un&#8217;ottima decorazione per un letto o un divano.<\/span><\/p>\n<p class=\"tw-data-text tw-text-large tw-ta\" dir=\"ltr\" style=\"text-align: left;\" data-placeholder=\"T\u0142umaczenie\" aria-label=\"Przet\u0142umaczony tekst\" data-ved=\"2ahUKEwiQn8epqoaFAxWiCBAIHcvFCBAQ3ewLegQIBRAU\"><span class=\"Y2IQFc\" lang=\"it\">Nella serie Alice abbiamo cuscini in vari colori e applicazioni, tematicamente riferiti alla favolosa atmosfera del Paese delle Meraviglie<\/span><span class=\"Y2IQFc\" lang=\"it\">.<\/span><\/p>\n<p class=\"tw-data-text tw-text-large tw-ta\" dir=\"ltr\" style=\"text-align: left;\" data-placeholder=\"T\u0142umaczenie\" aria-label=\"Przet\u0142umaczony tekst\" data-ved=\"2ahUKEwiQn8epqoaFAxWiCBAIHcvFCBAQ3ewLegQIBRAU\"><span class=\"Y2IQFc\" lang=\"it\">Descrizione del cuscino:<\/span><\/p>\n<ul>\n<li class=\"tw-data-text tw-text-large tw-ta\" dir=\"ltr\" style=\"text-align: left;\" data-placeholder=\"T\u0142umaczenie\" aria-label=\"Przet\u0142umaczony tekst\" data-ved=\"2ahUKEwiQn8epqoaFAxWiCBAIHcvFCBAQ3ewLegQIBRAU\"><span class=\"Y2IQFc\" lang=\"it\"> dimensioni: 40\u00d740 cm <\/span><\/li>\n<li class=\"tw-data-text tw-text-large tw-ta\" dir=\"ltr\" style=\"text-align: left;\" data-placeholder=\"T\u0142umaczenie\" aria-label=\"Przet\u0142umaczony tekst\" data-ved=\"2ahUKEwiQn8epqoaFAxWiCBAIHcvFCBAQ3ewLegQIBRAU\"><span class=\"Y2IQFc\" lang=\"it\">ha una cerniera (lavaggio facile)<\/span><\/li>\n<li class=\"tw-data-text tw-text-large tw-ta\" dir=\"ltr\" style=\"text-align: left;\" data-placeholder=\"T\u0142umaczenie\" aria-label=\"Przet\u0142umaczony tekst\" data-ved=\"2ahUKEwiQn8epqoaFAxWiCBAIHcvFCBAQ3ewLegQIBRAU\"><span class=\"Y2IQFc\" lang=\"it\"> imbottitura hipoallergenica <\/span><\/li>\n<li class=\"tw-data-text tw-text-large tw-ta\" dir=\"ltr\" style=\"text-align: left;\" data-placeholder=\"T\u0142umaczenie\" aria-label=\"Przet\u0142umaczony tekst\" data-ved=\"2ahUKEwiQn8epqoaFAxWiCBAIHcvFCBAQ3ewLegQIBRAU\"><span class=\"Y2IQFc\" lang=\"it\">realizzato in velluto 100% PES,<\/span><\/li>\n<li class=\"tw-data-text tw-text-large tw-ta\" dir=\"ltr\" style=\"text-align: left;\" data-placeholder=\"T\u0142umaczenie\" aria-label=\"Przet\u0142umaczony tekst\" data-ved=\"2ahUKEwiQn8epqoaFAxWiCBAIHcvFCBAQ3ewLegQIBRAU\"><span class=\"Y2IQFc\" lang=\"it\"> tessuto certificato Prodotto certificato CE <\/span><\/li>\n<li class=\"tw-data-text tw-text-large tw-ta\" dir=\"ltr\" style=\"text-align: left;\" data-placeholder=\"T\u0142umaczenie\" aria-label=\"Przet\u0142umaczony tekst\" data-ved=\"2ahUKEwiQn8epqoaFAxWiCBAIHcvFCBAQ3ewLegQIBRAU\"><span class=\"Y2IQFc\" lang=\"it\">progettato e cucito da Cozy&amp;Dozy in Polonia. <\/span><\/li>\n<\/ul>\n<p><span class=\"Y2IQFc\" lang=\"it\">Metodo di cura:<\/span><\/p>\n<ul>\n<li><span class=\"Y2IQFc\" lang=\"it\">Lavare a 40\u00b0 \u2013 programma delicati <\/span><\/li>\n<li><span class=\"Y2IQFc\" lang=\"it\">Non stirare e lavare a secco <\/span><\/li>\n<li><span class=\"Y2IQFc\" lang=\"it\">Non clorare <\/span><\/li>\n<\/ul>\n<p><span class=\"Y2IQFc\" lang=\"it\">La sicurezza dei bambini \u00e8 la cosa pi\u00f9 importante per noi, ecco perch\u00e9 la ghirlanda e il cuscino sono realizzati al 100% con velluto della massima qualit\u00e0.<\/span><\/p>\n<p><span class=\"Y2IQFc\" lang=\"it\">I nostri prodotti sono certificati CE, quindi puoi regalarli a tuo figlio senza preoccupazioni. <\/span><\/p>\n<p><span class=\"Y2IQFc\" lang=\"it\">Tutti i nostri prodotti sono stati progettati e realizzati nel nostro studio Cozy&amp;Dozy.<\/span><\/p>\n","protected":false},"excerpt":{"rendered":"<div>Velluto decorativo con applicazioni di orecchie di coniglio. Cuscino con pappa, ispirato ad Alice nel Paese delle Meraviglie.<\/div>\n","protected":false},"featured_media":2152,"comment_status":"open","ping_status":"closed","template":"","meta":[],"product_brand":[],"product_cat":[17],"product_tag":[],"class_list":{"0":"post-2190","1":"product","2":"type-product","3":"status-publish","4":"has-post-thumbnail","6":"product_cat-cuscini-pouf","8":"first","9":"instock","10":"shipping-taxable","11":"product-type-simple"},"yoast_head":"<!-- This site is optimized with the Yoast SEO Premium plugin v21.9 (Yoast SEO v27.0) - https:\/\/yoast.com\/product\/yoast-seo-premium-wordpress\/ -->\n<title>Cuscino in velluto rosa con applicazione di orecchie di coniglio bianche e pelose - Cozy &amp; Dozy<\/title>\n<meta name=\"description\" content=\"Velluto decorativo con applicazioni di orecchie di coniglio. Cuscino con pappa, ispirato ad Alice nel Paese delle Meraviglie.\" \/>\n<meta name=\"robots\" content=\"index, follow, max-snippet:-1, max-image-preview:large, max-video-preview:-1\" \/>\n<link rel=\"canonical\" href=\"https:\/\/cozyanddozy.com\/it\/prodotto\/cuscino-in-velluto-rosa-con-applicazione-di-orecchie-di-coniglio-bianche-e-pelose\/\" \/>\n<meta property=\"og:locale\" content=\"it_IT\" \/>\n<meta property=\"og:type\" content=\"article\" \/>\n<meta property=\"og:title\" content=\"Cuscino in velluto rosa con applicazione di orecchie di coniglio bianche e pelose\" \/>\n<meta property=\"og:description\" content=\"Velluto decorativo con applicazioni di orecchie di coniglio. Cuscino con pappa, ispirato ad Alice nel Paese delle Meraviglie.\" \/>\n<meta property=\"og:url\" content=\"https:\/\/cozyanddozy.com\/it\/prodotto\/cuscino-in-velluto-rosa-con-applicazione-di-orecchie-di-coniglio-bianche-e-pelose\/\" \/>\n<meta property=\"og:site_name\" content=\"Cozy &amp; Dozy\" \/>\n<meta property=\"article:modified_time\" content=\"2024-08-16T09:35:37+00:00\" \/>\n<meta property=\"og:image\" content=\"https:\/\/cozyanddozy.com\/it\/wp-content\/uploads\/2024\/03\/alice-3447-scaled.jpg\" \/>\n\t<meta property=\"og:image:width\" content=\"2560\" \/>\n\t<meta property=\"og:image:height\" content=\"1962\" \/>\n\t<meta property=\"og:image:type\" content=\"image\/jpeg\" \/>\n<meta name=\"twitter:card\" content=\"summary_large_image\" \/>\n<meta name=\"twitter:label1\" content=\"Prezzo\" \/>\n\t<meta name=\"twitter:data1\" content=\"49,00&nbsp;&euro;\" \/>\n\t<meta name=\"twitter:label2\" content=\"Disponibilit\u00e0\" \/>\n\t<meta name=\"twitter:data2\" content=\"In stock\" \/>\n<script type=\"application\/ld+json\" class=\"yoast-schema-graph\">{\"@context\":\"https:\/\/schema.org\",\"@graph\":[{\"@type\":\"WebPage\",\"@id\":\"https:\/\/cozyanddozy.com\/it\/prodotto\/cuscino-in-velluto-rosa-con-applicazione-di-orecchie-di-coniglio-bianche-e-pelose\/\",\"url\":\"https:\/\/cozyanddozy.com\/it\/prodotto\/cuscino-in-velluto-rosa-con-applicazione-di-orecchie-di-coniglio-bianche-e-pelose\/\",\"name\":\"Cuscino in velluto rosa con applicazione di orecchie di coniglio bianche e pelose - Cozy & Dozy\",\"isPartOf\":{\"@id\":\"https:\/\/cozyanddozy.com\/it\/#website\"},\"primaryImageOfPage\":{\"@id\":\"https:\/\/cozyanddozy.com\/it\/prodotto\/cuscino-in-velluto-rosa-con-applicazione-di-orecchie-di-coniglio-bianche-e-pelose\/#primaryimage\"},\"image\":{\"@id\":\"https:\/\/cozyanddozy.com\/it\/prodotto\/cuscino-in-velluto-rosa-con-applicazione-di-orecchie-di-coniglio-bianche-e-pelose\/#primaryimage\"},\"thumbnailUrl\":\"https:\/\/cozyanddozy.com\/it\/wp-content\/uploads\/2024\/03\/alice-3447-scaled.jpg\",\"datePublished\":\"2024-03-21T21:32:38+00:00\",\"dateModified\":\"2024-08-16T09:35:37+00:00\",\"description\":\"Velluto decorativo con applicazioni di orecchie di coniglio. Cuscino con pappa, ispirato ad Alice nel Paese delle Meraviglie.\",\"breadcrumb\":{\"@id\":\"https:\/\/cozyanddozy.com\/it\/prodotto\/cuscino-in-velluto-rosa-con-applicazione-di-orecchie-di-coniglio-bianche-e-pelose\/#breadcrumb\"},\"inLanguage\":\"it-IT\",\"potentialAction\":[{\"@type\":\"ReadAction\",\"target\":[\"https:\/\/cozyanddozy.com\/it\/prodotto\/cuscino-in-velluto-rosa-con-applicazione-di-orecchie-di-coniglio-bianche-e-pelose\/\"]}]},{\"@type\":\"ImageObject\",\"inLanguage\":\"it-IT\",\"@id\":\"https:\/\/cozyanddozy.com\/it\/prodotto\/cuscino-in-velluto-rosa-con-applicazione-di-orecchie-di-coniglio-bianche-e-pelose\/#primaryimage\",\"url\":\"https:\/\/cozyanddozy.com\/it\/wp-content\/uploads\/2024\/03\/alice-3447-scaled.jpg\",\"contentUrl\":\"https:\/\/cozyanddozy.com\/it\/wp-content\/uploads\/2024\/03\/alice-3447-scaled.jpg\",\"width\":2560,\"height\":1962},{\"@type\":\"BreadcrumbList\",\"@id\":\"https:\/\/cozyanddozy.com\/it\/prodotto\/cuscino-in-velluto-rosa-con-applicazione-di-orecchie-di-coniglio-bianche-e-pelose\/#breadcrumb\",\"itemListElement\":[{\"@type\":\"ListItem\",\"position\":1,\"name\":\"Home\",\"item\":\"https:\/\/cozyanddozy.com\/it\/\"},{\"@type\":\"ListItem\",\"position\":2,\"name\":\"Negozio\",\"item\":\"https:\/\/cozyanddozy.com\/it\/negozio\/\"},{\"@type\":\"ListItem\",\"position\":3,\"name\":\"Cuscino in velluto rosa con applicazione di orecchie di coniglio bianche e pelose\"}]},{\"@type\":\"WebSite\",\"@id\":\"https:\/\/cozyanddozy.com\/it\/#website\",\"url\":\"https:\/\/cozyanddozy.com\/it\/\",\"name\":\"Cozy & Dozy\",\"description\":\"\",\"potentialAction\":[{\"@type\":\"SearchAction\",\"target\":{\"@type\":\"EntryPoint\",\"urlTemplate\":\"https:\/\/cozyanddozy.com\/it\/?s={search_term_string}\"},\"query-input\":{\"@type\":\"PropertyValueSpecification\",\"valueRequired\":true,\"valueName\":\"search_term_string\"}}],\"inLanguage\":\"it-IT\"}]}<\/script>\n<meta property=\"product:price:amount\" content=\"49.00\" \/>\n<meta property=\"product:price:currency\" content=\"EUR\" \/>\n<meta property=\"og:availability\" content=\"instock\" \/>\n<meta property=\"product:availability\" content=\"instock\" \/>\n<meta property=\"product:retailer_item_id\" content=\"5902701497538\" \/>\n<meta property=\"product:condition\" content=\"new\" \/>\n<!-- \/ Yoast SEO Premium plugin. -->","yoast_head_json":{"title":"Cuscino in velluto rosa con applicazione di orecchie di coniglio bianche e pelose - Cozy & Dozy","description":"Velluto decorativo con applicazioni di orecchie di coniglio. Cuscino con pappa, ispirato ad Alice nel Paese delle Meraviglie.","robots":{"index":"index","follow":"follow","max-snippet":"max-snippet:-1","max-image-preview":"max-image-preview:large","max-video-preview":"max-video-preview:-1"},"canonical":"https:\/\/cozyanddozy.com\/it\/prodotto\/cuscino-in-velluto-rosa-con-applicazione-di-orecchie-di-coniglio-bianche-e-pelose\/","og_locale":"it_IT","og_type":"article","og_title":"Cuscino in velluto rosa con applicazione di orecchie di coniglio bianche e pelose","og_description":"Velluto decorativo con applicazioni di orecchie di coniglio. Cuscino con pappa, ispirato ad Alice nel Paese delle Meraviglie.","og_url":"https:\/\/cozyanddozy.com\/it\/prodotto\/cuscino-in-velluto-rosa-con-applicazione-di-orecchie-di-coniglio-bianche-e-pelose\/","og_site_name":"Cozy &amp; Dozy","article_modified_time":"2024-08-16T09:35:37+00:00","og_image":[{"width":2560,"height":1962,"url":"https:\/\/cozyanddozy.com\/it\/wp-content\/uploads\/2024\/03\/alice-3447-scaled.jpg","type":"image\/jpeg"}],"twitter_card":"summary_large_image","twitter_misc":{"Prezzo":"49,00&nbsp;&euro;","Disponibilit\u00e0":"In stock"},"schema":{"@context":"https:\/\/schema.org","@graph":[{"@type":"WebPage","@id":"https:\/\/cozyanddozy.com\/it\/prodotto\/cuscino-in-velluto-rosa-con-applicazione-di-orecchie-di-coniglio-bianche-e-pelose\/","url":"https:\/\/cozyanddozy.com\/it\/prodotto\/cuscino-in-velluto-rosa-con-applicazione-di-orecchie-di-coniglio-bianche-e-pelose\/","name":"Cuscino in velluto rosa con applicazione di orecchie di coniglio bianche e pelose - Cozy & Dozy","isPartOf":{"@id":"https:\/\/cozyanddozy.com\/it\/#website"},"primaryImageOfPage":{"@id":"https:\/\/cozyanddozy.com\/it\/prodotto\/cuscino-in-velluto-rosa-con-applicazione-di-orecchie-di-coniglio-bianche-e-pelose\/#primaryimage"},"image":{"@id":"https:\/\/cozyanddozy.com\/it\/prodotto\/cuscino-in-velluto-rosa-con-applicazione-di-orecchie-di-coniglio-bianche-e-pelose\/#primaryimage"},"thumbnailUrl":"https:\/\/cozyanddozy.com\/it\/wp-content\/uploads\/2024\/03\/alice-3447-scaled.jpg","datePublished":"2024-03-21T21:32:38+00:00","dateModified":"2024-08-16T09:35:37+00:00","description":"Velluto decorativo con applicazioni di orecchie di coniglio. Cuscino con pappa, ispirato ad Alice nel Paese delle Meraviglie.","breadcrumb":{"@id":"https:\/\/cozyanddozy.com\/it\/prodotto\/cuscino-in-velluto-rosa-con-applicazione-di-orecchie-di-coniglio-bianche-e-pelose\/#breadcrumb"},"inLanguage":"it-IT","potentialAction":[{"@type":"ReadAction","target":["https:\/\/cozyanddozy.com\/it\/prodotto\/cuscino-in-velluto-rosa-con-applicazione-di-orecchie-di-coniglio-bianche-e-pelose\/"]}]},{"@type":"ImageObject","inLanguage":"it-IT","@id":"https:\/\/cozyanddozy.com\/it\/prodotto\/cuscino-in-velluto-rosa-con-applicazione-di-orecchie-di-coniglio-bianche-e-pelose\/#primaryimage","url":"https:\/\/cozyanddozy.com\/it\/wp-content\/uploads\/2024\/03\/alice-3447-scaled.jpg","contentUrl":"https:\/\/cozyanddozy.com\/it\/wp-content\/uploads\/2024\/03\/alice-3447-scaled.jpg","width":2560,"height":1962},{"@type":"BreadcrumbList","@id":"https:\/\/cozyanddozy.com\/it\/prodotto\/cuscino-in-velluto-rosa-con-applicazione-di-orecchie-di-coniglio-bianche-e-pelose\/#breadcrumb","itemListElement":[{"@type":"ListItem","position":1,"name":"Home","item":"https:\/\/cozyanddozy.com\/it\/"},{"@type":"ListItem","position":2,"name":"Negozio","item":"https:\/\/cozyanddozy.com\/it\/negozio\/"},{"@type":"ListItem","position":3,"name":"Cuscino in velluto rosa con applicazione di orecchie di coniglio bianche e pelose"}]},{"@type":"WebSite","@id":"https:\/\/cozyanddozy.com\/it\/#website","url":"https:\/\/cozyanddozy.com\/it\/","name":"Cozy & Dozy","description":"","potentialAction":[{"@type":"SearchAction","target":{"@type":"EntryPoint","urlTemplate":"https:\/\/cozyanddozy.com\/it\/?s={search_term_string}"},"query-input":{"@type":"PropertyValueSpecification","valueRequired":true,"valueName":"search_term_string"}}],"inLanguage":"it-IT"}]},"product_price_amount":"49.00","product_price_currency":"EUR","og_availability":"instock","product_availability":"instock","product_retailer_item_id":"5902701497538","product_condition":"new"},"_links":{"self":[{"href":"https:\/\/cozyanddozy.com\/it\/wp-json\/wp\/v2\/product\/2190","targetHints":{"allow":["GET"]}}],"collection":[{"href":"https:\/\/cozyanddozy.com\/it\/wp-json\/wp\/v2\/product"}],"about":[{"href":"https:\/\/cozyanddozy.com\/it\/wp-json\/wp\/v2\/types\/product"}],"replies":[{"embeddable":true,"href":"https:\/\/cozyanddozy.com\/it\/wp-json\/wp\/v2\/comments?post=2190"}],"wp:featuredmedia":[{"embeddable":true,"href":"https:\/\/cozyanddozy.com\/it\/wp-json\/wp\/v2\/media\/2152"}],"wp:attachment":[{"href":"https:\/\/cozyanddozy.com\/it\/wp-json\/wp\/v2\/media?parent=2190"}],"wp:term":[{"taxonomy":"product_brand","embeddable":true,"href":"https:\/\/cozyanddozy.com\/it\/wp-json\/wp\/v2\/product_brand?post=2190"},{"taxonomy":"product_cat","embeddable":true,"href":"https:\/\/cozyanddozy.com\/it\/wp-json\/wp\/v2\/product_cat?post=2190"},{"taxonomy":"product_tag","embeddable":true,"href":"https:\/\/cozyanddozy.com\/it\/wp-json\/wp\/v2\/product_tag?post=2190"}],"curies":[{"name":"wp","href":"https:\/\/api.w.org\/{rel}","templated":true}]}}