{"id":2188,"date":"2024-03-21T20:56:53","date_gmt":"2024-03-21T20:56:53","guid":{"rendered":"https:\/\/cozyanddozy.com\/?post_type=product&#038;p=2812"},"modified":"2024-08-16T10:37:43","modified_gmt":"2024-08-16T09:37:43","slug":"cuscino-a-righe-con-motivo-a-buco-della-serratura","status":"publish","type":"product","link":"https:\/\/cozyanddozy.com\/it\/prodotto\/cuscino-a-righe-con-motivo-a-buco-della-serratura\/","title":{"rendered":"Cuscino a righe con motivo a buco della serratura"},"content":{"rendered":"<h3><strong>Cuscino a righe con motivo buco della serratura, ispirato allo stile di Alice nel Paese delle Meraviglie.<\/strong><\/h3>\n<div>Il cuscino della serie Alice crea un&#8217;atmosfera favolosa nella cameretta del tuo bambino.<\/div>\n<div><\/div>\n<div>Il cuscino \u00e8 realizzato in morbido e spesso velluto e decorato con un&#8217;applicazione. Il tutto \u00e8 rifinito con tubazioni.<\/div>\n<div><\/div>\n<div>Il cuscino a righe bianche e blu, il cuscino in velluto \u00e8 perfetto sia per bambini che per adulti, e sar\u00e0 un&#8217;ottima decorazione per un letto o un divano<\/div>\n<div><\/div>\n<div>Nella serie Alice abbiamo cuscini in vari colori e applicazioni, tematicamente riferiti alla favolosa atmosfera del Paese delle Meraviglie.<\/div>\n<div><\/div>\n<div>Descrizione del cuscino:<\/div>\n<ul>\n<li>dimensioni: 40\u00d740 cm<\/li>\n<li>ha una cerniera (lavaggio facile)<\/li>\n<li>imbottitura ipoallergenica<\/li>\n<li>realizzato in velluto 100% PES, tessuto certificato<\/li>\n<li>Prodotto certificato CE<\/li>\n<li>progettato e cucito da Cozy&amp;Dozy in Polonia.<\/li>\n<\/ul>\n<p>Metodo di cura:<\/p>\n<ul>\n<li>Lavare a 40\u00b0 \u2013 programma delicati<\/li>\n<li>Non stirare e lavare a secco<\/li>\n<li>Non clorare<\/li>\n<\/ul>\n<p>La sicurezza dei bambini \u00e8 la cosa pi\u00f9 importante per noi, ecco perch\u00e9 la ghirlanda e il cuscino sono realizzati al 100% con velluto della massima qualit\u00e0.<br \/>\nI nostri prodotti sono certificati CE, quindi puoi regalarli a tuo figlio senza preoccupazioni.<\/p>\n","protected":false},"excerpt":{"rendered":"<div><\/div>\n<div>Cuscino decorativo a righe. Un accogliente cuscino ispirato ad Alice nel Paese delle Meraviglie<\/div>\n","protected":false},"featured_media":2170,"comment_status":"open","ping_status":"closed","template":"","meta":[],"product_brand":[],"product_cat":[17],"product_tag":[],"class_list":{"0":"post-2188","1":"product","2":"type-product","3":"status-publish","4":"has-post-thumbnail","6":"product_cat-cuscini-pouf","8":"first","9":"instock","10":"shipping-taxable","11":"product-type-simple"},"yoast_head":"<!-- This site is optimized with the Yoast SEO Premium plugin v21.9 (Yoast SEO v27.0) - https:\/\/yoast.com\/product\/yoast-seo-premium-wordpress\/ -->\n<title>Cuscino a righe con motivo a buco della serratura - Cozy &amp; Dozy<\/title>\n<meta name=\"description\" content=\"Cuscino decorativo a righe. Un accogliente cuscino ispirato ad Alice nel Paese delle Meraviglie\" \/>\n<meta name=\"robots\" content=\"index, follow, max-snippet:-1, max-image-preview:large, max-video-preview:-1\" \/>\n<link rel=\"canonical\" href=\"https:\/\/cozyanddozy.com\/it\/prodotto\/cuscino-a-righe-con-motivo-a-buco-della-serratura\/\" \/>\n<meta property=\"og:locale\" content=\"it_IT\" \/>\n<meta property=\"og:type\" content=\"article\" \/>\n<meta property=\"og:title\" content=\"Cuscino a righe con motivo a buco della serratura\" \/>\n<meta property=\"og:description\" content=\"Cuscino decorativo a righe. Un accogliente cuscino ispirato ad Alice nel Paese delle Meraviglie\" \/>\n<meta property=\"og:url\" content=\"https:\/\/cozyanddozy.com\/it\/prodotto\/cuscino-a-righe-con-motivo-a-buco-della-serratura\/\" \/>\n<meta property=\"og:site_name\" content=\"Cozy &amp; Dozy\" \/>\n<meta property=\"article:modified_time\" content=\"2024-08-16T09:37:43+00:00\" \/>\n<meta property=\"og:image\" content=\"https:\/\/cozyanddozy.com\/it\/wp-content\/uploads\/2024\/03\/kluczyk-poduszka-scaled.jpg\" \/>\n\t<meta property=\"og:image:width\" content=\"2560\" \/>\n\t<meta property=\"og:image:height\" content=\"2547\" \/>\n\t<meta property=\"og:image:type\" content=\"image\/jpeg\" \/>\n<meta name=\"twitter:card\" content=\"summary_large_image\" \/>\n<meta name=\"twitter:label1\" content=\"Prezzo\" \/>\n\t<meta name=\"twitter:data1\" content=\"49,00&nbsp;&euro;\" \/>\n\t<meta name=\"twitter:label2\" content=\"Disponibilit\u00e0\" \/>\n\t<meta name=\"twitter:data2\" content=\"In stock\" \/>\n<script type=\"application\/ld+json\" class=\"yoast-schema-graph\">{\"@context\":\"https:\/\/schema.org\",\"@graph\":[{\"@type\":\"WebPage\",\"@id\":\"https:\/\/cozyanddozy.com\/it\/prodotto\/cuscino-a-righe-con-motivo-a-buco-della-serratura\/\",\"url\":\"https:\/\/cozyanddozy.com\/it\/prodotto\/cuscino-a-righe-con-motivo-a-buco-della-serratura\/\",\"name\":\"Cuscino a righe con motivo a buco della serratura - Cozy & Dozy\",\"isPartOf\":{\"@id\":\"https:\/\/cozyanddozy.com\/it\/#website\"},\"primaryImageOfPage\":{\"@id\":\"https:\/\/cozyanddozy.com\/it\/prodotto\/cuscino-a-righe-con-motivo-a-buco-della-serratura\/#primaryimage\"},\"image\":{\"@id\":\"https:\/\/cozyanddozy.com\/it\/prodotto\/cuscino-a-righe-con-motivo-a-buco-della-serratura\/#primaryimage\"},\"thumbnailUrl\":\"https:\/\/cozyanddozy.com\/it\/wp-content\/uploads\/2024\/03\/kluczyk-poduszka-scaled.jpg\",\"datePublished\":\"2024-03-21T20:56:53+00:00\",\"dateModified\":\"2024-08-16T09:37:43+00:00\",\"description\":\"Cuscino decorativo a righe. Un accogliente cuscino ispirato ad Alice nel Paese delle Meraviglie\",\"breadcrumb\":{\"@id\":\"https:\/\/cozyanddozy.com\/it\/prodotto\/cuscino-a-righe-con-motivo-a-buco-della-serratura\/#breadcrumb\"},\"inLanguage\":\"it-IT\",\"potentialAction\":[{\"@type\":\"ReadAction\",\"target\":[\"https:\/\/cozyanddozy.com\/it\/prodotto\/cuscino-a-righe-con-motivo-a-buco-della-serratura\/\"]}]},{\"@type\":\"ImageObject\",\"inLanguage\":\"it-IT\",\"@id\":\"https:\/\/cozyanddozy.com\/it\/prodotto\/cuscino-a-righe-con-motivo-a-buco-della-serratura\/#primaryimage\",\"url\":\"https:\/\/cozyanddozy.com\/it\/wp-content\/uploads\/2024\/03\/kluczyk-poduszka-scaled.jpg\",\"contentUrl\":\"https:\/\/cozyanddozy.com\/it\/wp-content\/uploads\/2024\/03\/kluczyk-poduszka-scaled.jpg\",\"width\":2560,\"height\":2547},{\"@type\":\"BreadcrumbList\",\"@id\":\"https:\/\/cozyanddozy.com\/it\/prodotto\/cuscino-a-righe-con-motivo-a-buco-della-serratura\/#breadcrumb\",\"itemListElement\":[{\"@type\":\"ListItem\",\"position\":1,\"name\":\"Home\",\"item\":\"https:\/\/cozyanddozy.com\/it\/\"},{\"@type\":\"ListItem\",\"position\":2,\"name\":\"Negozio\",\"item\":\"https:\/\/cozyanddozy.com\/it\/negozio\/\"},{\"@type\":\"ListItem\",\"position\":3,\"name\":\"Cuscino a righe con motivo a buco della serratura\"}]},{\"@type\":\"WebSite\",\"@id\":\"https:\/\/cozyanddozy.com\/it\/#website\",\"url\":\"https:\/\/cozyanddozy.com\/it\/\",\"name\":\"Cozy & Dozy\",\"description\":\"\",\"potentialAction\":[{\"@type\":\"SearchAction\",\"target\":{\"@type\":\"EntryPoint\",\"urlTemplate\":\"https:\/\/cozyanddozy.com\/it\/?s={search_term_string}\"},\"query-input\":{\"@type\":\"PropertyValueSpecification\",\"valueRequired\":true,\"valueName\":\"search_term_string\"}}],\"inLanguage\":\"it-IT\"}]}<\/script>\n<meta property=\"product:price:amount\" content=\"49.00\" \/>\n<meta property=\"product:price:currency\" content=\"EUR\" \/>\n<meta property=\"og:availability\" content=\"instock\" \/>\n<meta property=\"product:availability\" content=\"instock\" \/>\n<meta property=\"product:retailer_item_id\" content=\"5902701497545\" \/>\n<meta property=\"product:condition\" content=\"new\" \/>\n<!-- \/ Yoast SEO Premium plugin. -->","yoast_head_json":{"title":"Cuscino a righe con motivo a buco della serratura - Cozy & Dozy","description":"Cuscino decorativo a righe. Un accogliente cuscino ispirato ad Alice nel Paese delle Meraviglie","robots":{"index":"index","follow":"follow","max-snippet":"max-snippet:-1","max-image-preview":"max-image-preview:large","max-video-preview":"max-video-preview:-1"},"canonical":"https:\/\/cozyanddozy.com\/it\/prodotto\/cuscino-a-righe-con-motivo-a-buco-della-serratura\/","og_locale":"it_IT","og_type":"article","og_title":"Cuscino a righe con motivo a buco della serratura","og_description":"Cuscino decorativo a righe. Un accogliente cuscino ispirato ad Alice nel Paese delle Meraviglie","og_url":"https:\/\/cozyanddozy.com\/it\/prodotto\/cuscino-a-righe-con-motivo-a-buco-della-serratura\/","og_site_name":"Cozy &amp; Dozy","article_modified_time":"2024-08-16T09:37:43+00:00","og_image":[{"width":2560,"height":2547,"url":"https:\/\/cozyanddozy.com\/it\/wp-content\/uploads\/2024\/03\/kluczyk-poduszka-scaled.jpg","type":"image\/jpeg"}],"twitter_card":"summary_large_image","twitter_misc":{"Prezzo":"49,00&nbsp;&euro;","Disponibilit\u00e0":"In stock"},"schema":{"@context":"https:\/\/schema.org","@graph":[{"@type":"WebPage","@id":"https:\/\/cozyanddozy.com\/it\/prodotto\/cuscino-a-righe-con-motivo-a-buco-della-serratura\/","url":"https:\/\/cozyanddozy.com\/it\/prodotto\/cuscino-a-righe-con-motivo-a-buco-della-serratura\/","name":"Cuscino a righe con motivo a buco della serratura - Cozy & Dozy","isPartOf":{"@id":"https:\/\/cozyanddozy.com\/it\/#website"},"primaryImageOfPage":{"@id":"https:\/\/cozyanddozy.com\/it\/prodotto\/cuscino-a-righe-con-motivo-a-buco-della-serratura\/#primaryimage"},"image":{"@id":"https:\/\/cozyanddozy.com\/it\/prodotto\/cuscino-a-righe-con-motivo-a-buco-della-serratura\/#primaryimage"},"thumbnailUrl":"https:\/\/cozyanddozy.com\/it\/wp-content\/uploads\/2024\/03\/kluczyk-poduszka-scaled.jpg","datePublished":"2024-03-21T20:56:53+00:00","dateModified":"2024-08-16T09:37:43+00:00","description":"Cuscino decorativo a righe. Un accogliente cuscino ispirato ad Alice nel Paese delle Meraviglie","breadcrumb":{"@id":"https:\/\/cozyanddozy.com\/it\/prodotto\/cuscino-a-righe-con-motivo-a-buco-della-serratura\/#breadcrumb"},"inLanguage":"it-IT","potentialAction":[{"@type":"ReadAction","target":["https:\/\/cozyanddozy.com\/it\/prodotto\/cuscino-a-righe-con-motivo-a-buco-della-serratura\/"]}]},{"@type":"ImageObject","inLanguage":"it-IT","@id":"https:\/\/cozyanddozy.com\/it\/prodotto\/cuscino-a-righe-con-motivo-a-buco-della-serratura\/#primaryimage","url":"https:\/\/cozyanddozy.com\/it\/wp-content\/uploads\/2024\/03\/kluczyk-poduszka-scaled.jpg","contentUrl":"https:\/\/cozyanddozy.com\/it\/wp-content\/uploads\/2024\/03\/kluczyk-poduszka-scaled.jpg","width":2560,"height":2547},{"@type":"BreadcrumbList","@id":"https:\/\/cozyanddozy.com\/it\/prodotto\/cuscino-a-righe-con-motivo-a-buco-della-serratura\/#breadcrumb","itemListElement":[{"@type":"ListItem","position":1,"name":"Home","item":"https:\/\/cozyanddozy.com\/it\/"},{"@type":"ListItem","position":2,"name":"Negozio","item":"https:\/\/cozyanddozy.com\/it\/negozio\/"},{"@type":"ListItem","position":3,"name":"Cuscino a righe con motivo a buco della serratura"}]},{"@type":"WebSite","@id":"https:\/\/cozyanddozy.com\/it\/#website","url":"https:\/\/cozyanddozy.com\/it\/","name":"Cozy & Dozy","description":"","potentialAction":[{"@type":"SearchAction","target":{"@type":"EntryPoint","urlTemplate":"https:\/\/cozyanddozy.com\/it\/?s={search_term_string}"},"query-input":{"@type":"PropertyValueSpecification","valueRequired":true,"valueName":"search_term_string"}}],"inLanguage":"it-IT"}]},"product_price_amount":"49.00","product_price_currency":"EUR","og_availability":"instock","product_availability":"instock","product_retailer_item_id":"5902701497545","product_condition":"new"},"_links":{"self":[{"href":"https:\/\/cozyanddozy.com\/it\/wp-json\/wp\/v2\/product\/2188","targetHints":{"allow":["GET"]}}],"collection":[{"href":"https:\/\/cozyanddozy.com\/it\/wp-json\/wp\/v2\/product"}],"about":[{"href":"https:\/\/cozyanddozy.com\/it\/wp-json\/wp\/v2\/types\/product"}],"replies":[{"embeddable":true,"href":"https:\/\/cozyanddozy.com\/it\/wp-json\/wp\/v2\/comments?post=2188"}],"wp:featuredmedia":[{"embeddable":true,"href":"https:\/\/cozyanddozy.com\/it\/wp-json\/wp\/v2\/media\/2170"}],"wp:attachment":[{"href":"https:\/\/cozyanddozy.com\/it\/wp-json\/wp\/v2\/media?parent=2188"}],"wp:term":[{"taxonomy":"product_brand","embeddable":true,"href":"https:\/\/cozyanddozy.com\/it\/wp-json\/wp\/v2\/product_brand?post=2188"},{"taxonomy":"product_cat","embeddable":true,"href":"https:\/\/cozyanddozy.com\/it\/wp-json\/wp\/v2\/product_cat?post=2188"},{"taxonomy":"product_tag","embeddable":true,"href":"https:\/\/cozyanddozy.com\/it\/wp-json\/wp\/v2\/product_tag?post=2188"}],"curies":[{"name":"wp","href":"https:\/\/api.w.org\/{rel}","templated":true}]}}