{"id":2103,"date":"2024-03-16T20:39:44","date_gmt":"2024-03-16T20:39:44","guid":{"rendered":"https:\/\/cozyanddozy.com\/?post_type=product&#038;p=2730"},"modified":"2024-08-13T16:19:44","modified_gmt":"2024-08-13T15:19:44","slug":"cuscino-teddy-bear-cuscino-marrone","status":"publish","type":"product","link":"https:\/\/cozyanddozy.com\/it\/prodotto\/cuscino-teddy-bear-cuscino-marrone\/","title":{"rendered":"Cuscino Teddy Bear \u2013 cuscino marrone"},"content":{"rendered":"<h3 style=\"text-align: left;\"><strong><img decoding=\"async\" class=\"alignnone  wp-image-2076 alignright\" src=\"https:\/\/cozyanddozy.com\/it\/wp-content\/uploads\/2024\/03\/poduszka-teddy-bear-pillow-400x400.jpg\" alt=\"\" width=\"523\" height=\"523\" srcset=\"https:\/\/cozyanddozy.com\/it\/wp-content\/uploads\/2024\/03\/poduszka-teddy-bear-pillow-400x400.jpg 400w, https:\/\/cozyanddozy.com\/it\/wp-content\/uploads\/2024\/03\/poduszka-teddy-bear-pillow-1200x1200.jpg 1200w, https:\/\/cozyanddozy.com\/it\/wp-content\/uploads\/2024\/03\/poduszka-teddy-bear-pillow-150x150.jpg 150w, https:\/\/cozyanddozy.com\/it\/wp-content\/uploads\/2024\/03\/poduszka-teddy-bear-pillow-768x768.jpg 768w, https:\/\/cozyanddozy.com\/it\/wp-content\/uploads\/2024\/03\/poduszka-teddy-bear-pillow-1536x1536.jpg 1536w, https:\/\/cozyanddozy.com\/it\/wp-content\/uploads\/2024\/03\/poduszka-teddy-bear-pillow-2048x2048.jpg 2048w, https:\/\/cozyanddozy.com\/it\/wp-content\/uploads\/2024\/03\/poduszka-teddy-bear-pillow-470x470.jpg 470w, https:\/\/cozyanddozy.com\/it\/wp-content\/uploads\/2024\/03\/poduszka-teddy-bear-pillow-800x800.jpg 800w, https:\/\/cozyanddozy.com\/it\/wp-content\/uploads\/2024\/03\/poduszka-teddy-bear-pillow-100x100.jpg 100w\" sizes=\"(max-width: 523px) 100vw, 523px\" \/><\/strong><\/h3>\n<h3 style=\"text-align: left;\"><strong>Un cuscino della collezione Teddy, un grande cuscino coccoloso per bambini realizzato da Cozy&amp;Dozy<\/strong><\/h3>\n<div><strong>Un accogliente cuscino a forma di orsacchiotto, realizzato in morbido velluto marrone.<\/strong><\/div>\n<div><\/div>\n<div><strong>Un cuscino grande, perfetto per coccolarsi, dormire, giocare e come compagno di viaggio.<\/strong><\/div>\n<div><\/div>\n<div>Chi non ama i cuscini morbidi, soprattutto quando sono realizzati in velluto bello e colorato.<\/div>\n<div><\/div>\n<div>La dolce collezione di cuscini Teddy comprende 2 colori: testa di moro e marrone.<\/div>\n<div><\/div>\n<div>Puoi scegliere una ghirlanda, un tappetino da gioco, un teepee o una trapunta coordinati.<\/div>\n<div><\/div>\n<div>Dimensioni:<\/div>\n<ul>\n<li>50\u00d760cm<\/li>\n<\/ul>\n<div>Tessuto:<\/div>\n<ul>\n<li>100% velluto (100% PES)<\/li>\n<li>imbottitura isolante in silicone anallergico<\/li>\n<\/ul>\n<div>Metodo di cura:<\/div>\n<ul>\n<li>Lavare a 40\u00b0 \u2013 programma delicati<\/li>\n<li>Non lavare a secco<\/li>\n<li>Non clorare<\/li>\n<\/ul>\n<div><strong>La sicurezza dei bambini \u00e8 la cosa pi\u00f9 importante per noi, ecco perch\u00e9 la ghirlanda e il cuscino sono realizzati al 100% con velluto della massima qualit\u00e0.<\/strong><\/div>\n<div><\/div>\n<div><strong>I nostri prodotti sono certificati CE, quindi puoi regalarli a tuo figlio senza preoccupazioni.<\/strong><\/div>\n<div><\/div>\n<div><strong>Tutti i nostri prodotti sono stati progettati e realizzati da Cozy&amp;Dozy.<\/strong><\/div>\n<h3><\/h3>\n","protected":false},"excerpt":{"rendered":"<p>Un cuscino della collezione Teddy, un grande cuscino coccoloso per bambini realizzato da Cozy&amp;Dozy Un accogliente cuscino a forma di orsacchiotto, realizzato in morbido velluto marrone. Un cuscino grande, perfetto per coccolarsi, dormire, giocare e come compagno di viaggio. Chi non ama i cuscini morbidi, soprattutto quando sono realizzati in velluto bello e colorato. La [&#8230;]\n","protected":false},"featured_media":2076,"comment_status":"open","ping_status":"closed","template":"","meta":[],"product_brand":[],"product_cat":[17],"product_tag":[],"class_list":{"0":"post-2103","1":"product","2":"type-product","3":"status-publish","4":"has-post-thumbnail","6":"product_cat-cuscini-pouf","8":"first","9":"instock","10":"shipping-taxable","11":"product-type-simple"},"yoast_head":"<!-- This site is optimized with the Yoast SEO Premium plugin v21.9 (Yoast SEO v27.0) - https:\/\/yoast.com\/product\/yoast-seo-premium-wordpress\/ -->\n<title>Cuscino Teddy Bear \u2013 cuscino marrone - Cozy &amp; Dozy<\/title>\n<meta name=\"robots\" content=\"index, follow, max-snippet:-1, max-image-preview:large, max-video-preview:-1\" \/>\n<link rel=\"canonical\" href=\"https:\/\/cozyanddozy.com\/it\/prodotto\/cuscino-teddy-bear-cuscino-marrone\/\" \/>\n<meta property=\"og:locale\" content=\"it_IT\" \/>\n<meta property=\"og:type\" content=\"article\" \/>\n<meta property=\"og:title\" content=\"Cuscino Teddy Bear \u2013 cuscino marrone\" \/>\n<meta property=\"og:description\" content=\"Un cuscino della collezione Teddy, un grande cuscino coccoloso per bambini realizzato da Cozy&amp;Dozy Un accogliente cuscino a forma di orsacchiotto, realizzato in morbido velluto marrone. Un cuscino grande, perfetto per coccolarsi, dormire, giocare e come compagno di viaggio. Chi non ama i cuscini morbidi, soprattutto quando sono realizzati in velluto bello e colorato. La [...]\" \/>\n<meta property=\"og:url\" content=\"https:\/\/cozyanddozy.com\/it\/prodotto\/cuscino-teddy-bear-cuscino-marrone\/\" \/>\n<meta property=\"og:site_name\" content=\"Cozy &amp; Dozy\" \/>\n<meta property=\"article:modified_time\" content=\"2024-08-13T15:19:44+00:00\" \/>\n<meta property=\"og:image\" content=\"https:\/\/cozyanddozy.com\/it\/wp-content\/uploads\/2024\/03\/poduszka-teddy-bear-pillow-scaled.jpg\" \/>\n\t<meta property=\"og:image:width\" content=\"2560\" \/>\n\t<meta property=\"og:image:height\" content=\"2560\" \/>\n\t<meta property=\"og:image:type\" content=\"image\/jpeg\" \/>\n<meta name=\"twitter:card\" content=\"summary_large_image\" \/>\n<meta name=\"twitter:label1\" content=\"Prezzo\" \/>\n\t<meta name=\"twitter:data1\" content=\"49,00&nbsp;&euro;\" \/>\n\t<meta name=\"twitter:label2\" content=\"Disponibilit\u00e0\" \/>\n\t<meta name=\"twitter:data2\" content=\"In stock\" \/>\n<script type=\"application\/ld+json\" class=\"yoast-schema-graph\">{\"@context\":\"https:\/\/schema.org\",\"@graph\":[{\"@type\":\"WebPage\",\"@id\":\"https:\/\/cozyanddozy.com\/it\/prodotto\/cuscino-teddy-bear-cuscino-marrone\/\",\"url\":\"https:\/\/cozyanddozy.com\/it\/prodotto\/cuscino-teddy-bear-cuscino-marrone\/\",\"name\":\"Cuscino Teddy Bear \u2013 cuscino marrone - Cozy & Dozy\",\"isPartOf\":{\"@id\":\"https:\/\/cozyanddozy.com\/it\/#website\"},\"primaryImageOfPage\":{\"@id\":\"https:\/\/cozyanddozy.com\/it\/prodotto\/cuscino-teddy-bear-cuscino-marrone\/#primaryimage\"},\"image\":{\"@id\":\"https:\/\/cozyanddozy.com\/it\/prodotto\/cuscino-teddy-bear-cuscino-marrone\/#primaryimage\"},\"thumbnailUrl\":\"https:\/\/cozyanddozy.com\/it\/wp-content\/uploads\/2024\/03\/poduszka-teddy-bear-pillow-scaled.jpg\",\"datePublished\":\"2024-03-16T20:39:44+00:00\",\"dateModified\":\"2024-08-13T15:19:44+00:00\",\"breadcrumb\":{\"@id\":\"https:\/\/cozyanddozy.com\/it\/prodotto\/cuscino-teddy-bear-cuscino-marrone\/#breadcrumb\"},\"inLanguage\":\"it-IT\",\"potentialAction\":[{\"@type\":\"ReadAction\",\"target\":[\"https:\/\/cozyanddozy.com\/it\/prodotto\/cuscino-teddy-bear-cuscino-marrone\/\"]}]},{\"@type\":\"ImageObject\",\"inLanguage\":\"it-IT\",\"@id\":\"https:\/\/cozyanddozy.com\/it\/prodotto\/cuscino-teddy-bear-cuscino-marrone\/#primaryimage\",\"url\":\"https:\/\/cozyanddozy.com\/it\/wp-content\/uploads\/2024\/03\/poduszka-teddy-bear-pillow-scaled.jpg\",\"contentUrl\":\"https:\/\/cozyanddozy.com\/it\/wp-content\/uploads\/2024\/03\/poduszka-teddy-bear-pillow-scaled.jpg\",\"width\":2560,\"height\":2560},{\"@type\":\"BreadcrumbList\",\"@id\":\"https:\/\/cozyanddozy.com\/it\/prodotto\/cuscino-teddy-bear-cuscino-marrone\/#breadcrumb\",\"itemListElement\":[{\"@type\":\"ListItem\",\"position\":1,\"name\":\"Home\",\"item\":\"https:\/\/cozyanddozy.com\/it\/\"},{\"@type\":\"ListItem\",\"position\":2,\"name\":\"Negozio\",\"item\":\"https:\/\/cozyanddozy.com\/it\/negozio\/\"},{\"@type\":\"ListItem\",\"position\":3,\"name\":\"Cuscino Teddy Bear \u2013 cuscino marrone\"}]},{\"@type\":\"WebSite\",\"@id\":\"https:\/\/cozyanddozy.com\/it\/#website\",\"url\":\"https:\/\/cozyanddozy.com\/it\/\",\"name\":\"Cozy & Dozy\",\"description\":\"\",\"potentialAction\":[{\"@type\":\"SearchAction\",\"target\":{\"@type\":\"EntryPoint\",\"urlTemplate\":\"https:\/\/cozyanddozy.com\/it\/?s={search_term_string}\"},\"query-input\":{\"@type\":\"PropertyValueSpecification\",\"valueRequired\":true,\"valueName\":\"search_term_string\"}}],\"inLanguage\":\"it-IT\"}]}<\/script>\n<meta property=\"product:price:amount\" content=\"49.00\" \/>\n<meta property=\"product:price:currency\" content=\"EUR\" \/>\n<meta property=\"og:availability\" content=\"instock\" \/>\n<meta property=\"product:availability\" content=\"instock\" \/>\n<meta property=\"product:retailer_item_id\" content=\"5902701497583\" \/>\n<meta property=\"product:condition\" content=\"new\" \/>\n<!-- \/ Yoast SEO Premium plugin. -->","yoast_head_json":{"title":"Cuscino Teddy Bear \u2013 cuscino marrone - Cozy & Dozy","robots":{"index":"index","follow":"follow","max-snippet":"max-snippet:-1","max-image-preview":"max-image-preview:large","max-video-preview":"max-video-preview:-1"},"canonical":"https:\/\/cozyanddozy.com\/it\/prodotto\/cuscino-teddy-bear-cuscino-marrone\/","og_locale":"it_IT","og_type":"article","og_title":"Cuscino Teddy Bear \u2013 cuscino marrone","og_description":"Un cuscino della collezione Teddy, un grande cuscino coccoloso per bambini realizzato da Cozy&amp;Dozy Un accogliente cuscino a forma di orsacchiotto, realizzato in morbido velluto marrone. Un cuscino grande, perfetto per coccolarsi, dormire, giocare e come compagno di viaggio. Chi non ama i cuscini morbidi, soprattutto quando sono realizzati in velluto bello e colorato. La [...]","og_url":"https:\/\/cozyanddozy.com\/it\/prodotto\/cuscino-teddy-bear-cuscino-marrone\/","og_site_name":"Cozy &amp; Dozy","article_modified_time":"2024-08-13T15:19:44+00:00","og_image":[{"width":2560,"height":2560,"url":"https:\/\/cozyanddozy.com\/it\/wp-content\/uploads\/2024\/03\/poduszka-teddy-bear-pillow-scaled.jpg","type":"image\/jpeg"}],"twitter_card":"summary_large_image","twitter_misc":{"Prezzo":"49,00&nbsp;&euro;","Disponibilit\u00e0":"In stock"},"schema":{"@context":"https:\/\/schema.org","@graph":[{"@type":"WebPage","@id":"https:\/\/cozyanddozy.com\/it\/prodotto\/cuscino-teddy-bear-cuscino-marrone\/","url":"https:\/\/cozyanddozy.com\/it\/prodotto\/cuscino-teddy-bear-cuscino-marrone\/","name":"Cuscino Teddy Bear \u2013 cuscino marrone - Cozy & Dozy","isPartOf":{"@id":"https:\/\/cozyanddozy.com\/it\/#website"},"primaryImageOfPage":{"@id":"https:\/\/cozyanddozy.com\/it\/prodotto\/cuscino-teddy-bear-cuscino-marrone\/#primaryimage"},"image":{"@id":"https:\/\/cozyanddozy.com\/it\/prodotto\/cuscino-teddy-bear-cuscino-marrone\/#primaryimage"},"thumbnailUrl":"https:\/\/cozyanddozy.com\/it\/wp-content\/uploads\/2024\/03\/poduszka-teddy-bear-pillow-scaled.jpg","datePublished":"2024-03-16T20:39:44+00:00","dateModified":"2024-08-13T15:19:44+00:00","breadcrumb":{"@id":"https:\/\/cozyanddozy.com\/it\/prodotto\/cuscino-teddy-bear-cuscino-marrone\/#breadcrumb"},"inLanguage":"it-IT","potentialAction":[{"@type":"ReadAction","target":["https:\/\/cozyanddozy.com\/it\/prodotto\/cuscino-teddy-bear-cuscino-marrone\/"]}]},{"@type":"ImageObject","inLanguage":"it-IT","@id":"https:\/\/cozyanddozy.com\/it\/prodotto\/cuscino-teddy-bear-cuscino-marrone\/#primaryimage","url":"https:\/\/cozyanddozy.com\/it\/wp-content\/uploads\/2024\/03\/poduszka-teddy-bear-pillow-scaled.jpg","contentUrl":"https:\/\/cozyanddozy.com\/it\/wp-content\/uploads\/2024\/03\/poduszka-teddy-bear-pillow-scaled.jpg","width":2560,"height":2560},{"@type":"BreadcrumbList","@id":"https:\/\/cozyanddozy.com\/it\/prodotto\/cuscino-teddy-bear-cuscino-marrone\/#breadcrumb","itemListElement":[{"@type":"ListItem","position":1,"name":"Home","item":"https:\/\/cozyanddozy.com\/it\/"},{"@type":"ListItem","position":2,"name":"Negozio","item":"https:\/\/cozyanddozy.com\/it\/negozio\/"},{"@type":"ListItem","position":3,"name":"Cuscino Teddy Bear \u2013 cuscino marrone"}]},{"@type":"WebSite","@id":"https:\/\/cozyanddozy.com\/it\/#website","url":"https:\/\/cozyanddozy.com\/it\/","name":"Cozy & Dozy","description":"","potentialAction":[{"@type":"SearchAction","target":{"@type":"EntryPoint","urlTemplate":"https:\/\/cozyanddozy.com\/it\/?s={search_term_string}"},"query-input":{"@type":"PropertyValueSpecification","valueRequired":true,"valueName":"search_term_string"}}],"inLanguage":"it-IT"}]},"product_price_amount":"49.00","product_price_currency":"EUR","og_availability":"instock","product_availability":"instock","product_retailer_item_id":"5902701497583","product_condition":"new"},"_links":{"self":[{"href":"https:\/\/cozyanddozy.com\/it\/wp-json\/wp\/v2\/product\/2103","targetHints":{"allow":["GET"]}}],"collection":[{"href":"https:\/\/cozyanddozy.com\/it\/wp-json\/wp\/v2\/product"}],"about":[{"href":"https:\/\/cozyanddozy.com\/it\/wp-json\/wp\/v2\/types\/product"}],"replies":[{"embeddable":true,"href":"https:\/\/cozyanddozy.com\/it\/wp-json\/wp\/v2\/comments?post=2103"}],"wp:featuredmedia":[{"embeddable":true,"href":"https:\/\/cozyanddozy.com\/it\/wp-json\/wp\/v2\/media\/2076"}],"wp:attachment":[{"href":"https:\/\/cozyanddozy.com\/it\/wp-json\/wp\/v2\/media?parent=2103"}],"wp:term":[{"taxonomy":"product_brand","embeddable":true,"href":"https:\/\/cozyanddozy.com\/it\/wp-json\/wp\/v2\/product_brand?post=2103"},{"taxonomy":"product_cat","embeddable":true,"href":"https:\/\/cozyanddozy.com\/it\/wp-json\/wp\/v2\/product_cat?post=2103"},{"taxonomy":"product_tag","embeddable":true,"href":"https:\/\/cozyanddozy.com\/it\/wp-json\/wp\/v2\/product_tag?post=2103"}],"curies":[{"name":"wp","href":"https:\/\/api.w.org\/{rel}","templated":true}]}}