{"id":1994,"date":"2024-01-17T17:49:47","date_gmt":"2024-01-17T17:49:47","guid":{"rendered":"https:\/\/cozyanddozy.com\/?post_type=product&#038;p=2619"},"modified":"2024-08-16T10:49:04","modified_gmt":"2024-08-16T09:49:04","slug":"cuscino-candy-cuscino-rotondo-giallo","status":"publish","type":"product","link":"https:\/\/cozyanddozy.com\/it\/prodotto\/cuscino-candy-cuscino-rotondo-giallo\/","title":{"rendered":"Cuscino Candy &#8211; cuscino rotondo giallo"},"content":{"rendered":"<h3><img decoding=\"async\" class=\"alignnone wp-image-2043 alignright\" src=\"https:\/\/cozyanddozy.com\/wp-content\/uploads\/2023\/11\/candy-pillows-set-green-and-yellow-400x400.jpeg\" alt=\"\" width=\"553\" height=\"553\" \/><\/h3>\n<h3><strong>Un cuscino rotondo in stile caramella di colore giallo di Cozy&amp;Dozy<\/strong><\/h3>\n<div><strong>Chi non ama i cuscini morbidi, soprattutto quando sono realizzati in velluto bello e colorato.<\/strong><\/div>\n<div><strong>La dolce collezione di cuscini Candy comprende 5 colori di cuscini rotondi e accoglienti.<\/strong><\/div>\n<div><strong>Puoi scegliere una ghirlanda, un palloncino o un fiore abbinato per ogni cuscino.<\/strong><\/div>\n<div><\/div>\n<div>Dimensioni:<\/div>\n<ul>\n<li>40x40cm<\/li>\n<\/ul>\n<div>Tessuto:<\/div>\n<ul>\n<li>100% velluto<\/li>\n<li>imbottitura isolante in silicone anallergico<\/li>\n<\/ul>\n<div>Metodo di cura:<\/div>\n<ul>\n<li>Lavare a 40\u00b0 &#8211; programma delicati<\/li>\n<li>Stirare a bassa temperatura<\/li>\n<li>Non lavare a secco<\/li>\n<li>Non clorare<\/li>\n<\/ul>\n<div><strong>La sicurezza dei bambini \u00e8 la cosa pi\u00f9 importante per noi, ecco perch\u00e9 la ghirlanda e il cuscino sono realizzati al 100% in velluto di altissima qualit\u00e0.<\/strong><\/div>\n<div><strong>I nostri prodotti sono certificati CE, quindi puoi regalarli a tuo figlio senza preoccupazioni<\/strong>.<\/div>\n<div><\/div>\n<div>Tutti i nostri prodotti sono stati progettati e realizzati nel nostro studio Cozy&amp;Dozy.<\/div>\n<div>\u200b<\/div>\n","protected":false},"excerpt":{"rendered":"<p>Morbido cuscino della serie Candy, cuscino rotondo color caramello 40&#215;40 cm<\/p>\n","protected":false},"featured_media":1991,"comment_status":"open","ping_status":"closed","template":"","meta":[],"product_brand":[],"product_cat":[17],"product_tag":[],"class_list":{"0":"post-1994","1":"product","2":"type-product","3":"status-publish","4":"has-post-thumbnail","6":"product_cat-cuscini-pouf","8":"first","9":"instock","10":"shipping-taxable","11":"product-type-simple"},"yoast_head":"<!-- This site is optimized with the Yoast SEO Premium plugin v21.9 (Yoast SEO v27.0) - https:\/\/yoast.com\/product\/yoast-seo-premium-wordpress\/ -->\n<title>Cuscino Candy - cuscino rotondo giallo - Cozy &amp; Dozy<\/title>\n<meta name=\"description\" content=\"Morbido cuscino della serie Candy, cuscino rotondo color caramello 40x40 cm\" \/>\n<meta name=\"robots\" content=\"index, follow, max-snippet:-1, max-image-preview:large, max-video-preview:-1\" \/>\n<link rel=\"canonical\" href=\"https:\/\/cozyanddozy.com\/it\/prodotto\/cuscino-candy-cuscino-rotondo-giallo\/\" \/>\n<meta property=\"og:locale\" content=\"it_IT\" \/>\n<meta property=\"og:type\" content=\"article\" \/>\n<meta property=\"og:title\" content=\"Cuscino Candy - cuscino rotondo giallo\" \/>\n<meta property=\"og:description\" content=\"Morbido cuscino della serie Candy, cuscino rotondo color caramello 40x40 cm\" \/>\n<meta property=\"og:url\" content=\"https:\/\/cozyanddozy.com\/it\/prodotto\/cuscino-candy-cuscino-rotondo-giallo\/\" \/>\n<meta property=\"og:site_name\" content=\"Cozy &amp; Dozy\" \/>\n<meta property=\"article:modified_time\" content=\"2024-08-16T09:49:04+00:00\" \/>\n<meta property=\"og:image\" content=\"https:\/\/cozyanddozy.com\/it\/wp-content\/uploads\/2024\/01\/yellow-pillows-candy-ballon-scaled.jpg\" \/>\n\t<meta property=\"og:image:width\" content=\"2560\" \/>\n\t<meta property=\"og:image:height\" content=\"2560\" \/>\n\t<meta property=\"og:image:type\" content=\"image\/jpeg\" \/>\n<meta name=\"twitter:card\" content=\"summary_large_image\" \/>\n<meta name=\"twitter:label1\" content=\"Prezzo\" \/>\n\t<meta name=\"twitter:data1\" content=\"35,00&nbsp;&euro;\" \/>\n\t<meta name=\"twitter:label2\" content=\"Disponibilit\u00e0\" \/>\n\t<meta name=\"twitter:data2\" content=\"In stock\" \/>\n<script type=\"application\/ld+json\" class=\"yoast-schema-graph\">{\"@context\":\"https:\/\/schema.org\",\"@graph\":[{\"@type\":\"WebPage\",\"@id\":\"https:\/\/cozyanddozy.com\/it\/prodotto\/cuscino-candy-cuscino-rotondo-giallo\/\",\"url\":\"https:\/\/cozyanddozy.com\/it\/prodotto\/cuscino-candy-cuscino-rotondo-giallo\/\",\"name\":\"Cuscino Candy - cuscino rotondo giallo - Cozy & Dozy\",\"isPartOf\":{\"@id\":\"https:\/\/cozyanddozy.com\/it\/#website\"},\"primaryImageOfPage\":{\"@id\":\"https:\/\/cozyanddozy.com\/it\/prodotto\/cuscino-candy-cuscino-rotondo-giallo\/#primaryimage\"},\"image\":{\"@id\":\"https:\/\/cozyanddozy.com\/it\/prodotto\/cuscino-candy-cuscino-rotondo-giallo\/#primaryimage\"},\"thumbnailUrl\":\"https:\/\/cozyanddozy.com\/it\/wp-content\/uploads\/2024\/01\/yellow-pillows-candy-ballon-scaled.jpg\",\"datePublished\":\"2024-01-17T17:49:47+00:00\",\"dateModified\":\"2024-08-16T09:49:04+00:00\",\"description\":\"Morbido cuscino della serie Candy, cuscino rotondo color caramello 40x40 cm\",\"breadcrumb\":{\"@id\":\"https:\/\/cozyanddozy.com\/it\/prodotto\/cuscino-candy-cuscino-rotondo-giallo\/#breadcrumb\"},\"inLanguage\":\"it-IT\",\"potentialAction\":[{\"@type\":\"ReadAction\",\"target\":[\"https:\/\/cozyanddozy.com\/it\/prodotto\/cuscino-candy-cuscino-rotondo-giallo\/\"]}]},{\"@type\":\"ImageObject\",\"inLanguage\":\"it-IT\",\"@id\":\"https:\/\/cozyanddozy.com\/it\/prodotto\/cuscino-candy-cuscino-rotondo-giallo\/#primaryimage\",\"url\":\"https:\/\/cozyanddozy.com\/it\/wp-content\/uploads\/2024\/01\/yellow-pillows-candy-ballon-scaled.jpg\",\"contentUrl\":\"https:\/\/cozyanddozy.com\/it\/wp-content\/uploads\/2024\/01\/yellow-pillows-candy-ballon-scaled.jpg\",\"width\":2560,\"height\":2560},{\"@type\":\"BreadcrumbList\",\"@id\":\"https:\/\/cozyanddozy.com\/it\/prodotto\/cuscino-candy-cuscino-rotondo-giallo\/#breadcrumb\",\"itemListElement\":[{\"@type\":\"ListItem\",\"position\":1,\"name\":\"Home\",\"item\":\"https:\/\/cozyanddozy.com\/it\/\"},{\"@type\":\"ListItem\",\"position\":2,\"name\":\"Negozio\",\"item\":\"https:\/\/cozyanddozy.com\/it\/negozio\/\"},{\"@type\":\"ListItem\",\"position\":3,\"name\":\"Cuscino Candy &#8211; cuscino rotondo giallo\"}]},{\"@type\":\"WebSite\",\"@id\":\"https:\/\/cozyanddozy.com\/it\/#website\",\"url\":\"https:\/\/cozyanddozy.com\/it\/\",\"name\":\"Cozy & Dozy\",\"description\":\"\",\"potentialAction\":[{\"@type\":\"SearchAction\",\"target\":{\"@type\":\"EntryPoint\",\"urlTemplate\":\"https:\/\/cozyanddozy.com\/it\/?s={search_term_string}\"},\"query-input\":{\"@type\":\"PropertyValueSpecification\",\"valueRequired\":true,\"valueName\":\"search_term_string\"}}],\"inLanguage\":\"it-IT\"}]}<\/script>\n<meta property=\"product:price:amount\" content=\"35.00\" \/>\n<meta property=\"product:price:currency\" content=\"EUR\" \/>\n<meta property=\"og:availability\" content=\"instock\" \/>\n<meta property=\"product:availability\" content=\"instock\" \/>\n<meta property=\"product:retailer_item_id\" content=\"5902701497453\" \/>\n<meta property=\"product:condition\" content=\"new\" \/>\n<!-- \/ Yoast SEO Premium plugin. -->","yoast_head_json":{"title":"Cuscino Candy - cuscino rotondo giallo - Cozy & Dozy","description":"Morbido cuscino della serie Candy, cuscino rotondo color caramello 40x40 cm","robots":{"index":"index","follow":"follow","max-snippet":"max-snippet:-1","max-image-preview":"max-image-preview:large","max-video-preview":"max-video-preview:-1"},"canonical":"https:\/\/cozyanddozy.com\/it\/prodotto\/cuscino-candy-cuscino-rotondo-giallo\/","og_locale":"it_IT","og_type":"article","og_title":"Cuscino Candy - cuscino rotondo giallo","og_description":"Morbido cuscino della serie Candy, cuscino rotondo color caramello 40x40 cm","og_url":"https:\/\/cozyanddozy.com\/it\/prodotto\/cuscino-candy-cuscino-rotondo-giallo\/","og_site_name":"Cozy &amp; Dozy","article_modified_time":"2024-08-16T09:49:04+00:00","og_image":[{"width":2560,"height":2560,"url":"https:\/\/cozyanddozy.com\/it\/wp-content\/uploads\/2024\/01\/yellow-pillows-candy-ballon-scaled.jpg","type":"image\/jpeg"}],"twitter_card":"summary_large_image","twitter_misc":{"Prezzo":"35,00&nbsp;&euro;","Disponibilit\u00e0":"In stock"},"schema":{"@context":"https:\/\/schema.org","@graph":[{"@type":"WebPage","@id":"https:\/\/cozyanddozy.com\/it\/prodotto\/cuscino-candy-cuscino-rotondo-giallo\/","url":"https:\/\/cozyanddozy.com\/it\/prodotto\/cuscino-candy-cuscino-rotondo-giallo\/","name":"Cuscino Candy - cuscino rotondo giallo - Cozy & Dozy","isPartOf":{"@id":"https:\/\/cozyanddozy.com\/it\/#website"},"primaryImageOfPage":{"@id":"https:\/\/cozyanddozy.com\/it\/prodotto\/cuscino-candy-cuscino-rotondo-giallo\/#primaryimage"},"image":{"@id":"https:\/\/cozyanddozy.com\/it\/prodotto\/cuscino-candy-cuscino-rotondo-giallo\/#primaryimage"},"thumbnailUrl":"https:\/\/cozyanddozy.com\/it\/wp-content\/uploads\/2024\/01\/yellow-pillows-candy-ballon-scaled.jpg","datePublished":"2024-01-17T17:49:47+00:00","dateModified":"2024-08-16T09:49:04+00:00","description":"Morbido cuscino della serie Candy, cuscino rotondo color caramello 40x40 cm","breadcrumb":{"@id":"https:\/\/cozyanddozy.com\/it\/prodotto\/cuscino-candy-cuscino-rotondo-giallo\/#breadcrumb"},"inLanguage":"it-IT","potentialAction":[{"@type":"ReadAction","target":["https:\/\/cozyanddozy.com\/it\/prodotto\/cuscino-candy-cuscino-rotondo-giallo\/"]}]},{"@type":"ImageObject","inLanguage":"it-IT","@id":"https:\/\/cozyanddozy.com\/it\/prodotto\/cuscino-candy-cuscino-rotondo-giallo\/#primaryimage","url":"https:\/\/cozyanddozy.com\/it\/wp-content\/uploads\/2024\/01\/yellow-pillows-candy-ballon-scaled.jpg","contentUrl":"https:\/\/cozyanddozy.com\/it\/wp-content\/uploads\/2024\/01\/yellow-pillows-candy-ballon-scaled.jpg","width":2560,"height":2560},{"@type":"BreadcrumbList","@id":"https:\/\/cozyanddozy.com\/it\/prodotto\/cuscino-candy-cuscino-rotondo-giallo\/#breadcrumb","itemListElement":[{"@type":"ListItem","position":1,"name":"Home","item":"https:\/\/cozyanddozy.com\/it\/"},{"@type":"ListItem","position":2,"name":"Negozio","item":"https:\/\/cozyanddozy.com\/it\/negozio\/"},{"@type":"ListItem","position":3,"name":"Cuscino Candy &#8211; cuscino rotondo giallo"}]},{"@type":"WebSite","@id":"https:\/\/cozyanddozy.com\/it\/#website","url":"https:\/\/cozyanddozy.com\/it\/","name":"Cozy & Dozy","description":"","potentialAction":[{"@type":"SearchAction","target":{"@type":"EntryPoint","urlTemplate":"https:\/\/cozyanddozy.com\/it\/?s={search_term_string}"},"query-input":{"@type":"PropertyValueSpecification","valueRequired":true,"valueName":"search_term_string"}}],"inLanguage":"it-IT"}]},"product_price_amount":"35.00","product_price_currency":"EUR","og_availability":"instock","product_availability":"instock","product_retailer_item_id":"5902701497453","product_condition":"new"},"_links":{"self":[{"href":"https:\/\/cozyanddozy.com\/it\/wp-json\/wp\/v2\/product\/1994","targetHints":{"allow":["GET"]}}],"collection":[{"href":"https:\/\/cozyanddozy.com\/it\/wp-json\/wp\/v2\/product"}],"about":[{"href":"https:\/\/cozyanddozy.com\/it\/wp-json\/wp\/v2\/types\/product"}],"replies":[{"embeddable":true,"href":"https:\/\/cozyanddozy.com\/it\/wp-json\/wp\/v2\/comments?post=1994"}],"wp:featuredmedia":[{"embeddable":true,"href":"https:\/\/cozyanddozy.com\/it\/wp-json\/wp\/v2\/media\/1991"}],"wp:attachment":[{"href":"https:\/\/cozyanddozy.com\/it\/wp-json\/wp\/v2\/media?parent=1994"}],"wp:term":[{"taxonomy":"product_brand","embeddable":true,"href":"https:\/\/cozyanddozy.com\/it\/wp-json\/wp\/v2\/product_brand?post=1994"},{"taxonomy":"product_cat","embeddable":true,"href":"https:\/\/cozyanddozy.com\/it\/wp-json\/wp\/v2\/product_cat?post=1994"},{"taxonomy":"product_tag","embeddable":true,"href":"https:\/\/cozyanddozy.com\/it\/wp-json\/wp\/v2\/product_tag?post=1994"}],"curies":[{"name":"wp","href":"https:\/\/api.w.org\/{rel}","templated":true}]}}