{"id":1974,"date":"2023-11-22T22:16:36","date_gmt":"2023-11-22T22:16:36","guid":{"rendered":"https:\/\/cozyanddozy.com\/?post_type=product&#038;p=2184"},"modified":"2024-08-16T10:09:55","modified_gmt":"2024-08-16T09:09:55","slug":"cuscino-a-palloncino-con-ghirlanda-set-palloncino-blu","status":"publish","type":"product","link":"https:\/\/cozyanddozy.com\/it\/prodotto\/cuscino-a-palloncino-con-ghirlanda-set-palloncino-blu\/","title":{"rendered":"Cuscino a palloncino con ghirlanda &#8211; Set palloncino blu"},"content":{"rendered":"<h3><img decoding=\"async\" class=\"alignnone wp-image-2031 alignright\" src=\"https:\/\/cozyanddozy.com\/wp-content\/uploads\/2023\/11\/blue-pillow-ballon-set-400x400.jpeg\" alt=\"\" width=\"354\" height=\"354\" \/><\/h3>\n<h3><strong>Cuscino a palloncino blu con ghirlanda di Cozy and Dozy.<\/strong><\/h3>\n<div>Ogni tanto una parete vuota attira l&#8217;attenzione, nella cameretta di un bambino ci sono troppe foto e anche la carta da parati \u00e8 colorata. Ti stai chiedendo come calmare questo angolo in modo che abbia un&#8217;atmosfera infantile e allegra ma calmi anche un po&#8217; l&#8217;interno per giocare?<\/div>\n<div><\/div>\n<div><strong>Un morbido cuscino-palloncino blu che puoi appendere al muro e togliere quando necessario per giocare.<\/strong><\/div>\n<div><\/div>\n<div><strong>Per completare il colore degli interni, abbiamo aggiunto al cuscino una delicata ghirlanda bicolore nel colore di un palloncino.<\/strong><\/div>\n<div><\/div>\n<div>Ora va tutto bene, la stanza ha l&#8217;effetto previsto. Inoltre, il palloncino blu e la ghirlanda sono decorazioni murali che possono essere facilmente lavate in lavatrice, quindi non temono la polvere.<\/div>\n<div><\/div>\n<div>Dimensioni:<\/div>\n<div><\/div>\n<ul>\n<li>cuscino a palloncino blu: 50&#215;35 cm<\/li>\n<li>ghirlanda bianca e blu: lunghezza 160 cm, gagliardetto 14&#215;11 cm<\/li>\n<\/ul>\n<div><\/div>\n<div>Composizione:<\/div>\n<div><\/div>\n<ul>\n<li>100% velluto<\/li>\n<li>nastro di cotone<\/li>\n<li>imbottitura &#8211; schiuma anallergica<\/li>\n<\/ul>\n<div><\/div>\n<div>Lavaggio:<\/div>\n<div><\/div>\n<ul>\n<li>Le decorazioni possono essere lavate a 40 gradi,<\/li>\n<li>Filatura \u2013 800 giri,<\/li>\n<li>Non lavare a secco, non candeggiare<\/li>\n<\/ul>\n<div><\/div>\n<div><strong>La sicurezza dei bambini \u00e8 la nostra prima priorit\u00e0, ecco perch\u00e9 la ghirlanda e il cuscino sono realizzati in velluto 100% della massima qualit\u00e0. I nostri prodotti sono certificati CE, quindi puoi regalarli a tuo figlio senza preoccupazioni.<\/strong><\/div>\n<div><\/div>\n<div>Tutti i nostri articoli sono stati progettati e realizzati nel nostro studio Cozy&amp;Dozy.<\/div>\n<div>\u200b<\/div>\n","protected":false},"excerpt":{"rendered":"<p>Un morbido cuscino-palloncino blu da appendere al muro. Per completare il colore degli interni, abbiamo aggiunto una delicata ghirlanda bicolore. Decorazione perfetta per la cameretta dei bambini.<\/p>\n","protected":false},"featured_media":1821,"comment_status":"open","ping_status":"closed","template":"","meta":[],"product_brand":[],"product_cat":[19,17],"product_tag":[],"class_list":{"0":"post-1974","1":"product","2":"type-product","3":"status-publish","4":"has-post-thumbnail","6":"product_cat-accessori","7":"product_cat-cuscini-pouf","9":"first","10":"instock","11":"shipping-taxable","12":"product-type-simple"},"yoast_head":"<!-- This site is optimized with the Yoast SEO Premium plugin v21.9 (Yoast SEO v27.0) - https:\/\/yoast.com\/product\/yoast-seo-premium-wordpress\/ -->\n<title>Cuscino a palloncino con ghirlanda - Set palloncino blu - Cozy &amp; Dozy<\/title>\n<meta name=\"description\" content=\"Un morbido cuscino-palloncino blu da appendere al muro. Per completare il colore degli interni, abbiamo aggiunto una delicata ghirlanda bicolore. Decorazione perfetta per la cameretta dei bambini.\" \/>\n<meta name=\"robots\" content=\"index, follow, max-snippet:-1, max-image-preview:large, max-video-preview:-1\" \/>\n<link rel=\"canonical\" href=\"https:\/\/cozyanddozy.com\/it\/prodotto\/cuscino-a-palloncino-con-ghirlanda-set-palloncino-blu\/\" \/>\n<meta property=\"og:locale\" content=\"it_IT\" \/>\n<meta property=\"og:type\" content=\"article\" \/>\n<meta property=\"og:title\" content=\"Cuscino a palloncino con ghirlanda - Set palloncino blu\" \/>\n<meta property=\"og:description\" content=\"Un morbido cuscino-palloncino blu da appendere al muro. Per completare il colore degli interni, abbiamo aggiunto una delicata ghirlanda bicolore. Decorazione perfetta per la cameretta dei bambini.\" \/>\n<meta property=\"og:url\" content=\"https:\/\/cozyanddozy.com\/it\/prodotto\/cuscino-a-palloncino-con-ghirlanda-set-palloncino-blu\/\" \/>\n<meta property=\"og:site_name\" content=\"Cozy &amp; Dozy\" \/>\n<meta property=\"article:modified_time\" content=\"2024-08-16T09:09:55+00:00\" \/>\n<meta property=\"og:image\" content=\"https:\/\/cozyanddozy.com\/it\/wp-content\/uploads\/2023\/11\/blue-set-pillow.jpeg\" \/>\n\t<meta property=\"og:image:width\" content=\"1200\" \/>\n\t<meta property=\"og:image:height\" content=\"1200\" \/>\n\t<meta property=\"og:image:type\" content=\"image\/jpeg\" \/>\n<meta name=\"twitter:card\" content=\"summary_large_image\" \/>\n<meta name=\"twitter:label1\" content=\"Prezzo\" \/>\n\t<meta name=\"twitter:data1\" content=\"39,00&nbsp;&euro;\" \/>\n\t<meta name=\"twitter:label2\" content=\"Disponibilit\u00e0\" \/>\n\t<meta name=\"twitter:data2\" content=\"In stock\" \/>\n<script type=\"application\/ld+json\" class=\"yoast-schema-graph\">{\"@context\":\"https:\/\/schema.org\",\"@graph\":[{\"@type\":\"WebPage\",\"@id\":\"https:\/\/cozyanddozy.com\/it\/prodotto\/cuscino-a-palloncino-con-ghirlanda-set-palloncino-blu\/\",\"url\":\"https:\/\/cozyanddozy.com\/it\/prodotto\/cuscino-a-palloncino-con-ghirlanda-set-palloncino-blu\/\",\"name\":\"Cuscino a palloncino con ghirlanda - Set palloncino blu - Cozy & Dozy\",\"isPartOf\":{\"@id\":\"https:\/\/cozyanddozy.com\/it\/#website\"},\"primaryImageOfPage\":{\"@id\":\"https:\/\/cozyanddozy.com\/it\/prodotto\/cuscino-a-palloncino-con-ghirlanda-set-palloncino-blu\/#primaryimage\"},\"image\":{\"@id\":\"https:\/\/cozyanddozy.com\/it\/prodotto\/cuscino-a-palloncino-con-ghirlanda-set-palloncino-blu\/#primaryimage\"},\"thumbnailUrl\":\"https:\/\/cozyanddozy.com\/it\/wp-content\/uploads\/2023\/11\/blue-set-pillow.jpeg\",\"datePublished\":\"2023-11-22T22:16:36+00:00\",\"dateModified\":\"2024-08-16T09:09:55+00:00\",\"description\":\"Un morbido cuscino-palloncino blu da appendere al muro. Per completare il colore degli interni, abbiamo aggiunto una delicata ghirlanda bicolore. Decorazione perfetta per la cameretta dei bambini.\",\"breadcrumb\":{\"@id\":\"https:\/\/cozyanddozy.com\/it\/prodotto\/cuscino-a-palloncino-con-ghirlanda-set-palloncino-blu\/#breadcrumb\"},\"inLanguage\":\"it-IT\",\"potentialAction\":[{\"@type\":\"ReadAction\",\"target\":[\"https:\/\/cozyanddozy.com\/it\/prodotto\/cuscino-a-palloncino-con-ghirlanda-set-palloncino-blu\/\"]}]},{\"@type\":\"ImageObject\",\"inLanguage\":\"it-IT\",\"@id\":\"https:\/\/cozyanddozy.com\/it\/prodotto\/cuscino-a-palloncino-con-ghirlanda-set-palloncino-blu\/#primaryimage\",\"url\":\"https:\/\/cozyanddozy.com\/it\/wp-content\/uploads\/2023\/11\/blue-set-pillow.jpeg\",\"contentUrl\":\"https:\/\/cozyanddozy.com\/it\/wp-content\/uploads\/2023\/11\/blue-set-pillow.jpeg\",\"width\":1200,\"height\":1200},{\"@type\":\"BreadcrumbList\",\"@id\":\"https:\/\/cozyanddozy.com\/it\/prodotto\/cuscino-a-palloncino-con-ghirlanda-set-palloncino-blu\/#breadcrumb\",\"itemListElement\":[{\"@type\":\"ListItem\",\"position\":1,\"name\":\"Home\",\"item\":\"https:\/\/cozyanddozy.com\/it\/\"},{\"@type\":\"ListItem\",\"position\":2,\"name\":\"Negozio\",\"item\":\"https:\/\/cozyanddozy.com\/it\/negozio\/\"},{\"@type\":\"ListItem\",\"position\":3,\"name\":\"Cuscino a palloncino con ghirlanda &#8211; Set palloncino blu\"}]},{\"@type\":\"WebSite\",\"@id\":\"https:\/\/cozyanddozy.com\/it\/#website\",\"url\":\"https:\/\/cozyanddozy.com\/it\/\",\"name\":\"Cozy & Dozy\",\"description\":\"\",\"potentialAction\":[{\"@type\":\"SearchAction\",\"target\":{\"@type\":\"EntryPoint\",\"urlTemplate\":\"https:\/\/cozyanddozy.com\/it\/?s={search_term_string}\"},\"query-input\":{\"@type\":\"PropertyValueSpecification\",\"valueRequired\":true,\"valueName\":\"search_term_string\"}}],\"inLanguage\":\"it-IT\"}]}<\/script>\n<meta property=\"product:price:amount\" content=\"39.00\" \/>\n<meta property=\"product:price:currency\" content=\"EUR\" \/>\n<meta property=\"og:availability\" content=\"instock\" \/>\n<meta property=\"product:availability\" content=\"instock\" \/>\n<meta property=\"product:retailer_item_id\" content=\"5902701497408\" \/>\n<meta property=\"product:condition\" content=\"new\" \/>\n<!-- \/ Yoast SEO Premium plugin. -->","yoast_head_json":{"title":"Cuscino a palloncino con ghirlanda - Set palloncino blu - Cozy & Dozy","description":"Un morbido cuscino-palloncino blu da appendere al muro. Per completare il colore degli interni, abbiamo aggiunto una delicata ghirlanda bicolore. Decorazione perfetta per la cameretta dei bambini.","robots":{"index":"index","follow":"follow","max-snippet":"max-snippet:-1","max-image-preview":"max-image-preview:large","max-video-preview":"max-video-preview:-1"},"canonical":"https:\/\/cozyanddozy.com\/it\/prodotto\/cuscino-a-palloncino-con-ghirlanda-set-palloncino-blu\/","og_locale":"it_IT","og_type":"article","og_title":"Cuscino a palloncino con ghirlanda - Set palloncino blu","og_description":"Un morbido cuscino-palloncino blu da appendere al muro. Per completare il colore degli interni, abbiamo aggiunto una delicata ghirlanda bicolore. Decorazione perfetta per la cameretta dei bambini.","og_url":"https:\/\/cozyanddozy.com\/it\/prodotto\/cuscino-a-palloncino-con-ghirlanda-set-palloncino-blu\/","og_site_name":"Cozy &amp; Dozy","article_modified_time":"2024-08-16T09:09:55+00:00","og_image":[{"width":1200,"height":1200,"url":"https:\/\/cozyanddozy.com\/it\/wp-content\/uploads\/2023\/11\/blue-set-pillow.jpeg","type":"image\/jpeg"}],"twitter_card":"summary_large_image","twitter_misc":{"Prezzo":"39,00&nbsp;&euro;","Disponibilit\u00e0":"In stock"},"schema":{"@context":"https:\/\/schema.org","@graph":[{"@type":"WebPage","@id":"https:\/\/cozyanddozy.com\/it\/prodotto\/cuscino-a-palloncino-con-ghirlanda-set-palloncino-blu\/","url":"https:\/\/cozyanddozy.com\/it\/prodotto\/cuscino-a-palloncino-con-ghirlanda-set-palloncino-blu\/","name":"Cuscino a palloncino con ghirlanda - Set palloncino blu - Cozy & Dozy","isPartOf":{"@id":"https:\/\/cozyanddozy.com\/it\/#website"},"primaryImageOfPage":{"@id":"https:\/\/cozyanddozy.com\/it\/prodotto\/cuscino-a-palloncino-con-ghirlanda-set-palloncino-blu\/#primaryimage"},"image":{"@id":"https:\/\/cozyanddozy.com\/it\/prodotto\/cuscino-a-palloncino-con-ghirlanda-set-palloncino-blu\/#primaryimage"},"thumbnailUrl":"https:\/\/cozyanddozy.com\/it\/wp-content\/uploads\/2023\/11\/blue-set-pillow.jpeg","datePublished":"2023-11-22T22:16:36+00:00","dateModified":"2024-08-16T09:09:55+00:00","description":"Un morbido cuscino-palloncino blu da appendere al muro. Per completare il colore degli interni, abbiamo aggiunto una delicata ghirlanda bicolore. Decorazione perfetta per la cameretta dei bambini.","breadcrumb":{"@id":"https:\/\/cozyanddozy.com\/it\/prodotto\/cuscino-a-palloncino-con-ghirlanda-set-palloncino-blu\/#breadcrumb"},"inLanguage":"it-IT","potentialAction":[{"@type":"ReadAction","target":["https:\/\/cozyanddozy.com\/it\/prodotto\/cuscino-a-palloncino-con-ghirlanda-set-palloncino-blu\/"]}]},{"@type":"ImageObject","inLanguage":"it-IT","@id":"https:\/\/cozyanddozy.com\/it\/prodotto\/cuscino-a-palloncino-con-ghirlanda-set-palloncino-blu\/#primaryimage","url":"https:\/\/cozyanddozy.com\/it\/wp-content\/uploads\/2023\/11\/blue-set-pillow.jpeg","contentUrl":"https:\/\/cozyanddozy.com\/it\/wp-content\/uploads\/2023\/11\/blue-set-pillow.jpeg","width":1200,"height":1200},{"@type":"BreadcrumbList","@id":"https:\/\/cozyanddozy.com\/it\/prodotto\/cuscino-a-palloncino-con-ghirlanda-set-palloncino-blu\/#breadcrumb","itemListElement":[{"@type":"ListItem","position":1,"name":"Home","item":"https:\/\/cozyanddozy.com\/it\/"},{"@type":"ListItem","position":2,"name":"Negozio","item":"https:\/\/cozyanddozy.com\/it\/negozio\/"},{"@type":"ListItem","position":3,"name":"Cuscino a palloncino con ghirlanda &#8211; Set palloncino blu"}]},{"@type":"WebSite","@id":"https:\/\/cozyanddozy.com\/it\/#website","url":"https:\/\/cozyanddozy.com\/it\/","name":"Cozy & Dozy","description":"","potentialAction":[{"@type":"SearchAction","target":{"@type":"EntryPoint","urlTemplate":"https:\/\/cozyanddozy.com\/it\/?s={search_term_string}"},"query-input":{"@type":"PropertyValueSpecification","valueRequired":true,"valueName":"search_term_string"}}],"inLanguage":"it-IT"}]},"product_price_amount":"39.00","product_price_currency":"EUR","og_availability":"instock","product_availability":"instock","product_retailer_item_id":"5902701497408","product_condition":"new"},"_links":{"self":[{"href":"https:\/\/cozyanddozy.com\/it\/wp-json\/wp\/v2\/product\/1974","targetHints":{"allow":["GET"]}}],"collection":[{"href":"https:\/\/cozyanddozy.com\/it\/wp-json\/wp\/v2\/product"}],"about":[{"href":"https:\/\/cozyanddozy.com\/it\/wp-json\/wp\/v2\/types\/product"}],"replies":[{"embeddable":true,"href":"https:\/\/cozyanddozy.com\/it\/wp-json\/wp\/v2\/comments?post=1974"}],"wp:featuredmedia":[{"embeddable":true,"href":"https:\/\/cozyanddozy.com\/it\/wp-json\/wp\/v2\/media\/1821"}],"wp:attachment":[{"href":"https:\/\/cozyanddozy.com\/it\/wp-json\/wp\/v2\/media?parent=1974"}],"wp:term":[{"taxonomy":"product_brand","embeddable":true,"href":"https:\/\/cozyanddozy.com\/it\/wp-json\/wp\/v2\/product_brand?post=1974"},{"taxonomy":"product_cat","embeddable":true,"href":"https:\/\/cozyanddozy.com\/it\/wp-json\/wp\/v2\/product_cat?post=1974"},{"taxonomy":"product_tag","embeddable":true,"href":"https:\/\/cozyanddozy.com\/it\/wp-json\/wp\/v2\/product_tag?post=1974"}],"curies":[{"name":"wp","href":"https:\/\/api.w.org\/{rel}","templated":true}]}}