{"id":1716,"date":"2023-05-31T08:45:20","date_gmt":"2023-05-31T07:45:20","guid":{"rendered":"https:\/\/cozyanddozy.com\/?post_type=product&#038;p=1675"},"modified":"2024-02-07T09:04:19","modified_gmt":"2024-02-07T09:04:19","slug":"tipi-tenda-giappone-veloce","status":"publish","type":"product","link":"https:\/\/cozyanddozy.com\/it\/prodotto\/tipi-tenda-giappone-veloce\/","title":{"rendered":"Tenda Tipi Giappone Velluto"},"content":{"rendered":"<p>La tenda da gioco della serie Japan Velvet \u00e8 un teepee color cannella con finiture decorative.La tenda Tipi \u00e8 realizzata in tela resistente.<\/p>\n<p>La tenda \u00e8 un luogo ideale per giocare in casa, sulla terrazza o in giardino.Il Tipi \u00e8 dotato di una finestra con tenda a rullo avvolgibile e di due tasche per i giocattoli.<\/p>\n<p>La tenda Teepee \u00e8 un luogo ideale per giocare e un angolo accogliente per riposare. Wigwam \u00e8 stato progettato per soddisfare l&#8217;occhio a lungo e garantire un divertimento sicuro.<\/p>\n<p>Il Tipi ha 4 lati &#8211; area di gioco circa. 1 m2, altezza da aprire circa. 150 cm.<\/p>\n<p>Ogni tenda \u00e8 dotata di pali di pino pieghevoli e di uno stabilizzatore che mantiene i pali rigidi per garantire la stabilit\u00e0 della tenda.<\/p>\n<h3>Il kit comprende:<\/h3>\n<ul>\n<li>tenda teepee<\/li>\n<li>4 bastoni di pino pieghevoli (8 met\u00e0) + elementi per collegare i bastoni (8 viti e 4 dadi lunghi)<\/li>\n<li>istruzione<\/li>\n<li>stabilizzatore + corda<\/li>\n<\/ul>\n","protected":false},"excerpt":{"rendered":"<p>La tenda da gioco della serie Japan Velvet \u00e8 un teepee color cannella con finiture decorative.La tenda Tipi \u00e8 realizzata in tela resistente. La tenda \u00e8 un luogo ideale per giocare in casa, sulla terrazza o in giardino.Il Tipi \u00e8 dotato di una finestra con tenda a rullo avvolgibile e di due tasche per i [&#8230;]\n","protected":false},"featured_media":1710,"comment_status":"open","ping_status":"closed","template":"","meta":[],"product_brand":[],"product_cat":[16],"product_tag":[],"class_list":{"0":"post-1716","1":"product","2":"type-product","3":"status-publish","4":"has-post-thumbnail","6":"product_cat-tende-tipi-per-bambini","8":"first","9":"instock","10":"sale","11":"shipping-taxable","12":"product-type-simple"},"yoast_head":"<!-- This site is optimized with the Yoast SEO Premium plugin v21.9 (Yoast SEO v27.0) - https:\/\/yoast.com\/product\/yoast-seo-premium-wordpress\/ -->\n<title>Tenda Tipi Giappone Velluto - Cozy &amp; Dozy<\/title>\n<meta name=\"description\" content=\"Il Tipi da gioco \u00e8 dotato di una finestra con tenda a rullo avvolgibile e di due tasche per i giocattoli. \u00c8 dotato di stabilizzatore e tappetino morbido.\" \/>\n<meta name=\"robots\" content=\"index, follow, max-snippet:-1, max-image-preview:large, max-video-preview:-1\" \/>\n<link rel=\"canonical\" href=\"https:\/\/cozyanddozy.com\/it\/prodotto\/tipi-tenda-giappone-veloce\/\" \/>\n<meta property=\"og:locale\" content=\"it_IT\" \/>\n<meta property=\"og:type\" content=\"article\" \/>\n<meta property=\"og:title\" content=\"Tenda Tipi Giappone Velluto\" \/>\n<meta property=\"og:description\" content=\"Il Tipi da gioco \u00e8 dotato di una finestra con tenda a rullo avvolgibile e di due tasche per i giocattoli. \u00c8 dotato di stabilizzatore e tappetino morbido.\" \/>\n<meta property=\"og:url\" content=\"https:\/\/cozyanddozy.com\/it\/prodotto\/tipi-tenda-giappone-veloce\/\" \/>\n<meta property=\"og:site_name\" content=\"Cozy &amp; Dozy\" \/>\n<meta property=\"article:modified_time\" content=\"2024-02-07T09:04:19+00:00\" \/>\n<meta property=\"og:image\" content=\"https:\/\/cozyanddozy.com\/it\/wp-content\/uploads\/2023\/05\/Tipi-Tent-Japan-with-playmat-4.jpg\" \/>\n\t<meta property=\"og:image:width\" content=\"1200\" \/>\n\t<meta property=\"og:image:height\" content=\"1200\" \/>\n\t<meta property=\"og:image:type\" content=\"image\/jpeg\" \/>\n<meta name=\"twitter:card\" content=\"summary_large_image\" \/>\n<meta name=\"twitter:label1\" content=\"Prezzo\" \/>\n\t<meta name=\"twitter:data1\" content=\"98,10&nbsp;&euro;\" \/>\n\t<meta name=\"twitter:label2\" content=\"Disponibilit\u00e0\" \/>\n\t<meta name=\"twitter:data2\" content=\"In stock\" \/>\n<script type=\"application\/ld+json\" class=\"yoast-schema-graph\">{\"@context\":\"https:\/\/schema.org\",\"@graph\":[{\"@type\":\"WebPage\",\"@id\":\"https:\/\/cozyanddozy.com\/it\/prodotto\/tipi-tenda-giappone-veloce\/\",\"url\":\"https:\/\/cozyanddozy.com\/it\/prodotto\/tipi-tenda-giappone-veloce\/\",\"name\":\"Tenda Tipi Giappone Velluto - Cozy & Dozy\",\"isPartOf\":{\"@id\":\"https:\/\/cozyanddozy.com\/it\/#website\"},\"primaryImageOfPage\":{\"@id\":\"https:\/\/cozyanddozy.com\/it\/prodotto\/tipi-tenda-giappone-veloce\/#primaryimage\"},\"image\":{\"@id\":\"https:\/\/cozyanddozy.com\/it\/prodotto\/tipi-tenda-giappone-veloce\/#primaryimage\"},\"thumbnailUrl\":\"https:\/\/cozyanddozy.com\/it\/wp-content\/uploads\/2023\/05\/Tipi-Tent-Japan-with-playmat-4.jpg\",\"datePublished\":\"2023-05-31T07:45:20+00:00\",\"dateModified\":\"2024-02-07T09:04:19+00:00\",\"description\":\"Il Tipi da gioco \u00e8 dotato di una finestra con tenda a rullo avvolgibile e di due tasche per i giocattoli. \u00c8 dotato di stabilizzatore e tappetino morbido.\",\"breadcrumb\":{\"@id\":\"https:\/\/cozyanddozy.com\/it\/prodotto\/tipi-tenda-giappone-veloce\/#breadcrumb\"},\"inLanguage\":\"it-IT\",\"potentialAction\":[{\"@type\":\"ReadAction\",\"target\":[\"https:\/\/cozyanddozy.com\/it\/prodotto\/tipi-tenda-giappone-veloce\/\"]}]},{\"@type\":\"ImageObject\",\"inLanguage\":\"it-IT\",\"@id\":\"https:\/\/cozyanddozy.com\/it\/prodotto\/tipi-tenda-giappone-veloce\/#primaryimage\",\"url\":\"https:\/\/cozyanddozy.com\/it\/wp-content\/uploads\/2023\/05\/Tipi-Tent-Japan-with-playmat-4.jpg\",\"contentUrl\":\"https:\/\/cozyanddozy.com\/it\/wp-content\/uploads\/2023\/05\/Tipi-Tent-Japan-with-playmat-4.jpg\",\"width\":1200,\"height\":1200},{\"@type\":\"BreadcrumbList\",\"@id\":\"https:\/\/cozyanddozy.com\/it\/prodotto\/tipi-tenda-giappone-veloce\/#breadcrumb\",\"itemListElement\":[{\"@type\":\"ListItem\",\"position\":1,\"name\":\"Home\",\"item\":\"https:\/\/cozyanddozy.com\/it\/\"},{\"@type\":\"ListItem\",\"position\":2,\"name\":\"Negozio\",\"item\":\"https:\/\/cozyanddozy.com\/it\/negozio\/\"},{\"@type\":\"ListItem\",\"position\":3,\"name\":\"Tenda Tipi Giappone Velluto\"}]},{\"@type\":\"WebSite\",\"@id\":\"https:\/\/cozyanddozy.com\/it\/#website\",\"url\":\"https:\/\/cozyanddozy.com\/it\/\",\"name\":\"Cozy & Dozy\",\"description\":\"\",\"potentialAction\":[{\"@type\":\"SearchAction\",\"target\":{\"@type\":\"EntryPoint\",\"urlTemplate\":\"https:\/\/cozyanddozy.com\/it\/?s={search_term_string}\"},\"query-input\":{\"@type\":\"PropertyValueSpecification\",\"valueRequired\":true,\"valueName\":\"search_term_string\"}}],\"inLanguage\":\"it-IT\"}]}<\/script>\n<meta property=\"product:price:amount\" content=\"98.10\" \/>\n<meta property=\"product:price:currency\" content=\"EUR\" \/>\n<meta property=\"og:availability\" content=\"instock\" \/>\n<meta property=\"product:availability\" content=\"instock\" \/>\n<meta property=\"product:retailer_item_id\" content=\"5902701497309-1\" \/>\n<meta property=\"product:condition\" content=\"new\" \/>\n<!-- \/ Yoast SEO Premium plugin. -->","yoast_head_json":{"title":"Tenda Tipi Giappone Velluto - Cozy & Dozy","description":"Il Tipi da gioco \u00e8 dotato di una finestra con tenda a rullo avvolgibile e di due tasche per i giocattoli. \u00c8 dotato di stabilizzatore e tappetino morbido.","robots":{"index":"index","follow":"follow","max-snippet":"max-snippet:-1","max-image-preview":"max-image-preview:large","max-video-preview":"max-video-preview:-1"},"canonical":"https:\/\/cozyanddozy.com\/it\/prodotto\/tipi-tenda-giappone-veloce\/","og_locale":"it_IT","og_type":"article","og_title":"Tenda Tipi Giappone Velluto","og_description":"Il Tipi da gioco \u00e8 dotato di una finestra con tenda a rullo avvolgibile e di due tasche per i giocattoli. \u00c8 dotato di stabilizzatore e tappetino morbido.","og_url":"https:\/\/cozyanddozy.com\/it\/prodotto\/tipi-tenda-giappone-veloce\/","og_site_name":"Cozy &amp; Dozy","article_modified_time":"2024-02-07T09:04:19+00:00","og_image":[{"width":1200,"height":1200,"url":"https:\/\/cozyanddozy.com\/it\/wp-content\/uploads\/2023\/05\/Tipi-Tent-Japan-with-playmat-4.jpg","type":"image\/jpeg"}],"twitter_card":"summary_large_image","twitter_misc":{"Prezzo":"98,10&nbsp;&euro;","Disponibilit\u00e0":"In stock"},"schema":{"@context":"https:\/\/schema.org","@graph":[{"@type":"WebPage","@id":"https:\/\/cozyanddozy.com\/it\/prodotto\/tipi-tenda-giappone-veloce\/","url":"https:\/\/cozyanddozy.com\/it\/prodotto\/tipi-tenda-giappone-veloce\/","name":"Tenda Tipi Giappone Velluto - Cozy & Dozy","isPartOf":{"@id":"https:\/\/cozyanddozy.com\/it\/#website"},"primaryImageOfPage":{"@id":"https:\/\/cozyanddozy.com\/it\/prodotto\/tipi-tenda-giappone-veloce\/#primaryimage"},"image":{"@id":"https:\/\/cozyanddozy.com\/it\/prodotto\/tipi-tenda-giappone-veloce\/#primaryimage"},"thumbnailUrl":"https:\/\/cozyanddozy.com\/it\/wp-content\/uploads\/2023\/05\/Tipi-Tent-Japan-with-playmat-4.jpg","datePublished":"2023-05-31T07:45:20+00:00","dateModified":"2024-02-07T09:04:19+00:00","description":"Il Tipi da gioco \u00e8 dotato di una finestra con tenda a rullo avvolgibile e di due tasche per i giocattoli. \u00c8 dotato di stabilizzatore e tappetino morbido.","breadcrumb":{"@id":"https:\/\/cozyanddozy.com\/it\/prodotto\/tipi-tenda-giappone-veloce\/#breadcrumb"},"inLanguage":"it-IT","potentialAction":[{"@type":"ReadAction","target":["https:\/\/cozyanddozy.com\/it\/prodotto\/tipi-tenda-giappone-veloce\/"]}]},{"@type":"ImageObject","inLanguage":"it-IT","@id":"https:\/\/cozyanddozy.com\/it\/prodotto\/tipi-tenda-giappone-veloce\/#primaryimage","url":"https:\/\/cozyanddozy.com\/it\/wp-content\/uploads\/2023\/05\/Tipi-Tent-Japan-with-playmat-4.jpg","contentUrl":"https:\/\/cozyanddozy.com\/it\/wp-content\/uploads\/2023\/05\/Tipi-Tent-Japan-with-playmat-4.jpg","width":1200,"height":1200},{"@type":"BreadcrumbList","@id":"https:\/\/cozyanddozy.com\/it\/prodotto\/tipi-tenda-giappone-veloce\/#breadcrumb","itemListElement":[{"@type":"ListItem","position":1,"name":"Home","item":"https:\/\/cozyanddozy.com\/it\/"},{"@type":"ListItem","position":2,"name":"Negozio","item":"https:\/\/cozyanddozy.com\/it\/negozio\/"},{"@type":"ListItem","position":3,"name":"Tenda Tipi Giappone Velluto"}]},{"@type":"WebSite","@id":"https:\/\/cozyanddozy.com\/it\/#website","url":"https:\/\/cozyanddozy.com\/it\/","name":"Cozy & Dozy","description":"","potentialAction":[{"@type":"SearchAction","target":{"@type":"EntryPoint","urlTemplate":"https:\/\/cozyanddozy.com\/it\/?s={search_term_string}"},"query-input":{"@type":"PropertyValueSpecification","valueRequired":true,"valueName":"search_term_string"}}],"inLanguage":"it-IT"}]},"product_price_amount":"98.10","product_price_currency":"EUR","og_availability":"instock","product_availability":"instock","product_retailer_item_id":"5902701497309-1","product_condition":"new"},"_links":{"self":[{"href":"https:\/\/cozyanddozy.com\/it\/wp-json\/wp\/v2\/product\/1716","targetHints":{"allow":["GET"]}}],"collection":[{"href":"https:\/\/cozyanddozy.com\/it\/wp-json\/wp\/v2\/product"}],"about":[{"href":"https:\/\/cozyanddozy.com\/it\/wp-json\/wp\/v2\/types\/product"}],"replies":[{"embeddable":true,"href":"https:\/\/cozyanddozy.com\/it\/wp-json\/wp\/v2\/comments?post=1716"}],"wp:featuredmedia":[{"embeddable":true,"href":"https:\/\/cozyanddozy.com\/it\/wp-json\/wp\/v2\/media\/1710"}],"wp:attachment":[{"href":"https:\/\/cozyanddozy.com\/it\/wp-json\/wp\/v2\/media?parent=1716"}],"wp:term":[{"taxonomy":"product_brand","embeddable":true,"href":"https:\/\/cozyanddozy.com\/it\/wp-json\/wp\/v2\/product_brand?post=1716"},{"taxonomy":"product_cat","embeddable":true,"href":"https:\/\/cozyanddozy.com\/it\/wp-json\/wp\/v2\/product_cat?post=1716"},{"taxonomy":"product_tag","embeddable":true,"href":"https:\/\/cozyanddozy.com\/it\/wp-json\/wp\/v2\/product_tag?post=1716"}],"curies":[{"name":"wp","href":"https:\/\/api.w.org\/{rel}","templated":true}]}}