{"id":1598,"date":"2023-05-19T07:26:27","date_gmt":"2023-05-19T06:26:27","guid":{"rendered":"https:\/\/cozyanddozy.com\/?post_type=product&#038;p=1552"},"modified":"2023-11-08T16:40:57","modified_gmt":"2023-11-08T16:40:57","slug":"ghirlanda-daisy-flowers-bloom-garland-250cm","status":"publish","type":"product","link":"https:\/\/cozyanddozy.com\/it\/prodotto\/ghirlanda-daisy-flowers-bloom-garland-250cm\/","title":{"rendered":"Ghirlanda di fiori di margherita, ghirlanda di fiori 250cm"},"content":{"rendered":"<h3>Ghirlanda decorativa con fiori bianchi &#8211; fioritura di margherite in velluto.<\/h3>\n<p>Ci piacciono gli interni accoglienti e i fiori sono la migliore decorazione in ogni stanza.<\/p>\n<p>La ghirlanda di Daisy \u00e8 una bellissima decorazione per interni, completer\u00e0 perfettamente una parete vuota, pu\u00f2 anche essere un luogo dove attaccare le foto delle vacanze, decorare una finestra o la stanza di una ragazza, dandole un carattere leggero.In questa versione, thegarland ha 6 fiori.<\/p>\n<p>DIMENSIONI:<\/p>\n<ul>\n<li>lunghezza totale della ghirlanda &#8211; 250 cm<\/li>\n<li>larghezza del fiore: 22 cm \u00b1 1 cm,<\/li>\n<li>altezza del fiore: 22 cm \u00b1 1 cm<\/li>\n<\/ul>\n<p>MATERIALE:<\/p>\n<ul>\n<li>100% VELLUTO<\/li>\n<li>ghirlanda venduta in un sacchetto di cotone<\/li>\n<li>Imbottitura antiallergica, modello unilaterale<\/li>\n<\/ul>\n<p>CURA:<\/p>\n<ul>\n<li>lavabile in lavatrice a 40\u00baC<\/li>\n<li>rotazione massima 800 giri\/min<\/li>\n<li>asciugare in pianoforte,<\/li>\n<li>pu\u00f2 essere asciugato in asciugatrice,<\/li>\n<li>non candeggiare,<\/li>\n<li>ferro da stiro attraverso il materiale di cotone<\/li>\n<\/ul>\n<p>Consegna (giorni lavorativi): 2-3 giorni<\/p>\n","protected":false},"excerpt":{"rendered":"<p>Ghirlanda decorativa con fiori bianchi &#8211; fioritura di margherite in velluto. Ci piacciono gli interni accoglienti e i fiori sono la migliore decorazione in ogni stanza. La ghirlanda di Daisy \u00e8 una bellissima decorazione per interni, completer\u00e0 perfettamente una parete vuota, pu\u00f2 anche essere un luogo dove attaccare le foto delle vacanze, decorare una finestra [&#8230;]\n","protected":false},"featured_media":1594,"comment_status":"open","ping_status":"closed","template":"","meta":[],"product_brand":[],"product_cat":[19],"product_tag":[],"class_list":{"0":"post-1598","1":"product","2":"type-product","3":"status-publish","4":"has-post-thumbnail","6":"product_cat-accessori","8":"first","9":"instock","10":"shipping-taxable","11":"product-type-simple"},"yoast_head":"<!-- This site is optimized with the Yoast SEO Premium plugin v21.9 (Yoast SEO v27.0) - https:\/\/yoast.com\/product\/yoast-seo-premium-wordpress\/ -->\n<title>Ghirlanda di fiori di margherita, ghirlanda di fiori 250cm - Cozy &amp; Dozy<\/title>\n<meta name=\"robots\" content=\"index, follow, max-snippet:-1, max-image-preview:large, max-video-preview:-1\" \/>\n<link rel=\"canonical\" href=\"https:\/\/cozyanddozy.com\/it\/prodotto\/ghirlanda-daisy-flowers-bloom-garland-250cm\/\" \/>\n<meta property=\"og:locale\" content=\"it_IT\" \/>\n<meta property=\"og:type\" content=\"article\" \/>\n<meta property=\"og:title\" content=\"Ghirlanda di fiori di margherita, ghirlanda di fiori 250cm\" \/>\n<meta property=\"og:description\" content=\"Ghirlanda decorativa con fiori bianchi &#8211; fioritura di margherite in velluto. Ci piacciono gli interni accoglienti e i fiori sono la migliore decorazione in ogni stanza. La ghirlanda di Daisy \u00e8 una bellissima decorazione per interni, completer\u00e0 perfettamente una parete vuota, pu\u00f2 anche essere un luogo dove attaccare le foto delle vacanze, decorare una finestra [...]\" \/>\n<meta property=\"og:url\" content=\"https:\/\/cozyanddozy.com\/it\/prodotto\/ghirlanda-daisy-flowers-bloom-garland-250cm\/\" \/>\n<meta property=\"og:site_name\" content=\"Cozy &amp; Dozy\" \/>\n<meta property=\"article:modified_time\" content=\"2023-11-08T16:40:57+00:00\" \/>\n<meta property=\"og:image\" content=\"https:\/\/cozyanddozy.com\/it\/wp-content\/uploads\/2023\/05\/garland-daisy-flowers.jpg\" \/>\n\t<meta property=\"og:image:width\" content=\"1200\" \/>\n\t<meta property=\"og:image:height\" content=\"1200\" \/>\n\t<meta property=\"og:image:type\" content=\"image\/jpeg\" \/>\n<meta name=\"twitter:card\" content=\"summary_large_image\" \/>\n<meta name=\"twitter:label1\" content=\"Prezzo\" \/>\n\t<meta name=\"twitter:data1\" content=\"39,00&nbsp;&euro;\" \/>\n\t<meta name=\"twitter:label2\" content=\"Disponibilit\u00e0\" \/>\n\t<meta name=\"twitter:data2\" content=\"In stock\" \/>\n<script type=\"application\/ld+json\" class=\"yoast-schema-graph\">{\"@context\":\"https:\/\/schema.org\",\"@graph\":[{\"@type\":\"WebPage\",\"@id\":\"https:\/\/cozyanddozy.com\/it\/prodotto\/ghirlanda-daisy-flowers-bloom-garland-250cm\/\",\"url\":\"https:\/\/cozyanddozy.com\/it\/prodotto\/ghirlanda-daisy-flowers-bloom-garland-250cm\/\",\"name\":\"Ghirlanda di fiori di margherita, ghirlanda di fiori 250cm - Cozy & Dozy\",\"isPartOf\":{\"@id\":\"https:\/\/cozyanddozy.com\/it\/#website\"},\"primaryImageOfPage\":{\"@id\":\"https:\/\/cozyanddozy.com\/it\/prodotto\/ghirlanda-daisy-flowers-bloom-garland-250cm\/#primaryimage\"},\"image\":{\"@id\":\"https:\/\/cozyanddozy.com\/it\/prodotto\/ghirlanda-daisy-flowers-bloom-garland-250cm\/#primaryimage\"},\"thumbnailUrl\":\"https:\/\/cozyanddozy.com\/it\/wp-content\/uploads\/2023\/05\/garland-daisy-flowers.jpg\",\"datePublished\":\"2023-05-19T06:26:27+00:00\",\"dateModified\":\"2023-11-08T16:40:57+00:00\",\"breadcrumb\":{\"@id\":\"https:\/\/cozyanddozy.com\/it\/prodotto\/ghirlanda-daisy-flowers-bloom-garland-250cm\/#breadcrumb\"},\"inLanguage\":\"it-IT\",\"potentialAction\":[{\"@type\":\"ReadAction\",\"target\":[\"https:\/\/cozyanddozy.com\/it\/prodotto\/ghirlanda-daisy-flowers-bloom-garland-250cm\/\"]}]},{\"@type\":\"ImageObject\",\"inLanguage\":\"it-IT\",\"@id\":\"https:\/\/cozyanddozy.com\/it\/prodotto\/ghirlanda-daisy-flowers-bloom-garland-250cm\/#primaryimage\",\"url\":\"https:\/\/cozyanddozy.com\/it\/wp-content\/uploads\/2023\/05\/garland-daisy-flowers.jpg\",\"contentUrl\":\"https:\/\/cozyanddozy.com\/it\/wp-content\/uploads\/2023\/05\/garland-daisy-flowers.jpg\",\"width\":1200,\"height\":1200},{\"@type\":\"BreadcrumbList\",\"@id\":\"https:\/\/cozyanddozy.com\/it\/prodotto\/ghirlanda-daisy-flowers-bloom-garland-250cm\/#breadcrumb\",\"itemListElement\":[{\"@type\":\"ListItem\",\"position\":1,\"name\":\"Home\",\"item\":\"https:\/\/cozyanddozy.com\/it\/\"},{\"@type\":\"ListItem\",\"position\":2,\"name\":\"Negozio\",\"item\":\"https:\/\/cozyanddozy.com\/it\/negozio\/\"},{\"@type\":\"ListItem\",\"position\":3,\"name\":\"Ghirlanda di fiori di margherita, ghirlanda di fiori 250cm\"}]},{\"@type\":\"WebSite\",\"@id\":\"https:\/\/cozyanddozy.com\/it\/#website\",\"url\":\"https:\/\/cozyanddozy.com\/it\/\",\"name\":\"Cozy & Dozy\",\"description\":\"\",\"potentialAction\":[{\"@type\":\"SearchAction\",\"target\":{\"@type\":\"EntryPoint\",\"urlTemplate\":\"https:\/\/cozyanddozy.com\/it\/?s={search_term_string}\"},\"query-input\":{\"@type\":\"PropertyValueSpecification\",\"valueRequired\":true,\"valueName\":\"search_term_string\"}}],\"inLanguage\":\"it-IT\"}]}<\/script>\n<meta property=\"product:price:amount\" content=\"39.00\" \/>\n<meta property=\"product:price:currency\" content=\"EUR\" \/>\n<meta property=\"og:availability\" content=\"instock\" \/>\n<meta property=\"product:availability\" content=\"instock\" \/>\n<meta property=\"product:retailer_item_id\" content=\"5902701497255\" \/>\n<meta property=\"product:condition\" content=\"new\" \/>\n<!-- \/ Yoast SEO Premium plugin. -->","yoast_head_json":{"title":"Ghirlanda di fiori di margherita, ghirlanda di fiori 250cm - Cozy & Dozy","robots":{"index":"index","follow":"follow","max-snippet":"max-snippet:-1","max-image-preview":"max-image-preview:large","max-video-preview":"max-video-preview:-1"},"canonical":"https:\/\/cozyanddozy.com\/it\/prodotto\/ghirlanda-daisy-flowers-bloom-garland-250cm\/","og_locale":"it_IT","og_type":"article","og_title":"Ghirlanda di fiori di margherita, ghirlanda di fiori 250cm","og_description":"Ghirlanda decorativa con fiori bianchi &#8211; fioritura di margherite in velluto. Ci piacciono gli interni accoglienti e i fiori sono la migliore decorazione in ogni stanza. La ghirlanda di Daisy \u00e8 una bellissima decorazione per interni, completer\u00e0 perfettamente una parete vuota, pu\u00f2 anche essere un luogo dove attaccare le foto delle vacanze, decorare una finestra [...]","og_url":"https:\/\/cozyanddozy.com\/it\/prodotto\/ghirlanda-daisy-flowers-bloom-garland-250cm\/","og_site_name":"Cozy &amp; Dozy","article_modified_time":"2023-11-08T16:40:57+00:00","og_image":[{"width":1200,"height":1200,"url":"https:\/\/cozyanddozy.com\/it\/wp-content\/uploads\/2023\/05\/garland-daisy-flowers.jpg","type":"image\/jpeg"}],"twitter_card":"summary_large_image","twitter_misc":{"Prezzo":"39,00&nbsp;&euro;","Disponibilit\u00e0":"In stock"},"schema":{"@context":"https:\/\/schema.org","@graph":[{"@type":"WebPage","@id":"https:\/\/cozyanddozy.com\/it\/prodotto\/ghirlanda-daisy-flowers-bloom-garland-250cm\/","url":"https:\/\/cozyanddozy.com\/it\/prodotto\/ghirlanda-daisy-flowers-bloom-garland-250cm\/","name":"Ghirlanda di fiori di margherita, ghirlanda di fiori 250cm - Cozy & Dozy","isPartOf":{"@id":"https:\/\/cozyanddozy.com\/it\/#website"},"primaryImageOfPage":{"@id":"https:\/\/cozyanddozy.com\/it\/prodotto\/ghirlanda-daisy-flowers-bloom-garland-250cm\/#primaryimage"},"image":{"@id":"https:\/\/cozyanddozy.com\/it\/prodotto\/ghirlanda-daisy-flowers-bloom-garland-250cm\/#primaryimage"},"thumbnailUrl":"https:\/\/cozyanddozy.com\/it\/wp-content\/uploads\/2023\/05\/garland-daisy-flowers.jpg","datePublished":"2023-05-19T06:26:27+00:00","dateModified":"2023-11-08T16:40:57+00:00","breadcrumb":{"@id":"https:\/\/cozyanddozy.com\/it\/prodotto\/ghirlanda-daisy-flowers-bloom-garland-250cm\/#breadcrumb"},"inLanguage":"it-IT","potentialAction":[{"@type":"ReadAction","target":["https:\/\/cozyanddozy.com\/it\/prodotto\/ghirlanda-daisy-flowers-bloom-garland-250cm\/"]}]},{"@type":"ImageObject","inLanguage":"it-IT","@id":"https:\/\/cozyanddozy.com\/it\/prodotto\/ghirlanda-daisy-flowers-bloom-garland-250cm\/#primaryimage","url":"https:\/\/cozyanddozy.com\/it\/wp-content\/uploads\/2023\/05\/garland-daisy-flowers.jpg","contentUrl":"https:\/\/cozyanddozy.com\/it\/wp-content\/uploads\/2023\/05\/garland-daisy-flowers.jpg","width":1200,"height":1200},{"@type":"BreadcrumbList","@id":"https:\/\/cozyanddozy.com\/it\/prodotto\/ghirlanda-daisy-flowers-bloom-garland-250cm\/#breadcrumb","itemListElement":[{"@type":"ListItem","position":1,"name":"Home","item":"https:\/\/cozyanddozy.com\/it\/"},{"@type":"ListItem","position":2,"name":"Negozio","item":"https:\/\/cozyanddozy.com\/it\/negozio\/"},{"@type":"ListItem","position":3,"name":"Ghirlanda di fiori di margherita, ghirlanda di fiori 250cm"}]},{"@type":"WebSite","@id":"https:\/\/cozyanddozy.com\/it\/#website","url":"https:\/\/cozyanddozy.com\/it\/","name":"Cozy & Dozy","description":"","potentialAction":[{"@type":"SearchAction","target":{"@type":"EntryPoint","urlTemplate":"https:\/\/cozyanddozy.com\/it\/?s={search_term_string}"},"query-input":{"@type":"PropertyValueSpecification","valueRequired":true,"valueName":"search_term_string"}}],"inLanguage":"it-IT"}]},"product_price_amount":"39.00","product_price_currency":"EUR","og_availability":"instock","product_availability":"instock","product_retailer_item_id":"5902701497255","product_condition":"new"},"_links":{"self":[{"href":"https:\/\/cozyanddozy.com\/it\/wp-json\/wp\/v2\/product\/1598","targetHints":{"allow":["GET"]}}],"collection":[{"href":"https:\/\/cozyanddozy.com\/it\/wp-json\/wp\/v2\/product"}],"about":[{"href":"https:\/\/cozyanddozy.com\/it\/wp-json\/wp\/v2\/types\/product"}],"replies":[{"embeddable":true,"href":"https:\/\/cozyanddozy.com\/it\/wp-json\/wp\/v2\/comments?post=1598"}],"wp:featuredmedia":[{"embeddable":true,"href":"https:\/\/cozyanddozy.com\/it\/wp-json\/wp\/v2\/media\/1594"}],"wp:attachment":[{"href":"https:\/\/cozyanddozy.com\/it\/wp-json\/wp\/v2\/media?parent=1598"}],"wp:term":[{"taxonomy":"product_brand","embeddable":true,"href":"https:\/\/cozyanddozy.com\/it\/wp-json\/wp\/v2\/product_brand?post=1598"},{"taxonomy":"product_cat","embeddable":true,"href":"https:\/\/cozyanddozy.com\/it\/wp-json\/wp\/v2\/product_cat?post=1598"},{"taxonomy":"product_tag","embeddable":true,"href":"https:\/\/cozyanddozy.com\/it\/wp-json\/wp\/v2\/product_tag?post=1598"}],"curies":[{"name":"wp","href":"https:\/\/api.w.org\/{rel}","templated":true}]}}