{"id":1019,"date":"2022-08-12T16:30:49","date_gmt":"2022-08-12T15:30:49","guid":{"rendered":"https:\/\/cozyanddozy.com\/it\/product\/sleeping-bag-for-kindergarten-retro-pink-75x140cm\/"},"modified":"2023-11-08T16:40:51","modified_gmt":"2023-11-08T16:40:51","slug":"sacco-a-pelo-per-lasilo-retro-perno-75x140cm","status":"publish","type":"product","link":"https:\/\/cozyanddozy.com\/it\/prodotto\/sacco-a-pelo-per-lasilo-retro-perno-75x140cm\/","title":{"rendered":"Sacco a pelo per asilo Retro Rosa 75x140cm"},"content":{"rendered":"<p><img decoding=\"async\" class=\"alignright\" src=\"https:\/\/cozyanddozy.com\/it\/wp-content\/uploads\/2023\/02\/spiworki-przedszkolne-cozydots.jpg\" alt=\"\" width=\"600\" \/><\/p>\n<h3>Il sacco a pelo per bambini in et\u00e0 prescolare \u00e8 un&#8217;accogliente biancheria da letto, realizzata in cotone e velluto, completa di un piccolo cuscino, di un sacchetto per riporlo e di un badge identificativo.<\/h3>\n<p>Il sacco a pelo per bambini in et\u00e0 prescolare \u00e8 un&#8217;accogliente biancheria da letto, realizzata in cotone e velluto. La biancheria da letto dell&#8217;asilo \u00e8 composta da un piumino e da un cuscino anallergici. Inoltre, il set comprende un piccolo cuscino per gli abbracci, un sacchetto per riporre i documenti e una carta d&#8217;identit\u00e0 da firmare con il proprio nome e cognome. Il sacco a pelo della serie Retro \u00e8 caratterizzato da colori tenui ispirati a motivi e colori in stile vintage.Sacco a pelo per cameretta a righe RETRO PINK nei seguenti colori: blu navy, verde chiaro, rosa cipria, erica, miele.<\/p>\n<p>La collezione Retro comprende 3 modelli di sacchi a pelo: Retro, Retro Blue, Retro Pink. Il sacco a pelo \u00e8 dotato di una cerniera, in modo che il bambino non si apra durante il pisolino. Inoltre, \u00e8 dotato di un cuscino rimovibile per facilitare il lavaggio in lavatrice.Il sacco a pelo colorato di Cozy &amp; Dozy \u00e8 la soluzione perfetta per i bambini dai 2 ai 7 anni. Il sacco a pelo sar\u00e0 perfetto non solo per i sonnellini all&#8217;asilo, ma anche un&#8217;ottima soluzione per dormire comodamente fuori casa: in vacanza, a casa di amici o in viaggio.<\/p>\n<p>Dimensioni:<\/p>\n<ul>\n<li>zona notte 140 \u00d7 75<\/li>\n<li>lunghezza totale da aperto 240 \u00d7 75<\/li>\n<li>cuscino piccolo 40 \u00d7 23<\/li>\n<\/ul>\n<p>Incluso:<\/p>\n<ul>\n<li>sacco a pelo (con cuscino estraibile)<\/li>\n<li>cuscino piccolo<\/li>\n<li>Badge identificativo<\/li>\n<li>borsa di stoccaggio<\/li>\n<\/ul>\n<p>Tempi di consegna: 5-10 giorni lavorativi + tempi di consegna (Regno Unito 3-4 giorni lavorativi, Germania 2-3 giorni, Francia 4-5 giorni)Composizione:<\/p>\n<ul>\n<li>100% cotone (lato interno)<\/li>\n<li>velluto 100% (lato esterno)<\/li>\n<\/ul>\n<p>Metodo di cura:<\/p>\n<ul>\n<li>lavaggio a 40 gradi in lavatrice<\/li>\n<li>non candeggiare<\/li>\n<li>stirare il lato in cotone a 180 gradi<\/li>\n<\/ul>\n<p>Sacco a pelo per bambini in et\u00e0 prescolare interamente progettato e cucito da Cozy &amp; Dozy.Tutti i tessuti con cui cuciamo sono certificati e sicuri per i bambini. Il prodotto \u00e8 certificato CE.<\/p>\n","protected":false},"excerpt":{"rendered":"<p>Un sacco a pelo per bambini in et\u00e0 prescolare con un cuscino aggiuntivo, una borsa portaoggetti e un badge identificativo.<\/p>\n","protected":false},"featured_media":1010,"comment_status":"open","ping_status":"closed","template":"","meta":[],"product_brand":[],"product_cat":[21],"product_tag":[],"class_list":{"0":"post-1019","1":"product","2":"type-product","3":"status-publish","4":"has-post-thumbnail","6":"product_cat-biancheria-da-letto","8":"first","9":"instock","10":"product-type-simple"},"yoast_head":"<!-- This site is optimized with the Yoast SEO Premium plugin v21.9 (Yoast SEO v27.0) - https:\/\/yoast.com\/product\/yoast-seo-premium-wordpress\/ -->\n<title>Sacco a pelo per asilo Retro Rosa 75x140cm - Cozy &amp; Dozy<\/title>\n<meta name=\"description\" content=\"Un sacco a pelo per bambini in et\u00e0 prescolare con un cuscino aggiuntivo, una borsa portaoggetti e un badge identificativo.\" \/>\n<meta name=\"robots\" content=\"index, follow, max-snippet:-1, max-image-preview:large, max-video-preview:-1\" \/>\n<link rel=\"canonical\" href=\"https:\/\/cozyanddozy.com\/it\/prodotto\/sacco-a-pelo-per-lasilo-retro-perno-75x140cm\/\" \/>\n<meta property=\"og:locale\" content=\"it_IT\" \/>\n<meta property=\"og:type\" content=\"article\" \/>\n<meta property=\"og:title\" content=\"Sacco a pelo per asilo Retro Rosa 75x140cm\" \/>\n<meta property=\"og:description\" content=\"Un sacco a pelo per bambini in et\u00e0 prescolare con un cuscino aggiuntivo, una borsa portaoggetti e un badge identificativo.\" \/>\n<meta property=\"og:url\" content=\"https:\/\/cozyanddozy.com\/it\/prodotto\/sacco-a-pelo-per-lasilo-retro-perno-75x140cm\/\" \/>\n<meta property=\"og:site_name\" content=\"Cozy &amp; Dozy\" \/>\n<meta property=\"article:modified_time\" content=\"2023-11-08T16:40:51+00:00\" \/>\n<meta property=\"og:image\" content=\"https:\/\/cozyanddozy.com\/it\/wp-content\/uploads\/2023\/02\/spiworek-do-przedszkola-dziewczecy.jpg\" \/>\n\t<meta property=\"og:image:width\" content=\"1200\" \/>\n\t<meta property=\"og:image:height\" content=\"1200\" \/>\n\t<meta property=\"og:image:type\" content=\"image\/jpeg\" \/>\n<meta name=\"twitter:card\" content=\"summary_large_image\" \/>\n<meta name=\"twitter:label1\" content=\"Prezzo\" \/>\n\t<meta name=\"twitter:data1\" content=\"99,00&nbsp;&euro;\" \/>\n\t<meta name=\"twitter:label2\" content=\"Disponibilit\u00e0\" \/>\n\t<meta name=\"twitter:data2\" content=\"In stock\" \/>\n<script type=\"application\/ld+json\" class=\"yoast-schema-graph\">{\"@context\":\"https:\/\/schema.org\",\"@graph\":[{\"@type\":\"WebPage\",\"@id\":\"https:\/\/cozyanddozy.com\/it\/prodotto\/sacco-a-pelo-per-lasilo-retro-perno-75x140cm\/\",\"url\":\"https:\/\/cozyanddozy.com\/it\/prodotto\/sacco-a-pelo-per-lasilo-retro-perno-75x140cm\/\",\"name\":\"Sacco a pelo per asilo Retro Rosa 75x140cm - Cozy & Dozy\",\"isPartOf\":{\"@id\":\"https:\/\/cozyanddozy.com\/it\/#website\"},\"primaryImageOfPage\":{\"@id\":\"https:\/\/cozyanddozy.com\/it\/prodotto\/sacco-a-pelo-per-lasilo-retro-perno-75x140cm\/#primaryimage\"},\"image\":{\"@id\":\"https:\/\/cozyanddozy.com\/it\/prodotto\/sacco-a-pelo-per-lasilo-retro-perno-75x140cm\/#primaryimage\"},\"thumbnailUrl\":\"https:\/\/cozyanddozy.com\/it\/wp-content\/uploads\/2023\/02\/spiworek-do-przedszkola-dziewczecy.jpg\",\"datePublished\":\"2022-08-12T15:30:49+00:00\",\"dateModified\":\"2023-11-08T16:40:51+00:00\",\"description\":\"Un sacco a pelo per bambini in et\u00e0 prescolare con un cuscino aggiuntivo, una borsa portaoggetti e un badge identificativo.\",\"breadcrumb\":{\"@id\":\"https:\/\/cozyanddozy.com\/it\/prodotto\/sacco-a-pelo-per-lasilo-retro-perno-75x140cm\/#breadcrumb\"},\"inLanguage\":\"it-IT\",\"potentialAction\":[{\"@type\":\"ReadAction\",\"target\":[\"https:\/\/cozyanddozy.com\/it\/prodotto\/sacco-a-pelo-per-lasilo-retro-perno-75x140cm\/\"]}]},{\"@type\":\"ImageObject\",\"inLanguage\":\"it-IT\",\"@id\":\"https:\/\/cozyanddozy.com\/it\/prodotto\/sacco-a-pelo-per-lasilo-retro-perno-75x140cm\/#primaryimage\",\"url\":\"https:\/\/cozyanddozy.com\/it\/wp-content\/uploads\/2023\/02\/spiworek-do-przedszkola-dziewczecy.jpg\",\"contentUrl\":\"https:\/\/cozyanddozy.com\/it\/wp-content\/uploads\/2023\/02\/spiworek-do-przedszkola-dziewczecy.jpg\",\"width\":1200,\"height\":1200},{\"@type\":\"BreadcrumbList\",\"@id\":\"https:\/\/cozyanddozy.com\/it\/prodotto\/sacco-a-pelo-per-lasilo-retro-perno-75x140cm\/#breadcrumb\",\"itemListElement\":[{\"@type\":\"ListItem\",\"position\":1,\"name\":\"Home\",\"item\":\"https:\/\/cozyanddozy.com\/it\/\"},{\"@type\":\"ListItem\",\"position\":2,\"name\":\"Negozio\",\"item\":\"https:\/\/cozyanddozy.com\/it\/negozio\/\"},{\"@type\":\"ListItem\",\"position\":3,\"name\":\"Sacco a pelo per asilo Retro Rosa 75x140cm\"}]},{\"@type\":\"WebSite\",\"@id\":\"https:\/\/cozyanddozy.com\/it\/#website\",\"url\":\"https:\/\/cozyanddozy.com\/it\/\",\"name\":\"Cozy & Dozy\",\"description\":\"\",\"potentialAction\":[{\"@type\":\"SearchAction\",\"target\":{\"@type\":\"EntryPoint\",\"urlTemplate\":\"https:\/\/cozyanddozy.com\/it\/?s={search_term_string}\"},\"query-input\":{\"@type\":\"PropertyValueSpecification\",\"valueRequired\":true,\"valueName\":\"search_term_string\"}}],\"inLanguage\":\"it-IT\"}]}<\/script>\n<meta property=\"product:price:amount\" content=\"99.00\" \/>\n<meta property=\"product:price:currency\" content=\"EUR\" \/>\n<meta property=\"og:availability\" content=\"instock\" \/>\n<meta property=\"product:availability\" content=\"instock\" \/>\n<meta property=\"product:retailer_item_id\" content=\"5902701497057\" \/>\n<meta property=\"product:condition\" content=\"new\" \/>\n<!-- \/ Yoast SEO Premium plugin. -->","yoast_head_json":{"title":"Sacco a pelo per asilo Retro Rosa 75x140cm - Cozy & Dozy","description":"Un sacco a pelo per bambini in et\u00e0 prescolare con un cuscino aggiuntivo, una borsa portaoggetti e un badge identificativo.","robots":{"index":"index","follow":"follow","max-snippet":"max-snippet:-1","max-image-preview":"max-image-preview:large","max-video-preview":"max-video-preview:-1"},"canonical":"https:\/\/cozyanddozy.com\/it\/prodotto\/sacco-a-pelo-per-lasilo-retro-perno-75x140cm\/","og_locale":"it_IT","og_type":"article","og_title":"Sacco a pelo per asilo Retro Rosa 75x140cm","og_description":"Un sacco a pelo per bambini in et\u00e0 prescolare con un cuscino aggiuntivo, una borsa portaoggetti e un badge identificativo.","og_url":"https:\/\/cozyanddozy.com\/it\/prodotto\/sacco-a-pelo-per-lasilo-retro-perno-75x140cm\/","og_site_name":"Cozy &amp; Dozy","article_modified_time":"2023-11-08T16:40:51+00:00","og_image":[{"width":1200,"height":1200,"url":"https:\/\/cozyanddozy.com\/it\/wp-content\/uploads\/2023\/02\/spiworek-do-przedszkola-dziewczecy.jpg","type":"image\/jpeg"}],"twitter_card":"summary_large_image","twitter_misc":{"Prezzo":"99,00&nbsp;&euro;","Disponibilit\u00e0":"In stock"},"schema":{"@context":"https:\/\/schema.org","@graph":[{"@type":"WebPage","@id":"https:\/\/cozyanddozy.com\/it\/prodotto\/sacco-a-pelo-per-lasilo-retro-perno-75x140cm\/","url":"https:\/\/cozyanddozy.com\/it\/prodotto\/sacco-a-pelo-per-lasilo-retro-perno-75x140cm\/","name":"Sacco a pelo per asilo Retro Rosa 75x140cm - Cozy & Dozy","isPartOf":{"@id":"https:\/\/cozyanddozy.com\/it\/#website"},"primaryImageOfPage":{"@id":"https:\/\/cozyanddozy.com\/it\/prodotto\/sacco-a-pelo-per-lasilo-retro-perno-75x140cm\/#primaryimage"},"image":{"@id":"https:\/\/cozyanddozy.com\/it\/prodotto\/sacco-a-pelo-per-lasilo-retro-perno-75x140cm\/#primaryimage"},"thumbnailUrl":"https:\/\/cozyanddozy.com\/it\/wp-content\/uploads\/2023\/02\/spiworek-do-przedszkola-dziewczecy.jpg","datePublished":"2022-08-12T15:30:49+00:00","dateModified":"2023-11-08T16:40:51+00:00","description":"Un sacco a pelo per bambini in et\u00e0 prescolare con un cuscino aggiuntivo, una borsa portaoggetti e un badge identificativo.","breadcrumb":{"@id":"https:\/\/cozyanddozy.com\/it\/prodotto\/sacco-a-pelo-per-lasilo-retro-perno-75x140cm\/#breadcrumb"},"inLanguage":"it-IT","potentialAction":[{"@type":"ReadAction","target":["https:\/\/cozyanddozy.com\/it\/prodotto\/sacco-a-pelo-per-lasilo-retro-perno-75x140cm\/"]}]},{"@type":"ImageObject","inLanguage":"it-IT","@id":"https:\/\/cozyanddozy.com\/it\/prodotto\/sacco-a-pelo-per-lasilo-retro-perno-75x140cm\/#primaryimage","url":"https:\/\/cozyanddozy.com\/it\/wp-content\/uploads\/2023\/02\/spiworek-do-przedszkola-dziewczecy.jpg","contentUrl":"https:\/\/cozyanddozy.com\/it\/wp-content\/uploads\/2023\/02\/spiworek-do-przedszkola-dziewczecy.jpg","width":1200,"height":1200},{"@type":"BreadcrumbList","@id":"https:\/\/cozyanddozy.com\/it\/prodotto\/sacco-a-pelo-per-lasilo-retro-perno-75x140cm\/#breadcrumb","itemListElement":[{"@type":"ListItem","position":1,"name":"Home","item":"https:\/\/cozyanddozy.com\/it\/"},{"@type":"ListItem","position":2,"name":"Negozio","item":"https:\/\/cozyanddozy.com\/it\/negozio\/"},{"@type":"ListItem","position":3,"name":"Sacco a pelo per asilo Retro Rosa 75x140cm"}]},{"@type":"WebSite","@id":"https:\/\/cozyanddozy.com\/it\/#website","url":"https:\/\/cozyanddozy.com\/it\/","name":"Cozy & Dozy","description":"","potentialAction":[{"@type":"SearchAction","target":{"@type":"EntryPoint","urlTemplate":"https:\/\/cozyanddozy.com\/it\/?s={search_term_string}"},"query-input":{"@type":"PropertyValueSpecification","valueRequired":true,"valueName":"search_term_string"}}],"inLanguage":"it-IT"}]},"product_price_amount":"99.00","product_price_currency":"EUR","og_availability":"instock","product_availability":"instock","product_retailer_item_id":"5902701497057","product_condition":"new"},"_links":{"self":[{"href":"https:\/\/cozyanddozy.com\/it\/wp-json\/wp\/v2\/product\/1019","targetHints":{"allow":["GET"]}}],"collection":[{"href":"https:\/\/cozyanddozy.com\/it\/wp-json\/wp\/v2\/product"}],"about":[{"href":"https:\/\/cozyanddozy.com\/it\/wp-json\/wp\/v2\/types\/product"}],"replies":[{"embeddable":true,"href":"https:\/\/cozyanddozy.com\/it\/wp-json\/wp\/v2\/comments?post=1019"}],"wp:featuredmedia":[{"embeddable":true,"href":"https:\/\/cozyanddozy.com\/it\/wp-json\/wp\/v2\/media\/1010"}],"wp:attachment":[{"href":"https:\/\/cozyanddozy.com\/it\/wp-json\/wp\/v2\/media?parent=1019"}],"wp:term":[{"taxonomy":"product_brand","embeddable":true,"href":"https:\/\/cozyanddozy.com\/it\/wp-json\/wp\/v2\/product_brand?post=1019"},{"taxonomy":"product_cat","embeddable":true,"href":"https:\/\/cozyanddozy.com\/it\/wp-json\/wp\/v2\/product_cat?post=1019"},{"taxonomy":"product_tag","embeddable":true,"href":"https:\/\/cozyanddozy.com\/it\/wp-json\/wp\/v2\/product_tag?post=1019"}],"curies":[{"name":"wp","href":"https:\/\/api.w.org\/{rel}","templated":true}]}}