{"id":1090,"date":"2023-02-13T19:20:47","date_gmt":"2023-02-13T19:20:47","guid":{"rendered":"https:\/\/cozyanddozy.com\/it\/?page_id=1090"},"modified":"2023-03-22T16:00:27","modified_gmt":"2023-03-22T16:00:27","slug":"faq","status":"publish","type":"page","link":"https:\/\/cozyanddozy.com\/it\/faq\/","title":{"rendered":"FAQ"},"content":{"rendered":"<p class=\"lead\">Prima di inviare una richiesta di informazioni, leggere la sezione delle FAQ.<\/p>\n<p>Quali sono i moduli e i costi di spedizione disponibili?<\/p>\n<p>1. La merce ordinata vi arriva entro 2-3 giorni lavorativi dalla data di spedizione.<\/p>\n<p>2. Consegniamo i prodotti ordinati con DHL e GLS.<\/p>\n<p>3. Le spese di spedizione dell&#8217;oggetto possono essere controllate e calcolate nel carrello (peso fino a 5 kg)<\/p>\n<p>Quali sono le opzioni di pagamento disponibili nel Negozio online?Nel nostro negozio online sono previste le seguenti forme di pagamento:<\/p>\n<p>1. Bonifico bancario (Mbank)<\/p>\n<p>PL 60 1140 2004 0000 3812 1372 5553 ( \u20ac EURO )<br \/>\nPL 65 1140 2004 0000 3612 1372 5561 ( \u00a3 GBP )<br \/>\nPL 73 1140 2004 0000 3102 7702 5762 ( z\u0142 &#8211; PLN )<\/p>\n<p>2. PayPal &#8211; pagamento online in tutto il mondo con PayPal (sicuro e protetto)<\/p>\n<p>3. PayPal &#8211; Credit Card(safe &amp; secure)<\/p>\n<p>Tutti i prezzi sono comprensivi di tasseI miei dati sono al sicuro quando faccio acquisti online?<\/p>\n<p>Nel nostro negozio online utilizziamo il protocollo SSL (Secure Socket Layer), che \u00e8 il meccanismo di protezione dei dati pi\u00f9 sicuro attualmente disponibile per proteggere i vostri dati, in modo che possiate sentirvi sicuri nel fornirci informazioni su di voi e nell&#8217;effettuare i vostri ordini. Questo tipo di protezione si basa sulla crittografia dei dati prima dell&#8217;invio da parte del browser e sulla decodifica dopo l&#8217;accesso sicuro al nostro server. Anche le informazioni inviate dal server all&#8217;utente vengono codificate e decodificate dopo aver raggiunto la destinazione. SSL cripta, autentica e garantisce l&#8217;integrit\u00e0 delle informazioni. Quando ci si connette a un sito web sicuro, si noter\u00e0 che l&#8217;indirizzo http cambia da http a https.<\/p>\n<p>Ricever\u00f2 una fattura di acquisto?<\/p>\n<p>Per ogni acquisto nel nostro negozio online riceverete una ricevuta o una fattura IVA (se l&#8217;acquisto \u00e8 stato effettuato per l&#8217;azienda)Politica di restituzione e rimborso<\/p>\n<p class=\"p1\"><span class=\"s1\">Estratto del regolamento:<\/span><\/p>\n<ul class=\"ul1\">\n<li class=\"li1\">Il Cliente che sia anche un consumatore che abbia concluso un contratto di vendita o un contratto per la fornitura di un servizio elettronico pu\u00f2 recedere dallo stesso senza indicarne i motivi, rilasciando una dichiarazione scritta entro 14 (quattordici) giorni. L&#8217;invio di una dichiarazione prima della scadenza del termine \u00e8 sufficiente per rispettare tale termine. Tale diritto pu\u00f2 essere esercitato dal Consumatore inviando la comunicazione di recesso al seguente indirizzo: Kolejowa 12C, lok.6, 15-701 Bia\u0142ystok<\/li>\n<\/ul>\n<ul class=\"ul1\">\n<li class=\"li1\">Il termine di 14 (quattordici) giorni entro il quale il Consumatore pu\u00f2 recedere dal Contratto di vendita o da un Contratto per la fornitura di servizi elettronici si calcola a partire dalla data in cui il Consumatore ha ricevuto il Prodotto nel caso del Contratto di vendita e nel caso del Contratto per la fornitura di servizi elettronici &#8211; dalla data della sua conclusione.<\/li>\n<\/ul>\n<ul class=\"ul1\">\n<li class=\"li1\">In caso di recesso da un accordo, il contratto di vendita o di fornitura del servizio elettronico \u00e8 considerato nullo e il Cliente \u00e8 liberato da qualsiasi obbligo. Quanto reso dalle Parti sar\u00e0 restituito inalterato, a meno che non si sia resa necessaria una modifica nella gestione ordinaria. Il rimborso deve avvenire immediatamente, entro e non oltre quattordici giorni. Se il Consumatore ha effettuato pagamenti anticipati, sono dovuti gli interessi legali calcolati a partire dalla data del pagamento anticipato.<\/li>\n<\/ul>\n<ul class=\"ul1\">\n<li class=\"li1\">Il Venditore restituir\u00e0 il denaro tramite bonifico bancario sul numero di conto corrente indicato dal Consumatore o in un altro modo indicato dal Consumatore. 7.5. Il Consumatore non ha diritto di recesso da un contratto concluso a distanza nei seguenti casi: &#8211; la prestazione dei servizi \u00e8 iniziata, con il consenso del Consumatore, prima del termine di cui al precedente paragrafo 7.1 e 7.2; &#8211; nel caso di registrazioni audio e video registrate su supporti di dati digitali dopo che il Consumatore ne ha rimosso l&#8217;imballaggio originale; &#8211; contratti per servizi il cui prezzo o la cui remunerazione dipende esclusivamente dall&#8217;andamento dei prezzi sul mercato finanziario; &#8211; prestazioni con propriet\u00e0 specificate dal Consumatore nel suo ordine, o strettamente associate alla sua persona; &#8211; prestazioni che, per la loro natura, non possono essere restituite o il cui oggetto \u00e8 deperibile; &#8211; fornitura della stampa; &#8211; servizi nel campo del gioco d&#8217;azzardo<\/li>\n<\/ul>\n","protected":false},"excerpt":{"rendered":"<p>Prima di inviare una richiesta di informazioni, leggere la sezione delle FAQ. Quali sono i moduli e i costi di spedizione disponibili? 1. La merce ordinata vi arriva entro 2-3 giorni lavorativi dalla data di spedizione. 2. Consegniamo i prodotti ordinati con DHL e GLS. 3. Le spese di spedizione dell&#8217;oggetto possono essere controllate e [&#8230;]\n","protected":false},"author":1,"featured_media":0,"parent":0,"menu_order":0,"comment_status":"closed","ping_status":"closed","template":"","meta":{"footnotes":""},"class_list":["post-1090","page","type-page","status-publish","hentry"],"yoast_head":"<!-- This site is optimized with the Yoast SEO Premium plugin v21.9 (Yoast SEO v27.0) - https:\/\/yoast.com\/product\/yoast-seo-premium-wordpress\/ -->\n<title>FAQ - Cozy &amp; Dozy<\/title>\n<meta name=\"robots\" content=\"index, follow, max-snippet:-1, max-image-preview:large, max-video-preview:-1\" \/>\n<link rel=\"canonical\" href=\"https:\/\/cozyanddozy.com\/it\/faq\/\" \/>\n<meta property=\"og:locale\" content=\"it_IT\" \/>\n<meta property=\"og:type\" content=\"article\" \/>\n<meta property=\"og:title\" content=\"FAQ\" \/>\n<meta property=\"og:description\" content=\"Prima di inviare una richiesta di informazioni, leggere la sezione delle FAQ. Quali sono i moduli e i costi di spedizione disponibili? 1. La merce ordinata vi arriva entro 2-3 giorni lavorativi dalla data di spedizione. 2. Consegniamo i prodotti ordinati con DHL e GLS. 3. Le spese di spedizione dell&#8217;oggetto possono essere controllate e [...]\" \/>\n<meta property=\"og:url\" content=\"https:\/\/cozyanddozy.com\/it\/faq\/\" \/>\n<meta property=\"og:site_name\" content=\"Cozy &amp; Dozy\" \/>\n<meta property=\"article:modified_time\" content=\"2023-03-22T16:00:27+00:00\" \/>\n<meta name=\"twitter:card\" content=\"summary_large_image\" \/>\n<meta name=\"twitter:label1\" content=\"Tempo di lettura stimato\" \/>\n\t<meta name=\"twitter:data1\" content=\"4 minuti\" \/>\n<script type=\"application\/ld+json\" class=\"yoast-schema-graph\">{\"@context\":\"https:\/\/schema.org\",\"@graph\":[{\"@type\":\"WebPage\",\"@id\":\"https:\/\/cozyanddozy.com\/it\/faq\/\",\"url\":\"https:\/\/cozyanddozy.com\/it\/faq\/\",\"name\":\"FAQ - Cozy &amp; Dozy\",\"isPartOf\":{\"@id\":\"https:\/\/cozyanddozy.com\/it\/#website\"},\"datePublished\":\"2023-02-13T19:20:47+00:00\",\"dateModified\":\"2023-03-22T16:00:27+00:00\",\"breadcrumb\":{\"@id\":\"https:\/\/cozyanddozy.com\/it\/faq\/#breadcrumb\"},\"inLanguage\":\"it-IT\",\"potentialAction\":[{\"@type\":\"ReadAction\",\"target\":[\"https:\/\/cozyanddozy.com\/it\/faq\/\"]}]},{\"@type\":\"BreadcrumbList\",\"@id\":\"https:\/\/cozyanddozy.com\/it\/faq\/#breadcrumb\",\"itemListElement\":[{\"@type\":\"ListItem\",\"position\":1,\"name\":\"Home\",\"item\":\"https:\/\/cozyanddozy.com\/it\/\"},{\"@type\":\"ListItem\",\"position\":2,\"name\":\"FAQ\"}]},{\"@type\":\"WebSite\",\"@id\":\"https:\/\/cozyanddozy.com\/it\/#website\",\"url\":\"https:\/\/cozyanddozy.com\/it\/\",\"name\":\"Cozy & Dozy\",\"description\":\"\",\"potentialAction\":[{\"@type\":\"SearchAction\",\"target\":{\"@type\":\"EntryPoint\",\"urlTemplate\":\"https:\/\/cozyanddozy.com\/it\/?s={search_term_string}\"},\"query-input\":{\"@type\":\"PropertyValueSpecification\",\"valueRequired\":true,\"valueName\":\"search_term_string\"}}],\"inLanguage\":\"it-IT\"}]}<\/script>\n<!-- \/ Yoast SEO Premium plugin. -->","yoast_head_json":{"title":"FAQ - Cozy &amp; Dozy","robots":{"index":"index","follow":"follow","max-snippet":"max-snippet:-1","max-image-preview":"max-image-preview:large","max-video-preview":"max-video-preview:-1"},"canonical":"https:\/\/cozyanddozy.com\/it\/faq\/","og_locale":"it_IT","og_type":"article","og_title":"FAQ","og_description":"Prima di inviare una richiesta di informazioni, leggere la sezione delle FAQ. Quali sono i moduli e i costi di spedizione disponibili? 1. La merce ordinata vi arriva entro 2-3 giorni lavorativi dalla data di spedizione. 2. Consegniamo i prodotti ordinati con DHL e GLS. 3. Le spese di spedizione dell&#8217;oggetto possono essere controllate e [...]","og_url":"https:\/\/cozyanddozy.com\/it\/faq\/","og_site_name":"Cozy &amp; Dozy","article_modified_time":"2023-03-22T16:00:27+00:00","twitter_card":"summary_large_image","twitter_misc":{"Tempo di lettura stimato":"4 minuti"},"schema":{"@context":"https:\/\/schema.org","@graph":[{"@type":"WebPage","@id":"https:\/\/cozyanddozy.com\/it\/faq\/","url":"https:\/\/cozyanddozy.com\/it\/faq\/","name":"FAQ - Cozy &amp; Dozy","isPartOf":{"@id":"https:\/\/cozyanddozy.com\/it\/#website"},"datePublished":"2023-02-13T19:20:47+00:00","dateModified":"2023-03-22T16:00:27+00:00","breadcrumb":{"@id":"https:\/\/cozyanddozy.com\/it\/faq\/#breadcrumb"},"inLanguage":"it-IT","potentialAction":[{"@type":"ReadAction","target":["https:\/\/cozyanddozy.com\/it\/faq\/"]}]},{"@type":"BreadcrumbList","@id":"https:\/\/cozyanddozy.com\/it\/faq\/#breadcrumb","itemListElement":[{"@type":"ListItem","position":1,"name":"Home","item":"https:\/\/cozyanddozy.com\/it\/"},{"@type":"ListItem","position":2,"name":"FAQ"}]},{"@type":"WebSite","@id":"https:\/\/cozyanddozy.com\/it\/#website","url":"https:\/\/cozyanddozy.com\/it\/","name":"Cozy & Dozy","description":"","potentialAction":[{"@type":"SearchAction","target":{"@type":"EntryPoint","urlTemplate":"https:\/\/cozyanddozy.com\/it\/?s={search_term_string}"},"query-input":{"@type":"PropertyValueSpecification","valueRequired":true,"valueName":"search_term_string"}}],"inLanguage":"it-IT"}]}},"_links":{"self":[{"href":"https:\/\/cozyanddozy.com\/it\/wp-json\/wp\/v2\/pages\/1090","targetHints":{"allow":["GET"]}}],"collection":[{"href":"https:\/\/cozyanddozy.com\/it\/wp-json\/wp\/v2\/pages"}],"about":[{"href":"https:\/\/cozyanddozy.com\/it\/wp-json\/wp\/v2\/types\/page"}],"author":[{"embeddable":true,"href":"https:\/\/cozyanddozy.com\/it\/wp-json\/wp\/v2\/users\/1"}],"replies":[{"embeddable":true,"href":"https:\/\/cozyanddozy.com\/it\/wp-json\/wp\/v2\/comments?post=1090"}],"version-history":[{"count":4,"href":"https:\/\/cozyanddozy.com\/it\/wp-json\/wp\/v2\/pages\/1090\/revisions"}],"predecessor-version":[{"id":1512,"href":"https:\/\/cozyanddozy.com\/it\/wp-json\/wp\/v2\/pages\/1090\/revisions\/1512"}],"wp:attachment":[{"href":"https:\/\/cozyanddozy.com\/it\/wp-json\/wp\/v2\/media?parent=1090"}],"curies":[{"name":"wp","href":"https:\/\/api.w.org\/{rel}","templated":true}]}}