{"id":10,"date":"2023-02-13T19:18:33","date_gmt":"2023-02-13T19:18:33","guid":{"rendered":"https:\/\/woocommerce-695922-3269682.cloudwaysapps.com\/?page_id=10"},"modified":"2023-03-22T16:19:41","modified_gmt":"2023-03-22T16:19:41","slug":"ritorna","status":"publish","type":"page","link":"https:\/\/cozyanddozy.com\/it\/ritorna\/","title":{"rendered":"Restituzioni e rimborsi"},"content":{"rendered":"<h3 style=\"text-align: center;\">Politica di restituzione e rimborso<\/h3>\n<p class=\"p1\"><span class=\"s1\">Estratto del regolamento:<\/span><\/p>\n<ul class=\"ul1\">\n<li class=\"li1\">Il Cliente che sia anche un consumatore che abbia concluso un Contratto di vendita o un Contratto per la fornitura di un servizio elettronico pu\u00f2 recedere dallo stesso senza indicarne le ragioni, rilasciando una dichiarazione scritta entro 14 (quattordici) giorni. L&#8217;invio di una dichiarazione prima della scadenza del termine \u00e8 sufficiente per rispettare tale termine. Tale diritto pu\u00f2 essere esercitato dal Consumatore inviando la comunicazione di recesso al seguente indirizzo: Kolejowa 12C, lok. 6, 15-701 Bia\u0142ystok<\/li>\n<\/ul>\n<ul class=\"ul1\">\n<li class=\"li1\">Il termine di 14 (quattordici) giorni entro il quale il Consumatore pu\u00f2 recedere dal Contratto di vendita o da un Contratto per la fornitura di servizi elettronici si calcola a partire dalla data in cui il Consumatore ha ricevuto il Prodotto nel caso del Contratto di vendita e nel caso del Contratto per la fornitura di servizi elettronici &#8211; dalla data della sua conclusione.<\/li>\n<\/ul>\n<ul class=\"ul1\">\n<li class=\"li1\">In caso di recesso da un accordo, il contratto di vendita o di fornitura del servizio elettronico \u00e8 considerato nullo e il Cliente \u00e8 liberato da qualsiasi obbligo. Quanto reso dalle Parti sar\u00e0 restituito inalterato, a meno che non si sia resa necessaria una modifica nella gestione ordinaria. Il rimborso deve avvenire immediatamente, entro e non oltre quattordici giorni. Se il Consumatore ha effettuato pagamenti anticipati, sono dovuti gli interessi legali calcolati a partire dalla data del pagamento anticipato.<\/li>\n<\/ul>\n<ul class=\"ul1\">\n<li class=\"li1\">Il Venditore restituir\u00e0 il denaro tramite bonifico bancario sul numero di conto corrente indicato dal Consumatore o in un altro modo indicato dal Consumatore. 7.5. Il Consumatore non ha diritto di recesso da un contratto concluso a distanza nei seguenti casi: &#8211; la prestazione dei servizi \u00e8 iniziata, con il consenso del Consumatore, prima del termine di cui al precedente paragrafo 7.1 e 7.2; &#8211; nel caso di registrazioni audio e video registrate su supporti di dati digitali dopo che il Consumatore ne ha rimosso l&#8217;imballaggio originale; &#8211; contratti per servizi il cui prezzo o la cui remunerazione dipende esclusivamente dall&#8217;andamento dei prezzi sul mercato finanziario; &#8211; prestazioni con propriet\u00e0 specificate dal Consumatore nel suo ordine, o strettamente associate alla sua persona; &#8211; prestazioni che, per la loro natura, non possono essere restituite o il cui oggetto \u00e8 deperibile; &#8211; fornitura di stampa; &#8211; servizi nel campo del gioco d&#8217;azzardo<\/li>\n<\/ul>\n<p style=\"text-align: center;\">\n","protected":false},"excerpt":{"rendered":"<p>Politica di restituzione e rimborso Estratto del regolamento: Il Cliente che sia anche un consumatore che abbia concluso un Contratto di vendita o un Contratto per la fornitura di un servizio elettronico pu\u00f2 recedere dallo stesso senza indicarne le ragioni, rilasciando una dichiarazione scritta entro 14 (quattordici) giorni. L&#8217;invio di una dichiarazione prima della scadenza [&#8230;]\n","protected":false},"author":1,"featured_media":0,"parent":0,"menu_order":0,"comment_status":"closed","ping_status":"closed","template":"","meta":{"footnotes":""},"class_list":["post-10","page","type-page","status-publish","hentry"],"yoast_head":"<!-- This site is optimized with the Yoast SEO Premium plugin v21.9 (Yoast SEO v27.0) - https:\/\/yoast.com\/product\/yoast-seo-premium-wordpress\/ -->\n<title>Restituzioni e rimborsi - Cozy &amp; Dozy<\/title>\n<meta name=\"robots\" content=\"index, follow, max-snippet:-1, max-image-preview:large, max-video-preview:-1\" \/>\n<link rel=\"canonical\" href=\"https:\/\/cozyanddozy.com\/it\/ritorna\/\" \/>\n<meta property=\"og:locale\" content=\"it_IT\" \/>\n<meta property=\"og:type\" content=\"article\" \/>\n<meta property=\"og:title\" content=\"Restituzioni e rimborsi\" \/>\n<meta property=\"og:description\" content=\"Politica di restituzione e rimborso Estratto del regolamento: Il Cliente che sia anche un consumatore che abbia concluso un Contratto di vendita o un Contratto per la fornitura di un servizio elettronico pu\u00f2 recedere dallo stesso senza indicarne le ragioni, rilasciando una dichiarazione scritta entro 14 (quattordici) giorni. L&#8217;invio di una dichiarazione prima della scadenza [...]\" \/>\n<meta property=\"og:url\" content=\"https:\/\/cozyanddozy.com\/it\/ritorna\/\" \/>\n<meta property=\"og:site_name\" content=\"Cozy &amp; Dozy\" \/>\n<meta property=\"article:modified_time\" content=\"2023-03-22T16:19:41+00:00\" \/>\n<meta name=\"twitter:card\" content=\"summary_large_image\" \/>\n<meta name=\"twitter:label1\" content=\"Tempo di lettura stimato\" \/>\n\t<meta name=\"twitter:data1\" content=\"2 minuti\" \/>\n<script type=\"application\/ld+json\" class=\"yoast-schema-graph\">{\"@context\":\"https:\/\/schema.org\",\"@graph\":[{\"@type\":\"WebPage\",\"@id\":\"https:\/\/cozyanddozy.com\/it\/ritorna\/\",\"url\":\"https:\/\/cozyanddozy.com\/it\/ritorna\/\",\"name\":\"Restituzioni e rimborsi - Cozy &amp; Dozy\",\"isPartOf\":{\"@id\":\"https:\/\/cozyanddozy.com\/it\/#website\"},\"datePublished\":\"2023-02-13T19:18:33+00:00\",\"dateModified\":\"2023-03-22T16:19:41+00:00\",\"breadcrumb\":{\"@id\":\"https:\/\/cozyanddozy.com\/it\/ritorna\/#breadcrumb\"},\"inLanguage\":\"it-IT\",\"potentialAction\":[{\"@type\":\"ReadAction\",\"target\":[\"https:\/\/cozyanddozy.com\/it\/ritorna\/\"]}]},{\"@type\":\"BreadcrumbList\",\"@id\":\"https:\/\/cozyanddozy.com\/it\/ritorna\/#breadcrumb\",\"itemListElement\":[{\"@type\":\"ListItem\",\"position\":1,\"name\":\"Home\",\"item\":\"https:\/\/cozyanddozy.com\/it\/\"},{\"@type\":\"ListItem\",\"position\":2,\"name\":\"Restituzioni e rimborsi\"}]},{\"@type\":\"WebSite\",\"@id\":\"https:\/\/cozyanddozy.com\/it\/#website\",\"url\":\"https:\/\/cozyanddozy.com\/it\/\",\"name\":\"Cozy & Dozy\",\"description\":\"\",\"potentialAction\":[{\"@type\":\"SearchAction\",\"target\":{\"@type\":\"EntryPoint\",\"urlTemplate\":\"https:\/\/cozyanddozy.com\/it\/?s={search_term_string}\"},\"query-input\":{\"@type\":\"PropertyValueSpecification\",\"valueRequired\":true,\"valueName\":\"search_term_string\"}}],\"inLanguage\":\"it-IT\"}]}<\/script>\n<!-- \/ Yoast SEO Premium plugin. -->","yoast_head_json":{"title":"Restituzioni e rimborsi - Cozy &amp; Dozy","robots":{"index":"index","follow":"follow","max-snippet":"max-snippet:-1","max-image-preview":"max-image-preview:large","max-video-preview":"max-video-preview:-1"},"canonical":"https:\/\/cozyanddozy.com\/it\/ritorna\/","og_locale":"it_IT","og_type":"article","og_title":"Restituzioni e rimborsi","og_description":"Politica di restituzione e rimborso Estratto del regolamento: Il Cliente che sia anche un consumatore che abbia concluso un Contratto di vendita o un Contratto per la fornitura di un servizio elettronico pu\u00f2 recedere dallo stesso senza indicarne le ragioni, rilasciando una dichiarazione scritta entro 14 (quattordici) giorni. L&#8217;invio di una dichiarazione prima della scadenza [...]","og_url":"https:\/\/cozyanddozy.com\/it\/ritorna\/","og_site_name":"Cozy &amp; Dozy","article_modified_time":"2023-03-22T16:19:41+00:00","twitter_card":"summary_large_image","twitter_misc":{"Tempo di lettura stimato":"2 minuti"},"schema":{"@context":"https:\/\/schema.org","@graph":[{"@type":"WebPage","@id":"https:\/\/cozyanddozy.com\/it\/ritorna\/","url":"https:\/\/cozyanddozy.com\/it\/ritorna\/","name":"Restituzioni e rimborsi - Cozy &amp; Dozy","isPartOf":{"@id":"https:\/\/cozyanddozy.com\/it\/#website"},"datePublished":"2023-02-13T19:18:33+00:00","dateModified":"2023-03-22T16:19:41+00:00","breadcrumb":{"@id":"https:\/\/cozyanddozy.com\/it\/ritorna\/#breadcrumb"},"inLanguage":"it-IT","potentialAction":[{"@type":"ReadAction","target":["https:\/\/cozyanddozy.com\/it\/ritorna\/"]}]},{"@type":"BreadcrumbList","@id":"https:\/\/cozyanddozy.com\/it\/ritorna\/#breadcrumb","itemListElement":[{"@type":"ListItem","position":1,"name":"Home","item":"https:\/\/cozyanddozy.com\/it\/"},{"@type":"ListItem","position":2,"name":"Restituzioni e rimborsi"}]},{"@type":"WebSite","@id":"https:\/\/cozyanddozy.com\/it\/#website","url":"https:\/\/cozyanddozy.com\/it\/","name":"Cozy & Dozy","description":"","potentialAction":[{"@type":"SearchAction","target":{"@type":"EntryPoint","urlTemplate":"https:\/\/cozyanddozy.com\/it\/?s={search_term_string}"},"query-input":{"@type":"PropertyValueSpecification","valueRequired":true,"valueName":"search_term_string"}}],"inLanguage":"it-IT"}]}},"_links":{"self":[{"href":"https:\/\/cozyanddozy.com\/it\/wp-json\/wp\/v2\/pages\/10","targetHints":{"allow":["GET"]}}],"collection":[{"href":"https:\/\/cozyanddozy.com\/it\/wp-json\/wp\/v2\/pages"}],"about":[{"href":"https:\/\/cozyanddozy.com\/it\/wp-json\/wp\/v2\/types\/page"}],"author":[{"embeddable":true,"href":"https:\/\/cozyanddozy.com\/it\/wp-json\/wp\/v2\/users\/1"}],"replies":[{"embeddable":true,"href":"https:\/\/cozyanddozy.com\/it\/wp-json\/wp\/v2\/comments?post=10"}],"version-history":[{"count":3,"href":"https:\/\/cozyanddozy.com\/it\/wp-json\/wp\/v2\/pages\/10\/revisions"}],"predecessor-version":[{"id":1520,"href":"https:\/\/cozyanddozy.com\/it\/wp-json\/wp\/v2\/pages\/10\/revisions\/1520"}],"wp:attachment":[{"href":"https:\/\/cozyanddozy.com\/it\/wp-json\/wp\/v2\/media?parent=10"}],"curies":[{"name":"wp","href":"https:\/\/api.w.org\/{rel}","templated":true}]}}