{"id":979,"date":"2022-08-03T12:42:13","date_gmt":"2022-08-03T11:42:13","guid":{"rendered":"https:\/\/cozyanddozy.com\/fr\/product\/tipi-tent-grey-velvet-set-with-mat-and-pillows\/"},"modified":"2025-01-29T22:18:10","modified_gmt":"2025-01-29T21:18:10","slug":"tipi-enfant-grey-velvet-tente-de-jeu-avec-tapis-moelleux-et-oreiller","status":"publish","type":"product","link":"https:\/\/cozyanddozy.com\/fr\/produit\/tipi-enfant-grey-velvet-tente-de-jeu-avec-tapis-moelleux-et-oreiller\/","title":{"rendered":"Tipi enfant Grey Velvet, tente de jeu avec tapis moelleux et oreiller"},"content":{"rendered":"<p><img decoding=\"async\" class=\"alignright\" src=\"https:\/\/cozyanddozy.com\/fr\/wp-content\/uploads\/2023\/02\/teepee-grey-velvet-set.jpg\" alt=\"\" width=\"600\" height=\"1200\" \/><\/p>\n<p>La tente de jeu de la s\u00e9rie Velvet est un tipi de couleur verte avec des coussins d\u00e9coratifs. La tente tipi est faite de toile solide et est d\u00e9cor\u00e9e de pompons honig. Une tente est un endroit id\u00e9al pour jouer \u00e0 la maison, sur la terrasse ou dans le jardin.<\/p>\n<p>Le tipi de jeu a une fen\u00eatre avec un store \u00e0 enroulement et deux poches pour les jouets. Tipi Velvet Grey pour enfants est livr\u00e9e avec un tapis moelleux et des oreillers en forme d\u2019\u00e9toiles.<\/p>\n<p>La tente tipi est un endroit id\u00e9al pour jouer et un coin confortable pour se reposer. Wigwam a \u00e9t\u00e9 con\u00e7u pour plaire aux yeux pendant longtemps et assurer un plaisir en toute s\u00e9curit\u00e9.<\/p>\n<p>Tipi a 4 c\u00f4t\u00e9s \u2013 aire de jeu env. 1 m2, hauteur d\u00e9pli\u00e9e env. 150cm.<\/p>\n<p>Chaque tente est livr\u00e9e avec des poteaux en pin pliables et un stabilisateur qui maintient les poteaux de mani\u00e8re rigide pour assurer la stabilit\u00e9 de la tente.<\/p>\n<p>Tous les produits COZY &amp; DOZY ont \u00e9t\u00e9 con\u00e7us et fabriqu\u00e9s en Pologne et ont des d\u00e9clarations CE pour les produits pour enfants.<\/p>\n<p><b>Le kit comprend<\/b> :<\/p>\n<ul>\n<li>tente tipi<\/li>\n<li>tapis doux<\/li>\n<li>oreillers deux \u00e9toiles<\/li>\n<li>4 b\u00e2tons de pin pliants (8 moiti\u00e9s) + \u00e9l\u00e9ments pour relier les b\u00e2tons (8 vis et 4 \u00e9crous longs)<\/li>\n<li>Instruction<\/li>\n<li>stabilisateur + ficelle<\/li>\n<\/ul>\n<p>Mat\u00e9riaux:<\/p>\n<ul>\n<li>coton, velvet avec certificat<\/li>\n<\/ul>\n<p>M\u00e9thode de soin :<\/p>\n<ul>\n<li>Lavable en machine \u00e0 40 degr\u00e9s,<\/li>\n<li>Spin \u2013 800 tours<\/li>\n<li>Ne pas nettoyer \u00e0 sec<\/li>\n<li>Ne pas javelliser<\/li>\n<\/ul>\n<p>&nbsp;<\/p>\n","protected":false},"excerpt":{"rendered":"<p>Le tipi de jeu a une fen\u00eatre avec un store \u00e0 enroulement et deux poches pour les jouets. Ensemble avec oreillers et tapis moelleux.<\/p>\n","protected":false},"featured_media":826,"comment_status":"open","ping_status":"closed","template":"","meta":[],"product_brand":[],"product_cat":[16],"product_tag":[],"class_list":{"0":"post-979","1":"product","2":"type-product","3":"status-publish","4":"has-post-thumbnail","6":"product_cat-tentes-tipi","7":"pa_model-velvet-gray","9":"first","10":"instock","11":"sale","12":"product-type-simple"},"yoast_head":"<!-- This site is optimized with the Yoast SEO Premium plugin v21.9 (Yoast SEO v27.0) - https:\/\/yoast.com\/product\/yoast-seo-premium-wordpress\/ -->\n<title>Tipi enfant Grey Velvet, tente de jeu avec tapis moelleux et oreiller - Cozy &amp; Dozy<\/title>\n<meta name=\"description\" content=\"Le tipi de jeu a une fen\u00eatre avec un store \u00e0 enroulement et deux poches pour les jouets. Ensemble avec oreillers et tapis moelleux.\" \/>\n<meta name=\"robots\" content=\"index, follow, max-snippet:-1, max-image-preview:large, max-video-preview:-1\" \/>\n<link rel=\"canonical\" href=\"https:\/\/cozyanddozy.com\/fr\/produit\/tipi-enfant-grey-velvet-tente-de-jeu-avec-tapis-moelleux-et-oreiller\/\" \/>\n<meta property=\"og:locale\" content=\"fr_FR\" \/>\n<meta property=\"og:type\" content=\"article\" \/>\n<meta property=\"og:title\" content=\"Tipi enfant Grey Velvet, tente de jeu avec tapis moelleux et oreiller\" \/>\n<meta property=\"og:description\" content=\"Le tipi de jeu a une fen\u00eatre avec un store \u00e0 enroulement et deux poches pour les jouets. Ensemble avec oreillers et tapis moelleux.\" \/>\n<meta property=\"og:url\" content=\"https:\/\/cozyanddozy.com\/fr\/produit\/tipi-enfant-grey-velvet-tente-de-jeu-avec-tapis-moelleux-et-oreiller\/\" \/>\n<meta property=\"og:site_name\" content=\"Cozy &amp; Dozy\" \/>\n<meta property=\"article:publisher\" content=\"https:\/\/www.facebook.com\/cozyanddozyshop\" \/>\n<meta property=\"article:modified_time\" content=\"2025-01-29T21:18:10+00:00\" \/>\n<meta property=\"og:image\" content=\"https:\/\/cozyanddozy.com\/fr\/wp-content\/uploads\/2023\/02\/teepee-velvet-grey.jpg\" \/>\n\t<meta property=\"og:image:width\" content=\"1200\" \/>\n\t<meta property=\"og:image:height\" content=\"1200\" \/>\n\t<meta property=\"og:image:type\" content=\"image\/jpeg\" \/>\n<meta name=\"twitter:card\" content=\"summary_large_image\" \/>\n<meta name=\"twitter:label1\" content=\"Prix\" \/>\n\t<meta name=\"twitter:data1\" content=\"139,00&nbsp;&euro;\" \/>\n\t<meta name=\"twitter:label2\" content=\"Disponibilit\u00e9\" \/>\n\t<meta name=\"twitter:data2\" content=\"En stock\" \/>\n<script type=\"application\/ld+json\" class=\"yoast-schema-graph\">{\"@context\":\"https:\/\/schema.org\",\"@graph\":[{\"@type\":\"WebPage\",\"@id\":\"https:\/\/cozyanddozy.com\/fr\/produit\/tipi-enfant-grey-velvet-tente-de-jeu-avec-tapis-moelleux-et-oreiller\/\",\"url\":\"https:\/\/cozyanddozy.com\/fr\/produit\/tipi-enfant-grey-velvet-tente-de-jeu-avec-tapis-moelleux-et-oreiller\/\",\"name\":\"Tipi enfant Grey Velvet, tente de jeu avec tapis moelleux et oreiller - Cozy & Dozy\",\"isPartOf\":{\"@id\":\"https:\/\/cozyanddozy.com\/fr\/#website\"},\"primaryImageOfPage\":{\"@id\":\"https:\/\/cozyanddozy.com\/fr\/produit\/tipi-enfant-grey-velvet-tente-de-jeu-avec-tapis-moelleux-et-oreiller\/#primaryimage\"},\"image\":{\"@id\":\"https:\/\/cozyanddozy.com\/fr\/produit\/tipi-enfant-grey-velvet-tente-de-jeu-avec-tapis-moelleux-et-oreiller\/#primaryimage\"},\"thumbnailUrl\":\"https:\/\/cozyanddozy.com\/fr\/wp-content\/uploads\/2023\/02\/teepee-velvet-grey.jpg\",\"datePublished\":\"2022-08-03T11:42:13+00:00\",\"dateModified\":\"2025-01-29T21:18:10+00:00\",\"description\":\"Le tipi de jeu a une fen\u00eatre avec un store \u00e0 enroulement et deux poches pour les jouets. Ensemble avec oreillers et tapis moelleux.\",\"breadcrumb\":{\"@id\":\"https:\/\/cozyanddozy.com\/fr\/produit\/tipi-enfant-grey-velvet-tente-de-jeu-avec-tapis-moelleux-et-oreiller\/#breadcrumb\"},\"inLanguage\":\"fr-FR\",\"potentialAction\":[{\"@type\":\"ReadAction\",\"target\":[\"https:\/\/cozyanddozy.com\/fr\/produit\/tipi-enfant-grey-velvet-tente-de-jeu-avec-tapis-moelleux-et-oreiller\/\"]}]},{\"@type\":\"ImageObject\",\"inLanguage\":\"fr-FR\",\"@id\":\"https:\/\/cozyanddozy.com\/fr\/produit\/tipi-enfant-grey-velvet-tente-de-jeu-avec-tapis-moelleux-et-oreiller\/#primaryimage\",\"url\":\"https:\/\/cozyanddozy.com\/fr\/wp-content\/uploads\/2023\/02\/teepee-velvet-grey.jpg\",\"contentUrl\":\"https:\/\/cozyanddozy.com\/fr\/wp-content\/uploads\/2023\/02\/teepee-velvet-grey.jpg\",\"width\":1200,\"height\":1200},{\"@type\":\"BreadcrumbList\",\"@id\":\"https:\/\/cozyanddozy.com\/fr\/produit\/tipi-enfant-grey-velvet-tente-de-jeu-avec-tapis-moelleux-et-oreiller\/#breadcrumb\",\"itemListElement\":[{\"@type\":\"ListItem\",\"position\":1,\"name\":\"Home\",\"item\":\"https:\/\/cozyanddozy.com\/fr\/\"},{\"@type\":\"ListItem\",\"position\":2,\"name\":\"Boutique\",\"item\":\"https:\/\/cozyanddozy.com\/fr\/boutique\/\"},{\"@type\":\"ListItem\",\"position\":3,\"name\":\"Tipi enfant Grey Velvet, tente de jeu avec tapis moelleux et oreiller\"}]},{\"@type\":\"WebSite\",\"@id\":\"https:\/\/cozyanddozy.com\/fr\/#website\",\"url\":\"https:\/\/cozyanddozy.com\/fr\/\",\"name\":\"Cozy & Dozy\",\"description\":\"\",\"publisher\":{\"@id\":\"https:\/\/cozyanddozy.com\/fr\/#organization\"},\"alternateName\":\"Cozy and Dozy\",\"potentialAction\":[{\"@type\":\"SearchAction\",\"target\":{\"@type\":\"EntryPoint\",\"urlTemplate\":\"https:\/\/cozyanddozy.com\/fr\/?s={search_term_string}\"},\"query-input\":{\"@type\":\"PropertyValueSpecification\",\"valueRequired\":true,\"valueName\":\"search_term_string\"}}],\"inLanguage\":\"fr-FR\"},{\"@type\":\"Organization\",\"@id\":\"https:\/\/cozyanddozy.com\/fr\/#organization\",\"name\":\"Cozy & Dozy\",\"url\":\"https:\/\/cozyanddozy.com\/fr\/\",\"logo\":{\"@type\":\"ImageObject\",\"inLanguage\":\"fr-FR\",\"@id\":\"https:\/\/cozyanddozy.com\/fr\/#\/schema\/logo\/image\/\",\"url\":\"https:\/\/cozyanddozy.com\/fr\/wp-content\/uploads\/2023\/02\/cozyanddozy_logo_b.png\",\"contentUrl\":\"https:\/\/cozyanddozy.com\/fr\/wp-content\/uploads\/2023\/02\/cozyanddozy_logo_b.png\",\"width\":314,\"height\":85,\"caption\":\"Cozy & Dozy\"},\"image\":{\"@id\":\"https:\/\/cozyanddozy.com\/fr\/#\/schema\/logo\/image\/\"},\"sameAs\":[\"https:\/\/www.facebook.com\/cozyanddozyshop\",\"https:\/\/www.instagram.com\/cozyanddozy\/\"]}]}<\/script>\n<meta property=\"product:price:amount\" content=\"139.00\" \/>\n<meta property=\"product:price:currency\" content=\"EUR\" \/>\n<meta property=\"og:availability\" content=\"instock\" \/>\n<meta property=\"product:availability\" content=\"instock\" \/>\n<meta property=\"product:retailer_item_id\" content=\"5902701496920\" \/>\n<meta property=\"product:condition\" content=\"new\" \/>\n<!-- \/ Yoast SEO Premium plugin. -->","yoast_head_json":{"title":"Tipi enfant Grey Velvet, tente de jeu avec tapis moelleux et oreiller - Cozy & Dozy","description":"Le tipi de jeu a une fen\u00eatre avec un store \u00e0 enroulement et deux poches pour les jouets. Ensemble avec oreillers et tapis moelleux.","robots":{"index":"index","follow":"follow","max-snippet":"max-snippet:-1","max-image-preview":"max-image-preview:large","max-video-preview":"max-video-preview:-1"},"canonical":"https:\/\/cozyanddozy.com\/fr\/produit\/tipi-enfant-grey-velvet-tente-de-jeu-avec-tapis-moelleux-et-oreiller\/","og_locale":"fr_FR","og_type":"article","og_title":"Tipi enfant Grey Velvet, tente de jeu avec tapis moelleux et oreiller","og_description":"Le tipi de jeu a une fen\u00eatre avec un store \u00e0 enroulement et deux poches pour les jouets. Ensemble avec oreillers et tapis moelleux.","og_url":"https:\/\/cozyanddozy.com\/fr\/produit\/tipi-enfant-grey-velvet-tente-de-jeu-avec-tapis-moelleux-et-oreiller\/","og_site_name":"Cozy &amp; Dozy","article_publisher":"https:\/\/www.facebook.com\/cozyanddozyshop","article_modified_time":"2025-01-29T21:18:10+00:00","og_image":[{"width":1200,"height":1200,"url":"https:\/\/cozyanddozy.com\/fr\/wp-content\/uploads\/2023\/02\/teepee-velvet-grey.jpg","type":"image\/jpeg"}],"twitter_card":"summary_large_image","twitter_misc":{"Prix":"139,00&nbsp;&euro;","Disponibilit\u00e9":"En stock"},"schema":{"@context":"https:\/\/schema.org","@graph":[{"@type":"WebPage","@id":"https:\/\/cozyanddozy.com\/fr\/produit\/tipi-enfant-grey-velvet-tente-de-jeu-avec-tapis-moelleux-et-oreiller\/","url":"https:\/\/cozyanddozy.com\/fr\/produit\/tipi-enfant-grey-velvet-tente-de-jeu-avec-tapis-moelleux-et-oreiller\/","name":"Tipi enfant Grey Velvet, tente de jeu avec tapis moelleux et oreiller - Cozy & Dozy","isPartOf":{"@id":"https:\/\/cozyanddozy.com\/fr\/#website"},"primaryImageOfPage":{"@id":"https:\/\/cozyanddozy.com\/fr\/produit\/tipi-enfant-grey-velvet-tente-de-jeu-avec-tapis-moelleux-et-oreiller\/#primaryimage"},"image":{"@id":"https:\/\/cozyanddozy.com\/fr\/produit\/tipi-enfant-grey-velvet-tente-de-jeu-avec-tapis-moelleux-et-oreiller\/#primaryimage"},"thumbnailUrl":"https:\/\/cozyanddozy.com\/fr\/wp-content\/uploads\/2023\/02\/teepee-velvet-grey.jpg","datePublished":"2022-08-03T11:42:13+00:00","dateModified":"2025-01-29T21:18:10+00:00","description":"Le tipi de jeu a une fen\u00eatre avec un store \u00e0 enroulement et deux poches pour les jouets. Ensemble avec oreillers et tapis moelleux.","breadcrumb":{"@id":"https:\/\/cozyanddozy.com\/fr\/produit\/tipi-enfant-grey-velvet-tente-de-jeu-avec-tapis-moelleux-et-oreiller\/#breadcrumb"},"inLanguage":"fr-FR","potentialAction":[{"@type":"ReadAction","target":["https:\/\/cozyanddozy.com\/fr\/produit\/tipi-enfant-grey-velvet-tente-de-jeu-avec-tapis-moelleux-et-oreiller\/"]}]},{"@type":"ImageObject","inLanguage":"fr-FR","@id":"https:\/\/cozyanddozy.com\/fr\/produit\/tipi-enfant-grey-velvet-tente-de-jeu-avec-tapis-moelleux-et-oreiller\/#primaryimage","url":"https:\/\/cozyanddozy.com\/fr\/wp-content\/uploads\/2023\/02\/teepee-velvet-grey.jpg","contentUrl":"https:\/\/cozyanddozy.com\/fr\/wp-content\/uploads\/2023\/02\/teepee-velvet-grey.jpg","width":1200,"height":1200},{"@type":"BreadcrumbList","@id":"https:\/\/cozyanddozy.com\/fr\/produit\/tipi-enfant-grey-velvet-tente-de-jeu-avec-tapis-moelleux-et-oreiller\/#breadcrumb","itemListElement":[{"@type":"ListItem","position":1,"name":"Home","item":"https:\/\/cozyanddozy.com\/fr\/"},{"@type":"ListItem","position":2,"name":"Boutique","item":"https:\/\/cozyanddozy.com\/fr\/boutique\/"},{"@type":"ListItem","position":3,"name":"Tipi enfant Grey Velvet, tente de jeu avec tapis moelleux et oreiller"}]},{"@type":"WebSite","@id":"https:\/\/cozyanddozy.com\/fr\/#website","url":"https:\/\/cozyanddozy.com\/fr\/","name":"Cozy & Dozy","description":"","publisher":{"@id":"https:\/\/cozyanddozy.com\/fr\/#organization"},"alternateName":"Cozy and Dozy","potentialAction":[{"@type":"SearchAction","target":{"@type":"EntryPoint","urlTemplate":"https:\/\/cozyanddozy.com\/fr\/?s={search_term_string}"},"query-input":{"@type":"PropertyValueSpecification","valueRequired":true,"valueName":"search_term_string"}}],"inLanguage":"fr-FR"},{"@type":"Organization","@id":"https:\/\/cozyanddozy.com\/fr\/#organization","name":"Cozy & Dozy","url":"https:\/\/cozyanddozy.com\/fr\/","logo":{"@type":"ImageObject","inLanguage":"fr-FR","@id":"https:\/\/cozyanddozy.com\/fr\/#\/schema\/logo\/image\/","url":"https:\/\/cozyanddozy.com\/fr\/wp-content\/uploads\/2023\/02\/cozyanddozy_logo_b.png","contentUrl":"https:\/\/cozyanddozy.com\/fr\/wp-content\/uploads\/2023\/02\/cozyanddozy_logo_b.png","width":314,"height":85,"caption":"Cozy & Dozy"},"image":{"@id":"https:\/\/cozyanddozy.com\/fr\/#\/schema\/logo\/image\/"},"sameAs":["https:\/\/www.facebook.com\/cozyanddozyshop","https:\/\/www.instagram.com\/cozyanddozy\/"]}]},"product_price_amount":"139.00","product_price_currency":"EUR","og_availability":"instock","product_availability":"instock","product_retailer_item_id":"5902701496920","product_condition":"new"},"_links":{"self":[{"href":"https:\/\/cozyanddozy.com\/fr\/wp-json\/wp\/v2\/product\/979","targetHints":{"allow":["GET"]}}],"collection":[{"href":"https:\/\/cozyanddozy.com\/fr\/wp-json\/wp\/v2\/product"}],"about":[{"href":"https:\/\/cozyanddozy.com\/fr\/wp-json\/wp\/v2\/types\/product"}],"replies":[{"embeddable":true,"href":"https:\/\/cozyanddozy.com\/fr\/wp-json\/wp\/v2\/comments?post=979"}],"wp:featuredmedia":[{"embeddable":true,"href":"https:\/\/cozyanddozy.com\/fr\/wp-json\/wp\/v2\/media\/826"}],"wp:attachment":[{"href":"https:\/\/cozyanddozy.com\/fr\/wp-json\/wp\/v2\/media?parent=979"}],"wp:term":[{"taxonomy":"product_brand","embeddable":true,"href":"https:\/\/cozyanddozy.com\/fr\/wp-json\/wp\/v2\/product_brand?post=979"},{"taxonomy":"product_cat","embeddable":true,"href":"https:\/\/cozyanddozy.com\/fr\/wp-json\/wp\/v2\/product_cat?post=979"},{"taxonomy":"product_tag","embeddable":true,"href":"https:\/\/cozyanddozy.com\/fr\/wp-json\/wp\/v2\/product_tag?post=979"}],"curies":[{"name":"wp","href":"https:\/\/api.w.org\/{rel}","templated":true}]}}