{"id":972,"date":"2022-06-20T21:18:01","date_gmt":"2022-06-20T20:18:01","guid":{"rendered":"https:\/\/cozyanddozy.com\/fr\/product\/water-resistant-tipi-tent-outdoor-tipi-blue\/"},"modified":"2024-01-23T11:51:48","modified_gmt":"2024-01-23T10:51:48","slug":"tente-tipi-pour-la-maison-et-le-jardin-blue-tente-impermeable-garden-tapis-doux-2","status":"publish","type":"product","link":"https:\/\/cozyanddozy.com\/fr\/produit\/tente-tipi-pour-la-maison-et-le-jardin-blue-tente-impermeable-garden-tapis-doux-2\/","title":{"rendered":"Tente tipi pour la maison et le jardin Blue, Tente imperm\u00e9able Garden + tapis doux"},"content":{"rendered":"<p><img decoding=\"async\" class=\"alignright\" src=\"https:\/\/cozyanddozy.com\/fr\/wp-content\/uploads\/2023\/02\/light-blue-garden.jpg\" alt=\"\" width=\"600\" \/><\/p>\n<p style=\"text-align: left;\"><b>Tente tipi pour la maison et le jardin, t<\/b><b>ente imperm\u00e9able Garden Cozy &amp; Dozy<\/b><\/p>\n<p>La tente de jardin est fabriqu\u00e9e en tissu PREMIUM imperm\u00e9able, gr\u00e2ce auquel elle n\u2019absorbe pas l\u2019eau et convient pour jouer dans la cour.<\/p>\n<p>Tipi tente ext\u00e9rieure est facile \u00e0 nettoyer. <b>La tente tipi de jeu pour enfants a quatre c\u00f4t\u00e9s et un sol imperm\u00e9able cousu, un tapis doux, des drapeaux d\u00e9coratifs, des b\u00e2tons de pin pliants, un stabilisateur pour la tente, une poche \u00e0 jouets et deux fen\u00eatres qui s\u2019ouvrent avec un store.<\/b><\/p>\n<p>Tous les \u00e9l\u00e9ments en tissu sont lavables en machine. Une tente pour enfants est facile \u00e0 plier et ne prend pas beaucoup de place.<\/p>\n<p><b>Con\u00e7u et fabriqu\u00e9 en Europe<\/b><\/p>\n<p>Tous les mod\u00e8les sont con\u00e7us par nos soins et nous vous donnons la garantie d\u2019obtenir un produit unique et de la meilleure qualit\u00e9. Les tentes Tipi sont cr\u00e9\u00e9es selon une m\u00e9thode artisanale, \u00e0 partir de tissus sans danger pour les enfants d\u2019Europe et ayant des certificats de qualit\u00e9.<\/p>\n<p>Tipi disponible en diff\u00e9rentes couleurs.<\/p>\n<p><b>Pr\u00e9parez-vous \u00e0 vous amuser<\/b><\/p>\n<p><b>Le tipi de cette taille peut accueillir 2-3 enfants.<\/b> Il est l\u00e9ger et donc facile \u00e0 transporter. Il peut \u00eatre rang\u00e9 dans un sac sp\u00e9cial avec une poign\u00e9e (non inclus dans l\u2019ensemble)<\/p>\n<p>Les tissus \u00e0 partir desquels nos tentes tipi sont fabriqu\u00e9es sont certifi\u00e9s et proviennent uniquement de pays europ\u00e9ens, ce qui les rend sans danger pour les enfants.<\/p>\n<p><b>Tous les produits Cozy &amp; Dozy sont con\u00e7us et cousus en Pologne.<\/b><\/p>\n<p><b>L\u2019ensemble Garden Tipi de Cozy &amp; Dozy comprend:<\/b><\/p>\n<ul>\n<li><b>Tipi<\/b> (couleurs au choix)<\/li>\n<li>tapis doux,<\/li>\n<li>drapeaux d\u00e9coratifs<\/li>\n<li>4 b\u00e2tons en bois de pin naturel (cadre)<\/li>\n<li><b>stabilisateur <\/b>(emp\u00eache le cadre de bouger)<\/li>\n<\/ul>\n<table cellspacing=\"0\" cellpadding=\"0\">\n<tbody>\n<tr>\n<td valign=\"top\"><b>POIDS<\/b><\/td>\n<td valign=\"top\">2 kg<\/td>\n<\/tr>\n<tr>\n<td valign=\"top\"><b>HAUTEUR (AVEC POTEAUX) APR\u00c8S D\u00c9PLIAGE<\/b><\/td>\n<td valign=\"top\">150 cm<\/td>\n<\/tr>\n<tr>\n<td valign=\"top\"><b>HAUTEUR (AVEC POTEAUX) APR\u00c8S PLIAGE<\/b><\/td>\n<td valign=\"top\">170 cm<\/td>\n<\/tr>\n<tr>\n<td valign=\"top\"><b>SURFACE AU SOL<\/b><\/td>\n<td valign=\"top\">110 x 110 cm<\/td>\n<\/tr>\n<tr>\n<td valign=\"top\"><b>TISSU<\/b><\/td>\n<td valign=\"top\">100% Polyester 180g\/m2, s<span style=\"color: #555555; font-family: inherit; font-size: inherit;\">ans danger pour les enfants, tissus certifi\u00e9s<\/span><\/td>\n<\/tr>\n<tr>\n<td valign=\"top\"><b>CADRE<\/b><\/td>\n<td valign=\"top\">B\u00e2tons en bois de pin \/ attaches en m\u00e9tal<\/td>\n<\/tr>\n<tr>\n<td valign=\"top\"><b>CONSIGNES DE LAVAGE<\/b><\/td>\n<td valign=\"top\">Cycle froid d\u00e9licat, ne pas javelliser, ne pas tremper, ne pas frotter, ne pas essorer, repasser sur l&#8217;envers<\/td>\n<\/tr>\n<tr>\n<td valign=\"top\"><b>TEMPS D&#8217;ASSEMBLAGE<\/b><\/td>\n<td valign=\"top\">5 min<\/td>\n<\/tr>\n<tr>\n<td valign=\"top\"><b>COULEUR<\/b><\/td>\n<td valign=\"top\">FOREST, STONE, NAVY, SAND, HONEY, BLUE, PINK, EMERALD, PINE<\/td>\n<\/tr>\n<\/tbody>\n<\/table>\n","protected":false},"excerpt":{"rendered":"<p>Tente tipi r\u00e9sistante \u00e0 l\u2019eau pour jouer dans un ensemble avec une\u00a0drapeaux d\u00e9coratifs,\u00a0tapis doux, des b\u00e2tons et un\u00a0stabilisateur de tente.<\/p>\n","protected":false},"featured_media":969,"comment_status":"open","ping_status":"closed","template":"","meta":[],"product_brand":[],"product_cat":[16],"product_tag":[],"class_list":{"0":"post-972","1":"product","2":"type-product","3":"status-publish","4":"has-post-thumbnail","6":"product_cat-tentes-tipi","8":"first","9":"instock","10":"sale","11":"product-type-simple"},"yoast_head":"<!-- This site is optimized with the Yoast SEO Premium plugin v21.9 (Yoast SEO v27.0) - https:\/\/yoast.com\/product\/yoast-seo-premium-wordpress\/ -->\n<title>Tente tipi pour la maison et le jardin Blue, Tente imperm\u00e9able Garden + tapis doux - Cozy &amp; Dozy<\/title>\n<meta name=\"description\" content=\"Tente tipi r\u00e9sistante \u00e0 l\u2019eau pour jouer dans un ensemble avec une\u00a0drapeaux d\u00e9coratifs,\u00a0tapis doux, des b\u00e2tons et un\u00a0stabilisateur de tente.\" \/>\n<meta name=\"robots\" content=\"index, follow, max-snippet:-1, max-image-preview:large, max-video-preview:-1\" \/>\n<link rel=\"canonical\" href=\"https:\/\/cozyanddozy.com\/fr\/produit\/tente-tipi-pour-la-maison-et-le-jardin-blue-tente-impermeable-garden-tapis-doux-2\/\" \/>\n<meta property=\"og:locale\" content=\"fr_FR\" \/>\n<meta property=\"og:type\" content=\"article\" \/>\n<meta property=\"og:title\" content=\"Tente tipi pour la maison et le jardin Blue, Tente imperm\u00e9able Garden + tapis doux\" \/>\n<meta property=\"og:description\" content=\"Tente tipi r\u00e9sistante \u00e0 l\u2019eau pour jouer dans un ensemble avec une\u00a0drapeaux d\u00e9coratifs,\u00a0tapis doux, des b\u00e2tons et un\u00a0stabilisateur de tente.\" \/>\n<meta property=\"og:url\" content=\"https:\/\/cozyanddozy.com\/fr\/produit\/tente-tipi-pour-la-maison-et-le-jardin-blue-tente-impermeable-garden-tapis-doux-2\/\" \/>\n<meta property=\"og:site_name\" content=\"Cozy &amp; Dozy\" \/>\n<meta property=\"article:publisher\" content=\"https:\/\/www.facebook.com\/cozyanddozyshop\" \/>\n<meta property=\"article:modified_time\" content=\"2024-01-23T10:51:48+00:00\" \/>\n<meta property=\"og:image\" content=\"https:\/\/cozyanddozy.com\/fr\/wp-content\/uploads\/2023\/02\/blue-sky-tipi-outdoor.jpg\" \/>\n\t<meta property=\"og:image:width\" content=\"1200\" \/>\n\t<meta property=\"og:image:height\" content=\"1200\" \/>\n\t<meta property=\"og:image:type\" content=\"image\/jpeg\" \/>\n<meta name=\"twitter:card\" content=\"summary_large_image\" \/>\n<meta name=\"twitter:label1\" content=\"Prix\" \/>\n\t<meta name=\"twitter:data1\" content=\"107,10&nbsp;&euro;\" \/>\n\t<meta name=\"twitter:label2\" content=\"Disponibilit\u00e9\" \/>\n\t<meta name=\"twitter:data2\" content=\"En stock\" \/>\n<script type=\"application\/ld+json\" class=\"yoast-schema-graph\">{\"@context\":\"https:\/\/schema.org\",\"@graph\":[{\"@type\":\"WebPage\",\"@id\":\"https:\/\/cozyanddozy.com\/fr\/produit\/tente-tipi-pour-la-maison-et-le-jardin-blue-tente-impermeable-garden-tapis-doux-2\/\",\"url\":\"https:\/\/cozyanddozy.com\/fr\/produit\/tente-tipi-pour-la-maison-et-le-jardin-blue-tente-impermeable-garden-tapis-doux-2\/\",\"name\":\"Tente tipi pour la maison et le jardin Blue, Tente imperm\u00e9able Garden + tapis doux - Cozy & Dozy\",\"isPartOf\":{\"@id\":\"https:\/\/cozyanddozy.com\/fr\/#website\"},\"primaryImageOfPage\":{\"@id\":\"https:\/\/cozyanddozy.com\/fr\/produit\/tente-tipi-pour-la-maison-et-le-jardin-blue-tente-impermeable-garden-tapis-doux-2\/#primaryimage\"},\"image\":{\"@id\":\"https:\/\/cozyanddozy.com\/fr\/produit\/tente-tipi-pour-la-maison-et-le-jardin-blue-tente-impermeable-garden-tapis-doux-2\/#primaryimage\"},\"thumbnailUrl\":\"https:\/\/cozyanddozy.com\/fr\/wp-content\/uploads\/2023\/02\/blue-sky-tipi-outdoor.jpg\",\"datePublished\":\"2022-06-20T20:18:01+00:00\",\"dateModified\":\"2024-01-23T10:51:48+00:00\",\"description\":\"Tente tipi r\u00e9sistante \u00e0 l\u2019eau pour jouer dans un ensemble avec une\u00a0drapeaux d\u00e9coratifs,\u00a0tapis doux, des b\u00e2tons et un\u00a0stabilisateur de tente.\",\"breadcrumb\":{\"@id\":\"https:\/\/cozyanddozy.com\/fr\/produit\/tente-tipi-pour-la-maison-et-le-jardin-blue-tente-impermeable-garden-tapis-doux-2\/#breadcrumb\"},\"inLanguage\":\"fr-FR\",\"potentialAction\":[{\"@type\":\"ReadAction\",\"target\":[\"https:\/\/cozyanddozy.com\/fr\/produit\/tente-tipi-pour-la-maison-et-le-jardin-blue-tente-impermeable-garden-tapis-doux-2\/\"]}]},{\"@type\":\"ImageObject\",\"inLanguage\":\"fr-FR\",\"@id\":\"https:\/\/cozyanddozy.com\/fr\/produit\/tente-tipi-pour-la-maison-et-le-jardin-blue-tente-impermeable-garden-tapis-doux-2\/#primaryimage\",\"url\":\"https:\/\/cozyanddozy.com\/fr\/wp-content\/uploads\/2023\/02\/blue-sky-tipi-outdoor.jpg\",\"contentUrl\":\"https:\/\/cozyanddozy.com\/fr\/wp-content\/uploads\/2023\/02\/blue-sky-tipi-outdoor.jpg\",\"width\":1200,\"height\":1200},{\"@type\":\"BreadcrumbList\",\"@id\":\"https:\/\/cozyanddozy.com\/fr\/produit\/tente-tipi-pour-la-maison-et-le-jardin-blue-tente-impermeable-garden-tapis-doux-2\/#breadcrumb\",\"itemListElement\":[{\"@type\":\"ListItem\",\"position\":1,\"name\":\"Home\",\"item\":\"https:\/\/cozyanddozy.com\/fr\/\"},{\"@type\":\"ListItem\",\"position\":2,\"name\":\"Boutique\",\"item\":\"https:\/\/cozyanddozy.com\/fr\/boutique\/\"},{\"@type\":\"ListItem\",\"position\":3,\"name\":\"Tente tipi pour la maison et le jardin Blue, Tente imperm\u00e9able Garden + tapis doux\"}]},{\"@type\":\"WebSite\",\"@id\":\"https:\/\/cozyanddozy.com\/fr\/#website\",\"url\":\"https:\/\/cozyanddozy.com\/fr\/\",\"name\":\"Cozy & Dozy\",\"description\":\"\",\"publisher\":{\"@id\":\"https:\/\/cozyanddozy.com\/fr\/#organization\"},\"alternateName\":\"Cozy and Dozy\",\"potentialAction\":[{\"@type\":\"SearchAction\",\"target\":{\"@type\":\"EntryPoint\",\"urlTemplate\":\"https:\/\/cozyanddozy.com\/fr\/?s={search_term_string}\"},\"query-input\":{\"@type\":\"PropertyValueSpecification\",\"valueRequired\":true,\"valueName\":\"search_term_string\"}}],\"inLanguage\":\"fr-FR\"},{\"@type\":\"Organization\",\"@id\":\"https:\/\/cozyanddozy.com\/fr\/#organization\",\"name\":\"Cozy & Dozy\",\"url\":\"https:\/\/cozyanddozy.com\/fr\/\",\"logo\":{\"@type\":\"ImageObject\",\"inLanguage\":\"fr-FR\",\"@id\":\"https:\/\/cozyanddozy.com\/fr\/#\/schema\/logo\/image\/\",\"url\":\"https:\/\/cozyanddozy.com\/fr\/wp-content\/uploads\/2023\/02\/cozyanddozy_logo_b.png\",\"contentUrl\":\"https:\/\/cozyanddozy.com\/fr\/wp-content\/uploads\/2023\/02\/cozyanddozy_logo_b.png\",\"width\":314,\"height\":85,\"caption\":\"Cozy & Dozy\"},\"image\":{\"@id\":\"https:\/\/cozyanddozy.com\/fr\/#\/schema\/logo\/image\/\"},\"sameAs\":[\"https:\/\/www.facebook.com\/cozyanddozyshop\",\"https:\/\/www.instagram.com\/cozyanddozy\/\"]}]}<\/script>\n<meta property=\"product:price:amount\" content=\"107.10\" \/>\n<meta property=\"product:price:currency\" content=\"EUR\" \/>\n<meta property=\"og:availability\" content=\"instock\" \/>\n<meta property=\"product:availability\" content=\"instock\" \/>\n<meta property=\"product:retailer_item_id\" content=\"5902701496845\" \/>\n<meta property=\"product:condition\" content=\"new\" \/>\n<!-- \/ Yoast SEO Premium plugin. -->","yoast_head_json":{"title":"Tente tipi pour la maison et le jardin Blue, Tente imperm\u00e9able Garden + tapis doux - Cozy & Dozy","description":"Tente tipi r\u00e9sistante \u00e0 l\u2019eau pour jouer dans un ensemble avec une\u00a0drapeaux d\u00e9coratifs,\u00a0tapis doux, des b\u00e2tons et un\u00a0stabilisateur de tente.","robots":{"index":"index","follow":"follow","max-snippet":"max-snippet:-1","max-image-preview":"max-image-preview:large","max-video-preview":"max-video-preview:-1"},"canonical":"https:\/\/cozyanddozy.com\/fr\/produit\/tente-tipi-pour-la-maison-et-le-jardin-blue-tente-impermeable-garden-tapis-doux-2\/","og_locale":"fr_FR","og_type":"article","og_title":"Tente tipi pour la maison et le jardin Blue, Tente imperm\u00e9able Garden + tapis doux","og_description":"Tente tipi r\u00e9sistante \u00e0 l\u2019eau pour jouer dans un ensemble avec une\u00a0drapeaux d\u00e9coratifs,\u00a0tapis doux, des b\u00e2tons et un\u00a0stabilisateur de tente.","og_url":"https:\/\/cozyanddozy.com\/fr\/produit\/tente-tipi-pour-la-maison-et-le-jardin-blue-tente-impermeable-garden-tapis-doux-2\/","og_site_name":"Cozy &amp; Dozy","article_publisher":"https:\/\/www.facebook.com\/cozyanddozyshop","article_modified_time":"2024-01-23T10:51:48+00:00","og_image":[{"width":1200,"height":1200,"url":"https:\/\/cozyanddozy.com\/fr\/wp-content\/uploads\/2023\/02\/blue-sky-tipi-outdoor.jpg","type":"image\/jpeg"}],"twitter_card":"summary_large_image","twitter_misc":{"Prix":"107,10&nbsp;&euro;","Disponibilit\u00e9":"En stock"},"schema":{"@context":"https:\/\/schema.org","@graph":[{"@type":"WebPage","@id":"https:\/\/cozyanddozy.com\/fr\/produit\/tente-tipi-pour-la-maison-et-le-jardin-blue-tente-impermeable-garden-tapis-doux-2\/","url":"https:\/\/cozyanddozy.com\/fr\/produit\/tente-tipi-pour-la-maison-et-le-jardin-blue-tente-impermeable-garden-tapis-doux-2\/","name":"Tente tipi pour la maison et le jardin Blue, Tente imperm\u00e9able Garden + tapis doux - Cozy & Dozy","isPartOf":{"@id":"https:\/\/cozyanddozy.com\/fr\/#website"},"primaryImageOfPage":{"@id":"https:\/\/cozyanddozy.com\/fr\/produit\/tente-tipi-pour-la-maison-et-le-jardin-blue-tente-impermeable-garden-tapis-doux-2\/#primaryimage"},"image":{"@id":"https:\/\/cozyanddozy.com\/fr\/produit\/tente-tipi-pour-la-maison-et-le-jardin-blue-tente-impermeable-garden-tapis-doux-2\/#primaryimage"},"thumbnailUrl":"https:\/\/cozyanddozy.com\/fr\/wp-content\/uploads\/2023\/02\/blue-sky-tipi-outdoor.jpg","datePublished":"2022-06-20T20:18:01+00:00","dateModified":"2024-01-23T10:51:48+00:00","description":"Tente tipi r\u00e9sistante \u00e0 l\u2019eau pour jouer dans un ensemble avec une\u00a0drapeaux d\u00e9coratifs,\u00a0tapis doux, des b\u00e2tons et un\u00a0stabilisateur de tente.","breadcrumb":{"@id":"https:\/\/cozyanddozy.com\/fr\/produit\/tente-tipi-pour-la-maison-et-le-jardin-blue-tente-impermeable-garden-tapis-doux-2\/#breadcrumb"},"inLanguage":"fr-FR","potentialAction":[{"@type":"ReadAction","target":["https:\/\/cozyanddozy.com\/fr\/produit\/tente-tipi-pour-la-maison-et-le-jardin-blue-tente-impermeable-garden-tapis-doux-2\/"]}]},{"@type":"ImageObject","inLanguage":"fr-FR","@id":"https:\/\/cozyanddozy.com\/fr\/produit\/tente-tipi-pour-la-maison-et-le-jardin-blue-tente-impermeable-garden-tapis-doux-2\/#primaryimage","url":"https:\/\/cozyanddozy.com\/fr\/wp-content\/uploads\/2023\/02\/blue-sky-tipi-outdoor.jpg","contentUrl":"https:\/\/cozyanddozy.com\/fr\/wp-content\/uploads\/2023\/02\/blue-sky-tipi-outdoor.jpg","width":1200,"height":1200},{"@type":"BreadcrumbList","@id":"https:\/\/cozyanddozy.com\/fr\/produit\/tente-tipi-pour-la-maison-et-le-jardin-blue-tente-impermeable-garden-tapis-doux-2\/#breadcrumb","itemListElement":[{"@type":"ListItem","position":1,"name":"Home","item":"https:\/\/cozyanddozy.com\/fr\/"},{"@type":"ListItem","position":2,"name":"Boutique","item":"https:\/\/cozyanddozy.com\/fr\/boutique\/"},{"@type":"ListItem","position":3,"name":"Tente tipi pour la maison et le jardin Blue, Tente imperm\u00e9able Garden + tapis doux"}]},{"@type":"WebSite","@id":"https:\/\/cozyanddozy.com\/fr\/#website","url":"https:\/\/cozyanddozy.com\/fr\/","name":"Cozy & Dozy","description":"","publisher":{"@id":"https:\/\/cozyanddozy.com\/fr\/#organization"},"alternateName":"Cozy and Dozy","potentialAction":[{"@type":"SearchAction","target":{"@type":"EntryPoint","urlTemplate":"https:\/\/cozyanddozy.com\/fr\/?s={search_term_string}"},"query-input":{"@type":"PropertyValueSpecification","valueRequired":true,"valueName":"search_term_string"}}],"inLanguage":"fr-FR"},{"@type":"Organization","@id":"https:\/\/cozyanddozy.com\/fr\/#organization","name":"Cozy & Dozy","url":"https:\/\/cozyanddozy.com\/fr\/","logo":{"@type":"ImageObject","inLanguage":"fr-FR","@id":"https:\/\/cozyanddozy.com\/fr\/#\/schema\/logo\/image\/","url":"https:\/\/cozyanddozy.com\/fr\/wp-content\/uploads\/2023\/02\/cozyanddozy_logo_b.png","contentUrl":"https:\/\/cozyanddozy.com\/fr\/wp-content\/uploads\/2023\/02\/cozyanddozy_logo_b.png","width":314,"height":85,"caption":"Cozy & Dozy"},"image":{"@id":"https:\/\/cozyanddozy.com\/fr\/#\/schema\/logo\/image\/"},"sameAs":["https:\/\/www.facebook.com\/cozyanddozyshop","https:\/\/www.instagram.com\/cozyanddozy\/"]}]},"product_price_amount":"107.10","product_price_currency":"EUR","og_availability":"instock","product_availability":"instock","product_retailer_item_id":"5902701496845","product_condition":"new"},"_links":{"self":[{"href":"https:\/\/cozyanddozy.com\/fr\/wp-json\/wp\/v2\/product\/972","targetHints":{"allow":["GET"]}}],"collection":[{"href":"https:\/\/cozyanddozy.com\/fr\/wp-json\/wp\/v2\/product"}],"about":[{"href":"https:\/\/cozyanddozy.com\/fr\/wp-json\/wp\/v2\/types\/product"}],"replies":[{"embeddable":true,"href":"https:\/\/cozyanddozy.com\/fr\/wp-json\/wp\/v2\/comments?post=972"}],"wp:featuredmedia":[{"embeddable":true,"href":"https:\/\/cozyanddozy.com\/fr\/wp-json\/wp\/v2\/media\/969"}],"wp:attachment":[{"href":"https:\/\/cozyanddozy.com\/fr\/wp-json\/wp\/v2\/media?parent=972"}],"wp:term":[{"taxonomy":"product_brand","embeddable":true,"href":"https:\/\/cozyanddozy.com\/fr\/wp-json\/wp\/v2\/product_brand?post=972"},{"taxonomy":"product_cat","embeddable":true,"href":"https:\/\/cozyanddozy.com\/fr\/wp-json\/wp\/v2\/product_cat?post=972"},{"taxonomy":"product_tag","embeddable":true,"href":"https:\/\/cozyanddozy.com\/fr\/wp-json\/wp\/v2\/product_tag?post=972"}],"curies":[{"name":"wp","href":"https:\/\/api.w.org\/{rel}","templated":true}]}}