{"id":844,"date":"2022-03-17T11:02:37","date_gmt":"2022-03-17T11:02:37","guid":{"rendered":"https:\/\/cozyanddozy.com\/fr\/product\/tipi-tent-adventure-set-with-mat\/"},"modified":"2025-01-29T22:21:33","modified_gmt":"2025-01-29T21:21:33","slug":"tente-tipi-pour-enfants-adventure-tente-de-jeu-avec-tapis","status":"publish","type":"product","link":"https:\/\/cozyanddozy.com\/fr\/produit\/tente-tipi-pour-enfants-adventure-tente-de-jeu-avec-tapis\/","title":{"rendered":"Tipi enfant Adventure, tente de jeu avec tapis"},"content":{"rendered":"\t<section class=\"section dark\" id=\"section_676761334\">\n\t\t<div class=\"bg section-bg fill bg-fill bg-loaded \" >\n\n\t\t\t\n\t\t\t<div class=\"section-bg-overlay absolute fill\"><\/div>\n\t\t\t\n\n\t\t<\/div>\n\n\t\t\n\n\t\t<div class=\"section-content relative\">\n\t\t\t\n<div class=\"row row-collapse align-center\"  id=\"row-22998852\">\n\n\t<div id=\"col-1574595525\" class=\"col medium-8 small-10 large-6\"  >\n\t\t\t\t<div class=\"col-inner text-center\"  >\n\t\t\t\n\t\t\t\n<h2>Con\u00e7u et fabriqu\u00e9 en Europe<\/h2>\n<p>Tous les mod\u00e8les sont con\u00e7us par nos soins et nous vous donnons la garantie d\u2019obtenir un produit unique et de la meilleure qualit\u00e9. Les tentes Tipi sont cr\u00e9\u00e9es selon une m\u00e9thode artisanale, \u00e0 partir de tissus sans danger pour les enfants d\u2019Europe et ayant des certificats de qualit\u00e9.<\/p>\n\t\t<\/div>\n\t\t\t\t\t<\/div>\n\n\t\n<\/div>\n\t\t<\/div>\n\n\t\t\n<style>\n#section_676761334 {\n  padding-top: 100px;\n  padding-bottom: 100px;\n}\n#section_676761334 .section-bg-overlay {\n  background-color: rgba(0,0,0,.5);\n}\n#section_676761334 .section-bg.bg-loaded {\n  background-image: url(https:\/\/cozyanddozy.com\/fr\/wp-content\/uploads\/2023\/02\/bull-sheep-tipi-dino-garland.jpg);\n}\n#section_676761334 .section-bg {\n  background-position: 68% 79%;\n}\n@media (min-width:550px) {\n  #section_676761334 {\n    padding-top: 120px;\n    padding-bottom: 120px;\n  }\n}\n@media (min-width:850px) {\n  #section_676761334 {\n    padding-top: 180px;\n    padding-bottom: 180px;\n  }\n}\n<\/style>\n\t<\/section>\n\t\n\t<section class=\"section\" id=\"section_538616523\">\n\t\t<div class=\"bg section-bg fill bg-fill bg-loaded bg-loaded\" >\n\n\t\t\t\n\t\t\t\n\t\t\t\n\n\t\t<\/div>\n\n\t\t\n\n\t\t<div class=\"section-content relative\">\n\t\t\t\n<div class=\"row row-collapse align-center\"  id=\"row-1774289390\">\n\n\t<div id=\"col-554145499\" class=\"col medium-8 small-12 large-6\"  >\n\t\t\t\t<div class=\"col-inner text-center\"  >\n\t\t\t\n\t\t\t\n<h2>Tipi enfant Adventure, tente de jeu avec tapis<\/h2>\n<p>La tente de jeu Adventure est un tipi vert avec un tapis moelleux. La tente tipi est faite de toile solide et est d\u00e9cor\u00e9e de pompons gris. Une tente est un endroit id\u00e9al pour jouer \u00e0 la maison, sur la terrasse ou dans le jardin.<\/p>\n<p>Le tipi de jeu a une fen\u00eatre avec un store \u00e0 enroulement et deux poches pour les jouets. La tente tipi est un endroit id\u00e9al pour jouer et un coin confortable pour se reposer.<\/p>\n<p>Wigwam a \u00e9t\u00e9 con\u00e7u pour plaire aux yeux pendant longtemps et assurer un plaisir en toute s\u00e9curit\u00e9.<\/p>\n<p>Chaque tente est livr\u00e9e avec des poteaux en pin pliables et un stabilisateur qui maintient les poteaux de mani\u00e8re rigide pour assurer la stabilit\u00e9 de la tente.<\/p>\n\t\t<\/div>\n\t\t\t\t\t<\/div>\n\n\t\n<\/div>\n\t\t<\/div>\n\n\t\t\n<style>\n#section_538616523 {\n  padding-top: 50px;\n  padding-bottom: 50px;\n}\n@media (min-width:550px) {\n  #section_538616523 {\n    padding-top: 80px;\n    padding-bottom: 80px;\n  }\n}\n<\/style>\n\t<\/section>\n\t\n<div class=\"row\"  id=\"row-407745941\">\n\n\t<div id=\"col-1037365243\" class=\"col small-12 large-12\"  >\n\t\t\t\t<div class=\"col-inner\"  >\n\t\t\t\n\t\t\t\n<div class=\"is-divider divider clearfix\" style=\"max-width:100%;height:2px;background-color:rgba(39, 54, 71, 0.1);\"><\/div>\n\t\t<\/div>\n\t\t\t\t\t<\/div>\n\n\t\n<\/div>\n\t<section class=\"section\" id=\"section_218013686\">\n\t\t<div class=\"bg section-bg fill bg-fill bg-loaded bg-loaded\" >\n\n\t\t\t\n\t\t\t\n\t\t\t\n\n\t\t<\/div>\n\n\t\t\n\n\t\t<div class=\"section-content relative\">\n\t\t\t\n<div class=\"row align-middle\"  id=\"row-47630712\">\n\n\t<div id=\"col-433722218\" class=\"col medium-6 small-12 large-6\"  >\n\t\t\t\t<div class=\"col-inner\"  >\n\t\t\t\n\t\t\t\n\n  <div class=\"banner has-hover has-video\" id=\"banner-474280490\">\n          <div class=\"banner-inner fill\">\n        <div class=\"banner-bg fill\" >\n            <div class=\"bg fill bg-fill bg-loaded\"><\/div>\n            \t<div class=\"video-overlay no-click fill visible\"><\/div>\n\t<video class=\"video-bg fill visible\" preload playsinline autoplay muted loop>\n\t\t<source src=\"https:\/\/cozyanddozy.com\/wp-content\/uploads\/2023\/04\/adventure-tipi-compressed.mp4\" type=\"video\/mp4\">\t<\/video>\n                        \n                    <\/div>\n\t\t\n        <div class=\"banner-layers container\">\n            <div class=\"fill banner-link\"><\/div>            \n        <\/div>\n      <\/div>\n\n            \n<style>\n#banner-474280490 {\n  padding-top: 500px;\n}\n<\/style>\n  <\/div>\n\n\n\t\t<\/div>\n\t\t\t\t\t<\/div>\n\n\t\n\n\t<div id=\"col-97447705\" class=\"col medium-6 small-12 large-6\"  >\n\t\t\t\t<div class=\"col-inner\"  >\n\t\t\t\n\t\t\t\n<h2>Pr\u00e9parez-vous \u00e0 vous amuser<\/h2>\n<p><strong>Le tipi de cette taille peut accueillir 2-3 enfants.<\/strong>\u00a0Il est l\u00e9ger et donc facile \u00e0 transporter. Il peut \u00eatre rang\u00e9 dans un sac sp\u00e9cial avec une poign\u00e9e (non inclus dans l\u2019ensemble)<\/p>\n<p>Les tissus \u00e0 partir desquels nos tentes tipi sont fabriqu\u00e9es sont certifi\u00e9s et proviennent uniquement de pays europ\u00e9ens, ce qui les rend sans danger pour les enfants.<\/p>\n<p>Tous les produits COZY &amp; DOZY ont \u00e9t\u00e9 con\u00e7us et fabriqu\u00e9s en Pologne et ont des d\u00e9clarations CE pour les produits pour enfants.<\/p>\n\t\t<\/div>\n\t\t\t\t\t<\/div>\n\n\t\n<\/div>\n<div class=\"row row-large align-middle\"  id=\"row-1472259501\">\n\n\t<div id=\"col-1587611145\" class=\"col medium-6 small-12 large-6\"  >\n\t\t\t\t<div class=\"col-inner\"  >\n\t\t\t\n\t\t\t\n<h3>Le kit comprend :<\/h3>\n<ul>\n<li>tente tipi<\/li>\n<li>tapis doux velvet<\/li>\n<li>4 b\u00e2tons de pin pliants (8 moiti\u00e9s) + \u00e9l\u00e9ments pour relier les b\u00e2tons (8 vis et 4 \u00e9crous longs)<\/li>\n<li>Instruction<\/li>\n<li>stabilisateur + ficelle<\/li>\n<\/ul>\n\t\t<\/div>\n\t\t\t\t\t<\/div>\n\n\t\n\n\t<div id=\"col-1321832213\" class=\"col medium-6 small-12 large-6 small-col-first\"  >\n\t\t\t\t<div class=\"col-inner\"  >\n\t\t\t\n\t\t\t\n\t<div class=\"img has-hover x md-x lg-x y md-y lg-y\" id=\"image_1290793948\">\n\t\t<a class=\"image-lightbox lightbox-gallery\" title=\"\" href=\"https:\/\/cozyanddozy.com\/fr\/wp-content\/uploads\/2023\/02\/specyfikacja-adventure-fr.jpg\">\t\t\t\t\t\t<div class=\"img-inner dark\" >\n\t\t\t<img decoding=\"async\" width=\"1200\" height=\"1200\" src=\"https:\/\/cozyanddozy.com\/fr\/wp-content\/uploads\/2023\/02\/specyfikacja-adventure-fr.jpg\" class=\"attachment-original size-original\" alt=\"\" srcset=\"https:\/\/cozyanddozy.com\/fr\/wp-content\/uploads\/2023\/02\/specyfikacja-adventure-fr.jpg 1200w, https:\/\/cozyanddozy.com\/fr\/wp-content\/uploads\/2023\/02\/specyfikacja-adventure-fr-470x470.jpg 470w, https:\/\/cozyanddozy.com\/fr\/wp-content\/uploads\/2023\/02\/specyfikacja-adventure-fr-100x100.jpg 100w, https:\/\/cozyanddozy.com\/fr\/wp-content\/uploads\/2023\/02\/specyfikacja-adventure-fr-800x800.jpg 800w, https:\/\/cozyanddozy.com\/fr\/wp-content\/uploads\/2023\/02\/specyfikacja-adventure-fr-400x400.jpg 400w, https:\/\/cozyanddozy.com\/fr\/wp-content\/uploads\/2023\/02\/specyfikacja-adventure-fr-150x150.jpg 150w, https:\/\/cozyanddozy.com\/fr\/wp-content\/uploads\/2023\/02\/specyfikacja-adventure-fr-768x768.jpg 768w\" sizes=\"(max-width: 1200px) 100vw, 1200px\" \/>\t\t\t\t\t\t\n\t\t\t\t\t<\/div>\n\t\t\t\t\t\t<\/a>\t\t\n<style>\n#image_1290793948 {\n  width: 100%;\n}\n<\/style>\n\t<\/div>\n\t\n\t\t<\/div>\n\t\t\t\t\t<\/div>\n\n\t\n<\/div>\n\t\t<\/div>\n\n\t\t\n<style>\n#section_218013686 {\n  padding-top: 50px;\n  padding-bottom: 50px;\n  background-color: rgb(255,255,255);\n}\n@media (min-width:550px) {\n  #section_218013686 {\n    padding-top: 60px;\n    padding-bottom: 60px;\n  }\n}\n<\/style>\n\t<\/section>\n\t\n","protected":false},"excerpt":{"rendered":"<p>Le tipi de jeu a une fen\u00eatre avec un store \u00e0 enroulement et deux poches pour les jouets. Ensemble avec oreillers et tapis moelleux.<\/p>\n","protected":false},"featured_media":845,"comment_status":"open","ping_status":"closed","template":"","meta":[],"product_brand":[],"product_cat":[16],"product_tag":[24],"class_list":{"0":"post-844","1":"product","2":"type-product","3":"status-publish","4":"has-post-thumbnail","6":"product_cat-tentes-tipi","7":"product_tag-pla","8":"pa_model-adventure","10":"first","11":"instock","12":"sale","13":"product-type-simple"},"yoast_head":"<!-- This site is optimized with the Yoast SEO Premium plugin v21.9 (Yoast SEO v27.0) - https:\/\/yoast.com\/product\/yoast-seo-premium-wordpress\/ -->\n<title>Tipi enfant Adventure, tente de jeu avec tapis - Cozy &amp; Dozy<\/title>\n<meta name=\"description\" content=\"Le tipi de jeu a une fen\u00eatre avec un store \u00e0 enroulement et deux poches pour les jouets. Ensemble avec oreillers et tapis moelleux.\" \/>\n<meta name=\"robots\" content=\"index, follow, max-snippet:-1, max-image-preview:large, max-video-preview:-1\" \/>\n<link rel=\"canonical\" href=\"https:\/\/cozyanddozy.com\/fr\/produit\/tente-tipi-pour-enfants-adventure-tente-de-jeu-avec-tapis\/\" \/>\n<meta property=\"og:locale\" content=\"fr_FR\" \/>\n<meta property=\"og:type\" content=\"article\" \/>\n<meta property=\"og:title\" content=\"Tipi enfant Adventure, tente de jeu avec tapis\" \/>\n<meta property=\"og:description\" content=\"Le tipi de jeu a une fen\u00eatre avec un store \u00e0 enroulement et deux poches pour les jouets. Ensemble avec oreillers et tapis moelleux.\" \/>\n<meta property=\"og:url\" content=\"https:\/\/cozyanddozy.com\/fr\/produit\/tente-tipi-pour-enfants-adventure-tente-de-jeu-avec-tapis\/\" \/>\n<meta property=\"og:site_name\" content=\"Cozy &amp; Dozy\" \/>\n<meta property=\"article:publisher\" content=\"https:\/\/www.facebook.com\/cozyanddozyshop\" \/>\n<meta property=\"article:modified_time\" content=\"2025-01-29T21:21:33+00:00\" \/>\n<meta property=\"og:image\" content=\"https:\/\/cozyanddozy.com\/fr\/wp-content\/uploads\/2023\/02\/kids_tipi_tent_adventure_s1_f9.jpg\" \/>\n\t<meta property=\"og:image:width\" content=\"1200\" \/>\n\t<meta property=\"og:image:height\" content=\"1200\" \/>\n\t<meta property=\"og:image:type\" content=\"image\/jpeg\" \/>\n<meta name=\"twitter:card\" content=\"summary_large_image\" \/>\n<meta name=\"twitter:label1\" content=\"Prix\" \/>\n\t<meta name=\"twitter:data1\" content=\"99,00&nbsp;&euro;\" \/>\n\t<meta name=\"twitter:label2\" content=\"Disponibilit\u00e9\" \/>\n\t<meta name=\"twitter:data2\" content=\"En stock\" \/>\n<script type=\"application\/ld+json\" class=\"yoast-schema-graph\">{\"@context\":\"https:\/\/schema.org\",\"@graph\":[{\"@type\":\"WebPage\",\"@id\":\"https:\/\/cozyanddozy.com\/fr\/produit\/tente-tipi-pour-enfants-adventure-tente-de-jeu-avec-tapis\/\",\"url\":\"https:\/\/cozyanddozy.com\/fr\/produit\/tente-tipi-pour-enfants-adventure-tente-de-jeu-avec-tapis\/\",\"name\":\"Tipi enfant Adventure, tente de jeu avec tapis - Cozy & Dozy\",\"isPartOf\":{\"@id\":\"https:\/\/cozyanddozy.com\/fr\/#website\"},\"primaryImageOfPage\":{\"@id\":\"https:\/\/cozyanddozy.com\/fr\/produit\/tente-tipi-pour-enfants-adventure-tente-de-jeu-avec-tapis\/#primaryimage\"},\"image\":{\"@id\":\"https:\/\/cozyanddozy.com\/fr\/produit\/tente-tipi-pour-enfants-adventure-tente-de-jeu-avec-tapis\/#primaryimage\"},\"thumbnailUrl\":\"https:\/\/cozyanddozy.com\/fr\/wp-content\/uploads\/2023\/02\/kids_tipi_tent_adventure_s1_f9.jpg\",\"datePublished\":\"2022-03-17T11:02:37+00:00\",\"dateModified\":\"2025-01-29T21:21:33+00:00\",\"description\":\"Le tipi de jeu a une fen\u00eatre avec un store \u00e0 enroulement et deux poches pour les jouets. Ensemble avec oreillers et tapis moelleux.\",\"breadcrumb\":{\"@id\":\"https:\/\/cozyanddozy.com\/fr\/produit\/tente-tipi-pour-enfants-adventure-tente-de-jeu-avec-tapis\/#breadcrumb\"},\"inLanguage\":\"fr-FR\",\"potentialAction\":[{\"@type\":\"ReadAction\",\"target\":[\"https:\/\/cozyanddozy.com\/fr\/produit\/tente-tipi-pour-enfants-adventure-tente-de-jeu-avec-tapis\/\"]}]},{\"@type\":\"ImageObject\",\"inLanguage\":\"fr-FR\",\"@id\":\"https:\/\/cozyanddozy.com\/fr\/produit\/tente-tipi-pour-enfants-adventure-tente-de-jeu-avec-tapis\/#primaryimage\",\"url\":\"https:\/\/cozyanddozy.com\/fr\/wp-content\/uploads\/2023\/02\/kids_tipi_tent_adventure_s1_f9.jpg\",\"contentUrl\":\"https:\/\/cozyanddozy.com\/fr\/wp-content\/uploads\/2023\/02\/kids_tipi_tent_adventure_s1_f9.jpg\",\"width\":1200,\"height\":1200,\"caption\":\"kids tipi tent adventure\"},{\"@type\":\"BreadcrumbList\",\"@id\":\"https:\/\/cozyanddozy.com\/fr\/produit\/tente-tipi-pour-enfants-adventure-tente-de-jeu-avec-tapis\/#breadcrumb\",\"itemListElement\":[{\"@type\":\"ListItem\",\"position\":1,\"name\":\"Home\",\"item\":\"https:\/\/cozyanddozy.com\/fr\/\"},{\"@type\":\"ListItem\",\"position\":2,\"name\":\"Boutique\",\"item\":\"https:\/\/cozyanddozy.com\/fr\/boutique\/\"},{\"@type\":\"ListItem\",\"position\":3,\"name\":\"Tipi enfant Adventure, tente de jeu avec tapis\"}]},{\"@type\":\"WebSite\",\"@id\":\"https:\/\/cozyanddozy.com\/fr\/#website\",\"url\":\"https:\/\/cozyanddozy.com\/fr\/\",\"name\":\"Cozy & Dozy\",\"description\":\"\",\"publisher\":{\"@id\":\"https:\/\/cozyanddozy.com\/fr\/#organization\"},\"alternateName\":\"Cozy and Dozy\",\"potentialAction\":[{\"@type\":\"SearchAction\",\"target\":{\"@type\":\"EntryPoint\",\"urlTemplate\":\"https:\/\/cozyanddozy.com\/fr\/?s={search_term_string}\"},\"query-input\":{\"@type\":\"PropertyValueSpecification\",\"valueRequired\":true,\"valueName\":\"search_term_string\"}}],\"inLanguage\":\"fr-FR\"},{\"@type\":\"Organization\",\"@id\":\"https:\/\/cozyanddozy.com\/fr\/#organization\",\"name\":\"Cozy & Dozy\",\"url\":\"https:\/\/cozyanddozy.com\/fr\/\",\"logo\":{\"@type\":\"ImageObject\",\"inLanguage\":\"fr-FR\",\"@id\":\"https:\/\/cozyanddozy.com\/fr\/#\/schema\/logo\/image\/\",\"url\":\"https:\/\/cozyanddozy.com\/fr\/wp-content\/uploads\/2023\/02\/cozyanddozy_logo_b.png\",\"contentUrl\":\"https:\/\/cozyanddozy.com\/fr\/wp-content\/uploads\/2023\/02\/cozyanddozy_logo_b.png\",\"width\":314,\"height\":85,\"caption\":\"Cozy & Dozy\"},\"image\":{\"@id\":\"https:\/\/cozyanddozy.com\/fr\/#\/schema\/logo\/image\/\"},\"sameAs\":[\"https:\/\/www.facebook.com\/cozyanddozyshop\",\"https:\/\/www.instagram.com\/cozyanddozy\/\"]}]}<\/script>\n<meta property=\"product:price:amount\" content=\"99.00\" \/>\n<meta property=\"product:price:currency\" content=\"EUR\" \/>\n<meta property=\"og:availability\" content=\"instock\" \/>\n<meta property=\"product:availability\" content=\"instock\" \/>\n<meta property=\"product:retailer_item_id\" content=\"5902701496197\" \/>\n<meta property=\"product:condition\" content=\"new\" \/>\n<!-- \/ Yoast SEO Premium plugin. -->","yoast_head_json":{"title":"Tipi enfant Adventure, tente de jeu avec tapis - Cozy & Dozy","description":"Le tipi de jeu a une fen\u00eatre avec un store \u00e0 enroulement et deux poches pour les jouets. Ensemble avec oreillers et tapis moelleux.","robots":{"index":"index","follow":"follow","max-snippet":"max-snippet:-1","max-image-preview":"max-image-preview:large","max-video-preview":"max-video-preview:-1"},"canonical":"https:\/\/cozyanddozy.com\/fr\/produit\/tente-tipi-pour-enfants-adventure-tente-de-jeu-avec-tapis\/","og_locale":"fr_FR","og_type":"article","og_title":"Tipi enfant Adventure, tente de jeu avec tapis","og_description":"Le tipi de jeu a une fen\u00eatre avec un store \u00e0 enroulement et deux poches pour les jouets. Ensemble avec oreillers et tapis moelleux.","og_url":"https:\/\/cozyanddozy.com\/fr\/produit\/tente-tipi-pour-enfants-adventure-tente-de-jeu-avec-tapis\/","og_site_name":"Cozy &amp; Dozy","article_publisher":"https:\/\/www.facebook.com\/cozyanddozyshop","article_modified_time":"2025-01-29T21:21:33+00:00","og_image":[{"width":1200,"height":1200,"url":"https:\/\/cozyanddozy.com\/fr\/wp-content\/uploads\/2023\/02\/kids_tipi_tent_adventure_s1_f9.jpg","type":"image\/jpeg"}],"twitter_card":"summary_large_image","twitter_misc":{"Prix":"99,00&nbsp;&euro;","Disponibilit\u00e9":"En stock"},"schema":{"@context":"https:\/\/schema.org","@graph":[{"@type":"WebPage","@id":"https:\/\/cozyanddozy.com\/fr\/produit\/tente-tipi-pour-enfants-adventure-tente-de-jeu-avec-tapis\/","url":"https:\/\/cozyanddozy.com\/fr\/produit\/tente-tipi-pour-enfants-adventure-tente-de-jeu-avec-tapis\/","name":"Tipi enfant Adventure, tente de jeu avec tapis - Cozy & Dozy","isPartOf":{"@id":"https:\/\/cozyanddozy.com\/fr\/#website"},"primaryImageOfPage":{"@id":"https:\/\/cozyanddozy.com\/fr\/produit\/tente-tipi-pour-enfants-adventure-tente-de-jeu-avec-tapis\/#primaryimage"},"image":{"@id":"https:\/\/cozyanddozy.com\/fr\/produit\/tente-tipi-pour-enfants-adventure-tente-de-jeu-avec-tapis\/#primaryimage"},"thumbnailUrl":"https:\/\/cozyanddozy.com\/fr\/wp-content\/uploads\/2023\/02\/kids_tipi_tent_adventure_s1_f9.jpg","datePublished":"2022-03-17T11:02:37+00:00","dateModified":"2025-01-29T21:21:33+00:00","description":"Le tipi de jeu a une fen\u00eatre avec un store \u00e0 enroulement et deux poches pour les jouets. Ensemble avec oreillers et tapis moelleux.","breadcrumb":{"@id":"https:\/\/cozyanddozy.com\/fr\/produit\/tente-tipi-pour-enfants-adventure-tente-de-jeu-avec-tapis\/#breadcrumb"},"inLanguage":"fr-FR","potentialAction":[{"@type":"ReadAction","target":["https:\/\/cozyanddozy.com\/fr\/produit\/tente-tipi-pour-enfants-adventure-tente-de-jeu-avec-tapis\/"]}]},{"@type":"ImageObject","inLanguage":"fr-FR","@id":"https:\/\/cozyanddozy.com\/fr\/produit\/tente-tipi-pour-enfants-adventure-tente-de-jeu-avec-tapis\/#primaryimage","url":"https:\/\/cozyanddozy.com\/fr\/wp-content\/uploads\/2023\/02\/kids_tipi_tent_adventure_s1_f9.jpg","contentUrl":"https:\/\/cozyanddozy.com\/fr\/wp-content\/uploads\/2023\/02\/kids_tipi_tent_adventure_s1_f9.jpg","width":1200,"height":1200,"caption":"kids tipi tent adventure"},{"@type":"BreadcrumbList","@id":"https:\/\/cozyanddozy.com\/fr\/produit\/tente-tipi-pour-enfants-adventure-tente-de-jeu-avec-tapis\/#breadcrumb","itemListElement":[{"@type":"ListItem","position":1,"name":"Home","item":"https:\/\/cozyanddozy.com\/fr\/"},{"@type":"ListItem","position":2,"name":"Boutique","item":"https:\/\/cozyanddozy.com\/fr\/boutique\/"},{"@type":"ListItem","position":3,"name":"Tipi enfant Adventure, tente de jeu avec tapis"}]},{"@type":"WebSite","@id":"https:\/\/cozyanddozy.com\/fr\/#website","url":"https:\/\/cozyanddozy.com\/fr\/","name":"Cozy & Dozy","description":"","publisher":{"@id":"https:\/\/cozyanddozy.com\/fr\/#organization"},"alternateName":"Cozy and Dozy","potentialAction":[{"@type":"SearchAction","target":{"@type":"EntryPoint","urlTemplate":"https:\/\/cozyanddozy.com\/fr\/?s={search_term_string}"},"query-input":{"@type":"PropertyValueSpecification","valueRequired":true,"valueName":"search_term_string"}}],"inLanguage":"fr-FR"},{"@type":"Organization","@id":"https:\/\/cozyanddozy.com\/fr\/#organization","name":"Cozy & Dozy","url":"https:\/\/cozyanddozy.com\/fr\/","logo":{"@type":"ImageObject","inLanguage":"fr-FR","@id":"https:\/\/cozyanddozy.com\/fr\/#\/schema\/logo\/image\/","url":"https:\/\/cozyanddozy.com\/fr\/wp-content\/uploads\/2023\/02\/cozyanddozy_logo_b.png","contentUrl":"https:\/\/cozyanddozy.com\/fr\/wp-content\/uploads\/2023\/02\/cozyanddozy_logo_b.png","width":314,"height":85,"caption":"Cozy & Dozy"},"image":{"@id":"https:\/\/cozyanddozy.com\/fr\/#\/schema\/logo\/image\/"},"sameAs":["https:\/\/www.facebook.com\/cozyanddozyshop","https:\/\/www.instagram.com\/cozyanddozy\/"]}]},"product_price_amount":"99.00","product_price_currency":"EUR","og_availability":"instock","product_availability":"instock","product_retailer_item_id":"5902701496197","product_condition":"new"},"_links":{"self":[{"href":"https:\/\/cozyanddozy.com\/fr\/wp-json\/wp\/v2\/product\/844","targetHints":{"allow":["GET"]}}],"collection":[{"href":"https:\/\/cozyanddozy.com\/fr\/wp-json\/wp\/v2\/product"}],"about":[{"href":"https:\/\/cozyanddozy.com\/fr\/wp-json\/wp\/v2\/types\/product"}],"replies":[{"embeddable":true,"href":"https:\/\/cozyanddozy.com\/fr\/wp-json\/wp\/v2\/comments?post=844"}],"wp:featuredmedia":[{"embeddable":true,"href":"https:\/\/cozyanddozy.com\/fr\/wp-json\/wp\/v2\/media\/845"}],"wp:attachment":[{"href":"https:\/\/cozyanddozy.com\/fr\/wp-json\/wp\/v2\/media?parent=844"}],"wp:term":[{"taxonomy":"product_brand","embeddable":true,"href":"https:\/\/cozyanddozy.com\/fr\/wp-json\/wp\/v2\/product_brand?post=844"},{"taxonomy":"product_cat","embeddable":true,"href":"https:\/\/cozyanddozy.com\/fr\/wp-json\/wp\/v2\/product_cat?post=844"},{"taxonomy":"product_tag","embeddable":true,"href":"https:\/\/cozyanddozy.com\/fr\/wp-json\/wp\/v2\/product_tag?post=844"}],"curies":[{"name":"wp","href":"https:\/\/api.w.org\/{rel}","templated":true}]}}