{"id":837,"date":"2022-11-02T14:08:24","date_gmt":"2022-11-02T14:08:24","guid":{"rendered":"https:\/\/cozyanddozy.com\/fr\/product\/tipi-tent-pink-mermaid-velvet-tipi-with-mat-and-pillow\/"},"modified":"2025-01-29T22:16:31","modified_gmt":"2025-01-29T21:16:31","slug":"tente-tipi-pink-mermaid-ensemble-nautique-avec-un-tapis-et-un-oreiller","status":"publish","type":"product","link":"https:\/\/cozyanddozy.com\/fr\/produit\/tente-tipi-pink-mermaid-ensemble-nautique-avec-un-tapis-et-un-oreiller\/","title":{"rendered":"Tipi enfant Pink Mermaid &#8211; ensemble nautique avec un tapis et un oreiller"},"content":{"rendered":"<p>La tente de jeu de la s\u00e9rie Pink Mermaid est un tipi rose en toile solide et d\u00e9cor\u00e9 de velours doux et de ruban argent\u00e9. Une tente tipi est un endroit id\u00e9al pour jouer \u00e0 la maison, sur la terrasse ou dans le jardin. Le tipi de jeu rose clair a une fen\u00eatre avec un volet roulant et deux poches pour les jouets.\u00a0La tente b\u00e9b\u00e9\u00a0rose clair\u00a0peut \u00eatre associ\u00e9e \u00e0 un tapis en forme de coquillage ou d\u2019\u00e9toile de mer, des coussins et une guirlande.<\/p>\n<p>Pink Mermaid est une collection inspir\u00e9e du monde sous-marin \u2013 le bleu de la mer, les \u00e9toiles de mer sur la plage, les coquillages color\u00e9s et les sympathiques hippocampes. Wigwam a \u00e9t\u00e9 con\u00e7u pour plaire \u00e0 l\u2019\u0153il pendant longtemps et assurer un plaisir en toute s\u00e9curit\u00e9.<\/p>\n<p>Tipi a 4 c\u00f4t\u00e9s \u2013 aire de jeux env. 1 m2, hauteur d\u00e9pli\u00e9e env. 150cm.<\/p>\n<p>Chaque tente est livr\u00e9e avec des poteaux en pin pliables et un stabilisateur qui maintient les poteaux de mani\u00e8re rigide pour assurer la stabilit\u00e9 de la tente.<\/p>\n<p>Tous les produits Cozy &amp; Dozy ont \u00e9t\u00e9 con\u00e7us et fabriqu\u00e9s en Pologne et ont des d\u00e9clarations CE pour les produits pour enfants.<\/p>\n<p>Le kit comprend :<\/p>\n<ul>\n<li>tente tipi<\/li>\n<li>1 tapis\u00a0de jeu coquillage rose clair<\/li>\n<li>1 oreiller coquillage rose clair<\/li>\n<li>4 tiges de pin pliantes (8 moiti\u00e9s) + \u00e9l\u00e9ments de liaison des tiges (8 vis et 4 \u00e9crou long)<\/li>\n<li>instruction<\/li>\n<li>stabilisateur + corde<\/li>\n<\/ul>\n<p>Mat\u00e9riaux:<\/p>\n<ul>\n<li>coton r\u00e9sistant avec certificat<\/li>\n<li>velours avec certificat<\/li>\n<\/ul>\n<p>M\u00e9thode de soins :<\/p>\n<ul>\n<li>Lavable en machine \u00e0 40 degr\u00e9s,<\/li>\n<li>Essorage \u2013 800 tours<\/li>\n<li>Ne pas nettoyer \u00e0 sec<\/li>\n<li>Ne pas javelliser<\/li>\n<\/ul>\n","protected":false},"excerpt":{"rendered":"<p>Tente tipi en coton solide et velours, tipi rose clair avec un grand tapis et un oreiller. B\u00e2tons et stabilisateur inclus.<\/p>\n","protected":false},"featured_media":805,"comment_status":"open","ping_status":"closed","template":"","meta":[],"product_brand":[],"product_cat":[16],"product_tag":[],"class_list":{"0":"post-837","1":"product","2":"type-product","3":"status-publish","4":"has-post-thumbnail","6":"product_cat-tentes-tipi","7":"pa_model-pink-mermaid","9":"first","10":"instock","11":"sale","12":"product-type-simple"},"yoast_head":"<!-- This site is optimized with the Yoast SEO Premium plugin v21.9 (Yoast SEO v27.0) - https:\/\/yoast.com\/product\/yoast-seo-premium-wordpress\/ -->\n<title>Tipi enfant Pink Mermaid - ensemble nautique avec un tapis et un oreiller - Cozy &amp; Dozy<\/title>\n<meta name=\"description\" content=\"Tente tipi en coton solide et velours, tipi rose clair avec un grand tapis et un oreiller. B\u00e2tons et stabilisateur inclus.\" \/>\n<meta name=\"robots\" content=\"index, follow, max-snippet:-1, max-image-preview:large, max-video-preview:-1\" \/>\n<link rel=\"canonical\" href=\"https:\/\/cozyanddozy.com\/fr\/produit\/tente-tipi-pink-mermaid-ensemble-nautique-avec-un-tapis-et-un-oreiller\/\" \/>\n<meta property=\"og:locale\" content=\"fr_FR\" \/>\n<meta property=\"og:type\" content=\"article\" \/>\n<meta property=\"og:title\" content=\"Tipi enfant Pink Mermaid - ensemble nautique avec un tapis et un oreiller\" \/>\n<meta property=\"og:description\" content=\"Tente tipi en coton solide et velours, tipi rose clair avec un grand tapis et un oreiller. B\u00e2tons et stabilisateur inclus.\" \/>\n<meta property=\"og:url\" content=\"https:\/\/cozyanddozy.com\/fr\/produit\/tente-tipi-pink-mermaid-ensemble-nautique-avec-un-tapis-et-un-oreiller\/\" \/>\n<meta property=\"og:site_name\" content=\"Cozy &amp; Dozy\" \/>\n<meta property=\"article:publisher\" content=\"https:\/\/www.facebook.com\/cozyanddozyshop\" \/>\n<meta property=\"article:modified_time\" content=\"2025-01-29T21:16:31+00:00\" \/>\n<meta property=\"og:image\" content=\"https:\/\/cozyanddozy.com\/fr\/wp-content\/uploads\/2023\/02\/velvet-pink-tipi-2-1.jpg\" \/>\n\t<meta property=\"og:image:width\" content=\"1200\" \/>\n\t<meta property=\"og:image:height\" content=\"1204\" \/>\n\t<meta property=\"og:image:type\" content=\"image\/jpeg\" \/>\n<meta name=\"twitter:card\" content=\"summary_large_image\" \/>\n<meta name=\"twitter:label1\" content=\"Prix\" \/>\n\t<meta name=\"twitter:data1\" content=\"139,00&nbsp;&euro;\" \/>\n\t<meta name=\"twitter:label2\" content=\"Disponibilit\u00e9\" \/>\n\t<meta name=\"twitter:data2\" content=\"En stock\" \/>\n<script type=\"application\/ld+json\" class=\"yoast-schema-graph\">{\"@context\":\"https:\/\/schema.org\",\"@graph\":[{\"@type\":\"WebPage\",\"@id\":\"https:\/\/cozyanddozy.com\/fr\/produit\/tente-tipi-pink-mermaid-ensemble-nautique-avec-un-tapis-et-un-oreiller\/\",\"url\":\"https:\/\/cozyanddozy.com\/fr\/produit\/tente-tipi-pink-mermaid-ensemble-nautique-avec-un-tapis-et-un-oreiller\/\",\"name\":\"Tipi enfant Pink Mermaid - ensemble nautique avec un tapis et un oreiller - Cozy & Dozy\",\"isPartOf\":{\"@id\":\"https:\/\/cozyanddozy.com\/fr\/#website\"},\"primaryImageOfPage\":{\"@id\":\"https:\/\/cozyanddozy.com\/fr\/produit\/tente-tipi-pink-mermaid-ensemble-nautique-avec-un-tapis-et-un-oreiller\/#primaryimage\"},\"image\":{\"@id\":\"https:\/\/cozyanddozy.com\/fr\/produit\/tente-tipi-pink-mermaid-ensemble-nautique-avec-un-tapis-et-un-oreiller\/#primaryimage\"},\"thumbnailUrl\":\"https:\/\/cozyanddozy.com\/fr\/wp-content\/uploads\/2023\/02\/velvet-pink-tipi-2-1.jpg\",\"datePublished\":\"2022-11-02T14:08:24+00:00\",\"dateModified\":\"2025-01-29T21:16:31+00:00\",\"description\":\"Tente tipi en coton solide et velours, tipi rose clair avec un grand tapis et un oreiller. B\u00e2tons et stabilisateur inclus.\",\"breadcrumb\":{\"@id\":\"https:\/\/cozyanddozy.com\/fr\/produit\/tente-tipi-pink-mermaid-ensemble-nautique-avec-un-tapis-et-un-oreiller\/#breadcrumb\"},\"inLanguage\":\"fr-FR\",\"potentialAction\":[{\"@type\":\"ReadAction\",\"target\":[\"https:\/\/cozyanddozy.com\/fr\/produit\/tente-tipi-pink-mermaid-ensemble-nautique-avec-un-tapis-et-un-oreiller\/\"]}]},{\"@type\":\"ImageObject\",\"inLanguage\":\"fr-FR\",\"@id\":\"https:\/\/cozyanddozy.com\/fr\/produit\/tente-tipi-pink-mermaid-ensemble-nautique-avec-un-tapis-et-un-oreiller\/#primaryimage\",\"url\":\"https:\/\/cozyanddozy.com\/fr\/wp-content\/uploads\/2023\/02\/velvet-pink-tipi-2-1.jpg\",\"contentUrl\":\"https:\/\/cozyanddozy.com\/fr\/wp-content\/uploads\/2023\/02\/velvet-pink-tipi-2-1.jpg\",\"width\":1200,\"height\":1204},{\"@type\":\"BreadcrumbList\",\"@id\":\"https:\/\/cozyanddozy.com\/fr\/produit\/tente-tipi-pink-mermaid-ensemble-nautique-avec-un-tapis-et-un-oreiller\/#breadcrumb\",\"itemListElement\":[{\"@type\":\"ListItem\",\"position\":1,\"name\":\"Home\",\"item\":\"https:\/\/cozyanddozy.com\/fr\/\"},{\"@type\":\"ListItem\",\"position\":2,\"name\":\"Boutique\",\"item\":\"https:\/\/cozyanddozy.com\/fr\/boutique\/\"},{\"@type\":\"ListItem\",\"position\":3,\"name\":\"Tipi enfant Pink Mermaid &#8211; ensemble nautique avec un tapis et un oreiller\"}]},{\"@type\":\"WebSite\",\"@id\":\"https:\/\/cozyanddozy.com\/fr\/#website\",\"url\":\"https:\/\/cozyanddozy.com\/fr\/\",\"name\":\"Cozy & Dozy\",\"description\":\"\",\"publisher\":{\"@id\":\"https:\/\/cozyanddozy.com\/fr\/#organization\"},\"alternateName\":\"Cozy and Dozy\",\"potentialAction\":[{\"@type\":\"SearchAction\",\"target\":{\"@type\":\"EntryPoint\",\"urlTemplate\":\"https:\/\/cozyanddozy.com\/fr\/?s={search_term_string}\"},\"query-input\":{\"@type\":\"PropertyValueSpecification\",\"valueRequired\":true,\"valueName\":\"search_term_string\"}}],\"inLanguage\":\"fr-FR\"},{\"@type\":\"Organization\",\"@id\":\"https:\/\/cozyanddozy.com\/fr\/#organization\",\"name\":\"Cozy & Dozy\",\"url\":\"https:\/\/cozyanddozy.com\/fr\/\",\"logo\":{\"@type\":\"ImageObject\",\"inLanguage\":\"fr-FR\",\"@id\":\"https:\/\/cozyanddozy.com\/fr\/#\/schema\/logo\/image\/\",\"url\":\"https:\/\/cozyanddozy.com\/fr\/wp-content\/uploads\/2023\/02\/cozyanddozy_logo_b.png\",\"contentUrl\":\"https:\/\/cozyanddozy.com\/fr\/wp-content\/uploads\/2023\/02\/cozyanddozy_logo_b.png\",\"width\":314,\"height\":85,\"caption\":\"Cozy & Dozy\"},\"image\":{\"@id\":\"https:\/\/cozyanddozy.com\/fr\/#\/schema\/logo\/image\/\"},\"sameAs\":[\"https:\/\/www.facebook.com\/cozyanddozyshop\",\"https:\/\/www.instagram.com\/cozyanddozy\/\"]}]}<\/script>\n<meta property=\"product:price:amount\" content=\"139.00\" \/>\n<meta property=\"product:price:currency\" content=\"EUR\" \/>\n<meta property=\"og:availability\" content=\"instock\" \/>\n<meta property=\"product:availability\" content=\"instock\" \/>\n<meta property=\"product:retailer_item_id\" content=\"5902701496166\" \/>\n<meta property=\"product:condition\" content=\"new\" \/>\n<!-- \/ Yoast SEO Premium plugin. -->","yoast_head_json":{"title":"Tipi enfant Pink Mermaid - ensemble nautique avec un tapis et un oreiller - Cozy & Dozy","description":"Tente tipi en coton solide et velours, tipi rose clair avec un grand tapis et un oreiller. B\u00e2tons et stabilisateur inclus.","robots":{"index":"index","follow":"follow","max-snippet":"max-snippet:-1","max-image-preview":"max-image-preview:large","max-video-preview":"max-video-preview:-1"},"canonical":"https:\/\/cozyanddozy.com\/fr\/produit\/tente-tipi-pink-mermaid-ensemble-nautique-avec-un-tapis-et-un-oreiller\/","og_locale":"fr_FR","og_type":"article","og_title":"Tipi enfant Pink Mermaid - ensemble nautique avec un tapis et un oreiller","og_description":"Tente tipi en coton solide et velours, tipi rose clair avec un grand tapis et un oreiller. B\u00e2tons et stabilisateur inclus.","og_url":"https:\/\/cozyanddozy.com\/fr\/produit\/tente-tipi-pink-mermaid-ensemble-nautique-avec-un-tapis-et-un-oreiller\/","og_site_name":"Cozy &amp; Dozy","article_publisher":"https:\/\/www.facebook.com\/cozyanddozyshop","article_modified_time":"2025-01-29T21:16:31+00:00","og_image":[{"width":1200,"height":1204,"url":"https:\/\/cozyanddozy.com\/fr\/wp-content\/uploads\/2023\/02\/velvet-pink-tipi-2-1.jpg","type":"image\/jpeg"}],"twitter_card":"summary_large_image","twitter_misc":{"Prix":"139,00&nbsp;&euro;","Disponibilit\u00e9":"En stock"},"schema":{"@context":"https:\/\/schema.org","@graph":[{"@type":"WebPage","@id":"https:\/\/cozyanddozy.com\/fr\/produit\/tente-tipi-pink-mermaid-ensemble-nautique-avec-un-tapis-et-un-oreiller\/","url":"https:\/\/cozyanddozy.com\/fr\/produit\/tente-tipi-pink-mermaid-ensemble-nautique-avec-un-tapis-et-un-oreiller\/","name":"Tipi enfant Pink Mermaid - ensemble nautique avec un tapis et un oreiller - Cozy & Dozy","isPartOf":{"@id":"https:\/\/cozyanddozy.com\/fr\/#website"},"primaryImageOfPage":{"@id":"https:\/\/cozyanddozy.com\/fr\/produit\/tente-tipi-pink-mermaid-ensemble-nautique-avec-un-tapis-et-un-oreiller\/#primaryimage"},"image":{"@id":"https:\/\/cozyanddozy.com\/fr\/produit\/tente-tipi-pink-mermaid-ensemble-nautique-avec-un-tapis-et-un-oreiller\/#primaryimage"},"thumbnailUrl":"https:\/\/cozyanddozy.com\/fr\/wp-content\/uploads\/2023\/02\/velvet-pink-tipi-2-1.jpg","datePublished":"2022-11-02T14:08:24+00:00","dateModified":"2025-01-29T21:16:31+00:00","description":"Tente tipi en coton solide et velours, tipi rose clair avec un grand tapis et un oreiller. B\u00e2tons et stabilisateur inclus.","breadcrumb":{"@id":"https:\/\/cozyanddozy.com\/fr\/produit\/tente-tipi-pink-mermaid-ensemble-nautique-avec-un-tapis-et-un-oreiller\/#breadcrumb"},"inLanguage":"fr-FR","potentialAction":[{"@type":"ReadAction","target":["https:\/\/cozyanddozy.com\/fr\/produit\/tente-tipi-pink-mermaid-ensemble-nautique-avec-un-tapis-et-un-oreiller\/"]}]},{"@type":"ImageObject","inLanguage":"fr-FR","@id":"https:\/\/cozyanddozy.com\/fr\/produit\/tente-tipi-pink-mermaid-ensemble-nautique-avec-un-tapis-et-un-oreiller\/#primaryimage","url":"https:\/\/cozyanddozy.com\/fr\/wp-content\/uploads\/2023\/02\/velvet-pink-tipi-2-1.jpg","contentUrl":"https:\/\/cozyanddozy.com\/fr\/wp-content\/uploads\/2023\/02\/velvet-pink-tipi-2-1.jpg","width":1200,"height":1204},{"@type":"BreadcrumbList","@id":"https:\/\/cozyanddozy.com\/fr\/produit\/tente-tipi-pink-mermaid-ensemble-nautique-avec-un-tapis-et-un-oreiller\/#breadcrumb","itemListElement":[{"@type":"ListItem","position":1,"name":"Home","item":"https:\/\/cozyanddozy.com\/fr\/"},{"@type":"ListItem","position":2,"name":"Boutique","item":"https:\/\/cozyanddozy.com\/fr\/boutique\/"},{"@type":"ListItem","position":3,"name":"Tipi enfant Pink Mermaid &#8211; ensemble nautique avec un tapis et un oreiller"}]},{"@type":"WebSite","@id":"https:\/\/cozyanddozy.com\/fr\/#website","url":"https:\/\/cozyanddozy.com\/fr\/","name":"Cozy & Dozy","description":"","publisher":{"@id":"https:\/\/cozyanddozy.com\/fr\/#organization"},"alternateName":"Cozy and Dozy","potentialAction":[{"@type":"SearchAction","target":{"@type":"EntryPoint","urlTemplate":"https:\/\/cozyanddozy.com\/fr\/?s={search_term_string}"},"query-input":{"@type":"PropertyValueSpecification","valueRequired":true,"valueName":"search_term_string"}}],"inLanguage":"fr-FR"},{"@type":"Organization","@id":"https:\/\/cozyanddozy.com\/fr\/#organization","name":"Cozy & Dozy","url":"https:\/\/cozyanddozy.com\/fr\/","logo":{"@type":"ImageObject","inLanguage":"fr-FR","@id":"https:\/\/cozyanddozy.com\/fr\/#\/schema\/logo\/image\/","url":"https:\/\/cozyanddozy.com\/fr\/wp-content\/uploads\/2023\/02\/cozyanddozy_logo_b.png","contentUrl":"https:\/\/cozyanddozy.com\/fr\/wp-content\/uploads\/2023\/02\/cozyanddozy_logo_b.png","width":314,"height":85,"caption":"Cozy & Dozy"},"image":{"@id":"https:\/\/cozyanddozy.com\/fr\/#\/schema\/logo\/image\/"},"sameAs":["https:\/\/www.facebook.com\/cozyanddozyshop","https:\/\/www.instagram.com\/cozyanddozy\/"]}]},"product_price_amount":"139.00","product_price_currency":"EUR","og_availability":"instock","product_availability":"instock","product_retailer_item_id":"5902701496166","product_condition":"new"},"_links":{"self":[{"href":"https:\/\/cozyanddozy.com\/fr\/wp-json\/wp\/v2\/product\/837","targetHints":{"allow":["GET"]}}],"collection":[{"href":"https:\/\/cozyanddozy.com\/fr\/wp-json\/wp\/v2\/product"}],"about":[{"href":"https:\/\/cozyanddozy.com\/fr\/wp-json\/wp\/v2\/types\/product"}],"replies":[{"embeddable":true,"href":"https:\/\/cozyanddozy.com\/fr\/wp-json\/wp\/v2\/comments?post=837"}],"wp:featuredmedia":[{"embeddable":true,"href":"https:\/\/cozyanddozy.com\/fr\/wp-json\/wp\/v2\/media\/805"}],"wp:attachment":[{"href":"https:\/\/cozyanddozy.com\/fr\/wp-json\/wp\/v2\/media?parent=837"}],"wp:term":[{"taxonomy":"product_brand","embeddable":true,"href":"https:\/\/cozyanddozy.com\/fr\/wp-json\/wp\/v2\/product_brand?post=837"},{"taxonomy":"product_cat","embeddable":true,"href":"https:\/\/cozyanddozy.com\/fr\/wp-json\/wp\/v2\/product_cat?post=837"},{"taxonomy":"product_tag","embeddable":true,"href":"https:\/\/cozyanddozy.com\/fr\/wp-json\/wp\/v2\/product_tag?post=837"}],"curies":[{"name":"wp","href":"https:\/\/api.w.org\/{rel}","templated":true}]}}