{"id":631,"date":"2022-02-23T16:05:58","date_gmt":"2022-02-23T16:05:58","guid":{"rendered":"https:\/\/cozyanddozy.com\/fr\/product\/kids-rug-grey-velvet-starfish-play-mat\/"},"modified":"2025-01-29T22:23:09","modified_gmt":"2025-01-29T21:23:09","slug":"tapis-enfant-tapis-de-jeu-moelleux-grey-velvet-starfish","status":"publish","type":"product","link":"https:\/\/cozyanddozy.com\/fr\/produit\/tapis-enfant-tapis-de-jeu-moelleux-grey-velvet-starfish\/","title":{"rendered":"Tapis enfant, tapis de jeu moelleux Grey Velvet Starfish"},"content":{"rendered":"<p>Le tapis en velours en forme d\u2019\u00e9toile de mer Velvet Starfish de Cozy &amp; Dozy. Le tapis en velours \u00e9toile de mer est un tapis de jeu doux id\u00e9al pour diverses activit\u00e9s au sol. Parfait pour une chambre de b\u00e9b\u00e9 et d\u2019adolescent. Tapis \u00e9toile de mer est disponible en deux coloris : bleu et gris.<\/p>\n<p>Velvet Starfish est coh\u00e9rent avec la collection Little Mermaid, o\u00f9 vous pouvez trouver des oreillers, des guirlandes et des tentes. Le tapis est emball\u00e9 dans un sac en coton.<\/p>\n<p>Dimensions:<\/p>\n<ul>\n<li>tapis gris \u00e9toile de mer (+\/- 2,5 cm) 105 \u00d7 110 cm<\/li>\n<\/ul>\n<p>Mat\u00e9riel:<\/p>\n<ul>\n<li>100% velours, et approbation CE<\/li>\n<li>rembourrage antiallergique \u2013 boule de silicone<\/li>\n<\/ul>\n<p>La lessive :<\/p>\n<ul>\n<li>dans une machine \u00e0 laver \u00e0 40 degr\u00e9s<\/li>\n<li>Ne pas repasser<\/li>\n<li>peut \u00eatre s\u00e9ch\u00e9 au s\u00e8che-linge<\/li>\n<li>ne pas chlorer, ne pas blanchir<\/li>\n<\/ul>\n<p>Tous les produits Cozy &amp; Dozy sont con\u00e7us et cousus en Pologne.<\/p>\n","protected":false},"excerpt":{"rendered":"<p>Un tapis de jeu \u00e9pais et matelass\u00e9 en forme d\u2019\u00e9toile de mer. Un tapis gris pour chambre d\u2019enfant.<\/p>\n","protected":false},"featured_media":630,"comment_status":"open","ping_status":"closed","template":"","meta":[],"product_brand":[],"product_cat":[18],"product_tag":[],"class_list":{"0":"post-631","1":"product","2":"type-product","3":"status-publish","4":"has-post-thumbnail","6":"product_cat-sacs-et-tapis-de-jeux","8":"first","9":"instock","10":"sale","11":"product-type-simple"},"yoast_head":"<!-- This site is optimized with the Yoast SEO Premium plugin v21.9 (Yoast SEO v27.0) - https:\/\/yoast.com\/product\/yoast-seo-premium-wordpress\/ -->\n<title>Tapis enfant, tapis de jeu moelleux Grey Velvet Starfish - Cozy &amp; Dozy<\/title>\n<meta name=\"description\" content=\"Un tapis de jeu \u00e9pais et matelass\u00e9 en forme d\u2019\u00e9toile de mer. Un tapis gris pour chambre d\u2019enfant.\" \/>\n<meta name=\"robots\" content=\"index, follow, max-snippet:-1, max-image-preview:large, max-video-preview:-1\" \/>\n<link rel=\"canonical\" href=\"https:\/\/cozyanddozy.com\/fr\/produit\/tapis-enfant-tapis-de-jeu-moelleux-grey-velvet-starfish\/\" \/>\n<meta property=\"og:locale\" content=\"fr_FR\" \/>\n<meta property=\"og:type\" content=\"article\" \/>\n<meta property=\"og:title\" content=\"Tapis enfant, tapis de jeu moelleux Grey Velvet Starfish\" \/>\n<meta property=\"og:description\" content=\"Un tapis de jeu \u00e9pais et matelass\u00e9 en forme d\u2019\u00e9toile de mer. Un tapis gris pour chambre d\u2019enfant.\" \/>\n<meta property=\"og:url\" content=\"https:\/\/cozyanddozy.com\/fr\/produit\/tapis-enfant-tapis-de-jeu-moelleux-grey-velvet-starfish\/\" \/>\n<meta property=\"og:site_name\" content=\"Cozy &amp; Dozy\" \/>\n<meta property=\"article:publisher\" content=\"https:\/\/www.facebook.com\/cozyanddozyshop\" \/>\n<meta property=\"article:modified_time\" content=\"2025-01-29T21:23:09+00:00\" \/>\n<meta property=\"og:image\" content=\"https:\/\/cozyanddozy.com\/fr\/wp-content\/uploads\/2023\/02\/grey-starfish-rug.jpg\" \/>\n\t<meta property=\"og:image:width\" content=\"1200\" \/>\n\t<meta property=\"og:image:height\" content=\"1200\" \/>\n\t<meta property=\"og:image:type\" content=\"image\/jpeg\" \/>\n<meta name=\"twitter:card\" content=\"summary_large_image\" \/>\n<meta name=\"twitter:label1\" content=\"Prix\" \/>\n\t<meta name=\"twitter:data1\" content=\"29,00&nbsp;&euro;\" \/>\n\t<meta name=\"twitter:label2\" content=\"Disponibilit\u00e9\" \/>\n\t<meta name=\"twitter:data2\" content=\"En stock\" \/>\n<script type=\"application\/ld+json\" class=\"yoast-schema-graph\">{\"@context\":\"https:\/\/schema.org\",\"@graph\":[{\"@type\":\"WebPage\",\"@id\":\"https:\/\/cozyanddozy.com\/fr\/produit\/tapis-enfant-tapis-de-jeu-moelleux-grey-velvet-starfish\/\",\"url\":\"https:\/\/cozyanddozy.com\/fr\/produit\/tapis-enfant-tapis-de-jeu-moelleux-grey-velvet-starfish\/\",\"name\":\"Tapis enfant, tapis de jeu moelleux Grey Velvet Starfish - Cozy & Dozy\",\"isPartOf\":{\"@id\":\"https:\/\/cozyanddozy.com\/fr\/#website\"},\"primaryImageOfPage\":{\"@id\":\"https:\/\/cozyanddozy.com\/fr\/produit\/tapis-enfant-tapis-de-jeu-moelleux-grey-velvet-starfish\/#primaryimage\"},\"image\":{\"@id\":\"https:\/\/cozyanddozy.com\/fr\/produit\/tapis-enfant-tapis-de-jeu-moelleux-grey-velvet-starfish\/#primaryimage\"},\"thumbnailUrl\":\"https:\/\/cozyanddozy.com\/fr\/wp-content\/uploads\/2023\/02\/grey-starfish-rug.jpg\",\"datePublished\":\"2022-02-23T16:05:58+00:00\",\"dateModified\":\"2025-01-29T21:23:09+00:00\",\"description\":\"Un tapis de jeu \u00e9pais et matelass\u00e9 en forme d\u2019\u00e9toile de mer. Un tapis gris pour chambre d\u2019enfant.\",\"breadcrumb\":{\"@id\":\"https:\/\/cozyanddozy.com\/fr\/produit\/tapis-enfant-tapis-de-jeu-moelleux-grey-velvet-starfish\/#breadcrumb\"},\"inLanguage\":\"fr-FR\",\"potentialAction\":[{\"@type\":\"ReadAction\",\"target\":[\"https:\/\/cozyanddozy.com\/fr\/produit\/tapis-enfant-tapis-de-jeu-moelleux-grey-velvet-starfish\/\"]}]},{\"@type\":\"ImageObject\",\"inLanguage\":\"fr-FR\",\"@id\":\"https:\/\/cozyanddozy.com\/fr\/produit\/tapis-enfant-tapis-de-jeu-moelleux-grey-velvet-starfish\/#primaryimage\",\"url\":\"https:\/\/cozyanddozy.com\/fr\/wp-content\/uploads\/2023\/02\/grey-starfish-rug.jpg\",\"contentUrl\":\"https:\/\/cozyanddozy.com\/fr\/wp-content\/uploads\/2023\/02\/grey-starfish-rug.jpg\",\"width\":1200,\"height\":1200},{\"@type\":\"BreadcrumbList\",\"@id\":\"https:\/\/cozyanddozy.com\/fr\/produit\/tapis-enfant-tapis-de-jeu-moelleux-grey-velvet-starfish\/#breadcrumb\",\"itemListElement\":[{\"@type\":\"ListItem\",\"position\":1,\"name\":\"Home\",\"item\":\"https:\/\/cozyanddozy.com\/fr\/\"},{\"@type\":\"ListItem\",\"position\":2,\"name\":\"Boutique\",\"item\":\"https:\/\/cozyanddozy.com\/fr\/boutique\/\"},{\"@type\":\"ListItem\",\"position\":3,\"name\":\"Tapis enfant, tapis de jeu moelleux Grey Velvet Starfish\"}]},{\"@type\":\"WebSite\",\"@id\":\"https:\/\/cozyanddozy.com\/fr\/#website\",\"url\":\"https:\/\/cozyanddozy.com\/fr\/\",\"name\":\"Cozy & Dozy\",\"description\":\"\",\"publisher\":{\"@id\":\"https:\/\/cozyanddozy.com\/fr\/#organization\"},\"alternateName\":\"Cozy and Dozy\",\"potentialAction\":[{\"@type\":\"SearchAction\",\"target\":{\"@type\":\"EntryPoint\",\"urlTemplate\":\"https:\/\/cozyanddozy.com\/fr\/?s={search_term_string}\"},\"query-input\":{\"@type\":\"PropertyValueSpecification\",\"valueRequired\":true,\"valueName\":\"search_term_string\"}}],\"inLanguage\":\"fr-FR\"},{\"@type\":\"Organization\",\"@id\":\"https:\/\/cozyanddozy.com\/fr\/#organization\",\"name\":\"Cozy & Dozy\",\"url\":\"https:\/\/cozyanddozy.com\/fr\/\",\"logo\":{\"@type\":\"ImageObject\",\"inLanguage\":\"fr-FR\",\"@id\":\"https:\/\/cozyanddozy.com\/fr\/#\/schema\/logo\/image\/\",\"url\":\"https:\/\/cozyanddozy.com\/fr\/wp-content\/uploads\/2023\/02\/cozyanddozy_logo_b.png\",\"contentUrl\":\"https:\/\/cozyanddozy.com\/fr\/wp-content\/uploads\/2023\/02\/cozyanddozy_logo_b.png\",\"width\":314,\"height\":85,\"caption\":\"Cozy & Dozy\"},\"image\":{\"@id\":\"https:\/\/cozyanddozy.com\/fr\/#\/schema\/logo\/image\/\"},\"sameAs\":[\"https:\/\/www.facebook.com\/cozyanddozyshop\",\"https:\/\/www.instagram.com\/cozyanddozy\/\"]}]}<\/script>\n<meta property=\"product:price:amount\" content=\"29.00\" \/>\n<meta property=\"product:price:currency\" content=\"EUR\" \/>\n<meta property=\"og:availability\" content=\"instock\" \/>\n<meta property=\"product:availability\" content=\"instock\" \/>\n<meta property=\"product:retailer_item_id\" content=\"5902701496104\" \/>\n<meta property=\"product:condition\" content=\"new\" \/>\n<!-- \/ Yoast SEO Premium plugin. -->","yoast_head_json":{"title":"Tapis enfant, tapis de jeu moelleux Grey Velvet Starfish - Cozy & Dozy","description":"Un tapis de jeu \u00e9pais et matelass\u00e9 en forme d\u2019\u00e9toile de mer. Un tapis gris pour chambre d\u2019enfant.","robots":{"index":"index","follow":"follow","max-snippet":"max-snippet:-1","max-image-preview":"max-image-preview:large","max-video-preview":"max-video-preview:-1"},"canonical":"https:\/\/cozyanddozy.com\/fr\/produit\/tapis-enfant-tapis-de-jeu-moelleux-grey-velvet-starfish\/","og_locale":"fr_FR","og_type":"article","og_title":"Tapis enfant, tapis de jeu moelleux Grey Velvet Starfish","og_description":"Un tapis de jeu \u00e9pais et matelass\u00e9 en forme d\u2019\u00e9toile de mer. Un tapis gris pour chambre d\u2019enfant.","og_url":"https:\/\/cozyanddozy.com\/fr\/produit\/tapis-enfant-tapis-de-jeu-moelleux-grey-velvet-starfish\/","og_site_name":"Cozy &amp; Dozy","article_publisher":"https:\/\/www.facebook.com\/cozyanddozyshop","article_modified_time":"2025-01-29T21:23:09+00:00","og_image":[{"width":1200,"height":1200,"url":"https:\/\/cozyanddozy.com\/fr\/wp-content\/uploads\/2023\/02\/grey-starfish-rug.jpg","type":"image\/jpeg"}],"twitter_card":"summary_large_image","twitter_misc":{"Prix":"29,00&nbsp;&euro;","Disponibilit\u00e9":"En stock"},"schema":{"@context":"https:\/\/schema.org","@graph":[{"@type":"WebPage","@id":"https:\/\/cozyanddozy.com\/fr\/produit\/tapis-enfant-tapis-de-jeu-moelleux-grey-velvet-starfish\/","url":"https:\/\/cozyanddozy.com\/fr\/produit\/tapis-enfant-tapis-de-jeu-moelleux-grey-velvet-starfish\/","name":"Tapis enfant, tapis de jeu moelleux Grey Velvet Starfish - Cozy & Dozy","isPartOf":{"@id":"https:\/\/cozyanddozy.com\/fr\/#website"},"primaryImageOfPage":{"@id":"https:\/\/cozyanddozy.com\/fr\/produit\/tapis-enfant-tapis-de-jeu-moelleux-grey-velvet-starfish\/#primaryimage"},"image":{"@id":"https:\/\/cozyanddozy.com\/fr\/produit\/tapis-enfant-tapis-de-jeu-moelleux-grey-velvet-starfish\/#primaryimage"},"thumbnailUrl":"https:\/\/cozyanddozy.com\/fr\/wp-content\/uploads\/2023\/02\/grey-starfish-rug.jpg","datePublished":"2022-02-23T16:05:58+00:00","dateModified":"2025-01-29T21:23:09+00:00","description":"Un tapis de jeu \u00e9pais et matelass\u00e9 en forme d\u2019\u00e9toile de mer. Un tapis gris pour chambre d\u2019enfant.","breadcrumb":{"@id":"https:\/\/cozyanddozy.com\/fr\/produit\/tapis-enfant-tapis-de-jeu-moelleux-grey-velvet-starfish\/#breadcrumb"},"inLanguage":"fr-FR","potentialAction":[{"@type":"ReadAction","target":["https:\/\/cozyanddozy.com\/fr\/produit\/tapis-enfant-tapis-de-jeu-moelleux-grey-velvet-starfish\/"]}]},{"@type":"ImageObject","inLanguage":"fr-FR","@id":"https:\/\/cozyanddozy.com\/fr\/produit\/tapis-enfant-tapis-de-jeu-moelleux-grey-velvet-starfish\/#primaryimage","url":"https:\/\/cozyanddozy.com\/fr\/wp-content\/uploads\/2023\/02\/grey-starfish-rug.jpg","contentUrl":"https:\/\/cozyanddozy.com\/fr\/wp-content\/uploads\/2023\/02\/grey-starfish-rug.jpg","width":1200,"height":1200},{"@type":"BreadcrumbList","@id":"https:\/\/cozyanddozy.com\/fr\/produit\/tapis-enfant-tapis-de-jeu-moelleux-grey-velvet-starfish\/#breadcrumb","itemListElement":[{"@type":"ListItem","position":1,"name":"Home","item":"https:\/\/cozyanddozy.com\/fr\/"},{"@type":"ListItem","position":2,"name":"Boutique","item":"https:\/\/cozyanddozy.com\/fr\/boutique\/"},{"@type":"ListItem","position":3,"name":"Tapis enfant, tapis de jeu moelleux Grey Velvet Starfish"}]},{"@type":"WebSite","@id":"https:\/\/cozyanddozy.com\/fr\/#website","url":"https:\/\/cozyanddozy.com\/fr\/","name":"Cozy & Dozy","description":"","publisher":{"@id":"https:\/\/cozyanddozy.com\/fr\/#organization"},"alternateName":"Cozy and Dozy","potentialAction":[{"@type":"SearchAction","target":{"@type":"EntryPoint","urlTemplate":"https:\/\/cozyanddozy.com\/fr\/?s={search_term_string}"},"query-input":{"@type":"PropertyValueSpecification","valueRequired":true,"valueName":"search_term_string"}}],"inLanguage":"fr-FR"},{"@type":"Organization","@id":"https:\/\/cozyanddozy.com\/fr\/#organization","name":"Cozy & Dozy","url":"https:\/\/cozyanddozy.com\/fr\/","logo":{"@type":"ImageObject","inLanguage":"fr-FR","@id":"https:\/\/cozyanddozy.com\/fr\/#\/schema\/logo\/image\/","url":"https:\/\/cozyanddozy.com\/fr\/wp-content\/uploads\/2023\/02\/cozyanddozy_logo_b.png","contentUrl":"https:\/\/cozyanddozy.com\/fr\/wp-content\/uploads\/2023\/02\/cozyanddozy_logo_b.png","width":314,"height":85,"caption":"Cozy & Dozy"},"image":{"@id":"https:\/\/cozyanddozy.com\/fr\/#\/schema\/logo\/image\/"},"sameAs":["https:\/\/www.facebook.com\/cozyanddozyshop","https:\/\/www.instagram.com\/cozyanddozy\/"]}]},"product_price_amount":"29.00","product_price_currency":"EUR","og_availability":"instock","product_availability":"instock","product_retailer_item_id":"5902701496104","product_condition":"new"},"_links":{"self":[{"href":"https:\/\/cozyanddozy.com\/fr\/wp-json\/wp\/v2\/product\/631","targetHints":{"allow":["GET"]}}],"collection":[{"href":"https:\/\/cozyanddozy.com\/fr\/wp-json\/wp\/v2\/product"}],"about":[{"href":"https:\/\/cozyanddozy.com\/fr\/wp-json\/wp\/v2\/types\/product"}],"replies":[{"embeddable":true,"href":"https:\/\/cozyanddozy.com\/fr\/wp-json\/wp\/v2\/comments?post=631"}],"wp:featuredmedia":[{"embeddable":true,"href":"https:\/\/cozyanddozy.com\/fr\/wp-json\/wp\/v2\/media\/630"}],"wp:attachment":[{"href":"https:\/\/cozyanddozy.com\/fr\/wp-json\/wp\/v2\/media?parent=631"}],"wp:term":[{"taxonomy":"product_brand","embeddable":true,"href":"https:\/\/cozyanddozy.com\/fr\/wp-json\/wp\/v2\/product_brand?post=631"},{"taxonomy":"product_cat","embeddable":true,"href":"https:\/\/cozyanddozy.com\/fr\/wp-json\/wp\/v2\/product_cat?post=631"},{"taxonomy":"product_tag","embeddable":true,"href":"https:\/\/cozyanddozy.com\/fr\/wp-json\/wp\/v2\/product_tag?post=631"}],"curies":[{"name":"wp","href":"https:\/\/api.w.org\/{rel}","templated":true}]}}