{"id":614,"date":"2022-02-22T18:24:13","date_gmt":"2022-02-22T18:24:13","guid":{"rendered":"https:\/\/cozyanddozy.com\/fr\/product\/shell-kids-rug-velvet-play-mat-dark-pink\/"},"modified":"2025-01-29T22:23:42","modified_gmt":"2025-01-29T21:23:42","slug":"tapis-de-jeu-coquillage-velvet-shell-tapis-dark-pink","status":"publish","type":"product","link":"https:\/\/cozyanddozy.com\/fr\/produit\/tapis-de-jeu-coquillage-velvet-shell-tapis-dark-pink\/","title":{"rendered":"Tapis de jeu coquillage, Velvet Shell Tapis Dark Pink"},"content":{"rendered":"<p><b>Tapis de coquillage Velvet Shell de Cozy &amp; Dozy. <\/b>Le tapis en velours en forme de coquillage est un tapis de jeu doux qui est id\u00e9al pour diverses activit\u00e9s sur le sol. Id\u00e9al pour la chambre d\u2019un b\u00e9b\u00e9 et d\u2019un adolescent. Le tapis coquillage est disponible en deux tons de rose \u2013 rose clair et rose sale.<\/p>\n<p><b>Velvet Shell est conforme \u00e0 la collection Little Mermaid, o\u00f9 vous pouvez trouver des coussins, des guirlandes et des tentes. <\/b>Le tapis est emball\u00e9 dans un sac en coton.<\/p>\n<p>Dimensions :<\/p>\n<p>(+\/- 2,5 cm) 110 x 115 cm<\/p>\n<p>Mat\u00e9riel:<\/p>\n<ul>\n<li>100% velours, et agr\u00e9ment CE<\/li>\n<li>remplissage antiallergique \u2013 boule en silicone<\/li>\n<\/ul>\n<p>La lessive :<\/p>\n<ul>\n<li>dans une machine \u00e0 laver 40 degr\u00e9s<\/li>\n<li>Ne pas repasser<\/li>\n<li>peut \u00eatre s\u00e9ch\u00e9 au s\u00e8che-linge<\/li>\n<li>ne pas chlorer, ne pas javelliser<\/li>\n<\/ul>\n<p>Tous les produits Cozy &amp; Dozy sont con\u00e7us et cousus en Pologne.<\/p>\n","protected":false},"excerpt":{"rendered":"<p>Tapis de jeu matelass\u00e9 et \u00e9pais en forme de coquillage. Un tapis rose sale pour une chambre d\u2019enfant. 110x115cm<\/p>\n","protected":false},"featured_media":615,"comment_status":"open","ping_status":"closed","template":"","meta":[],"product_brand":[],"product_cat":[18],"product_tag":[],"class_list":{"0":"post-614","1":"product","2":"type-product","3":"status-publish","4":"has-post-thumbnail","6":"product_cat-sacs-et-tapis-de-jeux","8":"first","9":"instock","10":"sale","11":"product-type-simple"},"yoast_head":"<!-- This site is optimized with the Yoast SEO Premium plugin v21.9 (Yoast SEO v27.0) - https:\/\/yoast.com\/product\/yoast-seo-premium-wordpress\/ -->\n<title>Tapis de jeu coquillage, Velvet Shell Tapis Dark Pink - Cozy &amp; Dozy<\/title>\n<meta name=\"description\" content=\"Tapis de jeu matelass\u00e9 et \u00e9pais en forme de coquillage. Un tapis rose sale pour une chambre d\u2019enfant. 110x115cm\" \/>\n<meta name=\"robots\" content=\"index, follow, max-snippet:-1, max-image-preview:large, max-video-preview:-1\" \/>\n<link rel=\"canonical\" href=\"https:\/\/cozyanddozy.com\/fr\/produit\/tapis-de-jeu-coquillage-velvet-shell-tapis-dark-pink\/\" \/>\n<meta property=\"og:locale\" content=\"fr_FR\" \/>\n<meta property=\"og:type\" content=\"article\" \/>\n<meta property=\"og:title\" content=\"Tapis de jeu coquillage, Velvet Shell Tapis Dark Pink\" \/>\n<meta property=\"og:description\" content=\"Tapis de jeu matelass\u00e9 et \u00e9pais en forme de coquillage. Un tapis rose sale pour une chambre d\u2019enfant. 110x115cm\" \/>\n<meta property=\"og:url\" content=\"https:\/\/cozyanddozy.com\/fr\/produit\/tapis-de-jeu-coquillage-velvet-shell-tapis-dark-pink\/\" \/>\n<meta property=\"og:site_name\" content=\"Cozy &amp; Dozy\" \/>\n<meta property=\"article:publisher\" content=\"https:\/\/www.facebook.com\/cozyanddozyshop\" \/>\n<meta property=\"article:modified_time\" content=\"2025-01-29T21:23:42+00:00\" \/>\n<meta property=\"og:image\" content=\"https:\/\/cozyanddozy.com\/fr\/wp-content\/uploads\/2023\/02\/pink-tipi-velvet-1-1187x1200.png\" \/>\n\t<meta property=\"og:image:width\" content=\"1187\" \/>\n\t<meta property=\"og:image:height\" content=\"1200\" \/>\n\t<meta property=\"og:image:type\" content=\"image\/png\" \/>\n<meta name=\"twitter:card\" content=\"summary_large_image\" \/>\n<meta name=\"twitter:label1\" content=\"Prix\" \/>\n\t<meta name=\"twitter:data1\" content=\"29,00&nbsp;&euro;\" \/>\n\t<meta name=\"twitter:label2\" content=\"Disponibilit\u00e9\" \/>\n\t<meta name=\"twitter:data2\" content=\"En stock\" \/>\n<script type=\"application\/ld+json\" class=\"yoast-schema-graph\">{\"@context\":\"https:\/\/schema.org\",\"@graph\":[{\"@type\":\"WebPage\",\"@id\":\"https:\/\/cozyanddozy.com\/fr\/produit\/tapis-de-jeu-coquillage-velvet-shell-tapis-dark-pink\/\",\"url\":\"https:\/\/cozyanddozy.com\/fr\/produit\/tapis-de-jeu-coquillage-velvet-shell-tapis-dark-pink\/\",\"name\":\"Tapis de jeu coquillage, Velvet Shell Tapis Dark Pink - Cozy & Dozy\",\"isPartOf\":{\"@id\":\"https:\/\/cozyanddozy.com\/fr\/#website\"},\"primaryImageOfPage\":{\"@id\":\"https:\/\/cozyanddozy.com\/fr\/produit\/tapis-de-jeu-coquillage-velvet-shell-tapis-dark-pink\/#primaryimage\"},\"image\":{\"@id\":\"https:\/\/cozyanddozy.com\/fr\/produit\/tapis-de-jeu-coquillage-velvet-shell-tapis-dark-pink\/#primaryimage\"},\"thumbnailUrl\":\"https:\/\/cozyanddozy.com\/fr\/wp-content\/uploads\/2023\/02\/pink-tipi-velvet-1.png\",\"datePublished\":\"2022-02-22T18:24:13+00:00\",\"dateModified\":\"2025-01-29T21:23:42+00:00\",\"description\":\"Tapis de jeu matelass\u00e9 et \u00e9pais en forme de coquillage. Un tapis rose sale pour une chambre d\u2019enfant. 110x115cm\",\"breadcrumb\":{\"@id\":\"https:\/\/cozyanddozy.com\/fr\/produit\/tapis-de-jeu-coquillage-velvet-shell-tapis-dark-pink\/#breadcrumb\"},\"inLanguage\":\"fr-FR\",\"potentialAction\":[{\"@type\":\"ReadAction\",\"target\":[\"https:\/\/cozyanddozy.com\/fr\/produit\/tapis-de-jeu-coquillage-velvet-shell-tapis-dark-pink\/\"]}]},{\"@type\":\"ImageObject\",\"inLanguage\":\"fr-FR\",\"@id\":\"https:\/\/cozyanddozy.com\/fr\/produit\/tapis-de-jeu-coquillage-velvet-shell-tapis-dark-pink\/#primaryimage\",\"url\":\"https:\/\/cozyanddozy.com\/fr\/wp-content\/uploads\/2023\/02\/pink-tipi-velvet-1.png\",\"contentUrl\":\"https:\/\/cozyanddozy.com\/fr\/wp-content\/uploads\/2023\/02\/pink-tipi-velvet-1.png\",\"width\":1200,\"height\":1213},{\"@type\":\"BreadcrumbList\",\"@id\":\"https:\/\/cozyanddozy.com\/fr\/produit\/tapis-de-jeu-coquillage-velvet-shell-tapis-dark-pink\/#breadcrumb\",\"itemListElement\":[{\"@type\":\"ListItem\",\"position\":1,\"name\":\"Home\",\"item\":\"https:\/\/cozyanddozy.com\/fr\/\"},{\"@type\":\"ListItem\",\"position\":2,\"name\":\"Boutique\",\"item\":\"https:\/\/cozyanddozy.com\/fr\/boutique\/\"},{\"@type\":\"ListItem\",\"position\":3,\"name\":\"Tapis de jeu coquillage, Velvet Shell Tapis Dark Pink\"}]},{\"@type\":\"WebSite\",\"@id\":\"https:\/\/cozyanddozy.com\/fr\/#website\",\"url\":\"https:\/\/cozyanddozy.com\/fr\/\",\"name\":\"Cozy & Dozy\",\"description\":\"\",\"publisher\":{\"@id\":\"https:\/\/cozyanddozy.com\/fr\/#organization\"},\"alternateName\":\"Cozy and Dozy\",\"potentialAction\":[{\"@type\":\"SearchAction\",\"target\":{\"@type\":\"EntryPoint\",\"urlTemplate\":\"https:\/\/cozyanddozy.com\/fr\/?s={search_term_string}\"},\"query-input\":{\"@type\":\"PropertyValueSpecification\",\"valueRequired\":true,\"valueName\":\"search_term_string\"}}],\"inLanguage\":\"fr-FR\"},{\"@type\":\"Organization\",\"@id\":\"https:\/\/cozyanddozy.com\/fr\/#organization\",\"name\":\"Cozy & Dozy\",\"url\":\"https:\/\/cozyanddozy.com\/fr\/\",\"logo\":{\"@type\":\"ImageObject\",\"inLanguage\":\"fr-FR\",\"@id\":\"https:\/\/cozyanddozy.com\/fr\/#\/schema\/logo\/image\/\",\"url\":\"https:\/\/cozyanddozy.com\/fr\/wp-content\/uploads\/2023\/02\/cozyanddozy_logo_b.png\",\"contentUrl\":\"https:\/\/cozyanddozy.com\/fr\/wp-content\/uploads\/2023\/02\/cozyanddozy_logo_b.png\",\"width\":314,\"height\":85,\"caption\":\"Cozy & Dozy\"},\"image\":{\"@id\":\"https:\/\/cozyanddozy.com\/fr\/#\/schema\/logo\/image\/\"},\"sameAs\":[\"https:\/\/www.facebook.com\/cozyanddozyshop\",\"https:\/\/www.instagram.com\/cozyanddozy\/\"]}]}<\/script>\n<meta property=\"product:price:amount\" content=\"29.00\" \/>\n<meta property=\"product:price:currency\" content=\"EUR\" \/>\n<meta property=\"og:availability\" content=\"instock\" \/>\n<meta property=\"product:availability\" content=\"instock\" \/>\n<meta property=\"product:retailer_item_id\" content=\"5902701495640\" \/>\n<meta property=\"product:condition\" content=\"new\" \/>\n<!-- \/ Yoast SEO Premium plugin. -->","yoast_head_json":{"title":"Tapis de jeu coquillage, Velvet Shell Tapis Dark Pink - Cozy & Dozy","description":"Tapis de jeu matelass\u00e9 et \u00e9pais en forme de coquillage. Un tapis rose sale pour une chambre d\u2019enfant. 110x115cm","robots":{"index":"index","follow":"follow","max-snippet":"max-snippet:-1","max-image-preview":"max-image-preview:large","max-video-preview":"max-video-preview:-1"},"canonical":"https:\/\/cozyanddozy.com\/fr\/produit\/tapis-de-jeu-coquillage-velvet-shell-tapis-dark-pink\/","og_locale":"fr_FR","og_type":"article","og_title":"Tapis de jeu coquillage, Velvet Shell Tapis Dark Pink","og_description":"Tapis de jeu matelass\u00e9 et \u00e9pais en forme de coquillage. Un tapis rose sale pour une chambre d\u2019enfant. 110x115cm","og_url":"https:\/\/cozyanddozy.com\/fr\/produit\/tapis-de-jeu-coquillage-velvet-shell-tapis-dark-pink\/","og_site_name":"Cozy &amp; Dozy","article_publisher":"https:\/\/www.facebook.com\/cozyanddozyshop","article_modified_time":"2025-01-29T21:23:42+00:00","og_image":[{"width":1187,"height":1200,"url":"https:\/\/cozyanddozy.com\/fr\/wp-content\/uploads\/2023\/02\/pink-tipi-velvet-1-1187x1200.png","type":"image\/png"}],"twitter_card":"summary_large_image","twitter_misc":{"Prix":"29,00&nbsp;&euro;","Disponibilit\u00e9":"En stock"},"schema":{"@context":"https:\/\/schema.org","@graph":[{"@type":"WebPage","@id":"https:\/\/cozyanddozy.com\/fr\/produit\/tapis-de-jeu-coquillage-velvet-shell-tapis-dark-pink\/","url":"https:\/\/cozyanddozy.com\/fr\/produit\/tapis-de-jeu-coquillage-velvet-shell-tapis-dark-pink\/","name":"Tapis de jeu coquillage, Velvet Shell Tapis Dark Pink - Cozy & Dozy","isPartOf":{"@id":"https:\/\/cozyanddozy.com\/fr\/#website"},"primaryImageOfPage":{"@id":"https:\/\/cozyanddozy.com\/fr\/produit\/tapis-de-jeu-coquillage-velvet-shell-tapis-dark-pink\/#primaryimage"},"image":{"@id":"https:\/\/cozyanddozy.com\/fr\/produit\/tapis-de-jeu-coquillage-velvet-shell-tapis-dark-pink\/#primaryimage"},"thumbnailUrl":"https:\/\/cozyanddozy.com\/fr\/wp-content\/uploads\/2023\/02\/pink-tipi-velvet-1.png","datePublished":"2022-02-22T18:24:13+00:00","dateModified":"2025-01-29T21:23:42+00:00","description":"Tapis de jeu matelass\u00e9 et \u00e9pais en forme de coquillage. Un tapis rose sale pour une chambre d\u2019enfant. 110x115cm","breadcrumb":{"@id":"https:\/\/cozyanddozy.com\/fr\/produit\/tapis-de-jeu-coquillage-velvet-shell-tapis-dark-pink\/#breadcrumb"},"inLanguage":"fr-FR","potentialAction":[{"@type":"ReadAction","target":["https:\/\/cozyanddozy.com\/fr\/produit\/tapis-de-jeu-coquillage-velvet-shell-tapis-dark-pink\/"]}]},{"@type":"ImageObject","inLanguage":"fr-FR","@id":"https:\/\/cozyanddozy.com\/fr\/produit\/tapis-de-jeu-coquillage-velvet-shell-tapis-dark-pink\/#primaryimage","url":"https:\/\/cozyanddozy.com\/fr\/wp-content\/uploads\/2023\/02\/pink-tipi-velvet-1.png","contentUrl":"https:\/\/cozyanddozy.com\/fr\/wp-content\/uploads\/2023\/02\/pink-tipi-velvet-1.png","width":1200,"height":1213},{"@type":"BreadcrumbList","@id":"https:\/\/cozyanddozy.com\/fr\/produit\/tapis-de-jeu-coquillage-velvet-shell-tapis-dark-pink\/#breadcrumb","itemListElement":[{"@type":"ListItem","position":1,"name":"Home","item":"https:\/\/cozyanddozy.com\/fr\/"},{"@type":"ListItem","position":2,"name":"Boutique","item":"https:\/\/cozyanddozy.com\/fr\/boutique\/"},{"@type":"ListItem","position":3,"name":"Tapis de jeu coquillage, Velvet Shell Tapis Dark Pink"}]},{"@type":"WebSite","@id":"https:\/\/cozyanddozy.com\/fr\/#website","url":"https:\/\/cozyanddozy.com\/fr\/","name":"Cozy & Dozy","description":"","publisher":{"@id":"https:\/\/cozyanddozy.com\/fr\/#organization"},"alternateName":"Cozy and Dozy","potentialAction":[{"@type":"SearchAction","target":{"@type":"EntryPoint","urlTemplate":"https:\/\/cozyanddozy.com\/fr\/?s={search_term_string}"},"query-input":{"@type":"PropertyValueSpecification","valueRequired":true,"valueName":"search_term_string"}}],"inLanguage":"fr-FR"},{"@type":"Organization","@id":"https:\/\/cozyanddozy.com\/fr\/#organization","name":"Cozy & Dozy","url":"https:\/\/cozyanddozy.com\/fr\/","logo":{"@type":"ImageObject","inLanguage":"fr-FR","@id":"https:\/\/cozyanddozy.com\/fr\/#\/schema\/logo\/image\/","url":"https:\/\/cozyanddozy.com\/fr\/wp-content\/uploads\/2023\/02\/cozyanddozy_logo_b.png","contentUrl":"https:\/\/cozyanddozy.com\/fr\/wp-content\/uploads\/2023\/02\/cozyanddozy_logo_b.png","width":314,"height":85,"caption":"Cozy & Dozy"},"image":{"@id":"https:\/\/cozyanddozy.com\/fr\/#\/schema\/logo\/image\/"},"sameAs":["https:\/\/www.facebook.com\/cozyanddozyshop","https:\/\/www.instagram.com\/cozyanddozy\/"]}]},"product_price_amount":"29.00","product_price_currency":"EUR","og_availability":"instock","product_availability":"instock","product_retailer_item_id":"5902701495640","product_condition":"new"},"_links":{"self":[{"href":"https:\/\/cozyanddozy.com\/fr\/wp-json\/wp\/v2\/product\/614","targetHints":{"allow":["GET"]}}],"collection":[{"href":"https:\/\/cozyanddozy.com\/fr\/wp-json\/wp\/v2\/product"}],"about":[{"href":"https:\/\/cozyanddozy.com\/fr\/wp-json\/wp\/v2\/types\/product"}],"replies":[{"embeddable":true,"href":"https:\/\/cozyanddozy.com\/fr\/wp-json\/wp\/v2\/comments?post=614"}],"wp:featuredmedia":[{"embeddable":true,"href":"https:\/\/cozyanddozy.com\/fr\/wp-json\/wp\/v2\/media\/615"}],"wp:attachment":[{"href":"https:\/\/cozyanddozy.com\/fr\/wp-json\/wp\/v2\/media?parent=614"}],"wp:term":[{"taxonomy":"product_brand","embeddable":true,"href":"https:\/\/cozyanddozy.com\/fr\/wp-json\/wp\/v2\/product_brand?post=614"},{"taxonomy":"product_cat","embeddable":true,"href":"https:\/\/cozyanddozy.com\/fr\/wp-json\/wp\/v2\/product_cat?post=614"},{"taxonomy":"product_tag","embeddable":true,"href":"https:\/\/cozyanddozy.com\/fr\/wp-json\/wp\/v2\/product_tag?post=614"}],"curies":[{"name":"wp","href":"https:\/\/api.w.org\/{rel}","templated":true}]}}