{"id":544,"date":"2022-01-13T12:23:22","date_gmt":"2022-01-13T12:23:22","guid":{"rendered":"https:\/\/cozyanddozy.com\/fr\/product\/garland-forest-friends-pennant-velvet\/"},"modified":"2023-11-08T16:20:21","modified_gmt":"2023-11-08T15:20:21","slug":"guirlande-forest-friends-fanion-velours-2","status":"publish","type":"product","link":"https:\/\/cozyanddozy.com\/fr\/produit\/guirlande-forest-friends-fanion-velours-2\/","title":{"rendered":"Guirlande Forest Friends, Fanion Velours"},"content":{"rendered":"<p><b>Cr\u00e9ez une ambiance for\u00eat dans la chambre de votre enfant avec Cozy &amp; Dozy<\/b><\/p>\n<p>La guirlande Forest Life est l\u2019id\u00e9e cadeau parfaite pour un b\u00e9b\u00e9 et un enfant plus \u00e2g\u00e9. Les motifs forestiers qui le composent (il poss\u00e8de 5 cintres \u2013 3 feuilles et deux col\u00e9opt\u00e8res) inciteront certainement l\u2019enfant \u00e0 mieux conna\u00eetre le monde forestier. Un ornement dans des tons de terre s\u2019int\u00e9grera \u00e9galement \u00e0 merveille dans tous les int\u00e9rieurs.<\/p>\n<p>Des guirlandes de velours, faites de mati\u00e8res douces, font d\u2019une chambre d\u2019enfant un endroit chaleureux et cosy. Un endroit o\u00f9 un enfant peut se sentir en s\u00e9curit\u00e9 et \u00e0 l\u2019aise. Gr\u00e2ce \u00e0 cela, il est plus susceptible d\u2019y passer du temps, de jouer et de se reposer.<\/p>\n<p><b>La guirlande Forest Life sera parfaite comme d\u00e9coration pour une chambre d\u2019enfant, une salle de jeux, une f\u00eate d\u2019anniversaire ou une s\u00e9ance photo. Il ajoutera un caract\u00e8re magique \u00e0 l\u2019int\u00e9rieur et soulignera la force de l\u2019originalit\u00e9.<\/b><\/p>\n<p>De plus, la guirlande a \u00e9t\u00e9 r\u00e9alis\u00e9e dans notre atelier du d\u00e9but \u00e0 la fin. Par cons\u00e9quent, l\u2019enfant recevra un cadeau unique et irrempla\u00e7able qui attirera s\u00fbrement son attention et lui procurera beaucoup de plaisir. Les enfants aiment aussi montrer des cadeaux \u00e0 leurs amis, et notre guirlande suscitera s\u00fbrement leur int\u00e9r\u00eat.<\/p>\n<p>La s\u00e9curit\u00e9 des enfants est notre premi\u00e8re priorit\u00e9, c\u2019est pourquoi la guirlande est compos\u00e9e \u00e0 100% de velours de la plus haute qualit\u00e9. Ce mat\u00e9riau est certifi\u00e9 , ce qui signifie qu\u2019il convient aux peaux m\u00eame sensibles \u2013 il ne provoque pas d\u2019allergies ni d\u2019irritations. Ainsi, vous pouvez offrir notre produit \u00e0 votre enfant sans aucun souci.<\/p>\n<p>Votre enfant aime les climats forestiers ?<\/p>\n<p>La guirlande Forest Life s\u2019harmonise parfaitement avec les autres produits de la collection Forest \u2013 Cozy &amp; Dozy propose une tente tipi, des tapis et des oreillers \u00e0 l\u2019ensemble. Ainsi, vous pouvez cr\u00e9er un espace coh\u00e9rent pour votre enfant rempli d\u2019une vari\u00e9t\u00e9 de produits avec lesquels l\u2019ennui ne s\u2019installera certainement pas dans la pi\u00e8ce.<\/p>\n<p>Dimensions:<\/p>\n<p>* Longueur : ficelle en coton \u2013 235 cm<\/p>\n<p>* Taille des ornements : feuilles \u2013 18 x16 cm, scarab\u00e9e 19 x 20 cm<\/p>\n<p>Composition:<\/p>\n<p>* D\u00e9coration : 100% velours (certificat , CE)<\/p>\n<p>* Corde : 100 % coton<\/p>\n<p>La lessive:<\/p>\n<p>* Les d\u00e9corations peuvent \u00eatre lav\u00e9es \u00e0 40 degr\u00e9s<\/p>\n<p>* Spin \u2013 800 tours<\/p>\n<p>* Ne pas nettoyer \u00e0 sec, ne pas javelliser<\/p>\n<p>* S\u00e9cher sur une surface plane<\/p>\n","protected":false},"excerpt":{"rendered":"<p>Cr\u00e9ez une ambiance for\u00eat dans la chambre de votre enfant avec Cozy &#038; Dozy<\/p>\n","protected":false},"featured_media":545,"comment_status":"open","ping_status":"closed","template":"","meta":[],"product_brand":[],"product_cat":[19],"product_tag":[],"class_list":{"0":"post-544","1":"product","2":"type-product","3":"status-publish","4":"has-post-thumbnail","6":"product_cat-accessories","7":"product_shipping_class-kije","9":"first","10":"instock","11":"product-type-simple"},"yoast_head":"<!-- This site is optimized with the Yoast SEO Premium plugin v21.9 (Yoast SEO v27.0) - https:\/\/yoast.com\/product\/yoast-seo-premium-wordpress\/ -->\n<title>Guirlande Forest Friends, Fanion Velours - Cozy &amp; Dozy<\/title>\n<meta name=\"description\" content=\"Cr\u00e9ez une ambiance for\u00eat dans la chambre de votre enfant avec Cozy &amp; Dozy\" \/>\n<meta name=\"robots\" content=\"index, follow, max-snippet:-1, max-image-preview:large, max-video-preview:-1\" \/>\n<link rel=\"canonical\" href=\"https:\/\/cozyanddozy.com\/fr\/produit\/guirlande-forest-friends-fanion-velours-2\/\" \/>\n<meta property=\"og:locale\" content=\"fr_FR\" \/>\n<meta property=\"og:type\" content=\"article\" \/>\n<meta property=\"og:title\" content=\"Guirlande Forest Friends, Fanion Velours\" \/>\n<meta property=\"og:description\" content=\"Cr\u00e9ez une ambiance for\u00eat dans la chambre de votre enfant avec Cozy &amp; Dozy\" \/>\n<meta property=\"og:url\" content=\"https:\/\/cozyanddozy.com\/fr\/produit\/guirlande-forest-friends-fanion-velours-2\/\" \/>\n<meta property=\"og:site_name\" content=\"Cozy &amp; Dozy\" \/>\n<meta property=\"article:publisher\" content=\"https:\/\/www.facebook.com\/cozyanddozyshop\" \/>\n<meta property=\"article:modified_time\" content=\"2023-11-08T15:20:21+00:00\" \/>\n<meta property=\"og:image\" content=\"https:\/\/cozyanddozy.com\/fr\/wp-content\/uploads\/2023\/02\/image00001.jpeg\" \/>\n\t<meta property=\"og:image:width\" content=\"1202\" \/>\n\t<meta property=\"og:image:height\" content=\"1200\" \/>\n\t<meta property=\"og:image:type\" content=\"image\/jpeg\" \/>\n<meta name=\"twitter:card\" content=\"summary_large_image\" \/>\n<meta name=\"twitter:label1\" content=\"Prix\" \/>\n\t<meta name=\"twitter:data1\" content=\"39,00&nbsp;&euro;\" \/>\n\t<meta name=\"twitter:label2\" content=\"Disponibilit\u00e9\" \/>\n\t<meta name=\"twitter:data2\" content=\"En stock\" \/>\n<script type=\"application\/ld+json\" class=\"yoast-schema-graph\">{\"@context\":\"https:\/\/schema.org\",\"@graph\":[{\"@type\":\"WebPage\",\"@id\":\"https:\/\/cozyanddozy.com\/fr\/produit\/guirlande-forest-friends-fanion-velours-2\/\",\"url\":\"https:\/\/cozyanddozy.com\/fr\/produit\/guirlande-forest-friends-fanion-velours-2\/\",\"name\":\"Guirlande Forest Friends, Fanion Velours - Cozy & Dozy\",\"isPartOf\":{\"@id\":\"https:\/\/cozyanddozy.com\/fr\/#website\"},\"primaryImageOfPage\":{\"@id\":\"https:\/\/cozyanddozy.com\/fr\/produit\/guirlande-forest-friends-fanion-velours-2\/#primaryimage\"},\"image\":{\"@id\":\"https:\/\/cozyanddozy.com\/fr\/produit\/guirlande-forest-friends-fanion-velours-2\/#primaryimage\"},\"thumbnailUrl\":\"https:\/\/cozyanddozy.com\/fr\/wp-content\/uploads\/2023\/02\/image00001.jpeg\",\"datePublished\":\"2022-01-13T12:23:22+00:00\",\"dateModified\":\"2023-11-08T15:20:21+00:00\",\"description\":\"Cr\u00e9ez une ambiance for\u00eat dans la chambre de votre enfant avec Cozy & Dozy\",\"breadcrumb\":{\"@id\":\"https:\/\/cozyanddozy.com\/fr\/produit\/guirlande-forest-friends-fanion-velours-2\/#breadcrumb\"},\"inLanguage\":\"fr-FR\",\"potentialAction\":[{\"@type\":\"ReadAction\",\"target\":[\"https:\/\/cozyanddozy.com\/fr\/produit\/guirlande-forest-friends-fanion-velours-2\/\"]}]},{\"@type\":\"ImageObject\",\"inLanguage\":\"fr-FR\",\"@id\":\"https:\/\/cozyanddozy.com\/fr\/produit\/guirlande-forest-friends-fanion-velours-2\/#primaryimage\",\"url\":\"https:\/\/cozyanddozy.com\/fr\/wp-content\/uploads\/2023\/02\/image00001.jpeg\",\"contentUrl\":\"https:\/\/cozyanddozy.com\/fr\/wp-content\/uploads\/2023\/02\/image00001.jpeg\",\"width\":1202,\"height\":1200},{\"@type\":\"BreadcrumbList\",\"@id\":\"https:\/\/cozyanddozy.com\/fr\/produit\/guirlande-forest-friends-fanion-velours-2\/#breadcrumb\",\"itemListElement\":[{\"@type\":\"ListItem\",\"position\":1,\"name\":\"Home\",\"item\":\"https:\/\/cozyanddozy.com\/fr\/\"},{\"@type\":\"ListItem\",\"position\":2,\"name\":\"Boutique\",\"item\":\"https:\/\/cozyanddozy.com\/fr\/boutique\/\"},{\"@type\":\"ListItem\",\"position\":3,\"name\":\"Guirlande Forest Friends, Fanion Velours\"}]},{\"@type\":\"WebSite\",\"@id\":\"https:\/\/cozyanddozy.com\/fr\/#website\",\"url\":\"https:\/\/cozyanddozy.com\/fr\/\",\"name\":\"Cozy & Dozy\",\"description\":\"\",\"publisher\":{\"@id\":\"https:\/\/cozyanddozy.com\/fr\/#organization\"},\"alternateName\":\"Cozy and Dozy\",\"potentialAction\":[{\"@type\":\"SearchAction\",\"target\":{\"@type\":\"EntryPoint\",\"urlTemplate\":\"https:\/\/cozyanddozy.com\/fr\/?s={search_term_string}\"},\"query-input\":{\"@type\":\"PropertyValueSpecification\",\"valueRequired\":true,\"valueName\":\"search_term_string\"}}],\"inLanguage\":\"fr-FR\"},{\"@type\":\"Organization\",\"@id\":\"https:\/\/cozyanddozy.com\/fr\/#organization\",\"name\":\"Cozy & Dozy\",\"url\":\"https:\/\/cozyanddozy.com\/fr\/\",\"logo\":{\"@type\":\"ImageObject\",\"inLanguage\":\"fr-FR\",\"@id\":\"https:\/\/cozyanddozy.com\/fr\/#\/schema\/logo\/image\/\",\"url\":\"https:\/\/cozyanddozy.com\/fr\/wp-content\/uploads\/2023\/02\/cozyanddozy_logo_b.png\",\"contentUrl\":\"https:\/\/cozyanddozy.com\/fr\/wp-content\/uploads\/2023\/02\/cozyanddozy_logo_b.png\",\"width\":314,\"height\":85,\"caption\":\"Cozy & Dozy\"},\"image\":{\"@id\":\"https:\/\/cozyanddozy.com\/fr\/#\/schema\/logo\/image\/\"},\"sameAs\":[\"https:\/\/www.facebook.com\/cozyanddozyshop\",\"https:\/\/www.instagram.com\/cozyanddozy\/\"]}]}<\/script>\n<meta property=\"product:price:amount\" content=\"39.00\" \/>\n<meta property=\"product:price:currency\" content=\"EUR\" \/>\n<meta property=\"og:availability\" content=\"instock\" \/>\n<meta property=\"product:availability\" content=\"instock\" \/>\n<meta property=\"product:retailer_item_id\" content=\"5902701495794\" \/>\n<meta property=\"product:condition\" content=\"new\" \/>\n<!-- \/ Yoast SEO Premium plugin. -->","yoast_head_json":{"title":"Guirlande Forest Friends, Fanion Velours - Cozy & Dozy","description":"Cr\u00e9ez une ambiance for\u00eat dans la chambre de votre enfant avec Cozy & Dozy","robots":{"index":"index","follow":"follow","max-snippet":"max-snippet:-1","max-image-preview":"max-image-preview:large","max-video-preview":"max-video-preview:-1"},"canonical":"https:\/\/cozyanddozy.com\/fr\/produit\/guirlande-forest-friends-fanion-velours-2\/","og_locale":"fr_FR","og_type":"article","og_title":"Guirlande Forest Friends, Fanion Velours","og_description":"Cr\u00e9ez une ambiance for\u00eat dans la chambre de votre enfant avec Cozy & Dozy","og_url":"https:\/\/cozyanddozy.com\/fr\/produit\/guirlande-forest-friends-fanion-velours-2\/","og_site_name":"Cozy &amp; Dozy","article_publisher":"https:\/\/www.facebook.com\/cozyanddozyshop","article_modified_time":"2023-11-08T15:20:21+00:00","og_image":[{"width":1202,"height":1200,"url":"https:\/\/cozyanddozy.com\/fr\/wp-content\/uploads\/2023\/02\/image00001.jpeg","type":"image\/jpeg"}],"twitter_card":"summary_large_image","twitter_misc":{"Prix":"39,00&nbsp;&euro;","Disponibilit\u00e9":"En stock"},"schema":{"@context":"https:\/\/schema.org","@graph":[{"@type":"WebPage","@id":"https:\/\/cozyanddozy.com\/fr\/produit\/guirlande-forest-friends-fanion-velours-2\/","url":"https:\/\/cozyanddozy.com\/fr\/produit\/guirlande-forest-friends-fanion-velours-2\/","name":"Guirlande Forest Friends, Fanion Velours - Cozy & Dozy","isPartOf":{"@id":"https:\/\/cozyanddozy.com\/fr\/#website"},"primaryImageOfPage":{"@id":"https:\/\/cozyanddozy.com\/fr\/produit\/guirlande-forest-friends-fanion-velours-2\/#primaryimage"},"image":{"@id":"https:\/\/cozyanddozy.com\/fr\/produit\/guirlande-forest-friends-fanion-velours-2\/#primaryimage"},"thumbnailUrl":"https:\/\/cozyanddozy.com\/fr\/wp-content\/uploads\/2023\/02\/image00001.jpeg","datePublished":"2022-01-13T12:23:22+00:00","dateModified":"2023-11-08T15:20:21+00:00","description":"Cr\u00e9ez une ambiance for\u00eat dans la chambre de votre enfant avec Cozy & Dozy","breadcrumb":{"@id":"https:\/\/cozyanddozy.com\/fr\/produit\/guirlande-forest-friends-fanion-velours-2\/#breadcrumb"},"inLanguage":"fr-FR","potentialAction":[{"@type":"ReadAction","target":["https:\/\/cozyanddozy.com\/fr\/produit\/guirlande-forest-friends-fanion-velours-2\/"]}]},{"@type":"ImageObject","inLanguage":"fr-FR","@id":"https:\/\/cozyanddozy.com\/fr\/produit\/guirlande-forest-friends-fanion-velours-2\/#primaryimage","url":"https:\/\/cozyanddozy.com\/fr\/wp-content\/uploads\/2023\/02\/image00001.jpeg","contentUrl":"https:\/\/cozyanddozy.com\/fr\/wp-content\/uploads\/2023\/02\/image00001.jpeg","width":1202,"height":1200},{"@type":"BreadcrumbList","@id":"https:\/\/cozyanddozy.com\/fr\/produit\/guirlande-forest-friends-fanion-velours-2\/#breadcrumb","itemListElement":[{"@type":"ListItem","position":1,"name":"Home","item":"https:\/\/cozyanddozy.com\/fr\/"},{"@type":"ListItem","position":2,"name":"Boutique","item":"https:\/\/cozyanddozy.com\/fr\/boutique\/"},{"@type":"ListItem","position":3,"name":"Guirlande Forest Friends, Fanion Velours"}]},{"@type":"WebSite","@id":"https:\/\/cozyanddozy.com\/fr\/#website","url":"https:\/\/cozyanddozy.com\/fr\/","name":"Cozy & Dozy","description":"","publisher":{"@id":"https:\/\/cozyanddozy.com\/fr\/#organization"},"alternateName":"Cozy and Dozy","potentialAction":[{"@type":"SearchAction","target":{"@type":"EntryPoint","urlTemplate":"https:\/\/cozyanddozy.com\/fr\/?s={search_term_string}"},"query-input":{"@type":"PropertyValueSpecification","valueRequired":true,"valueName":"search_term_string"}}],"inLanguage":"fr-FR"},{"@type":"Organization","@id":"https:\/\/cozyanddozy.com\/fr\/#organization","name":"Cozy & Dozy","url":"https:\/\/cozyanddozy.com\/fr\/","logo":{"@type":"ImageObject","inLanguage":"fr-FR","@id":"https:\/\/cozyanddozy.com\/fr\/#\/schema\/logo\/image\/","url":"https:\/\/cozyanddozy.com\/fr\/wp-content\/uploads\/2023\/02\/cozyanddozy_logo_b.png","contentUrl":"https:\/\/cozyanddozy.com\/fr\/wp-content\/uploads\/2023\/02\/cozyanddozy_logo_b.png","width":314,"height":85,"caption":"Cozy & Dozy"},"image":{"@id":"https:\/\/cozyanddozy.com\/fr\/#\/schema\/logo\/image\/"},"sameAs":["https:\/\/www.facebook.com\/cozyanddozyshop","https:\/\/www.instagram.com\/cozyanddozy\/"]}]},"product_price_amount":"39.00","product_price_currency":"EUR","og_availability":"instock","product_availability":"instock","product_retailer_item_id":"5902701495794","product_condition":"new"},"_links":{"self":[{"href":"https:\/\/cozyanddozy.com\/fr\/wp-json\/wp\/v2\/product\/544","targetHints":{"allow":["GET"]}}],"collection":[{"href":"https:\/\/cozyanddozy.com\/fr\/wp-json\/wp\/v2\/product"}],"about":[{"href":"https:\/\/cozyanddozy.com\/fr\/wp-json\/wp\/v2\/types\/product"}],"replies":[{"embeddable":true,"href":"https:\/\/cozyanddozy.com\/fr\/wp-json\/wp\/v2\/comments?post=544"}],"wp:featuredmedia":[{"embeddable":true,"href":"https:\/\/cozyanddozy.com\/fr\/wp-json\/wp\/v2\/media\/545"}],"wp:attachment":[{"href":"https:\/\/cozyanddozy.com\/fr\/wp-json\/wp\/v2\/media?parent=544"}],"wp:term":[{"taxonomy":"product_brand","embeddable":true,"href":"https:\/\/cozyanddozy.com\/fr\/wp-json\/wp\/v2\/product_brand?post=544"},{"taxonomy":"product_cat","embeddable":true,"href":"https:\/\/cozyanddozy.com\/fr\/wp-json\/wp\/v2\/product_cat?post=544"},{"taxonomy":"product_tag","embeddable":true,"href":"https:\/\/cozyanddozy.com\/fr\/wp-json\/wp\/v2\/product_tag?post=544"}],"curies":[{"name":"wp","href":"https:\/\/api.w.org\/{rel}","templated":true}]}}