{"id":538,"date":"2022-01-13T12:03:35","date_gmt":"2022-01-13T12:03:35","guid":{"rendered":"https:\/\/cozyanddozy.com\/fr\/product\/boho-garland-lace-beige-pennant\/"},"modified":"2025-01-29T22:24:38","modified_gmt":"2025-01-29T21:24:38","slug":"guirlande-boheme-lace-fanion-beige","status":"publish","type":"product","link":"https:\/\/cozyanddozy.com\/fr\/produit\/guirlande-boheme-lace-fanion-beige\/","title":{"rendered":"Guirlande boh\u00e8me Lace, fanion beige"},"content":{"rendered":"<p><strong>Le classique se d\u00e9fend, mais Cozy &amp; Dozy l\u2019aide avec \u00e7a<\/strong><\/p>\n<p>Adepte des couleurs sobres ? Vous ne souhaitez pas stimuler votre enfant avec des couleurs intenses dans sa chambre ? N\u2019\u00eates-vous pas convaincu par les consid\u00e9rations selon lesquelles une chambre pour les gar\u00e7ons doit \u00eatre bleue et que pour les filles, elle doit \u00eatre rose ? Alors nous vous recommandons sans aucun doute la guirlande en dentelle. La d\u00e9licate couleur cr\u00e8me de la guirlande se fondra \u00e0 merveille dans les int\u00e9rieurs rustiques scandinaves, elle sera \u00e9galement appr\u00e9ci\u00e9e dans les climats boh\u00e8mes.<\/p>\n<p>Cependant, gr\u00e2ce \u00e0 la dentelle, qui a une texture int\u00e9ressante et agr\u00e9able, c\u2019est un accessoire original et unique \u2013 parce que d\u00e9licat ne veut pas dire ennuyeux.<\/p>\n<p>La guirlande Laca sera parfaite comme d\u00e9coration pour une chambre d\u2019enfant, une salle de jeux, un anniversaire ou une s\u00e9ance photo. Il ajoutera un caract\u00e8re magique \u00e0 l\u2019int\u00e9rieur et soulignera la force de l\u2019originalit\u00e9.<\/p>\n<p>De plus, la guirlande a \u00e9t\u00e9 r\u00e9alis\u00e9e dans notre atelier du d\u00e9but \u00e0 la fin. Par cons\u00e9quent, nous pouvons garantir que votre enfant recevra un cadeau unique et irrempla\u00e7able. Le nouvel ornement attirera s\u00fbrement son attention et sera un plaisir. Les enfants aiment aussi montrer des cadeaux \u00e0 leurs amis, et notre guirlande suscitera s\u00fbrement leur int\u00e9r\u00eat.<\/p>\n<p>La s\u00e9curit\u00e9 des enfants est notre premi\u00e8re priorit\u00e9, c\u2019est pourquoi la guirlande est fabriqu\u00e9e en 100 % coton de la plus haute qualit\u00e9. Ce mat\u00e9riau est certifi\u00e9 , CE, ce qui signifie qu\u2019il convient m\u00eame aux peaux sensibles \u2013 il ne provoque pas d\u2019allergies ni d\u2019irritations. Ainsi, vous pouvez donner \u00e0 votre enfant notre produit sans aucun souci.<\/p>\n<p>Nous vous invitons \u00e9galement \u00e0 vous familiariser avec la tente tipy, issue de la m\u00eame s\u00e9rie Lace. Gr\u00e2ce \u00e0 lui, vous pourrez cr\u00e9er un espace de jeu priv\u00e9 et s\u00e9curis\u00e9 pour votre enfant.<\/p>\n<p><span class=\"Apple-converted-space\">\u00a0<\/span>Dimensions:<\/p>\n<ul>\n<li>Longueur : fil de coton \u2013 140 cm<\/li>\n<li>Taille des triangles : 13 x 16 cm<\/li>\n<\/ul>\n<p>Composition:<\/p>\n<ul>\n<li>D\u00e9coration : 100% coton (certificat , CE)<\/li>\n<li>Corde : 100 % coton<\/li>\n<\/ul>\n<p>La lessive:<\/p>\n<ul>\n<li>Les d\u00e9corations peuvent \u00eatre lav\u00e9es \u00e0 40 degr\u00e9s,<\/li>\n<li>Spin \u2013 800 tours,<\/li>\n<li>Ne pas nettoyer \u00e0 sec, ne pas blanchir<\/li>\n<li>S\u00e9cher sur une surface plane.<\/li>\n<\/ul>\n","protected":false},"excerpt":{"rendered":"<p>La guirlande Laca sera parfaite comme d\u00e9coration pour une chambre d\u2019enfant, une salle de jeux, un anniversaire ou une s\u00e9ance photo<\/p>\n","protected":false},"featured_media":539,"comment_status":"open","ping_status":"closed","template":"","meta":[],"product_brand":[],"product_cat":[19],"product_tag":[],"class_list":{"0":"post-538","1":"product","2":"type-product","3":"status-publish","4":"has-post-thumbnail","6":"product_cat-accessories","7":"product_shipping_class-kije","9":"first","10":"instock","11":"sale","12":"product-type-simple"},"yoast_head":"<!-- This site is optimized with the Yoast SEO Premium plugin v21.9 (Yoast SEO v27.0) - https:\/\/yoast.com\/product\/yoast-seo-premium-wordpress\/ -->\n<title>Guirlande boh\u00e8me Lace, fanion beige - Cozy &amp; Dozy<\/title>\n<meta name=\"description\" content=\"La guirlande Laca sera parfaite comme d\u00e9coration pour une chambre d\u2019enfant, une salle de jeux, un anniversaire ou une s\u00e9ance photo\" \/>\n<meta name=\"robots\" content=\"index, follow, max-snippet:-1, max-image-preview:large, max-video-preview:-1\" \/>\n<link rel=\"canonical\" href=\"https:\/\/cozyanddozy.com\/fr\/produit\/guirlande-boheme-lace-fanion-beige\/\" \/>\n<meta property=\"og:locale\" content=\"fr_FR\" \/>\n<meta property=\"og:type\" content=\"article\" \/>\n<meta property=\"og:title\" content=\"Guirlande boh\u00e8me Lace, fanion beige\" \/>\n<meta property=\"og:description\" content=\"La guirlande Laca sera parfaite comme d\u00e9coration pour une chambre d\u2019enfant, une salle de jeux, un anniversaire ou une s\u00e9ance photo\" \/>\n<meta property=\"og:url\" content=\"https:\/\/cozyanddozy.com\/fr\/produit\/guirlande-boheme-lace-fanion-beige\/\" \/>\n<meta property=\"og:site_name\" content=\"Cozy &amp; Dozy\" \/>\n<meta property=\"article:publisher\" content=\"https:\/\/www.facebook.com\/cozyanddozyshop\" \/>\n<meta property=\"article:modified_time\" content=\"2025-01-29T21:24:38+00:00\" \/>\n<meta property=\"og:image\" content=\"https:\/\/cozyanddozy.com\/fr\/wp-content\/uploads\/2023\/02\/girlanda_lace.jpg\" \/>\n\t<meta property=\"og:image:width\" content=\"1200\" \/>\n\t<meta property=\"og:image:height\" content=\"1200\" \/>\n\t<meta property=\"og:image:type\" content=\"image\/jpeg\" \/>\n<meta name=\"twitter:card\" content=\"summary_large_image\" \/>\n<meta name=\"twitter:label1\" content=\"Prix\" \/>\n\t<meta name=\"twitter:data1\" content=\"9,00&nbsp;&euro;\" \/>\n\t<meta name=\"twitter:label2\" content=\"Disponibilit\u00e9\" \/>\n\t<meta name=\"twitter:data2\" content=\"En stock\" \/>\n<script type=\"application\/ld+json\" class=\"yoast-schema-graph\">{\"@context\":\"https:\/\/schema.org\",\"@graph\":[{\"@type\":\"WebPage\",\"@id\":\"https:\/\/cozyanddozy.com\/fr\/produit\/guirlande-boheme-lace-fanion-beige\/\",\"url\":\"https:\/\/cozyanddozy.com\/fr\/produit\/guirlande-boheme-lace-fanion-beige\/\",\"name\":\"Guirlande boh\u00e8me Lace, fanion beige - Cozy & Dozy\",\"isPartOf\":{\"@id\":\"https:\/\/cozyanddozy.com\/fr\/#website\"},\"primaryImageOfPage\":{\"@id\":\"https:\/\/cozyanddozy.com\/fr\/produit\/guirlande-boheme-lace-fanion-beige\/#primaryimage\"},\"image\":{\"@id\":\"https:\/\/cozyanddozy.com\/fr\/produit\/guirlande-boheme-lace-fanion-beige\/#primaryimage\"},\"thumbnailUrl\":\"https:\/\/cozyanddozy.com\/fr\/wp-content\/uploads\/2023\/02\/girlanda_lace.jpg\",\"datePublished\":\"2022-01-13T12:03:35+00:00\",\"dateModified\":\"2025-01-29T21:24:38+00:00\",\"description\":\"La guirlande Laca sera parfaite comme d\u00e9coration pour une chambre d\u2019enfant, une salle de jeux, un anniversaire ou une s\u00e9ance photo\",\"breadcrumb\":{\"@id\":\"https:\/\/cozyanddozy.com\/fr\/produit\/guirlande-boheme-lace-fanion-beige\/#breadcrumb\"},\"inLanguage\":\"fr-FR\",\"potentialAction\":[{\"@type\":\"ReadAction\",\"target\":[\"https:\/\/cozyanddozy.com\/fr\/produit\/guirlande-boheme-lace-fanion-beige\/\"]}]},{\"@type\":\"ImageObject\",\"inLanguage\":\"fr-FR\",\"@id\":\"https:\/\/cozyanddozy.com\/fr\/produit\/guirlande-boheme-lace-fanion-beige\/#primaryimage\",\"url\":\"https:\/\/cozyanddozy.com\/fr\/wp-content\/uploads\/2023\/02\/girlanda_lace.jpg\",\"contentUrl\":\"https:\/\/cozyanddozy.com\/fr\/wp-content\/uploads\/2023\/02\/girlanda_lace.jpg\",\"width\":1200,\"height\":1200},{\"@type\":\"BreadcrumbList\",\"@id\":\"https:\/\/cozyanddozy.com\/fr\/produit\/guirlande-boheme-lace-fanion-beige\/#breadcrumb\",\"itemListElement\":[{\"@type\":\"ListItem\",\"position\":1,\"name\":\"Home\",\"item\":\"https:\/\/cozyanddozy.com\/fr\/\"},{\"@type\":\"ListItem\",\"position\":2,\"name\":\"Boutique\",\"item\":\"https:\/\/cozyanddozy.com\/fr\/boutique\/\"},{\"@type\":\"ListItem\",\"position\":3,\"name\":\"Guirlande boh\u00e8me Lace, fanion beige\"}]},{\"@type\":\"WebSite\",\"@id\":\"https:\/\/cozyanddozy.com\/fr\/#website\",\"url\":\"https:\/\/cozyanddozy.com\/fr\/\",\"name\":\"Cozy & Dozy\",\"description\":\"\",\"publisher\":{\"@id\":\"https:\/\/cozyanddozy.com\/fr\/#organization\"},\"alternateName\":\"Cozy and Dozy\",\"potentialAction\":[{\"@type\":\"SearchAction\",\"target\":{\"@type\":\"EntryPoint\",\"urlTemplate\":\"https:\/\/cozyanddozy.com\/fr\/?s={search_term_string}\"},\"query-input\":{\"@type\":\"PropertyValueSpecification\",\"valueRequired\":true,\"valueName\":\"search_term_string\"}}],\"inLanguage\":\"fr-FR\"},{\"@type\":\"Organization\",\"@id\":\"https:\/\/cozyanddozy.com\/fr\/#organization\",\"name\":\"Cozy & Dozy\",\"url\":\"https:\/\/cozyanddozy.com\/fr\/\",\"logo\":{\"@type\":\"ImageObject\",\"inLanguage\":\"fr-FR\",\"@id\":\"https:\/\/cozyanddozy.com\/fr\/#\/schema\/logo\/image\/\",\"url\":\"https:\/\/cozyanddozy.com\/fr\/wp-content\/uploads\/2023\/02\/cozyanddozy_logo_b.png\",\"contentUrl\":\"https:\/\/cozyanddozy.com\/fr\/wp-content\/uploads\/2023\/02\/cozyanddozy_logo_b.png\",\"width\":314,\"height\":85,\"caption\":\"Cozy & Dozy\"},\"image\":{\"@id\":\"https:\/\/cozyanddozy.com\/fr\/#\/schema\/logo\/image\/\"},\"sameAs\":[\"https:\/\/www.facebook.com\/cozyanddozyshop\",\"https:\/\/www.instagram.com\/cozyanddozy\/\"]}]}<\/script>\n<meta property=\"product:price:amount\" content=\"9.00\" \/>\n<meta property=\"product:price:currency\" content=\"EUR\" \/>\n<meta property=\"og:availability\" content=\"instock\" \/>\n<meta property=\"product:availability\" content=\"instock\" \/>\n<meta property=\"product:retailer_item_id\" content=\"5902701495602\" \/>\n<meta property=\"product:condition\" content=\"new\" \/>\n<!-- \/ Yoast SEO Premium plugin. -->","yoast_head_json":{"title":"Guirlande boh\u00e8me Lace, fanion beige - Cozy & Dozy","description":"La guirlande Laca sera parfaite comme d\u00e9coration pour une chambre d\u2019enfant, une salle de jeux, un anniversaire ou une s\u00e9ance photo","robots":{"index":"index","follow":"follow","max-snippet":"max-snippet:-1","max-image-preview":"max-image-preview:large","max-video-preview":"max-video-preview:-1"},"canonical":"https:\/\/cozyanddozy.com\/fr\/produit\/guirlande-boheme-lace-fanion-beige\/","og_locale":"fr_FR","og_type":"article","og_title":"Guirlande boh\u00e8me Lace, fanion beige","og_description":"La guirlande Laca sera parfaite comme d\u00e9coration pour une chambre d\u2019enfant, une salle de jeux, un anniversaire ou une s\u00e9ance photo","og_url":"https:\/\/cozyanddozy.com\/fr\/produit\/guirlande-boheme-lace-fanion-beige\/","og_site_name":"Cozy &amp; Dozy","article_publisher":"https:\/\/www.facebook.com\/cozyanddozyshop","article_modified_time":"2025-01-29T21:24:38+00:00","og_image":[{"width":1200,"height":1200,"url":"https:\/\/cozyanddozy.com\/fr\/wp-content\/uploads\/2023\/02\/girlanda_lace.jpg","type":"image\/jpeg"}],"twitter_card":"summary_large_image","twitter_misc":{"Prix":"9,00&nbsp;&euro;","Disponibilit\u00e9":"En stock"},"schema":{"@context":"https:\/\/schema.org","@graph":[{"@type":"WebPage","@id":"https:\/\/cozyanddozy.com\/fr\/produit\/guirlande-boheme-lace-fanion-beige\/","url":"https:\/\/cozyanddozy.com\/fr\/produit\/guirlande-boheme-lace-fanion-beige\/","name":"Guirlande boh\u00e8me Lace, fanion beige - Cozy & Dozy","isPartOf":{"@id":"https:\/\/cozyanddozy.com\/fr\/#website"},"primaryImageOfPage":{"@id":"https:\/\/cozyanddozy.com\/fr\/produit\/guirlande-boheme-lace-fanion-beige\/#primaryimage"},"image":{"@id":"https:\/\/cozyanddozy.com\/fr\/produit\/guirlande-boheme-lace-fanion-beige\/#primaryimage"},"thumbnailUrl":"https:\/\/cozyanddozy.com\/fr\/wp-content\/uploads\/2023\/02\/girlanda_lace.jpg","datePublished":"2022-01-13T12:03:35+00:00","dateModified":"2025-01-29T21:24:38+00:00","description":"La guirlande Laca sera parfaite comme d\u00e9coration pour une chambre d\u2019enfant, une salle de jeux, un anniversaire ou une s\u00e9ance photo","breadcrumb":{"@id":"https:\/\/cozyanddozy.com\/fr\/produit\/guirlande-boheme-lace-fanion-beige\/#breadcrumb"},"inLanguage":"fr-FR","potentialAction":[{"@type":"ReadAction","target":["https:\/\/cozyanddozy.com\/fr\/produit\/guirlande-boheme-lace-fanion-beige\/"]}]},{"@type":"ImageObject","inLanguage":"fr-FR","@id":"https:\/\/cozyanddozy.com\/fr\/produit\/guirlande-boheme-lace-fanion-beige\/#primaryimage","url":"https:\/\/cozyanddozy.com\/fr\/wp-content\/uploads\/2023\/02\/girlanda_lace.jpg","contentUrl":"https:\/\/cozyanddozy.com\/fr\/wp-content\/uploads\/2023\/02\/girlanda_lace.jpg","width":1200,"height":1200},{"@type":"BreadcrumbList","@id":"https:\/\/cozyanddozy.com\/fr\/produit\/guirlande-boheme-lace-fanion-beige\/#breadcrumb","itemListElement":[{"@type":"ListItem","position":1,"name":"Home","item":"https:\/\/cozyanddozy.com\/fr\/"},{"@type":"ListItem","position":2,"name":"Boutique","item":"https:\/\/cozyanddozy.com\/fr\/boutique\/"},{"@type":"ListItem","position":3,"name":"Guirlande boh\u00e8me Lace, fanion beige"}]},{"@type":"WebSite","@id":"https:\/\/cozyanddozy.com\/fr\/#website","url":"https:\/\/cozyanddozy.com\/fr\/","name":"Cozy & Dozy","description":"","publisher":{"@id":"https:\/\/cozyanddozy.com\/fr\/#organization"},"alternateName":"Cozy and Dozy","potentialAction":[{"@type":"SearchAction","target":{"@type":"EntryPoint","urlTemplate":"https:\/\/cozyanddozy.com\/fr\/?s={search_term_string}"},"query-input":{"@type":"PropertyValueSpecification","valueRequired":true,"valueName":"search_term_string"}}],"inLanguage":"fr-FR"},{"@type":"Organization","@id":"https:\/\/cozyanddozy.com\/fr\/#organization","name":"Cozy & Dozy","url":"https:\/\/cozyanddozy.com\/fr\/","logo":{"@type":"ImageObject","inLanguage":"fr-FR","@id":"https:\/\/cozyanddozy.com\/fr\/#\/schema\/logo\/image\/","url":"https:\/\/cozyanddozy.com\/fr\/wp-content\/uploads\/2023\/02\/cozyanddozy_logo_b.png","contentUrl":"https:\/\/cozyanddozy.com\/fr\/wp-content\/uploads\/2023\/02\/cozyanddozy_logo_b.png","width":314,"height":85,"caption":"Cozy & Dozy"},"image":{"@id":"https:\/\/cozyanddozy.com\/fr\/#\/schema\/logo\/image\/"},"sameAs":["https:\/\/www.facebook.com\/cozyanddozyshop","https:\/\/www.instagram.com\/cozyanddozy\/"]}]},"product_price_amount":"9.00","product_price_currency":"EUR","og_availability":"instock","product_availability":"instock","product_retailer_item_id":"5902701495602","product_condition":"new"},"_links":{"self":[{"href":"https:\/\/cozyanddozy.com\/fr\/wp-json\/wp\/v2\/product\/538","targetHints":{"allow":["GET"]}}],"collection":[{"href":"https:\/\/cozyanddozy.com\/fr\/wp-json\/wp\/v2\/product"}],"about":[{"href":"https:\/\/cozyanddozy.com\/fr\/wp-json\/wp\/v2\/types\/product"}],"replies":[{"embeddable":true,"href":"https:\/\/cozyanddozy.com\/fr\/wp-json\/wp\/v2\/comments?post=538"}],"wp:featuredmedia":[{"embeddable":true,"href":"https:\/\/cozyanddozy.com\/fr\/wp-json\/wp\/v2\/media\/539"}],"wp:attachment":[{"href":"https:\/\/cozyanddozy.com\/fr\/wp-json\/wp\/v2\/media?parent=538"}],"wp:term":[{"taxonomy":"product_brand","embeddable":true,"href":"https:\/\/cozyanddozy.com\/fr\/wp-json\/wp\/v2\/product_brand?post=538"},{"taxonomy":"product_cat","embeddable":true,"href":"https:\/\/cozyanddozy.com\/fr\/wp-json\/wp\/v2\/product_cat?post=538"},{"taxonomy":"product_tag","embeddable":true,"href":"https:\/\/cozyanddozy.com\/fr\/wp-json\/wp\/v2\/product_tag?post=538"}],"curies":[{"name":"wp","href":"https:\/\/api.w.org\/{rel}","templated":true}]}}