{"id":535,"date":"2022-01-13T11:45:47","date_gmt":"2022-01-13T11:45:47","guid":{"rendered":"https:\/\/cozyanddozy.com\/fr\/product\/garland-candy-grey-kids-room-pennant\/"},"modified":"2025-01-29T22:24:46","modified_gmt":"2025-01-29T21:24:46","slug":"guirlande-gris-candy-grey","status":"publish","type":"product","link":"https:\/\/cozyanddozy.com\/fr\/produit\/guirlande-gris-candy-grey\/","title":{"rendered":"Guirlande Gris Candy Grey"},"content":{"rendered":"<p><b>Gr\u00e2ce \u00e0 Cozy &amp; Dozy, la magie s\u2019installe chez vous<\/b><\/p>\n<p>Nous associons le cirque \u00e0 un lieu o\u00f9 il n\u2019y a pas de limites et o\u00f9 tout est possible. Et aussi avec des personnes pour qui la foi en leurs capacit\u00e9s et leur travail assidu sont les plus importants.<b>\u00a0Nous essayons \u00e9galement d\u2019enseigner ces valeurs \u00e0 nos enfants, c\u2019est pourquoi nous avons cr\u00e9\u00e9 la collection Candy \u2013 c\u2019est pour rappeler aux enfants que le monde leur est ouvert.<\/b><\/p>\n<p>Lorsqu\u2019un enfant voit la guirlande rose bonbon bicolore, il pense imm\u00e9diatement \u00e0 une belle ar\u00e8ne de cirque color\u00e9e. La salle commence \u00e0 prendre des couleurs, et son imagination lui donne des sc\u00e8nes d\u2019acrobaties de cirque \u00e9tonnantes ou de tours de magie. Par cons\u00e9quent, nous sommes s\u00fbrs que la guirlande peut \u00eatre un point de d\u00e9part pour les id\u00e9es des enfants pour s\u2019amuser et passer du temps libre. Gr\u00e2ce \u00e0 lui, les enfants peuvent plonger dans le monde de la fantaisie et des possibilit\u00e9s illimit\u00e9es pendant de longues heures.<\/p>\n<p><b>La guirlande Gris Bonbon sera parfaite en d\u00e9coration pour une chambre d\u2019enfant, une salle de jeux, un anniversaire ou une s\u00e9ance photo. Il ajoutera un caract\u00e8re magique \u00e0 l\u2019int\u00e9rieur et soulignera la force de l\u2019originalit\u00e9.<\/b><\/p>\n<p>De plus, la guirlande a \u00e9t\u00e9 r\u00e9alis\u00e9e dans notre atelier du d\u00e9but \u00e0 la fin. Par cons\u00e9quent, nous pouvons garantir que votre enfant recevra un cadeau unique et irrempla\u00e7able. Le nouvel ornement attirera s\u00fbrement son attention et sera un plaisir. Les enfants aiment aussi montrer des cadeaux \u00e0 leurs amis, et notre guirlande suscitera s\u00fbrement leur int\u00e9r\u00eat.<\/p>\n<p>Votre enfant aime un monde de cirque de conte de f\u00e9es ?<\/p>\n<p>Alors, nous vous invitons \u00e0 vous familiariser avec la tente tipi de la collection Candy. Gr\u00e2ce \u00e0 lui, vous cr\u00e9erez une aire de jeux color\u00e9e et s\u00e9curis\u00e9e pour votre enfant, o\u00f9 il passera s\u00fbrement de longues heures.<\/p>\n<p><b>De plus, nous voulons que chacun trouve le produit parfait dans notre magasin, c\u2019est pourquoi vous trouverez notre collection Candy en trois autres couleurs \u2013 rouge, vert et gris.<\/b><\/p>\n<p>&nbsp;<\/p>\n<p>Dimensions:<\/p>\n<ul>\n<li>Longueur : fil de coton \u2013 160 cm<\/li>\n<li>La taille du fanion : 14 x 11 cm<\/li>\n<\/ul>\n<p>Composition:<\/p>\n<ul>\n<li>D\u00e9coration : 100% (certificat , CE)<\/li>\n<li>Corde : 100 % coton<\/li>\n<\/ul>\n<p>La lessive:<\/p>\n<ul>\n<li>Les d\u00e9corations peuvent \u00eatre lav\u00e9es \u00e0 40 degr\u00e9s,<\/li>\n<li>Spin \u2013 800 tours,<\/li>\n<li>Ne pas nettoyer \u00e0 sec, ne pas blanchir<\/li>\n<li>S\u00e9cher sur une surface plane.<\/li>\n<\/ul>\n","protected":false},"excerpt":{"rendered":"<p>Gr\u00e2ce \u00e0 Cozy &#038; Dozy, la magie s\u2019installe chez vous<\/p>\n","protected":false},"featured_media":536,"comment_status":"open","ping_status":"closed","template":"","meta":[],"product_brand":[],"product_cat":[19],"product_tag":[],"class_list":{"0":"post-535","1":"product","2":"type-product","3":"status-publish","4":"has-post-thumbnail","6":"product_cat-accessories","7":"product_shipping_class-kije","9":"first","10":"instock","11":"sale","12":"product-type-simple"},"yoast_head":"<!-- This site is optimized with the Yoast SEO Premium plugin v21.9 (Yoast SEO v27.0) - https:\/\/yoast.com\/product\/yoast-seo-premium-wordpress\/ -->\n<title>Guirlande Gris Candy Grey - Cozy &amp; Dozy<\/title>\n<meta name=\"description\" content=\"Gr\u00e2ce \u00e0 Cozy &amp; Dozy, la magie s\u2019installe chez vous\" \/>\n<meta name=\"robots\" content=\"index, follow, max-snippet:-1, max-image-preview:large, max-video-preview:-1\" \/>\n<link rel=\"canonical\" href=\"https:\/\/cozyanddozy.com\/fr\/produit\/guirlande-gris-candy-grey\/\" \/>\n<meta property=\"og:locale\" content=\"fr_FR\" \/>\n<meta property=\"og:type\" content=\"article\" \/>\n<meta property=\"og:title\" content=\"Guirlande Gris Candy Grey\" \/>\n<meta property=\"og:description\" content=\"Gr\u00e2ce \u00e0 Cozy &amp; Dozy, la magie s\u2019installe chez vous\" \/>\n<meta property=\"og:url\" content=\"https:\/\/cozyanddozy.com\/fr\/produit\/guirlande-gris-candy-grey\/\" \/>\n<meta property=\"og:site_name\" content=\"Cozy &amp; Dozy\" \/>\n<meta property=\"article:publisher\" content=\"https:\/\/www.facebook.com\/cozyanddozyshop\" \/>\n<meta property=\"article:modified_time\" content=\"2025-01-29T21:24:46+00:00\" \/>\n<meta property=\"og:image\" content=\"https:\/\/cozyanddozy.com\/fr\/wp-content\/uploads\/2023\/02\/girlanda_candy_blue.jpg\" \/>\n\t<meta property=\"og:image:width\" content=\"1200\" \/>\n\t<meta property=\"og:image:height\" content=\"1200\" \/>\n\t<meta property=\"og:image:type\" content=\"image\/jpeg\" \/>\n<meta name=\"twitter:card\" content=\"summary_large_image\" \/>\n<meta name=\"twitter:label1\" content=\"Prix\" \/>\n\t<meta name=\"twitter:data1\" content=\"9,00&nbsp;&euro;\" \/>\n\t<meta name=\"twitter:label2\" content=\"Disponibilit\u00e9\" \/>\n\t<meta name=\"twitter:data2\" content=\"En stock\" \/>\n<script type=\"application\/ld+json\" class=\"yoast-schema-graph\">{\"@context\":\"https:\/\/schema.org\",\"@graph\":[{\"@type\":\"WebPage\",\"@id\":\"https:\/\/cozyanddozy.com\/fr\/produit\/guirlande-gris-candy-grey\/\",\"url\":\"https:\/\/cozyanddozy.com\/fr\/produit\/guirlande-gris-candy-grey\/\",\"name\":\"Guirlande Gris Candy Grey - Cozy & Dozy\",\"isPartOf\":{\"@id\":\"https:\/\/cozyanddozy.com\/fr\/#website\"},\"primaryImageOfPage\":{\"@id\":\"https:\/\/cozyanddozy.com\/fr\/produit\/guirlande-gris-candy-grey\/#primaryimage\"},\"image\":{\"@id\":\"https:\/\/cozyanddozy.com\/fr\/produit\/guirlande-gris-candy-grey\/#primaryimage\"},\"thumbnailUrl\":\"https:\/\/cozyanddozy.com\/fr\/wp-content\/uploads\/2023\/02\/girlanda_candy_blue.jpg\",\"datePublished\":\"2022-01-13T11:45:47+00:00\",\"dateModified\":\"2025-01-29T21:24:46+00:00\",\"description\":\"Gr\u00e2ce \u00e0 Cozy & Dozy, la magie s\u2019installe chez vous\",\"breadcrumb\":{\"@id\":\"https:\/\/cozyanddozy.com\/fr\/produit\/guirlande-gris-candy-grey\/#breadcrumb\"},\"inLanguage\":\"fr-FR\",\"potentialAction\":[{\"@type\":\"ReadAction\",\"target\":[\"https:\/\/cozyanddozy.com\/fr\/produit\/guirlande-gris-candy-grey\/\"]}]},{\"@type\":\"ImageObject\",\"inLanguage\":\"fr-FR\",\"@id\":\"https:\/\/cozyanddozy.com\/fr\/produit\/guirlande-gris-candy-grey\/#primaryimage\",\"url\":\"https:\/\/cozyanddozy.com\/fr\/wp-content\/uploads\/2023\/02\/girlanda_candy_blue.jpg\",\"contentUrl\":\"https:\/\/cozyanddozy.com\/fr\/wp-content\/uploads\/2023\/02\/girlanda_candy_blue.jpg\",\"width\":1200,\"height\":1200},{\"@type\":\"BreadcrumbList\",\"@id\":\"https:\/\/cozyanddozy.com\/fr\/produit\/guirlande-gris-candy-grey\/#breadcrumb\",\"itemListElement\":[{\"@type\":\"ListItem\",\"position\":1,\"name\":\"Home\",\"item\":\"https:\/\/cozyanddozy.com\/fr\/\"},{\"@type\":\"ListItem\",\"position\":2,\"name\":\"Boutique\",\"item\":\"https:\/\/cozyanddozy.com\/fr\/boutique\/\"},{\"@type\":\"ListItem\",\"position\":3,\"name\":\"Guirlande Gris Candy Grey\"}]},{\"@type\":\"WebSite\",\"@id\":\"https:\/\/cozyanddozy.com\/fr\/#website\",\"url\":\"https:\/\/cozyanddozy.com\/fr\/\",\"name\":\"Cozy & Dozy\",\"description\":\"\",\"publisher\":{\"@id\":\"https:\/\/cozyanddozy.com\/fr\/#organization\"},\"alternateName\":\"Cozy and Dozy\",\"potentialAction\":[{\"@type\":\"SearchAction\",\"target\":{\"@type\":\"EntryPoint\",\"urlTemplate\":\"https:\/\/cozyanddozy.com\/fr\/?s={search_term_string}\"},\"query-input\":{\"@type\":\"PropertyValueSpecification\",\"valueRequired\":true,\"valueName\":\"search_term_string\"}}],\"inLanguage\":\"fr-FR\"},{\"@type\":\"Organization\",\"@id\":\"https:\/\/cozyanddozy.com\/fr\/#organization\",\"name\":\"Cozy & Dozy\",\"url\":\"https:\/\/cozyanddozy.com\/fr\/\",\"logo\":{\"@type\":\"ImageObject\",\"inLanguage\":\"fr-FR\",\"@id\":\"https:\/\/cozyanddozy.com\/fr\/#\/schema\/logo\/image\/\",\"url\":\"https:\/\/cozyanddozy.com\/fr\/wp-content\/uploads\/2023\/02\/cozyanddozy_logo_b.png\",\"contentUrl\":\"https:\/\/cozyanddozy.com\/fr\/wp-content\/uploads\/2023\/02\/cozyanddozy_logo_b.png\",\"width\":314,\"height\":85,\"caption\":\"Cozy & Dozy\"},\"image\":{\"@id\":\"https:\/\/cozyanddozy.com\/fr\/#\/schema\/logo\/image\/\"},\"sameAs\":[\"https:\/\/www.facebook.com\/cozyanddozyshop\",\"https:\/\/www.instagram.com\/cozyanddozy\/\"]}]}<\/script>\n<meta property=\"product:price:amount\" content=\"9.00\" \/>\n<meta property=\"product:price:currency\" content=\"EUR\" \/>\n<meta property=\"og:availability\" content=\"instock\" \/>\n<meta property=\"product:availability\" content=\"instock\" \/>\n<meta property=\"product:retailer_item_id\" content=\"5902701495596\" \/>\n<meta property=\"product:condition\" content=\"new\" \/>\n<!-- \/ Yoast SEO Premium plugin. -->","yoast_head_json":{"title":"Guirlande Gris Candy Grey - Cozy & Dozy","description":"Gr\u00e2ce \u00e0 Cozy & Dozy, la magie s\u2019installe chez vous","robots":{"index":"index","follow":"follow","max-snippet":"max-snippet:-1","max-image-preview":"max-image-preview:large","max-video-preview":"max-video-preview:-1"},"canonical":"https:\/\/cozyanddozy.com\/fr\/produit\/guirlande-gris-candy-grey\/","og_locale":"fr_FR","og_type":"article","og_title":"Guirlande Gris Candy Grey","og_description":"Gr\u00e2ce \u00e0 Cozy & Dozy, la magie s\u2019installe chez vous","og_url":"https:\/\/cozyanddozy.com\/fr\/produit\/guirlande-gris-candy-grey\/","og_site_name":"Cozy &amp; Dozy","article_publisher":"https:\/\/www.facebook.com\/cozyanddozyshop","article_modified_time":"2025-01-29T21:24:46+00:00","og_image":[{"width":1200,"height":1200,"url":"https:\/\/cozyanddozy.com\/fr\/wp-content\/uploads\/2023\/02\/girlanda_candy_blue.jpg","type":"image\/jpeg"}],"twitter_card":"summary_large_image","twitter_misc":{"Prix":"9,00&nbsp;&euro;","Disponibilit\u00e9":"En stock"},"schema":{"@context":"https:\/\/schema.org","@graph":[{"@type":"WebPage","@id":"https:\/\/cozyanddozy.com\/fr\/produit\/guirlande-gris-candy-grey\/","url":"https:\/\/cozyanddozy.com\/fr\/produit\/guirlande-gris-candy-grey\/","name":"Guirlande Gris Candy Grey - Cozy & Dozy","isPartOf":{"@id":"https:\/\/cozyanddozy.com\/fr\/#website"},"primaryImageOfPage":{"@id":"https:\/\/cozyanddozy.com\/fr\/produit\/guirlande-gris-candy-grey\/#primaryimage"},"image":{"@id":"https:\/\/cozyanddozy.com\/fr\/produit\/guirlande-gris-candy-grey\/#primaryimage"},"thumbnailUrl":"https:\/\/cozyanddozy.com\/fr\/wp-content\/uploads\/2023\/02\/girlanda_candy_blue.jpg","datePublished":"2022-01-13T11:45:47+00:00","dateModified":"2025-01-29T21:24:46+00:00","description":"Gr\u00e2ce \u00e0 Cozy & Dozy, la magie s\u2019installe chez vous","breadcrumb":{"@id":"https:\/\/cozyanddozy.com\/fr\/produit\/guirlande-gris-candy-grey\/#breadcrumb"},"inLanguage":"fr-FR","potentialAction":[{"@type":"ReadAction","target":["https:\/\/cozyanddozy.com\/fr\/produit\/guirlande-gris-candy-grey\/"]}]},{"@type":"ImageObject","inLanguage":"fr-FR","@id":"https:\/\/cozyanddozy.com\/fr\/produit\/guirlande-gris-candy-grey\/#primaryimage","url":"https:\/\/cozyanddozy.com\/fr\/wp-content\/uploads\/2023\/02\/girlanda_candy_blue.jpg","contentUrl":"https:\/\/cozyanddozy.com\/fr\/wp-content\/uploads\/2023\/02\/girlanda_candy_blue.jpg","width":1200,"height":1200},{"@type":"BreadcrumbList","@id":"https:\/\/cozyanddozy.com\/fr\/produit\/guirlande-gris-candy-grey\/#breadcrumb","itemListElement":[{"@type":"ListItem","position":1,"name":"Home","item":"https:\/\/cozyanddozy.com\/fr\/"},{"@type":"ListItem","position":2,"name":"Boutique","item":"https:\/\/cozyanddozy.com\/fr\/boutique\/"},{"@type":"ListItem","position":3,"name":"Guirlande Gris Candy Grey"}]},{"@type":"WebSite","@id":"https:\/\/cozyanddozy.com\/fr\/#website","url":"https:\/\/cozyanddozy.com\/fr\/","name":"Cozy & Dozy","description":"","publisher":{"@id":"https:\/\/cozyanddozy.com\/fr\/#organization"},"alternateName":"Cozy and Dozy","potentialAction":[{"@type":"SearchAction","target":{"@type":"EntryPoint","urlTemplate":"https:\/\/cozyanddozy.com\/fr\/?s={search_term_string}"},"query-input":{"@type":"PropertyValueSpecification","valueRequired":true,"valueName":"search_term_string"}}],"inLanguage":"fr-FR"},{"@type":"Organization","@id":"https:\/\/cozyanddozy.com\/fr\/#organization","name":"Cozy & Dozy","url":"https:\/\/cozyanddozy.com\/fr\/","logo":{"@type":"ImageObject","inLanguage":"fr-FR","@id":"https:\/\/cozyanddozy.com\/fr\/#\/schema\/logo\/image\/","url":"https:\/\/cozyanddozy.com\/fr\/wp-content\/uploads\/2023\/02\/cozyanddozy_logo_b.png","contentUrl":"https:\/\/cozyanddozy.com\/fr\/wp-content\/uploads\/2023\/02\/cozyanddozy_logo_b.png","width":314,"height":85,"caption":"Cozy & Dozy"},"image":{"@id":"https:\/\/cozyanddozy.com\/fr\/#\/schema\/logo\/image\/"},"sameAs":["https:\/\/www.facebook.com\/cozyanddozyshop","https:\/\/www.instagram.com\/cozyanddozy\/"]}]},"product_price_amount":"9.00","product_price_currency":"EUR","og_availability":"instock","product_availability":"instock","product_retailer_item_id":"5902701495596","product_condition":"new"},"_links":{"self":[{"href":"https:\/\/cozyanddozy.com\/fr\/wp-json\/wp\/v2\/product\/535","targetHints":{"allow":["GET"]}}],"collection":[{"href":"https:\/\/cozyanddozy.com\/fr\/wp-json\/wp\/v2\/product"}],"about":[{"href":"https:\/\/cozyanddozy.com\/fr\/wp-json\/wp\/v2\/types\/product"}],"replies":[{"embeddable":true,"href":"https:\/\/cozyanddozy.com\/fr\/wp-json\/wp\/v2\/comments?post=535"}],"wp:featuredmedia":[{"embeddable":true,"href":"https:\/\/cozyanddozy.com\/fr\/wp-json\/wp\/v2\/media\/536"}],"wp:attachment":[{"href":"https:\/\/cozyanddozy.com\/fr\/wp-json\/wp\/v2\/media?parent=535"}],"wp:term":[{"taxonomy":"product_brand","embeddable":true,"href":"https:\/\/cozyanddozy.com\/fr\/wp-json\/wp\/v2\/product_brand?post=535"},{"taxonomy":"product_cat","embeddable":true,"href":"https:\/\/cozyanddozy.com\/fr\/wp-json\/wp\/v2\/product_cat?post=535"},{"taxonomy":"product_tag","embeddable":true,"href":"https:\/\/cozyanddozy.com\/fr\/wp-json\/wp\/v2\/product_tag?post=535"}],"curies":[{"name":"wp","href":"https:\/\/api.w.org\/{rel}","templated":true}]}}