{"id":520,"date":"2022-01-11T12:53:40","date_gmt":"2022-01-11T12:53:40","guid":{"rendered":"https:\/\/cozyanddozy.com\/fr\/product\/garland-velvet-blue-sea\/"},"modified":"2023-11-08T16:20:18","modified_gmt":"2023-11-08T15:20:18","slug":"guirlande-bleue-velours-blue-sea","status":"publish","type":"product","link":"https:\/\/cozyanddozy.com\/fr\/produit\/guirlande-bleue-velours-blue-sea\/","title":{"rendered":"Guirlande bleue Velours \u2013 Blue Sea"},"content":{"rendered":"<h3>Plongez dans le monde sous-marin avec Cozy &amp; Dozy<\/h3>\n<p><strong>La guirlande Blue Sea est une id\u00e9e cadeau parfaite pour un tout-petit et un enfant plus \u00e2g\u00e9. Les motifs marins qui le composent (5 pendentifs \u2013 3 \u00e9toiles de mer et coquillages) inciteront certainement l\u2019enfant \u00e0 mieux conna\u00eetre le monde sous-marin. Un ornement dans des tons pastel de bleu s\u2019int\u00e9grera \u00e9galement \u00e0 merveille dans tous les int\u00e9rieurs.<\/strong><\/p>\n<p>Des guirlandes en mati\u00e8res douces font d\u2019une chambre d\u2019enfant un endroit chaleureux et cosy. Un endroit o\u00f9 un enfant peut se sentir en s\u00e9curit\u00e9 et \u00e0 l\u2019aise. Gr\u00e2ce \u00e0 cela, il est plus susceptible d\u2019y passer du temps, de jouer et de se reposer.<\/p>\n<p><strong>La guirlande Blue Sea sera parfaite comme d\u00e9coration pour une chambre d\u2019enfant, une salle de jeux, un anniversaire ou une s\u00e9ance photo. Elle ajoutera un caract\u00e8re magique \u00e0 l\u2019int\u00e9rieur et soulignera la force de l\u2019originalit\u00e9.<\/strong><\/p>\n<p>De plus, la guirlande a \u00e9t\u00e9 r\u00e9alis\u00e9e dans notre atelier du d\u00e9but \u00e0 la fin. Par cons\u00e9quent, l\u2019enfant recevra un cadeau unique et irrempla\u00e7able, qui attirera s\u00fbrement son attention et lui procurera beaucoup de plaisir. Les enfants aiment aussi montrer des cadeaux \u00e0 leurs amis, et notre guirlande suscitera s\u00fbrement leur int\u00e9r\u00eat.<\/p>\n<p>La s\u00e9curit\u00e9 des enfants est notre premi\u00e8re priorit\u00e9, c\u2019est pourquoi la guirlande est compos\u00e9e \u00e0 100% de velours de la plus haute qualit\u00e9. Ce mat\u00e9riau est certifi\u00e9 , ce qui signifie qu\u2019il convient aux peaux m\u00eame sensibles \u2013 il ne provoque pas d\u2019allergies ni d\u2019irritations. Ainsi, vous pouvez offrir notre produit \u00e0 votre enfant sans aucun souci.<\/p>\n<p><strong>Votre enfant aime l\u2019ambiance marine ?<\/strong><\/p>\n<p>La guirlande Blue Sea s\u2019harmonise parfaitement avec les autres produits de la collection maritime \u2013 dans l\u2019offre de Cozy &amp; Dozy, vous trouverez une tente tipi, des tapis et des oreillers pour l\u2019ensemble. Ainsi, vous pouvez cr\u00e9er un espace coh\u00e9rent pour votre enfant rempli d\u2019une vari\u00e9t\u00e9 de produits avec lesquels l\u2019ennui ne s\u2019installera certainement pas dans la pi\u00e8ce.<\/p>\n<p>Nous nous effor\u00e7ons de faire en sorte que chacun puisse trouver le produit parfait dans notre magasin. Par cons\u00e9quent, si votre enfant pr\u00e9f\u00e8re le rose au bleu, vous pouvez \u00e9galement trouver cette variante de couleur de la collection marine dans notre offre. La version rose de la guirlande Blue Sea s\u2019appelle Pink Mermaid.<\/p>\n<p>Dimensions:<\/p>\n<p>* Longueur : ficelle en coton \u2013 235 cm<\/p>\n<p>* Taille des ornements : \u00e9toile de mer \u2013 22 x 22 cm, coquillages 19 x 17 cm<\/p>\n<p>Composition:<\/p>\n<p>* D\u00e9coration : 100% velours (certificat , CE)<\/p>\n<p>* Corde : 100 % coton<\/p>\n<p>La lessive:<\/p>\n<p>* Les d\u00e9corations peuvent \u00eatre lav\u00e9es \u00e0 40 degr\u00e9s,<\/p>\n<p>* Spin \u2013 800 tours,<\/p>\n<p>* Ne pas nettoyer \u00e0 sec, ne pas javelliser<\/p>\n<p>* S\u00e9cher sur une surface plane.<\/p>\n","protected":false},"excerpt":{"rendered":"<p>Plongez dans le monde sous-marin avec Cozy &#038; Dozy<\/p>\n","protected":false},"featured_media":521,"comment_status":"open","ping_status":"closed","template":"","meta":[],"product_brand":[],"product_cat":[19],"product_tag":[],"class_list":{"0":"post-520","1":"product","2":"type-product","3":"status-publish","4":"has-post-thumbnail","6":"product_cat-accessories","7":"product_shipping_class-kije","9":"first","10":"instock","11":"product-type-simple"},"yoast_head":"<!-- This site is optimized with the Yoast SEO Premium plugin v21.9 (Yoast SEO v27.0) - https:\/\/yoast.com\/product\/yoast-seo-premium-wordpress\/ -->\n<title>Guirlande bleue Velours \u2013 Blue Sea - Cozy &amp; Dozy<\/title>\n<meta name=\"description\" content=\"Plongez dans le monde sous-marin avec Cozy &amp; Dozy\" \/>\n<meta name=\"robots\" content=\"index, follow, max-snippet:-1, max-image-preview:large, max-video-preview:-1\" \/>\n<link rel=\"canonical\" href=\"https:\/\/cozyanddozy.com\/fr\/produit\/guirlande-bleue-velours-blue-sea\/\" \/>\n<meta property=\"og:locale\" content=\"fr_FR\" \/>\n<meta property=\"og:type\" content=\"article\" \/>\n<meta property=\"og:title\" content=\"Guirlande bleue Velours \u2013 Blue Sea\" \/>\n<meta property=\"og:description\" content=\"Plongez dans le monde sous-marin avec Cozy &amp; Dozy\" \/>\n<meta property=\"og:url\" content=\"https:\/\/cozyanddozy.com\/fr\/produit\/guirlande-bleue-velours-blue-sea\/\" \/>\n<meta property=\"og:site_name\" content=\"Cozy &amp; Dozy\" \/>\n<meta property=\"article:publisher\" content=\"https:\/\/www.facebook.com\/cozyanddozyshop\" \/>\n<meta property=\"article:modified_time\" content=\"2023-11-08T15:20:18+00:00\" \/>\n<meta property=\"og:image\" content=\"https:\/\/cozyanddozy.com\/fr\/wp-content\/uploads\/2023\/02\/girlanda_blue_sea.jpg\" \/>\n\t<meta property=\"og:image:width\" content=\"1200\" \/>\n\t<meta property=\"og:image:height\" content=\"1200\" \/>\n\t<meta property=\"og:image:type\" content=\"image\/jpeg\" \/>\n<meta name=\"twitter:card\" content=\"summary_large_image\" \/>\n<meta name=\"twitter:label1\" content=\"Prix\" \/>\n\t<meta name=\"twitter:data1\" content=\"34,99&nbsp;&euro;\" \/>\n\t<meta name=\"twitter:label2\" content=\"Disponibilit\u00e9\" \/>\n\t<meta name=\"twitter:data2\" content=\"En stock\" \/>\n<script type=\"application\/ld+json\" class=\"yoast-schema-graph\">{\"@context\":\"https:\/\/schema.org\",\"@graph\":[{\"@type\":\"WebPage\",\"@id\":\"https:\/\/cozyanddozy.com\/fr\/produit\/guirlande-bleue-velours-blue-sea\/\",\"url\":\"https:\/\/cozyanddozy.com\/fr\/produit\/guirlande-bleue-velours-blue-sea\/\",\"name\":\"Guirlande bleue Velours \u2013 Blue Sea - Cozy & Dozy\",\"isPartOf\":{\"@id\":\"https:\/\/cozyanddozy.com\/fr\/#website\"},\"primaryImageOfPage\":{\"@id\":\"https:\/\/cozyanddozy.com\/fr\/produit\/guirlande-bleue-velours-blue-sea\/#primaryimage\"},\"image\":{\"@id\":\"https:\/\/cozyanddozy.com\/fr\/produit\/guirlande-bleue-velours-blue-sea\/#primaryimage\"},\"thumbnailUrl\":\"https:\/\/cozyanddozy.com\/fr\/wp-content\/uploads\/2023\/02\/girlanda_blue_sea.jpg\",\"datePublished\":\"2022-01-11T12:53:40+00:00\",\"dateModified\":\"2023-11-08T15:20:18+00:00\",\"description\":\"Plongez dans le monde sous-marin avec Cozy & Dozy\",\"breadcrumb\":{\"@id\":\"https:\/\/cozyanddozy.com\/fr\/produit\/guirlande-bleue-velours-blue-sea\/#breadcrumb\"},\"inLanguage\":\"fr-FR\",\"potentialAction\":[{\"@type\":\"ReadAction\",\"target\":[\"https:\/\/cozyanddozy.com\/fr\/produit\/guirlande-bleue-velours-blue-sea\/\"]}]},{\"@type\":\"ImageObject\",\"inLanguage\":\"fr-FR\",\"@id\":\"https:\/\/cozyanddozy.com\/fr\/produit\/guirlande-bleue-velours-blue-sea\/#primaryimage\",\"url\":\"https:\/\/cozyanddozy.com\/fr\/wp-content\/uploads\/2023\/02\/girlanda_blue_sea.jpg\",\"contentUrl\":\"https:\/\/cozyanddozy.com\/fr\/wp-content\/uploads\/2023\/02\/girlanda_blue_sea.jpg\",\"width\":1200,\"height\":1200},{\"@type\":\"BreadcrumbList\",\"@id\":\"https:\/\/cozyanddozy.com\/fr\/produit\/guirlande-bleue-velours-blue-sea\/#breadcrumb\",\"itemListElement\":[{\"@type\":\"ListItem\",\"position\":1,\"name\":\"Home\",\"item\":\"https:\/\/cozyanddozy.com\/fr\/\"},{\"@type\":\"ListItem\",\"position\":2,\"name\":\"Boutique\",\"item\":\"https:\/\/cozyanddozy.com\/fr\/boutique\/\"},{\"@type\":\"ListItem\",\"position\":3,\"name\":\"Guirlande bleue Velours \u2013 Blue Sea\"}]},{\"@type\":\"WebSite\",\"@id\":\"https:\/\/cozyanddozy.com\/fr\/#website\",\"url\":\"https:\/\/cozyanddozy.com\/fr\/\",\"name\":\"Cozy & Dozy\",\"description\":\"\",\"publisher\":{\"@id\":\"https:\/\/cozyanddozy.com\/fr\/#organization\"},\"alternateName\":\"Cozy and Dozy\",\"potentialAction\":[{\"@type\":\"SearchAction\",\"target\":{\"@type\":\"EntryPoint\",\"urlTemplate\":\"https:\/\/cozyanddozy.com\/fr\/?s={search_term_string}\"},\"query-input\":{\"@type\":\"PropertyValueSpecification\",\"valueRequired\":true,\"valueName\":\"search_term_string\"}}],\"inLanguage\":\"fr-FR\"},{\"@type\":\"Organization\",\"@id\":\"https:\/\/cozyanddozy.com\/fr\/#organization\",\"name\":\"Cozy & Dozy\",\"url\":\"https:\/\/cozyanddozy.com\/fr\/\",\"logo\":{\"@type\":\"ImageObject\",\"inLanguage\":\"fr-FR\",\"@id\":\"https:\/\/cozyanddozy.com\/fr\/#\/schema\/logo\/image\/\",\"url\":\"https:\/\/cozyanddozy.com\/fr\/wp-content\/uploads\/2023\/02\/cozyanddozy_logo_b.png\",\"contentUrl\":\"https:\/\/cozyanddozy.com\/fr\/wp-content\/uploads\/2023\/02\/cozyanddozy_logo_b.png\",\"width\":314,\"height\":85,\"caption\":\"Cozy & Dozy\"},\"image\":{\"@id\":\"https:\/\/cozyanddozy.com\/fr\/#\/schema\/logo\/image\/\"},\"sameAs\":[\"https:\/\/www.facebook.com\/cozyanddozyshop\",\"https:\/\/www.instagram.com\/cozyanddozy\/\"]}]}<\/script>\n<meta property=\"product:price:amount\" content=\"34.99\" \/>\n<meta property=\"product:price:currency\" content=\"EUR\" \/>\n<meta property=\"og:availability\" content=\"instock\" \/>\n<meta property=\"product:availability\" content=\"instock\" \/>\n<meta property=\"product:retailer_item_id\" content=\"5902701495619\" \/>\n<meta property=\"product:condition\" content=\"new\" \/>\n<!-- \/ Yoast SEO Premium plugin. -->","yoast_head_json":{"title":"Guirlande bleue Velours \u2013 Blue Sea - Cozy & Dozy","description":"Plongez dans le monde sous-marin avec Cozy & Dozy","robots":{"index":"index","follow":"follow","max-snippet":"max-snippet:-1","max-image-preview":"max-image-preview:large","max-video-preview":"max-video-preview:-1"},"canonical":"https:\/\/cozyanddozy.com\/fr\/produit\/guirlande-bleue-velours-blue-sea\/","og_locale":"fr_FR","og_type":"article","og_title":"Guirlande bleue Velours \u2013 Blue Sea","og_description":"Plongez dans le monde sous-marin avec Cozy & Dozy","og_url":"https:\/\/cozyanddozy.com\/fr\/produit\/guirlande-bleue-velours-blue-sea\/","og_site_name":"Cozy &amp; Dozy","article_publisher":"https:\/\/www.facebook.com\/cozyanddozyshop","article_modified_time":"2023-11-08T15:20:18+00:00","og_image":[{"width":1200,"height":1200,"url":"https:\/\/cozyanddozy.com\/fr\/wp-content\/uploads\/2023\/02\/girlanda_blue_sea.jpg","type":"image\/jpeg"}],"twitter_card":"summary_large_image","twitter_misc":{"Prix":"34,99&nbsp;&euro;","Disponibilit\u00e9":"En stock"},"schema":{"@context":"https:\/\/schema.org","@graph":[{"@type":"WebPage","@id":"https:\/\/cozyanddozy.com\/fr\/produit\/guirlande-bleue-velours-blue-sea\/","url":"https:\/\/cozyanddozy.com\/fr\/produit\/guirlande-bleue-velours-blue-sea\/","name":"Guirlande bleue Velours \u2013 Blue Sea - Cozy & Dozy","isPartOf":{"@id":"https:\/\/cozyanddozy.com\/fr\/#website"},"primaryImageOfPage":{"@id":"https:\/\/cozyanddozy.com\/fr\/produit\/guirlande-bleue-velours-blue-sea\/#primaryimage"},"image":{"@id":"https:\/\/cozyanddozy.com\/fr\/produit\/guirlande-bleue-velours-blue-sea\/#primaryimage"},"thumbnailUrl":"https:\/\/cozyanddozy.com\/fr\/wp-content\/uploads\/2023\/02\/girlanda_blue_sea.jpg","datePublished":"2022-01-11T12:53:40+00:00","dateModified":"2023-11-08T15:20:18+00:00","description":"Plongez dans le monde sous-marin avec Cozy & Dozy","breadcrumb":{"@id":"https:\/\/cozyanddozy.com\/fr\/produit\/guirlande-bleue-velours-blue-sea\/#breadcrumb"},"inLanguage":"fr-FR","potentialAction":[{"@type":"ReadAction","target":["https:\/\/cozyanddozy.com\/fr\/produit\/guirlande-bleue-velours-blue-sea\/"]}]},{"@type":"ImageObject","inLanguage":"fr-FR","@id":"https:\/\/cozyanddozy.com\/fr\/produit\/guirlande-bleue-velours-blue-sea\/#primaryimage","url":"https:\/\/cozyanddozy.com\/fr\/wp-content\/uploads\/2023\/02\/girlanda_blue_sea.jpg","contentUrl":"https:\/\/cozyanddozy.com\/fr\/wp-content\/uploads\/2023\/02\/girlanda_blue_sea.jpg","width":1200,"height":1200},{"@type":"BreadcrumbList","@id":"https:\/\/cozyanddozy.com\/fr\/produit\/guirlande-bleue-velours-blue-sea\/#breadcrumb","itemListElement":[{"@type":"ListItem","position":1,"name":"Home","item":"https:\/\/cozyanddozy.com\/fr\/"},{"@type":"ListItem","position":2,"name":"Boutique","item":"https:\/\/cozyanddozy.com\/fr\/boutique\/"},{"@type":"ListItem","position":3,"name":"Guirlande bleue Velours \u2013 Blue Sea"}]},{"@type":"WebSite","@id":"https:\/\/cozyanddozy.com\/fr\/#website","url":"https:\/\/cozyanddozy.com\/fr\/","name":"Cozy & Dozy","description":"","publisher":{"@id":"https:\/\/cozyanddozy.com\/fr\/#organization"},"alternateName":"Cozy and Dozy","potentialAction":[{"@type":"SearchAction","target":{"@type":"EntryPoint","urlTemplate":"https:\/\/cozyanddozy.com\/fr\/?s={search_term_string}"},"query-input":{"@type":"PropertyValueSpecification","valueRequired":true,"valueName":"search_term_string"}}],"inLanguage":"fr-FR"},{"@type":"Organization","@id":"https:\/\/cozyanddozy.com\/fr\/#organization","name":"Cozy & Dozy","url":"https:\/\/cozyanddozy.com\/fr\/","logo":{"@type":"ImageObject","inLanguage":"fr-FR","@id":"https:\/\/cozyanddozy.com\/fr\/#\/schema\/logo\/image\/","url":"https:\/\/cozyanddozy.com\/fr\/wp-content\/uploads\/2023\/02\/cozyanddozy_logo_b.png","contentUrl":"https:\/\/cozyanddozy.com\/fr\/wp-content\/uploads\/2023\/02\/cozyanddozy_logo_b.png","width":314,"height":85,"caption":"Cozy & Dozy"},"image":{"@id":"https:\/\/cozyanddozy.com\/fr\/#\/schema\/logo\/image\/"},"sameAs":["https:\/\/www.facebook.com\/cozyanddozyshop","https:\/\/www.instagram.com\/cozyanddozy\/"]}]},"product_price_amount":"34.99","product_price_currency":"EUR","og_availability":"instock","product_availability":"instock","product_retailer_item_id":"5902701495619","product_condition":"new"},"_links":{"self":[{"href":"https:\/\/cozyanddozy.com\/fr\/wp-json\/wp\/v2\/product\/520","targetHints":{"allow":["GET"]}}],"collection":[{"href":"https:\/\/cozyanddozy.com\/fr\/wp-json\/wp\/v2\/product"}],"about":[{"href":"https:\/\/cozyanddozy.com\/fr\/wp-json\/wp\/v2\/types\/product"}],"replies":[{"embeddable":true,"href":"https:\/\/cozyanddozy.com\/fr\/wp-json\/wp\/v2\/comments?post=520"}],"wp:featuredmedia":[{"embeddable":true,"href":"https:\/\/cozyanddozy.com\/fr\/wp-json\/wp\/v2\/media\/521"}],"wp:attachment":[{"href":"https:\/\/cozyanddozy.com\/fr\/wp-json\/wp\/v2\/media?parent=520"}],"wp:term":[{"taxonomy":"product_brand","embeddable":true,"href":"https:\/\/cozyanddozy.com\/fr\/wp-json\/wp\/v2\/product_brand?post=520"},{"taxonomy":"product_cat","embeddable":true,"href":"https:\/\/cozyanddozy.com\/fr\/wp-json\/wp\/v2\/product_cat?post=520"},{"taxonomy":"product_tag","embeddable":true,"href":"https:\/\/cozyanddozy.com\/fr\/wp-json\/wp\/v2\/product_tag?post=520"}],"curies":[{"name":"wp","href":"https:\/\/api.w.org\/{rel}","templated":true}]}}