{"id":485,"date":"2021-11-09T11:22:53","date_gmt":"2021-11-09T11:22:53","guid":{"rendered":"https:\/\/cozyanddozy.com\/fr\/product\/tipi-stabilizer-kit-teepee-poles-fixator\/"},"modified":"2024-01-23T11:51:48","modified_gmt":"2024-01-23T10:51:48","slug":"le-stabilisateur-tipi-teepee-tent-stabilizer","status":"publish","type":"product","link":"https:\/\/cozyanddozy.com\/fr\/produit\/le-stabilisateur-tipi-teepee-tent-stabilizer\/","title":{"rendered":"Le stabilisateur Tipi, Teepee tent stabilizer"},"content":{"rendered":"<h3>Le stabilisateur Tipi rend la tente stable et le cadre est rigide.<\/h3>\n<p>Gr\u00e2ce \u00e0 la bonne r\u00e9partition des piquets dans la tente, le mat\u00e9riau est toujours \u00e9tanche<\/p>\n<p><strong>Le stabilisateur garantit un jeu s\u00fbr et un bel aspect de la tente.<\/strong><\/p>\n<p>Le kit de stabilisation comprend :<\/p>\n<ul>\n<li>stabilisateur<\/li>\n<li>instruction<\/li>\n<\/ul>\n","protected":false},"excerpt":{"rendered":"<p>Le stabilisateur garantit un jeu s\u00fbr et un bel aspect de la tente.<\/p>\n","protected":false},"featured_media":486,"comment_status":"open","ping_status":"closed","template":"","meta":[],"product_brand":[],"product_cat":[19,16],"product_tag":[],"class_list":{"0":"post-485","1":"product","2":"type-product","3":"status-publish","4":"has-post-thumbnail","6":"product_cat-accessories","7":"product_cat-tentes-tipi","8":"product_shipping_class-kije","10":"first","11":"instock","12":"sale","13":"product-type-simple"},"yoast_head":"<!-- This site is optimized with the Yoast SEO Premium plugin v21.9 (Yoast SEO v27.0) - https:\/\/yoast.com\/product\/yoast-seo-premium-wordpress\/ -->\n<title>Le stabilisateur Tipi, Teepee tent stabilizer - Cozy &amp; Dozy<\/title>\n<meta name=\"description\" content=\"Le stabilisateur garantit un jeu s\u00fbr et un bel aspect de la tente.\" \/>\n<meta name=\"robots\" content=\"index, follow, max-snippet:-1, max-image-preview:large, max-video-preview:-1\" \/>\n<link rel=\"canonical\" href=\"https:\/\/cozyanddozy.com\/fr\/produit\/le-stabilisateur-tipi-teepee-tent-stabilizer\/\" \/>\n<meta property=\"og:locale\" content=\"fr_FR\" \/>\n<meta property=\"og:type\" content=\"article\" \/>\n<meta property=\"og:title\" content=\"Le stabilisateur Tipi, Teepee tent stabilizer\" \/>\n<meta property=\"og:description\" content=\"Le stabilisateur garantit un jeu s\u00fbr et un bel aspect de la tente.\" \/>\n<meta property=\"og:url\" content=\"https:\/\/cozyanddozy.com\/fr\/produit\/le-stabilisateur-tipi-teepee-tent-stabilizer\/\" \/>\n<meta property=\"og:site_name\" content=\"Cozy &amp; Dozy\" \/>\n<meta property=\"article:publisher\" content=\"https:\/\/www.facebook.com\/cozyanddozyshop\" \/>\n<meta property=\"article:modified_time\" content=\"2024-01-23T10:51:48+00:00\" \/>\n<meta property=\"og:image\" content=\"https:\/\/cozyanddozy.com\/fr\/wp-content\/uploads\/2023\/02\/stabilizator-1.png\" \/>\n\t<meta property=\"og:image:width\" content=\"1000\" \/>\n\t<meta property=\"og:image:height\" content=\"998\" \/>\n\t<meta property=\"og:image:type\" content=\"image\/png\" \/>\n<meta name=\"twitter:card\" content=\"summary_large_image\" \/>\n<meta name=\"twitter:label1\" content=\"Prix\" \/>\n\t<meta name=\"twitter:data1\" content=\"17,10&nbsp;&euro;\" \/>\n\t<meta name=\"twitter:label2\" content=\"Disponibilit\u00e9\" \/>\n\t<meta name=\"twitter:data2\" content=\"En stock\" \/>\n<script type=\"application\/ld+json\" class=\"yoast-schema-graph\">{\"@context\":\"https:\/\/schema.org\",\"@graph\":[{\"@type\":\"WebPage\",\"@id\":\"https:\/\/cozyanddozy.com\/fr\/produit\/le-stabilisateur-tipi-teepee-tent-stabilizer\/\",\"url\":\"https:\/\/cozyanddozy.com\/fr\/produit\/le-stabilisateur-tipi-teepee-tent-stabilizer\/\",\"name\":\"Le stabilisateur Tipi, Teepee tent stabilizer - Cozy & Dozy\",\"isPartOf\":{\"@id\":\"https:\/\/cozyanddozy.com\/fr\/#website\"},\"primaryImageOfPage\":{\"@id\":\"https:\/\/cozyanddozy.com\/fr\/produit\/le-stabilisateur-tipi-teepee-tent-stabilizer\/#primaryimage\"},\"image\":{\"@id\":\"https:\/\/cozyanddozy.com\/fr\/produit\/le-stabilisateur-tipi-teepee-tent-stabilizer\/#primaryimage\"},\"thumbnailUrl\":\"https:\/\/cozyanddozy.com\/fr\/wp-content\/uploads\/2023\/02\/stabilizator-1.png\",\"datePublished\":\"2021-11-09T11:22:53+00:00\",\"dateModified\":\"2024-01-23T10:51:48+00:00\",\"description\":\"Le stabilisateur garantit un jeu s\u00fbr et un bel aspect de la tente.\",\"breadcrumb\":{\"@id\":\"https:\/\/cozyanddozy.com\/fr\/produit\/le-stabilisateur-tipi-teepee-tent-stabilizer\/#breadcrumb\"},\"inLanguage\":\"fr-FR\",\"potentialAction\":[{\"@type\":\"ReadAction\",\"target\":[\"https:\/\/cozyanddozy.com\/fr\/produit\/le-stabilisateur-tipi-teepee-tent-stabilizer\/\"]}]},{\"@type\":\"ImageObject\",\"inLanguage\":\"fr-FR\",\"@id\":\"https:\/\/cozyanddozy.com\/fr\/produit\/le-stabilisateur-tipi-teepee-tent-stabilizer\/#primaryimage\",\"url\":\"https:\/\/cozyanddozy.com\/fr\/wp-content\/uploads\/2023\/02\/stabilizator-1.png\",\"contentUrl\":\"https:\/\/cozyanddozy.com\/fr\/wp-content\/uploads\/2023\/02\/stabilizator-1.png\",\"width\":1000,\"height\":998},{\"@type\":\"BreadcrumbList\",\"@id\":\"https:\/\/cozyanddozy.com\/fr\/produit\/le-stabilisateur-tipi-teepee-tent-stabilizer\/#breadcrumb\",\"itemListElement\":[{\"@type\":\"ListItem\",\"position\":1,\"name\":\"Home\",\"item\":\"https:\/\/cozyanddozy.com\/fr\/\"},{\"@type\":\"ListItem\",\"position\":2,\"name\":\"Boutique\",\"item\":\"https:\/\/cozyanddozy.com\/fr\/boutique\/\"},{\"@type\":\"ListItem\",\"position\":3,\"name\":\"Le stabilisateur Tipi, Teepee tent stabilizer\"}]},{\"@type\":\"WebSite\",\"@id\":\"https:\/\/cozyanddozy.com\/fr\/#website\",\"url\":\"https:\/\/cozyanddozy.com\/fr\/\",\"name\":\"Cozy & Dozy\",\"description\":\"\",\"publisher\":{\"@id\":\"https:\/\/cozyanddozy.com\/fr\/#organization\"},\"alternateName\":\"Cozy and Dozy\",\"potentialAction\":[{\"@type\":\"SearchAction\",\"target\":{\"@type\":\"EntryPoint\",\"urlTemplate\":\"https:\/\/cozyanddozy.com\/fr\/?s={search_term_string}\"},\"query-input\":{\"@type\":\"PropertyValueSpecification\",\"valueRequired\":true,\"valueName\":\"search_term_string\"}}],\"inLanguage\":\"fr-FR\"},{\"@type\":\"Organization\",\"@id\":\"https:\/\/cozyanddozy.com\/fr\/#organization\",\"name\":\"Cozy & Dozy\",\"url\":\"https:\/\/cozyanddozy.com\/fr\/\",\"logo\":{\"@type\":\"ImageObject\",\"inLanguage\":\"fr-FR\",\"@id\":\"https:\/\/cozyanddozy.com\/fr\/#\/schema\/logo\/image\/\",\"url\":\"https:\/\/cozyanddozy.com\/fr\/wp-content\/uploads\/2023\/02\/cozyanddozy_logo_b.png\",\"contentUrl\":\"https:\/\/cozyanddozy.com\/fr\/wp-content\/uploads\/2023\/02\/cozyanddozy_logo_b.png\",\"width\":314,\"height\":85,\"caption\":\"Cozy & Dozy\"},\"image\":{\"@id\":\"https:\/\/cozyanddozy.com\/fr\/#\/schema\/logo\/image\/\"},\"sameAs\":[\"https:\/\/www.facebook.com\/cozyanddozyshop\",\"https:\/\/www.instagram.com\/cozyanddozy\/\"]}]}<\/script>\n<meta property=\"product:price:amount\" content=\"17.10\" \/>\n<meta property=\"product:price:currency\" content=\"EUR\" \/>\n<meta property=\"og:availability\" content=\"instock\" \/>\n<meta property=\"product:availability\" content=\"instock\" \/>\n<meta property=\"product:retailer_item_id\" content=\"TIPI_STABI\" \/>\n<meta property=\"product:condition\" content=\"new\" \/>\n<!-- \/ Yoast SEO Premium plugin. -->","yoast_head_json":{"title":"Le stabilisateur Tipi, Teepee tent stabilizer - Cozy & Dozy","description":"Le stabilisateur garantit un jeu s\u00fbr et un bel aspect de la tente.","robots":{"index":"index","follow":"follow","max-snippet":"max-snippet:-1","max-image-preview":"max-image-preview:large","max-video-preview":"max-video-preview:-1"},"canonical":"https:\/\/cozyanddozy.com\/fr\/produit\/le-stabilisateur-tipi-teepee-tent-stabilizer\/","og_locale":"fr_FR","og_type":"article","og_title":"Le stabilisateur Tipi, Teepee tent stabilizer","og_description":"Le stabilisateur garantit un jeu s\u00fbr et un bel aspect de la tente.","og_url":"https:\/\/cozyanddozy.com\/fr\/produit\/le-stabilisateur-tipi-teepee-tent-stabilizer\/","og_site_name":"Cozy &amp; Dozy","article_publisher":"https:\/\/www.facebook.com\/cozyanddozyshop","article_modified_time":"2024-01-23T10:51:48+00:00","og_image":[{"width":1000,"height":998,"url":"https:\/\/cozyanddozy.com\/fr\/wp-content\/uploads\/2023\/02\/stabilizator-1.png","type":"image\/png"}],"twitter_card":"summary_large_image","twitter_misc":{"Prix":"17,10&nbsp;&euro;","Disponibilit\u00e9":"En stock"},"schema":{"@context":"https:\/\/schema.org","@graph":[{"@type":"WebPage","@id":"https:\/\/cozyanddozy.com\/fr\/produit\/le-stabilisateur-tipi-teepee-tent-stabilizer\/","url":"https:\/\/cozyanddozy.com\/fr\/produit\/le-stabilisateur-tipi-teepee-tent-stabilizer\/","name":"Le stabilisateur Tipi, Teepee tent stabilizer - Cozy & Dozy","isPartOf":{"@id":"https:\/\/cozyanddozy.com\/fr\/#website"},"primaryImageOfPage":{"@id":"https:\/\/cozyanddozy.com\/fr\/produit\/le-stabilisateur-tipi-teepee-tent-stabilizer\/#primaryimage"},"image":{"@id":"https:\/\/cozyanddozy.com\/fr\/produit\/le-stabilisateur-tipi-teepee-tent-stabilizer\/#primaryimage"},"thumbnailUrl":"https:\/\/cozyanddozy.com\/fr\/wp-content\/uploads\/2023\/02\/stabilizator-1.png","datePublished":"2021-11-09T11:22:53+00:00","dateModified":"2024-01-23T10:51:48+00:00","description":"Le stabilisateur garantit un jeu s\u00fbr et un bel aspect de la tente.","breadcrumb":{"@id":"https:\/\/cozyanddozy.com\/fr\/produit\/le-stabilisateur-tipi-teepee-tent-stabilizer\/#breadcrumb"},"inLanguage":"fr-FR","potentialAction":[{"@type":"ReadAction","target":["https:\/\/cozyanddozy.com\/fr\/produit\/le-stabilisateur-tipi-teepee-tent-stabilizer\/"]}]},{"@type":"ImageObject","inLanguage":"fr-FR","@id":"https:\/\/cozyanddozy.com\/fr\/produit\/le-stabilisateur-tipi-teepee-tent-stabilizer\/#primaryimage","url":"https:\/\/cozyanddozy.com\/fr\/wp-content\/uploads\/2023\/02\/stabilizator-1.png","contentUrl":"https:\/\/cozyanddozy.com\/fr\/wp-content\/uploads\/2023\/02\/stabilizator-1.png","width":1000,"height":998},{"@type":"BreadcrumbList","@id":"https:\/\/cozyanddozy.com\/fr\/produit\/le-stabilisateur-tipi-teepee-tent-stabilizer\/#breadcrumb","itemListElement":[{"@type":"ListItem","position":1,"name":"Home","item":"https:\/\/cozyanddozy.com\/fr\/"},{"@type":"ListItem","position":2,"name":"Boutique","item":"https:\/\/cozyanddozy.com\/fr\/boutique\/"},{"@type":"ListItem","position":3,"name":"Le stabilisateur Tipi, Teepee tent stabilizer"}]},{"@type":"WebSite","@id":"https:\/\/cozyanddozy.com\/fr\/#website","url":"https:\/\/cozyanddozy.com\/fr\/","name":"Cozy & Dozy","description":"","publisher":{"@id":"https:\/\/cozyanddozy.com\/fr\/#organization"},"alternateName":"Cozy and Dozy","potentialAction":[{"@type":"SearchAction","target":{"@type":"EntryPoint","urlTemplate":"https:\/\/cozyanddozy.com\/fr\/?s={search_term_string}"},"query-input":{"@type":"PropertyValueSpecification","valueRequired":true,"valueName":"search_term_string"}}],"inLanguage":"fr-FR"},{"@type":"Organization","@id":"https:\/\/cozyanddozy.com\/fr\/#organization","name":"Cozy & Dozy","url":"https:\/\/cozyanddozy.com\/fr\/","logo":{"@type":"ImageObject","inLanguage":"fr-FR","@id":"https:\/\/cozyanddozy.com\/fr\/#\/schema\/logo\/image\/","url":"https:\/\/cozyanddozy.com\/fr\/wp-content\/uploads\/2023\/02\/cozyanddozy_logo_b.png","contentUrl":"https:\/\/cozyanddozy.com\/fr\/wp-content\/uploads\/2023\/02\/cozyanddozy_logo_b.png","width":314,"height":85,"caption":"Cozy & Dozy"},"image":{"@id":"https:\/\/cozyanddozy.com\/fr\/#\/schema\/logo\/image\/"},"sameAs":["https:\/\/www.facebook.com\/cozyanddozyshop","https:\/\/www.instagram.com\/cozyanddozy\/"]}]},"product_price_amount":"17.10","product_price_currency":"EUR","og_availability":"instock","product_availability":"instock","product_retailer_item_id":"TIPI_STABI","product_condition":"new"},"_links":{"self":[{"href":"https:\/\/cozyanddozy.com\/fr\/wp-json\/wp\/v2\/product\/485","targetHints":{"allow":["GET"]}}],"collection":[{"href":"https:\/\/cozyanddozy.com\/fr\/wp-json\/wp\/v2\/product"}],"about":[{"href":"https:\/\/cozyanddozy.com\/fr\/wp-json\/wp\/v2\/types\/product"}],"replies":[{"embeddable":true,"href":"https:\/\/cozyanddozy.com\/fr\/wp-json\/wp\/v2\/comments?post=485"}],"wp:featuredmedia":[{"embeddable":true,"href":"https:\/\/cozyanddozy.com\/fr\/wp-json\/wp\/v2\/media\/486"}],"wp:attachment":[{"href":"https:\/\/cozyanddozy.com\/fr\/wp-json\/wp\/v2\/media?parent=485"}],"wp:term":[{"taxonomy":"product_brand","embeddable":true,"href":"https:\/\/cozyanddozy.com\/fr\/wp-json\/wp\/v2\/product_brand?post=485"},{"taxonomy":"product_cat","embeddable":true,"href":"https:\/\/cozyanddozy.com\/fr\/wp-json\/wp\/v2\/product_cat?post=485"},{"taxonomy":"product_tag","embeddable":true,"href":"https:\/\/cozyanddozy.com\/fr\/wp-json\/wp\/v2\/product_tag?post=485"}],"curies":[{"name":"wp","href":"https:\/\/api.w.org\/{rel}","templated":true}]}}